{"id":11332,"date":"2023-09-16T18:28:20","date_gmt":"2023-09-16T15:28:20","guid":{"rendered":"https:\/\/etkiinsaat.com.tr\/?page_id=11332"},"modified":"2023-09-16T18:29:50","modified_gmt":"2023-09-16T15:29:50","slug":"polan-750","status":"publish","type":"page","link":"https:\/\/etkiinsaat.com.tr\/?page_id=11332","title":{"rendered":"POLAN 750"},"content":{"rendered":"\t\t<div data-elementor-type=\"wp-page\" data-elementor-id=\"11332\" class=\"elementor elementor-11332\">\n\t\t\t\t\t\t<section class=\"elementor-section elementor-top-section elementor-element elementor-element-80101cb elementor-section-boxed elementor-section-height-default elementor-section-height-default\" data-id=\"80101cb\" data-element_type=\"section\" data-e-type=\"section\">\n\t\t\t\t\t\t<div class=\"elementor-container elementor-column-gap-default\">\n\t\t\t\t\t<div class=\"elementor-column elementor-col-33 elementor-top-column elementor-element elementor-element-78b7c35\" data-id=\"78b7c35\" data-element_type=\"column\" data-e-type=\"column\">\n\t\t\t<div class=\"elementor-widget-wrap elementor-element-populated\">\n\t\t\t\t\t\t<div class=\"elementor-element elementor-element-0dcc27e elementor-widget elementor-widget-heading\" data-id=\"0dcc27e\" data-element_type=\"widget\" data-e-type=\"widget\" data-widget_type=\"heading.default\">\n\t\t\t\t<div class=\"elementor-widget-container\">\n\t\t\t\t\t<h2 class=\"elementor-heading-title elementor-size-default\">POLAN 750\n<\/h2>\t\t\t\t<\/div>\n\t\t\t\t<\/div>\n\t\t\t\t<div class=\"elementor-element elementor-element-9c7c05d elementor-widget elementor-widget-image\" data-id=\"9c7c05d\" data-element_type=\"widget\" data-e-type=\"widget\" data-widget_type=\"image.default\">\n\t\t\t\t<div class=\"elementor-widget-container\">\n\t\t\t\t\t\t\t\t\t\t\t\t\t\t\t<img decoding=\"async\" src=\"https:\/\/etkiinsaat.com.tr\/wp-content\/uploads\/2023\/09\/polan-750.jpg\" title=\"polan-750\" alt=\"polan-750\" loading=\"lazy\" \/>\t\t\t\t\t\t\t\t\t\t\t\t\t\t\t<\/div>\n\t\t\t\t<\/div>\n\t\t\t\t<div class=\"elementor-element elementor-element-9dcd841 elementor-widget elementor-widget-text-editor\" data-id=\"9dcd841\" data-element_type=\"widget\" data-e-type=\"widget\" data-widget_type=\"text-editor.default\">\n\t\t\t\t<div class=\"elementor-widget-container\">\n\t\t\t\t\t\t\t\t\t<p><strong>\u00dcR\u00dcN KODLARI<br \/><\/strong><\/p><ul><li><p>A Bile\u015feni 225 kg: 68240<\/p><\/li><li><p>B Bile\u015feni 200 kg: 68245<\/p><p><strong>\u00c7\u015eB Malzeme Poz No:\u00a0<\/strong>10.300.2178<\/p><\/li><\/ul>\t\t\t\t\t\t\t\t<\/div>\n\t\t\t\t<\/div>\n\t\t\t\t\t<\/div>\n\t\t<\/div>\n\t\t\t\t<div class=\"elementor-column elementor-col-66 elementor-top-column elementor-element elementor-element-f1d4c9e\" data-id=\"f1d4c9e\" data-element_type=\"column\" data-e-type=\"column\">\n\t\t\t<div class=\"elementor-widget-wrap elementor-element-populated\">\n\t\t\t\t\t\t<div class=\"elementor-element elementor-element-0c1876c elementor-widget elementor-widget-text-editor\" data-id=\"0c1876c\" data-element_type=\"widget\" data-e-type=\"widget\" data-widget_type=\"text-editor.default\">\n\t\t\t\t<div class=\"elementor-widget-container\">\n\t\t\t\t\t\t\t\t\t<p class=\"MsoNormal\" style=\"margin-right: 0px; margin-bottom: 10px; margin-left: 0px; line-height: 24px; color: #444444; font-family: 'Open Sans', sans-serif; font-size: 14px;\"><span style=\"font-weight: 600;\">T<\/span><span style=\"font-weight: 600; text-align: var(--bs-body-text-align);\">Tan\u0131m\u0131:\u00a0\u00a0<\/span><\/p><p style=\"margin-right: 0px; margin-bottom: 10px; margin-left: 0px; line-height: 24px; color: #444444; font-family: 'Open Sans', sans-serif; font-size: 14px;\">Hibrid poli\u00fcrea esasl\u0131, \u00e7ift bile\u015fenli, esnek, \u00e7atlak ve \u00f6rtme \u00f6zelli\u011fi olan, y\u00fcksek reaktiviteye sahip, sprey su yal\u0131t\u0131m malzemesidir.<\/p><p style=\"margin-right: 0px; margin-bottom: 10px; margin-left: 0px; line-height: 24px; color: #444444; font-family: 'Open Sans', sans-serif; font-size: 14px;\"><span style=\"font-weight: 600;\">Kullan\u0131m Alanlar\u0131: \u00a0<\/span><\/p><ul style=\"margin-right: 0px; margin-bottom: 15px; margin-left: 0px; list-style-position: initial; list-style-image: initial; padding: 0px 0px 0px 20px; line-height: 24px; color: #444444; font-family: 'Open Sans', sans-serif; font-size: 14px;\"><li>\u0130\u00e7 ve d\u0131\u015f mek\u00e2nlarda,<\/li><li>Ev, konut, AVM ve i\u015f merkezlerinde,\u00a0<\/li><li>Teras, balkon ve \u00e7at\u0131larda, kaplama malzemesi olarak,<\/li><li>Hafif yaya yolu trafi\u011fine uygun zeminlerin su yal\u0131t\u0131m\u0131nda ve kaplanmas\u0131nda,<\/li><li>Kanallarda, t\u00fcnellerde, boru hatlar\u0131nda, su depolar\u0131nda, i\u00e7me suyu depolar\u0131n\u0131n yal\u0131t\u0131m\u0131nda<\/li><li>Metal end\u00fcstrisinde k\u00fc\u00e7\u00fck ve orta \u00f6l\u00e7ekli par\u00e7alar\u0131n kaplanarak a\u015f\u0131nma ve korozyonun engellenmesinde,<\/li><li>Ticari ara\u00e7larda y\u00fck ta\u015f\u0131nan y\u00fczeylerin kaplanmas\u0131nda,<\/li><li>S\u00fcs havuzu, y\u00fczme havuzu gibi havuzlar\u0131n su yal\u0131t\u0131m\u0131nda kullan\u0131l\u0131r.\u00a0<\/li><\/ul><div style=\"color: #444444; font-family: 'Open Sans', sans-serif; font-size: 14px;\"><div>\u00a0<\/div><\/div><div><div><span style=\"color: #444444; font-family: 'Open Sans', sans-serif;\"><span style=\"font-size: 14px;\"><span style=\"font-weight: bold;\">Teknik D\u00f6k\u00fcmanlar:<\/span><\/span><\/span><\/div><div>\u00a0<\/div><p><a href=\"https:\/\/fixa.com.tr\/upload\/2022\/08\/52-polan-750-hibrid-poliurea-su-yalitim-malzemesi.pdf\">\u00a0 \u00a0 \u00a0<img decoding=\"async\" class=\"alignnone wp-image-10426\" src=\"http:\/\/etkiinsaat.com.tr\/wp-content\/uploads\/2023\/09\/pdf-300x300.png\" alt=\"\" width=\"31\" height=\"31\" srcset=\"https:\/\/etkiinsaat.com.tr\/wp-content\/uploads\/2023\/09\/pdf-300x300.png 300w, https:\/\/etkiinsaat.com.tr\/wp-content\/uploads\/2023\/09\/pdf-150x150.png 150w, https:\/\/etkiinsaat.com.tr\/wp-content\/uploads\/2023\/09\/pdf-201x201.png 201w, https:\/\/etkiinsaat.com.tr\/wp-content\/uploads\/2023\/09\/pdf-402x402.png 402w, https:\/\/etkiinsaat.com.tr\/wp-content\/uploads\/2023\/09\/pdf-350x350.png 350w, https:\/\/etkiinsaat.com.tr\/wp-content\/uploads\/2023\/09\/pdf-450x450.png 450w, https:\/\/etkiinsaat.com.tr\/wp-content\/uploads\/2023\/09\/pdf-285x285.png 285w, https:\/\/etkiinsaat.com.tr\/wp-content\/uploads\/2023\/09\/pdf-100x100.png 100w, https:\/\/etkiinsaat.com.tr\/wp-content\/uploads\/2023\/09\/pdf.png 512w\" sizes=\"(max-width: 31px) 100vw, 31px\" \/><span style=\"font-weight: bolder;\">\u00dcr\u00fcn Tan\u0131t\u0131m Dok\u00fcman\u0131<\/span><\/a><\/p><p><a href=\"https:\/\/fixa.com.tr\/upload\/2022\/10\/polan-750-hibrid-poliurea-su-yalitim-malzemesi.pdf\"><span style=\"font-weight: bolder;\">\u00a0 \u00a0 \u00a0<img decoding=\"async\" class=\"alignnone wp-image-10426\" src=\"http:\/\/etkiinsaat.com.tr\/wp-content\/uploads\/2023\/09\/pdf-300x300.png\" alt=\"\" width=\"31\" height=\"31\" srcset=\"https:\/\/etkiinsaat.com.tr\/wp-content\/uploads\/2023\/09\/pdf-300x300.png 300w, https:\/\/etkiinsaat.com.tr\/wp-content\/uploads\/2023\/09\/pdf-150x150.png 150w, https:\/\/etkiinsaat.com.tr\/wp-content\/uploads\/2023\/09\/pdf-201x201.png 201w, https:\/\/etkiinsaat.com.tr\/wp-content\/uploads\/2023\/09\/pdf-402x402.png 402w, https:\/\/etkiinsaat.com.tr\/wp-content\/uploads\/2023\/09\/pdf-350x350.png 350w, https:\/\/etkiinsaat.com.tr\/wp-content\/uploads\/2023\/09\/pdf-450x450.png 450w, https:\/\/etkiinsaat.com.tr\/wp-content\/uploads\/2023\/09\/pdf-285x285.png 285w, https:\/\/etkiinsaat.com.tr\/wp-content\/uploads\/2023\/09\/pdf-100x100.png 100w, https:\/\/etkiinsaat.com.tr\/wp-content\/uploads\/2023\/09\/pdf.png 512w\" sizes=\"(max-width: 31px) 100vw, 31px\" \/>Teknik Bilgi F\u00f6y\u00fc (TBF)<\/span><\/a><\/p><\/div>\t\t\t\t\t\t\t\t<\/div>\n\t\t\t\t<\/div>\n\t\t\t\t\t<\/div>\n\t\t<\/div>\n\t\t\t\t\t<\/div>\n\t\t<\/section>\n\t\t\t\t<\/div>\n\t\t","protected":false},"excerpt":{"rendered":"<p>POLAN 750 \u00dcR\u00dcN KODLARI A Bile\u015feni 225 kg: 68240 B Bile\u015feni 200 kg: 68245 \u00c7\u015eB Malzeme Poz No:\u00a010.300.2178 TTan\u0131m\u0131:\u00a0\u00a0 Hibrid poli\u00fcrea esasl\u0131, \u00e7ift bile\u015fenli, esnek, \u00e7atlak ve \u00f6rtme \u00f6zelli\u011fi olan, y\u00fcksek reaktiviteye sahip, sprey su yal\u0131t\u0131m malzemesidir. Kullan\u0131m Alanlar\u0131: \u00a0 \u0130\u00e7 ve d\u0131\u015f mek\u00e2nlarda, Ev, konut, AVM ve i\u015f merkezlerinde,\u00a0 Teras, balkon ve \u00e7at\u0131larda, kaplama malzemesi olarak, Hafif yaya yolu trafi\u011fine uygun zeminlerin su yal\u0131t\u0131m\u0131nda ve kaplanmas\u0131nda, Kanallarda, t\u00fcnellerde, boru hatlar\u0131nda, su depolar\u0131nda, i\u00e7me suyu depolar\u0131n\u0131n yal\u0131t\u0131m\u0131nda Metal end\u00fcstrisinde k\u00fc\u00e7\u00fck ve orta \u00f6l\u00e7ekli par\u00e7alar\u0131n kaplanarak a\u015f\u0131nma ve korozyonun engellenmesinde, Ticari ara\u00e7larda y\u00fck ta\u015f\u0131nan y\u00fczeylerin kaplanmas\u0131nda, S\u00fcs havuzu, y\u00fczme havuzu gibi havuzlar\u0131n su yal\u0131t\u0131m\u0131nda kullan\u0131l\u0131r.\u00a0 \u00a0Teknik D\u00f6k\u00fcmanlar:\u00a0 \u00a0 \u00a0 \u00a0\u00dcr\u00fcn Tan\u0131t\u0131m Dok\u00fcman\u0131 \u00a0 \u00a0 \u00a0Teknik Bilgi F\u00f6y\u00fc (TBF)<\/p>\n","protected":false},"author":3,"featured_media":0,"parent":0,"menu_order":0,"comment_status":"closed","ping_status":"closed","template":"page-full.php","meta":{"_joinchat":[],"footnotes":""},"class_list":["post-11332","page","type-page","status-publish","hentry"],"_links":{"self":[{"href":"https:\/\/etkiinsaat.com.tr\/index.php?rest_route=\/wp\/v2\/pages\/11332","targetHints":{"allow":["GET"]}}],"collection":[{"href":"https:\/\/etkiinsaat.com.tr\/index.php?rest_route=\/wp\/v2\/pages"}],"about":[{"href":"https:\/\/etkiinsaat.com.tr\/index.php?rest_route=\/wp\/v2\/types\/page"}],"author":[{"embeddable":true,"href":"https:\/\/etkiinsaat.com.tr\/index.php?rest_route=\/wp\/v2\/users\/3"}],"replies":[{"embeddable":true,"href":"https:\/\/etkiinsaat.com.tr\/index.php?rest_route=%2Fwp%2Fv2%2Fcomments&post=11332"}],"version-history":[{"count":4,"href":"https:\/\/etkiinsaat.com.tr\/index.php?rest_route=\/wp\/v2\/pages\/11332\/revisions"}],"predecessor-version":[{"id":11341,"href":"https:\/\/etkiinsaat.com.tr\/index.php?rest_route=\/wp\/v2\/pages\/11332\/revisions\/11341"}],"wp:attachment":[{"href":"https:\/\/etkiinsaat.com.tr\/index.php?rest_route=%2Fwp%2Fv2%2Fmedia&parent=11332"}],"curies":[{"name":"wp","href":"https:\/\/api.w.org\/{rel}","templated":true}]}}