{"id":11600,"date":"2023-09-16T20:03:36","date_gmt":"2023-09-16T17:03:36","guid":{"rendered":"https:\/\/etkiinsaat.com.tr\/?page_id=11600"},"modified":"2023-09-16T20:07:32","modified_gmt":"2023-09-16T17:07:32","slug":"monoprimer","status":"publish","type":"page","link":"https:\/\/etkiinsaat.com.tr\/?page_id=11600","title":{"rendered":"MONOPR\u0130MER"},"content":{"rendered":"\t\t<div data-elementor-type=\"wp-page\" data-elementor-id=\"11600\" class=\"elementor elementor-11600\">\n\t\t\t\t\t\t<section class=\"elementor-section elementor-top-section elementor-element elementor-element-cb6c86d elementor-section-boxed elementor-section-height-default elementor-section-height-default\" data-id=\"cb6c86d\" data-element_type=\"section\" data-e-type=\"section\">\n\t\t\t\t\t\t<div class=\"elementor-container elementor-column-gap-default\">\n\t\t\t\t\t<div class=\"elementor-column elementor-col-33 elementor-top-column elementor-element elementor-element-22a835d\" data-id=\"22a835d\" data-element_type=\"column\" data-e-type=\"column\">\n\t\t\t<div class=\"elementor-widget-wrap elementor-element-populated\">\n\t\t\t\t\t\t<div class=\"elementor-element elementor-element-122227f elementor-widget elementor-widget-heading\" data-id=\"122227f\" data-element_type=\"widget\" data-e-type=\"widget\" data-widget_type=\"heading.default\">\n\t\t\t\t<div class=\"elementor-widget-container\">\n\t\t\t\t\t<h2 class=\"elementor-heading-title elementor-size-default\"><h1 style=\"margin-right: 0px;margin-bottom: 0px;margin-left: 0px;font-size: 30px;, sans-serif;font-weight: 600;line-height: 1.1\">MONOPR\u0130MER<\/h1><span style=\"font-size: 15px;, sans-serif\">Zemin Astar\u0131<\/span><\/h2>\t\t\t\t<\/div>\n\t\t\t\t<\/div>\n\t\t\t\t<div class=\"elementor-element elementor-element-011d8e6 elementor-widget elementor-widget-image\" data-id=\"011d8e6\" data-element_type=\"widget\" data-e-type=\"widget\" data-widget_type=\"image.default\">\n\t\t\t\t<div class=\"elementor-widget-container\">\n\t\t\t\t\t\t\t\t\t\t\t\t\t\t\t<img decoding=\"async\" src=\"https:\/\/etkiinsaat.com.tr\/wp-content\/uploads\/2023\/09\/33.jpg\" title=\"33\" alt=\"33\" loading=\"lazy\" \/>\t\t\t\t\t\t\t\t\t\t\t\t\t\t\t<\/div>\n\t\t\t\t<\/div>\n\t\t\t\t<div class=\"elementor-element elementor-element-96c8370 elementor-widget elementor-widget-text-editor\" data-id=\"96c8370\" data-element_type=\"widget\" data-e-type=\"widget\" data-widget_type=\"text-editor.default\">\n\t\t\t\t<div class=\"elementor-widget-container\">\n\t\t\t\t\t\t\t\t\t<p style=\"margin-right: 0px; margin-bottom: 10px; margin-left: 0px; color: #444444; font-family: 'Open Sans', sans-serif; font-size: 14px;\"><span style=\"font-weight: 600;\">\u00dcr\u00fcn Kodu:\u00a0<\/span>5 kg: 31205, 20 kg: 31220<\/p><p style=\"margin-right: 0px; margin-bottom: 10px; margin-left: 0px; color: #444444; font-family: 'Open Sans', sans-serif; font-size: 14px;\"><span style=\"font-weight: 600;\">\u00c7\u015eB Malzeme Poz No:\u00a0<\/span>10.300.2122<\/p>\t\t\t\t\t\t\t\t<\/div>\n\t\t\t\t<\/div>\n\t\t\t\t\t<\/div>\n\t\t<\/div>\n\t\t\t\t<div class=\"elementor-column elementor-col-66 elementor-top-column elementor-element elementor-element-c618cea\" data-id=\"c618cea\" data-element_type=\"column\" data-e-type=\"column\">\n\t\t\t<div class=\"elementor-widget-wrap elementor-element-populated\">\n\t\t\t\t\t\t<div class=\"elementor-element elementor-element-f312df4 elementor-widget elementor-widget-text-editor\" data-id=\"f312df4\" data-element_type=\"widget\" data-e-type=\"widget\" data-widget_type=\"text-editor.default\">\n\t\t\t\t<div class=\"elementor-widget-container\">\n\t\t\t\t\t\t\t\t\t<p style=\"margin-right: 0px; margin-bottom: 10px; margin-left: 0px; line-height: 24px; color: #444444; font-family: 'Open Sans', sans-serif; font-size: 14px;\"><span style=\"font-weight: 600;\">Tan\u0131m\u0131 ve Kullan\u0131m Alanlar\u0131:<\/span>\u00a0Tozumaya m\u00fcsait ve emici y\u00fczeyler i\u00e7in kullan\u0131ma haz\u0131r astar malzemesidir. Akrilik esasl\u0131d\u0131r. Emici y\u00fczeylere yap\u0131lacak olan \u00e7imento esasl\u0131 kaplamalardan \u00f6nce uygulanarak \u015fap\u0131n h\u0131zl\u0131 su kayb\u0131n\u0131 ve olu\u015fabilecek hava kabarc\u0131klar\u0131n\u0131 engeller. Tavan s\u0131valar\u0131 ya da tesviye \u015fap\u0131 gibi zemin malzemeleri \u00f6ncesinde aderans\u0131 artt\u0131rmak, tozumay\u0131 \u00f6nlemek i\u00e7in kullan\u0131l\u0131r. Seramik uygulamalar\u0131 \u00f6ncesi astarlama malzemesi olarak kullan\u0131l\u0131r. Yaya trafi\u011fine maruz kalacak beton y\u00fczeylerin tozumaya kar\u015f\u0131 aderans\u0131n\u0131 artt\u0131r\u0131r. \u0130\u00e7 ve d\u0131\u015f mekanlarda, yatay ve d\u00fc\u015fey uygulamalarda kullan\u0131ma uygundur.<\/p><p style=\"margin-right: 0px; margin-bottom: 10px; margin-left: 0px; line-height: 24px; color: #444444; font-family: 'Open Sans', sans-serif; font-size: 14px;\"><span style=\"font-weight: 600;\">\u00d6zellikleri<\/span>: Su bazl\u0131d\u0131r, kokusuzdur, i\u00e7 mekanlarda g\u00fcvenle kullan\u0131l\u0131r.<\/p><p style=\"margin-right: 0px; margin-bottom: 10px; margin-left: 0px; line-height: 24px; color: #444444; font-family: 'Open Sans', sans-serif; font-size: 14px;\">Neme kar\u015f\u0131 dayan\u0131m sa\u011flar. Yerden \u0131s\u0131tmal\u0131 sistemler i\u00e7in uygundur. Tavan ve d\u00fc\u015fey y\u00fczeylerde de kullan\u0131m\u0131 kolayd\u0131r.<\/p><div style=\"color: #444444; font-family: 'Open Sans', sans-serif; font-size: 14px;\"><div>\u00a0<\/div><\/div><div><div><span style=\"color: #444444; font-family: 'Open Sans', sans-serif;\"><span style=\"font-size: 14px;\"><span style=\"font-weight: bold;\">Teknik D\u00f6k\u00fcmanlar:<\/span><\/span><\/span><\/div><div>\u00a0<\/div><p><a href=\"https:\/\/fixa.com.tr\/upload\/2022\/12\/117-monoprimer-zemin-astari.pdf\">\u00a0 \u00a0 \u00a0<img decoding=\"async\" src=\"http:\/\/etkiinsaat.com.tr\/wp-content\/uploads\/2023\/09\/pdf-300x300.png\" alt=\"\" width=\"31\" height=\"31\" \/><span style=\"font-weight: bolder;\">\u00dcr\u00fcn Tan\u0131t\u0131m Dok\u00fcman\u0131<\/span><\/a><\/p><p><a href=\"https:\/\/fixa.com.tr\/upload\/2022\/12\/monoprimer-zemin-astari.pdf\"><span style=\"font-weight: bolder;\">\u00a0 \u00a0 \u00a0<img decoding=\"async\" src=\"http:\/\/etkiinsaat.com.tr\/wp-content\/uploads\/2023\/09\/pdf-300x300.png\" alt=\"\" width=\"31\" height=\"31\" \/>Teknik Bilgi F\u00f6y\u00fc (TBF)<\/span><\/a><\/p><p>\u00a0<\/p><\/div>\t\t\t\t\t\t\t\t<\/div>\n\t\t\t\t<\/div>\n\t\t\t\t\t<\/div>\n\t\t<\/div>\n\t\t\t\t\t<\/div>\n\t\t<\/section>\n\t\t\t\t<\/div>\n\t\t","protected":false},"excerpt":{"rendered":"<p>MONOPR\u0130MER Zemin Astar\u0131 \u00dcr\u00fcn Kodu:\u00a05 kg: 31205, 20 kg: 31220 \u00c7\u015eB Malzeme Poz No:\u00a010.300.2122 Tan\u0131m\u0131 ve Kullan\u0131m Alanlar\u0131:\u00a0Tozumaya m\u00fcsait ve emici y\u00fczeyler i\u00e7in kullan\u0131ma haz\u0131r astar malzemesidir. Akrilik esasl\u0131d\u0131r. Emici y\u00fczeylere yap\u0131lacak olan \u00e7imento esasl\u0131 kaplamalardan \u00f6nce uygulanarak \u015fap\u0131n h\u0131zl\u0131 su kayb\u0131n\u0131 ve olu\u015fabilecek hava kabarc\u0131klar\u0131n\u0131 engeller. Tavan s\u0131valar\u0131 ya da tesviye \u015fap\u0131 gibi zemin malzemeleri \u00f6ncesinde aderans\u0131 artt\u0131rmak, tozumay\u0131 \u00f6nlemek i\u00e7in kullan\u0131l\u0131r. Seramik uygulamalar\u0131 \u00f6ncesi astarlama malzemesi olarak kullan\u0131l\u0131r. Yaya trafi\u011fine maruz kalacak beton y\u00fczeylerin tozumaya kar\u015f\u0131 aderans\u0131n\u0131 artt\u0131r\u0131r. \u0130\u00e7 ve d\u0131\u015f mekanlarda, yatay ve d\u00fc\u015fey uygulamalarda kullan\u0131ma uygundur. \u00d6zellikleri: Su bazl\u0131d\u0131r, kokusuzdur, i\u00e7 mekanlarda g\u00fcvenle kullan\u0131l\u0131r. Neme kar\u015f\u0131 dayan\u0131m sa\u011flar. Yerden \u0131s\u0131tmal\u0131 sistemler i\u00e7in uygundur. Tavan ve d\u00fc\u015fey y\u00fczeylerde de kullan\u0131m\u0131 kolayd\u0131r. \u00a0Teknik D\u00f6k\u00fcmanlar:\u00a0 \u00a0 \u00a0 \u00a0\u00dcr\u00fcn Tan\u0131t\u0131m Dok\u00fcman\u0131 \u00a0 \u00a0 \u00a0Teknik Bilgi F\u00f6y\u00fc (TBF) \u00a0<\/p>\n","protected":false},"author":3,"featured_media":0,"parent":0,"menu_order":0,"comment_status":"closed","ping_status":"closed","template":"page-full.php","meta":{"_joinchat":[],"footnotes":""},"class_list":["post-11600","page","type-page","status-publish","hentry"],"_links":{"self":[{"href":"https:\/\/etkiinsaat.com.tr\/index.php?rest_route=\/wp\/v2\/pages\/11600","targetHints":{"allow":["GET"]}}],"collection":[{"href":"https:\/\/etkiinsaat.com.tr\/index.php?rest_route=\/wp\/v2\/pages"}],"about":[{"href":"https:\/\/etkiinsaat.com.tr\/index.php?rest_route=\/wp\/v2\/types\/page"}],"author":[{"embeddable":true,"href":"https:\/\/etkiinsaat.com.tr\/index.php?rest_route=\/wp\/v2\/users\/3"}],"replies":[{"embeddable":true,"href":"https:\/\/etkiinsaat.com.tr\/index.php?rest_route=%2Fwp%2Fv2%2Fcomments&post=11600"}],"version-history":[{"count":4,"href":"https:\/\/etkiinsaat.com.tr\/index.php?rest_route=\/wp\/v2\/pages\/11600\/revisions"}],"predecessor-version":[{"id":11605,"href":"https:\/\/etkiinsaat.com.tr\/index.php?rest_route=\/wp\/v2\/pages\/11600\/revisions\/11605"}],"wp:attachment":[{"href":"https:\/\/etkiinsaat.com.tr\/index.php?rest_route=%2Fwp%2Fv2%2Fmedia&parent=11600"}],"curies":[{"name":"wp","href":"https:\/\/api.w.org\/{rel}","templated":true}]}}