{"id":11637,"date":"2023-09-16T20:37:37","date_gmt":"2023-09-16T17:37:37","guid":{"rendered":"https:\/\/etkiinsaat.com.tr\/?page_id=11637"},"modified":"2023-09-16T20:42:39","modified_gmt":"2023-09-16T17:42:39","slug":"floorfix-rapid-10","status":"publish","type":"page","link":"https:\/\/etkiinsaat.com.tr\/?page_id=11637","title":{"rendered":"FLOORFIX Rapid 10"},"content":{"rendered":"\t\t<div data-elementor-type=\"wp-page\" data-elementor-id=\"11637\" class=\"elementor elementor-11637\">\n\t\t\t\t\t\t<section class=\"elementor-section elementor-top-section elementor-element elementor-element-b3c84f2 elementor-section-boxed elementor-section-height-default elementor-section-height-default\" data-id=\"b3c84f2\" data-element_type=\"section\" data-e-type=\"section\">\n\t\t\t\t\t\t<div class=\"elementor-container elementor-column-gap-default\">\n\t\t\t\t\t<div class=\"elementor-column elementor-col-33 elementor-top-column elementor-element elementor-element-773d5d1\" data-id=\"773d5d1\" data-element_type=\"column\" data-e-type=\"column\">\n\t\t\t<div class=\"elementor-widget-wrap elementor-element-populated\">\n\t\t\t\t\t\t<div class=\"elementor-element elementor-element-b4823ce elementor-widget elementor-widget-heading\" data-id=\"b4823ce\" data-element_type=\"widget\" data-e-type=\"widget\" data-widget_type=\"heading.default\">\n\t\t\t\t<div class=\"elementor-widget-container\">\n\t\t\t\t\t<h2 class=\"elementor-heading-title elementor-size-default\"><h1 style=\"margin-right: 0px;margin-bottom: 0px;margin-left: 0px;font-size: 30px;, sans-serif;font-weight: 600;line-height: 1.1\">FLOORFIX Rapid 10<span style=\"font-size: 15px;line-height: 20px\">Y\u00fcksek Performansl\u0131 Akrilik Esasl\u0131 PVC Zemin Kaplama Yap\u0131\u015ft\u0131r\u0131c\u0131s\u0131<\/span><\/h1><\/h2>\t\t\t\t<\/div>\n\t\t\t\t<\/div>\n\t\t\t\t<div class=\"elementor-element elementor-element-7f351d7 elementor-widget elementor-widget-image\" data-id=\"7f351d7\" data-element_type=\"widget\" data-e-type=\"widget\" data-widget_type=\"image.default\">\n\t\t\t\t<div class=\"elementor-widget-container\">\n\t\t\t\t\t\t\t\t\t\t\t\t\t\t\t<img decoding=\"async\" src=\"https:\/\/etkiinsaat.com.tr\/wp-content\/uploads\/2023\/09\/39.jpg\" title=\"39\" alt=\"39\" loading=\"lazy\" \/>\t\t\t\t\t\t\t\t\t\t\t\t\t\t\t<\/div>\n\t\t\t\t<\/div>\n\t\t\t\t<div class=\"elementor-element elementor-element-6318215 elementor-widget elementor-widget-text-editor\" data-id=\"6318215\" data-element_type=\"widget\" data-e-type=\"widget\" data-widget_type=\"text-editor.default\">\n\t\t\t\t<div class=\"elementor-widget-container\">\n\t\t\t\t\t\t\t\t\t<p style=\"margin-right: 0px; margin-bottom: 10px; margin-left: 0px; color: #444444; font-family: 'Open Sans', sans-serif; font-size: 14px;\"><span style=\"font-weight: 600;\">\u00dcr\u00fcn Kodu:\u00a0<\/span>20 kg: 41320<\/p><p style=\"margin-right: 0px; margin-bottom: 10px; margin-left: 0px; color: #444444; font-family: 'Open Sans', sans-serif; font-size: 14px;\"><span style=\"font-weight: 600;\">\u00c7\u015eB Malzeme Poz No:\u00a0<\/span>10.240.6058<\/p>\t\t\t\t\t\t\t\t<\/div>\n\t\t\t\t<\/div>\n\t\t\t\t\t<\/div>\n\t\t<\/div>\n\t\t\t\t<div class=\"elementor-column elementor-col-66 elementor-top-column elementor-element elementor-element-e13e07f\" data-id=\"e13e07f\" data-element_type=\"column\" data-e-type=\"column\">\n\t\t\t<div class=\"elementor-widget-wrap elementor-element-populated\">\n\t\t\t\t\t\t<div class=\"elementor-element elementor-element-556617a elementor-widget elementor-widget-text-editor\" data-id=\"556617a\" data-element_type=\"widget\" data-e-type=\"widget\" data-widget_type=\"text-editor.default\">\n\t\t\t\t<div class=\"elementor-widget-container\">\n\t\t\t\t\t\t\t\t\t<p class=\"MsoNormal\" style=\"margin-right: 0px; margin-bottom: 10px; margin-left: 0px; line-height: 24px; color: #444444; font-family: 'Open Sans', sans-serif; font-size: 14px;\"><span style=\"font-weight: 600;\">Tan\u0131m\u0131 ve Kullan\u0131m Alanlar\u0131:<\/span>\u00a0Akrilik esasl\u0131, solventsiz, tek bile\u015fenli, \u00f6zellikle PVC ve linolyum zemin kaplamalar\u0131n\u0131n, \u00f6nceden tesviye edilmi\u015f y\u00fczeylere yap\u0131\u015ft\u0131r\u0131lmas\u0131 ama\u00e7l\u0131 kullan\u0131lan, h\u0131zl\u0131 ve g\u00fc\u00e7l\u00fc yap\u0131\u015fma sa\u011flayan, genel maksatl\u0131 dispersiyon zemin kaplama yap\u0131\u015ft\u0131r\u0131c\u0131s\u0131d\u0131r.\u00a0\u0130\u00e7 mek\u00e2nlarda ve kuru ortamlarda, yatay zeminlerde, konutlarda, hastanelerde, e\u011fitim binalar\u0131nda, al\u0131\u015fveri\u015f merkezleri, ma\u011fazalar ve marketlerde, homojen ve heterojen PVC zemin kaplamalar\u0131n\u0131n, linolyum esasl\u0131 yer kaplamalar\u0131n\u0131n, kau\u00e7uk esasl\u0131 rulo kaplamalar\u0131n\u0131n, PVC, k\u00f6p\u00fck ve lateks tabanl\u0131 hal\u0131lar\u0131n, akustik vinil ve tekstil izolasyon \u015filtelerinin tesviye edilmi\u015f y\u00fczeylere yap\u0131\u015ft\u0131r\u0131lmas\u0131 i\u00e7in kullan\u0131l\u0131r.\u00a0<\/p><p class=\"MsoNormal\" style=\"margin-right: 0px; margin-bottom: 10px; margin-left: 0px; line-height: 24px; color: #444444; font-family: 'Open Sans', sans-serif; font-size: 14px;\"><span style=\"font-weight: 600;\">\u00d6zellikleri<\/span>: Solvent i\u00e7ermez. \u00a0Su bazl\u0131 oldu\u011fu i\u00e7in i\u00e7 mek\u00e2nda g\u00fcvenle kullan\u0131l\u0131r. \u00a0Kolay yay\u0131l\u0131r ve kolay uygulan\u0131r. H\u0131zl\u0131 kuruma sa\u011flar. K\u0131sa s\u00fcrede daha \u00e7ok metrajl\u0131 uygulama elde edilir. \u00a0\u00c7imento esasl\u0131 tesviye \u015faplar\u0131n\u0131n yan\u0131nda, al\u00e7\u0131 bazl\u0131 tesviye \u015faplar\u0131 \u00fczerine de uygulanabilir. \u00a0Zemine aderans\u0131 \u00e7ok y\u00fcksektir. Yap\u0131\u015fmas\u0131 zor kaplama tiplerinin yap\u0131\u015ft\u0131r\u0131lmas\u0131nda, art\u0131r\u0131lm\u0131\u015f yap\u0131\u015fma performans\u0131yla, k\u0131sa s\u00fcrede m\u00fckemmel yap\u0131\u015fma avantaj\u0131 sa\u011flar. Genel maksatl\u0131 yap\u0131\u015ft\u0131r\u0131c\u0131 olarak kullan\u0131labilir. Alttan \u0131s\u0131tmal\u0131 zeminler i\u00e7in uygundur. Tekerlekli e\u015fyalara dayan\u0131kl\u0131d\u0131r. Evsel temizleyici \u00fcr\u00fcnlere dayan\u0131kl\u0131d\u0131r.<\/p><div>\u00a0<\/div><div style=\"color: #444444; font-family: 'Open Sans', sans-serif; font-size: 14px;\"><div>\u00a0<\/div><\/div><div><div><span style=\"color: #444444; font-family: 'Open Sans', sans-serif;\"><span style=\"font-size: 14px;\"><span style=\"font-weight: bold;\">Teknik D\u00f6k\u00fcmanlar:<\/span><\/span><\/span><\/div><div>\u00a0<\/div><p><a href=\"https:\/\/fixa.com.tr\/upload\/2022\/12\/123-floorfix-rapid-10-yuksek-performansli-akrilik-esasli-pvc-zemin-kaplama-yapistiricisi.pdf\">\u00a0 \u00a0 \u00a0<img decoding=\"async\" class=\"alignnone wp-image-10426\" src=\"http:\/\/etkiinsaat.com.tr\/wp-content\/uploads\/2023\/09\/pdf-300x300.png\" alt=\"\" width=\"31\" height=\"31\" srcset=\"https:\/\/etkiinsaat.com.tr\/wp-content\/uploads\/2023\/09\/pdf-300x300.png 300w, https:\/\/etkiinsaat.com.tr\/wp-content\/uploads\/2023\/09\/pdf-150x150.png 150w, https:\/\/etkiinsaat.com.tr\/wp-content\/uploads\/2023\/09\/pdf-201x201.png 201w, https:\/\/etkiinsaat.com.tr\/wp-content\/uploads\/2023\/09\/pdf-402x402.png 402w, https:\/\/etkiinsaat.com.tr\/wp-content\/uploads\/2023\/09\/pdf-350x350.png 350w, https:\/\/etkiinsaat.com.tr\/wp-content\/uploads\/2023\/09\/pdf-450x450.png 450w, https:\/\/etkiinsaat.com.tr\/wp-content\/uploads\/2023\/09\/pdf-285x285.png 285w, https:\/\/etkiinsaat.com.tr\/wp-content\/uploads\/2023\/09\/pdf-100x100.png 100w, https:\/\/etkiinsaat.com.tr\/wp-content\/uploads\/2023\/09\/pdf.png 512w\" sizes=\"(max-width: 31px) 100vw, 31px\" \/><span style=\"font-weight: bolder;\">\u00dcr\u00fcn Tan\u0131t\u0131m Dok\u00fcman\u0131<\/span><\/a><\/p><p><a href=\"https:\/\/fixa.com.tr\/upload\/2022\/12\/floorfix-rapid10-yuksek-performansli-akrilik-esasli-pvc-zemin-kaplama-yapistiricisi.pdf\"><span style=\"font-weight: bolder;\">\u00a0 \u00a0 \u00a0<img decoding=\"async\" class=\"alignnone wp-image-10426\" src=\"http:\/\/etkiinsaat.com.tr\/wp-content\/uploads\/2023\/09\/pdf-300x300.png\" alt=\"\" width=\"31\" height=\"31\" srcset=\"https:\/\/etkiinsaat.com.tr\/wp-content\/uploads\/2023\/09\/pdf-300x300.png 300w, https:\/\/etkiinsaat.com.tr\/wp-content\/uploads\/2023\/09\/pdf-150x150.png 150w, https:\/\/etkiinsaat.com.tr\/wp-content\/uploads\/2023\/09\/pdf-201x201.png 201w, https:\/\/etkiinsaat.com.tr\/wp-content\/uploads\/2023\/09\/pdf-402x402.png 402w, https:\/\/etkiinsaat.com.tr\/wp-content\/uploads\/2023\/09\/pdf-350x350.png 350w, https:\/\/etkiinsaat.com.tr\/wp-content\/uploads\/2023\/09\/pdf-450x450.png 450w, https:\/\/etkiinsaat.com.tr\/wp-content\/uploads\/2023\/09\/pdf-285x285.png 285w, https:\/\/etkiinsaat.com.tr\/wp-content\/uploads\/2023\/09\/pdf-100x100.png 100w, https:\/\/etkiinsaat.com.tr\/wp-content\/uploads\/2023\/09\/pdf.png 512w\" sizes=\"(max-width: 31px) 100vw, 31px\" \/>Teknik Bilgi F\u00f6y\u00fc (TBF)<\/span><\/a><\/p><\/div>\t\t\t\t\t\t\t\t<\/div>\n\t\t\t\t<\/div>\n\t\t\t\t\t<\/div>\n\t\t<\/div>\n\t\t\t\t\t<\/div>\n\t\t<\/section>\n\t\t\t\t<\/div>\n\t\t","protected":false},"excerpt":{"rendered":"<p>FLOORFIX Rapid 10Y\u00fcksek Performansl\u0131 Akrilik Esasl\u0131 PVC Zemin Kaplama Yap\u0131\u015ft\u0131r\u0131c\u0131s\u0131 \u00dcr\u00fcn Kodu:\u00a020 kg: 41320 \u00c7\u015eB Malzeme Poz No:\u00a010.240.6058 Tan\u0131m\u0131 ve Kullan\u0131m Alanlar\u0131:\u00a0Akrilik esasl\u0131, solventsiz, tek bile\u015fenli, \u00f6zellikle PVC ve linolyum zemin kaplamalar\u0131n\u0131n, \u00f6nceden tesviye edilmi\u015f y\u00fczeylere yap\u0131\u015ft\u0131r\u0131lmas\u0131 ama\u00e7l\u0131 kullan\u0131lan, h\u0131zl\u0131 ve g\u00fc\u00e7l\u00fc yap\u0131\u015fma sa\u011flayan, genel maksatl\u0131 dispersiyon zemin kaplama yap\u0131\u015ft\u0131r\u0131c\u0131s\u0131d\u0131r.\u00a0\u0130\u00e7 mek\u00e2nlarda ve kuru ortamlarda, yatay zeminlerde, konutlarda, hastanelerde, e\u011fitim binalar\u0131nda, al\u0131\u015fveri\u015f merkezleri, ma\u011fazalar ve marketlerde, homojen ve heterojen PVC zemin kaplamalar\u0131n\u0131n, linolyum esasl\u0131 yer kaplamalar\u0131n\u0131n, kau\u00e7uk esasl\u0131 rulo kaplamalar\u0131n\u0131n, PVC, k\u00f6p\u00fck ve lateks tabanl\u0131 hal\u0131lar\u0131n, akustik vinil ve tekstil izolasyon \u015filtelerinin tesviye edilmi\u015f y\u00fczeylere yap\u0131\u015ft\u0131r\u0131lmas\u0131 i\u00e7in kullan\u0131l\u0131r.\u00a0 \u00d6zellikleri: Solvent i\u00e7ermez. \u00a0Su bazl\u0131 oldu\u011fu i\u00e7in i\u00e7 mek\u00e2nda g\u00fcvenle kullan\u0131l\u0131r. \u00a0Kolay yay\u0131l\u0131r ve kolay uygulan\u0131r. H\u0131zl\u0131 kuruma sa\u011flar. K\u0131sa s\u00fcrede daha \u00e7ok metrajl\u0131 uygulama elde edilir. \u00a0\u00c7imento esasl\u0131 tesviye \u015faplar\u0131n\u0131n yan\u0131nda, al\u00e7\u0131 bazl\u0131 tesviye \u015faplar\u0131 \u00fczerine de uygulanabilir. \u00a0Zemine aderans\u0131 \u00e7ok y\u00fcksektir. Yap\u0131\u015fmas\u0131 zor kaplama tiplerinin yap\u0131\u015ft\u0131r\u0131lmas\u0131nda, art\u0131r\u0131lm\u0131\u015f yap\u0131\u015fma performans\u0131yla, k\u0131sa s\u00fcrede [&hellip;]<\/p>\n","protected":false},"author":3,"featured_media":0,"parent":0,"menu_order":0,"comment_status":"closed","ping_status":"closed","template":"page-full.php","meta":{"_joinchat":[],"footnotes":""},"class_list":["post-11637","page","type-page","status-publish","hentry"],"_links":{"self":[{"href":"https:\/\/etkiinsaat.com.tr\/index.php?rest_route=\/wp\/v2\/pages\/11637","targetHints":{"allow":["GET"]}}],"collection":[{"href":"https:\/\/etkiinsaat.com.tr\/index.php?rest_route=\/wp\/v2\/pages"}],"about":[{"href":"https:\/\/etkiinsaat.com.tr\/index.php?rest_route=\/wp\/v2\/types\/page"}],"author":[{"embeddable":true,"href":"https:\/\/etkiinsaat.com.tr\/index.php?rest_route=\/wp\/v2\/users\/3"}],"replies":[{"embeddable":true,"href":"https:\/\/etkiinsaat.com.tr\/index.php?rest_route=%2Fwp%2Fv2%2Fcomments&post=11637"}],"version-history":[{"count":4,"href":"https:\/\/etkiinsaat.com.tr\/index.php?rest_route=\/wp\/v2\/pages\/11637\/revisions"}],"predecessor-version":[{"id":11643,"href":"https:\/\/etkiinsaat.com.tr\/index.php?rest_route=\/wp\/v2\/pages\/11637\/revisions\/11643"}],"wp:attachment":[{"href":"https:\/\/etkiinsaat.com.tr\/index.php?rest_route=%2Fwp%2Fv2%2Fmedia&parent=11637"}],"curies":[{"name":"wp","href":"https:\/\/api.w.org\/{rel}","templated":true}]}}