{"id":11732,"date":"2023-09-16T21:37:33","date_gmt":"2023-09-16T18:37:33","guid":{"rendered":"https:\/\/etkiinsaat.com.tr\/?page_id=11732"},"modified":"2023-09-16T21:44:15","modified_gmt":"2023-09-16T18:44:15","slug":"repox-560wb","status":"publish","type":"page","link":"https:\/\/etkiinsaat.com.tr\/?page_id=11732","title":{"rendered":"REPOX 560WB"},"content":{"rendered":"\t\t<div data-elementor-type=\"wp-page\" data-elementor-id=\"11732\" class=\"elementor elementor-11732\">\n\t\t\t\t\t\t<section class=\"elementor-section elementor-top-section elementor-element elementor-element-d4f0866 elementor-section-boxed elementor-section-height-default elementor-section-height-default\" data-id=\"d4f0866\" data-element_type=\"section\" data-e-type=\"section\">\n\t\t\t\t\t\t<div class=\"elementor-container elementor-column-gap-default\">\n\t\t\t\t\t<div class=\"elementor-column elementor-col-33 elementor-top-column elementor-element elementor-element-ff5b85a\" data-id=\"ff5b85a\" data-element_type=\"column\" data-e-type=\"column\">\n\t\t\t<div class=\"elementor-widget-wrap elementor-element-populated\">\n\t\t\t\t\t\t<div class=\"elementor-element elementor-element-99ca2f6 elementor-widget elementor-widget-heading\" data-id=\"99ca2f6\" data-element_type=\"widget\" data-e-type=\"widget\" data-widget_type=\"heading.default\">\n\t\t\t\t<div class=\"elementor-widget-container\">\n\t\t\t\t\t<h2 class=\"elementor-heading-title elementor-size-default\"><h1 style=\"margin-right: 0px;margin-bottom: 0px;margin-left: 0px;font-size: 30px;, sans-serif;font-weight: 600;line-height: 1.1\">REPOX 560WB<\/h1><span style=\"font-size: 15px;, sans-serif\">Su Bazl\u0131 Epoksi Boya ve Kaplama<\/span><\/h2>\t\t\t\t<\/div>\n\t\t\t\t<\/div>\n\t\t\t\t<div class=\"elementor-element elementor-element-ddb7a77 elementor-widget elementor-widget-image\" data-id=\"ddb7a77\" data-element_type=\"widget\" data-e-type=\"widget\" data-widget_type=\"image.default\">\n\t\t\t\t<div class=\"elementor-widget-container\">\n\t\t\t\t\t\t\t\t\t\t\t\t\t\t\t<img decoding=\"async\" src=\"https:\/\/etkiinsaat.com.tr\/wp-content\/uploads\/2023\/09\/53.jpg\" title=\"53\" alt=\"53\" loading=\"lazy\" \/>\t\t\t\t\t\t\t\t\t\t\t\t\t\t\t<\/div>\n\t\t\t\t<\/div>\n\t\t\t\t<div class=\"elementor-element elementor-element-91801fa elementor-widget elementor-widget-text-editor\" data-id=\"91801fa\" data-element_type=\"widget\" data-e-type=\"widget\" data-widget_type=\"text-editor.default\">\n\t\t\t\t<div class=\"elementor-widget-container\">\n\t\t\t\t\t\t\t\t\t<p style=\"margin-right: 0px; margin-bottom: 10px; margin-left: 0px; color: rgb(68, 68, 68); font-family: &quot;Open Sans&quot;, sans-serif; font-size: 14px;\"><span style=\"font-weight: 600;\">\u00dcr\u00fcn Kodu:&nbsp;<\/span>91625<\/p><p style=\"margin-right: 0px; margin-bottom: 10px; margin-left: 0px; color: rgb(68, 68, 68); font-family: &quot;Open Sans&quot;, sans-serif; font-size: 14px;\"><span style=\"font-weight: 600;\">\u00c7\u015eB Malzeme Poz No:&nbsp;<\/span>10.300.1027<\/p>\t\t\t\t\t\t\t\t<\/div>\n\t\t\t\t<\/div>\n\t\t\t\t\t<\/div>\n\t\t<\/div>\n\t\t\t\t<div class=\"elementor-column elementor-col-66 elementor-top-column elementor-element elementor-element-34202ef\" data-id=\"34202ef\" data-element_type=\"column\" data-e-type=\"column\">\n\t\t\t<div class=\"elementor-widget-wrap elementor-element-populated\">\n\t\t\t\t\t\t<div class=\"elementor-element elementor-element-8511424 elementor-widget elementor-widget-text-editor\" data-id=\"8511424\" data-element_type=\"widget\" data-e-type=\"widget\" data-widget_type=\"text-editor.default\">\n\t\t\t\t<div class=\"elementor-widget-container\">\n\t\t\t\t\t\t\t\t\t<p class=\"MsoNormal\" style=\"margin-right: 0px; margin-bottom: 10px; margin-left: 0px; line-height: 24px; color: #444444; font-family: 'Open Sans', sans-serif; font-size: 14px;\"><span style=\"font-weight: 600;\">Tan\u0131m\u0131 ve Kullan\u0131m Alanlar\u0131:<\/span>\u00a0Kimyasal, nem, su ve mekanik direnci olan dayan\u0131kl\u0131 bir boya ve kaplama malzemesidir. Hastane ve laboratuvar gibi hijyenik ortamlarda, kullanma suyu depolar\u0131nda, g\u0131da end\u00fcstrilerinde, al\u0131\u015fveri\u015f merkezleri, terminaller ve okullarda, fabrikalar, depolar, t\u00fcnel ve kapal\u0131 otoparklarda kullan\u0131l\u0131r. D\u00fczg\u00fcn y\u00fczeyli duvarlarda boya olarak kullan\u0131labilir. \u0130\u00e7 mekanlarda kullan\u0131ma uygundur.<\/p><p class=\"MsoNormal\" style=\"margin-right: 0px; margin-bottom: 10px; margin-left: 0px; line-height: 24px; color: #444444; font-family: 'Open Sans', sans-serif; font-size: 14px;\"><span style=\"font-weight: 600;\">\u00d6zellikleri<\/span>: Epoksi re\u00e7ine esasl\u0131, iki bile\u015fenlidir. Solvent i\u00e7ermez, bile\u015fimi zararl\u0131 kimyasallar i\u00e7ermez. Su bazl\u0131d\u0131r, kokusuzdur. Nem ve suya kar\u015f\u0131 dayan\u0131kl\u0131d\u0131r. (Negatif y\u00f6nden s\u00fcrekli gelen neme kar\u015f\u0131 etkili de\u011fildir.)<\/p><p class=\"MsoNormal\" style=\"margin-right: 0px; margin-bottom: 10px; margin-left: 0px; line-height: 24px; color: #444444; font-family: 'Open Sans', sans-serif; font-size: 14px;\">Hijyeniktir, steril ko\u015fullara uygundur. Kolay temizlenir. Hafif ve orta y\u00fcklere kar\u015f\u0131 mekanik dayan\u0131m\u0131 y\u00fcksektir.<\/p><p style=\"margin-right: 0px; margin-bottom: 10px; margin-left: 0px; line-height: 24px; color: #444444; font-family: 'Open Sans', sans-serif; font-size: 14px;\">Kal\u0131c\u0131 yar\u0131 mat y\u00fczeyi vard\u0131r.<\/p><div style=\"color: #444444; font-family: 'Open Sans', sans-serif; font-size: 14px;\"><div>\u00a0<\/div><\/div><div><div><span style=\"color: #444444; font-family: 'Open Sans', sans-serif;\"><span style=\"font-size: 14px;\"><span style=\"font-weight: bold;\">Teknik D\u00f6k\u00fcmanlar:<\/span><\/span><\/span><\/div><div>\u00a0<\/div><p><a href=\"https:\/\/fixa.com.tr\/upload\/2022\/12\/137-repox-560wb-su-bazli-epoksi-boya-ve-kaplama.pdf\">\u00a0 \u00a0 \u00a0<img decoding=\"async\" class=\"alignnone wp-image-10426\" src=\"http:\/\/etkiinsaat.com.tr\/wp-content\/uploads\/2023\/09\/pdf-300x300.png\" alt=\"\" width=\"31\" height=\"31\" srcset=\"https:\/\/etkiinsaat.com.tr\/wp-content\/uploads\/2023\/09\/pdf-300x300.png 300w, https:\/\/etkiinsaat.com.tr\/wp-content\/uploads\/2023\/09\/pdf-150x150.png 150w, https:\/\/etkiinsaat.com.tr\/wp-content\/uploads\/2023\/09\/pdf-201x201.png 201w, https:\/\/etkiinsaat.com.tr\/wp-content\/uploads\/2023\/09\/pdf-402x402.png 402w, https:\/\/etkiinsaat.com.tr\/wp-content\/uploads\/2023\/09\/pdf-350x350.png 350w, https:\/\/etkiinsaat.com.tr\/wp-content\/uploads\/2023\/09\/pdf-450x450.png 450w, https:\/\/etkiinsaat.com.tr\/wp-content\/uploads\/2023\/09\/pdf-285x285.png 285w, https:\/\/etkiinsaat.com.tr\/wp-content\/uploads\/2023\/09\/pdf-100x100.png 100w, https:\/\/etkiinsaat.com.tr\/wp-content\/uploads\/2023\/09\/pdf.png 512w\" sizes=\"(max-width: 31px) 100vw, 31px\" \/><span style=\"font-weight: bolder;\">\u00dcr\u00fcn Tan\u0131t\u0131m Dok\u00fcman\u0131<\/span><\/a><\/p><p><a href=\"https:\/\/fixa.com.tr\/upload\/2022\/12\/repox-560wb-su-bazli-epoksi-boya-ve-kaplama.pdf\"><span style=\"font-weight: bolder;\">\u00a0 \u00a0 \u00a0<img decoding=\"async\" class=\"alignnone wp-image-10426\" src=\"http:\/\/etkiinsaat.com.tr\/wp-content\/uploads\/2023\/09\/pdf-300x300.png\" alt=\"\" width=\"31\" height=\"31\" srcset=\"https:\/\/etkiinsaat.com.tr\/wp-content\/uploads\/2023\/09\/pdf-300x300.png 300w, https:\/\/etkiinsaat.com.tr\/wp-content\/uploads\/2023\/09\/pdf-150x150.png 150w, https:\/\/etkiinsaat.com.tr\/wp-content\/uploads\/2023\/09\/pdf-201x201.png 201w, https:\/\/etkiinsaat.com.tr\/wp-content\/uploads\/2023\/09\/pdf-402x402.png 402w, https:\/\/etkiinsaat.com.tr\/wp-content\/uploads\/2023\/09\/pdf-350x350.png 350w, https:\/\/etkiinsaat.com.tr\/wp-content\/uploads\/2023\/09\/pdf-450x450.png 450w, https:\/\/etkiinsaat.com.tr\/wp-content\/uploads\/2023\/09\/pdf-285x285.png 285w, https:\/\/etkiinsaat.com.tr\/wp-content\/uploads\/2023\/09\/pdf-100x100.png 100w, https:\/\/etkiinsaat.com.tr\/wp-content\/uploads\/2023\/09\/pdf.png 512w\" sizes=\"(max-width: 31px) 100vw, 31px\" \/>Teknik Bilgi F\u00f6y\u00fc (TBF)<\/span><\/a><\/p><\/div>\t\t\t\t\t\t\t\t<\/div>\n\t\t\t\t<\/div>\n\t\t\t\t\t<\/div>\n\t\t<\/div>\n\t\t\t\t\t<\/div>\n\t\t<\/section>\n\t\t\t\t<\/div>\n\t\t","protected":false},"excerpt":{"rendered":"<p>REPOX 560WB Su Bazl\u0131 Epoksi Boya ve Kaplama \u00dcr\u00fcn Kodu:&nbsp;91625 \u00c7\u015eB Malzeme Poz No:&nbsp;10.300.1027 Tan\u0131m\u0131 ve Kullan\u0131m Alanlar\u0131:\u00a0Kimyasal, nem, su ve mekanik direnci olan dayan\u0131kl\u0131 bir boya ve kaplama malzemesidir. Hastane ve laboratuvar gibi hijyenik ortamlarda, kullanma suyu depolar\u0131nda, g\u0131da end\u00fcstrilerinde, al\u0131\u015fveri\u015f merkezleri, terminaller ve okullarda, fabrikalar, depolar, t\u00fcnel ve kapal\u0131 otoparklarda kullan\u0131l\u0131r. D\u00fczg\u00fcn y\u00fczeyli duvarlarda boya olarak kullan\u0131labilir. \u0130\u00e7 mekanlarda kullan\u0131ma uygundur. \u00d6zellikleri: Epoksi re\u00e7ine esasl\u0131, iki bile\u015fenlidir. Solvent i\u00e7ermez, bile\u015fimi zararl\u0131 kimyasallar i\u00e7ermez. Su bazl\u0131d\u0131r, kokusuzdur. Nem ve suya kar\u015f\u0131 dayan\u0131kl\u0131d\u0131r. (Negatif y\u00f6nden s\u00fcrekli gelen neme kar\u015f\u0131 etkili de\u011fildir.) Hijyeniktir, steril ko\u015fullara uygundur. Kolay temizlenir. Hafif ve orta y\u00fcklere kar\u015f\u0131 mekanik dayan\u0131m\u0131 y\u00fcksektir. Kal\u0131c\u0131 yar\u0131 mat y\u00fczeyi vard\u0131r. \u00a0Teknik D\u00f6k\u00fcmanlar:\u00a0 \u00a0 \u00a0 \u00a0\u00dcr\u00fcn Tan\u0131t\u0131m Dok\u00fcman\u0131 \u00a0 \u00a0 \u00a0Teknik Bilgi F\u00f6y\u00fc (TBF)<\/p>\n","protected":false},"author":3,"featured_media":0,"parent":0,"menu_order":0,"comment_status":"closed","ping_status":"closed","template":"page-full.php","meta":{"_joinchat":[],"footnotes":""},"class_list":["post-11732","page","type-page","status-publish","hentry"],"_links":{"self":[{"href":"https:\/\/etkiinsaat.com.tr\/index.php?rest_route=\/wp\/v2\/pages\/11732","targetHints":{"allow":["GET"]}}],"collection":[{"href":"https:\/\/etkiinsaat.com.tr\/index.php?rest_route=\/wp\/v2\/pages"}],"about":[{"href":"https:\/\/etkiinsaat.com.tr\/index.php?rest_route=\/wp\/v2\/types\/page"}],"author":[{"embeddable":true,"href":"https:\/\/etkiinsaat.com.tr\/index.php?rest_route=\/wp\/v2\/users\/3"}],"replies":[{"embeddable":true,"href":"https:\/\/etkiinsaat.com.tr\/index.php?rest_route=%2Fwp%2Fv2%2Fcomments&post=11732"}],"version-history":[{"count":4,"href":"https:\/\/etkiinsaat.com.tr\/index.php?rest_route=\/wp\/v2\/pages\/11732\/revisions"}],"predecessor-version":[{"id":11741,"href":"https:\/\/etkiinsaat.com.tr\/index.php?rest_route=\/wp\/v2\/pages\/11732\/revisions\/11741"}],"wp:attachment":[{"href":"https:\/\/etkiinsaat.com.tr\/index.php?rest_route=%2Fwp%2Fv2%2Fmedia&parent=11732"}],"curies":[{"name":"wp","href":"https:\/\/api.w.org\/{rel}","templated":true}]}}