{"id":11748,"date":"2023-09-16T21:46:04","date_gmt":"2023-09-16T18:46:04","guid":{"rendered":"https:\/\/etkiinsaat.com.tr\/?page_id=11748"},"modified":"2023-09-16T21:48:00","modified_gmt":"2023-09-16T18:48:00","slug":"polan-590","status":"publish","type":"page","link":"https:\/\/etkiinsaat.com.tr\/?page_id=11748","title":{"rendered":"POLAN 590"},"content":{"rendered":"\t\t<div data-elementor-type=\"wp-page\" data-elementor-id=\"11748\" class=\"elementor elementor-11748\">\n\t\t\t\t\t\t<section class=\"elementor-section elementor-top-section elementor-element elementor-element-c000104 elementor-section-boxed elementor-section-height-default elementor-section-height-default\" data-id=\"c000104\" data-element_type=\"section\" data-e-type=\"section\">\n\t\t\t\t\t\t<div class=\"elementor-container elementor-column-gap-default\">\n\t\t\t\t\t<div class=\"elementor-column elementor-col-33 elementor-top-column elementor-element elementor-element-a09ac63\" data-id=\"a09ac63\" data-element_type=\"column\" data-e-type=\"column\">\n\t\t\t<div class=\"elementor-widget-wrap elementor-element-populated\">\n\t\t\t\t\t\t<div class=\"elementor-element elementor-element-ac3e599 elementor-widget elementor-widget-heading\" data-id=\"ac3e599\" data-element_type=\"widget\" data-e-type=\"widget\" data-widget_type=\"heading.default\">\n\t\t\t\t<div class=\"elementor-widget-container\">\n\t\t\t\t\t<h2 class=\"elementor-heading-title elementor-size-default\"><h1 style=\"margin-right: 0px;margin-bottom: 0px;margin-left: 0px;font-size: 30px;, sans-serif;font-weight: 600;line-height: 1.1\">POLAN 590<span style=\"font-size: 15px;line-height: 20px\">Poli\u00fcretan Esnek Self-Levelling Kaplama<\/span><\/h1><\/h2>\t\t\t\t<\/div>\n\t\t\t\t<\/div>\n\t\t\t\t<div class=\"elementor-element elementor-element-431baa9 elementor-widget elementor-widget-image\" data-id=\"431baa9\" data-element_type=\"widget\" data-e-type=\"widget\" data-widget_type=\"image.default\">\n\t\t\t\t<div class=\"elementor-widget-container\">\n\t\t\t\t\t\t\t\t\t\t\t\t\t\t\t<img decoding=\"async\" src=\"https:\/\/etkiinsaat.com.tr\/wp-content\/uploads\/2023\/09\/54.jpg\" title=\"54\" alt=\"54\" loading=\"lazy\" \/>\t\t\t\t\t\t\t\t\t\t\t\t\t\t\t<\/div>\n\t\t\t\t<\/div>\n\t\t\t\t<div class=\"elementor-element elementor-element-e28b5c1 elementor-widget elementor-widget-text-editor\" data-id=\"e28b5c1\" data-element_type=\"widget\" data-e-type=\"widget\" data-widget_type=\"text-editor.default\">\n\t\t\t\t<div class=\"elementor-widget-container\">\n\t\t\t\t\t\t\t\t\t<p style=\"margin-right: 0px; margin-bottom: 10px; margin-left: 0px; color: #444444; font-family: 'Open Sans', sans-serif; font-size: 14px;\"><span style=\"font-weight: 600;\">\u00dcr\u00fcn Kodu:\u00a0<\/span>96025<\/p><p style=\"margin-right: 0px; margin-bottom: 10px; margin-left: 0px; color: #444444; font-family: 'Open Sans', sans-serif; font-size: 14px;\"><span style=\"font-weight: 600;\">\u00c7\u015eB Malzeme Poz No:\u00a0<\/span>10.300.2159<\/p>\t\t\t\t\t\t\t\t<\/div>\n\t\t\t\t<\/div>\n\t\t\t\t\t<\/div>\n\t\t<\/div>\n\t\t\t\t<div class=\"elementor-column elementor-col-66 elementor-top-column elementor-element elementor-element-2c023b1\" data-id=\"2c023b1\" data-element_type=\"column\" data-e-type=\"column\">\n\t\t\t<div class=\"elementor-widget-wrap elementor-element-populated\">\n\t\t\t\t\t\t<div class=\"elementor-element elementor-element-5f8f912 elementor-widget elementor-widget-text-editor\" data-id=\"5f8f912\" data-element_type=\"widget\" data-e-type=\"widget\" data-widget_type=\"text-editor.default\">\n\t\t\t\t<div class=\"elementor-widget-container\">\n\t\t\t\t\t\t\t\t\t<p class=\"MsoNormal\" style=\"margin-right: 0px; margin-bottom: 10px; margin-left: 0px; line-height: 24px; color: #444444; font-family: 'Open Sans', sans-serif; font-size: 14px;\"><span style=\"font-weight: 600;\">Tan\u0131m\u0131 ve Kullan\u0131m Alanlar\u0131:<\/span>\u00a0Y\u00fcksek mekanik dayan\u0131ma sahip, kendi kendine yay\u0131lma \u00f6zelli\u011fi olan (self-leveling) esnek zemin kaplama malzemesidir. Hastane ve laboratuvar gibi hijyenik ortamlarda, g\u0131da ve ila\u00e7 end\u00fcstrilerinde, al\u0131\u015fveri\u015f merkezleri, fabrikalar, at\u00f6lyeler, depolar, so\u011fuk hava depolar\u0131 gibi yo\u011fun ara\u00e7 ve yaya trafi\u011fine maruz kalan mekanlarda kullan\u0131l\u0131r. \u0130\u00e7 ve d\u0131\u015f mekanlarda, yatay y\u00fczeylerde kullan\u0131ma uygundur.<\/p><p class=\"MsoNormal\" style=\"margin-right: 0px; margin-bottom: 10px; margin-left: 0px; line-height: 24px; color: #444444; font-family: 'Open Sans', sans-serif; font-size: 14px;\"><span style=\"font-weight: 600;\">\u00d6zellikleri<\/span>: Poli\u00fcretan esasl\u0131, iki bile\u015fenlidir. Solvent i\u00e7ermez, kapal\u0131 mekanlarda g\u00fcvenle kullan\u0131labilir. Esnektir, y\u00fczeylerde \u00e7atlak \u00f6rtme \u00f6zelli\u011fine sahiptir. Rezonansa maruz kalan y\u00fczeylerde daha ba\u015far\u0131l\u0131d\u0131r.<\/p><p class=\"MsoNormal\" style=\"margin-right: 0px; margin-bottom: 10px; margin-left: 0px; line-height: 24px; color: #444444; font-family: 'Open Sans', sans-serif; font-size: 14px;\">Eksiz ve derzsiz y\u00fczey olu\u015fturur, ya\u015flanmaya diren\u00e7lidir. Tuzlu su, tuz \u00e7\u00f6zeltileri, bazlar, seyreltilmi\u015f zay\u0131f asitler, benzin ve mineral ya\u011flara kar\u015f\u0131 dayan\u0131kl\u0131d\u0131r. Mekanik ve a\u015f\u0131nma dayan\u0131m\u0131 y\u00fcksektir.<\/p><p style=\"margin-right: 0px; margin-bottom: 10px; margin-left: 0px; line-height: 24px; color: #444444; font-family: 'Open Sans', sans-serif; font-size: 14px;\">Hijyeniktir, steril ko\u015fullara uygundur, bak\u0131m gerektirmez. P\u00fcr\u00fczs\u00fcz y\u00fczeyi sayesinde kolay temizlenebilir.<\/p><div style=\"color: #444444; font-family: 'Open Sans', sans-serif; font-size: 14px;\"><div>\u00a0<\/div><\/div><div><div><span style=\"color: #444444; font-family: 'Open Sans', sans-serif;\"><span style=\"font-size: 14px;\"><span style=\"font-weight: bold;\">Teknik D\u00f6k\u00fcmanlar:<\/span><\/span><\/span><\/div><div>\u00a0<\/div><p><a href=\"https:\/\/fixa.com.tr\/upload\/2022\/12\/138-polan-590-poliuretan-esnek-self-levelling-kaplama.pdf\">\u00a0 \u00a0 \u00a0<img decoding=\"async\" class=\"alignnone wp-image-10426\" src=\"http:\/\/etkiinsaat.com.tr\/wp-content\/uploads\/2023\/09\/pdf-300x300.png\" alt=\"\" width=\"31\" height=\"31\" srcset=\"https:\/\/etkiinsaat.com.tr\/wp-content\/uploads\/2023\/09\/pdf-300x300.png 300w, https:\/\/etkiinsaat.com.tr\/wp-content\/uploads\/2023\/09\/pdf-150x150.png 150w, https:\/\/etkiinsaat.com.tr\/wp-content\/uploads\/2023\/09\/pdf-201x201.png 201w, https:\/\/etkiinsaat.com.tr\/wp-content\/uploads\/2023\/09\/pdf-402x402.png 402w, https:\/\/etkiinsaat.com.tr\/wp-content\/uploads\/2023\/09\/pdf-350x350.png 350w, https:\/\/etkiinsaat.com.tr\/wp-content\/uploads\/2023\/09\/pdf-450x450.png 450w, https:\/\/etkiinsaat.com.tr\/wp-content\/uploads\/2023\/09\/pdf-285x285.png 285w, https:\/\/etkiinsaat.com.tr\/wp-content\/uploads\/2023\/09\/pdf-100x100.png 100w, https:\/\/etkiinsaat.com.tr\/wp-content\/uploads\/2023\/09\/pdf.png 512w\" sizes=\"(max-width: 31px) 100vw, 31px\" \/><span style=\"font-weight: bolder;\">\u00dcr\u00fcn Tan\u0131t\u0131m Dok\u00fcman\u0131<\/span><\/a><\/p><p><a href=\"https:\/\/fixa.com.tr\/upload\/2022\/12\/polan-590-poliuretan-esnek-self-levelling-kaplama.pdf\"><span style=\"font-weight: bolder;\">\u00a0 \u00a0 \u00a0<img decoding=\"async\" class=\"alignnone wp-image-10426\" src=\"http:\/\/etkiinsaat.com.tr\/wp-content\/uploads\/2023\/09\/pdf-300x300.png\" alt=\"\" width=\"31\" height=\"31\" srcset=\"https:\/\/etkiinsaat.com.tr\/wp-content\/uploads\/2023\/09\/pdf-300x300.png 300w, https:\/\/etkiinsaat.com.tr\/wp-content\/uploads\/2023\/09\/pdf-150x150.png 150w, https:\/\/etkiinsaat.com.tr\/wp-content\/uploads\/2023\/09\/pdf-201x201.png 201w, https:\/\/etkiinsaat.com.tr\/wp-content\/uploads\/2023\/09\/pdf-402x402.png 402w, https:\/\/etkiinsaat.com.tr\/wp-content\/uploads\/2023\/09\/pdf-350x350.png 350w, https:\/\/etkiinsaat.com.tr\/wp-content\/uploads\/2023\/09\/pdf-450x450.png 450w, https:\/\/etkiinsaat.com.tr\/wp-content\/uploads\/2023\/09\/pdf-285x285.png 285w, https:\/\/etkiinsaat.com.tr\/wp-content\/uploads\/2023\/09\/pdf-100x100.png 100w, https:\/\/etkiinsaat.com.tr\/wp-content\/uploads\/2023\/09\/pdf.png 512w\" sizes=\"(max-width: 31px) 100vw, 31px\" \/>Teknik Bilgi F\u00f6y\u00fc (TBF)<\/span><\/a><\/p><\/div>\t\t\t\t\t\t\t\t<\/div>\n\t\t\t\t<\/div>\n\t\t\t\t\t<\/div>\n\t\t<\/div>\n\t\t\t\t\t<\/div>\n\t\t<\/section>\n\t\t\t\t<\/div>\n\t\t","protected":false},"excerpt":{"rendered":"<p>POLAN 590Poli\u00fcretan Esnek Self-Levelling Kaplama \u00dcr\u00fcn Kodu:\u00a096025 \u00c7\u015eB Malzeme Poz No:\u00a010.300.2159 Tan\u0131m\u0131 ve Kullan\u0131m Alanlar\u0131:\u00a0Y\u00fcksek mekanik dayan\u0131ma sahip, kendi kendine yay\u0131lma \u00f6zelli\u011fi olan (self-leveling) esnek zemin kaplama malzemesidir. Hastane ve laboratuvar gibi hijyenik ortamlarda, g\u0131da ve ila\u00e7 end\u00fcstrilerinde, al\u0131\u015fveri\u015f merkezleri, fabrikalar, at\u00f6lyeler, depolar, so\u011fuk hava depolar\u0131 gibi yo\u011fun ara\u00e7 ve yaya trafi\u011fine maruz kalan mekanlarda kullan\u0131l\u0131r. \u0130\u00e7 ve d\u0131\u015f mekanlarda, yatay y\u00fczeylerde kullan\u0131ma uygundur. \u00d6zellikleri: Poli\u00fcretan esasl\u0131, iki bile\u015fenlidir. Solvent i\u00e7ermez, kapal\u0131 mekanlarda g\u00fcvenle kullan\u0131labilir. Esnektir, y\u00fczeylerde \u00e7atlak \u00f6rtme \u00f6zelli\u011fine sahiptir. Rezonansa maruz kalan y\u00fczeylerde daha ba\u015far\u0131l\u0131d\u0131r. Eksiz ve derzsiz y\u00fczey olu\u015fturur, ya\u015flanmaya diren\u00e7lidir. Tuzlu su, tuz \u00e7\u00f6zeltileri, bazlar, seyreltilmi\u015f zay\u0131f asitler, benzin ve mineral ya\u011flara kar\u015f\u0131 dayan\u0131kl\u0131d\u0131r. Mekanik ve a\u015f\u0131nma dayan\u0131m\u0131 y\u00fcksektir. Hijyeniktir, steril ko\u015fullara uygundur, bak\u0131m gerektirmez. P\u00fcr\u00fczs\u00fcz y\u00fczeyi sayesinde kolay temizlenebilir. \u00a0Teknik D\u00f6k\u00fcmanlar:\u00a0 \u00a0 \u00a0 \u00a0\u00dcr\u00fcn Tan\u0131t\u0131m Dok\u00fcman\u0131 \u00a0 \u00a0 \u00a0Teknik Bilgi F\u00f6y\u00fc (TBF)<\/p>\n","protected":false},"author":3,"featured_media":0,"parent":0,"menu_order":0,"comment_status":"closed","ping_status":"closed","template":"page-full.php","meta":{"_joinchat":[],"footnotes":""},"class_list":["post-11748","page","type-page","status-publish","hentry"],"_links":{"self":[{"href":"https:\/\/etkiinsaat.com.tr\/index.php?rest_route=\/wp\/v2\/pages\/11748","targetHints":{"allow":["GET"]}}],"collection":[{"href":"https:\/\/etkiinsaat.com.tr\/index.php?rest_route=\/wp\/v2\/pages"}],"about":[{"href":"https:\/\/etkiinsaat.com.tr\/index.php?rest_route=\/wp\/v2\/types\/page"}],"author":[{"embeddable":true,"href":"https:\/\/etkiinsaat.com.tr\/index.php?rest_route=\/wp\/v2\/users\/3"}],"replies":[{"embeddable":true,"href":"https:\/\/etkiinsaat.com.tr\/index.php?rest_route=%2Fwp%2Fv2%2Fcomments&post=11748"}],"version-history":[{"count":4,"href":"https:\/\/etkiinsaat.com.tr\/index.php?rest_route=\/wp\/v2\/pages\/11748\/revisions"}],"predecessor-version":[{"id":11756,"href":"https:\/\/etkiinsaat.com.tr\/index.php?rest_route=\/wp\/v2\/pages\/11748\/revisions\/11756"}],"wp:attachment":[{"href":"https:\/\/etkiinsaat.com.tr\/index.php?rest_route=%2Fwp%2Fv2%2Fmedia&parent=11748"}],"curies":[{"name":"wp","href":"https:\/\/api.w.org\/{rel}","templated":true}]}}