{"id":11762,"date":"2023-09-16T21:48:50","date_gmt":"2023-09-16T18:48:50","guid":{"rendered":"https:\/\/etkiinsaat.com.tr\/?page_id=11762"},"modified":"2023-09-16T21:50:44","modified_gmt":"2023-09-16T18:50:44","slug":"polan-af","status":"publish","type":"page","link":"https:\/\/etkiinsaat.com.tr\/?page_id=11762","title":{"rendered":"POLAN AF"},"content":{"rendered":"\t\t<div data-elementor-type=\"wp-page\" data-elementor-id=\"11762\" class=\"elementor elementor-11762\">\n\t\t\t\t\t\t<section class=\"elementor-section elementor-top-section elementor-element elementor-element-593fc51 elementor-section-boxed elementor-section-height-default elementor-section-height-default\" data-id=\"593fc51\" data-element_type=\"section\" data-e-type=\"section\">\n\t\t\t\t\t\t<div class=\"elementor-container elementor-column-gap-default\">\n\t\t\t\t\t<div class=\"elementor-column elementor-col-33 elementor-top-column elementor-element elementor-element-1a85686\" data-id=\"1a85686\" data-element_type=\"column\" data-e-type=\"column\">\n\t\t\t<div class=\"elementor-widget-wrap elementor-element-populated\">\n\t\t\t\t\t\t<div class=\"elementor-element elementor-element-be593ff elementor-widget elementor-widget-heading\" data-id=\"be593ff\" data-element_type=\"widget\" data-e-type=\"widget\" data-widget_type=\"heading.default\">\n\t\t\t\t<div class=\"elementor-widget-container\">\n\t\t\t\t\t<h2 class=\"elementor-heading-title elementor-size-default\"><h1 style=\"margin-right: 0px;margin-bottom: 0px;margin-left: 0px;font-size: 30px;, sans-serif;font-weight: 600;line-height: 1.1\">POLAN AF<\/h1><span style=\"font-size: 15px;, sans-serif\">Poli\u00fcretan Akrilik Alifatik Son Kat Boya (UV Dayan\u0131ml\u0131)<\/span><\/h2>\t\t\t\t<\/div>\n\t\t\t\t<\/div>\n\t\t\t\t<div class=\"elementor-element elementor-element-7af735b elementor-widget elementor-widget-image\" data-id=\"7af735b\" data-element_type=\"widget\" data-e-type=\"widget\" data-widget_type=\"image.default\">\n\t\t\t\t<div class=\"elementor-widget-container\">\n\t\t\t\t\t\t\t\t\t\t\t\t\t\t\t<img decoding=\"async\" src=\"https:\/\/etkiinsaat.com.tr\/wp-content\/uploads\/2023\/09\/55.jpg\" title=\"55\" alt=\"55\" loading=\"lazy\" \/>\t\t\t\t\t\t\t\t\t\t\t\t\t\t\t<\/div>\n\t\t\t\t<\/div>\n\t\t\t\t<div class=\"elementor-element elementor-element-c3ad8e0 elementor-widget elementor-widget-text-editor\" data-id=\"c3ad8e0\" data-element_type=\"widget\" data-e-type=\"widget\" data-widget_type=\"text-editor.default\">\n\t\t\t\t<div class=\"elementor-widget-container\">\n\t\t\t\t\t\t\t\t\t<p><span style=\"font-weight: 600; color: #444444; font-family: 'Open Sans', sans-serif; font-size: 14px;\">\u00dcr\u00fcn Kodu:\u00a0<\/span><span style=\"color: #444444; font-family: 'Open Sans', sans-serif; font-size: 14px;\">96120<\/span><\/p>\t\t\t\t\t\t\t\t<\/div>\n\t\t\t\t<\/div>\n\t\t\t\t\t<\/div>\n\t\t<\/div>\n\t\t\t\t<div class=\"elementor-column elementor-col-66 elementor-top-column elementor-element elementor-element-0404cb7\" data-id=\"0404cb7\" data-element_type=\"column\" data-e-type=\"column\">\n\t\t\t<div class=\"elementor-widget-wrap elementor-element-populated\">\n\t\t\t\t\t\t<div class=\"elementor-element elementor-element-2f1dddd elementor-widget elementor-widget-text-editor\" data-id=\"2f1dddd\" data-element_type=\"widget\" data-e-type=\"widget\" data-widget_type=\"text-editor.default\">\n\t\t\t\t<div class=\"elementor-widget-container\">\n\t\t\t\t\t\t\t\t\t<p class=\"MsoNormal\" style=\"margin-right: 0px; margin-bottom: 10px; margin-left: 0px; line-height: 24px; color: #444444; font-family: 'Open Sans', sans-serif; font-size: 14px;\"><span style=\"font-weight: 600;\">Tan\u0131m\u0131 ve Kullan\u0131m Alanlar\u0131:<\/span>\u00a0\u00c7izilmeye dayan\u0131kl\u0131 ve mekanik dayan\u0131m\u0131 y\u00fcksek, renk stabilitesi olan, parlak bir son kat boyad\u0131r. Beton, \u00e7elik, ah\u015fap y\u00fczeylerde, epoksi ve poli\u00fcretan kaplamalar\u0131n \u00fczerine, tank, tanker ve beton mikseri gibi ara\u00e7lar\u0131n d\u0131\u015f y\u00fczeylerinde, y\u00fcksek UV dayan\u0131m\u0131, kal\u0131c\u0131 renk ve parlakl\u0131k istenen uygulamalar ve atmosferik \u015fartlara a\u00e7\u0131k son kat uygulamalarda kullan\u0131l\u0131r. \u0130\u00e7 ve d\u0131\u015f mekanlarda, yatay ve d\u00fc\u015fey uygulamalarda kullan\u0131ma uygundur.<\/p><p class=\"MsoNormal\" style=\"margin-right: 0px; margin-bottom: 10px; margin-left: 0px; line-height: 24px; color: #444444; font-family: 'Open Sans', sans-serif; font-size: 14px;\"><span style=\"font-weight: 600;\">\u00d6zellikleri<\/span>: Poli\u00fcretan\/akrilik-alifatik izosiyanat esasl\u0131, iki bile\u015fenlidir. Renk stabilitesi vard\u0131r. UV dayan\u0131ml\u0131d\u0131r. Sararma yapmaz. Parlak g\u00f6r\u00fcn\u00fcmdedir. Atmosfer \u015fartlar\u0131na dayan\u0131kl\u0131d\u0131r.<\/p><p class=\"MsoNormal\" style=\"margin-right: 0px; margin-bottom: 10px; margin-left: 0px; line-height: 24px; color: #444444; font-family: 'Open Sans', sans-serif; font-size: 14px;\">Esnektir, y\u00fczeylerde \u00e7atlak \u00f6rtme \u00f6zelli\u011fine sahiptir. Eksiz ve derzsiz y\u00fczey olu\u015fturur. Tuzlu su, tuz \u00e7\u00f6zeltileri, bazlar, seyreltilmi\u015f zay\u0131f asitler, benzin ve mineral ya\u011flara kar\u015f\u0131 dayan\u0131kl\u0131d\u0131r. \u00c7izilme dayan\u0131m\u0131 y\u00fcksektir, ya\u015flanmaya diren\u00e7lidir.<\/p><p style=\"margin-right: 0px; margin-bottom: 10px; margin-left: 0px; line-height: 24px; color: #444444; font-family: 'Open Sans', sans-serif; font-size: 14px;\">Havas\u0131z tabanca veya rulo ile kolayca uygulan\u0131r. P\u00fcr\u00fczs\u00fcz y\u00fczeyi sayesinde kolay temizlenebilir.<\/p><div style=\"color: #444444; font-family: 'Open Sans', sans-serif; font-size: 14px;\"><div>\u00a0<\/div><\/div><div><div><span style=\"color: #444444; font-family: 'Open Sans', sans-serif;\"><span style=\"font-size: 14px;\"><span style=\"font-weight: bold;\">Teknik D\u00f6k\u00fcmanlar:<\/span><\/span><\/span><\/div><div>\u00a0<\/div><p><a href=\"https:\/\/fixa.com.tr\/upload\/2022\/12\/139-polan-af-poliuretan-alifatik-son-kat-boya-uv-dayanimli.pdf\">\u00a0 \u00a0 \u00a0<img decoding=\"async\" class=\"alignnone wp-image-10426\" src=\"http:\/\/etkiinsaat.com.tr\/wp-content\/uploads\/2023\/09\/pdf-300x300.png\" alt=\"\" width=\"31\" height=\"31\" srcset=\"https:\/\/etkiinsaat.com.tr\/wp-content\/uploads\/2023\/09\/pdf-300x300.png 300w, https:\/\/etkiinsaat.com.tr\/wp-content\/uploads\/2023\/09\/pdf-150x150.png 150w, https:\/\/etkiinsaat.com.tr\/wp-content\/uploads\/2023\/09\/pdf-201x201.png 201w, https:\/\/etkiinsaat.com.tr\/wp-content\/uploads\/2023\/09\/pdf-402x402.png 402w, https:\/\/etkiinsaat.com.tr\/wp-content\/uploads\/2023\/09\/pdf-350x350.png 350w, https:\/\/etkiinsaat.com.tr\/wp-content\/uploads\/2023\/09\/pdf-450x450.png 450w, https:\/\/etkiinsaat.com.tr\/wp-content\/uploads\/2023\/09\/pdf-285x285.png 285w, https:\/\/etkiinsaat.com.tr\/wp-content\/uploads\/2023\/09\/pdf-100x100.png 100w, https:\/\/etkiinsaat.com.tr\/wp-content\/uploads\/2023\/09\/pdf.png 512w\" sizes=\"(max-width: 31px) 100vw, 31px\" \/><span style=\"font-weight: bolder;\">\u00dcr\u00fcn Tan\u0131t\u0131m Dok\u00fcman\u0131<\/span><\/a><\/p><p><a href=\"https:\/\/fixa.com.tr\/upload\/2022\/12\/polan-af-poliuretan-alifatik-son-kat-boya-uv-dayanimli.pdf\"><span style=\"font-weight: bolder;\">\u00a0 \u00a0 \u00a0<img decoding=\"async\" class=\"alignnone wp-image-10426\" src=\"http:\/\/etkiinsaat.com.tr\/wp-content\/uploads\/2023\/09\/pdf-300x300.png\" alt=\"\" width=\"31\" height=\"31\" srcset=\"https:\/\/etkiinsaat.com.tr\/wp-content\/uploads\/2023\/09\/pdf-300x300.png 300w, https:\/\/etkiinsaat.com.tr\/wp-content\/uploads\/2023\/09\/pdf-150x150.png 150w, https:\/\/etkiinsaat.com.tr\/wp-content\/uploads\/2023\/09\/pdf-201x201.png 201w, https:\/\/etkiinsaat.com.tr\/wp-content\/uploads\/2023\/09\/pdf-402x402.png 402w, https:\/\/etkiinsaat.com.tr\/wp-content\/uploads\/2023\/09\/pdf-350x350.png 350w, https:\/\/etkiinsaat.com.tr\/wp-content\/uploads\/2023\/09\/pdf-450x450.png 450w, https:\/\/etkiinsaat.com.tr\/wp-content\/uploads\/2023\/09\/pdf-285x285.png 285w, https:\/\/etkiinsaat.com.tr\/wp-content\/uploads\/2023\/09\/pdf-100x100.png 100w, https:\/\/etkiinsaat.com.tr\/wp-content\/uploads\/2023\/09\/pdf.png 512w\" sizes=\"(max-width: 31px) 100vw, 31px\" \/>Teknik Bilgi F\u00f6y\u00fc (TBF)<\/span><\/a><\/p><p>\u00a0<\/p><\/div>\t\t\t\t\t\t\t\t<\/div>\n\t\t\t\t<\/div>\n\t\t\t\t\t<\/div>\n\t\t<\/div>\n\t\t\t\t\t<\/div>\n\t\t<\/section>\n\t\t\t\t<\/div>\n\t\t","protected":false},"excerpt":{"rendered":"<p>POLAN AF Poli\u00fcretan Akrilik Alifatik Son Kat Boya (UV Dayan\u0131ml\u0131) \u00dcr\u00fcn Kodu:\u00a096120 Tan\u0131m\u0131 ve Kullan\u0131m Alanlar\u0131:\u00a0\u00c7izilmeye dayan\u0131kl\u0131 ve mekanik dayan\u0131m\u0131 y\u00fcksek, renk stabilitesi olan, parlak bir son kat boyad\u0131r. Beton, \u00e7elik, ah\u015fap y\u00fczeylerde, epoksi ve poli\u00fcretan kaplamalar\u0131n \u00fczerine, tank, tanker ve beton mikseri gibi ara\u00e7lar\u0131n d\u0131\u015f y\u00fczeylerinde, y\u00fcksek UV dayan\u0131m\u0131, kal\u0131c\u0131 renk ve parlakl\u0131k istenen uygulamalar ve atmosferik \u015fartlara a\u00e7\u0131k son kat uygulamalarda kullan\u0131l\u0131r. \u0130\u00e7 ve d\u0131\u015f mekanlarda, yatay ve d\u00fc\u015fey uygulamalarda kullan\u0131ma uygundur. \u00d6zellikleri: Poli\u00fcretan\/akrilik-alifatik izosiyanat esasl\u0131, iki bile\u015fenlidir. Renk stabilitesi vard\u0131r. UV dayan\u0131ml\u0131d\u0131r. Sararma yapmaz. Parlak g\u00f6r\u00fcn\u00fcmdedir. Atmosfer \u015fartlar\u0131na dayan\u0131kl\u0131d\u0131r. Esnektir, y\u00fczeylerde \u00e7atlak \u00f6rtme \u00f6zelli\u011fine sahiptir. Eksiz ve derzsiz y\u00fczey olu\u015fturur. Tuzlu su, tuz \u00e7\u00f6zeltileri, bazlar, seyreltilmi\u015f zay\u0131f asitler, benzin ve mineral ya\u011flara kar\u015f\u0131 dayan\u0131kl\u0131d\u0131r. \u00c7izilme dayan\u0131m\u0131 y\u00fcksektir, ya\u015flanmaya diren\u00e7lidir. Havas\u0131z tabanca veya rulo ile kolayca uygulan\u0131r. P\u00fcr\u00fczs\u00fcz y\u00fczeyi sayesinde kolay temizlenebilir. \u00a0Teknik D\u00f6k\u00fcmanlar:\u00a0 \u00a0 \u00a0 \u00a0\u00dcr\u00fcn Tan\u0131t\u0131m Dok\u00fcman\u0131 \u00a0 \u00a0 \u00a0Teknik Bilgi F\u00f6y\u00fc (TBF) \u00a0<\/p>\n","protected":false},"author":3,"featured_media":0,"parent":0,"menu_order":0,"comment_status":"closed","ping_status":"closed","template":"page-full.php","meta":{"_joinchat":[],"footnotes":""},"class_list":["post-11762","page","type-page","status-publish","hentry"],"_links":{"self":[{"href":"https:\/\/etkiinsaat.com.tr\/index.php?rest_route=\/wp\/v2\/pages\/11762","targetHints":{"allow":["GET"]}}],"collection":[{"href":"https:\/\/etkiinsaat.com.tr\/index.php?rest_route=\/wp\/v2\/pages"}],"about":[{"href":"https:\/\/etkiinsaat.com.tr\/index.php?rest_route=\/wp\/v2\/types\/page"}],"author":[{"embeddable":true,"href":"https:\/\/etkiinsaat.com.tr\/index.php?rest_route=\/wp\/v2\/users\/3"}],"replies":[{"embeddable":true,"href":"https:\/\/etkiinsaat.com.tr\/index.php?rest_route=%2Fwp%2Fv2%2Fcomments&post=11762"}],"version-history":[{"count":4,"href":"https:\/\/etkiinsaat.com.tr\/index.php?rest_route=\/wp\/v2\/pages\/11762\/revisions"}],"predecessor-version":[{"id":11778,"href":"https:\/\/etkiinsaat.com.tr\/index.php?rest_route=\/wp\/v2\/pages\/11762\/revisions\/11778"}],"wp:attachment":[{"href":"https:\/\/etkiinsaat.com.tr\/index.php?rest_route=%2Fwp%2Fv2%2Fmedia&parent=11762"}],"curies":[{"name":"wp","href":"https:\/\/api.w.org\/{rel}","templated":true}]}}