{"id":11882,"date":"2023-09-16T22:08:29","date_gmt":"2023-09-16T19:08:29","guid":{"rendered":"https:\/\/etkiinsaat.com.tr\/?page_id=11882"},"modified":"2023-09-16T22:10:34","modified_gmt":"2023-09-16T19:10:34","slug":"firstlevel","status":"publish","type":"page","link":"https:\/\/etkiinsaat.com.tr\/?page_id=11882","title":{"rendered":"FIRSTLEVEL"},"content":{"rendered":"\t\t<div data-elementor-type=\"wp-page\" data-elementor-id=\"11882\" class=\"elementor elementor-11882\">\n\t\t\t\t\t\t<section class=\"elementor-section elementor-top-section elementor-element elementor-element-de54371 elementor-section-boxed elementor-section-height-default elementor-section-height-default\" data-id=\"de54371\" data-element_type=\"section\" data-e-type=\"section\">\n\t\t\t\t\t\t<div class=\"elementor-container elementor-column-gap-default\">\n\t\t\t\t\t<div class=\"elementor-column elementor-col-33 elementor-top-column elementor-element elementor-element-6e459c5\" data-id=\"6e459c5\" data-element_type=\"column\" data-e-type=\"column\">\n\t\t\t<div class=\"elementor-widget-wrap elementor-element-populated\">\n\t\t\t\t\t\t<div class=\"elementor-element elementor-element-4235bfe elementor-widget elementor-widget-heading\" data-id=\"4235bfe\" data-element_type=\"widget\" data-e-type=\"widget\" data-widget_type=\"heading.default\">\n\t\t\t\t<div class=\"elementor-widget-container\">\n\t\t\t\t\t<h2 class=\"elementor-heading-title elementor-size-default\"><h1 style=\"margin-right: 0px;margin-bottom: 0px;margin-left: 0px;font-size: 30px;, sans-serif;font-weight: 600;line-height: 1.1\">FIRSTLEVEL<\/h1><span style=\"font-size: 15px;, sans-serif\">\u00c7ok Ama\u00e7l\u0131 Astar<\/span><\/h2>\t\t\t\t<\/div>\n\t\t\t\t<\/div>\n\t\t\t\t<div class=\"elementor-element elementor-element-c767b9d elementor-widget elementor-widget-image\" data-id=\"c767b9d\" data-element_type=\"widget\" data-e-type=\"widget\" data-widget_type=\"image.default\">\n\t\t\t\t<div class=\"elementor-widget-container\">\n\t\t\t\t\t\t\t\t\t\t\t\t\t\t\t<img decoding=\"async\" src=\"https:\/\/etkiinsaat.com.tr\/wp-content\/uploads\/2023\/09\/61.jpg\" title=\"61\" alt=\"61\" loading=\"lazy\" \/>\t\t\t\t\t\t\t\t\t\t\t\t\t\t\t<\/div>\n\t\t\t\t<\/div>\n\t\t\t\t<div class=\"elementor-element elementor-element-6600d9c elementor-widget elementor-widget-text-editor\" data-id=\"6600d9c\" data-element_type=\"widget\" data-e-type=\"widget\" data-widget_type=\"text-editor.default\">\n\t\t\t\t<div class=\"elementor-widget-container\">\n\t\t\t\t\t\t\t\t\t<p style=\"margin-right: 0px; margin-bottom: 10px; margin-left: 0px; color: #444444; font-family: 'Open Sans', sans-serif; font-size: 14px;\"><span style=\"font-weight: 600;\">\u00dcr\u00fcn Kodu:\u00a0<\/span>5 kg: 31005, 20 kg: 31020<\/p><p style=\"margin-right: 0px; margin-bottom: 10px; margin-left: 0px; color: #444444; font-family: 'Open Sans', sans-serif; font-size: 14px;\"><span style=\"font-weight: 600;\">\u00c7\u015eB Malzeme Poz No:\u00a0<\/span>10.300.1151<\/p>\t\t\t\t\t\t\t\t<\/div>\n\t\t\t\t<\/div>\n\t\t\t\t\t<\/div>\n\t\t<\/div>\n\t\t\t\t<div class=\"elementor-column elementor-col-66 elementor-top-column elementor-element elementor-element-a72a940\" data-id=\"a72a940\" data-element_type=\"column\" data-e-type=\"column\">\n\t\t\t<div class=\"elementor-widget-wrap elementor-element-populated\">\n\t\t\t\t\t\t<div class=\"elementor-element elementor-element-0bc71b9 elementor-widget elementor-widget-text-editor\" data-id=\"0bc71b9\" data-element_type=\"widget\" data-e-type=\"widget\" data-widget_type=\"text-editor.default\">\n\t\t\t\t<div class=\"elementor-widget-container\">\n\t\t\t\t\t\t\t\t\t<p class=\"MsoNormal\" style=\"margin-right: 0px; margin-bottom: 10px; margin-left: 0px; line-height: 24px; color: #444444; font-family: 'Open Sans', sans-serif; font-size: 14px;\"><span style=\"font-weight: 600;\">Tan\u0131m\u0131:<\/span>\u00a0Akrilik esasl\u0131, tek bile\u015fenli, emici y\u00fczeyler i\u00e7in kullan\u0131ma haz\u0131r astar malzemesidir.<\/p><p class=\"MsoNormal\" style=\"margin-right: 0px; margin-bottom: 10px; margin-left: 0px; line-height: 24px; color: #444444; font-family: 'Open Sans', sans-serif; font-size: 14px;\"><span style=\"font-weight: 600;\">Kullan\u0131m Alanlar\u0131:<\/span><\/p><p class=\"MsoNormal\" style=\"margin-right: 0px; margin-bottom: 10px; margin-left: 0px; line-height: 24px; color: #444444; font-family: 'Open Sans', sans-serif; font-size: 14px;\">\u00a0<\/p><ul style=\"margin-right: 0px; margin-bottom: 15px; margin-left: 0px; list-style-position: initial; list-style-image: initial; padding: 0px 0px 0px 20px; line-height: 24px; color: #444444; font-family: 'Open Sans', sans-serif; font-size: 14px;\"><li>\u0130\u00e7 ve d\u0131\u015f mek\u00e2nlarda,<\/li><li>Yatay ve d\u00fc\u015fey uygulamalarda,<\/li><li>Yap\u0131\u015ft\u0131r\u0131c\u0131, s\u0131va ve dekoratif s\u0131va uygulamas\u0131ndan \u00f6nce aderans artt\u0131rmak i\u00e7in,\u00a0<\/li><li>Al\u00e7\u0131-s\u0131va, al\u00e7\u0131-kartonplak, gazbeton, sunta, briket gibi su emici y\u00fczeylerin nemden korunmas\u0131nda,<\/li><li>Boya ve duvar ka\u011f\u0131d\u0131 uygulamalar\u0131ndan \u00f6nce astar olarak,<\/li><li>Eski y\u00fczeyler \u00fczerine yap\u0131lacak uygulamalardan \u00f6nce aderans artt\u0131rmak i\u00e7in kullan\u0131l\u0131r.<\/li><\/ul><div style=\"color: #444444; font-family: 'Open Sans', sans-serif; font-size: 14px;\">\u00a0<\/div><div><div><span style=\"color: #444444; font-family: 'Open Sans', sans-serif;\"><span style=\"font-size: 14px;\"><span style=\"font-weight: bold;\">Teknik D\u00f6k\u00fcmanlar:<\/span><\/span><\/span><\/div><div>\u00a0<\/div><p><a href=\"https:\/\/fixa.com.tr\/upload\/2022\/10\/146-firstlevel-cok-amacli-astar.pdf\">\u00a0 \u00a0 \u00a0<img decoding=\"async\" src=\"http:\/\/etkiinsaat.com.tr\/wp-content\/uploads\/2023\/09\/pdf-300x300.png\" alt=\"\" width=\"31\" height=\"31\" \/><span style=\"font-weight: bolder;\">\u00dcr\u00fcn Tan\u0131t\u0131m Dok\u00fcman\u0131<\/span><\/a><\/p><p><a href=\"https:\/\/fixa.com.tr\/upload\/2022\/10\/firstlevel-cok-amacli-astar.pdf\"><span style=\"font-weight: bolder;\">\u00a0 \u00a0 \u00a0<img decoding=\"async\" src=\"http:\/\/etkiinsaat.com.tr\/wp-content\/uploads\/2023\/09\/pdf-300x300.png\" alt=\"\" width=\"31\" height=\"31\" \/>Teknik Bilgi F\u00f6y\u00fc (TBF)<\/span><\/a><\/p><p><strong><a href=\"https:\/\/fixa.com.tr\/upload\/2022\/09\/polymera-ms-fluid-ms-polimer-esasli-akiskan-likit-membran_2.pdf\">\u00a0 \u00a0 \u00a0<img decoding=\"async\" src=\"http:\/\/etkiinsaat.com.tr\/wp-content\/uploads\/2023\/09\/pdf-300x300.png\" alt=\"\" width=\"31\" height=\"31\" \/><\/a><a href=\"https:\/\/fixa.com.tr\/upload\/2017\/12\/ce-belgesi-toplu.pdf\" target=\"_blank\" rel=\"noopener\">CE Belgesi<\/a><\/strong><\/p><\/div>\t\t\t\t\t\t\t\t<\/div>\n\t\t\t\t<\/div>\n\t\t\t\t\t<\/div>\n\t\t<\/div>\n\t\t\t\t\t<\/div>\n\t\t<\/section>\n\t\t\t\t<\/div>\n\t\t","protected":false},"excerpt":{"rendered":"<p>FIRSTLEVEL \u00c7ok Ama\u00e7l\u0131 Astar \u00dcr\u00fcn Kodu:\u00a05 kg: 31005, 20 kg: 31020 \u00c7\u015eB Malzeme Poz No:\u00a010.300.1151 Tan\u0131m\u0131:\u00a0Akrilik esasl\u0131, tek bile\u015fenli, emici y\u00fczeyler i\u00e7in kullan\u0131ma haz\u0131r astar malzemesidir. Kullan\u0131m Alanlar\u0131: \u00a0 \u0130\u00e7 ve d\u0131\u015f mek\u00e2nlarda, Yatay ve d\u00fc\u015fey uygulamalarda, Yap\u0131\u015ft\u0131r\u0131c\u0131, s\u0131va ve dekoratif s\u0131va uygulamas\u0131ndan \u00f6nce aderans artt\u0131rmak i\u00e7in,\u00a0 Al\u00e7\u0131-s\u0131va, al\u00e7\u0131-kartonplak, gazbeton, sunta, briket gibi su emici y\u00fczeylerin nemden korunmas\u0131nda, Boya ve duvar ka\u011f\u0131d\u0131 uygulamalar\u0131ndan \u00f6nce astar olarak, Eski y\u00fczeyler \u00fczerine yap\u0131lacak uygulamalardan \u00f6nce aderans artt\u0131rmak i\u00e7in kullan\u0131l\u0131r. \u00a0Teknik D\u00f6k\u00fcmanlar:\u00a0 \u00a0 \u00a0 \u00a0\u00dcr\u00fcn Tan\u0131t\u0131m Dok\u00fcman\u0131 \u00a0 \u00a0 \u00a0Teknik Bilgi F\u00f6y\u00fc (TBF) \u00a0 \u00a0 \u00a0CE Belgesi<\/p>\n","protected":false},"author":3,"featured_media":0,"parent":0,"menu_order":0,"comment_status":"closed","ping_status":"closed","template":"page-full.php","meta":{"_joinchat":[],"footnotes":""},"class_list":["post-11882","page","type-page","status-publish","hentry"],"_links":{"self":[{"href":"https:\/\/etkiinsaat.com.tr\/index.php?rest_route=\/wp\/v2\/pages\/11882","targetHints":{"allow":["GET"]}}],"collection":[{"href":"https:\/\/etkiinsaat.com.tr\/index.php?rest_route=\/wp\/v2\/pages"}],"about":[{"href":"https:\/\/etkiinsaat.com.tr\/index.php?rest_route=\/wp\/v2\/types\/page"}],"author":[{"embeddable":true,"href":"https:\/\/etkiinsaat.com.tr\/index.php?rest_route=\/wp\/v2\/users\/3"}],"replies":[{"embeddable":true,"href":"https:\/\/etkiinsaat.com.tr\/index.php?rest_route=%2Fwp%2Fv2%2Fcomments&post=11882"}],"version-history":[{"count":4,"href":"https:\/\/etkiinsaat.com.tr\/index.php?rest_route=\/wp\/v2\/pages\/11882\/revisions"}],"predecessor-version":[{"id":11887,"href":"https:\/\/etkiinsaat.com.tr\/index.php?rest_route=\/wp\/v2\/pages\/11882\/revisions\/11887"}],"wp:attachment":[{"href":"https:\/\/etkiinsaat.com.tr\/index.php?rest_route=%2Fwp%2Fv2%2Fmedia&parent=11882"}],"curies":[{"name":"wp","href":"https:\/\/api.w.org\/{rel}","templated":true}]}}