{"id":11888,"date":"2023-09-16T22:11:03","date_gmt":"2023-09-16T19:11:03","guid":{"rendered":"https:\/\/etkiinsaat.com.tr\/?page_id=11888"},"modified":"2023-09-16T22:13:14","modified_gmt":"2023-09-16T19:13:14","slug":"decoprimer","status":"publish","type":"page","link":"https:\/\/etkiinsaat.com.tr\/?page_id=11888","title":{"rendered":"DECOPRIMER"},"content":{"rendered":"\t\t<div data-elementor-type=\"wp-page\" data-elementor-id=\"11888\" class=\"elementor elementor-11888\">\n\t\t\t\t\t\t<section class=\"elementor-section elementor-top-section elementor-element elementor-element-db4944e elementor-section-boxed elementor-section-height-default elementor-section-height-default\" data-id=\"db4944e\" data-element_type=\"section\" data-e-type=\"section\">\n\t\t\t\t\t\t<div class=\"elementor-container elementor-column-gap-default\">\n\t\t\t\t\t<div class=\"elementor-column elementor-col-33 elementor-top-column elementor-element elementor-element-6fe9891\" data-id=\"6fe9891\" data-element_type=\"column\" data-e-type=\"column\">\n\t\t\t<div class=\"elementor-widget-wrap elementor-element-populated\">\n\t\t\t\t\t\t<div class=\"elementor-element elementor-element-447481e elementor-widget elementor-widget-heading\" data-id=\"447481e\" data-element_type=\"widget\" data-e-type=\"widget\" data-widget_type=\"heading.default\">\n\t\t\t\t<div class=\"elementor-widget-container\">\n\t\t\t\t\t<h2 class=\"elementor-heading-title elementor-size-default\"><h1 style=\"margin-right: 0px;margin-bottom: 0px;margin-left: 0px;font-size: 30px;, sans-serif;font-weight: 600;line-height: 1.1\">DECOPRIMER<\/h1><span style=\"font-size: 15px;, sans-serif\">Dekoratif S\u0131va Astar\u0131<\/span><\/h2>\t\t\t\t<\/div>\n\t\t\t\t<\/div>\n\t\t\t\t<div class=\"elementor-element elementor-element-f0cc6bb elementor-widget elementor-widget-image\" data-id=\"f0cc6bb\" data-element_type=\"widget\" data-e-type=\"widget\" data-widget_type=\"image.default\">\n\t\t\t\t<div class=\"elementor-widget-container\">\n\t\t\t\t\t\t\t\t\t\t\t\t\t\t\t<img decoding=\"async\" src=\"https:\/\/etkiinsaat.com.tr\/wp-content\/uploads\/2023\/09\/62.jpg\" title=\"62\" alt=\"62\" loading=\"lazy\" \/>\t\t\t\t\t\t\t\t\t\t\t\t\t\t\t<\/div>\n\t\t\t\t<\/div>\n\t\t\t\t<div class=\"elementor-element elementor-element-9d36d05 elementor-widget elementor-widget-text-editor\" data-id=\"9d36d05\" data-element_type=\"widget\" data-e-type=\"widget\" data-widget_type=\"text-editor.default\">\n\t\t\t\t<div class=\"elementor-widget-container\">\n\t\t\t\t\t\t\t\t\t<p style=\"margin-right: 0px; margin-bottom: 10px; margin-left: 0px; color: #444444; font-family: 'Open Sans', sans-serif; font-size: 14px;\"><span style=\"font-weight: 600;\">\u00dcr\u00fcn Kodu:\u00a0<\/span>31415<\/p><p style=\"margin-right: 0px; margin-bottom: 10px; margin-left: 0px; color: #444444; font-family: 'Open Sans', sans-serif; font-size: 14px;\"><span style=\"font-weight: 600;\">\u00c7\u015eB Malzeme Poz No:\u00a0<\/span>10.300.1151<\/p>\t\t\t\t\t\t\t\t<\/div>\n\t\t\t\t<\/div>\n\t\t\t\t\t<\/div>\n\t\t<\/div>\n\t\t\t\t<div class=\"elementor-column elementor-col-66 elementor-top-column elementor-element elementor-element-7dab0e2\" data-id=\"7dab0e2\" data-element_type=\"column\" data-e-type=\"column\">\n\t\t\t<div class=\"elementor-widget-wrap elementor-element-populated\">\n\t\t\t\t\t\t<div class=\"elementor-element elementor-element-ee61a41 elementor-widget elementor-widget-text-editor\" data-id=\"ee61a41\" data-element_type=\"widget\" data-e-type=\"widget\" data-widget_type=\"text-editor.default\">\n\t\t\t\t<div class=\"elementor-widget-container\">\n\t\t\t\t\t\t\t\t\t<p class=\"MsoNormal\" style=\"margin-right: 0px; margin-bottom: 10px; margin-left: 0px; line-height: 24px; color: #444444; font-family: 'Open Sans', sans-serif; font-size: 14px;\"><span style=\"font-weight: 600;\">Tan\u0131m\u0131:<\/span>\u00a0Akrilik dispersiyon esasl\u0131, su bazl\u0131, tek bile\u015fenli, beyaz renkte, y\u00fcksek yap\u0131\u015fma g\u00fcc\u00fcne sahip, t\u00fcm \u00e7imento esasl\u0131 i\u00e7 ve d\u0131\u015f cephe kaplama malzemelerinin alt\u0131na kullan\u0131labilen \u00f6rt\u00fcc\u00fc bir astar malzemesidir.<\/p><p class=\"MsoNormal\" style=\"margin-right: 0px; margin-bottom: 10px; margin-left: 0px; line-height: 24px; color: #444444; font-family: 'Open Sans', sans-serif; font-size: 14px;\"><span style=\"font-weight: 600;\">Kullan\u0131m Alanlar\u0131:<\/span><\/p><p class=\"MsoNormal\" style=\"margin-right: 0px; margin-bottom: 10px; margin-left: 0px; line-height: 24px; color: #444444; font-family: 'Open Sans', sans-serif; font-size: 14px;\">\u00a0<\/p><ul style=\"margin-right: 0px; margin-bottom: 15px; margin-left: 0px; list-style-position: initial; list-style-image: initial; padding: 0px 0px 0px 20px; line-height: 24px; color: #444444; font-family: 'Open Sans', sans-serif; font-size: 14px;\"><li>\u0130\u00e7 ve d\u0131\u015f mek\u00e2nlarda,<\/li><li>Yatay ve d\u00fc\u015fey uygulamalarda,<\/li><li>Is\u0131 yal\u0131t\u0131m levhas\u0131 s\u0131vama har\u00e7lar\u0131n\u0131n \u00fczerine dekoratif s\u0131va harc\u0131 uygulamas\u0131ndan \u00f6nce aderans artt\u0131rmak i\u00e7in,<\/li><li>Eski y\u00fczeyler \u00fczerine yap\u0131lacak uygulamalardan \u00f6nce astar olarak,<\/li><li>T\u00fcm \u00e7imento esasl\u0131 i\u00e7 ve d\u0131\u015f cephe kaplama malzemelerinin alt\u0131na uygulan\u0131r.\u00a0<\/li><li>\u00a0<\/li><\/ul><div style=\"color: #444444; font-family: 'Open Sans', sans-serif; font-size: 14px;\"><div>\u00a0<\/div><\/div><div><div><span style=\"color: #444444; font-family: 'Open Sans', sans-serif;\"><span style=\"font-size: 14px;\"><span style=\"font-weight: bold;\">Teknik D\u00f6k\u00fcmanlar:<\/span><\/span><\/span><\/div><div>\u00a0<\/div><p><a href=\"https:\/\/fixa.com.tr\/upload\/2022\/10\/147-decoprimer-dekoratif-siva-astari.pdf\">\u00a0 \u00a0 \u00a0<img decoding=\"async\" class=\"alignnone wp-image-10426\" src=\"http:\/\/etkiinsaat.com.tr\/wp-content\/uploads\/2023\/09\/pdf-300x300.png\" alt=\"\" width=\"31\" height=\"31\" srcset=\"https:\/\/etkiinsaat.com.tr\/wp-content\/uploads\/2023\/09\/pdf-300x300.png 300w, https:\/\/etkiinsaat.com.tr\/wp-content\/uploads\/2023\/09\/pdf-150x150.png 150w, https:\/\/etkiinsaat.com.tr\/wp-content\/uploads\/2023\/09\/pdf-201x201.png 201w, https:\/\/etkiinsaat.com.tr\/wp-content\/uploads\/2023\/09\/pdf-402x402.png 402w, https:\/\/etkiinsaat.com.tr\/wp-content\/uploads\/2023\/09\/pdf-350x350.png 350w, https:\/\/etkiinsaat.com.tr\/wp-content\/uploads\/2023\/09\/pdf-450x450.png 450w, https:\/\/etkiinsaat.com.tr\/wp-content\/uploads\/2023\/09\/pdf-285x285.png 285w, https:\/\/etkiinsaat.com.tr\/wp-content\/uploads\/2023\/09\/pdf-100x100.png 100w, https:\/\/etkiinsaat.com.tr\/wp-content\/uploads\/2023\/09\/pdf.png 512w\" sizes=\"(max-width: 31px) 100vw, 31px\" \/><span style=\"font-weight: bolder;\">\u00dcr\u00fcn Tan\u0131t\u0131m Dok\u00fcman\u0131<\/span><\/a><\/p><p><a href=\"https:\/\/fixa.com.tr\/upload\/2022\/10\/decoprimer-dekoratif-siva-astari.pdf\"><span style=\"font-weight: bolder;\">\u00a0 \u00a0 \u00a0<img decoding=\"async\" class=\"alignnone wp-image-10426\" src=\"http:\/\/etkiinsaat.com.tr\/wp-content\/uploads\/2023\/09\/pdf-300x300.png\" alt=\"\" width=\"31\" height=\"31\" srcset=\"https:\/\/etkiinsaat.com.tr\/wp-content\/uploads\/2023\/09\/pdf-300x300.png 300w, https:\/\/etkiinsaat.com.tr\/wp-content\/uploads\/2023\/09\/pdf-150x150.png 150w, https:\/\/etkiinsaat.com.tr\/wp-content\/uploads\/2023\/09\/pdf-201x201.png 201w, https:\/\/etkiinsaat.com.tr\/wp-content\/uploads\/2023\/09\/pdf-402x402.png 402w, https:\/\/etkiinsaat.com.tr\/wp-content\/uploads\/2023\/09\/pdf-350x350.png 350w, https:\/\/etkiinsaat.com.tr\/wp-content\/uploads\/2023\/09\/pdf-450x450.png 450w, https:\/\/etkiinsaat.com.tr\/wp-content\/uploads\/2023\/09\/pdf-285x285.png 285w, https:\/\/etkiinsaat.com.tr\/wp-content\/uploads\/2023\/09\/pdf-100x100.png 100w, https:\/\/etkiinsaat.com.tr\/wp-content\/uploads\/2023\/09\/pdf.png 512w\" sizes=\"(max-width: 31px) 100vw, 31px\" \/>Teknik Bilgi F\u00f6y\u00fc (TBF)<\/span><\/a><\/p><p><strong><a href=\"https:\/\/fixa.com.tr\/upload\/2022\/09\/polymera-ms-fluid-ms-polimer-esasli-akiskan-likit-membran_2.pdf\">\u00a0 \u00a0 \u00a0<img decoding=\"async\" src=\"http:\/\/etkiinsaat.com.tr\/wp-content\/uploads\/2023\/09\/pdf-300x300.png\" alt=\"\" width=\"31\" height=\"31\" \/><\/a><a href=\"https:\/\/fixa.com.tr\/upload\/2017\/12\/ce-belgesi-toplu.pdf\" target=\"_blank\" rel=\"noopener\">CE Belgesi<\/a><\/strong><\/p><\/div>\t\t\t\t\t\t\t\t<\/div>\n\t\t\t\t<\/div>\n\t\t\t\t\t<\/div>\n\t\t<\/div>\n\t\t\t\t\t<\/div>\n\t\t<\/section>\n\t\t\t\t<\/div>\n\t\t","protected":false},"excerpt":{"rendered":"<p>DECOPRIMER Dekoratif S\u0131va Astar\u0131 \u00dcr\u00fcn Kodu:\u00a031415 \u00c7\u015eB Malzeme Poz No:\u00a010.300.1151 Tan\u0131m\u0131:\u00a0Akrilik dispersiyon esasl\u0131, su bazl\u0131, tek bile\u015fenli, beyaz renkte, y\u00fcksek yap\u0131\u015fma g\u00fcc\u00fcne sahip, t\u00fcm \u00e7imento esasl\u0131 i\u00e7 ve d\u0131\u015f cephe kaplama malzemelerinin alt\u0131na kullan\u0131labilen \u00f6rt\u00fcc\u00fc bir astar malzemesidir. Kullan\u0131m Alanlar\u0131: \u00a0 \u0130\u00e7 ve d\u0131\u015f mek\u00e2nlarda, Yatay ve d\u00fc\u015fey uygulamalarda, Is\u0131 yal\u0131t\u0131m levhas\u0131 s\u0131vama har\u00e7lar\u0131n\u0131n \u00fczerine dekoratif s\u0131va harc\u0131 uygulamas\u0131ndan \u00f6nce aderans artt\u0131rmak i\u00e7in, Eski y\u00fczeyler \u00fczerine yap\u0131lacak uygulamalardan \u00f6nce astar olarak, T\u00fcm \u00e7imento esasl\u0131 i\u00e7 ve d\u0131\u015f cephe kaplama malzemelerinin alt\u0131na uygulan\u0131r.\u00a0 \u00a0 \u00a0Teknik D\u00f6k\u00fcmanlar:\u00a0 \u00a0 \u00a0 \u00a0\u00dcr\u00fcn Tan\u0131t\u0131m Dok\u00fcman\u0131 \u00a0 \u00a0 \u00a0Teknik Bilgi F\u00f6y\u00fc (TBF) \u00a0 \u00a0 \u00a0CE Belgesi<\/p>\n","protected":false},"author":3,"featured_media":0,"parent":0,"menu_order":0,"comment_status":"closed","ping_status":"closed","template":"page-full.php","meta":{"_joinchat":[],"footnotes":""},"class_list":["post-11888","page","type-page","status-publish","hentry"],"_links":{"self":[{"href":"https:\/\/etkiinsaat.com.tr\/index.php?rest_route=\/wp\/v2\/pages\/11888","targetHints":{"allow":["GET"]}}],"collection":[{"href":"https:\/\/etkiinsaat.com.tr\/index.php?rest_route=\/wp\/v2\/pages"}],"about":[{"href":"https:\/\/etkiinsaat.com.tr\/index.php?rest_route=\/wp\/v2\/types\/page"}],"author":[{"embeddable":true,"href":"https:\/\/etkiinsaat.com.tr\/index.php?rest_route=\/wp\/v2\/users\/3"}],"replies":[{"embeddable":true,"href":"https:\/\/etkiinsaat.com.tr\/index.php?rest_route=%2Fwp%2Fv2%2Fcomments&post=11888"}],"version-history":[{"count":4,"href":"https:\/\/etkiinsaat.com.tr\/index.php?rest_route=\/wp\/v2\/pages\/11888\/revisions"}],"predecessor-version":[{"id":11893,"href":"https:\/\/etkiinsaat.com.tr\/index.php?rest_route=\/wp\/v2\/pages\/11888\/revisions\/11893"}],"wp:attachment":[{"href":"https:\/\/etkiinsaat.com.tr\/index.php?rest_route=%2Fwp%2Fv2%2Fmedia&parent=11888"}],"curies":[{"name":"wp","href":"https:\/\/api.w.org\/{rel}","templated":true}]}}