{"id":12151,"date":"2023-09-17T18:17:40","date_gmt":"2023-09-17T15:17:40","guid":{"rendered":"https:\/\/etkiinsaat.com.tr\/?page_id=12151"},"modified":"2023-09-17T18:19:35","modified_gmt":"2023-09-17T15:19:35","slug":"beyaz-eps-isi-yalitim-levhasi","status":"publish","type":"page","link":"https:\/\/etkiinsaat.com.tr\/?page_id=12151","title":{"rendered":"Beyaz EPS Is\u0131 Yal\u0131t\u0131m Levhas\u0131"},"content":{"rendered":"\t\t<div data-elementor-type=\"wp-page\" data-elementor-id=\"12151\" class=\"elementor elementor-12151\">\n\t\t\t\t\t\t<section class=\"elementor-section elementor-top-section elementor-element elementor-element-95c9e9d elementor-section-boxed elementor-section-height-default elementor-section-height-default\" data-id=\"95c9e9d\" data-element_type=\"section\" data-e-type=\"section\">\n\t\t\t\t\t\t<div class=\"elementor-container elementor-column-gap-default\">\n\t\t\t\t\t<div class=\"elementor-column elementor-col-33 elementor-top-column elementor-element elementor-element-74735a0\" data-id=\"74735a0\" data-element_type=\"column\" data-e-type=\"column\">\n\t\t\t<div class=\"elementor-widget-wrap elementor-element-populated\">\n\t\t\t\t\t\t<div class=\"elementor-element elementor-element-c6a0364 elementor-widget elementor-widget-heading\" data-id=\"c6a0364\" data-element_type=\"widget\" data-e-type=\"widget\" data-widget_type=\"heading.default\">\n\t\t\t\t<div class=\"elementor-widget-container\">\n\t\t\t\t\t<h2 class=\"elementor-heading-title elementor-size-default\">Beyaz EPS Is\u0131 Yal\u0131t\u0131m Levhas\u0131<\/h2>\t\t\t\t<\/div>\n\t\t\t\t<\/div>\n\t\t\t\t<div class=\"elementor-element elementor-element-9e27e65 elementor-widget elementor-widget-image\" data-id=\"9e27e65\" data-element_type=\"widget\" data-e-type=\"widget\" data-widget_type=\"image.default\">\n\t\t\t\t<div class=\"elementor-widget-container\">\n\t\t\t\t\t\t\t\t\t\t\t\t\t\t\t<img decoding=\"async\" src=\"https:\/\/etkiinsaat.com.tr\/wp-content\/uploads\/2023\/09\/86.jpg\" title=\"86\" alt=\"86\" loading=\"lazy\" \/>\t\t\t\t\t\t\t\t\t\t\t\t\t\t\t<\/div>\n\t\t\t\t<\/div>\n\t\t\t\t\t<\/div>\n\t\t<\/div>\n\t\t\t\t<div class=\"elementor-column elementor-col-66 elementor-top-column elementor-element elementor-element-6bdb9f1\" data-id=\"6bdb9f1\" data-element_type=\"column\" data-e-type=\"column\">\n\t\t\t<div class=\"elementor-widget-wrap elementor-element-populated\">\n\t\t\t\t\t\t<div class=\"elementor-element elementor-element-9469ed0 elementor-widget elementor-widget-text-editor\" data-id=\"9469ed0\" data-element_type=\"widget\" data-e-type=\"widget\" data-widget_type=\"text-editor.default\">\n\t\t\t\t<div class=\"elementor-widget-container\">\n\t\t\t\t\t\t\t\t\t<p style=\"margin-right: 0px; margin-bottom: 10px; margin-left: 0px; line-height: 24px; color: #444444; font-family: 'Open Sans', sans-serif; font-size: 14px;\"><span style=\"font-size: 13.3333px;\">Tan\u0131m\u0131: EPS (Genle\u015ftirilmi\u015f Polistiren) polistiren taneciklerin \u015fi\u015firilmesi ve birbirine yap\u0131\u015fmas\u0131 yolu ile \u00fcretilen, %98\u2019i hareketsiz kuru havadan olu\u015fan termoplastik ve kapal\u0131 g\u00f6zenekli bir \u0131s\u0131 yal\u0131t\u0131m malzemesidir. Kullan\u0131m yeri ve amac\u0131na g\u00f6re farkl\u0131 boyut ve yo\u011funluklarda \u00fcretilebilme imk\u00e2n\u0131 vard\u0131r.<\/span><\/p><p style=\"margin-right: 0px; margin-bottom: 10px; margin-left: 0px; line-height: 24px; color: #444444; font-family: 'Open Sans', sans-serif; font-size: 14px;\"><span style=\"font-size: 13.3333px;\">\u00d6zellikleri: EPS, di\u011fer \u0131s\u0131 yal\u0131t\u0131m malzemeleriyle kar\u015f\u0131la\u015ft\u0131r\u0131ld\u0131\u011f\u0131nda ekonomik \u00e7\u00f6z\u00fcmler sunan bir \u0131s\u0131 yal\u0131t\u0131m malzemesidir. Zamanla incelmez, kal\u0131nl\u0131\u011f\u0131 sabit kal\u0131r. Y\u00fcksek \u0131s\u0131 yal\u0131t\u0131m\u0131 sa\u011flar. Is\u0131l iletkenlik grubu 0,040\u2019t\u0131r. Is\u0131l iletkenlik de\u011ferleri zamana ba\u011fl\u0131 olarak de\u011fi\u015fmez. K\u0131r\u0131lgan de\u011fildir, bas\u0131nca dayan\u0131kl\u0131d\u0131r. Kapiler su ge\u00e7irimlili\u011fi yoktur. Bina \u00f6mr\u00fcnce yal\u0131t\u0131m g\u00f6revine devam eder. \u00d6zelliklerini yitirmez.<\/span><\/p><p style=\"margin-right: 0px; margin-bottom: 10px; margin-left: 0px; line-height: 24px; color: #444444; font-family: 'Open Sans', sans-serif; font-size: 14px;\"><span style=\"font-size: 13.3333px;\">TS EN 13501-1&#8217;e g\u00f6re E s\u0131n\u0131f\u0131ndad\u0131r.<\/span><\/p><div><span style=\"font-size: 13.3333px;\">\u00a0<\/span><\/div><div style=\"color: #444444; font-family: 'Open Sans', sans-serif; font-size: 14px;\"><div>\u00a0<\/div><\/div><div><div><span style=\"color: #444444; font-family: 'Open Sans', sans-serif;\"><span style=\"font-size: 14px;\"><span style=\"font-weight: bold;\">Teknik D\u00f6k\u00fcmanlar:<\/span><\/span><\/span><\/div><div>\u00a0<\/div><p><strong><a href=\"https:\/\/fixa.com.tr\/upload\/2023\/04\/eps-tsen13163-2023-060062-tse0106.pdf\">\u00a0 \u00a0 \u00a0<img decoding=\"async\" class=\"alignnone wp-image-10426\" src=\"http:\/\/etkiinsaat.com.tr\/wp-content\/uploads\/2023\/09\/pdf-300x300.png\" alt=\"\" width=\"31\" height=\"31\" srcset=\"https:\/\/etkiinsaat.com.tr\/wp-content\/uploads\/2023\/09\/pdf-300x300.png 300w, https:\/\/etkiinsaat.com.tr\/wp-content\/uploads\/2023\/09\/pdf-150x150.png 150w, https:\/\/etkiinsaat.com.tr\/wp-content\/uploads\/2023\/09\/pdf-201x201.png 201w, https:\/\/etkiinsaat.com.tr\/wp-content\/uploads\/2023\/09\/pdf-402x402.png 402w, https:\/\/etkiinsaat.com.tr\/wp-content\/uploads\/2023\/09\/pdf-350x350.png 350w, https:\/\/etkiinsaat.com.tr\/wp-content\/uploads\/2023\/09\/pdf-450x450.png 450w, https:\/\/etkiinsaat.com.tr\/wp-content\/uploads\/2023\/09\/pdf-285x285.png 285w, https:\/\/etkiinsaat.com.tr\/wp-content\/uploads\/2023\/09\/pdf-100x100.png 100w, https:\/\/etkiinsaat.com.tr\/wp-content\/uploads\/2023\/09\/pdf.png 512w\" sizes=\"(max-width: 31px) 100vw, 31px\" \/>TSE Belgesi<\/a><\/strong><\/p><p>\u00a0<\/p><\/div>\t\t\t\t\t\t\t\t<\/div>\n\t\t\t\t<\/div>\n\t\t\t\t\t<\/div>\n\t\t<\/div>\n\t\t\t\t\t<\/div>\n\t\t<\/section>\n\t\t\t\t<\/div>\n\t\t","protected":false},"excerpt":{"rendered":"<p>Beyaz EPS Is\u0131 Yal\u0131t\u0131m Levhas\u0131 Tan\u0131m\u0131: EPS (Genle\u015ftirilmi\u015f Polistiren) polistiren taneciklerin \u015fi\u015firilmesi ve birbirine yap\u0131\u015fmas\u0131 yolu ile \u00fcretilen, %98\u2019i hareketsiz kuru havadan olu\u015fan termoplastik ve kapal\u0131 g\u00f6zenekli bir \u0131s\u0131 yal\u0131t\u0131m malzemesidir. Kullan\u0131m yeri ve amac\u0131na g\u00f6re farkl\u0131 boyut ve yo\u011funluklarda \u00fcretilebilme imk\u00e2n\u0131 vard\u0131r. \u00d6zellikleri: EPS, di\u011fer \u0131s\u0131 yal\u0131t\u0131m malzemeleriyle kar\u015f\u0131la\u015ft\u0131r\u0131ld\u0131\u011f\u0131nda ekonomik \u00e7\u00f6z\u00fcmler sunan bir \u0131s\u0131 yal\u0131t\u0131m malzemesidir. Zamanla incelmez, kal\u0131nl\u0131\u011f\u0131 sabit kal\u0131r. Y\u00fcksek \u0131s\u0131 yal\u0131t\u0131m\u0131 sa\u011flar. Is\u0131l iletkenlik grubu 0,040\u2019t\u0131r. Is\u0131l iletkenlik de\u011ferleri zamana ba\u011fl\u0131 olarak de\u011fi\u015fmez. K\u0131r\u0131lgan de\u011fildir, bas\u0131nca dayan\u0131kl\u0131d\u0131r. Kapiler su ge\u00e7irimlili\u011fi yoktur. Bina \u00f6mr\u00fcnce yal\u0131t\u0131m g\u00f6revine devam eder. \u00d6zelliklerini yitirmez. TS EN 13501-1&#8217;e g\u00f6re E s\u0131n\u0131f\u0131ndad\u0131r. \u00a0\u00a0Teknik D\u00f6k\u00fcmanlar:\u00a0 \u00a0 \u00a0 \u00a0TSE Belgesi \u00a0<\/p>\n","protected":false},"author":3,"featured_media":0,"parent":0,"menu_order":0,"comment_status":"closed","ping_status":"closed","template":"page-full.php","meta":{"_joinchat":[],"footnotes":""},"class_list":["post-12151","page","type-page","status-publish","hentry"],"_links":{"self":[{"href":"https:\/\/etkiinsaat.com.tr\/index.php?rest_route=\/wp\/v2\/pages\/12151","targetHints":{"allow":["GET"]}}],"collection":[{"href":"https:\/\/etkiinsaat.com.tr\/index.php?rest_route=\/wp\/v2\/pages"}],"about":[{"href":"https:\/\/etkiinsaat.com.tr\/index.php?rest_route=\/wp\/v2\/types\/page"}],"author":[{"embeddable":true,"href":"https:\/\/etkiinsaat.com.tr\/index.php?rest_route=\/wp\/v2\/users\/3"}],"replies":[{"embeddable":true,"href":"https:\/\/etkiinsaat.com.tr\/index.php?rest_route=%2Fwp%2Fv2%2Fcomments&post=12151"}],"version-history":[{"count":4,"href":"https:\/\/etkiinsaat.com.tr\/index.php?rest_route=\/wp\/v2\/pages\/12151\/revisions"}],"predecessor-version":[{"id":12156,"href":"https:\/\/etkiinsaat.com.tr\/index.php?rest_route=\/wp\/v2\/pages\/12151\/revisions\/12156"}],"wp:attachment":[{"href":"https:\/\/etkiinsaat.com.tr\/index.php?rest_route=%2Fwp%2Fv2%2Fmedia&parent=12151"}],"curies":[{"name":"wp","href":"https:\/\/api.w.org\/{rel}","templated":true}]}}