{"id":12169,"date":"2023-09-17T18:27:51","date_gmt":"2023-09-17T15:27:51","guid":{"rendered":"https:\/\/etkiinsaat.com.tr\/?page_id=12169"},"modified":"2023-09-17T18:29:09","modified_gmt":"2023-09-17T15:29:09","slug":"igloo-neocarbon-grafit-reflektor-takviyeli-isi-yalitim-levhasi","status":"publish","type":"page","link":"https:\/\/etkiinsaat.com.tr\/?page_id=12169","title":{"rendered":"IGLOO NEOCARBON Grafit Reflekt\u00f6r Takviyeli Is\u0131 Yal\u0131t\u0131m Levhas\u0131"},"content":{"rendered":"\t\t<div data-elementor-type=\"wp-page\" data-elementor-id=\"12169\" class=\"elementor elementor-12169\">\n\t\t\t\t\t\t<section class=\"elementor-section elementor-top-section elementor-element elementor-element-06042c7 elementor-section-boxed elementor-section-height-default elementor-section-height-default\" data-id=\"06042c7\" data-element_type=\"section\" data-e-type=\"section\">\n\t\t\t\t\t\t<div class=\"elementor-container elementor-column-gap-default\">\n\t\t\t\t\t<div class=\"elementor-column elementor-col-33 elementor-top-column elementor-element elementor-element-61fe1cc\" data-id=\"61fe1cc\" data-element_type=\"column\" data-e-type=\"column\">\n\t\t\t<div class=\"elementor-widget-wrap elementor-element-populated\">\n\t\t\t\t\t\t<div class=\"elementor-element elementor-element-e8b3031 elementor-widget elementor-widget-heading\" data-id=\"e8b3031\" data-element_type=\"widget\" data-e-type=\"widget\" data-widget_type=\"heading.default\">\n\t\t\t\t<div class=\"elementor-widget-container\">\n\t\t\t\t\t<h2 class=\"elementor-heading-title elementor-size-default\">IGLOO NEOCARBON Grafit Reflekt\u00f6r Takviyeli Is\u0131 Yal\u0131t\u0131m Levhas\u0131\n<\/h2>\t\t\t\t<\/div>\n\t\t\t\t<\/div>\n\t\t\t\t<div class=\"elementor-element elementor-element-121d3b3 elementor-widget elementor-widget-image\" data-id=\"121d3b3\" data-element_type=\"widget\" data-e-type=\"widget\" data-widget_type=\"image.default\">\n\t\t\t\t<div class=\"elementor-widget-container\">\n\t\t\t\t\t\t\t\t\t\t\t\t\t\t\t<img decoding=\"async\" src=\"https:\/\/etkiinsaat.com.tr\/wp-content\/uploads\/2023\/09\/89.jpg\" title=\"89\" alt=\"89\" loading=\"lazy\" \/>\t\t\t\t\t\t\t\t\t\t\t\t\t\t\t<\/div>\n\t\t\t\t<\/div>\n\t\t\t\t\t<\/div>\n\t\t<\/div>\n\t\t\t\t<div class=\"elementor-column elementor-col-66 elementor-top-column elementor-element elementor-element-1629b13\" data-id=\"1629b13\" data-element_type=\"column\" data-e-type=\"column\">\n\t\t\t<div class=\"elementor-widget-wrap elementor-element-populated\">\n\t\t\t\t\t\t<div class=\"elementor-element elementor-element-ec2bb2c elementor-widget elementor-widget-text-editor\" data-id=\"ec2bb2c\" data-element_type=\"widget\" data-e-type=\"widget\" data-widget_type=\"text-editor.default\">\n\t\t\t\t<div class=\"elementor-widget-container\">\n\t\t\t\t\t\t\t\t\t<p style=\"margin-right: 0px; margin-bottom: 10px; margin-left: 0px; line-height: 24px; color: #444444; font-family: 'Open Sans', sans-serif; font-size: 14px;\">Tan\u0131m\u0131: Neocarbon yal\u0131t\u0131m malzemeleri geleneksel EPS malzemelere k\u0131yasla daha y\u00fcksek yal\u0131t\u0131m performans\u0131 ve %50\u2019ye varan oranda daha d\u00fc\u015f\u00fck malzeme kullan\u0131m\u0131 sunarak, \u00e7evre korumas\u0131na katk\u0131da bulunur ve tasarruf sa\u011flar. Grafit reflekt\u00f6r takviyeli \u00fcr\u00fcnler d\u00fc\u015f\u00fck yo\u011funluklarda bile \u0131s\u0131 iletkenlik grubu 035\u2019e dahildir.<\/p><p style=\"margin-right: 0px; margin-bottom: 10px; margin-left: 0px; line-height: 24px; color: #444444; font-family: 'Open Sans', sans-serif; font-size: 14px;\">\u00d6zellikleri: \u00c7evre dostu Neocarbon yal\u0131t\u0131m malzemeleri, CFC, HCFC, HFC ya da di\u011fer halojenli h\u00fccre gazlar\u0131n\u0131 i\u00e7ermez. Bu malzemeler h\u00fccre gaz\u0131 olarak hava i\u00e7erir ve bu da yap\u0131 ayakta kald\u0131\u011f\u0131 s\u00fcrece \u0131s\u0131 iletkenli\u011finin korunmas\u0131n\u0131 garanti eder. Dolay\u0131s\u0131yla, Neocarbon yal\u0131t\u0131m malzemeleri modern, \u00e7evreye duyarl\u0131 bir ya\u015fam tarz\u0131n\u0131 temsil etmektedir.\u00a0 Neocarbon\u2019da can al\u0131c\u0131 fark, \u00e7\u0131plak g\u00f6zle g\u00f6r\u00fclebilen g\u00fcm\u00fc\u015f grisi renktir. \u00dcretiminde kullan\u0131lan Neopor hammaddesinde bulunan grafit, \u0131s\u0131 \u0131\u015f\u0131n\u0131m\u0131n\u0131 absorbe ederek ve yans\u0131tarak EPS\u2019nin yal\u0131t\u0131m performans\u0131n\u0131 %20\u2019ye varan oranda art\u0131rmaktad\u0131r.\u00a0 Y\u00fcksek \u0131s\u0131 yal\u0131t\u0131m\u0131 sa\u011flar. Is\u0131 iletkenlik de\u011ferleri \u015fi\u015firici gaza ve zamana ba\u011fl\u0131 olarak de\u011fi\u015fmez. K\u0131r\u0131lgan de\u011fildir, bas\u0131nca dayan\u0131kl\u0131d\u0131r. Kapiler su ge\u00e7irimlili\u011fi yoktur. Kal\u0131nl\u0131\u011f\u0131 zamanla incelmez, sabit kal\u0131r. \u00c7evre dostu bir malzemedir, ozon tabakas\u0131na zarar vermez. Bina \u00f6mr\u00fcnce yal\u0131t\u0131m g\u00f6revine devam etme \u00f6zelli\u011fine sahiptir. E s\u0131n\u0131f\u0131 \u201calev y\u00fcr\u00fctmeyen\u201d \u0131s\u0131 yal\u0131t\u0131m malzemesidir.<\/p><div style=\"color: #444444; font-family: 'Open Sans', sans-serif; font-size: 14px;\"><div>\u00a0<\/div><\/div><div><div><span style=\"color: #444444; font-family: 'Open Sans', sans-serif;\"><span style=\"font-size: 14px;\"><span style=\"font-weight: bold;\">Teknik D\u00f6k\u00fcmanlar:<\/span><\/span><\/span><\/div><div>\u00a0<\/div><p><a href=\"https:\/\/fixa.com.tr\/upload\/2023\/04\/eps-tsen13163-2023-060062-tse0106.pdf\"><strong>\u00a0 \u00a0 \u00a0<img decoding=\"async\" class=\"alignnone wp-image-10426\" src=\"http:\/\/etkiinsaat.com.tr\/wp-content\/uploads\/2023\/09\/pdf-300x300.png\" alt=\"\" width=\"31\" height=\"31\" srcset=\"https:\/\/etkiinsaat.com.tr\/wp-content\/uploads\/2023\/09\/pdf-300x300.png 300w, https:\/\/etkiinsaat.com.tr\/wp-content\/uploads\/2023\/09\/pdf-150x150.png 150w, https:\/\/etkiinsaat.com.tr\/wp-content\/uploads\/2023\/09\/pdf-201x201.png 201w, https:\/\/etkiinsaat.com.tr\/wp-content\/uploads\/2023\/09\/pdf-402x402.png 402w, https:\/\/etkiinsaat.com.tr\/wp-content\/uploads\/2023\/09\/pdf-350x350.png 350w, https:\/\/etkiinsaat.com.tr\/wp-content\/uploads\/2023\/09\/pdf-450x450.png 450w, https:\/\/etkiinsaat.com.tr\/wp-content\/uploads\/2023\/09\/pdf-285x285.png 285w, https:\/\/etkiinsaat.com.tr\/wp-content\/uploads\/2023\/09\/pdf-100x100.png 100w, https:\/\/etkiinsaat.com.tr\/wp-content\/uploads\/2023\/09\/pdf.png 512w\" sizes=\"(max-width: 31px) 100vw, 31px\" \/>TSE Belgesi<\/strong><\/a><\/p><\/div>\t\t\t\t\t\t\t\t<\/div>\n\t\t\t\t<\/div>\n\t\t\t\t\t<\/div>\n\t\t<\/div>\n\t\t\t\t\t<\/div>\n\t\t<\/section>\n\t\t\t\t<\/div>\n\t\t","protected":false},"excerpt":{"rendered":"<p>IGLOO NEOCARBON Grafit Reflekt\u00f6r Takviyeli Is\u0131 Yal\u0131t\u0131m Levhas\u0131 Tan\u0131m\u0131: Neocarbon yal\u0131t\u0131m malzemeleri geleneksel EPS malzemelere k\u0131yasla daha y\u00fcksek yal\u0131t\u0131m performans\u0131 ve %50\u2019ye varan oranda daha d\u00fc\u015f\u00fck malzeme kullan\u0131m\u0131 sunarak, \u00e7evre korumas\u0131na katk\u0131da bulunur ve tasarruf sa\u011flar. Grafit reflekt\u00f6r takviyeli \u00fcr\u00fcnler d\u00fc\u015f\u00fck yo\u011funluklarda bile \u0131s\u0131 iletkenlik grubu 035\u2019e dahildir. \u00d6zellikleri: \u00c7evre dostu Neocarbon yal\u0131t\u0131m malzemeleri, CFC, HCFC, HFC ya da di\u011fer halojenli h\u00fccre gazlar\u0131n\u0131 i\u00e7ermez. Bu malzemeler h\u00fccre gaz\u0131 olarak hava i\u00e7erir ve bu da yap\u0131 ayakta kald\u0131\u011f\u0131 s\u00fcrece \u0131s\u0131 iletkenli\u011finin korunmas\u0131n\u0131 garanti eder. Dolay\u0131s\u0131yla, Neocarbon yal\u0131t\u0131m malzemeleri modern, \u00e7evreye duyarl\u0131 bir ya\u015fam tarz\u0131n\u0131 temsil etmektedir.\u00a0 Neocarbon\u2019da can al\u0131c\u0131 fark, \u00e7\u0131plak g\u00f6zle g\u00f6r\u00fclebilen g\u00fcm\u00fc\u015f grisi renktir. \u00dcretiminde kullan\u0131lan Neopor hammaddesinde bulunan grafit, \u0131s\u0131 \u0131\u015f\u0131n\u0131m\u0131n\u0131 absorbe ederek ve yans\u0131tarak EPS\u2019nin yal\u0131t\u0131m performans\u0131n\u0131 %20\u2019ye varan oranda art\u0131rmaktad\u0131r.\u00a0 Y\u00fcksek \u0131s\u0131 yal\u0131t\u0131m\u0131 sa\u011flar. Is\u0131 iletkenlik de\u011ferleri \u015fi\u015firici gaza ve zamana ba\u011fl\u0131 olarak de\u011fi\u015fmez. K\u0131r\u0131lgan de\u011fildir, bas\u0131nca dayan\u0131kl\u0131d\u0131r. Kapiler su ge\u00e7irimlili\u011fi yoktur. Kal\u0131nl\u0131\u011f\u0131 zamanla incelmez, sabit [&hellip;]<\/p>\n","protected":false},"author":3,"featured_media":0,"parent":0,"menu_order":0,"comment_status":"closed","ping_status":"closed","template":"page-full.php","meta":{"_joinchat":[],"footnotes":""},"class_list":["post-12169","page","type-page","status-publish","hentry"],"_links":{"self":[{"href":"https:\/\/etkiinsaat.com.tr\/index.php?rest_route=\/wp\/v2\/pages\/12169","targetHints":{"allow":["GET"]}}],"collection":[{"href":"https:\/\/etkiinsaat.com.tr\/index.php?rest_route=\/wp\/v2\/pages"}],"about":[{"href":"https:\/\/etkiinsaat.com.tr\/index.php?rest_route=\/wp\/v2\/types\/page"}],"author":[{"embeddable":true,"href":"https:\/\/etkiinsaat.com.tr\/index.php?rest_route=\/wp\/v2\/users\/3"}],"replies":[{"embeddable":true,"href":"https:\/\/etkiinsaat.com.tr\/index.php?rest_route=%2Fwp%2Fv2%2Fcomments&post=12169"}],"version-history":[{"count":4,"href":"https:\/\/etkiinsaat.com.tr\/index.php?rest_route=\/wp\/v2\/pages\/12169\/revisions"}],"predecessor-version":[{"id":12174,"href":"https:\/\/etkiinsaat.com.tr\/index.php?rest_route=\/wp\/v2\/pages\/12169\/revisions\/12174"}],"wp:attachment":[{"href":"https:\/\/etkiinsaat.com.tr\/index.php?rest_route=%2Fwp%2Fv2%2Fmedia&parent=12169"}],"curies":[{"name":"wp","href":"https:\/\/api.w.org\/{rel}","templated":true}]}}