{"id":12717,"date":"2023-09-18T19:29:41","date_gmt":"2023-09-18T16:29:41","guid":{"rendered":"https:\/\/etkiinsaat.com.tr\/?page_id=12717"},"modified":"2023-09-18T19:31:21","modified_gmt":"2023-09-18T16:31:21","slug":"fixa-flexup-2","status":"publish","type":"page","link":"https:\/\/etkiinsaat.com.tr\/?page_id=12717","title":{"rendered":"FIXA FLEXUP"},"content":{"rendered":"\t\t<div data-elementor-type=\"wp-page\" data-elementor-id=\"12717\" class=\"elementor elementor-12717\">\n\t\t\t\t\t\t<section class=\"elementor-section elementor-top-section elementor-element elementor-element-9553e83 elementor-section-boxed elementor-section-height-default elementor-section-height-default\" data-id=\"9553e83\" data-element_type=\"section\" data-e-type=\"section\">\n\t\t\t\t\t\t<div class=\"elementor-container elementor-column-gap-default\">\n\t\t\t\t\t<div class=\"elementor-column elementor-col-33 elementor-top-column elementor-element elementor-element-70358d3\" data-id=\"70358d3\" data-element_type=\"column\" data-e-type=\"column\">\n\t\t\t<div class=\"elementor-widget-wrap elementor-element-populated\">\n\t\t\t\t\t\t<div class=\"elementor-element elementor-element-9e746ef elementor-widget elementor-widget-heading\" data-id=\"9e746ef\" data-element_type=\"widget\" data-e-type=\"widget\" data-widget_type=\"heading.default\">\n\t\t\t\t<div class=\"elementor-widget-container\">\n\t\t\t\t\t<h2 class=\"elementor-heading-title elementor-size-default\"><h1 style=\"margin-right: 0px;margin-bottom: 0px;margin-left: 0px;font-size: 30px;, sans-serif;font-weight: 600;line-height: 1.1\">FIXA FLEXUP<\/h1><span style=\"font-size: 15px;, sans-serif\">Fayans ve Seramik Yap\u0131\u015ft\u0131rma Harc\u0131 (Beyaz) C1TE<\/span><\/h2>\t\t\t\t<\/div>\n\t\t\t\t<\/div>\n\t\t\t\t<div class=\"elementor-element elementor-element-38e799a elementor-widget elementor-widget-image\" data-id=\"38e799a\" data-element_type=\"widget\" data-e-type=\"widget\" data-widget_type=\"image.default\">\n\t\t\t\t<div class=\"elementor-widget-container\">\n\t\t\t\t\t\t\t\t\t\t\t\t\t\t\t<img decoding=\"async\" src=\"https:\/\/etkiinsaat.com.tr\/wp-content\/uploads\/2023\/09\/121.jpg\" title=\"121\" alt=\"121\" loading=\"lazy\" \/>\t\t\t\t\t\t\t\t\t\t\t\t\t\t\t<\/div>\n\t\t\t\t<\/div>\n\t\t\t\t<div class=\"elementor-element elementor-element-be0c243 elementor-widget elementor-widget-text-editor\" data-id=\"be0c243\" data-element_type=\"widget\" data-e-type=\"widget\" data-widget_type=\"text-editor.default\">\n\t\t\t\t<div class=\"elementor-widget-container\">\n\t\t\t\t\t\t\t\t\t<p style=\"margin-right: 0px; margin-bottom: 10px; margin-left: 0px; color: #444444; font-family: 'Open Sans', sans-serif; font-size: 14px;\"><span style=\"font-weight: 600;\">\u00dcr\u00fcn Kodu:\u00a0<\/span>10325.01<\/p><p style=\"margin-right: 0px; margin-bottom: 10px; margin-left: 0px; color: #444444; font-family: 'Open Sans', sans-serif; font-size: 14px;\"><span style=\"font-weight: 600;\">\u00c7\u015eB Malzeme Poz No:\u00a0<\/span>10.300.2202<\/p>\t\t\t\t\t\t\t\t<\/div>\n\t\t\t\t<\/div>\n\t\t\t\t\t<\/div>\n\t\t<\/div>\n\t\t\t\t<div class=\"elementor-column elementor-col-66 elementor-top-column elementor-element elementor-element-c19e068\" data-id=\"c19e068\" data-element_type=\"column\" data-e-type=\"column\">\n\t\t\t<div class=\"elementor-widget-wrap elementor-element-populated\">\n\t\t\t\t\t\t<div class=\"elementor-element elementor-element-5134745 elementor-widget elementor-widget-text-editor\" data-id=\"5134745\" data-element_type=\"widget\" data-e-type=\"widget\" data-widget_type=\"text-editor.default\">\n\t\t\t\t<div class=\"elementor-widget-container\">\n\t\t\t\t\t\t\t\t\t<p style=\"margin-right: 0px; margin-bottom: 10px; margin-left: 0px; line-height: 24px; color: #444444; font-family: 'Open Sans', sans-serif; font-size: 14px;\"><span style=\"font-weight: 600;\">Tan\u0131m\u0131 Kullan\u0131m Alanlar\u0131:\u00a0<\/span>Beyaz \u00e7imento esasl\u0131, tek bile\u015fenli, polimer katk\u0131l\u0131, y\u00fcksek performansl\u0131, granit ve seramik gibi \u00e7e\u015fitli kaplama malzemelerini yap\u0131\u015ft\u0131rmak i\u00e7in kullan\u0131lan, kayma \u00f6zelli\u011fi azalt\u0131lm\u0131\u015f, \u00e7ok uzun \u00e7al\u0131\u015fma s\u00fcresine sahip bir toz har\u00e7t\u0131r. \u0130\u00e7 ve d\u0131\u015f mek\u00e2nlarda, yatay ve d\u00fc\u015fey y\u00fczeylerde, b\u00fcy\u00fck ve orta ebatl\u0131 yer ve duvar serami\u011fi, granit, granit seramik, mermer, klinker, mozaik, dekoratif tu\u011fla, do\u011falta\u015f, traverten gibi kaplama malzemelerinin, banyo, mutfak gibi \u0131slak hacimlerde, beton, s\u0131va, \u015fap gibi y\u00fczeyler \u00fczerine yap\u0131\u015ft\u0131r\u0131lmas\u0131nda kullan\u0131l\u0131r.<\/p><p style=\"margin-right: 0px; margin-bottom: 10px; margin-left: 0px; line-height: 24px; color: #444444; font-family: 'Open Sans', sans-serif; font-size: 14px;\"><span style=\"font-weight: 600;\">\u00d6zellikleri:\u00a0<\/span>Kolay uygulan\u0131r. \u00d6zellikle uzun \u00e7al\u0131\u015fma s\u00fcresiyle, zamandan ve i\u015f\u00e7ilikten tasarruf sa\u011flar. Y\u00fcksek yap\u0131\u015fma g\u00fcc\u00fcne sahiptir. Yap\u0131\u015ft\u0131r\u0131lan plakalar\u0131n uzun s\u00fcre d\u00fczeltilmesine imk\u00e2n sa\u011flar. Mala ile y\u00fczeye kolayca yay\u0131l\u0131r ve taraklan\u0131r. Uygulay\u0131c\u0131y\u0131 yormaz. Suya ve dona dayan\u0131kl\u0131d\u0131r. Y\u00fcksek stabilite sa\u011flar, d\u00fc\u015fey uygulamalarda sarkma yapmaz. Yukar\u0131dan a\u015fa\u011f\u0131 d\u00f6\u015feme imk\u00e2n\u0131 sa\u011flar. Farkl\u0131 ebatlarda, \u00e7e\u015fitli kaplama malzemeleriyle \u00e7al\u0131\u015fma imk\u00e2n\u0131 verir. Az malzeme ile \u00e7ok alan kaplar ve yap\u0131ya az y\u00fck verir.<\/p><div><div><span style=\"color: #444444; font-family: 'Open Sans', sans-serif;\"><span style=\"font-size: 14px;\"><span style=\"font-weight: bold;\">Teknik D\u00f6k\u00fcmanlar:<\/span><\/span><\/span><\/div><div>\u00a0<\/div><p><a href=\"https:\/\/fixa.com.tr\/upload\/2022\/12\/201-fixa-flexup-fayans-ve-seramik-yapistirma-harci-beyaz.pdf\">\u00a0 \u00a0 \u00a0<img decoding=\"async\" class=\"alignnone wp-image-10426\" src=\"http:\/\/etkiinsaat.com.tr\/wp-content\/uploads\/2023\/09\/pdf-300x300.png\" alt=\"\" width=\"31\" height=\"31\" srcset=\"https:\/\/etkiinsaat.com.tr\/wp-content\/uploads\/2023\/09\/pdf-300x300.png 300w, https:\/\/etkiinsaat.com.tr\/wp-content\/uploads\/2023\/09\/pdf-150x150.png 150w, https:\/\/etkiinsaat.com.tr\/wp-content\/uploads\/2023\/09\/pdf-201x201.png 201w, https:\/\/etkiinsaat.com.tr\/wp-content\/uploads\/2023\/09\/pdf-402x402.png 402w, https:\/\/etkiinsaat.com.tr\/wp-content\/uploads\/2023\/09\/pdf-350x350.png 350w, https:\/\/etkiinsaat.com.tr\/wp-content\/uploads\/2023\/09\/pdf-450x450.png 450w, https:\/\/etkiinsaat.com.tr\/wp-content\/uploads\/2023\/09\/pdf-285x285.png 285w, https:\/\/etkiinsaat.com.tr\/wp-content\/uploads\/2023\/09\/pdf-100x100.png 100w, https:\/\/etkiinsaat.com.tr\/wp-content\/uploads\/2023\/09\/pdf.png 512w\" sizes=\"(max-width: 31px) 100vw, 31px\" \/><span style=\"font-weight: bolder;\">\u00dcr\u00fcn Tan\u0131t\u0131m Dok\u00fcman\u0131<\/span><\/a><\/p><p><a href=\"https:\/\/fixa.com.tr\/upload\/2023\/02\/fixa-flexup-fayans-ve-seramik-yapistirma-harci-beyaz.pdf\"><span style=\"font-weight: bolder;\">\u00a0 \u00a0 \u00a0<img decoding=\"async\" class=\"alignnone wp-image-10426\" src=\"http:\/\/etkiinsaat.com.tr\/wp-content\/uploads\/2023\/09\/pdf-300x300.png\" alt=\"\" width=\"31\" height=\"31\" srcset=\"https:\/\/etkiinsaat.com.tr\/wp-content\/uploads\/2023\/09\/pdf-300x300.png 300w, https:\/\/etkiinsaat.com.tr\/wp-content\/uploads\/2023\/09\/pdf-150x150.png 150w, https:\/\/etkiinsaat.com.tr\/wp-content\/uploads\/2023\/09\/pdf-201x201.png 201w, https:\/\/etkiinsaat.com.tr\/wp-content\/uploads\/2023\/09\/pdf-402x402.png 402w, https:\/\/etkiinsaat.com.tr\/wp-content\/uploads\/2023\/09\/pdf-350x350.png 350w, https:\/\/etkiinsaat.com.tr\/wp-content\/uploads\/2023\/09\/pdf-450x450.png 450w, https:\/\/etkiinsaat.com.tr\/wp-content\/uploads\/2023\/09\/pdf-285x285.png 285w, https:\/\/etkiinsaat.com.tr\/wp-content\/uploads\/2023\/09\/pdf-100x100.png 100w, https:\/\/etkiinsaat.com.tr\/wp-content\/uploads\/2023\/09\/pdf.png 512w\" sizes=\"(max-width: 31px) 100vw, 31px\" \/>Teknik Bilgi F\u00f6y\u00fc (TBF)<\/span><\/a><\/p><p><a href=\"https:\/\/www.fixa.com.tr\/upload\/2023\/08\/seryap-tsen12004-1-2024-023684-0707.pdf\"><span style=\"font-weight: bolder;\">\u00a0 \u00a0 \u00a0<img decoding=\"async\" class=\"alignnone wp-image-10426\" src=\"http:\/\/etkiinsaat.com.tr\/wp-content\/uploads\/2023\/09\/pdf-300x300.png\" alt=\"\" width=\"31\" height=\"31\" srcset=\"https:\/\/etkiinsaat.com.tr\/wp-content\/uploads\/2023\/09\/pdf-300x300.png 300w, https:\/\/etkiinsaat.com.tr\/wp-content\/uploads\/2023\/09\/pdf-150x150.png 150w, https:\/\/etkiinsaat.com.tr\/wp-content\/uploads\/2023\/09\/pdf-201x201.png 201w, https:\/\/etkiinsaat.com.tr\/wp-content\/uploads\/2023\/09\/pdf-402x402.png 402w, https:\/\/etkiinsaat.com.tr\/wp-content\/uploads\/2023\/09\/pdf-350x350.png 350w, https:\/\/etkiinsaat.com.tr\/wp-content\/uploads\/2023\/09\/pdf-450x450.png 450w, https:\/\/etkiinsaat.com.tr\/wp-content\/uploads\/2023\/09\/pdf-285x285.png 285w, https:\/\/etkiinsaat.com.tr\/wp-content\/uploads\/2023\/09\/pdf-100x100.png 100w, https:\/\/etkiinsaat.com.tr\/wp-content\/uploads\/2023\/09\/pdf.png 512w\" sizes=\"(max-width: 31px) 100vw, 31px\" \/>TSE Belgesi<\/span><\/a><\/p><\/div>\t\t\t\t\t\t\t\t<\/div>\n\t\t\t\t<\/div>\n\t\t\t\t\t<\/div>\n\t\t<\/div>\n\t\t\t\t\t<\/div>\n\t\t<\/section>\n\t\t\t\t<\/div>\n\t\t","protected":false},"excerpt":{"rendered":"<p>FIXA FLEXUP Fayans ve Seramik Yap\u0131\u015ft\u0131rma Harc\u0131 (Beyaz) C1TE \u00dcr\u00fcn Kodu:\u00a010325.01 \u00c7\u015eB Malzeme Poz No:\u00a010.300.2202 Tan\u0131m\u0131 Kullan\u0131m Alanlar\u0131:\u00a0Beyaz \u00e7imento esasl\u0131, tek bile\u015fenli, polimer katk\u0131l\u0131, y\u00fcksek performansl\u0131, granit ve seramik gibi \u00e7e\u015fitli kaplama malzemelerini yap\u0131\u015ft\u0131rmak i\u00e7in kullan\u0131lan, kayma \u00f6zelli\u011fi azalt\u0131lm\u0131\u015f, \u00e7ok uzun \u00e7al\u0131\u015fma s\u00fcresine sahip bir toz har\u00e7t\u0131r. \u0130\u00e7 ve d\u0131\u015f mek\u00e2nlarda, yatay ve d\u00fc\u015fey y\u00fczeylerde, b\u00fcy\u00fck ve orta ebatl\u0131 yer ve duvar serami\u011fi, granit, granit seramik, mermer, klinker, mozaik, dekoratif tu\u011fla, do\u011falta\u015f, traverten gibi kaplama malzemelerinin, banyo, mutfak gibi \u0131slak hacimlerde, beton, s\u0131va, \u015fap gibi y\u00fczeyler \u00fczerine yap\u0131\u015ft\u0131r\u0131lmas\u0131nda kullan\u0131l\u0131r. \u00d6zellikleri:\u00a0Kolay uygulan\u0131r. \u00d6zellikle uzun \u00e7al\u0131\u015fma s\u00fcresiyle, zamandan ve i\u015f\u00e7ilikten tasarruf sa\u011flar. Y\u00fcksek yap\u0131\u015fma g\u00fcc\u00fcne sahiptir. Yap\u0131\u015ft\u0131r\u0131lan plakalar\u0131n uzun s\u00fcre d\u00fczeltilmesine imk\u00e2n sa\u011flar. Mala ile y\u00fczeye kolayca yay\u0131l\u0131r ve taraklan\u0131r. Uygulay\u0131c\u0131y\u0131 yormaz. Suya ve dona dayan\u0131kl\u0131d\u0131r. Y\u00fcksek stabilite sa\u011flar, d\u00fc\u015fey uygulamalarda sarkma yapmaz. Yukar\u0131dan a\u015fa\u011f\u0131 d\u00f6\u015feme imk\u00e2n\u0131 sa\u011flar. Farkl\u0131 ebatlarda, \u00e7e\u015fitli kaplama malzemeleriyle \u00e7al\u0131\u015fma imk\u00e2n\u0131 verir. Az malzeme ile \u00e7ok alan kaplar [&hellip;]<\/p>\n","protected":false},"author":3,"featured_media":0,"parent":0,"menu_order":0,"comment_status":"closed","ping_status":"closed","template":"page-full.php","meta":{"_joinchat":[],"footnotes":""},"class_list":["post-12717","page","type-page","status-publish","hentry"],"_links":{"self":[{"href":"https:\/\/etkiinsaat.com.tr\/index.php?rest_route=\/wp\/v2\/pages\/12717","targetHints":{"allow":["GET"]}}],"collection":[{"href":"https:\/\/etkiinsaat.com.tr\/index.php?rest_route=\/wp\/v2\/pages"}],"about":[{"href":"https:\/\/etkiinsaat.com.tr\/index.php?rest_route=\/wp\/v2\/types\/page"}],"author":[{"embeddable":true,"href":"https:\/\/etkiinsaat.com.tr\/index.php?rest_route=\/wp\/v2\/users\/3"}],"replies":[{"embeddable":true,"href":"https:\/\/etkiinsaat.com.tr\/index.php?rest_route=%2Fwp%2Fv2%2Fcomments&post=12717"}],"version-history":[{"count":4,"href":"https:\/\/etkiinsaat.com.tr\/index.php?rest_route=\/wp\/v2\/pages\/12717\/revisions"}],"predecessor-version":[{"id":12722,"href":"https:\/\/etkiinsaat.com.tr\/index.php?rest_route=\/wp\/v2\/pages\/12717\/revisions\/12722"}],"wp:attachment":[{"href":"https:\/\/etkiinsaat.com.tr\/index.php?rest_route=%2Fwp%2Fv2%2Fmedia&parent=12717"}],"curies":[{"name":"wp","href":"https:\/\/api.w.org\/{rel}","templated":true}]}}