{"id":12753,"date":"2023-09-18T19:42:43","date_gmt":"2023-09-18T16:42:43","guid":{"rendered":"https:\/\/etkiinsaat.com.tr\/?page_id=12753"},"modified":"2023-09-18T19:44:09","modified_gmt":"2023-09-18T16:44:09","slug":"fixa-hizli-sertlesen-fayans-ve-seramik-yapistirma-harci-2","status":"publish","type":"page","link":"https:\/\/etkiinsaat.com.tr\/?page_id=12753","title":{"rendered":"F\u0130XA H\u0131zl\u0131 Sertle\u015fen Fayans ve Seramik Yap\u0131\u015ft\u0131rma Harc\u0131"},"content":{"rendered":"\t\t<div data-elementor-type=\"wp-page\" data-elementor-id=\"12753\" class=\"elementor elementor-12753\">\n\t\t\t\t\t\t<section class=\"elementor-section elementor-top-section elementor-element elementor-element-4b41f93 elementor-section-boxed elementor-section-height-default elementor-section-height-default\" data-id=\"4b41f93\" data-element_type=\"section\" data-e-type=\"section\">\n\t\t\t\t\t\t<div class=\"elementor-container elementor-column-gap-default\">\n\t\t\t\t\t<div class=\"elementor-column elementor-col-33 elementor-top-column elementor-element elementor-element-9f83ccd\" data-id=\"9f83ccd\" data-element_type=\"column\" data-e-type=\"column\">\n\t\t\t<div class=\"elementor-widget-wrap elementor-element-populated\">\n\t\t\t\t\t\t<div class=\"elementor-element elementor-element-368567c elementor-widget elementor-widget-heading\" data-id=\"368567c\" data-element_type=\"widget\" data-e-type=\"widget\" data-widget_type=\"heading.default\">\n\t\t\t\t<div class=\"elementor-widget-container\">\n\t\t\t\t\t<h2 class=\"elementor-heading-title elementor-size-default\"><h1 style=\"margin-right: 0px;margin-bottom: 0px;margin-left: 0px;font-size: 30px;, sans-serif;font-weight: 600;line-height: 1.1\">F\u0130XA H\u0131zl\u0131 Sertle\u015fen Fayans ve Seramik Yap\u0131\u015ft\u0131rma Harc\u0131<\/h1><span style=\"font-size: 15px;, sans-serif\">C1FT (Beyaz)<\/span><\/h2>\t\t\t\t<\/div>\n\t\t\t\t<\/div>\n\t\t\t\t<div class=\"elementor-element elementor-element-270d6b1 elementor-widget elementor-widget-image\" data-id=\"270d6b1\" data-element_type=\"widget\" data-e-type=\"widget\" data-widget_type=\"image.default\">\n\t\t\t\t<div class=\"elementor-widget-container\">\n\t\t\t\t\t\t\t\t\t\t\t\t\t\t\t<img decoding=\"async\" src=\"https:\/\/etkiinsaat.com.tr\/wp-content\/uploads\/2023\/09\/127.jpg\" title=\"127\" alt=\"127\" loading=\"lazy\" \/>\t\t\t\t\t\t\t\t\t\t\t\t\t\t\t<\/div>\n\t\t\t\t<\/div>\n\t\t\t\t<div class=\"elementor-element elementor-element-721440c elementor-widget elementor-widget-text-editor\" data-id=\"721440c\" data-element_type=\"widget\" data-e-type=\"widget\" data-widget_type=\"text-editor.default\">\n\t\t\t\t<div class=\"elementor-widget-container\">\n\t\t\t\t\t\t\t\t\t<p><span style=\"font-weight: 600; color: #444444; font-family: 'Open Sans', sans-serif; font-size: 14px;\">\u00dcr\u00fcn Kodu:\u00a0<\/span><span style=\"color: #444444; font-family: 'Open Sans', sans-serif; font-size: 14px;\">11825.01<\/span><\/p>\t\t\t\t\t\t\t\t<\/div>\n\t\t\t\t<\/div>\n\t\t\t\t\t<\/div>\n\t\t<\/div>\n\t\t\t\t<div class=\"elementor-column elementor-col-66 elementor-top-column elementor-element elementor-element-b0224bc\" data-id=\"b0224bc\" data-element_type=\"column\" data-e-type=\"column\">\n\t\t\t<div class=\"elementor-widget-wrap elementor-element-populated\">\n\t\t\t\t\t\t<div class=\"elementor-element elementor-element-0444a38 elementor-widget elementor-widget-text-editor\" data-id=\"0444a38\" data-element_type=\"widget\" data-e-type=\"widget\" data-widget_type=\"text-editor.default\">\n\t\t\t\t<div class=\"elementor-widget-container\">\n\t\t\t\t\t\t\t\t\t<p style=\"margin-right: 0px; margin-bottom: 10px; margin-left: 0px; line-height: 24px; color: #444444; font-family: 'Open Sans', sans-serif; font-size: 14px;\"><span style=\"font-weight: 600;\">Tan\u0131m\u0131:<\/span>\u00a0Beyaz \u00e7imento esasl\u0131, tek bile\u015fenli, polimer katk\u0131l\u0131, h\u0131zl\u0131 sertle\u015fen, y\u00fcksek performansa ve stabiliteye sahip, kayma \u00f6zelli\u011fi azalt\u0131lm\u0131\u015f (C1FT) toz yap\u0131\u015ft\u0131rma harc\u0131d\u0131r.\u00a0<\/p><p style=\"margin-right: 0px; margin-bottom: 10px; margin-left: 0px; line-height: 24px; color: #444444; font-family: 'Open Sans', sans-serif; font-size: 14px;\"><span style=\"font-weight: 600;\">Kullan\u0131m Alanlar\u0131:<\/span><\/p><ul style=\"margin-right: 0px; margin-bottom: 15px; margin-left: 0px; list-style-position: initial; list-style-image: initial; padding: 0px 0px 0px 20px; line-height: 24px; color: #444444; font-family: 'Open Sans', sans-serif; font-size: 14px;\"><li>\u0130\u00e7 ve d\u0131\u015f mek\u00e2nlarda,\u00a0<\/li><li>Yatay ve d\u00fc\u015fey y\u00fczeylerde,<\/li><li>24 saat i\u00e7erisinde kullan\u0131ma a\u00e7\u0131lmas\u0131 istenen mek\u00e2nlarda,<\/li><li>K\u00fc\u00e7\u00fck ve orta ebatl\u0131, yer ve duvar serami\u011fi ve her t\u00fcrl\u00fc do\u011falta\u015f kaplamalar\u0131n yap\u0131\u015ft\u0131r\u0131lmas\u0131nda,<\/li><li>Yo\u011fun yaya trafi\u011fine maruz kalan i\u015fyerleri, al\u0131\u015fveri\u015f merkezleri, okul, hastane gibi mek\u00e2nlarda,<\/li><li>Alttan \u0131s\u0131tmal\u0131 sistemlerde,<\/li><li>Eski granit ve mermer y\u00fczeyler \u00fczerine seramik kaplamas\u0131nda kullan\u0131l\u0131r.<\/li><\/ul><div><div><span style=\"color: #444444; font-family: 'Open Sans', sans-serif;\"><span style=\"font-size: 14px;\"><span style=\"font-weight: bold;\">Teknik D\u00f6k\u00fcmanlar:<\/span><\/span><\/span><\/div><div>\u00a0<\/div><p><a href=\"https:\/\/fixa.com.tr\/upload\/2022\/12\/207-fixa-hizli-sertlesen-fayans-ve-seramik-yapistirma-harci-c1ft-beyaz.pdf\">\u00a0 \u00a0 \u00a0<img decoding=\"async\" class=\"alignnone wp-image-10426\" src=\"http:\/\/etkiinsaat.com.tr\/wp-content\/uploads\/2023\/09\/pdf-300x300.png\" alt=\"\" width=\"31\" height=\"31\" srcset=\"https:\/\/etkiinsaat.com.tr\/wp-content\/uploads\/2023\/09\/pdf-300x300.png 300w, https:\/\/etkiinsaat.com.tr\/wp-content\/uploads\/2023\/09\/pdf-150x150.png 150w, https:\/\/etkiinsaat.com.tr\/wp-content\/uploads\/2023\/09\/pdf-201x201.png 201w, https:\/\/etkiinsaat.com.tr\/wp-content\/uploads\/2023\/09\/pdf-402x402.png 402w, https:\/\/etkiinsaat.com.tr\/wp-content\/uploads\/2023\/09\/pdf-350x350.png 350w, https:\/\/etkiinsaat.com.tr\/wp-content\/uploads\/2023\/09\/pdf-450x450.png 450w, https:\/\/etkiinsaat.com.tr\/wp-content\/uploads\/2023\/09\/pdf-285x285.png 285w, https:\/\/etkiinsaat.com.tr\/wp-content\/uploads\/2023\/09\/pdf-100x100.png 100w, https:\/\/etkiinsaat.com.tr\/wp-content\/uploads\/2023\/09\/pdf.png 512w\" sizes=\"(max-width: 31px) 100vw, 31px\" \/><span style=\"font-weight: bolder;\">\u00dcr\u00fcn Tan\u0131t\u0131m Dok\u00fcman\u0131<\/span><\/a><\/p><p><a href=\"https:\/\/fixa.com.tr\/upload\/2023\/02\/fixa-hizli-sertlesen-fayans-ve-seramik-yapistirma-harci-c1ft-beyaz.pdf\"><span style=\"font-weight: bolder;\">\u00a0 \u00a0 \u00a0<img decoding=\"async\" class=\"alignnone wp-image-10426\" src=\"http:\/\/etkiinsaat.com.tr\/wp-content\/uploads\/2023\/09\/pdf-300x300.png\" alt=\"\" width=\"31\" height=\"31\" srcset=\"https:\/\/etkiinsaat.com.tr\/wp-content\/uploads\/2023\/09\/pdf-300x300.png 300w, https:\/\/etkiinsaat.com.tr\/wp-content\/uploads\/2023\/09\/pdf-150x150.png 150w, https:\/\/etkiinsaat.com.tr\/wp-content\/uploads\/2023\/09\/pdf-201x201.png 201w, https:\/\/etkiinsaat.com.tr\/wp-content\/uploads\/2023\/09\/pdf-402x402.png 402w, https:\/\/etkiinsaat.com.tr\/wp-content\/uploads\/2023\/09\/pdf-350x350.png 350w, https:\/\/etkiinsaat.com.tr\/wp-content\/uploads\/2023\/09\/pdf-450x450.png 450w, https:\/\/etkiinsaat.com.tr\/wp-content\/uploads\/2023\/09\/pdf-285x285.png 285w, https:\/\/etkiinsaat.com.tr\/wp-content\/uploads\/2023\/09\/pdf-100x100.png 100w, https:\/\/etkiinsaat.com.tr\/wp-content\/uploads\/2023\/09\/pdf.png 512w\" sizes=\"(max-width: 31px) 100vw, 31px\" \/>Teknik Bilgi F\u00f6y\u00fc (TBF)<\/span><\/a><\/p><\/div>\t\t\t\t\t\t\t\t<\/div>\n\t\t\t\t<\/div>\n\t\t\t\t\t<\/div>\n\t\t<\/div>\n\t\t\t\t\t<\/div>\n\t\t<\/section>\n\t\t\t\t<\/div>\n\t\t","protected":false},"excerpt":{"rendered":"<p>F\u0130XA H\u0131zl\u0131 Sertle\u015fen Fayans ve Seramik Yap\u0131\u015ft\u0131rma Harc\u0131 C1FT (Beyaz) \u00dcr\u00fcn Kodu:\u00a011825.01 Tan\u0131m\u0131:\u00a0Beyaz \u00e7imento esasl\u0131, tek bile\u015fenli, polimer katk\u0131l\u0131, h\u0131zl\u0131 sertle\u015fen, y\u00fcksek performansa ve stabiliteye sahip, kayma \u00f6zelli\u011fi azalt\u0131lm\u0131\u015f (C1FT) toz yap\u0131\u015ft\u0131rma harc\u0131d\u0131r.\u00a0 Kullan\u0131m Alanlar\u0131: \u0130\u00e7 ve d\u0131\u015f mek\u00e2nlarda,\u00a0 Yatay ve d\u00fc\u015fey y\u00fczeylerde, 24 saat i\u00e7erisinde kullan\u0131ma a\u00e7\u0131lmas\u0131 istenen mek\u00e2nlarda, K\u00fc\u00e7\u00fck ve orta ebatl\u0131, yer ve duvar serami\u011fi ve her t\u00fcrl\u00fc do\u011falta\u015f kaplamalar\u0131n yap\u0131\u015ft\u0131r\u0131lmas\u0131nda, Yo\u011fun yaya trafi\u011fine maruz kalan i\u015fyerleri, al\u0131\u015fveri\u015f merkezleri, okul, hastane gibi mek\u00e2nlarda, Alttan \u0131s\u0131tmal\u0131 sistemlerde, Eski granit ve mermer y\u00fczeyler \u00fczerine seramik kaplamas\u0131nda kullan\u0131l\u0131r. Teknik D\u00f6k\u00fcmanlar:\u00a0 \u00a0 \u00a0 \u00a0\u00dcr\u00fcn Tan\u0131t\u0131m Dok\u00fcman\u0131 \u00a0 \u00a0 \u00a0Teknik Bilgi F\u00f6y\u00fc (TBF)<\/p>\n","protected":false},"author":3,"featured_media":0,"parent":0,"menu_order":0,"comment_status":"closed","ping_status":"closed","template":"page-full.php","meta":{"_joinchat":[],"footnotes":""},"class_list":["post-12753","page","type-page","status-publish","hentry"],"_links":{"self":[{"href":"https:\/\/etkiinsaat.com.tr\/index.php?rest_route=\/wp\/v2\/pages\/12753","targetHints":{"allow":["GET"]}}],"collection":[{"href":"https:\/\/etkiinsaat.com.tr\/index.php?rest_route=\/wp\/v2\/pages"}],"about":[{"href":"https:\/\/etkiinsaat.com.tr\/index.php?rest_route=\/wp\/v2\/types\/page"}],"author":[{"embeddable":true,"href":"https:\/\/etkiinsaat.com.tr\/index.php?rest_route=\/wp\/v2\/users\/3"}],"replies":[{"embeddable":true,"href":"https:\/\/etkiinsaat.com.tr\/index.php?rest_route=%2Fwp%2Fv2%2Fcomments&post=12753"}],"version-history":[{"count":4,"href":"https:\/\/etkiinsaat.com.tr\/index.php?rest_route=\/wp\/v2\/pages\/12753\/revisions"}],"predecessor-version":[{"id":12758,"href":"https:\/\/etkiinsaat.com.tr\/index.php?rest_route=\/wp\/v2\/pages\/12753\/revisions\/12758"}],"wp:attachment":[{"href":"https:\/\/etkiinsaat.com.tr\/index.php?rest_route=%2Fwp%2Fv2%2Fmedia&parent=12753"}],"curies":[{"name":"wp","href":"https:\/\/api.w.org\/{rel}","templated":true}]}}