{"id":12771,"date":"2023-09-18T19:50:47","date_gmt":"2023-09-18T16:50:47","guid":{"rendered":"https:\/\/etkiinsaat.com.tr\/?page_id=12771"},"modified":"2023-09-18T19:54:58","modified_gmt":"2023-09-18T16:54:58","slug":"fixa-flex-granit-seramik-yapistirma-harci","status":"publish","type":"page","link":"https:\/\/etkiinsaat.com.tr\/?page_id=12771","title":{"rendered":"FIXA FLEX Granit Seramik Yap\u0131\u015ft\u0131rma Harc\u0131"},"content":{"rendered":"\t\t<div data-elementor-type=\"wp-page\" data-elementor-id=\"12771\" class=\"elementor elementor-12771\">\n\t\t\t\t\t\t<section class=\"elementor-section elementor-top-section elementor-element elementor-element-f17b11b elementor-section-boxed elementor-section-height-default elementor-section-height-default\" data-id=\"f17b11b\" data-element_type=\"section\" data-e-type=\"section\">\n\t\t\t\t\t\t<div class=\"elementor-container elementor-column-gap-default\">\n\t\t\t\t\t<div class=\"elementor-column elementor-col-33 elementor-top-column elementor-element elementor-element-ad31c97\" data-id=\"ad31c97\" data-element_type=\"column\" data-e-type=\"column\">\n\t\t\t<div class=\"elementor-widget-wrap elementor-element-populated\">\n\t\t\t\t\t\t<div class=\"elementor-element elementor-element-6988206 elementor-widget elementor-widget-heading\" data-id=\"6988206\" data-element_type=\"widget\" data-e-type=\"widget\" data-widget_type=\"heading.default\">\n\t\t\t\t<div class=\"elementor-widget-container\">\n\t\t\t\t\t<h2 class=\"elementor-heading-title elementor-size-default\"><div class=\"row\" style=\"margin-right: -15px;margin-left: -15px;, sans-serif;font-size: 14px;font-weight: 400;text-align: start\"><div class=\"col-xs-12 text-center wow fadeIn animated\" style=\"position: relative;min-height: 1px;padding-right: 15px;padding-left: 15px;float: left;width: 1170px\"><h1 style=\"margin-right: 0px;margin-bottom: 0px;margin-left: 0px;font-size: 30px;font-family: inherit;font-weight: 600;line-height: 1.1;color: inherit\"><h1 style=\"margin-right: 0px;margin-bottom: 0px;margin-left: 0px;font-size: 30px;font-weight: 600;line-height: 1.1\">FIXA FLEX Granit Seramik Yap\u0131\u015ft\u0131rma Harc\u0131<span style=\"font-size: 15px;line-height: 20px\">C2TE<\/span><\/h1><\/h1><\/div><\/div><div class=\"row\" style=\"margin-right: -15px;margin-left: -15px;, sans-serif;font-size: 14px;font-weight: 400;text-align: start\"><\/div><\/h2>\t\t\t\t<\/div>\n\t\t\t\t<\/div>\n\t\t\t\t<div class=\"elementor-element elementor-element-baf9a0f elementor-widget elementor-widget-image\" data-id=\"baf9a0f\" data-element_type=\"widget\" data-e-type=\"widget\" data-widget_type=\"image.default\">\n\t\t\t\t<div class=\"elementor-widget-container\">\n\t\t\t\t\t\t\t\t\t\t\t\t\t\t\t<img decoding=\"async\" src=\"https:\/\/etkiinsaat.com.tr\/wp-content\/uploads\/2023\/09\/130.jpg\" title=\"130\" alt=\"130\" loading=\"lazy\" \/>\t\t\t\t\t\t\t\t\t\t\t\t\t\t\t<\/div>\n\t\t\t\t<\/div>\n\t\t\t\t<div class=\"elementor-element elementor-element-f46ce04 elementor-widget elementor-widget-text-editor\" data-id=\"f46ce04\" data-element_type=\"widget\" data-e-type=\"widget\" data-widget_type=\"text-editor.default\">\n\t\t\t\t<div class=\"elementor-widget-container\">\n\t\t\t\t\t\t\t\t\t<p style=\"margin-right: 0px; margin-bottom: 10px; margin-left: 0px; color: #444444; font-family: 'Open Sans', sans-serif; font-size: 14px;\"><span style=\"font-weight: 600;\">\u00dcr\u00fcn Kodu:\u00a0<\/span>10525<\/p><p style=\"margin-right: 0px; margin-bottom: 10px; margin-left: 0px; color: #444444; font-family: 'Open Sans', sans-serif; font-size: 14px;\"><span style=\"font-weight: 600;\">\u00c7\u015eB Malzeme Poz No:\u00a0<\/span>10.300.2203<\/p>\t\t\t\t\t\t\t\t<\/div>\n\t\t\t\t<\/div>\n\t\t\t\t\t<\/div>\n\t\t<\/div>\n\t\t\t\t<div class=\"elementor-column elementor-col-66 elementor-top-column elementor-element elementor-element-7c14286\" data-id=\"7c14286\" data-element_type=\"column\" data-e-type=\"column\">\n\t\t\t<div class=\"elementor-widget-wrap elementor-element-populated\">\n\t\t\t\t\t\t<div class=\"elementor-element elementor-element-72d78df elementor-widget__width-initial elementor-widget elementor-widget-text-editor\" data-id=\"72d78df\" data-element_type=\"widget\" data-e-type=\"widget\" data-widget_type=\"text-editor.default\">\n\t\t\t\t<div class=\"elementor-widget-container\">\n\t\t\t\t\t\t\t\t\t<p style=\"margin-right: 0px; margin-bottom: 10px; margin-left: 0px; line-height: 24px; color: #444444; font-family: 'Open Sans', sans-serif; font-size: 14px;\"><span style=\"font-weight: 600;\">Tan\u0131m\u0131 ve Kullan\u0131m Alanlar\u0131:<\/span>\u00a0Y\u00fcksek performansa ve stabiliteye sahip esnek bir yap\u0131\u015ft\u0131rma harc\u0131d\u0131r. Uzun \u00e7al\u0131\u015fma s\u00fcrelidir. B\u00fcy\u00fck ebatl\u0131 yer ve duvar serami\u011fi, granit, granit seramik, mermer, klinker ve her t\u00fcrl\u00fc do\u011falta\u015f kaplama malzemesinin d\u00f6\u015fenmesinde, yo\u011fun yaya trafi\u011fine maruz kalan i\u015fyerleri, al\u0131\u015fveri\u015f merkezleri, okul, hastane gibi mekanlarda, eski granit ve mermer y\u00fczeyler \u00fczerine seramik kaplamas\u0131nda kullan\u0131l\u0131r. \u0130\u00e7 ve d\u0131\u015f mekanlarda, yatay ve d\u00fc\u015fey y\u00fczeyler ile alttan \u0131s\u0131tmal\u0131 sistemlerde kullan\u0131ma uygundur.<\/p><p style=\"margin-right: 0px; margin-bottom: 10px; margin-left: 0px; line-height: 24px; color: #444444; font-family: 'Open Sans', sans-serif; font-size: 14px;\"><span style=\"font-weight: 600;\">\u00d6zellikleri<\/span>: Beyaz \u00e7imento esasl\u0131, tek bile\u015fenlidir. Polimer katk\u0131l\u0131d\u0131r. Kayma \u00f6zelli\u011fi azalt\u0131lm\u0131\u015ft\u0131r. \u00c7ok esnek ve g\u00fc\u00e7l\u00fc yap\u0131\u015fma sa\u011flar. \u0130\u015fleme s\u00fcresi uzundur, zamandan ve i\u015f\u00e7ilikten tasarruf sa\u011flar. Yap\u0131\u015ft\u0131r\u0131lan plakalar\u0131n uzun s\u00fcre d\u00fczeltilmesine imkan sunar. Y\u00fcksek stabilite sa\u011flar, d\u00fc\u015fey uygulamalarda sarkma yapmaz. Yukar\u0131dan a\u015fa\u011f\u0131 d\u00f6\u015fenebilir. Suya ve dona dayan\u0131kl\u0131d\u0131r, s\u0131cakl\u0131k de\u011fi\u015fikliklerinden etkilenmez. Beyaz renginden dolay\u0131 dekoratiftir. Beyaz derz ile ayn\u0131 renkte oldu\u011fu i\u00e7in daha kolay derz uygulamas\u0131na ge\u00e7ilebilir<\/p><div>\u00a0<\/div><div><div><span style=\"color: #444444; font-family: 'Open Sans', sans-serif;\"><span style=\"font-size: 14px;\"><span style=\"font-weight: bold;\">Teknik D\u00f6k\u00fcmanlar:<\/span><\/span><\/span><\/div><p><a href=\"https:\/\/fixa.com.tr\/upload\/2022\/12\/fixa-kaba-siva-el-sivasi-beyaz.pdf\"><span style=\"font-weight: bolder;\">\u00a0 \u00a0 \u00a0<img decoding=\"async\" src=\"http:\/\/etkiinsaat.com.tr\/wp-content\/uploads\/2023\/09\/pdf-300x300.png\" alt=\"\" width=\"31\" height=\"31\" \/>Teknik Bilgi F\u00f6y\u00fc (TBF)<\/span><\/a><\/p><p><a href=\"https:\/\/fixa.com.tr\/upload\/2022\/08\/strafixdeksiva-kabasiva-998-1-2022-023684-1402.pdf\"><span style=\"font-weight: bolder;\">\u00a0 \u00a0 \u00a0<img decoding=\"async\" src=\"http:\/\/etkiinsaat.com.tr\/wp-content\/uploads\/2023\/09\/pdf-300x300.png\" alt=\"\" width=\"31\" height=\"31\" \/>TSE Belgesi<\/span><\/a><\/p><\/div>\t\t\t\t\t\t\t\t<\/div>\n\t\t\t\t<\/div>\n\t\t\t\t\t<\/div>\n\t\t<\/div>\n\t\t\t\t\t<\/div>\n\t\t<\/section>\n\t\t\t\t<\/div>\n\t\t","protected":false},"excerpt":{"rendered":"<p>FIXA FLEX Granit Seramik Yap\u0131\u015ft\u0131rma Harc\u0131C2TE \u00dcr\u00fcn Kodu:\u00a010525 \u00c7\u015eB Malzeme Poz No:\u00a010.300.2203 Tan\u0131m\u0131 ve Kullan\u0131m Alanlar\u0131:\u00a0Y\u00fcksek performansa ve stabiliteye sahip esnek bir yap\u0131\u015ft\u0131rma harc\u0131d\u0131r. Uzun \u00e7al\u0131\u015fma s\u00fcrelidir. B\u00fcy\u00fck ebatl\u0131 yer ve duvar serami\u011fi, granit, granit seramik, mermer, klinker ve her t\u00fcrl\u00fc do\u011falta\u015f kaplama malzemesinin d\u00f6\u015fenmesinde, yo\u011fun yaya trafi\u011fine maruz kalan i\u015fyerleri, al\u0131\u015fveri\u015f merkezleri, okul, hastane gibi mekanlarda, eski granit ve mermer y\u00fczeyler \u00fczerine seramik kaplamas\u0131nda kullan\u0131l\u0131r. \u0130\u00e7 ve d\u0131\u015f mekanlarda, yatay ve d\u00fc\u015fey y\u00fczeyler ile alttan \u0131s\u0131tmal\u0131 sistemlerde kullan\u0131ma uygundur. \u00d6zellikleri: Beyaz \u00e7imento esasl\u0131, tek bile\u015fenlidir. Polimer katk\u0131l\u0131d\u0131r. Kayma \u00f6zelli\u011fi azalt\u0131lm\u0131\u015ft\u0131r. \u00c7ok esnek ve g\u00fc\u00e7l\u00fc yap\u0131\u015fma sa\u011flar. \u0130\u015fleme s\u00fcresi uzundur, zamandan ve i\u015f\u00e7ilikten tasarruf sa\u011flar. Yap\u0131\u015ft\u0131r\u0131lan plakalar\u0131n uzun s\u00fcre d\u00fczeltilmesine imkan sunar. Y\u00fcksek stabilite sa\u011flar, d\u00fc\u015fey uygulamalarda sarkma yapmaz. Yukar\u0131dan a\u015fa\u011f\u0131 d\u00f6\u015fenebilir. Suya ve dona dayan\u0131kl\u0131d\u0131r, s\u0131cakl\u0131k de\u011fi\u015fikliklerinden etkilenmez. Beyaz renginden dolay\u0131 dekoratiftir. Beyaz derz ile ayn\u0131 renkte oldu\u011fu i\u00e7in daha kolay derz uygulamas\u0131na ge\u00e7ilebilir \u00a0Teknik D\u00f6k\u00fcmanlar: \u00a0 \u00a0 \u00a0Teknik [&hellip;]<\/p>\n","protected":false},"author":3,"featured_media":0,"parent":0,"menu_order":0,"comment_status":"closed","ping_status":"closed","template":"page-full.php","meta":{"_joinchat":[],"footnotes":""},"class_list":["post-12771","page","type-page","status-publish","hentry"],"_links":{"self":[{"href":"https:\/\/etkiinsaat.com.tr\/index.php?rest_route=\/wp\/v2\/pages\/12771","targetHints":{"allow":["GET"]}}],"collection":[{"href":"https:\/\/etkiinsaat.com.tr\/index.php?rest_route=\/wp\/v2\/pages"}],"about":[{"href":"https:\/\/etkiinsaat.com.tr\/index.php?rest_route=\/wp\/v2\/types\/page"}],"author":[{"embeddable":true,"href":"https:\/\/etkiinsaat.com.tr\/index.php?rest_route=\/wp\/v2\/users\/3"}],"replies":[{"embeddable":true,"href":"https:\/\/etkiinsaat.com.tr\/index.php?rest_route=%2Fwp%2Fv2%2Fcomments&post=12771"}],"version-history":[{"count":4,"href":"https:\/\/etkiinsaat.com.tr\/index.php?rest_route=\/wp\/v2\/pages\/12771\/revisions"}],"predecessor-version":[{"id":12776,"href":"https:\/\/etkiinsaat.com.tr\/index.php?rest_route=\/wp\/v2\/pages\/12771\/revisions\/12776"}],"wp:attachment":[{"href":"https:\/\/etkiinsaat.com.tr\/index.php?rest_route=%2Fwp%2Fv2%2Fmedia&parent=12771"}],"curies":[{"name":"wp","href":"https:\/\/api.w.org\/{rel}","templated":true}]}}