{"id":12829,"date":"2023-09-18T20:37:21","date_gmt":"2023-09-18T17:37:21","guid":{"rendered":"https:\/\/etkiinsaat.com.tr\/?page_id=12829"},"modified":"2023-09-18T20:38:31","modified_gmt":"2023-09-18T17:38:31","slug":"highflex-fluid-granit-seramik-yapistirma-harci-2","status":"publish","type":"page","link":"https:\/\/etkiinsaat.com.tr\/?page_id=12829","title":{"rendered":"HIGHFLEX FLUID Granit Seramik Yap\u0131\u015ft\u0131rma Harc\u0131"},"content":{"rendered":"\t\t<div data-elementor-type=\"wp-page\" data-elementor-id=\"12829\" class=\"elementor elementor-12829\">\n\t\t\t\t\t\t<section class=\"elementor-section elementor-top-section elementor-element elementor-element-2ff683b elementor-section-boxed elementor-section-height-default elementor-section-height-default\" data-id=\"2ff683b\" data-element_type=\"section\" data-e-type=\"section\">\n\t\t\t\t\t\t<div class=\"elementor-container elementor-column-gap-default\">\n\t\t\t\t\t<div class=\"elementor-column elementor-col-33 elementor-top-column elementor-element elementor-element-b7abb86\" data-id=\"b7abb86\" data-element_type=\"column\" data-e-type=\"column\">\n\t\t\t<div class=\"elementor-widget-wrap elementor-element-populated\">\n\t\t\t\t\t\t<div class=\"elementor-element elementor-element-26f7ad7 elementor-widget elementor-widget-heading\" data-id=\"26f7ad7\" data-element_type=\"widget\" data-e-type=\"widget\" data-widget_type=\"heading.default\">\n\t\t\t\t<div class=\"elementor-widget-container\">\n\t\t\t\t\t<h2 class=\"elementor-heading-title elementor-size-default\"><h1 style=\"margin-right: 0px;margin-bottom: 0px;margin-left: 0px;font-size: 30px;, sans-serif;font-weight: 600;line-height: 1.1\">HIGHFLEX FLUID Granit Seramik Yap\u0131\u015ft\u0131rma Harc\u0131<\/h1><span style=\"font-size: 15px;, sans-serif\">C2ES1<\/span><\/h2>\t\t\t\t<\/div>\n\t\t\t\t<\/div>\n\t\t\t\t<div class=\"elementor-element elementor-element-fbead4d elementor-widget elementor-widget-image\" data-id=\"fbead4d\" data-element_type=\"widget\" data-e-type=\"widget\" data-widget_type=\"image.default\">\n\t\t\t\t<div class=\"elementor-widget-container\">\n\t\t\t\t\t\t\t\t\t\t\t\t\t\t\t<img decoding=\"async\" src=\"https:\/\/etkiinsaat.com.tr\/wp-content\/uploads\/2023\/09\/136-1.jpg\" title=\"136\" alt=\"136\" loading=\"lazy\" \/>\t\t\t\t\t\t\t\t\t\t\t\t\t\t\t<\/div>\n\t\t\t\t<\/div>\n\t\t\t\t<div class=\"elementor-element elementor-element-f51cd85 elementor-widget elementor-widget-text-editor\" data-id=\"f51cd85\" data-element_type=\"widget\" data-e-type=\"widget\" data-widget_type=\"text-editor.default\">\n\t\t\t\t<div class=\"elementor-widget-container\">\n\t\t\t\t\t\t\t\t\t<p><span style=\"font-weight: 600; color: #444444; font-family: 'Open Sans', sans-serif; font-size: 14px;\">\u00dcr\u00fcn Kodu:\u00a0<\/span><span style=\"color: #444444; font-family: 'Open Sans', sans-serif; font-size: 14px;\">11225<\/span><\/p>\t\t\t\t\t\t\t\t<\/div>\n\t\t\t\t<\/div>\n\t\t\t\t\t<\/div>\n\t\t<\/div>\n\t\t\t\t<div class=\"elementor-column elementor-col-66 elementor-top-column elementor-element elementor-element-19a9262\" data-id=\"19a9262\" data-element_type=\"column\" data-e-type=\"column\">\n\t\t\t<div class=\"elementor-widget-wrap elementor-element-populated\">\n\t\t\t\t\t\t<div class=\"elementor-element elementor-element-8fc806c elementor-widget elementor-widget-text-editor\" data-id=\"8fc806c\" data-element_type=\"widget\" data-e-type=\"widget\" data-widget_type=\"text-editor.default\">\n\t\t\t\t<div class=\"elementor-widget-container\">\n\t\t\t\t\t\t\t\t\t<p style=\"margin-right: 0px; margin-bottom: 10px; margin-left: 0px; line-height: 24px; color: #444444; font-family: 'Open Sans', sans-serif; font-size: 14px;\"><span style=\"font-weight: 600;\">Tan\u0131m\u0131 Kullan\u0131m Alanlar\u0131:<\/span>\u00a0\u00c7imento esasl\u0131, tek bile\u015fenli, polimer katk\u0131l\u0131, S1 s\u0131n\u0131f\u0131 \u00e7ok esnek, y\u00fcksek performansa ve stabiliteye sahip, ak\u0131\u015fkan k\u0131vam\u0131 ile uygulama kolayl\u0131\u011f\u0131 sunan ve uzun \u00e7al\u0131\u015fma s\u00fcreli bir toz yap\u0131\u015ft\u0131rma harc\u0131d\u0131r.<\/p><p style=\"margin-right: 0px; margin-bottom: 10px; margin-left: 0px; line-height: 24px; color: #444444; font-family: 'Open Sans', sans-serif; font-size: 14px;\">\u0130\u00e7 ve d\u0131\u015f mek\u00e2nlarda, yatay y\u00fczeylerde beton, \u015fap, betopan gibi \u00e7imento esasl\u0131 plakalar ve ta\u015f y\u00fcn\u00fc, ekspande, ekstr\u00fcde gibi izolasyon plakalar\u0131 \u00fczerine, b\u00fcy\u00fck ebatl\u0131 yer serami\u011fi, granit, granit seramik, mermer, klinker, dekoratif tu\u011fla, cam mozaik, kotto ve her t\u00fcrl\u00fc do\u011falta\u015f kaplama malzemesinin d\u00f6\u015fenmesinde, yo\u011fun yaya trafi\u011fine maruz kalan i\u015fyerleri, al\u0131\u015fveri\u015f merkezleri, okul, hastane gibi mek\u00e2nlarda, y\u00fcksek a\u011f\u0131rl\u0131klara maruz kalan fabrika, at\u00f6lye gibi end\u00fcstriyel alanlarda, so\u011fuk hava depolar\u0131, \u015foklama tesisleri ve alttan \u0131s\u0131tmal\u0131 sistemler gibi s\u0131cakl\u0131k de\u011fi\u015fimlerinin fazla oldu\u011fu alanlarda, havuz, su deposu, teras ve balkon gibi suya ve d\u0131\u015f hava \u015fartlar\u0131na maruz kalan mek\u00e2nlarda, eski granit ve mermer y\u00fczeyler \u00fczerine seramik kaplamas\u0131nda kullan\u0131l\u0131r.<\/p><p style=\"margin-right: 0px; margin-bottom: 10px; margin-left: 0px; line-height: 24px; color: #444444; font-family: 'Open Sans', sans-serif; font-size: 14px;\"><span style=\"font-weight: 600;\">\u00d6zellikleri:\u00a0<\/span>\u00c7ok esnektir ve g\u00fc\u00e7l\u00fc yap\u0131\u015fma sa\u011flar. Enine \u015fekil de\u011fi\u015ftirebilme \u00f6zelli\u011fine sahiptir. Suya ve dona dayan\u0131kl\u0131d\u0131r, ani s\u0131cakl\u0131k de\u011fi\u015fimi sebebi ile olu\u015fan y\u00fczey gerilmelerine diren\u00e7lidir. Zemindeki bo\u015fluklar veya bozukluklar 5 mm\u2019ye kadar HIGHFLEX FLUID Granit Seramik Yap\u0131\u015ft\u0131rma Harc\u0131 ile d\u00fczeltilebilir. \u0130\u015fleme s\u00fcresi uzundur, zamandan ve i\u015f\u00e7ilikten tasarruf sa\u011flar. Yap\u0131\u015ft\u0131r\u0131lan plakalar\u0131n uzun s\u00fcre d\u00fczeltilmesine imk\u00e2n sa\u011flar. Y\u00fcksek stabilite sa\u011flar, zemin uygulamalar\u0131nda ak\u0131\u015fkan k\u0131vam\u0131 ile uygulama kolayl\u0131\u011f\u0131 imk\u00e2n\u0131 verir. K\u0131vam\u0131 sayesinde seramik ve her t\u00fcrl\u00fc do\u011falta\u015f\u0131n arka y\u00fczeyinin tamamen kaplanmas\u0131n\u0131 sa\u011flar. Seramik ve do\u011falta\u015flar\u0131n d\u00f6\u015fenmesi s\u0131ras\u0131nda kolay tesviye edilmesini sa\u011flar.<\/p><div><div><span style=\"color: #444444; font-family: 'Open Sans', sans-serif;\"><span style=\"font-size: 14px;\"><span style=\"font-weight: bold;\">Teknik D\u00f6k\u00fcmanlar:<\/span><\/span><\/span><\/div><div>\u00a0<\/div><p><a href=\"https:\/\/fixa.com.tr\/upload\/2022\/12\/218-highflex-fluid-granit-seramik-yapistirma-harci.pdf\">\u00a0 \u00a0 \u00a0<img decoding=\"async\" class=\"alignnone wp-image-10426\" src=\"http:\/\/etkiinsaat.com.tr\/wp-content\/uploads\/2023\/09\/pdf-300x300.png\" alt=\"\" width=\"31\" height=\"31\" srcset=\"https:\/\/etkiinsaat.com.tr\/wp-content\/uploads\/2023\/09\/pdf-300x300.png 300w, https:\/\/etkiinsaat.com.tr\/wp-content\/uploads\/2023\/09\/pdf-150x150.png 150w, https:\/\/etkiinsaat.com.tr\/wp-content\/uploads\/2023\/09\/pdf-201x201.png 201w, https:\/\/etkiinsaat.com.tr\/wp-content\/uploads\/2023\/09\/pdf-402x402.png 402w, https:\/\/etkiinsaat.com.tr\/wp-content\/uploads\/2023\/09\/pdf-350x350.png 350w, https:\/\/etkiinsaat.com.tr\/wp-content\/uploads\/2023\/09\/pdf-450x450.png 450w, https:\/\/etkiinsaat.com.tr\/wp-content\/uploads\/2023\/09\/pdf-285x285.png 285w, https:\/\/etkiinsaat.com.tr\/wp-content\/uploads\/2023\/09\/pdf-100x100.png 100w, https:\/\/etkiinsaat.com.tr\/wp-content\/uploads\/2023\/09\/pdf.png 512w\" sizes=\"(max-width: 31px) 100vw, 31px\" \/><span style=\"font-weight: bolder;\">\u00dcr\u00fcn Tan\u0131t\u0131m Dok\u00fcman\u0131<\/span><\/a><\/p><p><a href=\"https:\/\/fixa.com.tr\/upload\/2023\/02\/highflex-fluid-granit-seramik-yapistirma-harci.pdf\"><span style=\"font-weight: bolder;\">\u00a0 \u00a0 \u00a0<img decoding=\"async\" class=\"alignnone wp-image-10426\" src=\"http:\/\/etkiinsaat.com.tr\/wp-content\/uploads\/2023\/09\/pdf-300x300.png\" alt=\"\" width=\"31\" height=\"31\" srcset=\"https:\/\/etkiinsaat.com.tr\/wp-content\/uploads\/2023\/09\/pdf-300x300.png 300w, https:\/\/etkiinsaat.com.tr\/wp-content\/uploads\/2023\/09\/pdf-150x150.png 150w, https:\/\/etkiinsaat.com.tr\/wp-content\/uploads\/2023\/09\/pdf-201x201.png 201w, https:\/\/etkiinsaat.com.tr\/wp-content\/uploads\/2023\/09\/pdf-402x402.png 402w, https:\/\/etkiinsaat.com.tr\/wp-content\/uploads\/2023\/09\/pdf-350x350.png 350w, https:\/\/etkiinsaat.com.tr\/wp-content\/uploads\/2023\/09\/pdf-450x450.png 450w, https:\/\/etkiinsaat.com.tr\/wp-content\/uploads\/2023\/09\/pdf-285x285.png 285w, https:\/\/etkiinsaat.com.tr\/wp-content\/uploads\/2023\/09\/pdf-100x100.png 100w, https:\/\/etkiinsaat.com.tr\/wp-content\/uploads\/2023\/09\/pdf.png 512w\" sizes=\"(max-width: 31px) 100vw, 31px\" \/>Teknik Bilgi F\u00f6y\u00fc (TBF)<\/span><\/a><\/p><p>\u00a0<\/p><\/div>\t\t\t\t\t\t\t\t<\/div>\n\t\t\t\t<\/div>\n\t\t\t\t\t<\/div>\n\t\t<\/div>\n\t\t\t\t\t<\/div>\n\t\t<\/section>\n\t\t\t\t<\/div>\n\t\t","protected":false},"excerpt":{"rendered":"<p>HIGHFLEX FLUID Granit Seramik Yap\u0131\u015ft\u0131rma Harc\u0131 C2ES1 \u00dcr\u00fcn Kodu:\u00a011225 Tan\u0131m\u0131 Kullan\u0131m Alanlar\u0131:\u00a0\u00c7imento esasl\u0131, tek bile\u015fenli, polimer katk\u0131l\u0131, S1 s\u0131n\u0131f\u0131 \u00e7ok esnek, y\u00fcksek performansa ve stabiliteye sahip, ak\u0131\u015fkan k\u0131vam\u0131 ile uygulama kolayl\u0131\u011f\u0131 sunan ve uzun \u00e7al\u0131\u015fma s\u00fcreli bir toz yap\u0131\u015ft\u0131rma harc\u0131d\u0131r. \u0130\u00e7 ve d\u0131\u015f mek\u00e2nlarda, yatay y\u00fczeylerde beton, \u015fap, betopan gibi \u00e7imento esasl\u0131 plakalar ve ta\u015f y\u00fcn\u00fc, ekspande, ekstr\u00fcde gibi izolasyon plakalar\u0131 \u00fczerine, b\u00fcy\u00fck ebatl\u0131 yer serami\u011fi, granit, granit seramik, mermer, klinker, dekoratif tu\u011fla, cam mozaik, kotto ve her t\u00fcrl\u00fc do\u011falta\u015f kaplama malzemesinin d\u00f6\u015fenmesinde, yo\u011fun yaya trafi\u011fine maruz kalan i\u015fyerleri, al\u0131\u015fveri\u015f merkezleri, okul, hastane gibi mek\u00e2nlarda, y\u00fcksek a\u011f\u0131rl\u0131klara maruz kalan fabrika, at\u00f6lye gibi end\u00fcstriyel alanlarda, so\u011fuk hava depolar\u0131, \u015foklama tesisleri ve alttan \u0131s\u0131tmal\u0131 sistemler gibi s\u0131cakl\u0131k de\u011fi\u015fimlerinin fazla oldu\u011fu alanlarda, havuz, su deposu, teras ve balkon gibi suya ve d\u0131\u015f hava \u015fartlar\u0131na maruz kalan mek\u00e2nlarda, eski granit ve mermer y\u00fczeyler \u00fczerine seramik kaplamas\u0131nda kullan\u0131l\u0131r. \u00d6zellikleri:\u00a0\u00c7ok esnektir ve g\u00fc\u00e7l\u00fc yap\u0131\u015fma sa\u011flar. Enine [&hellip;]<\/p>\n","protected":false},"author":3,"featured_media":0,"parent":0,"menu_order":0,"comment_status":"closed","ping_status":"closed","template":"page-full.php","meta":{"_joinchat":[],"footnotes":""},"class_list":["post-12829","page","type-page","status-publish","hentry"],"_links":{"self":[{"href":"https:\/\/etkiinsaat.com.tr\/index.php?rest_route=\/wp\/v2\/pages\/12829","targetHints":{"allow":["GET"]}}],"collection":[{"href":"https:\/\/etkiinsaat.com.tr\/index.php?rest_route=\/wp\/v2\/pages"}],"about":[{"href":"https:\/\/etkiinsaat.com.tr\/index.php?rest_route=\/wp\/v2\/types\/page"}],"author":[{"embeddable":true,"href":"https:\/\/etkiinsaat.com.tr\/index.php?rest_route=\/wp\/v2\/users\/3"}],"replies":[{"embeddable":true,"href":"https:\/\/etkiinsaat.com.tr\/index.php?rest_route=%2Fwp%2Fv2%2Fcomments&post=12829"}],"version-history":[{"count":4,"href":"https:\/\/etkiinsaat.com.tr\/index.php?rest_route=\/wp\/v2\/pages\/12829\/revisions"}],"predecessor-version":[{"id":12834,"href":"https:\/\/etkiinsaat.com.tr\/index.php?rest_route=\/wp\/v2\/pages\/12829\/revisions\/12834"}],"wp:attachment":[{"href":"https:\/\/etkiinsaat.com.tr\/index.php?rest_route=%2Fwp%2Fv2%2Fmedia&parent=12829"}],"curies":[{"name":"wp","href":"https:\/\/api.w.org\/{rel}","templated":true}]}}