{"id":12835,"date":"2023-09-18T20:39:09","date_gmt":"2023-09-18T17:39:09","guid":{"rendered":"https:\/\/etkiinsaat.com.tr\/?page_id=12835"},"modified":"2023-09-18T20:40:49","modified_gmt":"2023-09-18T17:40:49","slug":"flex-granit-seramik-yapistirma-harci-cift-bilesenli","status":"publish","type":"page","link":"https:\/\/etkiinsaat.com.tr\/?page_id=12835","title":{"rendered":"FLEX Granit Seramik Yap\u0131\u015ft\u0131rma Harc\u0131 (\u00c7ift Bile\u015fenli)"},"content":{"rendered":"\t\t<div data-elementor-type=\"wp-page\" data-elementor-id=\"12835\" class=\"elementor elementor-12835\">\n\t\t\t\t\t\t<section class=\"elementor-section elementor-top-section elementor-element elementor-element-334bae2 elementor-section-boxed elementor-section-height-default elementor-section-height-default\" data-id=\"334bae2\" data-element_type=\"section\" data-e-type=\"section\">\n\t\t\t\t\t\t<div class=\"elementor-container elementor-column-gap-default\">\n\t\t\t\t\t<div class=\"elementor-column elementor-col-33 elementor-top-column elementor-element elementor-element-ba3c900\" data-id=\"ba3c900\" data-element_type=\"column\" data-e-type=\"column\">\n\t\t\t<div class=\"elementor-widget-wrap elementor-element-populated\">\n\t\t\t\t\t\t<div class=\"elementor-element elementor-element-f41caef elementor-widget elementor-widget-heading\" data-id=\"f41caef\" data-element_type=\"widget\" data-e-type=\"widget\" data-widget_type=\"heading.default\">\n\t\t\t\t<div class=\"elementor-widget-container\">\n\t\t\t\t\t<h2 class=\"elementor-heading-title elementor-size-default\"><h1 style=\"margin-right: 0px;margin-bottom: 0px;margin-left: 0px;font-size: 30px;, sans-serif;font-weight: 600;line-height: 1.1\">FLEX Granit Seramik Yap\u0131\u015ft\u0131rma Harc\u0131 (\u00c7ift Bile\u015fenli)<\/h1><span style=\"font-size: 15px;, sans-serif\">C2TES1<\/span><\/h2>\t\t\t\t<\/div>\n\t\t\t\t<\/div>\n\t\t\t\t<div class=\"elementor-element elementor-element-8992a38 elementor-widget elementor-widget-image\" data-id=\"8992a38\" data-element_type=\"widget\" data-e-type=\"widget\" data-widget_type=\"image.default\">\n\t\t\t\t<div class=\"elementor-widget-container\">\n\t\t\t\t\t\t\t\t\t\t\t\t\t\t\t<img decoding=\"async\" src=\"https:\/\/etkiinsaat.com.tr\/wp-content\/uploads\/2023\/09\/139.jpg\" title=\"139\" alt=\"139\" loading=\"lazy\" \/>\t\t\t\t\t\t\t\t\t\t\t\t\t\t\t<\/div>\n\t\t\t\t<\/div>\n\t\t\t\t<div class=\"elementor-element elementor-element-99f62dc elementor-widget elementor-widget-text-editor\" data-id=\"99f62dc\" data-element_type=\"widget\" data-e-type=\"widget\" data-widget_type=\"text-editor.default\">\n\t\t\t\t<div class=\"elementor-widget-container\">\n\t\t\t\t\t\t\t\t\t<p style=\"margin-right: 0px; margin-bottom: 10px; margin-left: 0px; color: #444444; font-family: 'Open Sans', sans-serif; font-size: 14px;\"><span style=\"font-weight: 600;\">\u00dcr\u00fcn Kodu:\u00a0<\/span>A Bile\u015feni:10525, B Bile\u015feni: 10606<\/p><p style=\"margin-right: 0px; margin-bottom: 10px; margin-left: 0px; color: #444444; font-family: 'Open Sans', sans-serif; font-size: 14px;\"><span style=\"font-weight: 600;\">\u00c7\u015eB Malzeme Poz No:\u00a0<\/span>10.300.2204<\/p>\t\t\t\t\t\t\t\t<\/div>\n\t\t\t\t<\/div>\n\t\t\t\t\t<\/div>\n\t\t<\/div>\n\t\t\t\t<div class=\"elementor-column elementor-col-66 elementor-top-column elementor-element elementor-element-95c9f30\" data-id=\"95c9f30\" data-element_type=\"column\" data-e-type=\"column\">\n\t\t\t<div class=\"elementor-widget-wrap elementor-element-populated\">\n\t\t\t\t\t\t<div class=\"elementor-element elementor-element-e6edb3d elementor-widget elementor-widget-text-editor\" data-id=\"e6edb3d\" data-element_type=\"widget\" data-e-type=\"widget\" data-widget_type=\"text-editor.default\">\n\t\t\t\t<div class=\"elementor-widget-container\">\n\t\t\t\t\t\t\t\t\t<p class=\"MsoNormal\" style=\"margin-right: 0px; margin-bottom: 10px; margin-left: 0px; line-height: 24px; color: #444444; font-family: 'Open Sans', sans-serif; font-size: 14px;\"><span style=\"font-weight: 600;\">Tan\u0131m\u0131 ve Kullan\u0131m Alanlar\u0131:<\/span>\u00a0A bile\u015feni \u00e7imento esasl\u0131, polimer katk\u0131l\u0131 toz bir har\u00e7, B bile\u015feni ise \u00e7ok esnek polimer em\u00fclsiyonundan olu\u015fan \u00e7ift bile\u015fenli, \u00e7ok g\u00fc\u00e7l\u00fc ve esnek bir yap\u0131\u015ft\u0131r\u0131c\u0131d\u0131r. Kayma \u00f6zelli\u011fi azalt\u0131lm\u0131\u015ft\u0131r. Uzun \u00e7al\u0131\u015fma s\u00fcrelidir. B\u00fcy\u00fck ebatl\u0131 yer ve duvar serami\u011fi, granit, granit seramik, mermer, klinker ve her t\u00fcrl\u00fc do\u011falta\u015f kaplama malzemesinin d\u00f6\u015fenmesinde, yo\u011fun yaya trafi\u011fine maruz kalan i\u015fyerleri, al\u0131\u015fveri\u015f merkezleri, okul, hastane gibi mekanlarda, eski granit ve mermer y\u00fczeyler \u00fczerine seramik kaplamas\u0131nda, al\u00e7\u0131 levha \u00fczerine seramik kaplamada kullan\u0131l\u0131r. \u0130\u00e7 ve d\u0131\u015f mekanlarda, yatay ve d\u00fc\u015fey y\u00fczeyler ile alttan \u0131s\u0131tmal\u0131 sistemlerde kullan\u0131ma uygundur.<\/p><p class=\"MsoNormal\" style=\"margin-right: 0px; margin-bottom: 10px; margin-left: 0px; line-height: 24px; color: #444444; font-family: 'Open Sans', sans-serif; font-size: 14px;\">Binalar\u0131n d\u0131\u015f cephelerinde 30 m y\u00fcksekli\u011fe kadar seramik, granit seramik, mermer gibi kaplama malzemelerinin yap\u0131\u015ft\u0131r\u0131lmas\u0131nda, gerekli hallerde mekanik d\u00fcbelleme yap\u0131larak kullan\u0131labilir.<\/p><p class=\"MsoNormal\" style=\"margin-right: 0px; margin-bottom: 10px; margin-left: 0px; line-height: 24px; color: #444444; font-family: 'Open Sans', sans-serif; font-size: 14px;\"><span style=\"font-weight: 600;\">\u00d6zellikleri<\/span>: \u00c7ok esnektir ve g\u00fc\u00e7l\u00fc yap\u0131\u015fma sa\u011flar. \u0130\u015fleme s\u00fcresi uzundur, zamandan ve i\u015f\u00e7ilikten tasarruf sa\u011flar. Yap\u0131\u015ft\u0131r\u0131lan plakalar\u0131n uzun s\u00fcre d\u00fczeltilmesine imkan sunar. Y\u00fcksek stabilite sa\u011flar, d\u00fc\u015fey uygulamalarda sarkma yapmaz.<\/p><p style=\"margin-right: 0px; margin-bottom: 10px; margin-left: 0px; line-height: 24px; color: #444444; font-family: 'Open Sans', sans-serif; font-size: 14px;\">Suya ve dona dayan\u0131kl\u0131d\u0131r, ani s\u0131cakl\u0131k de\u011fi\u015fimi sebebi ile olu\u015fan y\u00fczey gerilmelerine diren\u00e7lidir. Donma &#8211; \u00e7\u00f6z\u00fcnme dayan\u0131m\u0131 y\u00fcksektir.<\/p><div><div><span style=\"color: #444444; font-family: 'Open Sans', sans-serif;\"><span style=\"font-size: 14px;\"><span style=\"font-weight: bold;\">Teknik D\u00f6k\u00fcmanlar:<\/span><\/span><\/span><\/div><div>\u00a0<\/div><p><a href=\"https:\/\/fixa.com.tr\/upload\/2022\/12\/219-fixa-flex-granit-seramik-yapistirma-harci-cift-bilesenli.pdf\">\u00a0 \u00a0 \u00a0<img decoding=\"async\" class=\"alignnone wp-image-10426\" src=\"http:\/\/etkiinsaat.com.tr\/wp-content\/uploads\/2023\/09\/pdf-300x300.png\" alt=\"\" width=\"31\" height=\"31\" srcset=\"https:\/\/etkiinsaat.com.tr\/wp-content\/uploads\/2023\/09\/pdf-300x300.png 300w, https:\/\/etkiinsaat.com.tr\/wp-content\/uploads\/2023\/09\/pdf-150x150.png 150w, https:\/\/etkiinsaat.com.tr\/wp-content\/uploads\/2023\/09\/pdf-201x201.png 201w, https:\/\/etkiinsaat.com.tr\/wp-content\/uploads\/2023\/09\/pdf-402x402.png 402w, https:\/\/etkiinsaat.com.tr\/wp-content\/uploads\/2023\/09\/pdf-350x350.png 350w, https:\/\/etkiinsaat.com.tr\/wp-content\/uploads\/2023\/09\/pdf-450x450.png 450w, https:\/\/etkiinsaat.com.tr\/wp-content\/uploads\/2023\/09\/pdf-285x285.png 285w, https:\/\/etkiinsaat.com.tr\/wp-content\/uploads\/2023\/09\/pdf-100x100.png 100w, https:\/\/etkiinsaat.com.tr\/wp-content\/uploads\/2023\/09\/pdf.png 512w\" sizes=\"(max-width: 31px) 100vw, 31px\" \/><span style=\"font-weight: bolder;\">\u00dcr\u00fcn Tan\u0131t\u0131m Dok\u00fcman\u0131<\/span><\/a><\/p><p><a href=\"https:\/\/fixa.com.tr\/upload\/2023\/02\/fixa-flex-granit-seramik-yapistirma-harci-cift-bilesenli.pdf\"><span style=\"font-weight: bolder;\">\u00a0 \u00a0 \u00a0<img decoding=\"async\" class=\"alignnone wp-image-10426\" src=\"http:\/\/etkiinsaat.com.tr\/wp-content\/uploads\/2023\/09\/pdf-300x300.png\" alt=\"\" width=\"31\" height=\"31\" srcset=\"https:\/\/etkiinsaat.com.tr\/wp-content\/uploads\/2023\/09\/pdf-300x300.png 300w, https:\/\/etkiinsaat.com.tr\/wp-content\/uploads\/2023\/09\/pdf-150x150.png 150w, https:\/\/etkiinsaat.com.tr\/wp-content\/uploads\/2023\/09\/pdf-201x201.png 201w, https:\/\/etkiinsaat.com.tr\/wp-content\/uploads\/2023\/09\/pdf-402x402.png 402w, https:\/\/etkiinsaat.com.tr\/wp-content\/uploads\/2023\/09\/pdf-350x350.png 350w, https:\/\/etkiinsaat.com.tr\/wp-content\/uploads\/2023\/09\/pdf-450x450.png 450w, https:\/\/etkiinsaat.com.tr\/wp-content\/uploads\/2023\/09\/pdf-285x285.png 285w, https:\/\/etkiinsaat.com.tr\/wp-content\/uploads\/2023\/09\/pdf-100x100.png 100w, https:\/\/etkiinsaat.com.tr\/wp-content\/uploads\/2023\/09\/pdf.png 512w\" sizes=\"(max-width: 31px) 100vw, 31px\" \/>Teknik Bilgi F\u00f6y\u00fc (TBF)<\/span><\/a><\/p><p><a href=\"https:\/\/www.fixa.com.tr\/upload\/2023\/08\/seryap-tsen12004-1-2024-023684-0707.pdf\"><span style=\"font-weight: bolder;\">\u00a0 \u00a0 \u00a0<img decoding=\"async\" class=\"alignnone wp-image-10426\" src=\"http:\/\/etkiinsaat.com.tr\/wp-content\/uploads\/2023\/09\/pdf-300x300.png\" alt=\"\" width=\"31\" height=\"31\" srcset=\"https:\/\/etkiinsaat.com.tr\/wp-content\/uploads\/2023\/09\/pdf-300x300.png 300w, https:\/\/etkiinsaat.com.tr\/wp-content\/uploads\/2023\/09\/pdf-150x150.png 150w, https:\/\/etkiinsaat.com.tr\/wp-content\/uploads\/2023\/09\/pdf-201x201.png 201w, https:\/\/etkiinsaat.com.tr\/wp-content\/uploads\/2023\/09\/pdf-402x402.png 402w, https:\/\/etkiinsaat.com.tr\/wp-content\/uploads\/2023\/09\/pdf-350x350.png 350w, https:\/\/etkiinsaat.com.tr\/wp-content\/uploads\/2023\/09\/pdf-450x450.png 450w, https:\/\/etkiinsaat.com.tr\/wp-content\/uploads\/2023\/09\/pdf-285x285.png 285w, https:\/\/etkiinsaat.com.tr\/wp-content\/uploads\/2023\/09\/pdf-100x100.png 100w, https:\/\/etkiinsaat.com.tr\/wp-content\/uploads\/2023\/09\/pdf.png 512w\" sizes=\"(max-width: 31px) 100vw, 31px\" \/>TSE Belgesi<\/span><\/a><\/p><\/div>\t\t\t\t\t\t\t\t<\/div>\n\t\t\t\t<\/div>\n\t\t\t\t\t<\/div>\n\t\t<\/div>\n\t\t\t\t\t<\/div>\n\t\t<\/section>\n\t\t\t\t<\/div>\n\t\t","protected":false},"excerpt":{"rendered":"<p>FLEX Granit Seramik Yap\u0131\u015ft\u0131rma Harc\u0131 (\u00c7ift Bile\u015fenli) C2TES1 \u00dcr\u00fcn Kodu:\u00a0A Bile\u015feni:10525, B Bile\u015feni: 10606 \u00c7\u015eB Malzeme Poz No:\u00a010.300.2204 Tan\u0131m\u0131 ve Kullan\u0131m Alanlar\u0131:\u00a0A bile\u015feni \u00e7imento esasl\u0131, polimer katk\u0131l\u0131 toz bir har\u00e7, B bile\u015feni ise \u00e7ok esnek polimer em\u00fclsiyonundan olu\u015fan \u00e7ift bile\u015fenli, \u00e7ok g\u00fc\u00e7l\u00fc ve esnek bir yap\u0131\u015ft\u0131r\u0131c\u0131d\u0131r. Kayma \u00f6zelli\u011fi azalt\u0131lm\u0131\u015ft\u0131r. Uzun \u00e7al\u0131\u015fma s\u00fcrelidir. B\u00fcy\u00fck ebatl\u0131 yer ve duvar serami\u011fi, granit, granit seramik, mermer, klinker ve her t\u00fcrl\u00fc do\u011falta\u015f kaplama malzemesinin d\u00f6\u015fenmesinde, yo\u011fun yaya trafi\u011fine maruz kalan i\u015fyerleri, al\u0131\u015fveri\u015f merkezleri, okul, hastane gibi mekanlarda, eski granit ve mermer y\u00fczeyler \u00fczerine seramik kaplamas\u0131nda, al\u00e7\u0131 levha \u00fczerine seramik kaplamada kullan\u0131l\u0131r. \u0130\u00e7 ve d\u0131\u015f mekanlarda, yatay ve d\u00fc\u015fey y\u00fczeyler ile alttan \u0131s\u0131tmal\u0131 sistemlerde kullan\u0131ma uygundur. Binalar\u0131n d\u0131\u015f cephelerinde 30 m y\u00fcksekli\u011fe kadar seramik, granit seramik, mermer gibi kaplama malzemelerinin yap\u0131\u015ft\u0131r\u0131lmas\u0131nda, gerekli hallerde mekanik d\u00fcbelleme yap\u0131larak kullan\u0131labilir. \u00d6zellikleri: \u00c7ok esnektir ve g\u00fc\u00e7l\u00fc yap\u0131\u015fma sa\u011flar. \u0130\u015fleme s\u00fcresi uzundur, zamandan ve i\u015f\u00e7ilikten tasarruf sa\u011flar. Yap\u0131\u015ft\u0131r\u0131lan plakalar\u0131n uzun s\u00fcre [&hellip;]<\/p>\n","protected":false},"author":3,"featured_media":0,"parent":0,"menu_order":0,"comment_status":"closed","ping_status":"closed","template":"page-full.php","meta":{"_joinchat":[],"footnotes":""},"class_list":["post-12835","page","type-page","status-publish","hentry"],"_links":{"self":[{"href":"https:\/\/etkiinsaat.com.tr\/index.php?rest_route=\/wp\/v2\/pages\/12835","targetHints":{"allow":["GET"]}}],"collection":[{"href":"https:\/\/etkiinsaat.com.tr\/index.php?rest_route=\/wp\/v2\/pages"}],"about":[{"href":"https:\/\/etkiinsaat.com.tr\/index.php?rest_route=\/wp\/v2\/types\/page"}],"author":[{"embeddable":true,"href":"https:\/\/etkiinsaat.com.tr\/index.php?rest_route=\/wp\/v2\/users\/3"}],"replies":[{"embeddable":true,"href":"https:\/\/etkiinsaat.com.tr\/index.php?rest_route=%2Fwp%2Fv2%2Fcomments&post=12835"}],"version-history":[{"count":4,"href":"https:\/\/etkiinsaat.com.tr\/index.php?rest_route=\/wp\/v2\/pages\/12835\/revisions"}],"predecessor-version":[{"id":12840,"href":"https:\/\/etkiinsaat.com.tr\/index.php?rest_route=\/wp\/v2\/pages\/12835\/revisions\/12840"}],"wp:attachment":[{"href":"https:\/\/etkiinsaat.com.tr\/index.php?rest_route=%2Fwp%2Fv2%2Fmedia&parent=12835"}],"curies":[{"name":"wp","href":"https:\/\/api.w.org\/{rel}","templated":true}]}}