{"id":12865,"date":"2023-09-18T20:50:56","date_gmt":"2023-09-18T17:50:56","guid":{"rendered":"https:\/\/etkiinsaat.com.tr\/?page_id=12865"},"modified":"2023-09-18T20:52:14","modified_gmt":"2023-09-18T17:52:14","slug":"fixa-dogaltas-ve-kaplama-tugla-yapistirma-harci","status":"publish","type":"page","link":"https:\/\/etkiinsaat.com.tr\/?page_id=12865","title":{"rendered":"F\u0130XA Do\u011falta\u015f ve Kaplama Tu\u011fla Yap\u0131\u015ft\u0131rma Harc\u0131"},"content":{"rendered":"\t\t<div data-elementor-type=\"wp-page\" data-elementor-id=\"12865\" class=\"elementor elementor-12865\">\n\t\t\t\t\t\t<section class=\"elementor-section elementor-top-section elementor-element elementor-element-b84d536 elementor-section-boxed elementor-section-height-default elementor-section-height-default\" data-id=\"b84d536\" data-element_type=\"section\" data-e-type=\"section\">\n\t\t\t\t\t\t<div class=\"elementor-container elementor-column-gap-default\">\n\t\t\t\t\t<div class=\"elementor-column elementor-col-33 elementor-top-column elementor-element elementor-element-fc308d9\" data-id=\"fc308d9\" data-element_type=\"column\" data-e-type=\"column\">\n\t\t\t<div class=\"elementor-widget-wrap elementor-element-populated\">\n\t\t\t\t\t\t<div class=\"elementor-element elementor-element-f51a636 elementor-widget elementor-widget-heading\" data-id=\"f51a636\" data-element_type=\"widget\" data-e-type=\"widget\" data-widget_type=\"heading.default\">\n\t\t\t\t<div class=\"elementor-widget-container\">\n\t\t\t\t\t<h2 class=\"elementor-heading-title elementor-size-default\"><div class=\"row\" style=\"margin-right: -15px;margin-left: -15px;, sans-serif;font-size: 14px;font-weight: 400;text-align: start\"><div class=\"col-xs-12 text-center wow fadeIn animated\" style=\"position: relative;min-height: 1px;padding-right: 15px;padding-left: 15px;float: left;width: 1170px\"><h1 style=\"margin-right: 0px;margin-bottom: 0px;margin-left: 0px;font-size: 30px;font-family: inherit;font-weight: 600;line-height: 1.1;color: inherit\">F\u0130XA Do\u011falta\u015f ve Kaplama Tu\u011fla Yap\u0131\u015ft\u0131rma Harc\u0131<span style=\"font-family: var( --e-global-typography-primary-font-family ), Sans-serif;font-size: calc(1.325rem + 0.9vw);font-weight: var( --e-global-typography-primary-font-weight )\"><\/span><br><\/h1><\/div><\/div><\/h2>\t\t\t\t<\/div>\n\t\t\t\t<\/div>\n\t\t\t\t<div class=\"elementor-element elementor-element-1183963 elementor-widget elementor-widget-image\" data-id=\"1183963\" data-element_type=\"widget\" data-e-type=\"widget\" data-widget_type=\"image.default\">\n\t\t\t\t<div class=\"elementor-widget-container\">\n\t\t\t\t\t\t\t\t\t\t\t\t\t\t\t<img decoding=\"async\" src=\"https:\/\/etkiinsaat.com.tr\/wp-content\/uploads\/2023\/09\/144.jpg\" title=\"144\" alt=\"144\" loading=\"lazy\" \/>\t\t\t\t\t\t\t\t\t\t\t\t\t\t\t<\/div>\n\t\t\t\t<\/div>\n\t\t\t\t<div class=\"elementor-element elementor-element-96c9d0e elementor-widget elementor-widget-text-editor\" data-id=\"96c9d0e\" data-element_type=\"widget\" data-e-type=\"widget\" data-widget_type=\"text-editor.default\">\n\t\t\t\t<div class=\"elementor-widget-container\">\n\t\t\t\t\t\t\t\t\t<p style=\"margin-right: 0px; margin-bottom: 10px; margin-left: 0px; color: #444444; font-family: 'Open Sans', sans-serif; font-size: 14px;\"><span style=\"font-weight: 600;\">\u00dcr\u00fcn Kodu:\u00a0<\/span>11025<\/p><p style=\"margin-right: 0px; margin-bottom: 10px; margin-left: 0px; color: #444444; font-family: 'Open Sans', sans-serif; font-size: 14px;\"><span style=\"font-weight: 600;\">\u00c7\u015eB Malzeme Poz No:\u00a0<\/span>10.300.2204<\/p>\t\t\t\t\t\t\t\t<\/div>\n\t\t\t\t<\/div>\n\t\t\t\t\t<\/div>\n\t\t<\/div>\n\t\t\t\t<div class=\"elementor-column elementor-col-66 elementor-top-column elementor-element elementor-element-4023818\" data-id=\"4023818\" data-element_type=\"column\" data-e-type=\"column\">\n\t\t\t<div class=\"elementor-widget-wrap elementor-element-populated\">\n\t\t\t\t\t\t<div class=\"elementor-element elementor-element-b77bdac elementor-widget elementor-widget-text-editor\" data-id=\"b77bdac\" data-element_type=\"widget\" data-e-type=\"widget\" data-widget_type=\"text-editor.default\">\n\t\t\t\t<div class=\"elementor-widget-container\">\n\t\t\t\t\t\t\t\t\t<p class=\"MsoNormal\" style=\"margin-right: 0px; margin-bottom: 10px; margin-left: 0px; line-height: 24px; color: #444444; font-family: 'Open Sans', sans-serif; font-size: 14px;\"><span style=\"font-weight: 600;\">Tan\u0131m\u0131 ve Kullan\u0131m Alanlar\u0131:<\/span>\u00a0Kal\u0131n yatak yap\u0131\u015ft\u0131rma harc\u0131d\u0131r. Bozuk sat\u0131hlarda taraklama yapmaks\u0131z\u0131n zemine kaplamalar\u0131n yap\u0131\u015ft\u0131r\u0131lmas\u0131nda kullan\u0131l\u0131r. Esnektir, y\u00fcksek performansa ve stabiliteye sahiptir. Do\u011falta\u015f, granit, mermer, kaplama tu\u011fla veya b\u00fcy\u00fck ebatl\u0131 seramikler gibi kaplamalar\u0131n yap\u0131\u015ft\u0131r\u0131lmas\u0131nda kullan\u0131l\u0131r. \u0130\u00e7 ve d\u0131\u015f mekanlarda, yatay ve d\u00fc\u015fey y\u00fczeylerde kullan\u0131ma uygundur.<\/p><p class=\"MsoNormal\" style=\"margin-right: 0px; margin-bottom: 10px; margin-left: 0px; line-height: 24px; color: #444444; font-family: 'Open Sans', sans-serif; font-size: 14px;\"><span style=\"font-weight: 600;\">\u00d6zellikleri<\/span>: \u00c7imento esasl\u0131, tek bile\u015fenlidir. Polimer katk\u0131l\u0131d\u0131r. Kayma \u00f6zelli\u011fi azalt\u0131lm\u0131\u015ft\u0131r. Esnek ve g\u00fc\u00e7l\u00fc yap\u0131\u015fma sa\u011flar. Y\u00fcksek stabilite sa\u011flar, d\u00fc\u015fey uygulamalarda sarkma yapmaz. Suya ve dona dayan\u0131kl\u0131d\u0131r, s\u0131cakl\u0131k de\u011fi\u015fikliklerinden etkilenmez.<\/p><p style=\"margin-right: 0px; margin-bottom: 10px; margin-left: 0px; line-height: 24px; color: #444444; font-family: 'Open Sans', sans-serif; font-size: 14px;\">Zemine \u015fap uygulamas\u0131 yapmadan d\u00f6\u015feme imkan\u0131 verir.<\/p><div><div><span style=\"color: #444444; font-family: 'Open Sans', sans-serif;\"><span style=\"font-size: 14px;\"><span style=\"font-weight: bold;\">Teknik D\u00f6k\u00fcmanlar:<\/span><\/span><\/span><\/div><div>\u00a0<\/div><p><a href=\"https:\/\/fixa.com.tr\/upload\/2022\/12\/224-fixa-dogaltas-ve-kaplama-tugla-yapistirma-harci.pdf\">\u00a0 \u00a0 \u00a0<img decoding=\"async\" class=\"alignnone wp-image-10426\" src=\"http:\/\/etkiinsaat.com.tr\/wp-content\/uploads\/2023\/09\/pdf-300x300.png\" alt=\"\" width=\"31\" height=\"31\" srcset=\"https:\/\/etkiinsaat.com.tr\/wp-content\/uploads\/2023\/09\/pdf-300x300.png 300w, https:\/\/etkiinsaat.com.tr\/wp-content\/uploads\/2023\/09\/pdf-150x150.png 150w, https:\/\/etkiinsaat.com.tr\/wp-content\/uploads\/2023\/09\/pdf-201x201.png 201w, https:\/\/etkiinsaat.com.tr\/wp-content\/uploads\/2023\/09\/pdf-402x402.png 402w, https:\/\/etkiinsaat.com.tr\/wp-content\/uploads\/2023\/09\/pdf-350x350.png 350w, https:\/\/etkiinsaat.com.tr\/wp-content\/uploads\/2023\/09\/pdf-450x450.png 450w, https:\/\/etkiinsaat.com.tr\/wp-content\/uploads\/2023\/09\/pdf-285x285.png 285w, https:\/\/etkiinsaat.com.tr\/wp-content\/uploads\/2023\/09\/pdf-100x100.png 100w, https:\/\/etkiinsaat.com.tr\/wp-content\/uploads\/2023\/09\/pdf.png 512w\" sizes=\"(max-width: 31px) 100vw, 31px\" \/><span style=\"font-weight: bolder;\">\u00dcr\u00fcn Tan\u0131t\u0131m Dok\u00fcman\u0131<\/span><\/a><\/p><p><a href=\"https:\/\/fixa.com.tr\/upload\/2023\/02\/fixa-dogaltas-ve-kaplama-tugla-yapistirma-harci.pdf\"><span style=\"font-weight: bolder;\">\u00a0 \u00a0 \u00a0<img decoding=\"async\" class=\"alignnone wp-image-10426\" src=\"http:\/\/etkiinsaat.com.tr\/wp-content\/uploads\/2023\/09\/pdf-300x300.png\" alt=\"\" width=\"31\" height=\"31\" srcset=\"https:\/\/etkiinsaat.com.tr\/wp-content\/uploads\/2023\/09\/pdf-300x300.png 300w, https:\/\/etkiinsaat.com.tr\/wp-content\/uploads\/2023\/09\/pdf-150x150.png 150w, https:\/\/etkiinsaat.com.tr\/wp-content\/uploads\/2023\/09\/pdf-201x201.png 201w, https:\/\/etkiinsaat.com.tr\/wp-content\/uploads\/2023\/09\/pdf-402x402.png 402w, https:\/\/etkiinsaat.com.tr\/wp-content\/uploads\/2023\/09\/pdf-350x350.png 350w, https:\/\/etkiinsaat.com.tr\/wp-content\/uploads\/2023\/09\/pdf-450x450.png 450w, https:\/\/etkiinsaat.com.tr\/wp-content\/uploads\/2023\/09\/pdf-285x285.png 285w, https:\/\/etkiinsaat.com.tr\/wp-content\/uploads\/2023\/09\/pdf-100x100.png 100w, https:\/\/etkiinsaat.com.tr\/wp-content\/uploads\/2023\/09\/pdf.png 512w\" sizes=\"(max-width: 31px) 100vw, 31px\" \/>Teknik Bilgi F\u00f6y\u00fc (TBF)<\/span><\/a><\/p><p>\u00a0<\/p><\/div>\t\t\t\t\t\t\t\t<\/div>\n\t\t\t\t<\/div>\n\t\t\t\t\t<\/div>\n\t\t<\/div>\n\t\t\t\t\t<\/div>\n\t\t<\/section>\n\t\t\t\t<\/div>\n\t\t","protected":false},"excerpt":{"rendered":"<p>F\u0130XA Do\u011falta\u015f ve Kaplama Tu\u011fla Yap\u0131\u015ft\u0131rma Harc\u0131 \u00dcr\u00fcn Kodu:\u00a011025 \u00c7\u015eB Malzeme Poz No:\u00a010.300.2204 Tan\u0131m\u0131 ve Kullan\u0131m Alanlar\u0131:\u00a0Kal\u0131n yatak yap\u0131\u015ft\u0131rma harc\u0131d\u0131r. Bozuk sat\u0131hlarda taraklama yapmaks\u0131z\u0131n zemine kaplamalar\u0131n yap\u0131\u015ft\u0131r\u0131lmas\u0131nda kullan\u0131l\u0131r. Esnektir, y\u00fcksek performansa ve stabiliteye sahiptir. Do\u011falta\u015f, granit, mermer, kaplama tu\u011fla veya b\u00fcy\u00fck ebatl\u0131 seramikler gibi kaplamalar\u0131n yap\u0131\u015ft\u0131r\u0131lmas\u0131nda kullan\u0131l\u0131r. \u0130\u00e7 ve d\u0131\u015f mekanlarda, yatay ve d\u00fc\u015fey y\u00fczeylerde kullan\u0131ma uygundur. \u00d6zellikleri: \u00c7imento esasl\u0131, tek bile\u015fenlidir. Polimer katk\u0131l\u0131d\u0131r. Kayma \u00f6zelli\u011fi azalt\u0131lm\u0131\u015ft\u0131r. Esnek ve g\u00fc\u00e7l\u00fc yap\u0131\u015fma sa\u011flar. Y\u00fcksek stabilite sa\u011flar, d\u00fc\u015fey uygulamalarda sarkma yapmaz. Suya ve dona dayan\u0131kl\u0131d\u0131r, s\u0131cakl\u0131k de\u011fi\u015fikliklerinden etkilenmez. Zemine \u015fap uygulamas\u0131 yapmadan d\u00f6\u015feme imkan\u0131 verir. Teknik D\u00f6k\u00fcmanlar:\u00a0 \u00a0 \u00a0 \u00a0\u00dcr\u00fcn Tan\u0131t\u0131m Dok\u00fcman\u0131 \u00a0 \u00a0 \u00a0Teknik Bilgi F\u00f6y\u00fc (TBF) \u00a0<\/p>\n","protected":false},"author":3,"featured_media":0,"parent":0,"menu_order":0,"comment_status":"closed","ping_status":"closed","template":"page-full.php","meta":{"_joinchat":[],"footnotes":""},"class_list":["post-12865","page","type-page","status-publish","hentry"],"_links":{"self":[{"href":"https:\/\/etkiinsaat.com.tr\/index.php?rest_route=\/wp\/v2\/pages\/12865","targetHints":{"allow":["GET"]}}],"collection":[{"href":"https:\/\/etkiinsaat.com.tr\/index.php?rest_route=\/wp\/v2\/pages"}],"about":[{"href":"https:\/\/etkiinsaat.com.tr\/index.php?rest_route=\/wp\/v2\/types\/page"}],"author":[{"embeddable":true,"href":"https:\/\/etkiinsaat.com.tr\/index.php?rest_route=\/wp\/v2\/users\/3"}],"replies":[{"embeddable":true,"href":"https:\/\/etkiinsaat.com.tr\/index.php?rest_route=%2Fwp%2Fv2%2Fcomments&post=12865"}],"version-history":[{"count":4,"href":"https:\/\/etkiinsaat.com.tr\/index.php?rest_route=\/wp\/v2\/pages\/12865\/revisions"}],"predecessor-version":[{"id":12870,"href":"https:\/\/etkiinsaat.com.tr\/index.php?rest_route=\/wp\/v2\/pages\/12865\/revisions\/12870"}],"wp:attachment":[{"href":"https:\/\/etkiinsaat.com.tr\/index.php?rest_route=%2Fwp%2Fv2%2Fmedia&parent=12865"}],"curies":[{"name":"wp","href":"https:\/\/api.w.org\/{rel}","templated":true}]}}