{"id":12985,"date":"2023-09-18T22:06:46","date_gmt":"2023-09-18T19:06:46","guid":{"rendered":"https:\/\/etkiinsaat.com.tr\/?page_id=12985"},"modified":"2023-09-18T22:08:49","modified_gmt":"2023-09-18T19:08:49","slug":"sikatop-seal-125","status":"publish","type":"page","link":"https:\/\/etkiinsaat.com.tr\/?page_id=12985","title":{"rendered":"SikaTop\u00ae Seal-125"},"content":{"rendered":"\t\t<div data-elementor-type=\"wp-page\" data-elementor-id=\"12985\" class=\"elementor elementor-12985\">\n\t\t\t\t\t\t<section class=\"elementor-section elementor-top-section elementor-element elementor-element-1c55274 elementor-section-boxed elementor-section-height-default elementor-section-height-default\" data-id=\"1c55274\" data-element_type=\"section\" data-e-type=\"section\">\n\t\t\t\t\t\t<div class=\"elementor-container elementor-column-gap-default\">\n\t\t\t\t\t<div class=\"elementor-column elementor-col-33 elementor-top-column elementor-element elementor-element-b9b08b5\" data-id=\"b9b08b5\" data-element_type=\"column\" data-e-type=\"column\">\n\t\t\t<div class=\"elementor-widget-wrap elementor-element-populated\">\n\t\t\t\t\t\t<div class=\"elementor-element elementor-element-12625b6 elementor-widget elementor-widget-heading\" data-id=\"12625b6\" data-element_type=\"widget\" data-e-type=\"widget\" data-widget_type=\"heading.default\">\n\t\t\t\t<div class=\"elementor-widget-container\">\n\t\t\t\t\t<h2 class=\"elementor-heading-title elementor-size-default\">SikaTop\u00ae Seal-125<\/h2>\t\t\t\t<\/div>\n\t\t\t\t<\/div>\n\t\t\t\t<div class=\"elementor-element elementor-element-b34b923 elementor-widget elementor-widget-image\" data-id=\"b34b923\" data-element_type=\"widget\" data-e-type=\"widget\" data-widget_type=\"image.default\">\n\t\t\t\t<div class=\"elementor-widget-container\">\n\t\t\t\t\t\t\t\t\t\t\t\t\t\t\t<img decoding=\"async\" src=\"https:\/\/etkiinsaat.com.tr\/wp-content\/uploads\/2023\/09\/tr-sikatopseal-125-2000x2000px-00531987.webp\" title=\"tr-sikatopseal-125-2000x2000px-00531987\" alt=\"tr-sikatopseal-125-2000x2000px-00531987\" loading=\"lazy\" \/>\t\t\t\t\t\t\t\t\t\t\t\t\t\t\t<\/div>\n\t\t\t\t<\/div>\n\t\t\t\t<div class=\"elementor-element elementor-element-9653206 elementor-widget elementor-widget-text-editor\" data-id=\"9653206\" data-element_type=\"widget\" data-e-type=\"widget\" data-widget_type=\"text-editor.default\">\n\t\t\t\t<div class=\"elementor-widget-container\">\n\t\t\t\t\t\t\t\t\t<p><strong>AMBALAJ<\/strong><\/p><p>33 kg Set (A+B)<br \/>A bile\u015feni: 8 kg plastik bidon<br \/>B bile\u015feni: 25 kg kraft torba<\/p>\t\t\t\t\t\t\t\t<\/div>\n\t\t\t\t<\/div>\n\t\t\t\t\t<\/div>\n\t\t<\/div>\n\t\t\t\t<div class=\"elementor-column elementor-col-66 elementor-top-column elementor-element elementor-element-acae971\" data-id=\"acae971\" data-element_type=\"column\" data-e-type=\"column\">\n\t\t\t<div class=\"elementor-widget-wrap elementor-element-populated\">\n\t\t\t\t\t\t<div class=\"elementor-element elementor-element-65d1fcb elementor-widget elementor-widget-text-editor\" data-id=\"65d1fcb\" data-element_type=\"widget\" data-e-type=\"widget\" data-widget_type=\"text-editor.default\">\n\t\t\t\t<div class=\"elementor-widget-container\">\n\t\t\t\t\t\t\t\t\t<p class=\"MsoNormal\" style=\"margin-right: 0px; margin-bottom: 10px; margin-left: 0px; line-height: 24px; color: #444444; font-family: 'Open Sans', sans-serif; font-size: 14px;\"><span style=\"font-weight: 600;\">Tan\u0131m\u0131:\u00a0<\/span><\/p><p class=\"MsoNormal\" style=\"margin-right: 0px; margin-bottom: 10px; margin-left: 0px; line-height: 24px; color: #444444; font-family: 'Open Sans', sans-serif; font-size: 14px;\"><span style=\"color: #000000; font-family: 'Klavika Light'; font-size: 18.1px;\">SikaTop\u00ae Seal-125 kullan\u0131m alanlar\u0131:<\/span><\/p><ul style=\"box-sizing: inherit; margin-right: 0px; margin-bottom: 0px; margin-left: 1.25rem; padding: 0px; list-style-position: outside; line-height: 1.45; list-style-type: square; font-size: 18.1px; color: #000000; font-family: 'Klavika Light';\"><li style=\"box-sizing: inherit; margin: 0px; padding: 0px; font-size: 1.13125rem !important;\">\u0130\u00e7 ve d\u0131\u015f mekanlarda beton, \u00e7imento har\u00e7lar\u0131 ile s\u0131val\u0131 y\u00fczey, tu\u011fla ve briket y\u00fczeyler \u00fczerinde su ve nem yal\u0131t\u0131m\u0131 olarak<\/li><li style=\"box-sizing: inherit; margin: 0px; padding: 0px; font-size: 1.13125rem !important;\">Beton yap\u0131lar\u0131n donma-\u00e7\u00f6z\u00fclme etkisi ve buz \u00e7\u00f6z\u00fcc\u00fc tuzlar\u0131n korozif etkisine kar\u015f\u0131 koruyucu olarak<\/li><li style=\"box-sizing: inherit; margin: 0px; padding: 0px; font-size: 1.13125rem !important;\">Yeni yap\u0131larda ve tadilat uygulamalar\u0131nda temel duvarlar\u0131nda rijit su yal\u0131t\u0131m\u0131 olarak<\/li><li style=\"box-sizing: inherit; margin: 0px; padding: 0px; font-size: 1.13125rem !important;\">G\u00f6zenek ve deliklerde dolgu malzemesi olarak<\/li><li style=\"box-sizing: inherit; margin: 0px; padding: 0px; font-size: 1.13125rem !important;\">Temel ve bodrum katlar\u0131n su yal\u0131t\u0131m\u0131 i\u00e7in<\/li><li style=\"box-sizing: inherit; margin: 0px; padding: 0px; font-size: 1.13125rem !important;\">Beton yap\u0131larda hareketli olmayan ince \u00e7atlaklar\u0131n ge\u00e7irimsizli\u011fi i\u00e7in<\/li><\/ul><div style=\"color: #444444; font-family: 'Open Sans', sans-serif; font-size: 14px;\"><div>\u00a0<\/div><\/div><div><div><span style=\"color: #444444; font-family: 'Open Sans', sans-serif;\"><span style=\"font-size: 14px;\"><span style=\"font-weight: bold;\">Teknik D\u00f6k\u00fcmanlar:<\/span><\/span><\/span><\/div><p>\u00a0<\/p><p><a href=\"https:\/\/tur.sika.com\/content\/dam\/dms\/tr01\/p\/sikatop_seal-125.pdf\"><span style=\"font-weight: bolder;\">\u00a0 \u00a0 \u00a0<img decoding=\"async\" class=\"alignnone wp-image-10426\" src=\"http:\/\/etkiinsaat.com.tr\/wp-content\/uploads\/2023\/09\/pdf-300x300.png\" alt=\"\" width=\"31\" height=\"31\" srcset=\"https:\/\/etkiinsaat.com.tr\/wp-content\/uploads\/2023\/09\/pdf-300x300.png 300w, https:\/\/etkiinsaat.com.tr\/wp-content\/uploads\/2023\/09\/pdf-150x150.png 150w, https:\/\/etkiinsaat.com.tr\/wp-content\/uploads\/2023\/09\/pdf-201x201.png 201w, https:\/\/etkiinsaat.com.tr\/wp-content\/uploads\/2023\/09\/pdf-402x402.png 402w, https:\/\/etkiinsaat.com.tr\/wp-content\/uploads\/2023\/09\/pdf-350x350.png 350w, https:\/\/etkiinsaat.com.tr\/wp-content\/uploads\/2023\/09\/pdf-450x450.png 450w, https:\/\/etkiinsaat.com.tr\/wp-content\/uploads\/2023\/09\/pdf-285x285.png 285w, https:\/\/etkiinsaat.com.tr\/wp-content\/uploads\/2023\/09\/pdf-100x100.png 100w, https:\/\/etkiinsaat.com.tr\/wp-content\/uploads\/2023\/09\/pdf.png 512w\" sizes=\"(max-width: 31px) 100vw, 31px\" \/>Teknik Bilgi F\u00f6y\u00fc (TBF)<\/span><\/a><\/p><\/div>\t\t\t\t\t\t\t\t<\/div>\n\t\t\t\t<\/div>\n\t\t\t\t\t<\/div>\n\t\t<\/div>\n\t\t\t\t\t<\/div>\n\t\t<\/section>\n\t\t\t\t<\/div>\n\t\t","protected":false},"excerpt":{"rendered":"<p>SikaTop\u00ae Seal-125 AMBALAJ 33 kg Set (A+B)A bile\u015feni: 8 kg plastik bidonB bile\u015feni: 25 kg kraft torba Tan\u0131m\u0131:\u00a0 SikaTop\u00ae Seal-125 kullan\u0131m alanlar\u0131: \u0130\u00e7 ve d\u0131\u015f mekanlarda beton, \u00e7imento har\u00e7lar\u0131 ile s\u0131val\u0131 y\u00fczey, tu\u011fla ve briket y\u00fczeyler \u00fczerinde su ve nem yal\u0131t\u0131m\u0131 olarak Beton yap\u0131lar\u0131n donma-\u00e7\u00f6z\u00fclme etkisi ve buz \u00e7\u00f6z\u00fcc\u00fc tuzlar\u0131n korozif etkisine kar\u015f\u0131 koruyucu olarak Yeni yap\u0131larda ve tadilat uygulamalar\u0131nda temel duvarlar\u0131nda rijit su yal\u0131t\u0131m\u0131 olarak G\u00f6zenek ve deliklerde dolgu malzemesi olarak Temel ve bodrum katlar\u0131n su yal\u0131t\u0131m\u0131 i\u00e7in Beton yap\u0131larda hareketli olmayan ince \u00e7atlaklar\u0131n ge\u00e7irimsizli\u011fi i\u00e7in \u00a0Teknik D\u00f6k\u00fcmanlar: \u00a0 \u00a0 \u00a0 \u00a0Teknik Bilgi F\u00f6y\u00fc (TBF)<\/p>\n","protected":false},"author":3,"featured_media":0,"parent":0,"menu_order":0,"comment_status":"closed","ping_status":"closed","template":"page-full.php","meta":{"_joinchat":[],"footnotes":""},"class_list":["post-12985","page","type-page","status-publish","hentry"],"_links":{"self":[{"href":"https:\/\/etkiinsaat.com.tr\/index.php?rest_route=\/wp\/v2\/pages\/12985","targetHints":{"allow":["GET"]}}],"collection":[{"href":"https:\/\/etkiinsaat.com.tr\/index.php?rest_route=\/wp\/v2\/pages"}],"about":[{"href":"https:\/\/etkiinsaat.com.tr\/index.php?rest_route=\/wp\/v2\/types\/page"}],"author":[{"embeddable":true,"href":"https:\/\/etkiinsaat.com.tr\/index.php?rest_route=\/wp\/v2\/users\/3"}],"replies":[{"embeddable":true,"href":"https:\/\/etkiinsaat.com.tr\/index.php?rest_route=%2Fwp%2Fv2%2Fcomments&post=12985"}],"version-history":[{"count":4,"href":"https:\/\/etkiinsaat.com.tr\/index.php?rest_route=\/wp\/v2\/pages\/12985\/revisions"}],"predecessor-version":[{"id":12990,"href":"https:\/\/etkiinsaat.com.tr\/index.php?rest_route=\/wp\/v2\/pages\/12985\/revisions\/12990"}],"wp:attachment":[{"href":"https:\/\/etkiinsaat.com.tr\/index.php?rest_route=%2Fwp%2Fv2%2Fmedia&parent=12985"}],"curies":[{"name":"wp","href":"https:\/\/api.w.org\/{rel}","templated":true}]}}