{"id":13192,"date":"2023-09-22T20:36:24","date_gmt":"2023-09-22T17:36:24","guid":{"rendered":"https:\/\/etkiinsaat.com.tr\/?page_id=13192"},"modified":"2023-09-22T20:37:43","modified_gmt":"2023-09-22T17:37:43","slug":"sikagard-570-w-elastic-skin-fibers-tr","status":"publish","type":"page","link":"https:\/\/etkiinsaat.com.tr\/?page_id=13192","title":{"rendered":"Sikagard\u00ae-570 W Elastic Skin + Fibers TR"},"content":{"rendered":"\t\t<div data-elementor-type=\"wp-page\" data-elementor-id=\"13192\" class=\"elementor elementor-13192\">\n\t\t\t\t\t\t<section class=\"elementor-section elementor-top-section elementor-element elementor-element-cf3501c elementor-section-boxed elementor-section-height-default elementor-section-height-default\" data-id=\"cf3501c\" data-element_type=\"section\" data-e-type=\"section\">\n\t\t\t\t\t\t<div class=\"elementor-container elementor-column-gap-default\">\n\t\t\t\t\t<div class=\"elementor-column elementor-col-33 elementor-top-column elementor-element elementor-element-648495e\" data-id=\"648495e\" data-element_type=\"column\" data-e-type=\"column\">\n\t\t\t<div class=\"elementor-widget-wrap elementor-element-populated\">\n\t\t\t\t\t\t<div class=\"elementor-element elementor-element-e773dc9 elementor-widget elementor-widget-heading\" data-id=\"e773dc9\" data-element_type=\"widget\" data-e-type=\"widget\" data-widget_type=\"heading.default\">\n\t\t\t\t<div class=\"elementor-widget-container\">\n\t\t\t\t\t<h2 class=\"elementor-heading-title elementor-size-default\">Sikagard\u00ae-570 W Elastic Skin + Fibers TR<\/h2>\t\t\t\t<\/div>\n\t\t\t\t<\/div>\n\t\t\t\t<div class=\"elementor-element elementor-element-7b0f35f elementor-widget elementor-widget-image\" data-id=\"7b0f35f\" data-element_type=\"widget\" data-e-type=\"widget\" data-widget_type=\"image.default\">\n\t\t\t\t<div class=\"elementor-widget-container\">\n\t\t\t\t\t\t\t\t\t\t\t\t\t\t\t<img decoding=\"async\" src=\"https:\/\/etkiinsaat.com.tr\/wp-content\/uploads\/2023\/09\/tr-sikalastic-570w-elastic-skin-2000x2000px-00154985.webp\" title=\"tr-sikalastic-570w-elastic-skin-2000x2000px-00154985\" alt=\"tr-sikalastic-570w-elastic-skin-2000x2000px-00154985\" loading=\"lazy\" \/>\t\t\t\t\t\t\t\t\t\t\t\t\t\t\t<\/div>\n\t\t\t\t<\/div>\n\t\t\t\t<div class=\"elementor-element elementor-element-60dff3f elementor-widget elementor-widget-text-editor\" data-id=\"60dff3f\" data-element_type=\"widget\" data-e-type=\"widget\" data-widget_type=\"text-editor.default\">\n\t\t\t\t<div class=\"elementor-widget-container\">\n\t\t\t\t\t\t\t\t\t<p><strong>AMBALAJ<\/strong><\/p><p>20 kg plastik kova<\/p>\t\t\t\t\t\t\t\t<\/div>\n\t\t\t\t<\/div>\n\t\t\t\t\t<\/div>\n\t\t<\/div>\n\t\t\t\t<div class=\"elementor-column elementor-col-66 elementor-top-column elementor-element elementor-element-3af7e24\" data-id=\"3af7e24\" data-element_type=\"column\" data-e-type=\"column\">\n\t\t\t<div class=\"elementor-widget-wrap elementor-element-populated\">\n\t\t\t\t\t\t<div class=\"elementor-element elementor-element-9e37158 elementor-widget elementor-widget-text-editor\" data-id=\"9e37158\" data-element_type=\"widget\" data-e-type=\"widget\" data-widget_type=\"text-editor.default\">\n\t\t\t\t<div class=\"elementor-widget-container\">\n\t\t\t\t\t\t\t\t\t<p style=\"margin-right: 0px; margin-bottom: 10px; margin-left: 0px; line-height: 24px; color: #444444; font-family: 'Open Sans', sans-serif; font-size: 14px;\"><span style=\"font-weight: 600;\">Tan\u0131m\u0131:\u00a0<\/span><\/p><ul style=\"box-sizing: inherit; margin-right: 0px; margin-bottom: 0px; margin-left: 1.25rem; padding: 0px; list-style-position: outside; line-height: 1.45; list-style-type: square; color: #000000; font-family: 'Klavika Light';\"><li style=\"box-sizing: inherit; margin: 0px; padding: 0px;\"><div style=\"font-size: 1.3125rem; box-sizing: inherit; margin: 0px 0px 30px; padding: 0px;\"><div style=\"box-sizing: inherit; margin: 0px; padding: 0px;\"><div class=\"cmp-product__description cmp-font--light\" style=\"box-sizing: inherit; margin: 0px 0px 30px; padding: 0px; font-size: 1.3125rem;\"><div class=\"cmp-text\" style=\"box-sizing: inherit; margin: 0px; padding: 0px;\"><p class=\"cmp-text__paragraph cmp-line-clamp cmp-line-clamp--3\" style=\"box-sizing: inherit; margin-right: 0px; margin-bottom: 1rem; margin-left: 0px; padding: 0px; font-size: 1.13125rem; line-height: 1.45; text-rendering: optimizelegibility; display: -webkit-box; -webkit-box-orient: vertical; overflow: hidden; -webkit-line-clamp: 3;\" data-lines=\"3\" data-read-more=\"Daha fazla oku\" data-read-less=\"Daha az oku\">Sikagard\u00ae-570 W Elastic Skin + Fibers TR, elyafl\u0131 stirenakrilik dispersiyon su bazl\u0131 bir kaplamad\u0131r. Kuruduktan sonra, d\u00fc\u015f\u00fck s\u0131cakl\u0131klarda bile \u00e7atlak k\u00f6pr\u00fcleme \u00f6zellikli\u011fi olan, UV dayan\u0131ml\u0131 elastik-plastik bir tabaka haline gelir.<\/p><\/div><\/div><div class=\"cmp-product__attributes\" style=\"box-sizing: inherit; margin: 0px; padding: 0px; font-size: 1.3125rem;\"><ul style=\"box-sizing: inherit; margin-right: 0px; margin-left: 0px; padding: 0px; list-style-position: outside; line-height: 1.45; list-style-type: none; font-size: 1.13125rem !important;\"><li style=\"box-sizing: inherit; margin: 0px; padding: 0px 0px 0px 34px; text-indent: -32px; font-size: 1.13125rem !important;\">Hafif yaya trafi\u011fi.<\/li><li style=\"box-sizing: inherit; margin: 0px; padding: 0px 0px 0px 34px; text-indent: -32px; font-size: 1.13125rem !important;\">Y\u00fcksek elastikiyeti sayesinde \u00e7atlak k\u00f6pr\u00fcleme gibi \u00e7al\u0131\u015f\u0131r.<\/li><li style=\"box-sizing: inherit; margin: 0px; padding: 0px 0px 0px 34px; text-indent: -32px; font-size: 1.13125rem !important;\">Su buhar\u0131n\u0131n iyi dif\u00fczyonunu sa\u011flar.<\/li><\/ul><\/div><\/div><\/div><div style=\"box-sizing: inherit; margin: 0px; padding: 0px;\">\u00a0<\/div><\/li><\/ul><div style=\"text-indent: -32px;\"><span style=\"color: #000000; font-family: Klavika Light;\"><span style=\"font-size: 18.1px;\">\u00a0 \u00a0 \u00a0 \u00a0 \u00a0 \u00a0 <strong>Kullan\u0131m<\/strong><\/span><\/span><\/div><div>\u00a0<\/div><div><ul><li style=\"list-style-type: none;\"><ul><li style=\"box-sizing: inherit; margin: 0px; padding: 0px; font-size: 1.13125rem !important;\">Belli ko\u015fullarda yaya trafi\u011fine ve periferik dikey y\u00fczeylere maruz kalan \u00e7at\u0131lar i\u00e7in su yal\u0131t\u0131m membran\u0131<\/li><li style=\"box-sizing: inherit; margin: 0px; padding: 0px; font-size: 1.13125rem !important;\">\u00d6zellikle asbest, bit\u00fcml\u00fc membranlar, beton, \u00e7inko ve \u00e7elik \u00e7at\u0131lar i\u00e7in s\u00fcrekli kaplama.<\/li><\/ul><\/li><\/ul><span style=\"color: #000000; font-family: 'Klavika Light'; font-size: 18.1px;\">PVC veya polyester ve boyalarla ilgili uygulamalarda, uyumluluklar\u0131n\u0131 belirlemek i\u00e7in gerekirse daha \u00f6nce z\u0131mpara yapmak gerekebilir. Saha testleri yap\u0131lmas\u0131 \u00f6nerilir.\u00a0\u00a0<\/span><\/div><div style=\"color: #444444; font-family: 'Open Sans', sans-serif; font-size: 14px;\">\u00a0<\/div><div><div><span style=\"color: #444444; font-family: 'Open Sans', sans-serif;\"><span style=\"font-size: 14px;\"><span style=\"font-weight: bold;\">Teknik D\u00f6k\u00fcmanlar:<\/span><\/span><\/span><\/div><p><a href=\"https:\/\/tur.sika.com\/content\/dam\/dms\/tr01\/5\/sikagard_-570_w_elasticskinfiberstr.pdf\"><span style=\"font-weight: bolder;\">\u00a0 \u00a0 \u00a0<img decoding=\"async\" src=\"http:\/\/etkiinsaat.com.tr\/wp-content\/uploads\/2023\/09\/pdf-300x300.png\" alt=\"\" width=\"31\" height=\"31\" \/>Teknik Bilgi F\u00f6y\u00fc (TBF)<\/span><\/a><\/p><\/div>\t\t\t\t\t\t\t\t<\/div>\n\t\t\t\t<\/div>\n\t\t\t\t\t<\/div>\n\t\t<\/div>\n\t\t\t\t\t<\/div>\n\t\t<\/section>\n\t\t\t\t<\/div>\n\t\t","protected":false},"excerpt":{"rendered":"<p>Sikagard\u00ae-570 W Elastic Skin + Fibers TR AMBALAJ 20 kg plastik kova Tan\u0131m\u0131:\u00a0 Sikagard\u00ae-570 W Elastic Skin + Fibers TR, elyafl\u0131 stirenakrilik dispersiyon su bazl\u0131 bir kaplamad\u0131r. Kuruduktan sonra, d\u00fc\u015f\u00fck s\u0131cakl\u0131klarda bile \u00e7atlak k\u00f6pr\u00fcleme \u00f6zellikli\u011fi olan, UV dayan\u0131ml\u0131 elastik-plastik bir tabaka haline gelir. Hafif yaya trafi\u011fi. Y\u00fcksek elastikiyeti sayesinde \u00e7atlak k\u00f6pr\u00fcleme gibi \u00e7al\u0131\u015f\u0131r. Su buhar\u0131n\u0131n iyi dif\u00fczyonunu sa\u011flar. \u00a0 \u00a0 \u00a0 \u00a0 \u00a0 \u00a0 \u00a0 Kullan\u0131m\u00a0 Belli ko\u015fullarda yaya trafi\u011fine ve periferik dikey y\u00fczeylere maruz kalan \u00e7at\u0131lar i\u00e7in su yal\u0131t\u0131m membran\u0131 \u00d6zellikle asbest, bit\u00fcml\u00fc membranlar, beton, \u00e7inko ve \u00e7elik \u00e7at\u0131lar i\u00e7in s\u00fcrekli kaplama. PVC veya polyester ve boyalarla ilgili uygulamalarda, uyumluluklar\u0131n\u0131 belirlemek i\u00e7in gerekirse daha \u00f6nce z\u0131mpara yapmak gerekebilir. Saha testleri yap\u0131lmas\u0131 \u00f6nerilir.\u00a0\u00a0\u00a0Teknik D\u00f6k\u00fcmanlar: \u00a0 \u00a0 \u00a0Teknik Bilgi F\u00f6y\u00fc (TBF)<\/p>\n","protected":false},"author":3,"featured_media":0,"parent":0,"menu_order":0,"comment_status":"closed","ping_status":"closed","template":"page-full.php","meta":{"_joinchat":[],"footnotes":""},"class_list":["post-13192","page","type-page","status-publish","hentry"],"_links":{"self":[{"href":"https:\/\/etkiinsaat.com.tr\/index.php?rest_route=\/wp\/v2\/pages\/13192","targetHints":{"allow":["GET"]}}],"collection":[{"href":"https:\/\/etkiinsaat.com.tr\/index.php?rest_route=\/wp\/v2\/pages"}],"about":[{"href":"https:\/\/etkiinsaat.com.tr\/index.php?rest_route=\/wp\/v2\/types\/page"}],"author":[{"embeddable":true,"href":"https:\/\/etkiinsaat.com.tr\/index.php?rest_route=\/wp\/v2\/users\/3"}],"replies":[{"embeddable":true,"href":"https:\/\/etkiinsaat.com.tr\/index.php?rest_route=%2Fwp%2Fv2%2Fcomments&post=13192"}],"version-history":[{"count":4,"href":"https:\/\/etkiinsaat.com.tr\/index.php?rest_route=\/wp\/v2\/pages\/13192\/revisions"}],"predecessor-version":[{"id":13197,"href":"https:\/\/etkiinsaat.com.tr\/index.php?rest_route=\/wp\/v2\/pages\/13192\/revisions\/13197"}],"wp:attachment":[{"href":"https:\/\/etkiinsaat.com.tr\/index.php?rest_route=%2Fwp%2Fv2%2Fmedia&parent=13192"}],"curies":[{"name":"wp","href":"https:\/\/api.w.org\/{rel}","templated":true}]}}