{"id":13342,"date":"2023-09-22T21:16:36","date_gmt":"2023-09-22T18:16:36","guid":{"rendered":"https:\/\/etkiinsaat.com.tr\/?page_id=13342"},"modified":"2023-09-22T21:17:33","modified_gmt":"2023-09-22T18:17:33","slug":"sikaplan-tm-15","status":"publish","type":"page","link":"https:\/\/etkiinsaat.com.tr\/?page_id=13342","title":{"rendered":"Sikaplan\u00ae TM-15"},"content":{"rendered":"\t\t<div data-elementor-type=\"wp-page\" data-elementor-id=\"13342\" class=\"elementor elementor-13342\">\n\t\t\t\t\t\t<section class=\"elementor-section elementor-top-section elementor-element elementor-element-b114ba8 elementor-section-boxed elementor-section-height-default elementor-section-height-default\" data-id=\"b114ba8\" data-element_type=\"section\" data-e-type=\"section\">\n\t\t\t\t\t\t<div class=\"elementor-container elementor-column-gap-default\">\n\t\t\t\t\t<div class=\"elementor-column elementor-col-33 elementor-top-column elementor-element elementor-element-99eaebe\" data-id=\"99eaebe\" data-element_type=\"column\" data-e-type=\"column\">\n\t\t\t<div class=\"elementor-widget-wrap elementor-element-populated\">\n\t\t\t\t\t\t<div class=\"elementor-element elementor-element-beded52 elementor-widget elementor-widget-heading\" data-id=\"beded52\" data-element_type=\"widget\" data-e-type=\"widget\" data-widget_type=\"heading.default\">\n\t\t\t\t<div class=\"elementor-widget-container\">\n\t\t\t\t\t<h2 class=\"elementor-heading-title elementor-size-default\">Sikaplan\u00ae TM-15<\/h2>\t\t\t\t<\/div>\n\t\t\t\t<\/div>\n\t\t\t\t<div class=\"elementor-element elementor-element-2588f20 elementor-widget elementor-widget-image\" data-id=\"2588f20\" data-element_type=\"widget\" data-e-type=\"widget\" data-widget_type=\"image.default\">\n\t\t\t\t<div class=\"elementor-widget-container\">\n\t\t\t\t\t\t\t\t\t\t\t\t\t\t\t<img fetchpriority=\"high\" decoding=\"async\" width=\"320\" height=\"277\" src=\"https:\/\/etkiinsaat.com.tr\/wp-content\/uploads\/2023\/09\/Sika_NoClaim_pos_rgb_mobile.webp\" class=\"attachment-full size-full wp-image-13012\" alt=\"\" srcset=\"https:\/\/etkiinsaat.com.tr\/wp-content\/uploads\/2023\/09\/Sika_NoClaim_pos_rgb_mobile.webp 320w, https:\/\/etkiinsaat.com.tr\/wp-content\/uploads\/2023\/09\/Sika_NoClaim_pos_rgb_mobile-300x260.webp 300w, https:\/\/etkiinsaat.com.tr\/wp-content\/uploads\/2023\/09\/Sika_NoClaim_pos_rgb_mobile-232x201.webp 232w, https:\/\/etkiinsaat.com.tr\/wp-content\/uploads\/2023\/09\/Sika_NoClaim_pos_rgb_mobile-116x100.webp 116w\" sizes=\"(max-width: 320px) 100vw, 320px\" \/>\t\t\t\t\t\t\t\t\t\t\t\t\t\t\t<\/div>\n\t\t\t\t<\/div>\n\t\t\t\t<div class=\"elementor-element elementor-element-220ad97 elementor-widget elementor-widget-text-editor\" data-id=\"220ad97\" data-element_type=\"widget\" data-e-type=\"widget\" data-widget_type=\"text-editor.default\">\n\t\t\t\t<div class=\"elementor-widget-container\">\n\t\t\t\t\t\t\t\t\t<p><strong>AMBALAJ<\/strong><\/p><p>Sikaplan\u00ae TM-15 standart rulolar\u0131 ayr\u0131 olarak sar\u0131 renkli PE folyo ile sar\u0131lm\u0131\u015ft\u0131r.<\/p><table><tbody><tr><td class=\"cw-50\"><p>Ambalaj birimi:<\/p><\/td><td class=\"cw-50\"><p>fiyat listesine bknz<\/p><\/td><\/tr><tr><td class=\"cw-50\"><p>Rulo uzunlu\u011fu:<\/p><\/td><td class=\"cw-50\"><p>20.00 m<\/p><\/td><\/tr><tr><td class=\"cw-50\">Rulo geni\u015fli\u011fi:<\/td><td class=\"cw-50\">2.00 m<\/td><\/tr><tr><td class=\"cw-50\"><p>Rulo a\u011f\u0131rl\u0131\u011f\u0131:<\/p><\/td><td class=\"cw-50\"><p>64.00 kg<\/p><\/td><\/tr><\/tbody><\/table>\t\t\t\t\t\t\t\t<\/div>\n\t\t\t\t<\/div>\n\t\t\t\t\t<\/div>\n\t\t<\/div>\n\t\t\t\t<div class=\"elementor-column elementor-col-66 elementor-top-column elementor-element elementor-element-40aab08\" data-id=\"40aab08\" data-element_type=\"column\" data-e-type=\"column\">\n\t\t\t<div class=\"elementor-widget-wrap elementor-element-populated\">\n\t\t\t\t\t\t<div class=\"elementor-element elementor-element-4d0e4a5 elementor-widget elementor-widget-text-editor\" data-id=\"4d0e4a5\" data-element_type=\"widget\" data-e-type=\"widget\" data-widget_type=\"text-editor.default\">\n\t\t\t\t<div class=\"elementor-widget-container\">\n\t\t\t\t\t\t\t\t\t<p style=\"margin-right: 0px; margin-bottom: 10px; margin-left: 0px; line-height: 24px; color: #444444; font-family: 'Open Sans', sans-serif; font-size: 14px;\"><span style=\"font-weight: 600;\">Tan\u0131m\u0131:\u00a0<\/span><\/p><ul style=\"box-sizing: inherit; margin-right: 0px; margin-bottom: 0px; margin-left: 1.25rem; padding: 0px; list-style-position: outside; line-height: 1.45; list-style-type: square; color: #000000; font-family: 'Klavika Light';\"><li style=\"box-sizing: inherit; margin: 0px; padding: 0px;\"><div style=\"font-size: 1.3125rem; box-sizing: inherit; margin: 0px 0px 30px; padding: 0px;\"><div style=\"box-sizing: inherit; margin: 0px; padding: 0px;\"><div class=\"cmp-product__description cmp-font--light\" style=\"box-sizing: inherit; margin: 0px 0px 30px; padding: 0px; font-size: 1.3125rem;\"><div class=\"cmp-text\" style=\"box-sizing: inherit; margin: 0px; padding: 0px;\"><p class=\"cmp-text__paragraph cmp-line-clamp cmp-line-clamp--3\" style=\"box-sizing: inherit; margin-right: 0px; margin-bottom: 1rem; margin-left: 0px; padding: 0px; font-size: 1.13125rem; line-height: 1.45; text-rendering: optimizelegibility; display: -webkit-box; -webkit-box-orient: vertical; overflow: hidden; -webkit-line-clamp: 3;\" data-lines=\"3\" data-read-more=\"Daha fazla oku\" data-read-less=\"Daha az oku\">Sikaplan\u00ae TM-15 (kal\u0131nl\u0131k 1.5 mm) polyolefin (FPO) esasl\u0131, Polyester ta\u015f\u0131y\u0131c\u0131l\u0131, \u00e7ok tabakal\u0131, m\u00fckemmel boyutsal stabiliteye sahip EN 13956 normuna uygun sentetik \u00e7at\u0131 su yal\u0131t\u0131m membran\u0131d\u0131r. Sikaplan\u00ae TM-15, her t\u00fcrl\u00fc k\u00fcresel iklim ko\u015fulunda kullan\u0131lmak i\u00e7in tasarlanm\u0131\u015f, s\u0131cak hava ile kaynaklanabilen, UV dayan\u0131ml\u0131 \u00e7at\u0131 su yal\u0131t\u0131m membran\u0131d\u0131r.<\/p><\/div><\/div><div class=\"cmp-product__attributes\" style=\"box-sizing: inherit; margin: 0px; padding: 0px; font-size: 1.3125rem;\"><ul style=\"box-sizing: inherit; margin-right: 0px; margin-left: 0px; padding: 0px; list-style-position: outside; line-height: 1.45; list-style-type: none; font-size: 1.13125rem !important;\"><li style=\"box-sizing: inherit; margin: 0px; padding: 0px 0px 0px 34px; text-indent: -32px; font-size: 1.13125rem !important;\">UV etkisine dayan\u0131m<\/li><li style=\"box-sizing: inherit; margin: 0px; padding: 0px 0px 0px 34px; text-indent: -32px; font-size: 1.13125rem !important;\">S\u00fcrekli r\u00fczgar etkisine dayan\u0131m<\/li><li style=\"box-sizing: inherit; margin: 0px; padding: 0px 0px 0px 34px; text-indent: -32px; font-size: 1.13125rem !important;\">Darbe y\u00fck\u00fc ve dolu dayan\u0131m\u0131<\/li><\/ul><\/div><\/div><\/div><div style=\"box-sizing: inherit; margin: 0px; padding: 0px;\"><div style=\"text-indent: -32px;\"><span style=\"font-size: 18.1px;\">\u00a0 \u00a0 \u00a0 \u00a0<\/span><\/div><\/div><\/li><\/ul><div style=\"text-indent: -32px;\"><span style=\"color: #000000; font-family: Klavika Light;\"><span style=\"font-size: 18.1px;\">\u00a0 \u00a0 \u00a0 \u00a0 \u00a0 \u00a0 <strong>Kullan\u0131m<\/strong><\/span><\/span><\/div><div>\u00a0<\/div><div><ul><li><span style=\"color: #000000; font-family: 'Klavika Light'; font-size: 18.1px;\">Su yal\u0131t\u0131m\u0131 membran\u0131 olarak:<\/span><ul style=\"box-sizing: inherit; margin-right: 0px; margin-left: 1.25rem; padding: 0px; list-style-position: outside; line-height: 1.45; list-style-type: square; font-size: 18.1px; color: #000000; font-family: 'Klavika Light';\"><li style=\"box-sizing: inherit; margin: 0px; padding: 0px; font-size: 1.13125rem !important;\">Mekanik sabitlemeli sistemlerde.<\/li><\/ul><\/li><\/ul><\/div><div style=\"color: #444444; font-family: 'Open Sans', sans-serif; font-size: 14px;\"><div>\u00a0<\/div><\/div><div><div><span style=\"color: #444444; font-family: 'Open Sans', sans-serif;\"><span style=\"font-size: 14px;\"><span style=\"font-weight: bold;\">Teknik D\u00f6k\u00fcmanlar:<\/span><\/span><\/span><\/div><p><a href=\"https:\/\/tur.sika.com\/content\/dam\/dms\/tr01\/w\/sikaplan_tm-15.pdf\"><span style=\"font-weight: bolder;\">\u00a0 \u00a0 \u00a0<img decoding=\"async\" src=\"http:\/\/etkiinsaat.com.tr\/wp-content\/uploads\/2023\/09\/pdf-300x300.png\" alt=\"\" width=\"31\" height=\"31\" \/>Teknik Bilgi F\u00f6y\u00fc (TBF)<\/span><\/a><\/p><p>\u00a0<\/p><\/div>\t\t\t\t\t\t\t\t<\/div>\n\t\t\t\t<\/div>\n\t\t\t\t\t<\/div>\n\t\t<\/div>\n\t\t\t\t\t<\/div>\n\t\t<\/section>\n\t\t\t\t<\/div>\n\t\t","protected":false},"excerpt":{"rendered":"<p>Sikaplan\u00ae TM-15 AMBALAJ Sikaplan\u00ae TM-15 standart rulolar\u0131 ayr\u0131 olarak sar\u0131 renkli PE folyo ile sar\u0131lm\u0131\u015ft\u0131r. Ambalaj birimi: fiyat listesine bknz Rulo uzunlu\u011fu: 20.00 m Rulo geni\u015fli\u011fi: 2.00 m Rulo a\u011f\u0131rl\u0131\u011f\u0131: 64.00 kg Tan\u0131m\u0131:\u00a0 Sikaplan\u00ae TM-15 (kal\u0131nl\u0131k 1.5 mm) polyolefin (FPO) esasl\u0131, Polyester ta\u015f\u0131y\u0131c\u0131l\u0131, \u00e7ok tabakal\u0131, m\u00fckemmel boyutsal stabiliteye sahip EN 13956 normuna uygun sentetik \u00e7at\u0131 su yal\u0131t\u0131m membran\u0131d\u0131r. Sikaplan\u00ae TM-15, her t\u00fcrl\u00fc k\u00fcresel iklim ko\u015fulunda kullan\u0131lmak i\u00e7in tasarlanm\u0131\u015f, s\u0131cak hava ile kaynaklanabilen, UV dayan\u0131ml\u0131 \u00e7at\u0131 su yal\u0131t\u0131m membran\u0131d\u0131r. UV etkisine dayan\u0131m S\u00fcrekli r\u00fczgar etkisine dayan\u0131m Darbe y\u00fck\u00fc ve dolu dayan\u0131m\u0131 \u00a0 \u00a0 \u00a0 \u00a0 \u00a0 \u00a0 \u00a0 \u00a0 \u00a0 \u00a0 Kullan\u0131m\u00a0 Su yal\u0131t\u0131m\u0131 membran\u0131 olarak: Mekanik sabitlemeli sistemlerde. \u00a0Teknik D\u00f6k\u00fcmanlar: \u00a0 \u00a0 \u00a0Teknik Bilgi F\u00f6y\u00fc (TBF) \u00a0<\/p>\n","protected":false},"author":3,"featured_media":0,"parent":0,"menu_order":0,"comment_status":"closed","ping_status":"closed","template":"page-full.php","meta":{"_joinchat":[],"footnotes":""},"class_list":["post-13342","page","type-page","status-publish","hentry"],"_links":{"self":[{"href":"https:\/\/etkiinsaat.com.tr\/index.php?rest_route=\/wp\/v2\/pages\/13342","targetHints":{"allow":["GET"]}}],"collection":[{"href":"https:\/\/etkiinsaat.com.tr\/index.php?rest_route=\/wp\/v2\/pages"}],"about":[{"href":"https:\/\/etkiinsaat.com.tr\/index.php?rest_route=\/wp\/v2\/types\/page"}],"author":[{"embeddable":true,"href":"https:\/\/etkiinsaat.com.tr\/index.php?rest_route=\/wp\/v2\/users\/3"}],"replies":[{"embeddable":true,"href":"https:\/\/etkiinsaat.com.tr\/index.php?rest_route=%2Fwp%2Fv2%2Fcomments&post=13342"}],"version-history":[{"count":4,"href":"https:\/\/etkiinsaat.com.tr\/index.php?rest_route=\/wp\/v2\/pages\/13342\/revisions"}],"predecessor-version":[{"id":13355,"href":"https:\/\/etkiinsaat.com.tr\/index.php?rest_route=\/wp\/v2\/pages\/13342\/revisions\/13355"}],"wp:attachment":[{"href":"https:\/\/etkiinsaat.com.tr\/index.php?rest_route=%2Fwp%2Fv2%2Fmedia&parent=13342"}],"curies":[{"name":"wp","href":"https:\/\/api.w.org\/{rel}","templated":true}]}}