{"id":13465,"date":"2023-09-22T21:37:23","date_gmt":"2023-09-22T18:37:23","guid":{"rendered":"https:\/\/etkiinsaat.com.tr\/?page_id=13465"},"modified":"2023-09-22T21:39:03","modified_gmt":"2023-09-22T18:39:03","slug":"sika-monotop-620","status":"publish","type":"page","link":"https:\/\/etkiinsaat.com.tr\/?page_id=13465","title":{"rendered":"Sika MonoTop\u00ae-620"},"content":{"rendered":"\t\t<div data-elementor-type=\"wp-page\" data-elementor-id=\"13465\" class=\"elementor elementor-13465\">\n\t\t\t\t\t\t<section class=\"elementor-section elementor-top-section elementor-element elementor-element-4a95417 elementor-section-boxed elementor-section-height-default elementor-section-height-default\" data-id=\"4a95417\" data-element_type=\"section\" data-e-type=\"section\">\n\t\t\t\t\t\t<div class=\"elementor-container elementor-column-gap-default\">\n\t\t\t\t\t<div class=\"elementor-column elementor-col-33 elementor-top-column elementor-element elementor-element-01365c9\" data-id=\"01365c9\" data-element_type=\"column\" data-e-type=\"column\">\n\t\t\t<div class=\"elementor-widget-wrap elementor-element-populated\">\n\t\t\t\t\t\t<div class=\"elementor-element elementor-element-4bdd0c0 elementor-widget elementor-widget-heading\" data-id=\"4bdd0c0\" data-element_type=\"widget\" data-e-type=\"widget\" data-widget_type=\"heading.default\">\n\t\t\t\t<div class=\"elementor-widget-container\">\n\t\t\t\t\t<h2 class=\"elementor-heading-title elementor-size-default\">Sika MonoTop\u00ae-620<\/h2>\t\t\t\t<\/div>\n\t\t\t\t<\/div>\n\t\t\t\t<div class=\"elementor-element elementor-element-afbabfc elementor-widget elementor-widget-image\" data-id=\"afbabfc\" data-element_type=\"widget\" data-e-type=\"widget\" data-widget_type=\"image.default\">\n\t\t\t\t<div class=\"elementor-widget-container\">\n\t\t\t\t\t\t\t\t\t\t\t\t\t\t\t<img decoding=\"async\" src=\"https:\/\/etkiinsaat.com.tr\/wp-content\/uploads\/2023\/09\/tr-sika-monotop-620-2000x2000px-00315695.webp\" title=\"tr-sika-monotop-620-2000x2000px-00315695\" alt=\"tr-sika-monotop-620-2000x2000px-00315695\" loading=\"lazy\" \/>\t\t\t\t\t\t\t\t\t\t\t\t\t\t\t<\/div>\n\t\t\t\t<\/div>\n\t\t\t\t<div class=\"elementor-element elementor-element-ba7e9cb elementor-widget elementor-widget-text-editor\" data-id=\"ba7e9cb\" data-element_type=\"widget\" data-e-type=\"widget\" data-widget_type=\"text-editor.default\">\n\t\t\t\t<div class=\"elementor-widget-container\">\n\t\t\t\t\t\t\t\t\t<p><strong>AMBALAJ<\/strong><\/p><p>25 kg kraft torba<\/p>\t\t\t\t\t\t\t\t<\/div>\n\t\t\t\t<\/div>\n\t\t\t\t\t<\/div>\n\t\t<\/div>\n\t\t\t\t<div class=\"elementor-column elementor-col-66 elementor-top-column elementor-element elementor-element-e97d83f\" data-id=\"e97d83f\" data-element_type=\"column\" data-e-type=\"column\">\n\t\t\t<div class=\"elementor-widget-wrap elementor-element-populated\">\n\t\t\t\t\t\t<div class=\"elementor-element elementor-element-55edce0 elementor-widget elementor-widget-text-editor\" data-id=\"55edce0\" data-element_type=\"widget\" data-e-type=\"widget\" data-widget_type=\"text-editor.default\">\n\t\t\t\t<div class=\"elementor-widget-container\">\n\t\t\t\t\t\t\t\t\t<p style=\"margin-right: 0px; margin-bottom: 10px; margin-left: 0px; line-height: 24px; color: #444444; font-family: 'Open Sans', sans-serif; font-size: 14px;\"><span style=\"font-weight: 600;\">Tan\u0131m\u0131:\u00a0<\/span><\/p><ul style=\"box-sizing: inherit; margin-right: 0px; margin-bottom: 0px; margin-left: 1.25rem; padding: 0px; list-style-position: outside; line-height: 1.45; list-style-type: square; color: #000000; font-family: 'Klavika Light';\"><li style=\"box-sizing: inherit; margin: 0px; padding: 0px;\"><div style=\"font-size: 1.3125rem; box-sizing: inherit; margin: 0px 0px 30px; padding: 0px;\"><div style=\"box-sizing: inherit; margin: 0px; padding: 0px;\"><div class=\"cmp-product__description cmp-font--light\" style=\"box-sizing: inherit; margin: 0px 0px 30px; padding: 0px; font-size: 1.3125rem;\"><div class=\"cmp-text\" style=\"box-sizing: inherit; margin: 0px; padding: 0px;\"><p class=\"cmp-text__paragraph cmp-line-clamp\" style=\"box-sizing: inherit; margin-right: 0px; margin-bottom: 1rem; margin-left: 0px; padding: 0px; font-size: 1.13125rem; line-height: 1.45; text-rendering: optimizelegibility; display: -webkit-box; -webkit-box-orient: vertical; overflow: hidden;\" data-lines=\"3\" data-read-more=\"Daha fazla oku\" data-read-less=\"Daha az oku\"><span style=\"color: #000000;\">Sika MonoTop\u00ae-620; beton, har\u00e7, SikaTop<\/span><span style=\"box-sizing: inherit; font-size: 13.575px; line-height: 0; position: relative; vertical-align: baseline; top: -0.5em; color: #000000;\">\u00ae<\/span><span style=\"color: #000000;\">\u00a0ve Sika Monotop<\/span><span style=\"box-sizing: inherit; font-size: 13.575px; line-height: 0; position: relative; vertical-align: baseline; top: -0.5em; color: #000000;\">\u00ae<\/span><span style=\"color: #000000;\">\u00a0uygulanm\u0131\u015f y\u00fczeylerin \u00fczerine d\u00fczeltme ve bitire kaplamas\u0131 olarak uygulanabilir.<\/span><\/p><ul style=\"box-sizing: inherit; margin-right: 0px; margin-left: 1.25rem; padding: 0px; list-style-position: outside; line-height: 1.45; list-style-type: square; font-size: 18.1px;\"><li style=\"box-sizing: inherit; margin: 0px; padding: 0px; font-size: 1.13125rem !important;\">\u0130n\u015faat m\u00fchendisli\u011fi yap\u0131lar\u0131nda -binalar, i\u00e7 mekanlar vb.- yatay ve d\u00fc\u015fey uygulamalarda ince tamir s\u0131vas\u0131 olarak<\/li><li style=\"box-sizing: inherit; margin: 0px; padding: 0px; font-size: 1.13125rem !important;\">Br\u00fct beton, d\u00fczg\u00fcn olmayan veya tamir g\u00f6rm\u00fc\u015f y\u00fczeylerde<\/li><li style=\"box-sizing: inherit; margin: 0px; padding: 0px; font-size: 1.13125rem !important;\">Hava kabarc\u0131klar\u0131n\u0131n ve bo\u015fluklar\u0131n doldurulmas\u0131nda<\/li><li style=\"box-sizing: inherit; margin: 0px; padding: 0px; font-size: 1.13125rem !important;\">K\u00f6\u015felerde ve derz kenarlar\u0131nda olu\u015fan k\u00fc\u00e7\u00fck k\u0131r\u0131lma ve d\u00f6k\u00fclmelerin tamirinde<\/li><\/ul><\/div><\/div><div class=\"cmp-product__attributes\" style=\"box-sizing: inherit; margin: 0px; padding: 0px; font-size: 1.3125rem;\">\u00a0<\/div><\/div><\/div><div style=\"box-sizing: inherit; margin: 0px; padding: 0px;\"><div style=\"text-indent: -32px;\"><span style=\"font-size: 18.1px;\">\u00a0 \u00a0 \u00a0 \u00a0<\/span><\/div><\/div><\/li><\/ul><div style=\"text-indent: -32px;\"><span style=\"color: #000000; font-family: Klavika Light;\"><span style=\"font-size: 18.1px;\">\u00a0 \u00a0 \u00a0 \u00a0 \u00a0 \u00a0 <strong>Kullan\u0131m<\/strong><\/span><\/span><\/div><div>\u00a0<span style=\"font-weight: var( --e-global-typography-text-font-weight ); text-align: var(--bs-body-text-align); color: #000000; font-family: 'Klavika Light'; font-size: 18.1px;\">Sika MonoTop\u00ae-620; beton, har\u00e7, SikaTop<\/span><span style=\"font-weight: var( --e-global-typography-text-font-weight ); text-align: var(--bs-body-text-align); box-sizing: inherit; font-size: 13.575px; line-height: 0; position: relative; vertical-align: baseline; top: -0.5em; color: #000000; font-family: 'Klavika Light';\">\u00ae<\/span><span style=\"font-weight: var( --e-global-typography-text-font-weight ); text-align: var(--bs-body-text-align); color: #000000; font-family: 'Klavika Light'; font-size: 18.1px;\">\u00a0ve Sika Monotop<\/span><span style=\"font-weight: var( --e-global-typography-text-font-weight ); text-align: var(--bs-body-text-align); box-sizing: inherit; font-size: 13.575px; line-height: 0; position: relative; vertical-align: baseline; top: -0.5em; color: #000000; font-family: 'Klavika Light';\">\u00ae<\/span><span style=\"font-weight: var( --e-global-typography-text-font-weight ); text-align: var(--bs-body-text-align); color: #000000; font-family: 'Klavika Light'; font-size: 18.1px;\">\u00a0uygulanm\u0131\u015f y\u00fczeylerin \u00fczerine d\u00fczeltme ve bitire kaplamas\u0131 olarak uygulanabilir.<\/span><\/div><ul style=\"box-sizing: inherit; margin-right: 0px; margin-bottom: 0px; margin-left: 1.25rem; padding: 0px; list-style-position: outside; line-height: 1.45; list-style-type: square; font-size: 18.1px; color: #000000; font-family: 'Klavika Light';\"><li style=\"box-sizing: inherit; margin: 0px; padding: 0px; font-size: 1.13125rem !important;\">\u0130n\u015faat m\u00fchendisli\u011fi yap\u0131lar\u0131nda -binalar, i\u00e7 mekanlar vb.- yatay ve d\u00fc\u015fey uygulamalarda ince tamir s\u0131vas\u0131 olarak<\/li><li style=\"box-sizing: inherit; margin: 0px; padding: 0px; font-size: 1.13125rem !important;\">Br\u00fct beton, d\u00fczg\u00fcn olmayan veya tamir g\u00f6rm\u00fc\u015f y\u00fczeylerde<\/li><li style=\"box-sizing: inherit; margin: 0px; padding: 0px; font-size: 1.13125rem !important;\">Hava kabarc\u0131klar\u0131n\u0131n ve bo\u015fluklar\u0131n doldurulmas\u0131nda<\/li><li style=\"box-sizing: inherit; margin: 0px; padding: 0px; font-size: 1.13125rem !important;\">K\u00f6\u015felerde ve derz kenarlar\u0131nda olu\u015fan k\u00fc\u00e7\u00fck k\u0131r\u0131lma ve d\u00f6k\u00fclmelerin tamirinde<\/li><\/ul><div><span style=\"color: #444444; font-family: 'Open Sans', sans-serif; font-size: 14px; font-weight: var( --e-global-typography-text-font-weight ); text-align: var(--bs-body-text-align);\">\u00a0<\/span><\/div><div><div><span style=\"color: #444444; font-family: 'Open Sans', sans-serif;\"><span style=\"font-size: 14px;\"><span style=\"font-weight: bold;\">Teknik D\u00f6k\u00fcmanlar:<\/span><\/span><\/span><\/div><p><a href=\"https:\/\/tur.sika.com\/content\/dam\/dms\/tr01\/o\/sika_monotop_-620.pdf\"><span style=\"font-weight: bolder;\">\u00a0 \u00a0 \u00a0<img decoding=\"async\" src=\"http:\/\/etkiinsaat.com.tr\/wp-content\/uploads\/2023\/09\/pdf-300x300.png\" alt=\"\" width=\"31\" height=\"31\" \/>Teknik Bilgi F\u00f6y\u00fc (TBF)<\/span><\/a><\/p><p><a href=\"https:\/\/tur.sika.com\/content\/dam\/dms\/tr01\/d\/sikalastic_-1k_tr.pdf\"><span style=\"font-weight: bolder;\">\u00a0 \u00a0 \u00a0<img decoding=\"async\" src=\"http:\/\/etkiinsaat.com.tr\/wp-content\/uploads\/2023\/09\/pdf-300x300.png\" alt=\"\" width=\"31\" height=\"31\" \/><\/span><\/a><a href=\"https:\/\/tur.sika.com\/content\/dam\/dms\/tr01\/c\/Sika%20MonoTop%20620%20SDS%20TR.pdf\" target=\"_blank\" rel=\"noopener\" data-document-path=\"\/content\/dam\/dms\/tr01\/n\/Sikalastik%201%20K%20SDS%20TR.pdf\" data-document-type=\"material_safety_datasheet\" data-document-format=\"PDF\" data-document-language=\"tr\" data-product-link-type=\"PDF Top\">G\u00dcVENL\u0130K B\u0130LG\u0130 FORMU<\/a><\/p><\/div>\t\t\t\t\t\t\t\t<\/div>\n\t\t\t\t<\/div>\n\t\t\t\t\t<\/div>\n\t\t<\/div>\n\t\t\t\t\t<\/div>\n\t\t<\/section>\n\t\t\t\t<\/div>\n\t\t","protected":false},"excerpt":{"rendered":"<p>Sika MonoTop\u00ae-620 AMBALAJ 25 kg kraft torba Tan\u0131m\u0131:\u00a0 Sika MonoTop\u00ae-620; beton, har\u00e7, SikaTop\u00ae\u00a0ve Sika Monotop\u00ae\u00a0uygulanm\u0131\u015f y\u00fczeylerin \u00fczerine d\u00fczeltme ve bitire kaplamas\u0131 olarak uygulanabilir. \u0130n\u015faat m\u00fchendisli\u011fi yap\u0131lar\u0131nda -binalar, i\u00e7 mekanlar vb.- yatay ve d\u00fc\u015fey uygulamalarda ince tamir s\u0131vas\u0131 olarak Br\u00fct beton, d\u00fczg\u00fcn olmayan veya tamir g\u00f6rm\u00fc\u015f y\u00fczeylerde Hava kabarc\u0131klar\u0131n\u0131n ve bo\u015fluklar\u0131n doldurulmas\u0131nda K\u00f6\u015felerde ve derz kenarlar\u0131nda olu\u015fan k\u00fc\u00e7\u00fck k\u0131r\u0131lma ve d\u00f6k\u00fclmelerin tamirinde \u00a0\u00a0 \u00a0 \u00a0 \u00a0 \u00a0 \u00a0 \u00a0 \u00a0 \u00a0 \u00a0 Kullan\u0131m\u00a0Sika MonoTop\u00ae-620; beton, har\u00e7, SikaTop\u00ae\u00a0ve Sika Monotop\u00ae\u00a0uygulanm\u0131\u015f y\u00fczeylerin \u00fczerine d\u00fczeltme ve bitire kaplamas\u0131 olarak uygulanabilir. \u0130n\u015faat m\u00fchendisli\u011fi yap\u0131lar\u0131nda -binalar, i\u00e7 mekanlar vb.- yatay ve d\u00fc\u015fey uygulamalarda ince tamir s\u0131vas\u0131 olarak Br\u00fct beton, d\u00fczg\u00fcn olmayan veya tamir g\u00f6rm\u00fc\u015f y\u00fczeylerde Hava kabarc\u0131klar\u0131n\u0131n ve bo\u015fluklar\u0131n doldurulmas\u0131nda K\u00f6\u015felerde ve derz kenarlar\u0131nda olu\u015fan k\u00fc\u00e7\u00fck k\u0131r\u0131lma ve d\u00f6k\u00fclmelerin tamirinde \u00a0Teknik D\u00f6k\u00fcmanlar: \u00a0 \u00a0 \u00a0Teknik Bilgi F\u00f6y\u00fc (TBF) \u00a0 \u00a0 \u00a0G\u00dcVENL\u0130K B\u0130LG\u0130 FORMU<\/p>\n","protected":false},"author":3,"featured_media":0,"parent":0,"menu_order":0,"comment_status":"closed","ping_status":"closed","template":"page-full.php","meta":{"_joinchat":[],"footnotes":""},"class_list":["post-13465","page","type-page","status-publish","hentry"],"_links":{"self":[{"href":"https:\/\/etkiinsaat.com.tr\/index.php?rest_route=\/wp\/v2\/pages\/13465","targetHints":{"allow":["GET"]}}],"collection":[{"href":"https:\/\/etkiinsaat.com.tr\/index.php?rest_route=\/wp\/v2\/pages"}],"about":[{"href":"https:\/\/etkiinsaat.com.tr\/index.php?rest_route=\/wp\/v2\/types\/page"}],"author":[{"embeddable":true,"href":"https:\/\/etkiinsaat.com.tr\/index.php?rest_route=\/wp\/v2\/users\/3"}],"replies":[{"embeddable":true,"href":"https:\/\/etkiinsaat.com.tr\/index.php?rest_route=%2Fwp%2Fv2%2Fcomments&post=13465"}],"version-history":[{"count":4,"href":"https:\/\/etkiinsaat.com.tr\/index.php?rest_route=\/wp\/v2\/pages\/13465\/revisions"}],"predecessor-version":[{"id":13470,"href":"https:\/\/etkiinsaat.com.tr\/index.php?rest_route=\/wp\/v2\/pages\/13465\/revisions\/13470"}],"wp:attachment":[{"href":"https:\/\/etkiinsaat.com.tr\/index.php?rest_route=%2Fwp%2Fv2%2Fmedia&parent=13465"}],"curies":[{"name":"wp","href":"https:\/\/api.w.org\/{rel}","templated":true}]}}