{"id":13481,"date":"2023-09-22T21:42:10","date_gmt":"2023-09-22T18:42:10","guid":{"rendered":"https:\/\/etkiinsaat.com.tr\/?page_id=13481"},"modified":"2023-09-22T21:43:13","modified_gmt":"2023-09-22T18:43:13","slug":"sika-anchorfix-s","status":"publish","type":"page","link":"https:\/\/etkiinsaat.com.tr\/?page_id=13481","title":{"rendered":"Sika AnchorFix\u00ae S"},"content":{"rendered":"\t\t<div data-elementor-type=\"wp-page\" data-elementor-id=\"13481\" class=\"elementor elementor-13481\">\n\t\t\t\t\t\t<section class=\"elementor-section elementor-top-section elementor-element elementor-element-c5f84a4 elementor-section-boxed elementor-section-height-default elementor-section-height-default\" data-id=\"c5f84a4\" data-element_type=\"section\" data-e-type=\"section\">\n\t\t\t\t\t\t<div class=\"elementor-container elementor-column-gap-default\">\n\t\t\t\t\t<div class=\"elementor-column elementor-col-33 elementor-top-column elementor-element elementor-element-49884b0\" data-id=\"49884b0\" data-element_type=\"column\" data-e-type=\"column\">\n\t\t\t<div class=\"elementor-widget-wrap elementor-element-populated\">\n\t\t\t\t\t\t<div class=\"elementor-element elementor-element-2eaf2b4 elementor-widget elementor-widget-heading\" data-id=\"2eaf2b4\" data-element_type=\"widget\" data-e-type=\"widget\" data-widget_type=\"heading.default\">\n\t\t\t\t<div class=\"elementor-widget-container\">\n\t\t\t\t\t<h2 class=\"elementor-heading-title elementor-size-default\">Sika AnchorFix\u00ae S<\/h2>\t\t\t\t<\/div>\n\t\t\t\t<\/div>\n\t\t\t\t<div class=\"elementor-element elementor-element-1ed186f elementor-widget elementor-widget-image\" data-id=\"1ed186f\" data-element_type=\"widget\" data-e-type=\"widget\" data-widget_type=\"image.default\">\n\t\t\t\t<div class=\"elementor-widget-container\">\n\t\t\t\t\t\t\t\t\t\t\t\t\t\t\t<img fetchpriority=\"high\" decoding=\"async\" width=\"320\" height=\"277\" src=\"https:\/\/etkiinsaat.com.tr\/wp-content\/uploads\/2023\/09\/Sika_NoClaim_pos_rgb_mobile.webp\" class=\"attachment-full size-full wp-image-13012\" alt=\"\" srcset=\"https:\/\/etkiinsaat.com.tr\/wp-content\/uploads\/2023\/09\/Sika_NoClaim_pos_rgb_mobile.webp 320w, https:\/\/etkiinsaat.com.tr\/wp-content\/uploads\/2023\/09\/Sika_NoClaim_pos_rgb_mobile-300x260.webp 300w, https:\/\/etkiinsaat.com.tr\/wp-content\/uploads\/2023\/09\/Sika_NoClaim_pos_rgb_mobile-232x201.webp 232w, https:\/\/etkiinsaat.com.tr\/wp-content\/uploads\/2023\/09\/Sika_NoClaim_pos_rgb_mobile-116x100.webp 116w\" sizes=\"(max-width: 320px) 100vw, 320px\" \/>\t\t\t\t\t\t\t\t\t\t\t\t\t\t\t<\/div>\n\t\t\t\t<\/div>\n\t\t\t\t<div class=\"elementor-element elementor-element-c9989ff elementor-widget elementor-widget-text-editor\" data-id=\"c9989ff\" data-element_type=\"widget\" data-e-type=\"widget\" data-widget_type=\"text-editor.default\">\n\t\t\t\t<div class=\"elementor-widget-container\">\n\t\t\t\t\t\t\t\t\t<p><strong>AMBALAJ<\/strong><\/p><table><tbody><tr><td class=\"cw-50\">300 ml standart kartu\u015f<\/td><td class=\"cw-50\"><p>12 kartu\u015f\/koli<\/p><\/td><\/tr><tr><td class=\"cw-50\">\u00a0<\/td><td class=\"cw-50\"><p>palet: 75 koli<\/p><\/td><\/tr><tr><td class=\"cw-50\"><p>380 ml standart kartu\u015f<\/p><\/td><td class=\"cw-50\"><p>12 kartu\u015f\/koli<\/p><\/td><\/tr><tr><td class=\"cw-50\">\u00a0<\/td><td class=\"cw-50\">palet: 60 koli<\/td><\/tr><\/tbody><\/table>\t\t\t\t\t\t\t\t<\/div>\n\t\t\t\t<\/div>\n\t\t\t\t\t<\/div>\n\t\t<\/div>\n\t\t\t\t<div class=\"elementor-column elementor-col-66 elementor-top-column elementor-element elementor-element-10743b8\" data-id=\"10743b8\" data-element_type=\"column\" data-e-type=\"column\">\n\t\t\t<div class=\"elementor-widget-wrap elementor-element-populated\">\n\t\t\t\t\t\t<div class=\"elementor-element elementor-element-6de78f6 elementor-widget elementor-widget-text-editor\" data-id=\"6de78f6\" data-element_type=\"widget\" data-e-type=\"widget\" data-widget_type=\"text-editor.default\">\n\t\t\t\t<div class=\"elementor-widget-container\">\n\t\t\t\t\t\t\t\t\t<p style=\"margin-right: 0px; margin-bottom: 10px; margin-left: 0px; line-height: 24px; color: #444444; font-family: 'Open Sans', sans-serif; font-size: 14px;\"><span style=\"font-weight: 600;\">Tan\u0131m\u0131:\u00a0<\/span><\/p><ul style=\"box-sizing: inherit; margin-right: 0px; margin-bottom: 0px; margin-left: 1.25rem; padding: 0px; list-style-position: outside; line-height: 1.45; list-style-type: square; color: #000000; font-family: 'Klavika Light';\"><li style=\"box-sizing: inherit; margin: 0px; padding: 0px;\"><div style=\"font-size: 1.3125rem; box-sizing: inherit; margin: 0px 0px 30px; padding: 0px;\"><div style=\"box-sizing: inherit; margin: 0px; padding: 0px;\"><div class=\"cmp-product__description cmp-font--light\" style=\"box-sizing: inherit; margin: 0px 0px 30px; padding: 0px; font-size: 1.3125rem;\"><div class=\"cmp-text\" style=\"box-sizing: inherit; margin: 0px; padding: 0px;\"><p class=\"cmp-text__paragraph cmp-line-clamp\" style=\"box-sizing: inherit; margin-right: 0px; margin-bottom: 1rem; margin-left: 0px; padding: 0px; font-size: 1.13125rem; line-height: 1.45; text-rendering: optimizelegibility; display: -webkit-box; -webkit-box-orient: vertical; overflow: hidden;\" data-lines=\"3\" data-read-more=\"Daha fazla oku\" data-read-less=\"Daha az oku\">Stirenle\u015fmi\u015f polyester esasl\u0131, iki bile\u015fenli ankraj malzemesi.<\/p><\/div><\/div><div class=\"cmp-product__attributes\" style=\"box-sizing: inherit; margin: 0px; padding: 0px; font-size: 1.3125rem;\"><ul style=\"box-sizing: inherit; margin-right: 0px; margin-left: 0px; padding: 0px; list-style-position: outside; line-height: 1.45; list-style-type: none; font-size: 1.13125rem !important;\"><li style=\"box-sizing: inherit; margin: 0px; padding: 0px 0px 0px 34px; text-indent: -32px; font-size: 1.13125rem !important;\">H\u0131zl\u0131 k\u00fcr al\u0131r<\/li><li style=\"box-sizing: inherit; margin: 0px; padding: 0px 0px 0px 34px; text-indent: -32px; font-size: 1.13125rem !important;\">Ba\u015f \u00fcst\u00fc uygulamada bile sarkma yapmaz<\/li><li style=\"box-sizing: inherit; margin: 0px; padding: 0px 0px 0px 34px; text-indent: -32px; font-size: 1.13125rem !important;\">ETA Onay\u0131 mevcuttur<\/li><\/ul><\/div><\/div><\/div><div style=\"box-sizing: inherit; margin: 0px; padding: 0px;\">\u00a0<\/div><\/li><\/ul><div style=\"text-indent: -32px;\"><span style=\"color: #000000; font-family: Klavika Light;\"><span style=\"font-size: 18.1px;\">\u00a0 \u00a0 \u00a0 \u00a0 \u00a0 \u00a0 <strong>Kullan\u0131m<\/strong><\/span><\/span><\/div><div>\u00a0<\/div><div><ul><li><span style=\"color: #444444; font-family: 'Open Sans', sans-serif; font-size: 14px; font-weight: var( --e-global-typography-text-font-weight ); text-align: var(--bs-body-text-align);\"><span style=\"color: #444444; font-family: 'Open Sans', sans-serif; font-size: 14px; font-weight: var( --e-global-typography-text-font-weight ); text-align: var(--bs-body-text-align);\">H\u0131zl\u0131 k\u00fcr alan ankraj malzemesi olarak a\u015fa\u011f\u0131dakilere ait t\u00fcm s\u0131n\u0131flarda kullan\u0131l\u0131r:<\/span><\/span><ul style=\"box-sizing: inherit; margin-right: 0px; margin-left: 1.25rem; padding: 0px; list-style-position: outside; line-height: 1.45; list-style-type: square; font-size: 18.1px; color: #000000; font-family: 'Klavika Light';\"><li style=\"box-sizing: inherit; margin: 0px; padding: 0px; font-size: 1.13125rem !important;\">\u0130n\u015faat demiri \/ filiz ekme i\u015flemlerinde<\/li><li style=\"box-sizing: inherit; margin: 0px; padding: 0px; font-size: 1.13125rem !important;\">Metrik rotlar<\/li><li style=\"box-sizing: inherit; margin: 0px; padding: 0px; font-size: 1.13125rem !important;\">Bulonlar ve \u00f6zel sabitleme sistemleri<\/li><li style=\"box-sizing: inherit; margin: 0px; padding: 0px; font-size: 1.13125rem !important;\">Beton<\/li><li style=\"box-sizing: inherit; margin: 0px; padding: 0px; font-size: 1.13125rem !important;\">Bo\u015fluklu veya dolu tu\u011fla<\/li><li style=\"box-sizing: inherit; margin: 0px; padding: 0px; font-size: 1.13125rem !important;\">Sert do\u011falta\u015f<span style=\"box-sizing: inherit; font-size: 13.575px; line-height: 0; position: relative; vertical-align: baseline; top: -0.5em;\">*<\/span><\/li><li style=\"box-sizing: inherit; margin: 0px; padding: 0px; font-size: 1.13125rem !important;\">Sert kaya<span style=\"box-sizing: inherit; font-size: 13.575px; line-height: 0; position: relative; vertical-align: baseline; top: -0.5em;\">*<\/span><\/li><\/ul><span style=\"color: #444444; font-family: 'Open Sans', sans-serif; font-size: 14px; font-weight: var( --e-global-typography-text-font-weight ); text-align: var(--bs-body-text-align);\"><span style=\"color: #000000; font-family: 'Klavika Light'; font-size: 18.1px;\">*\u00a0\u00a0 Herhangi bir uygulama \u00f6ncesinde, istenen yap\u0131\u015fma g\u00fcc\u00fc ve \u00fczeyde leke olu\u015fmas\u0131 veya renk atmas\u0131n\u0131n \u00f6nlenmesi i\u00e7in Sika Sika AnchorFix\u00ae S yap\u0131\u015ft\u0131r\u0131c\u0131n\u0131n y\u00fczeyle uyumu bir deneme alan\u0131nda kontrol edilmelidir. Y\u00fczey \u00e7e\u015fitlilikleri dayan\u0131m, bile\u015fim ve g\u00f6zeneklilik a\u00e7\u0131s\u0131ndan \u00e7ok geni\u015f aral\u0131kta de\u011fi\u015febildi\u011fi i\u00e7in bu \u00e7al\u0131\u015fma yap\u0131lmal\u0131d\u0131r.\u00a0<\/span>\u00a0<\/span><\/li><\/ul><\/div><div><div><span style=\"color: #444444; font-family: 'Open Sans', sans-serif;\"><span style=\"font-size: 14px;\"><span style=\"font-weight: bold;\">Teknik D\u00f6k\u00fcmanlar:<\/span><\/span><\/span><\/div><p><a href=\"https:\/\/tur.sika.com\/content\/dam\/dms\/tr01\/6\/sika-anchorfix-s.pdf\"><span style=\"font-weight: bolder;\">\u00a0 \u00a0 \u00a0<img decoding=\"async\" src=\"http:\/\/etkiinsaat.com.tr\/wp-content\/uploads\/2023\/09\/pdf-300x300.png\" alt=\"\" width=\"31\" height=\"31\" \/>Teknik Bilgi F\u00f6y\u00fc (TBF)<\/span><\/a><\/p><p>\u00a0<\/p><\/div>\t\t\t\t\t\t\t\t<\/div>\n\t\t\t\t<\/div>\n\t\t\t\t\t<\/div>\n\t\t<\/div>\n\t\t\t\t\t<\/div>\n\t\t<\/section>\n\t\t\t\t<\/div>\n\t\t","protected":false},"excerpt":{"rendered":"<p>Sika AnchorFix\u00ae S AMBALAJ 300 ml standart kartu\u015f 12 kartu\u015f\/koli \u00a0 palet: 75 koli 380 ml standart kartu\u015f 12 kartu\u015f\/koli \u00a0 palet: 60 koli Tan\u0131m\u0131:\u00a0 Stirenle\u015fmi\u015f polyester esasl\u0131, iki bile\u015fenli ankraj malzemesi. H\u0131zl\u0131 k\u00fcr al\u0131r Ba\u015f \u00fcst\u00fc uygulamada bile sarkma yapmaz ETA Onay\u0131 mevcuttur \u00a0 \u00a0 \u00a0 \u00a0 \u00a0 \u00a0 \u00a0 Kullan\u0131m\u00a0 H\u0131zl\u0131 k\u00fcr alan ankraj malzemesi olarak a\u015fa\u011f\u0131dakilere ait t\u00fcm s\u0131n\u0131flarda kullan\u0131l\u0131r: \u0130n\u015faat demiri \/ filiz ekme i\u015flemlerinde Metrik rotlar Bulonlar ve \u00f6zel sabitleme sistemleri Beton Bo\u015fluklu veya dolu tu\u011fla Sert do\u011falta\u015f* Sert kaya* *\u00a0\u00a0 Herhangi bir uygulama \u00f6ncesinde, istenen yap\u0131\u015fma g\u00fcc\u00fc ve \u00fczeyde leke olu\u015fmas\u0131 veya renk atmas\u0131n\u0131n \u00f6nlenmesi i\u00e7in Sika Sika AnchorFix\u00ae S yap\u0131\u015ft\u0131r\u0131c\u0131n\u0131n y\u00fczeyle uyumu bir deneme alan\u0131nda kontrol edilmelidir. Y\u00fczey \u00e7e\u015fitlilikleri dayan\u0131m, bile\u015fim ve g\u00f6zeneklilik a\u00e7\u0131s\u0131ndan \u00e7ok geni\u015f aral\u0131kta de\u011fi\u015febildi\u011fi i\u00e7in bu \u00e7al\u0131\u015fma yap\u0131lmal\u0131d\u0131r.\u00a0\u00a0 Teknik D\u00f6k\u00fcmanlar: \u00a0 \u00a0 \u00a0Teknik Bilgi F\u00f6y\u00fc (TBF) \u00a0<\/p>\n","protected":false},"author":3,"featured_media":0,"parent":0,"menu_order":0,"comment_status":"closed","ping_status":"closed","template":"page-full.php","meta":{"_joinchat":[],"footnotes":""},"class_list":["post-13481","page","type-page","status-publish","hentry"],"_links":{"self":[{"href":"https:\/\/etkiinsaat.com.tr\/index.php?rest_route=\/wp\/v2\/pages\/13481","targetHints":{"allow":["GET"]}}],"collection":[{"href":"https:\/\/etkiinsaat.com.tr\/index.php?rest_route=\/wp\/v2\/pages"}],"about":[{"href":"https:\/\/etkiinsaat.com.tr\/index.php?rest_route=\/wp\/v2\/types\/page"}],"author":[{"embeddable":true,"href":"https:\/\/etkiinsaat.com.tr\/index.php?rest_route=\/wp\/v2\/users\/3"}],"replies":[{"embeddable":true,"href":"https:\/\/etkiinsaat.com.tr\/index.php?rest_route=%2Fwp%2Fv2%2Fcomments&post=13481"}],"version-history":[{"count":4,"href":"https:\/\/etkiinsaat.com.tr\/index.php?rest_route=\/wp\/v2\/pages\/13481\/revisions"}],"predecessor-version":[{"id":13485,"href":"https:\/\/etkiinsaat.com.tr\/index.php?rest_route=\/wp\/v2\/pages\/13481\/revisions\/13485"}],"wp:attachment":[{"href":"https:\/\/etkiinsaat.com.tr\/index.php?rest_route=%2Fwp%2Fv2%2Fmedia&parent=13481"}],"curies":[{"name":"wp","href":"https:\/\/api.w.org\/{rel}","templated":true}]}}