{"id":13498,"date":"2023-09-22T21:46:36","date_gmt":"2023-09-22T18:46:36","guid":{"rendered":"https:\/\/etkiinsaat.com.tr\/?page_id=13498"},"modified":"2023-09-22T21:47:40","modified_gmt":"2023-09-22T18:47:40","slug":"sika-anchorfix-3030","status":"publish","type":"page","link":"https:\/\/etkiinsaat.com.tr\/?page_id=13498","title":{"rendered":"Sika AnchorFix\u00ae-3030"},"content":{"rendered":"\t\t<div data-elementor-type=\"wp-page\" data-elementor-id=\"13498\" class=\"elementor elementor-13498\">\n\t\t\t\t\t\t<section class=\"elementor-section elementor-top-section elementor-element elementor-element-c749ca8 elementor-section-boxed elementor-section-height-default elementor-section-height-default\" data-id=\"c749ca8\" data-element_type=\"section\" data-e-type=\"section\">\n\t\t\t\t\t\t<div class=\"elementor-container elementor-column-gap-default\">\n\t\t\t\t\t<div class=\"elementor-column elementor-col-33 elementor-top-column elementor-element elementor-element-a4a08c2\" data-id=\"a4a08c2\" data-element_type=\"column\" data-e-type=\"column\">\n\t\t\t<div class=\"elementor-widget-wrap elementor-element-populated\">\n\t\t\t\t\t\t<div class=\"elementor-element elementor-element-64f6b00 elementor-widget elementor-widget-heading\" data-id=\"64f6b00\" data-element_type=\"widget\" data-e-type=\"widget\" data-widget_type=\"heading.default\">\n\t\t\t\t<div class=\"elementor-widget-container\">\n\t\t\t\t\t<h2 class=\"elementor-heading-title elementor-size-default\">Sika AnchorFix\u00ae-3030<\/h2>\t\t\t\t<\/div>\n\t\t\t\t<\/div>\n\t\t\t\t<div class=\"elementor-element elementor-element-28cf9bd elementor-widget elementor-widget-image\" data-id=\"28cf9bd\" data-element_type=\"widget\" data-e-type=\"widget\" data-widget_type=\"image.default\">\n\t\t\t\t<div class=\"elementor-widget-container\">\n\t\t\t\t\t\t\t\t\t\t\t\t\t\t\t<img decoding=\"async\" src=\"https:\/\/etkiinsaat.com.tr\/wp-content\/uploads\/2023\/09\/tr-sika-anchorfix-3030-200x200px-00545133.webp\" title=\"tr-sika-anchorfix-3030-200x200px-00545133\" alt=\"tr-sika-anchorfix-3030-200x200px-00545133\" loading=\"lazy\" \/>\t\t\t\t\t\t\t\t\t\t\t\t\t\t\t<\/div>\n\t\t\t\t<\/div>\n\t\t\t\t<div class=\"elementor-element elementor-element-7aa84c6 elementor-widget elementor-widget-text-editor\" data-id=\"7aa84c6\" data-element_type=\"widget\" data-e-type=\"widget\" data-widget_type=\"text-editor.default\">\n\t\t\t\t<div class=\"elementor-widget-container\">\n\t\t\t\t\t\t\t\t\t<p><strong>AMBALAJ<\/strong><\/p><table><tbody><tr><td class=\"cw-50\">300 ml standart tek kartu\u015f<\/td><td class=\"cw-50\"><p>12 kartu\u015f\/koli<\/p><p>Palet: 75 koli ile 900 kartu\u015f<\/p><\/td><\/tr><tr><td class=\"cw-50\">385 ml ikili kartu\u015f<\/td><td class=\"cw-50\"><p>12 kartu\u015f\/koli<\/p><p>Palet: 70 koli ile 840 kartu\u015f<\/p><\/td><\/tr><tr><td class=\"cw-50\"><p>585 ml ikili kartu\u015f<\/p><\/td><td class=\"cw-50\"><p>12 kartu\u015f\/koli<\/p><p>Palet: 56 koli ile 672 kartu\u015f<\/p><\/td><\/tr><\/tbody><\/table>\t\t\t\t\t\t\t\t<\/div>\n\t\t\t\t<\/div>\n\t\t\t\t\t<\/div>\n\t\t<\/div>\n\t\t\t\t<div class=\"elementor-column elementor-col-66 elementor-top-column elementor-element elementor-element-c51c152\" data-id=\"c51c152\" data-element_type=\"column\" data-e-type=\"column\">\n\t\t\t<div class=\"elementor-widget-wrap elementor-element-populated\">\n\t\t\t\t\t\t<div class=\"elementor-element elementor-element-a6a7443 elementor-widget elementor-widget-text-editor\" data-id=\"a6a7443\" data-element_type=\"widget\" data-e-type=\"widget\" data-widget_type=\"text-editor.default\">\n\t\t\t\t<div class=\"elementor-widget-container\">\n\t\t\t\t\t\t\t\t\t<p style=\"margin-right: 0px; margin-bottom: 10px; margin-left: 0px; line-height: 24px; color: #444444; font-family: 'Open Sans', sans-serif; font-size: 14px;\"><span style=\"font-weight: 600;\">Tan\u0131m\u0131:\u00a0<\/span><\/p><ul style=\"box-sizing: inherit; margin-right: 0px; margin-bottom: 0px; margin-left: 1.25rem; padding: 0px; list-style-position: outside; line-height: 1.45; list-style-type: square; color: #000000; font-family: 'Klavika Light';\"><li style=\"box-sizing: inherit; margin: 0px; padding: 0px;\"><div style=\"font-size: 1.3125rem; box-sizing: inherit; margin: 0px 0px 30px; padding: 0px;\"><div style=\"box-sizing: inherit; margin: 0px; padding: 0px;\"><div class=\"cmp-product__description cmp-font--light\" style=\"box-sizing: inherit; margin: 0px 0px 30px; padding: 0px; font-size: 1.3125rem;\"><div class=\"cmp-text\" style=\"box-sizing: inherit; margin: 0px; padding: 0px;\"><p class=\"cmp-text__paragraph cmp-line-clamp cmp-line-clamp--3\" style=\"box-sizing: inherit; margin-right: 0px; margin-bottom: 1rem; margin-left: 0px; padding: 0px; font-size: 1.13125rem; line-height: 1.45; text-rendering: optimizelegibility; display: -webkit-box; -webkit-box-orient: vertical; overflow: hidden; -webkit-line-clamp: 3;\" data-lines=\"3\" data-read-more=\"Daha fazla oku\" data-read-less=\"Daha az oku\">Sika AnchorFix\u00ae-3030, 2 bile\u015fenli, epoksi re\u00e7ine esasl\u0131, tiksotropik, metrik rotlar ve donat\u0131lar i\u00e7in, \u00e7atlakl\u0131 ve \u00e7atlaks\u0131z, kuru ve nemli betonlarda kullan\u0131ma uygun y\u00fcksek performansl\u0131 ankraj malzemesidir.<\/p><\/div><\/div><div class=\"cmp-product__attributes\" style=\"box-sizing: inherit; margin: 0px; padding: 0px; font-size: 1.3125rem;\"><ul style=\"box-sizing: inherit; margin-right: 0px; margin-left: 0px; padding: 0px; list-style-position: outside; line-height: 1.45; list-style-type: none; font-size: 1.13125rem !important;\"><li style=\"box-sizing: inherit; margin: 0px; padding: 0px 0px 0px 34px; text-indent: -32px; font-size: 1.13125rem !important;\">Uzun a\u00e7\u0131kta bekleme s\u00fcresi<\/li><li style=\"box-sizing: inherit; margin: 0px; padding: 0px 0px 0px 34px; text-indent: -32px; font-size: 1.13125rem !important;\">Rutubetli beton y\u00fczeylerde kullan\u0131labilir<\/li><li style=\"box-sizing: inherit; margin: 0px; padding: 0px 0px 0px 34px; text-indent: -32px; font-size: 1.13125rem !important;\">Y\u00fcksek y\u00fck ta\u015f\u0131ma kapasitesi<\/li><\/ul><\/div><\/div><\/div><div style=\"box-sizing: inherit; margin: 0px; padding: 0px;\"><div style=\"text-indent: -32px;\"><span style=\"font-size: 18.1px;\">\u00a0 \u00a0 \u00a0 \u00a0<\/span><\/div><\/div><\/li><\/ul><div style=\"text-indent: -32px;\"><span style=\"color: #000000; font-family: Klavika Light;\"><span style=\"font-size: 18.1px;\">\u00a0 \u00a0 \u00a0 \u00a0 \u00a0 \u00a0 <strong>Kullan\u0131m<\/strong><\/span><\/span><\/div><div>\u00a0<\/div><div><ul><li><span style=\"color: #000000; font-family: 'Klavika Light'; font-size: 18.1px;\">A\u015fa\u011f\u0131da belirtilen genle\u015fmeyen ankrajlar\u0131n sabitlenmesi i\u00e7in kullan\u0131l\u0131r:\u00a0<\/span><span style=\"box-sizing: inherit; font-weight: bold; line-height: inherit; color: #000000; font-family: 'Klavika Light'; font-size: 18.1px;\">Yap\u0131sal uygulamalar<\/span><br \/><ul style=\"box-sizing: inherit; margin-right: 0px; margin-left: 1.25rem; padding: 0px; list-style-position: outside; line-height: 1.45; list-style-type: square; font-size: 18.1px; color: #000000; font-family: 'Klavika Light';\"><li style=\"box-sizing: inherit; margin: 0px; padding: 0px; font-size: 1.13125rem !important;\">Yeni yap\u0131larda ve onar\u0131m i\u015flerinde filiz ekimi<\/li><li style=\"box-sizing: inherit; margin: 0px; padding: 0px; font-size: 1.13125rem !important;\">Metrik Rotlar<\/li><li style=\"box-sizing: inherit; margin: 0px; padding: 0px; font-size: 1.13125rem !important;\">Bulonlar ve \u00f6zel sabitleme sistemleri<\/li><\/ul><p><span style=\"box-sizing: inherit; font-weight: bold; line-height: inherit; color: #000000; font-family: 'Klavika Light'; font-size: 18.1px;\">Metal ve marangozluk uygulamalar\u0131<\/span><\/p><ul style=\"box-sizing: inherit; margin-right: 0px; margin-left: 1.25rem; padding: 0px; list-style-position: outside; line-height: 1.45; list-style-type: square; font-size: 18.1px; color: #000000; font-family: 'Klavika Light';\"><li style=\"box-sizing: inherit; margin: 0px; padding: 0px; font-size: 1.13125rem !important;\">Korkuluklar\u0131n, trabzan parmakl\u0131klar\u0131n\u0131n ve destek elemanlar\u0131n\u0131n sabitlenmesinde<\/li><li style=\"box-sizing: inherit; margin: 0px; padding: 0px; font-size: 1.13125rem !important;\">Parmakl\u0131klar\u0131n sabitlenmesinde<\/li><li style=\"box-sizing: inherit; margin: 0px; padding: 0px; font-size: 1.13125rem !important;\">Pencere ve kap\u0131 \u00e7er\u00e7evelerinin sabitlenmesinde<\/li><\/ul><p><span style=\"box-sizing: inherit; font-weight: bold; line-height: inherit; color: #000000; font-family: 'Klavika Light'; font-size: 18.1px;\">A\u015fa\u011f\u0131daki belirtilen y\u00fczeylerde<\/span><\/p><ul style=\"box-sizing: inherit; margin-right: 0px; margin-left: 1.25rem; padding: 0px; list-style-position: outside; line-height: 1.45; list-style-type: square; font-size: 18.1px; color: #000000; font-family: 'Klavika Light';\"><li style=\"box-sizing: inherit; margin: 0px; padding: 0px; font-size: 1.13125rem !important;\">Beton (\u00e7atlakl\u0131 veya \u00e7atlaks\u0131z)<\/li><li style=\"box-sizing: inherit; margin: 0px; padding: 0px; font-size: 1.13125rem !important;\">Bo\u015fluklu veya dolu tu\u011fla<\/li><li style=\"box-sizing: inherit; margin: 0px; padding: 0px; font-size: 1.13125rem !important;\">Ah\u015fap<\/li><li style=\"box-sizing: inherit; margin: 0px; padding: 0px; font-size: 1.13125rem !important;\">Sert do\u011fal ve suni ta\u015f<\/li><li style=\"box-sizing: inherit; margin: 0px; padding: 0px; font-size: 1.13125rem !important;\">Sert kaya<\/li><\/ul><\/li><\/ul><\/div><div style=\"color: #444444; font-family: 'Open Sans', sans-serif; font-size: 14px;\"><div>\u00a0<\/div><\/div><div><div><span style=\"color: #444444; font-family: 'Open Sans', sans-serif;\"><span style=\"font-size: 14px;\"><span style=\"font-weight: bold;\">Teknik D\u00f6k\u00fcmanlar:<\/span><\/span><\/span><\/div><p><a href=\"https:\/\/tur.sika.com\/content\/dam\/dms\/tr01\/b\/sika-anchorfix-3030.pdf\"><span style=\"font-weight: bolder;\">\u00a0 \u00a0 \u00a0<img decoding=\"async\" src=\"http:\/\/etkiinsaat.com.tr\/wp-content\/uploads\/2023\/09\/pdf-300x300.png\" alt=\"\" width=\"31\" height=\"31\" \/>Teknik Bilgi F\u00f6y\u00fc (TBF)<\/span><\/a><\/p><p>\u00a0<\/p><\/div>\t\t\t\t\t\t\t\t<\/div>\n\t\t\t\t<\/div>\n\t\t\t\t\t<\/div>\n\t\t<\/div>\n\t\t\t\t\t<\/div>\n\t\t<\/section>\n\t\t\t\t<\/div>\n\t\t","protected":false},"excerpt":{"rendered":"<p>Sika AnchorFix\u00ae-3030 AMBALAJ 300 ml standart tek kartu\u015f 12 kartu\u015f\/koli Palet: 75 koli ile 900 kartu\u015f 385 ml ikili kartu\u015f 12 kartu\u015f\/koli Palet: 70 koli ile 840 kartu\u015f 585 ml ikili kartu\u015f 12 kartu\u015f\/koli Palet: 56 koli ile 672 kartu\u015f Tan\u0131m\u0131:\u00a0 Sika AnchorFix\u00ae-3030, 2 bile\u015fenli, epoksi re\u00e7ine esasl\u0131, tiksotropik, metrik rotlar ve donat\u0131lar i\u00e7in, \u00e7atlakl\u0131 ve \u00e7atlaks\u0131z, kuru ve nemli betonlarda kullan\u0131ma uygun y\u00fcksek performansl\u0131 ankraj malzemesidir. Uzun a\u00e7\u0131kta bekleme s\u00fcresi Rutubetli beton y\u00fczeylerde kullan\u0131labilir Y\u00fcksek y\u00fck ta\u015f\u0131ma kapasitesi \u00a0 \u00a0 \u00a0 \u00a0 \u00a0 \u00a0 \u00a0 \u00a0 \u00a0 \u00a0 Kullan\u0131m\u00a0 A\u015fa\u011f\u0131da belirtilen genle\u015fmeyen ankrajlar\u0131n sabitlenmesi i\u00e7in kullan\u0131l\u0131r:\u00a0Yap\u0131sal uygulamalar Yeni yap\u0131larda ve onar\u0131m i\u015flerinde filiz ekimi Metrik Rotlar Bulonlar ve \u00f6zel sabitleme sistemleri Metal ve marangozluk uygulamalar\u0131 Korkuluklar\u0131n, trabzan parmakl\u0131klar\u0131n\u0131n ve destek elemanlar\u0131n\u0131n sabitlenmesinde Parmakl\u0131klar\u0131n sabitlenmesinde Pencere ve kap\u0131 \u00e7er\u00e7evelerinin sabitlenmesinde A\u015fa\u011f\u0131daki belirtilen y\u00fczeylerde Beton (\u00e7atlakl\u0131 veya \u00e7atlaks\u0131z) Bo\u015fluklu veya dolu tu\u011fla Ah\u015fap Sert do\u011fal ve suni ta\u015f Sert kaya \u00a0Teknik [&hellip;]<\/p>\n","protected":false},"author":3,"featured_media":0,"parent":0,"menu_order":0,"comment_status":"closed","ping_status":"closed","template":"page-full.php","meta":{"_joinchat":[],"footnotes":""},"class_list":["post-13498","page","type-page","status-publish","hentry"],"_links":{"self":[{"href":"https:\/\/etkiinsaat.com.tr\/index.php?rest_route=\/wp\/v2\/pages\/13498","targetHints":{"allow":["GET"]}}],"collection":[{"href":"https:\/\/etkiinsaat.com.tr\/index.php?rest_route=\/wp\/v2\/pages"}],"about":[{"href":"https:\/\/etkiinsaat.com.tr\/index.php?rest_route=\/wp\/v2\/types\/page"}],"author":[{"embeddable":true,"href":"https:\/\/etkiinsaat.com.tr\/index.php?rest_route=\/wp\/v2\/users\/3"}],"replies":[{"embeddable":true,"href":"https:\/\/etkiinsaat.com.tr\/index.php?rest_route=%2Fwp%2Fv2%2Fcomments&post=13498"}],"version-history":[{"count":4,"href":"https:\/\/etkiinsaat.com.tr\/index.php?rest_route=\/wp\/v2\/pages\/13498\/revisions"}],"predecessor-version":[{"id":13503,"href":"https:\/\/etkiinsaat.com.tr\/index.php?rest_route=\/wp\/v2\/pages\/13498\/revisions\/13503"}],"wp:attachment":[{"href":"https:\/\/etkiinsaat.com.tr\/index.php?rest_route=%2Fwp%2Fv2%2Fmedia&parent=13498"}],"curies":[{"name":"wp","href":"https:\/\/api.w.org\/{rel}","templated":true}]}}