{"id":13552,"date":"2023-09-22T22:10:02","date_gmt":"2023-09-22T19:10:02","guid":{"rendered":"https:\/\/etkiinsaat.com.tr\/?page_id=13552"},"modified":"2023-09-22T22:11:09","modified_gmt":"2023-09-22T19:11:09","slug":"sikafloor-324","status":"publish","type":"page","link":"https:\/\/etkiinsaat.com.tr\/?page_id=13552","title":{"rendered":"Sikafloor\u00ae-324"},"content":{"rendered":"\t\t<div data-elementor-type=\"wp-page\" data-elementor-id=\"13552\" class=\"elementor elementor-13552\">\n\t\t\t\t\t\t<section class=\"elementor-section elementor-top-section elementor-element elementor-element-70e0163 elementor-section-boxed elementor-section-height-default elementor-section-height-default\" data-id=\"70e0163\" data-element_type=\"section\" data-e-type=\"section\">\n\t\t\t\t\t\t<div class=\"elementor-container elementor-column-gap-default\">\n\t\t\t\t\t<div class=\"elementor-column elementor-col-33 elementor-top-column elementor-element elementor-element-cb2f479\" data-id=\"cb2f479\" data-element_type=\"column\" data-e-type=\"column\">\n\t\t\t<div class=\"elementor-widget-wrap elementor-element-populated\">\n\t\t\t\t\t\t<div class=\"elementor-element elementor-element-97edc45 elementor-widget elementor-widget-heading\" data-id=\"97edc45\" data-element_type=\"widget\" data-e-type=\"widget\" data-widget_type=\"heading.default\">\n\t\t\t\t<div class=\"elementor-widget-container\">\n\t\t\t\t\t<h2 class=\"elementor-heading-title elementor-size-default\">Sikafloor\u00ae-324<\/h2>\t\t\t\t<\/div>\n\t\t\t\t<\/div>\n\t\t\t\t<div class=\"elementor-element elementor-element-a00bbdf elementor-widget elementor-widget-image\" data-id=\"a00bbdf\" data-element_type=\"widget\" data-e-type=\"widget\" data-widget_type=\"image.default\">\n\t\t\t\t<div class=\"elementor-widget-container\">\n\t\t\t\t\t\t\t\t\t\t\t\t\t\t\t<img fetchpriority=\"high\" decoding=\"async\" width=\"320\" height=\"277\" src=\"https:\/\/etkiinsaat.com.tr\/wp-content\/uploads\/2023\/09\/Sika_NoClaim_pos_rgb_mobile.webp\" class=\"attachment-full size-full wp-image-13012\" alt=\"\" srcset=\"https:\/\/etkiinsaat.com.tr\/wp-content\/uploads\/2023\/09\/Sika_NoClaim_pos_rgb_mobile.webp 320w, https:\/\/etkiinsaat.com.tr\/wp-content\/uploads\/2023\/09\/Sika_NoClaim_pos_rgb_mobile-300x260.webp 300w, https:\/\/etkiinsaat.com.tr\/wp-content\/uploads\/2023\/09\/Sika_NoClaim_pos_rgb_mobile-232x201.webp 232w, https:\/\/etkiinsaat.com.tr\/wp-content\/uploads\/2023\/09\/Sika_NoClaim_pos_rgb_mobile-116x100.webp 116w\" sizes=\"(max-width: 320px) 100vw, 320px\" \/>\t\t\t\t\t\t\t\t\t\t\t\t\t\t\t<\/div>\n\t\t\t\t<\/div>\n\t\t\t\t<div class=\"elementor-element elementor-element-a3b4932 elementor-widget elementor-widget-text-editor\" data-id=\"a3b4932\" data-element_type=\"widget\" data-e-type=\"widget\" data-widget_type=\"text-editor.default\">\n\t\t\t\t<div class=\"elementor-widget-container\">\n\t\t\t\t\t\t\t\t\t<p><strong>AMBALAJ<\/strong><\/p><table><tbody><tr><td class=\"cw-50\"><p>A bile\u015feni<\/p><\/td><td class=\"cw-50\"><p>20.25 kg teneke<\/p><\/td><\/tr><tr><td class=\"cw-50\"><p>B Bile\u015feni<\/p><\/td><td class=\"cw-50\"><p>4.75 kg bidon<\/p><\/td><\/tr><tr><td class=\"cw-50\"><p>A ve B Bile\u015feni<\/p><\/td><td class=\"cw-50\"><p>25.00 kg set<\/p><\/td><\/tr><\/tbody><\/table>\t\t\t\t\t\t\t\t<\/div>\n\t\t\t\t<\/div>\n\t\t\t\t\t<\/div>\n\t\t<\/div>\n\t\t\t\t<div class=\"elementor-column elementor-col-66 elementor-top-column elementor-element elementor-element-f89795f\" data-id=\"f89795f\" data-element_type=\"column\" data-e-type=\"column\">\n\t\t\t<div class=\"elementor-widget-wrap elementor-element-populated\">\n\t\t\t\t\t\t<div class=\"elementor-element elementor-element-5553ce1 elementor-widget elementor-widget-text-editor\" data-id=\"5553ce1\" data-element_type=\"widget\" data-e-type=\"widget\" data-widget_type=\"text-editor.default\">\n\t\t\t\t<div class=\"elementor-widget-container\">\n\t\t\t\t\t\t\t\t\t<p style=\"margin-right: 0px; margin-bottom: 10px; margin-left: 0px; line-height: 24px; color: #444444; font-family: 'Open Sans', sans-serif; font-size: 14px;\"><span style=\"font-weight: 600;\">Tan\u0131m\u0131:\u00a0<\/span><\/p><ul style=\"box-sizing: inherit; margin-right: 0px; margin-bottom: 0px; margin-left: 1.25rem; padding: 0px; list-style-position: outside; line-height: 1.45; list-style-type: square; color: #000000; font-family: 'Klavika Light';\"><li style=\"box-sizing: inherit; margin: 0px; padding: 0px;\"><div style=\"font-size: 1.3125rem; box-sizing: inherit; margin: 0px 0px 30px; padding: 0px;\"><div style=\"box-sizing: inherit; margin: 0px; padding: 0px;\"><div class=\"cmp-product__description cmp-font--light\" style=\"box-sizing: inherit; margin: 0px 0px 30px; padding: 0px; font-size: 1.3125rem;\"><div class=\"cmp-text\" style=\"box-sizing: inherit; margin: 0px; padding: 0px;\"><p class=\"cmp-text__paragraph cmp-line-clamp\" style=\"box-sizing: inherit; margin-right: 0px; margin-bottom: 1rem; margin-left: 0px; padding: 0px; font-size: 1.13125rem; line-height: 1.45; text-rendering: optimizelegibility; display: -webkit-box; -webkit-box-orient: vertical; overflow: hidden;\" data-lines=\"3\" data-read-more=\"Daha fazla oku\" data-read-less=\"Daha az oku\">Sikafloor\u00ae-324 iki bile\u015fenli, solventsiz, FP3 epoksi pastas\u0131 ile renklendirilmi\u015f, poli\u00fcretan esasl\u0131, kendili\u011finden d\u00fczle\u015fen, sert-elastik \u00f6zellikteki poli\u00fcretan re\u00e7inedir. Sikafloor\u00ae-324 Sika&#8217;n\u0131n e\u015fsiz i-Cure teknolojisini ortam ko\u015fullar\u0131na olan hassasiyeti azalt\u0131r ve y\u00fczey biti\u015fini daha estetik hale getirir.<\/p><\/div><\/div><div class=\"cmp-product__attributes\" style=\"box-sizing: inherit; margin: 0px; padding: 0px; font-size: 1.3125rem;\"><ul style=\"box-sizing: inherit; margin-right: 0px; margin-left: 0px; padding: 0px; list-style-position: outside; line-height: 1.45; list-style-type: none; font-size: 1.13125rem !important;\"><li style=\"box-sizing: inherit; margin: 0px; padding: 0px 0px 0px 34px; text-indent: -32px; font-size: 1.13125rem !important;\">Esnek ve sert-elastik<\/li><li style=\"box-sizing: inherit; margin: 0px; padding: 0px 0px 0px 34px; text-indent: -32px; font-size: 1.13125rem !important;\">i-Cure esasl\u0131 teknoloji<\/li><li style=\"box-sizing: inherit; margin: 0px; padding: 0px 0px 0px 34px; text-indent: -32px; font-size: 1.13125rem !important;\">\u00c7atlak k\u00f6pr\u00fcleme<\/li><\/ul><\/div><\/div><\/div><div style=\"box-sizing: inherit; margin: 0px; padding: 0px;\"><div style=\"text-indent: -32px;\"><span style=\"font-size: 18.1px;\">\u00a0 \u00a0 \u00a0 \u00a0<\/span><\/div><\/div><\/li><\/ul><div style=\"text-indent: -32px;\"><span style=\"color: #000000; font-family: Klavika Light;\"><span style=\"font-size: 18.1px;\">\u00a0 \u00a0 \u00a0 \u00a0 \u00a0 \u00a0 <strong>Kullan\u0131m<\/strong><\/span><\/span><\/div><div>\u00a0<\/div><div><ul><li style=\"box-sizing: inherit; margin: 0px; padding: 0px; font-size: 1.13125rem !important;\">\u00dcretim ve depolama tesisleri, imalathaneler vb. yerlerde bulunan end\u00fcstriyel zeminlerde \u00e7atlak k\u00f6pr\u00fcs\u00fc kurma \u00f6zellikli d\u00fczg\u00fcn y\u00fczeyli kaplama<\/li><li style=\"box-sizing: inherit; margin: 0px; padding: 0px; font-size: 1.13125rem !important;\">Islak \u00e7al\u0131\u015fma alanlar\u0131 (g\u0131da ve i\u00e7ecek sanayi vb), otopark d\u00f6\u015femeleri ve y\u00fckleme rampalar\u0131 vb. yerler i\u00e7in kumla k\u00f6reltilen kaplama<\/li><li style=\"box-sizing: inherit; margin: 0px; padding: 0px; font-size: 1.13125rem !important;\">Ara\u00e7 otopark rampalar\u0131 ve y\u00fckleme rampalar\u0131 gibi alanlar<\/li><li style=\"box-sizing: inherit; margin: 0px; padding: 0px; font-size: 1.13125rem !important;\">Asfalt y\u00fczeyler \u00fczerine uygulanabilir<\/li><li style=\"box-sizing: inherit; margin: 0px; padding: 0px; font-size: 1.13125rem !important;\">Ma\u011faza, sergi alan\u0131 ve depolama alanlar\u0131 gibi i\u00e7 mekanlarda kullan\u0131lbilir.<\/li><\/ul><\/div><div style=\"color: #444444; font-family: 'Open Sans', sans-serif; font-size: 14px;\"><div>\u00a0<\/div><\/div><div><div><span style=\"color: #444444; font-family: 'Open Sans', sans-serif;\"><span style=\"font-size: 14px;\"><span style=\"font-weight: bold;\">Teknik D\u00f6k\u00fcmanlar:<\/span><\/span><\/span><\/div><p><a href=\"https:\/\/tur.sika.com\/content\/dam\/dms\/tr01\/s\/sikafloor_-324.pdf\"><span style=\"font-weight: bolder;\">\u00a0 \u00a0 \u00a0<img decoding=\"async\" src=\"http:\/\/etkiinsaat.com.tr\/wp-content\/uploads\/2023\/09\/pdf-300x300.png\" alt=\"\" width=\"31\" height=\"31\" \/>Teknik Bilgi F\u00f6y\u00fc (TBF)<\/span><\/a><\/p><p>\u00a0<\/p><\/div>\t\t\t\t\t\t\t\t<\/div>\n\t\t\t\t<\/div>\n\t\t\t\t\t<\/div>\n\t\t<\/div>\n\t\t\t\t\t<\/div>\n\t\t<\/section>\n\t\t\t\t<\/div>\n\t\t","protected":false},"excerpt":{"rendered":"<p>Sikafloor\u00ae-324 AMBALAJ A bile\u015feni 20.25 kg teneke B Bile\u015feni 4.75 kg bidon A ve B Bile\u015feni 25.00 kg set Tan\u0131m\u0131:\u00a0 Sikafloor\u00ae-324 iki bile\u015fenli, solventsiz, FP3 epoksi pastas\u0131 ile renklendirilmi\u015f, poli\u00fcretan esasl\u0131, kendili\u011finden d\u00fczle\u015fen, sert-elastik \u00f6zellikteki poli\u00fcretan re\u00e7inedir. Sikafloor\u00ae-324 Sika&#8217;n\u0131n e\u015fsiz i-Cure teknolojisini ortam ko\u015fullar\u0131na olan hassasiyeti azalt\u0131r ve y\u00fczey biti\u015fini daha estetik hale getirir. Esnek ve sert-elastik i-Cure esasl\u0131 teknoloji \u00c7atlak k\u00f6pr\u00fcleme \u00a0 \u00a0 \u00a0 \u00a0 \u00a0 \u00a0 \u00a0 \u00a0 \u00a0 \u00a0 Kullan\u0131m\u00a0 \u00dcretim ve depolama tesisleri, imalathaneler vb. yerlerde bulunan end\u00fcstriyel zeminlerde \u00e7atlak k\u00f6pr\u00fcs\u00fc kurma \u00f6zellikli d\u00fczg\u00fcn y\u00fczeyli kaplama Islak \u00e7al\u0131\u015fma alanlar\u0131 (g\u0131da ve i\u00e7ecek sanayi vb), otopark d\u00f6\u015femeleri ve y\u00fckleme rampalar\u0131 vb. yerler i\u00e7in kumla k\u00f6reltilen kaplama Ara\u00e7 otopark rampalar\u0131 ve y\u00fckleme rampalar\u0131 gibi alanlar Asfalt y\u00fczeyler \u00fczerine uygulanabilir Ma\u011faza, sergi alan\u0131 ve depolama alanlar\u0131 gibi i\u00e7 mekanlarda kullan\u0131lbilir. \u00a0Teknik D\u00f6k\u00fcmanlar: \u00a0 \u00a0 \u00a0Teknik Bilgi F\u00f6y\u00fc (TBF) \u00a0<\/p>\n","protected":false},"author":3,"featured_media":0,"parent":0,"menu_order":0,"comment_status":"closed","ping_status":"closed","template":"page-full.php","meta":{"_joinchat":[],"footnotes":""},"class_list":["post-13552","page","type-page","status-publish","hentry"],"_links":{"self":[{"href":"https:\/\/etkiinsaat.com.tr\/index.php?rest_route=\/wp\/v2\/pages\/13552","targetHints":{"allow":["GET"]}}],"collection":[{"href":"https:\/\/etkiinsaat.com.tr\/index.php?rest_route=\/wp\/v2\/pages"}],"about":[{"href":"https:\/\/etkiinsaat.com.tr\/index.php?rest_route=\/wp\/v2\/types\/page"}],"author":[{"embeddable":true,"href":"https:\/\/etkiinsaat.com.tr\/index.php?rest_route=\/wp\/v2\/users\/3"}],"replies":[{"embeddable":true,"href":"https:\/\/etkiinsaat.com.tr\/index.php?rest_route=%2Fwp%2Fv2%2Fcomments&post=13552"}],"version-history":[{"count":4,"href":"https:\/\/etkiinsaat.com.tr\/index.php?rest_route=\/wp\/v2\/pages\/13552\/revisions"}],"predecessor-version":[{"id":13559,"href":"https:\/\/etkiinsaat.com.tr\/index.php?rest_route=\/wp\/v2\/pages\/13552\/revisions\/13559"}],"wp:attachment":[{"href":"https:\/\/etkiinsaat.com.tr\/index.php?rest_route=%2Fwp%2Fv2%2Fmedia&parent=13552"}],"curies":[{"name":"wp","href":"https:\/\/api.w.org\/{rel}","templated":true}]}}