{"id":13600,"date":"2023-09-22T22:17:48","date_gmt":"2023-09-22T19:17:48","guid":{"rendered":"https:\/\/etkiinsaat.com.tr\/?page_id=13600"},"modified":"2023-09-22T22:19:00","modified_gmt":"2023-09-22T19:19:00","slug":"sikafloor-7500","status":"publish","type":"page","link":"https:\/\/etkiinsaat.com.tr\/?page_id=13600","title":{"rendered":"Sikafloor\u00ae-7500"},"content":{"rendered":"\t\t<div data-elementor-type=\"wp-page\" data-elementor-id=\"13600\" class=\"elementor elementor-13600\">\n\t\t\t\t\t\t<section class=\"elementor-section elementor-top-section elementor-element elementor-element-7667714 elementor-section-boxed elementor-section-height-default elementor-section-height-default\" data-id=\"7667714\" data-element_type=\"section\" data-e-type=\"section\">\n\t\t\t\t\t\t<div class=\"elementor-container elementor-column-gap-default\">\n\t\t\t\t\t<div class=\"elementor-column elementor-col-33 elementor-top-column elementor-element elementor-element-c0b9e7c\" data-id=\"c0b9e7c\" data-element_type=\"column\" data-e-type=\"column\">\n\t\t\t<div class=\"elementor-widget-wrap elementor-element-populated\">\n\t\t\t\t\t\t<div class=\"elementor-element elementor-element-ca4114f elementor-widget elementor-widget-heading\" data-id=\"ca4114f\" data-element_type=\"widget\" data-e-type=\"widget\" data-widget_type=\"heading.default\">\n\t\t\t\t<div class=\"elementor-widget-container\">\n\t\t\t\t\t<h2 class=\"elementor-heading-title elementor-size-default\">Sikafloor\u00ae-7500<\/h2>\t\t\t\t<\/div>\n\t\t\t\t<\/div>\n\t\t\t\t<div class=\"elementor-element elementor-element-92d9c13 elementor-widget elementor-widget-image\" data-id=\"92d9c13\" data-element_type=\"widget\" data-e-type=\"widget\" data-widget_type=\"image.default\">\n\t\t\t\t<div class=\"elementor-widget-container\">\n\t\t\t\t\t\t\t\t\t\t\t\t\t\t\t<img decoding=\"async\" src=\"https:\/\/etkiinsaat.com.tr\/wp-content\/uploads\/2023\/09\/tr-sikafloor-7500-2000x2000px-00728243.webp\" title=\"tr-sikafloor-7500-2000x2000px-00728243\" alt=\"tr-sikafloor-7500-2000x2000px-00728243\" loading=\"lazy\" \/>\t\t\t\t\t\t\t\t\t\t\t\t\t\t\t<\/div>\n\t\t\t\t<\/div>\n\t\t\t\t<div class=\"elementor-element elementor-element-98f6c78 elementor-widget elementor-widget-text-editor\" data-id=\"98f6c78\" data-element_type=\"widget\" data-e-type=\"widget\" data-widget_type=\"text-editor.default\">\n\t\t\t\t<div class=\"elementor-widget-container\">\n\t\t\t\t\t\t\t\t\t<p><strong>AMBALAJ<\/strong><\/p><table><tbody><tr><td class=\"cw-50\"><p>A Bile\u015feni<\/p><\/td><td class=\"cw-50\"><p>13.2 kg teneke<\/p><\/td><\/tr><tr><td class=\"cw-50\"><p>B Bile\u015feni<\/p><\/td><td class=\"cw-50\"><p>1.8 kg teneke<\/p><\/td><\/tr><tr><td class=\"cw-50\"><p>A ve B Bile\u015feni<\/p><\/td><td class=\"cw-50\"><p>15 kg set<\/p><\/td><\/tr><\/tbody><\/table>\t\t\t\t\t\t\t\t<\/div>\n\t\t\t\t<\/div>\n\t\t\t\t\t<\/div>\n\t\t<\/div>\n\t\t\t\t<div class=\"elementor-column elementor-col-66 elementor-top-column elementor-element elementor-element-2251325\" data-id=\"2251325\" data-element_type=\"column\" data-e-type=\"column\">\n\t\t\t<div class=\"elementor-widget-wrap elementor-element-populated\">\n\t\t\t\t\t\t<div class=\"elementor-element elementor-element-4e4023e elementor-widget elementor-widget-text-editor\" data-id=\"4e4023e\" data-element_type=\"widget\" data-e-type=\"widget\" data-widget_type=\"text-editor.default\">\n\t\t\t\t<div class=\"elementor-widget-container\">\n\t\t\t\t\t\t\t\t\t<p style=\"margin-right: 0px; margin-bottom: 10px; margin-left: 0px; line-height: 24px; color: #444444; font-family: 'Open Sans', sans-serif; font-size: 14px;\"><span style=\"font-weight: 600;\">Tan\u0131m\u0131:\u00a0<\/span><\/p><ul style=\"box-sizing: inherit; margin-right: 0px; margin-bottom: 0px; margin-left: 1.25rem; padding: 0px; list-style-position: outside; line-height: 1.45; list-style-type: square; color: #000000; font-family: 'Klavika Light';\"><li style=\"box-sizing: inherit; margin: 0px; padding: 0px;\"><div style=\"font-size: 1.3125rem; box-sizing: inherit; margin: 0px 0px 30px; padding: 0px;\"><div style=\"box-sizing: inherit; margin: 0px; padding: 0px;\"><div class=\"cmp-product__description cmp-font--light\" style=\"box-sizing: inherit; margin: 0px 0px 30px; padding: 0px; font-size: 1.3125rem;\"><div class=\"cmp-text\" style=\"box-sizing: inherit; margin: 0px; padding: 0px;\"><p class=\"cmp-text__paragraph cmp-line-clamp\" style=\"box-sizing: inherit; margin-right: 0px; margin-bottom: 1rem; margin-left: 0px; padding: 0px; font-size: 1.13125rem; line-height: 1.45; text-rendering: optimizelegibility; display: -webkit-box; -webkit-box-orient: vertical; overflow: hidden;\" data-lines=\"3\" data-read-more=\"Daha fazla oku\" data-read-less=\"Daha az oku\">Sikafloor\u00ae-7500 iki bile\u015fenli, d\u00fc\u015f\u00fck oranda solvent i\u00e7eren, renkli, epoksi esasl\u0131 kaplama malzemesidir.<\/p><\/div><\/div><div class=\"cmp-product__attributes\" style=\"box-sizing: inherit; margin: 0px; padding: 0px; font-size: 1.3125rem;\"><ul style=\"box-sizing: inherit; margin-right: 0px; margin-left: 0px; padding: 0px; list-style-position: outside; line-height: 1.45; list-style-type: none; font-size: 1.13125rem !important;\"><li style=\"box-sizing: inherit; margin: 0px; padding: 0px 0px 0px 34px; text-indent: -32px; font-size: 1.13125rem !important;\">\u0130yi a\u015f\u0131nma dayan\u0131m\u0131na sahiptir<\/li><li style=\"box-sizing: inherit; margin: 0px; padding: 0px 0px 0px 34px; text-indent: -32px; font-size: 1.13125rem !important;\">\u0130yi kimyasal ve mekanik dayan\u0131ma sahiptir<\/li><li style=\"box-sizing: inherit; margin: 0px; padding: 0px 0px 0px 34px; text-indent: -32px; font-size: 1.13125rem !important;\">Ekonomiktir<\/li><\/ul><\/div><p style=\"box-sizing: inherit; margin-right: 0px; margin-bottom: 1rem; margin-left: 0px; padding: 0px; font-size: 1.13125rem; line-height: 1.45; text-rendering: optimizelegibility; display: -webkit-box; -webkit-box-orient: vertical; overflow: hidden;\" data-lines=\"3\" data-read-more=\"Daha fazla oku\" data-read-less=\"Daha az oku\"><span style=\"text-indent: -32px; color: #000000; font-weight: var( --e-global-typography-text-font-weight ); text-align: var(--bs-body-text-align);\">\u00a0 \u00a0 \u00a0 \u00a0<\/span><\/p><\/div><\/div><\/li><\/ul><div style=\"text-indent: -32px;\"><span style=\"color: #000000; font-family: Klavika Light;\"><span style=\"font-size: 18.1px;\">\u00a0 \u00a0 \u00a0 \u00a0 \u00a0 \u00a0 <strong>Kullan\u0131m<\/strong><\/span><\/span><\/div><div>\u00a0<\/div><div><ul><li style=\"box-sizing: inherit; margin: 0px; padding: 0px; font-size: 1.13125rem !important;\">Depolar, \u00fcretim hatlar\u0131, garajlar, y\u00fckleme rampalar\u0131 gibi normalden orta a\u011f\u0131rl\u0131\u011fa kadar y\u00fcklere dayan\u0131kl\u0131 beton ve \u00e7imentolu har\u00e7 y\u00fczeyler i\u00e7in rulo ile uygulanan kaplama<\/li><li style=\"box-sizing: inherit; margin: 0px; padding: 0px; font-size: 1.13125rem !important;\">Kumla k\u00f6reltilmi\u015f ara katl\u0131 sistemlerde son kat olarak kullan\u0131l\u0131r<\/li><\/ul><\/div><div style=\"color: #444444; font-family: 'Open Sans', sans-serif; font-size: 14px;\"><div>\u00a0<\/div><\/div><div><div><span style=\"color: #444444; font-family: 'Open Sans', sans-serif;\"><span style=\"font-size: 14px;\"><span style=\"font-weight: bold;\">Teknik D\u00f6k\u00fcmanlar:<\/span><\/span><\/span><\/div><p><a href=\"https:\/\/tur.sika.com\/content\/dam\/dms\/tr01\/d\/sikafloor_-7500.pdf\"><span style=\"font-weight: bolder;\">\u00a0 \u00a0 \u00a0<img decoding=\"async\" src=\"http:\/\/etkiinsaat.com.tr\/wp-content\/uploads\/2023\/09\/pdf-300x300.png\" alt=\"\" width=\"31\" height=\"31\" \/>Teknik Bilgi F\u00f6y\u00fc (TBF)<\/span><\/a><\/p><p>\u00a0<\/p><\/div>\t\t\t\t\t\t\t\t<\/div>\n\t\t\t\t<\/div>\n\t\t\t\t\t<\/div>\n\t\t<\/div>\n\t\t\t\t\t<\/div>\n\t\t<\/section>\n\t\t\t\t<\/div>\n\t\t","protected":false},"excerpt":{"rendered":"<p>Sikafloor\u00ae-7500 AMBALAJ A Bile\u015feni 13.2 kg teneke B Bile\u015feni 1.8 kg teneke A ve B Bile\u015feni 15 kg set Tan\u0131m\u0131:\u00a0 Sikafloor\u00ae-7500 iki bile\u015fenli, d\u00fc\u015f\u00fck oranda solvent i\u00e7eren, renkli, epoksi esasl\u0131 kaplama malzemesidir. \u0130yi a\u015f\u0131nma dayan\u0131m\u0131na sahiptir \u0130yi kimyasal ve mekanik dayan\u0131ma sahiptir Ekonomiktir \u00a0 \u00a0 \u00a0 \u00a0 \u00a0 \u00a0 \u00a0 \u00a0 \u00a0 \u00a0 Kullan\u0131m\u00a0 Depolar, \u00fcretim hatlar\u0131, garajlar, y\u00fckleme rampalar\u0131 gibi normalden orta a\u011f\u0131rl\u0131\u011fa kadar y\u00fcklere dayan\u0131kl\u0131 beton ve \u00e7imentolu har\u00e7 y\u00fczeyler i\u00e7in rulo ile uygulanan kaplama Kumla k\u00f6reltilmi\u015f ara katl\u0131 sistemlerde son kat olarak kullan\u0131l\u0131r \u00a0Teknik D\u00f6k\u00fcmanlar: \u00a0 \u00a0 \u00a0Teknik Bilgi F\u00f6y\u00fc (TBF) \u00a0<\/p>\n","protected":false},"author":3,"featured_media":0,"parent":0,"menu_order":0,"comment_status":"closed","ping_status":"closed","template":"page-full.php","meta":{"_joinchat":[],"footnotes":""},"class_list":["post-13600","page","type-page","status-publish","hentry"],"_links":{"self":[{"href":"https:\/\/etkiinsaat.com.tr\/index.php?rest_route=\/wp\/v2\/pages\/13600","targetHints":{"allow":["GET"]}}],"collection":[{"href":"https:\/\/etkiinsaat.com.tr\/index.php?rest_route=\/wp\/v2\/pages"}],"about":[{"href":"https:\/\/etkiinsaat.com.tr\/index.php?rest_route=\/wp\/v2\/types\/page"}],"author":[{"embeddable":true,"href":"https:\/\/etkiinsaat.com.tr\/index.php?rest_route=\/wp\/v2\/users\/3"}],"replies":[{"embeddable":true,"href":"https:\/\/etkiinsaat.com.tr\/index.php?rest_route=%2Fwp%2Fv2%2Fcomments&post=13600"}],"version-history":[{"count":4,"href":"https:\/\/etkiinsaat.com.tr\/index.php?rest_route=\/wp\/v2\/pages\/13600\/revisions"}],"predecessor-version":[{"id":13608,"href":"https:\/\/etkiinsaat.com.tr\/index.php?rest_route=\/wp\/v2\/pages\/13600\/revisions\/13608"}],"wp:attachment":[{"href":"https:\/\/etkiinsaat.com.tr\/index.php?rest_route=%2Fwp%2Fv2%2Fmedia&parent=13600"}],"curies":[{"name":"wp","href":"https:\/\/api.w.org\/{rel}","templated":true}]}}