{"id":13718,"date":"2023-09-22T22:45:00","date_gmt":"2023-09-22T19:45:00","guid":{"rendered":"https:\/\/etkiinsaat.com.tr\/?page_id=13718"},"modified":"2023-09-22T22:45:59","modified_gmt":"2023-09-22T19:45:59","slug":"sikaflex-11-fc","status":"publish","type":"page","link":"https:\/\/etkiinsaat.com.tr\/?page_id=13718","title":{"rendered":"Sikaflex\u00ae-11 FC+"},"content":{"rendered":"\t\t<div data-elementor-type=\"wp-page\" data-elementor-id=\"13718\" class=\"elementor elementor-13718\">\n\t\t\t\t\t\t<section class=\"elementor-section elementor-top-section elementor-element elementor-element-3442a59 elementor-section-boxed elementor-section-height-default elementor-section-height-default\" data-id=\"3442a59\" data-element_type=\"section\" data-e-type=\"section\">\n\t\t\t\t\t\t<div class=\"elementor-container elementor-column-gap-default\">\n\t\t\t\t\t<div class=\"elementor-column elementor-col-33 elementor-top-column elementor-element elementor-element-e3eab2b\" data-id=\"e3eab2b\" data-element_type=\"column\" data-e-type=\"column\">\n\t\t\t<div class=\"elementor-widget-wrap elementor-element-populated\">\n\t\t\t\t\t\t<div class=\"elementor-element elementor-element-c036082 elementor-widget elementor-widget-heading\" data-id=\"c036082\" data-element_type=\"widget\" data-e-type=\"widget\" data-widget_type=\"heading.default\">\n\t\t\t\t<div class=\"elementor-widget-container\">\n\t\t\t\t\t<h2 class=\"elementor-heading-title elementor-size-default\">Sikaflex\u00ae-11 FC+<\/h2>\t\t\t\t<\/div>\n\t\t\t\t<\/div>\n\t\t\t\t<div class=\"elementor-element elementor-element-14e5126 elementor-widget elementor-widget-image\" data-id=\"14e5126\" data-element_type=\"widget\" data-e-type=\"widget\" data-widget_type=\"image.default\">\n\t\t\t\t<div class=\"elementor-widget-container\">\n\t\t\t\t\t\t\t\t\t\t\t\t\t\t\t<img decoding=\"async\" src=\"https:\/\/etkiinsaat.com.tr\/wp-content\/uploads\/2023\/09\/tr-sikaflex-11FC-2000x2000px-00966186.webp\" title=\"tr-sikaflex-11FC-2000x2000px-00966186\" alt=\"tr-sikaflex-11FC-2000x2000px-00966186\" loading=\"lazy\" \/>\t\t\t\t\t\t\t\t\t\t\t\t\t\t\t<\/div>\n\t\t\t\t<\/div>\n\t\t\t\t<div class=\"elementor-element elementor-element-b83254d elementor-widget elementor-widget-text-editor\" data-id=\"b83254d\" data-element_type=\"widget\" data-e-type=\"widget\" data-widget_type=\"text-editor.default\">\n\t\t\t\t<div class=\"elementor-widget-container\">\n\t\t\t\t\t\t\t\t\t<p><strong>AMBALAJ<\/strong><\/p><p>300 ml kartu\u015f<br \/>600 ml sosis<\/p>\t\t\t\t\t\t\t\t<\/div>\n\t\t\t\t<\/div>\n\t\t\t\t\t<\/div>\n\t\t<\/div>\n\t\t\t\t<div class=\"elementor-column elementor-col-66 elementor-top-column elementor-element elementor-element-3478fb3\" data-id=\"3478fb3\" data-element_type=\"column\" data-e-type=\"column\">\n\t\t\t<div class=\"elementor-widget-wrap elementor-element-populated\">\n\t\t\t\t\t\t<div class=\"elementor-element elementor-element-5a7fc9a elementor-widget elementor-widget-text-editor\" data-id=\"5a7fc9a\" data-element_type=\"widget\" data-e-type=\"widget\" data-widget_type=\"text-editor.default\">\n\t\t\t\t<div class=\"elementor-widget-container\">\n\t\t\t\t\t\t\t\t\t<p style=\"margin-right: 0px; margin-bottom: 10px; margin-left: 0px; line-height: 24px; color: #444444; font-family: 'Open Sans', sans-serif; font-size: 14px;\"><span style=\"font-weight: 600;\">Tan\u0131m\u0131:\u00a0<\/span><\/p><ul style=\"box-sizing: inherit; margin-right: 0px; margin-bottom: 0px; margin-left: 1.25rem; padding: 0px; list-style-position: outside; line-height: 1.45; list-style-type: square; color: #000000; font-family: 'Klavika Light';\"><li style=\"box-sizing: inherit; margin: 0px; padding: 0px;\"><div style=\"font-size: 1.3125rem; box-sizing: inherit; margin: 0px 0px 30px; padding: 0px;\"><div style=\"box-sizing: inherit; margin: 0px; padding: 0px;\"><div class=\"cmp-product__description cmp-font--light\" style=\"box-sizing: inherit; margin: 0px 0px 30px; padding: 0px; font-size: 1.3125rem;\"><div class=\"cmp-text\" style=\"box-sizing: inherit; margin: 0px; padding: 0px;\"><p class=\"cmp-text__paragraph cmp-line-clamp\" style=\"box-sizing: inherit; margin-right: 0px; margin-bottom: 1rem; margin-left: 0px; padding: 0px; font-size: 1.13125rem; line-height: 1.45; text-rendering: optimizelegibility; display: -webkit-box; -webkit-box-orient: vertical; overflow: hidden;\" data-lines=\"3\" data-read-more=\"Daha fazla oku\" data-read-less=\"Daha az oku\">Sikaflex\u00ae-11 FC+, tek bile\u015fenli, solvent i\u00e7ermeyen, sarkma yapmayan k\u0131vamda olan derz dolgu masti\u011fi ve \u00e7ok ama\u00e7l\u0131 yap\u0131\u015ft\u0131r\u0131c\u0131d\u0131r.<\/p><\/div><\/div><div class=\"cmp-product__attributes\" style=\"box-sizing: inherit; margin: 0px; padding: 0px; font-size: 1.3125rem;\"><ul style=\"box-sizing: inherit; margin-right: 0px; margin-left: 0px; padding: 0px; list-style-position: outside; line-height: 1.45; list-style-type: none; font-size: 1.13125rem !important;\"><li style=\"box-sizing: inherit; margin: 0px; padding: 0px 0px 0px 34px; text-indent: -32px; font-size: 1.13125rem !important;\">Silikon i\u00e7ermez.<\/li><li style=\"box-sizing: inherit; margin: 0px; padding: 0px 0px 0px 34px; text-indent: -32px; font-size: 1.13125rem !important;\">Bir \u00e7ok in\u015faat malzemesine m\u00fckemmel yap\u0131\u015f\u0131r.<\/li><li style=\"box-sizing: inherit; margin: 0px; padding: 0px 0px 0px 34px; text-indent: -32px; font-size: 1.13125rem !important;\">Yap\u0131\u015ft\u0131r\u0131lan par\u00e7an\u0131n ayr\u0131ca ankrajlanmas\u0131 gerekmez<\/li><\/ul><\/div><\/div><\/div><div style=\"box-sizing: inherit; margin: 0px; padding: 0px;\">\u00a0<\/div><\/li><\/ul><div style=\"text-indent: -32px;\"><span style=\"color: #000000; font-family: Klavika Light;\"><span style=\"font-size: 18.1px;\">\u00a0 \u00a0 \u00a0 \u00a0 \u00a0 \u00a0 <strong>Kullan\u0131m<\/strong><\/span><\/span><\/div><div>\u00a0<\/div><div><ul><li><span style=\"color: #000000; font-family: 'Klavika Light'; font-size: 18.1px;\">Sikaflex\u00ae-11 FC+, derz dolgu masti\u011fi olarak yatay ve d\u00fc\u015fey derzlerde, beton ve boru k\u0131l\u0131f\u0131 aras\u0131ndaki ses yal\u0131t\u0131mlar\u0131nda, \u00e7e\u015fitli b\u00f6lmelerin aras\u0131nda derz dolgusu olarak, \u00e7elik ve ah\u015fap konstr\u00fcksiyonlarda, havaland\u0131rma kanallar\u0131n\u0131n imalatlar\u0131nda ve benzeri bir \u00e7ok uygulamada kullan\u0131l\u0131r.<\/span><br style=\"box-sizing: inherit; color: #000000; font-family: 'Klavika Light'; font-size: 18.1px;\" \/><span style=\"color: #000000; font-family: 'Klavika Light'; font-size: 18.1px;\">Sikaflex\u00ae-11 FC+ , \u00e7ok ama\u00e7l\u0131 yap\u0131\u015ft\u0131r\u0131c\u0131 olarak i\u00e7 ve d\u0131\u015f mekanlarda, pencere denizliklerinin, e\u015fiklerinin, merdiven basamaklar\u0131n\u0131n, s\u00fcp\u00fcrgeliklerinin, taban plakalar\u0131n\u0131n, \u00e7arpma koruma plakalar\u0131n\u0131n, prefabrike elemanlar\u0131n, \u00e7e\u015fitli kaplama plakalar\u0131n\u0131n yap\u0131\u015ft\u0131r\u0131lmas\u0131 uygulamarlar\u0131nda ve benzeri bir \u00e7ok uygulamada kullan\u0131l\u0131r.\u00a0<\/span><\/li><\/ul><\/div><div style=\"color: #444444; font-family: 'Open Sans', sans-serif; font-size: 14px;\"><div>\u00a0<\/div><\/div><div><div><span style=\"color: #444444; font-family: 'Open Sans', sans-serif;\"><span style=\"font-size: 14px;\"><span style=\"font-weight: bold;\">Teknik D\u00f6k\u00fcmanlar:<\/span><\/span><\/span><\/div><p><a href=\"https:\/\/tur.sika.com\/content\/dam\/dms\/tr01\/w\/sikaflex_-11_fc_.pdf\"><span style=\"font-weight: bolder;\">\u00a0 \u00a0 \u00a0<img decoding=\"async\" src=\"http:\/\/etkiinsaat.com.tr\/wp-content\/uploads\/2023\/09\/pdf-300x300.png\" alt=\"\" width=\"31\" height=\"31\" \/>Teknik Bilgi F\u00f6y\u00fc (TBF)<\/span><\/a><\/p><p>\u00a0<\/p><\/div>\t\t\t\t\t\t\t\t<\/div>\n\t\t\t\t<\/div>\n\t\t\t\t\t<\/div>\n\t\t<\/div>\n\t\t\t\t\t<\/div>\n\t\t<\/section>\n\t\t\t\t<\/div>\n\t\t","protected":false},"excerpt":{"rendered":"<p>Sikaflex\u00ae-11 FC+ AMBALAJ 300 ml kartu\u015f600 ml sosis Tan\u0131m\u0131:\u00a0 Sikaflex\u00ae-11 FC+, tek bile\u015fenli, solvent i\u00e7ermeyen, sarkma yapmayan k\u0131vamda olan derz dolgu masti\u011fi ve \u00e7ok ama\u00e7l\u0131 yap\u0131\u015ft\u0131r\u0131c\u0131d\u0131r. Silikon i\u00e7ermez. Bir \u00e7ok in\u015faat malzemesine m\u00fckemmel yap\u0131\u015f\u0131r. Yap\u0131\u015ft\u0131r\u0131lan par\u00e7an\u0131n ayr\u0131ca ankrajlanmas\u0131 gerekmez \u00a0 \u00a0 \u00a0 \u00a0 \u00a0 \u00a0 \u00a0 Kullan\u0131m\u00a0 Sikaflex\u00ae-11 FC+, derz dolgu masti\u011fi olarak yatay ve d\u00fc\u015fey derzlerde, beton ve boru k\u0131l\u0131f\u0131 aras\u0131ndaki ses yal\u0131t\u0131mlar\u0131nda, \u00e7e\u015fitli b\u00f6lmelerin aras\u0131nda derz dolgusu olarak, \u00e7elik ve ah\u015fap konstr\u00fcksiyonlarda, havaland\u0131rma kanallar\u0131n\u0131n imalatlar\u0131nda ve benzeri bir \u00e7ok uygulamada kullan\u0131l\u0131r.Sikaflex\u00ae-11 FC+ , \u00e7ok ama\u00e7l\u0131 yap\u0131\u015ft\u0131r\u0131c\u0131 olarak i\u00e7 ve d\u0131\u015f mekanlarda, pencere denizliklerinin, e\u015fiklerinin, merdiven basamaklar\u0131n\u0131n, s\u00fcp\u00fcrgeliklerinin, taban plakalar\u0131n\u0131n, \u00e7arpma koruma plakalar\u0131n\u0131n, prefabrike elemanlar\u0131n, \u00e7e\u015fitli kaplama plakalar\u0131n\u0131n yap\u0131\u015ft\u0131r\u0131lmas\u0131 uygulamarlar\u0131nda ve benzeri bir \u00e7ok uygulamada kullan\u0131l\u0131r.\u00a0 \u00a0Teknik D\u00f6k\u00fcmanlar: \u00a0 \u00a0 \u00a0Teknik Bilgi F\u00f6y\u00fc (TBF) \u00a0<\/p>\n","protected":false},"author":3,"featured_media":0,"parent":0,"menu_order":0,"comment_status":"closed","ping_status":"closed","template":"page-full.php","meta":{"_joinchat":[],"footnotes":""},"class_list":["post-13718","page","type-page","status-publish","hentry"],"_links":{"self":[{"href":"https:\/\/etkiinsaat.com.tr\/index.php?rest_route=\/wp\/v2\/pages\/13718","targetHints":{"allow":["GET"]}}],"collection":[{"href":"https:\/\/etkiinsaat.com.tr\/index.php?rest_route=\/wp\/v2\/pages"}],"about":[{"href":"https:\/\/etkiinsaat.com.tr\/index.php?rest_route=\/wp\/v2\/types\/page"}],"author":[{"embeddable":true,"href":"https:\/\/etkiinsaat.com.tr\/index.php?rest_route=\/wp\/v2\/users\/3"}],"replies":[{"embeddable":true,"href":"https:\/\/etkiinsaat.com.tr\/index.php?rest_route=%2Fwp%2Fv2%2Fcomments&post=13718"}],"version-history":[{"count":4,"href":"https:\/\/etkiinsaat.com.tr\/index.php?rest_route=\/wp\/v2\/pages\/13718\/revisions"}],"predecessor-version":[{"id":13729,"href":"https:\/\/etkiinsaat.com.tr\/index.php?rest_route=\/wp\/v2\/pages\/13718\/revisions\/13729"}],"wp:attachment":[{"href":"https:\/\/etkiinsaat.com.tr\/index.php?rest_route=%2Fwp%2Fv2%2Fmedia&parent=13718"}],"curies":[{"name":"wp","href":"https:\/\/api.w.org\/{rel}","templated":true}]}}