{"id":13745,"date":"2023-09-22T22:47:56","date_gmt":"2023-09-22T19:47:56","guid":{"rendered":"https:\/\/etkiinsaat.com.tr\/?page_id=13745"},"modified":"2023-09-22T22:49:40","modified_gmt":"2023-09-22T19:49:40","slug":"elementor-13745","status":"publish","type":"page","link":"https:\/\/etkiinsaat.com.tr\/?page_id=13745","title":{"rendered":"Sikaflex\u00ae-112 Crystal Clear"},"content":{"rendered":"\t\t<div data-elementor-type=\"wp-page\" data-elementor-id=\"13745\" class=\"elementor elementor-13745\">\n\t\t\t\t\t\t<section class=\"elementor-section elementor-top-section elementor-element elementor-element-cb5c413 elementor-section-boxed elementor-section-height-default elementor-section-height-default\" data-id=\"cb5c413\" data-element_type=\"section\" data-e-type=\"section\">\n\t\t\t\t\t\t<div class=\"elementor-container elementor-column-gap-default\">\n\t\t\t\t\t<div class=\"elementor-column elementor-col-33 elementor-top-column elementor-element elementor-element-1d4c915\" data-id=\"1d4c915\" data-element_type=\"column\" data-e-type=\"column\">\n\t\t\t<div class=\"elementor-widget-wrap elementor-element-populated\">\n\t\t\t\t\t\t<div class=\"elementor-element elementor-element-32e7efc elementor-widget elementor-widget-heading\" data-id=\"32e7efc\" data-element_type=\"widget\" data-e-type=\"widget\" data-widget_type=\"heading.default\">\n\t\t\t\t<div class=\"elementor-widget-container\">\n\t\t\t\t\t<h2 class=\"elementor-heading-title elementor-size-default\">Sikaflex\u00ae-112 Crystal Clear<\/h2>\t\t\t\t<\/div>\n\t\t\t\t<\/div>\n\t\t\t\t<div class=\"elementor-element elementor-element-0f6d1e4 elementor-widget elementor-widget-image\" data-id=\"0f6d1e4\" data-element_type=\"widget\" data-e-type=\"widget\" data-widget_type=\"image.default\">\n\t\t\t\t<div class=\"elementor-widget-container\">\n\t\t\t\t\t\t\t\t\t\t\t\t\t\t\t<img decoding=\"async\" src=\"https:\/\/etkiinsaat.com.tr\/wp-content\/uploads\/2023\/09\/tr-sikaflex-112-crystal-clear-00081035.webp\" title=\"tr-sikaflex-112-crystal-clear-00081035\" alt=\"tr-sikaflex-112-crystal-clear-00081035\" loading=\"lazy\" \/>\t\t\t\t\t\t\t\t\t\t\t\t\t\t\t<\/div>\n\t\t\t\t<\/div>\n\t\t\t\t<div class=\"elementor-element elementor-element-75efbc9 elementor-widget elementor-widget-text-editor\" data-id=\"75efbc9\" data-element_type=\"widget\" data-e-type=\"widget\" data-widget_type=\"text-editor.default\">\n\t\t\t\t<div class=\"elementor-widget-container\">\n\t\t\t\t\t\t\t\t\t<p><strong>AMBALAJ<\/strong><\/p><p>290 ml kartu\u015f, 12 kartu\u015f\/koli<\/p>\t\t\t\t\t\t\t\t<\/div>\n\t\t\t\t<\/div>\n\t\t\t\t\t<\/div>\n\t\t<\/div>\n\t\t\t\t<div class=\"elementor-column elementor-col-66 elementor-top-column elementor-element elementor-element-b371ef9\" data-id=\"b371ef9\" data-element_type=\"column\" data-e-type=\"column\">\n\t\t\t<div class=\"elementor-widget-wrap elementor-element-populated\">\n\t\t\t\t\t\t<div class=\"elementor-element elementor-element-f29db66 elementor-widget elementor-widget-text-editor\" data-id=\"f29db66\" data-element_type=\"widget\" data-e-type=\"widget\" data-widget_type=\"text-editor.default\">\n\t\t\t\t<div class=\"elementor-widget-container\">\n\t\t\t\t\t\t\t\t\t<p style=\"margin-right: 0px; margin-bottom: 10px; margin-left: 0px; line-height: 24px; color: #444444; font-family: 'Open Sans', sans-serif; font-size: 14px;\"><span style=\"font-weight: 600;\">Tan\u0131m\u0131:\u00a0<\/span><\/p><ul style=\"box-sizing: inherit; margin-right: 0px; margin-bottom: 0px; margin-left: 1.25rem; padding: 0px; list-style-position: outside; line-height: 1.45; list-style-type: square; color: #000000; font-family: 'Klavika Light';\"><li style=\"box-sizing: inherit; margin: 0px; padding: 0px;\"><div style=\"font-size: 1.3125rem; box-sizing: inherit; margin: 0px 0px 30px; padding: 0px;\"><div style=\"box-sizing: inherit; margin: 0px; padding: 0px;\"><div class=\"cmp-product__description cmp-font--light\" style=\"box-sizing: inherit; margin: 0px 0px 30px; padding: 0px; font-size: 1.3125rem;\"><div class=\"cmp-text\" style=\"box-sizing: inherit; margin: 0px; padding: 0px;\"><p class=\"cmp-text__paragraph cmp-line-clamp\" style=\"box-sizing: inherit; margin-right: 0px; margin-bottom: 1rem; margin-left: 0px; padding: 0px; font-size: 1.13125rem; line-height: 1.45; text-rendering: optimizelegibility; display: -webkit-box; -webkit-box-orient: vertical; overflow: hidden;\" data-lines=\"3\" data-read-more=\"Daha fazla oku\" data-read-less=\"Daha az oku\">Sikaflex\u00ae-112 Crystal Clear, tek bile\u015fenli, \u00e7ok ama\u00e7l\u0131, ilk tutunmas\u0131 g\u00fc\u00e7l\u00fc, bir\u00e7ok in\u015faat malzemesi y\u00fczeyine iyi yap\u0131\u015fan, \u015feffaf yap\u0131\u015ft\u0131r\u0131c\u0131 ve derz dolgu masti\u011fidir. \u0130\u00e7 ve d\u0131\u015f kullan\u0131m i\u00e7in uygundur.<\/p><\/div><\/div><div class=\"cmp-product__attributes\" style=\"box-sizing: inherit; margin: 0px; padding: 0px; font-size: 1.3125rem;\"><ul style=\"box-sizing: inherit; margin-right: 0px; margin-left: 0px; padding: 0px; list-style-position: outside; line-height: 1.45; list-style-type: none; font-size: 1.13125rem !important;\"><li style=\"box-sizing: inherit; margin: 0px; padding: 0px 0px 0px 34px; text-indent: -32px; font-size: 1.13125rem !important;\">Tamamen \u015feffaf<\/li><li style=\"box-sizing: inherit; margin: 0px; padding: 0px 0px 0px 34px; text-indent: -32px; font-size: 1.13125rem !important;\">\u0130lk tutunmas\u0131 iyi<\/li><li style=\"box-sizing: inherit; margin: 0px; padding: 0px 0px 0px 34px; text-indent: -32px; font-size: 1.13125rem !important;\">D\u00fc\u015f\u00fck emisyon<\/li><\/ul><\/div><\/div><\/div><div style=\"box-sizing: inherit; margin: 0px; padding: 0px;\"><div style=\"text-indent: -32px;\"><span style=\"font-size: 18.1px;\">\u00a0 \u00a0 \u00a0 \u00a0<\/span><\/div><\/div><\/li><\/ul><div style=\"text-indent: -32px;\"><span style=\"color: #000000; font-family: Klavika Light;\"><span style=\"font-size: 18.1px;\">\u00a0 \u00a0 \u00a0 \u00a0 \u00a0 \u00a0 <strong>Kullan\u0131m<\/strong><\/span><\/span><\/div><div>\u00a0<\/div><div><ul><li><span style=\"color: #000000; font-family: 'Klavika Light'; font-size: 18.1px;\">Bir\u00e7ok in\u015faat malzemesini yap\u0131\u015ft\u0131rmak i\u00e7in kullan\u0131labilinir:<\/span><ul style=\"box-sizing: inherit; margin-right: 0px; margin-left: 1.25rem; padding: 0px; list-style-position: outside; line-height: 1.45; list-style-type: square; font-size: 18.1px; color: #000000; font-family: 'Klavika Light';\"><li style=\"box-sizing: inherit; margin: 0px; padding: 0px; font-size: 1.13125rem !important;\">Beton<\/li><li style=\"box-sizing: inherit; margin: 0px; padding: 0px; font-size: 1.13125rem !important;\">Tu\u011fla<\/li><li style=\"box-sizing: inherit; margin: 0px; padding: 0px; font-size: 1.13125rem !important;\">Bir\u00e7ok ta\u015f<\/li><li style=\"box-sizing: inherit; margin: 0px; padding: 0px; font-size: 1.13125rem !important;\">Seramik<\/li><li style=\"box-sizing: inherit; margin: 0px; padding: 0px; font-size: 1.13125rem !important;\">Ah\u015fap<\/li><li style=\"box-sizing: inherit; margin: 0px; padding: 0px; font-size: 1.13125rem !important;\">Metal<\/li><li style=\"box-sizing: inherit; margin: 0px; padding: 0px; font-size: 1.13125rem !important;\">Cam<\/li><li style=\"box-sizing: inherit; margin: 0px; padding: 0px; font-size: 1.13125rem !important;\">PVC<\/li><\/ul><span style=\"color: #000000; font-family: 'Klavika Light'; font-size: 18.1px;\">Yap\u0131\u015ft\u0131r\u0131lm\u0131\u015f elemanlar\u0131n etraf\u0131ndaki s\u0131zd\u0131rmazl\u0131\u011f\u0131 sa\u011flamak amac\u0131 ile kullan\u0131lan derz dolgu malzemesi.\u00a0\u00a0<\/span><\/li><\/ul><\/div><div style=\"color: #444444; font-family: 'Open Sans', sans-serif; font-size: 14px;\">\u00a0<\/div><div><div><span style=\"color: #444444; font-family: 'Open Sans', sans-serif;\"><span style=\"font-size: 14px;\"><span style=\"font-weight: bold;\">Teknik D\u00f6k\u00fcmanlar:<\/span><\/span><\/span><\/div><p><a href=\"https:\/\/tur.sika.com\/content\/dam\/dms\/tr01\/s\/sikaflex_-112_crystalclear.pdf\"><span style=\"font-weight: bolder;\">\u00a0 \u00a0 \u00a0<img decoding=\"async\" src=\"http:\/\/etkiinsaat.com.tr\/wp-content\/uploads\/2023\/09\/pdf-300x300.png\" alt=\"\" width=\"31\" height=\"31\" \/>Teknik Bilgi F\u00f6y\u00fc (TBF)<\/span><\/a><\/p><p>\u00a0<\/p><\/div>\t\t\t\t\t\t\t\t<\/div>\n\t\t\t\t<\/div>\n\t\t\t\t\t<\/div>\n\t\t<\/div>\n\t\t\t\t\t<\/div>\n\t\t<\/section>\n\t\t\t\t<\/div>\n\t\t","protected":false},"excerpt":{"rendered":"<p>Sikaflex\u00ae-112 Crystal Clear AMBALAJ 290 ml kartu\u015f, 12 kartu\u015f\/koli Tan\u0131m\u0131:\u00a0 Sikaflex\u00ae-112 Crystal Clear, tek bile\u015fenli, \u00e7ok ama\u00e7l\u0131, ilk tutunmas\u0131 g\u00fc\u00e7l\u00fc, bir\u00e7ok in\u015faat malzemesi y\u00fczeyine iyi yap\u0131\u015fan, \u015feffaf yap\u0131\u015ft\u0131r\u0131c\u0131 ve derz dolgu masti\u011fidir. \u0130\u00e7 ve d\u0131\u015f kullan\u0131m i\u00e7in uygundur. Tamamen \u015feffaf \u0130lk tutunmas\u0131 iyi D\u00fc\u015f\u00fck emisyon \u00a0 \u00a0 \u00a0 \u00a0 \u00a0 \u00a0 \u00a0 \u00a0 \u00a0 \u00a0 Kullan\u0131m\u00a0 Bir\u00e7ok in\u015faat malzemesini yap\u0131\u015ft\u0131rmak i\u00e7in kullan\u0131labilinir: Beton Tu\u011fla Bir\u00e7ok ta\u015f Seramik Ah\u015fap Metal Cam PVC Yap\u0131\u015ft\u0131r\u0131lm\u0131\u015f elemanlar\u0131n etraf\u0131ndaki s\u0131zd\u0131rmazl\u0131\u011f\u0131 sa\u011flamak amac\u0131 ile kullan\u0131lan derz dolgu malzemesi.\u00a0\u00a0 \u00a0Teknik D\u00f6k\u00fcmanlar: \u00a0 \u00a0 \u00a0Teknik Bilgi F\u00f6y\u00fc (TBF) \u00a0<\/p>\n","protected":false},"author":3,"featured_media":0,"parent":0,"menu_order":0,"comment_status":"closed","ping_status":"closed","template":"page-full.php","meta":{"_joinchat":[],"footnotes":""},"class_list":["post-13745","page","type-page","status-publish","hentry"],"_links":{"self":[{"href":"https:\/\/etkiinsaat.com.tr\/index.php?rest_route=\/wp\/v2\/pages\/13745","targetHints":{"allow":["GET"]}}],"collection":[{"href":"https:\/\/etkiinsaat.com.tr\/index.php?rest_route=\/wp\/v2\/pages"}],"about":[{"href":"https:\/\/etkiinsaat.com.tr\/index.php?rest_route=\/wp\/v2\/types\/page"}],"author":[{"embeddable":true,"href":"https:\/\/etkiinsaat.com.tr\/index.php?rest_route=\/wp\/v2\/users\/3"}],"replies":[{"embeddable":true,"href":"https:\/\/etkiinsaat.com.tr\/index.php?rest_route=%2Fwp%2Fv2%2Fcomments&post=13745"}],"version-history":[{"count":5,"href":"https:\/\/etkiinsaat.com.tr\/index.php?rest_route=\/wp\/v2\/pages\/13745\/revisions"}],"predecessor-version":[{"id":13754,"href":"https:\/\/etkiinsaat.com.tr\/index.php?rest_route=\/wp\/v2\/pages\/13745\/revisions\/13754"}],"wp:attachment":[{"href":"https:\/\/etkiinsaat.com.tr\/index.php?rest_route=%2Fwp%2Fv2%2Fmedia&parent=13745"}],"curies":[{"name":"wp","href":"https:\/\/api.w.org\/{rel}","templated":true}]}}