{"id":13827,"date":"2023-09-22T23:02:09","date_gmt":"2023-09-22T20:02:09","guid":{"rendered":"https:\/\/etkiinsaat.com.tr\/?page_id=13827"},"modified":"2023-09-22T23:02:58","modified_gmt":"2023-09-22T20:02:58","slug":"sikaceram-60","status":"publish","type":"page","link":"https:\/\/etkiinsaat.com.tr\/?page_id=13827","title":{"rendered":"SikaCeram\u00ae-60"},"content":{"rendered":"\t\t<div data-elementor-type=\"wp-page\" data-elementor-id=\"13827\" class=\"elementor elementor-13827\">\n\t\t\t\t\t\t<section class=\"elementor-section elementor-top-section elementor-element elementor-element-79b2fb3 elementor-section-boxed elementor-section-height-default elementor-section-height-default\" data-id=\"79b2fb3\" data-element_type=\"section\" data-e-type=\"section\">\n\t\t\t\t\t\t<div class=\"elementor-container elementor-column-gap-default\">\n\t\t\t\t\t<div class=\"elementor-column elementor-col-33 elementor-top-column elementor-element elementor-element-62391ae\" data-id=\"62391ae\" data-element_type=\"column\" data-e-type=\"column\">\n\t\t\t<div class=\"elementor-widget-wrap elementor-element-populated\">\n\t\t\t\t\t\t<div class=\"elementor-element elementor-element-8eccf52 elementor-widget elementor-widget-heading\" data-id=\"8eccf52\" data-element_type=\"widget\" data-e-type=\"widget\" data-widget_type=\"heading.default\">\n\t\t\t\t<div class=\"elementor-widget-container\">\n\t\t\t\t\t<h2 class=\"elementor-heading-title elementor-size-default\">SikaCeram\u00ae-60<\/h2>\t\t\t\t<\/div>\n\t\t\t\t<\/div>\n\t\t\t\t<div class=\"elementor-element elementor-element-6940430 elementor-widget elementor-widget-image\" data-id=\"6940430\" data-element_type=\"widget\" data-e-type=\"widget\" data-widget_type=\"image.default\">\n\t\t\t\t<div class=\"elementor-widget-container\">\n\t\t\t\t\t\t\t\t\t\t\t\t\t\t\t<img fetchpriority=\"high\" decoding=\"async\" width=\"320\" height=\"277\" src=\"https:\/\/etkiinsaat.com.tr\/wp-content\/uploads\/2023\/09\/Sika_NoClaim_pos_rgb_mobile.webp\" class=\"attachment-full size-full wp-image-13012\" alt=\"\" srcset=\"https:\/\/etkiinsaat.com.tr\/wp-content\/uploads\/2023\/09\/Sika_NoClaim_pos_rgb_mobile.webp 320w, https:\/\/etkiinsaat.com.tr\/wp-content\/uploads\/2023\/09\/Sika_NoClaim_pos_rgb_mobile-300x260.webp 300w, https:\/\/etkiinsaat.com.tr\/wp-content\/uploads\/2023\/09\/Sika_NoClaim_pos_rgb_mobile-232x201.webp 232w, https:\/\/etkiinsaat.com.tr\/wp-content\/uploads\/2023\/09\/Sika_NoClaim_pos_rgb_mobile-116x100.webp 116w\" sizes=\"(max-width: 320px) 100vw, 320px\" \/>\t\t\t\t\t\t\t\t\t\t\t\t\t\t\t<\/div>\n\t\t\t\t<\/div>\n\t\t\t\t<div class=\"elementor-element elementor-element-498b315 elementor-widget elementor-widget-text-editor\" data-id=\"498b315\" data-element_type=\"widget\" data-e-type=\"widget\" data-widget_type=\"text-editor.default\">\n\t\t\t\t<div class=\"elementor-widget-container\">\n\t\t\t\t\t\t\t\t\t<p><strong>AMBALAJ<\/strong><\/p><p>25 kg kraft torba<\/p>\t\t\t\t\t\t\t\t<\/div>\n\t\t\t\t<\/div>\n\t\t\t\t\t<\/div>\n\t\t<\/div>\n\t\t\t\t<div class=\"elementor-column elementor-col-66 elementor-top-column elementor-element elementor-element-2ec5e21\" data-id=\"2ec5e21\" data-element_type=\"column\" data-e-type=\"column\">\n\t\t\t<div class=\"elementor-widget-wrap elementor-element-populated\">\n\t\t\t\t\t\t<div class=\"elementor-element elementor-element-e423130 elementor-widget elementor-widget-text-editor\" data-id=\"e423130\" data-element_type=\"widget\" data-e-type=\"widget\" data-widget_type=\"text-editor.default\">\n\t\t\t\t<div class=\"elementor-widget-container\">\n\t\t\t\t\t\t\t\t\t<p style=\"margin-right: 0px; margin-bottom: 10px; margin-left: 0px; line-height: 24px; color: #444444; font-family: 'Open Sans', sans-serif; font-size: 14px;\"><span style=\"font-weight: 600;\">Tan\u0131m\u0131:\u00a0<\/span><\/p><ul style=\"box-sizing: inherit; margin-right: 0px; margin-bottom: 0px; margin-left: 1.25rem; padding: 0px; list-style-position: outside; line-height: 1.45; list-style-type: square; color: #000000; font-family: 'Klavika Light';\"><li style=\"box-sizing: inherit; margin: 0px; padding: 0px;\"><div style=\"font-size: 1.3125rem; box-sizing: inherit; margin: 0px 0px 30px; padding: 0px;\"><div style=\"box-sizing: inherit; margin: 0px; padding: 0px;\"><div class=\"cmp-product__description cmp-font--light\" style=\"box-sizing: inherit; margin: 0px 0px 30px; padding: 0px; font-size: 1.3125rem;\"><div class=\"cmp-text\" style=\"box-sizing: inherit; margin: 0px; padding: 0px;\"><p class=\"cmp-text__paragraph cmp-line-clamp\" style=\"box-sizing: inherit; margin-right: 0px; margin-bottom: 1rem; margin-left: 0px; padding: 0px; font-size: 1.13125rem; line-height: 1.45; text-rendering: optimizelegibility; display: -webkit-box; -webkit-box-orient: vertical; overflow: hidden;\" data-lines=\"3\" data-read-more=\"Daha fazla oku\" data-read-less=\"Daha az oku\">SikaCeram\u00ae-60, tek bile\u015fenli, \u00e7imento esasl\u0131, su ile kar\u0131\u015ft\u0131r\u0131larak uygulanan seramik yap\u0131\u015ft\u0131rma harc\u0131d\u0131r.<\/p><\/div><\/div><div class=\"cmp-product__attributes\" style=\"box-sizing: inherit; margin: 0px; padding: 0px; font-size: 1.3125rem;\"><ul style=\"box-sizing: inherit; margin-right: 0px; margin-left: 0px; padding: 0px; list-style-position: outside; line-height: 1.45; list-style-type: none; font-size: 1.13125rem !important;\"><li style=\"box-sizing: inherit; margin: 0px; padding: 0px 0px 0px 34px; text-indent: -32px; font-size: 1.13125rem !important;\">CE s\u0131n\u0131f\u0131 : C1T<\/li><li style=\"box-sizing: inherit; margin: 0px; padding: 0px 0px 0px 34px; text-indent: -32px; font-size: 1.13125rem !important;\">Tek bile\u015fenli<\/li><li style=\"box-sizing: inherit; margin: 0px; padding: 0px 0px 0px 34px; text-indent: -32px; font-size: 1.13125rem !important;\">Farkl\u0131 y\u00fczey tipleri \u00fczerinde \u00e7ok iyi yap\u0131\u015fma (beton, \u00e7imentolu har\u00e7lar, ta\u015f, briket)<\/li><\/ul><\/div><\/div><\/div><div style=\"box-sizing: inherit; margin: 0px; padding: 0px;\"><div style=\"text-indent: -32px;\"><span style=\"font-size: 18.1px;\">\u00a0 \u00a0 \u00a0 \u00a0<\/span><\/div><\/div><\/li><\/ul><div style=\"text-indent: -32px;\"><span style=\"color: #000000; font-family: Klavika Light;\"><span style=\"font-size: 18.1px;\">\u00a0 \u00a0 \u00a0 \u00a0 \u00a0 \u00a0 <strong>Kullan\u0131m<\/strong><\/span><\/span><\/div><div>\u00a0<span style=\"color: #000000; font-family: 'Klavika Light'; font-size: 18.1px; font-weight: var( --e-global-typography-text-font-weight ); text-align: var(--bs-body-text-align);\">SikaCeram\u00ae-60, i\u00e7 mekanlarda yatay ve d\u00fc\u015fey uygulamalarda, d\u0131\u015f mekanlarda yatay uygulamalarda kullan\u0131labilir.<\/span><\/div><ul style=\"box-sizing: inherit; margin-right: 0px; margin-bottom: 0px; margin-left: 1.25rem; padding: 0px; list-style-position: outside; line-height: 1.45; list-style-type: square; font-size: 18.1px; color: #000000; font-family: 'Klavika Light';\"><li style=\"box-sizing: inherit; margin: 0px; padding: 0px; font-size: 1.13125rem !important;\">Emici seramiklerin yap\u0131\u015ft\u0131r\u0131lmas\u0131nda<\/li><li style=\"box-sizing: inherit; margin: 0px; padding: 0px; font-size: 1.13125rem !important;\">\u0130\u00e7 ve d\u0131\u015f mekanlarda<\/li><li style=\"box-sizing: inherit; margin: 0px; padding: 0px; font-size: 1.13125rem !important;\">Duvar ve zemin uygulamalar\u0131nda<\/li><li style=\"box-sizing: inherit; margin: 0px; padding: 0px; font-size: 1.13125rem !important;\">Polistren, poli\u00fcretan k\u00f6p\u00fck, cam y\u00fcn\u00fc ve ta\u015f y\u00fcn\u00fc gibi \u0131s\u0131 yal\u0131t\u0131m panellerinin yap\u0131\u015ft\u0131r\u0131lmas\u0131nda<\/li><\/ul><div>\u00a0<\/div><div style=\"color: #444444; font-family: 'Open Sans', sans-serif; font-size: 14px;\"><div>\u00a0<\/div><\/div><div><div><span style=\"color: #444444; font-family: 'Open Sans', sans-serif;\"><span style=\"font-size: 14px;\"><span style=\"font-weight: bold;\">Teknik D\u00f6k\u00fcmanlar:<\/span><\/span><\/span><\/div><p><a href=\"https:\/\/tur.sika.com\/content\/dam\/dms\/tr01\/1\/sikaceram_-60.pdf\"><span style=\"font-weight: bolder;\">\u00a0 \u00a0 \u00a0<img decoding=\"async\" src=\"http:\/\/etkiinsaat.com.tr\/wp-content\/uploads\/2023\/09\/pdf-300x300.png\" alt=\"\" width=\"31\" height=\"31\" \/>Teknik Bilgi F\u00f6y\u00fc (TBF)<\/span><\/a><\/p><p>\u00a0<\/p><\/div>\t\t\t\t\t\t\t\t<\/div>\n\t\t\t\t<\/div>\n\t\t\t\t\t<\/div>\n\t\t<\/div>\n\t\t\t\t\t<\/div>\n\t\t<\/section>\n\t\t\t\t<\/div>\n\t\t","protected":false},"excerpt":{"rendered":"<p>SikaCeram\u00ae-60 AMBALAJ 25 kg kraft torba Tan\u0131m\u0131:\u00a0 SikaCeram\u00ae-60, tek bile\u015fenli, \u00e7imento esasl\u0131, su ile kar\u0131\u015ft\u0131r\u0131larak uygulanan seramik yap\u0131\u015ft\u0131rma harc\u0131d\u0131r. CE s\u0131n\u0131f\u0131 : C1T Tek bile\u015fenli Farkl\u0131 y\u00fczey tipleri \u00fczerinde \u00e7ok iyi yap\u0131\u015fma (beton, \u00e7imentolu har\u00e7lar, ta\u015f, briket) \u00a0 \u00a0 \u00a0 \u00a0 \u00a0 \u00a0 \u00a0 \u00a0 \u00a0 \u00a0 Kullan\u0131m\u00a0SikaCeram\u00ae-60, i\u00e7 mekanlarda yatay ve d\u00fc\u015fey uygulamalarda, d\u0131\u015f mekanlarda yatay uygulamalarda kullan\u0131labilir. Emici seramiklerin yap\u0131\u015ft\u0131r\u0131lmas\u0131nda \u0130\u00e7 ve d\u0131\u015f mekanlarda Duvar ve zemin uygulamalar\u0131nda Polistren, poli\u00fcretan k\u00f6p\u00fck, cam y\u00fcn\u00fc ve ta\u015f y\u00fcn\u00fc gibi \u0131s\u0131 yal\u0131t\u0131m panellerinin yap\u0131\u015ft\u0131r\u0131lmas\u0131nda \u00a0\u00a0Teknik D\u00f6k\u00fcmanlar: \u00a0 \u00a0 \u00a0Teknik Bilgi F\u00f6y\u00fc (TBF) \u00a0<\/p>\n","protected":false},"author":3,"featured_media":0,"parent":0,"menu_order":0,"comment_status":"closed","ping_status":"closed","template":"page-full.php","meta":{"_joinchat":[],"footnotes":""},"class_list":["post-13827","page","type-page","status-publish","hentry"],"_links":{"self":[{"href":"https:\/\/etkiinsaat.com.tr\/index.php?rest_route=\/wp\/v2\/pages\/13827","targetHints":{"allow":["GET"]}}],"collection":[{"href":"https:\/\/etkiinsaat.com.tr\/index.php?rest_route=\/wp\/v2\/pages"}],"about":[{"href":"https:\/\/etkiinsaat.com.tr\/index.php?rest_route=\/wp\/v2\/types\/page"}],"author":[{"embeddable":true,"href":"https:\/\/etkiinsaat.com.tr\/index.php?rest_route=\/wp\/v2\/users\/3"}],"replies":[{"embeddable":true,"href":"https:\/\/etkiinsaat.com.tr\/index.php?rest_route=%2Fwp%2Fv2%2Fcomments&post=13827"}],"version-history":[{"count":4,"href":"https:\/\/etkiinsaat.com.tr\/index.php?rest_route=\/wp\/v2\/pages\/13827\/revisions"}],"predecessor-version":[{"id":13832,"href":"https:\/\/etkiinsaat.com.tr\/index.php?rest_route=\/wp\/v2\/pages\/13827\/revisions\/13832"}],"wp:attachment":[{"href":"https:\/\/etkiinsaat.com.tr\/index.php?rest_route=%2Fwp%2Fv2%2Fmedia&parent=13827"}],"curies":[{"name":"wp","href":"https:\/\/api.w.org\/{rel}","templated":true}]}}