{"id":14366,"date":"2023-09-29T20:47:14","date_gmt":"2023-09-29T17:47:14","guid":{"rendered":"https:\/\/etkiinsaat.com.tr\/?page_id=14366"},"modified":"2023-09-29T20:48:32","modified_gmt":"2023-09-29T17:48:32","slug":"teknoderz-ex-pool-havuzlar-icin-silikonlu-fleks-derz-dolgu","status":"publish","type":"page","link":"https:\/\/etkiinsaat.com.tr\/?page_id=14366","title":{"rendered":"Teknoderz Ex Pool Havuzlar i\u00e7in Silikonlu Fleks Derz Dolgu"},"content":{"rendered":"\t\t<div data-elementor-type=\"wp-page\" data-elementor-id=\"14366\" class=\"elementor elementor-14366\">\n\t\t\t\t\t\t<section class=\"elementor-section elementor-top-section elementor-element elementor-element-8f7f15e elementor-section-boxed elementor-section-height-default elementor-section-height-default\" data-id=\"8f7f15e\" data-element_type=\"section\" data-e-type=\"section\">\n\t\t\t\t\t\t<div class=\"elementor-container elementor-column-gap-default\">\n\t\t\t\t\t<div class=\"elementor-column elementor-col-33 elementor-top-column elementor-element elementor-element-716960f\" data-id=\"716960f\" data-element_type=\"column\" data-e-type=\"column\">\n\t\t\t<div class=\"elementor-widget-wrap elementor-element-populated\">\n\t\t\t\t\t\t<div class=\"elementor-element elementor-element-a398dcb elementor-widget elementor-widget-heading\" data-id=\"a398dcb\" data-element_type=\"widget\" data-e-type=\"widget\" data-widget_type=\"heading.default\">\n\t\t\t\t<div class=\"elementor-widget-container\">\n\t\t\t\t\t<h2 class=\"elementor-heading-title elementor-size-default\">Teknoderz Ex Pool Havuzlar i\u00e7in Silikonlu Fleks Derz Dolgu\n<\/h2>\t\t\t\t<\/div>\n\t\t\t\t<\/div>\n\t\t\t\t<div class=\"elementor-element elementor-element-ef97707 elementor-widget elementor-widget-image\" data-id=\"ef97707\" data-element_type=\"widget\" data-e-type=\"widget\" data-widget_type=\"image.default\">\n\t\t\t\t<div class=\"elementor-widget-container\">\n\t\t\t\t\t\t\t\t\t\t\t\t\t\t\t<img fetchpriority=\"high\" decoding=\"async\" width=\"250\" height=\"250\" src=\"https:\/\/etkiinsaat.com.tr\/wp-content\/uploads\/2023\/09\/169.jpg\" class=\"attachment-full size-full wp-image-14368\" alt=\"\" srcset=\"https:\/\/etkiinsaat.com.tr\/wp-content\/uploads\/2023\/09\/169.jpg 250w, https:\/\/etkiinsaat.com.tr\/wp-content\/uploads\/2023\/09\/169-150x150.jpg 150w, https:\/\/etkiinsaat.com.tr\/wp-content\/uploads\/2023\/09\/169-201x201.jpg 201w, https:\/\/etkiinsaat.com.tr\/wp-content\/uploads\/2023\/09\/169-100x100.jpg 100w\" sizes=\"(max-width: 250px) 100vw, 250px\" \/>\t\t\t\t\t\t\t\t\t\t\t\t\t\t\t<\/div>\n\t\t\t\t<\/div>\n\t\t\t\t<div class=\"elementor-element elementor-element-665f285 elementor-widget elementor-widget-text-editor\" data-id=\"665f285\" data-element_type=\"widget\" data-e-type=\"widget\" data-widget_type=\"text-editor.default\">\n\t\t\t\t<div class=\"elementor-widget-container\">\n\t\t\t\t\t\t\t\t\t<div style=\"color: #1c1b1b;\"><span style=\"color: #444444; font-family: 'Open Sans', sans-serif;\"><span style=\"font-size: 14px;\"><span style=\"font-weight: bold;\">Teknik D\u00f6k\u00fcmanlar:<\/span><\/span><\/span><\/div><p><a href=\"https:\/\/tur.sika.com\/content\/dam\/dms\/tr01\/g\/sikaseal_crystalsg.pdf\"><span style=\"font-weight: bolder;\">\u00a0 \u00a0 \u00a0<img decoding=\"async\" src=\"http:\/\/etkiinsaat.com.tr\/wp-content\/uploads\/2023\/09\/pdf-300x300.png\" alt=\"\" width=\"31\" height=\"31\" \/><\/span><\/a><a title=\"TDS Teknik Dok\u00fcman Sayfas\u0131\" href=\"https:\/\/teknoyapi.com.tr\/documents\/TDS-teknoderz-ex-pool.pdf\" target=\"_blank\" rel=\"noopener\"><span style=\"color: red; font-size: small;\"><span style=\"font-weight: bold;\">TDS Teknik Dok\u00fcman Sayfas\u0131<\/span><\/span>\u00a0<\/a>\u00a0\u00a0<\/p><p>\u00a0<\/p>\t\t\t\t\t\t\t\t<\/div>\n\t\t\t\t<\/div>\n\t\t\t\t\t<\/div>\n\t\t<\/div>\n\t\t\t\t<div class=\"elementor-column elementor-col-66 elementor-top-column elementor-element elementor-element-f940cae\" data-id=\"f940cae\" data-element_type=\"column\" data-e-type=\"column\">\n\t\t\t<div class=\"elementor-widget-wrap elementor-element-populated\">\n\t\t\t\t\t\t<div class=\"elementor-element elementor-element-780401c elementor-widget elementor-widget-image\" data-id=\"780401c\" data-element_type=\"widget\" data-e-type=\"widget\" data-widget_type=\"image.default\">\n\t\t\t\t<div class=\"elementor-widget-container\">\n\t\t\t\t\t\t\t\t\t\t\t\t\t\t\t<img decoding=\"async\" width=\"641\" height=\"251\" src=\"https:\/\/etkiinsaat.com.tr\/wp-content\/uploads\/2023\/09\/167-1.jpg\" class=\"attachment-full size-full wp-image-14355\" alt=\"\" srcset=\"https:\/\/etkiinsaat.com.tr\/wp-content\/uploads\/2023\/09\/167-1.jpg 641w, https:\/\/etkiinsaat.com.tr\/wp-content\/uploads\/2023\/09\/167-1-300x117.jpg 300w, https:\/\/etkiinsaat.com.tr\/wp-content\/uploads\/2023\/09\/167-1-303x119.jpg 303w, https:\/\/etkiinsaat.com.tr\/wp-content\/uploads\/2023\/09\/167-1-606x237.jpg 606w, https:\/\/etkiinsaat.com.tr\/wp-content\/uploads\/2023\/09\/167-1-530x208.jpg 530w, https:\/\/etkiinsaat.com.tr\/wp-content\/uploads\/2023\/09\/167-1-450x176.jpg 450w, https:\/\/etkiinsaat.com.tr\/wp-content\/uploads\/2023\/09\/167-1-500x196.jpg 500w, https:\/\/etkiinsaat.com.tr\/wp-content\/uploads\/2023\/09\/167-1-150x59.jpg 150w\" sizes=\"(max-width: 641px) 100vw, 641px\" \/>\t\t\t\t\t\t\t\t\t\t\t\t\t\t\t<\/div>\n\t\t\t\t<\/div>\n\t\t\t\t<div class=\"elementor-element elementor-element-4423d58 elementor-widget elementor-widget-text-editor\" data-id=\"4423d58\" data-element_type=\"widget\" data-e-type=\"widget\" data-widget_type=\"text-editor.default\">\n\t\t\t\t<div class=\"elementor-widget-container\">\n\t\t\t\t\t\t\t\t\t<p><strong style=\"outline: 0px; margin: 0px; padding: 0px; border: 0px; font-size: 14px; vertical-align: baseline; background: 0px 0px; color: #000000; font-family: roboto, Verdana;\">\u00dcr\u00fcn Tan\u0131m\u0131<\/strong><br style=\"outline: none; color: #000000; font-family: roboto, Verdana; font-size: 14px;\" \/><span style=\"color: #000000; font-family: roboto, Verdana; font-size: 14px;\">\u00c7imento esasl\u0131, y\u00fcksek performansl\u0131 havuzlar i\u00e7in \u00f6zel olarak tasarlanm\u0131\u0219, seramik, fayans, mermer ve granit i\u00e7in flex derz dolgusudur. Silikon i\u00e7erdi\u011fi i\u00e7in su iticili\u011fi vard\u0131r.<\/span><br style=\"outline: none; color: #000000; font-family: roboto, Verdana; font-size: 14px;\" \/><br style=\"outline: none; color: #000000; font-family: roboto, Verdana; font-size: 14px;\" \/><\/p><div style=\"outline: 0px; margin: 0px; padding: 0px; border: 0px; font-size: 14px; vertical-align: baseline; background: 0px 0px; color: #000000; font-family: roboto, Verdana;\"><strong style=\"outline: 0px; margin: 0px; padding: 0px; border: 0px; vertical-align: baseline; background: 0px 0px;\">Kullan\u0131m Alanlar\u0131<\/strong><br style=\"outline: none;\" \/><span style=\"outline: 0px; margin: 0px; padding: 0px; border: 0px; vertical-align: baseline; background: 0px 0px;\">\u2022\u00a0<\/span>\u0130\u00e7 ve d\u0131\u0219 mek\u00e2nlarda,<br style=\"outline: none;\" \/><span style=\"outline: 0px; margin: 0px; padding: 0px; border: 0px; vertical-align: baseline; background: 0px 0px;\">\u2022\u00a0<\/span>B\u00fcy\u00fck ebatl\u0131 seramik, fayans ve granit seramik derzlerinde,<br style=\"outline: none;\" \/><span style=\"outline: 0px; margin: 0px; padding: 0px; border: 0px; vertical-align: baseline; background: 0px 0px;\">\u2022\u00a0<\/span>Do\u011fal granit, pres tu\u011fla, mermer, cam mozaik ve do\u011fal ta\u0219 bloklar\u0131n derzlerinde,<br style=\"outline: none;\" \/><span style=\"outline: 0px; margin: 0px; padding: 0px; border: 0px; vertical-align: baseline; background: 0px 0px;\">\u2022\u00a0<\/span>Hastaneler, konutlar ve al\u0131\u0219 veri\u0219 merkezleri,<br style=\"outline: none;\" \/><span style=\"outline: 0px; margin: 0px; padding: 0px; border: 0px; vertical-align: baseline; background: 0px 0px;\">\u2022\u00a0<\/span>Yo\u011fun yaya trafi\u011fi ve h\u0131zl\u0131 kullan\u0131ma a\u00e7\u0131lan mek\u00e2nlarda kullan\u0131l\u0131r.<br style=\"outline: none;\" \/><span style=\"outline: 0px; margin: 0px; padding: 0px; border: 0px; vertical-align: baseline; background: 0px 0px;\">\u2022\u00a0<\/span>Havuz, su deposu, sauna, kapl\u0131ca, banyo gibi \u0131slak hacimli mek\u00e2nlarda, d\u0131\u0219 cephe, alttan \u0131s\u0131tmal\u0131 sistem gibi ani \u0131s\u0131 d\u00f6n\u00fc\u0219\u00fcmlerinin oldu\u011fu mek\u00e2nlarda,<br style=\"outline: none;\" \/><span style=\"outline: 0px; margin: 0px; padding: 0px; border: 0px; vertical-align: baseline; background: 0px 0px;\">\u2022\u00a0<\/span>Yatay ve d\u00fc\u0219ey uygulamalarda kullan\u0131l\u0131r.<br style=\"outline: none;\" \/><br style=\"outline: none;\" \/><strong style=\"outline: 0px; margin: 0px; padding: 0px; border: 0px; vertical-align: baseline; background: 0px 0px;\">\u00d6zellikleri ve Avantajlar\u0131<\/strong><br style=\"outline: none;\" \/><span style=\"outline: 0px; margin: 0px; padding: 0px; border: 0px; vertical-align: baseline; background: 0px 0px;\">\u2022\u00a0<\/span>Renk solmas\u0131, tozuma ve \u00e7atlama yapmaz.<br style=\"outline: none;\" \/><span style=\"outline: 0px; margin: 0px; padding: 0px; border: 0px; vertical-align: baseline; background: 0px 0px;\">\u2022\u00a0<\/span>K\u00fcf mantar yosun olu\u0219umunu engelleyen bir yap\u0131ya sahiptir. \u0130\u00e7me suyu depolar\u0131nda kullan\u0131ma uygundur.<br style=\"outline: none;\" \/><span style=\"outline: 0px; margin: 0px; padding: 0px; border: 0px; vertical-align: baseline; background: 0px 0px;\">\u2022\u00a0<\/span>P\u00fcr\u00fczs\u00fcz y\u00fczey sa\u011flar.<br style=\"outline: none;\" \/><span style=\"outline: 0px; margin: 0px; padding: 0px; border: 0px; vertical-align: baseline; background: 0px 0px;\">\u2022\u00a0<\/span>H\u0131zl\u0131 k\u00fcrle\u0219erek mek\u00e2n\u0131n \u00e7abuk kullan\u0131ma a\u00e7\u0131lmas\u0131n\u0131 sa\u011flar, fleks oldu\u011fu i\u00e7in ani \u0131s\u0131 de\u011fi\u0219ikliklerinden etkilenmez, silikonlu oldu\u011fu i\u00e7in suya ve dona kar\u0219\u0131 dayan\u0131kl\u0131d\u0131r.<br style=\"outline: none;\" \/><span style=\"outline: 0px; margin: 0px; padding: 0px; border: 0px; vertical-align: baseline; background: 0px 0px;\">\u2022\u00a0<\/span>Kullan\u0131ma \u00e7abuk a\u00e7\u0131lacak mek\u00e2nlar i\u00e7in idealdir.<br style=\"outline: none;\" \/><span style=\"outline: 0px; margin: 0px; padding: 0px; border: 0px; vertical-align: baseline; background: 0px 0px;\">\u2022\u00a0<\/span>Yerden \u0131s\u0131tmal\u0131 sistemlerde kullan\u0131labilir.<br style=\"outline: none;\" \/><span style=\"outline: 0px; margin: 0px; padding: 0px; border: 0px; vertical-align: baseline; background: 0px 0px;\">\u2022\u00a0<\/span>Su itici ve antibakteriyel \u00f6zelliklerini sa\u011flamaktad\u0131r.<br style=\"outline: none;\" \/><br style=\"outline: none;\" \/><strong style=\"outline: 0px; margin: 0px; padding: 0px; border: 0px; vertical-align: baseline; background: 0px 0px;\">Uygulama Talimatlar\u0131<\/strong><br style=\"outline: none;\" \/>Derz Dolgu uygulamas\u0131 \u00f6ncesinde seramik yap\u0131\u0219t\u0131r\u0131c\u0131s\u0131 k\u00fcrlenmi\u0219 olmal\u0131d\u0131r ve derz aralar\u0131 tutunmay\u0131 \u00f6nleyecek di\u011fer in\u0219aat kal\u0131nt\u0131lardan tamamen ar\u0131nd\u0131r\u0131lmal\u0131d\u0131r. Derz aras\u0131 derinli\u011finin en az seramik kal\u0131nl\u0131\u011f\u0131n\u0131n 2\/3&#8242; \u00fc kadar olmal\u0131d\u0131r. Daha kolay temizlik i\u00e7in kotto, klinker, parlak granit seramik gibi g\u00f6zenekli ve emici kaplama malzemelerinin \u00fcst y\u00fczeyine derz bo\u0219luklar\u0131na bula\u0219mamas\u0131na dikkat ederek, y\u00fczey koruyucu uygulanabilir. Emicili\u011fi y\u00fcksek kaplama malzemeleri kullan\u0131ld\u0131\u011f\u0131nda, s\u0131cak ve r\u00fczg\u00e2rl\u0131 havalarda uygulama yap\u0131l\u0131rken, derz aralar\u0131n\u0131 temiz su ile nemlendirilmelidir.<br style=\"outline: none;\" \/><br style=\"outline: none;\" \/>20 kg TEKNODERZ EX POOL 6,0 lt su \u00fczerine yava\u0219\u00e7a bo\u0219alt\u0131lmal\u0131 ve homojen bir kar\u0131\u0219\u0131m elde edilinceye kadar kar\u0131\u0219t\u0131r\u0131lmal\u0131d\u0131r. Kar\u0131\u0219\u0131m d\u00fc\u0219\u00fck devirli mikser ile yap\u0131lmal\u0131d\u0131r. Uygulama talimat\u0131nda belirtilmeyen herhangi bir katk\u0131 kat\u0131lmamal\u0131d\u0131r. Suyun belirtilenden fazla veya az konulmas\u0131 \u00e7atlamaya, tozumaya ve renk kusurlar\u0131na neden olabilir. Haz\u0131rlanan har\u00e7, olgunla\u0219mas\u0131 i\u00e7in 5 dakika dinlendirilmelidir. Uygulamaya ba\u0219lamadan \u00f6nce 1-2 dakika tekrar kar\u0131\u0219t\u0131r\u0131lmal\u0131d\u0131r. Har\u00e7 y\u00fczeye yay\u0131larak lastik mala ile derz aral\u0131klar\u0131na \u00e7apraz hareketlerle doldurulmal\u0131 ve fazlal\u0131klar s\u0131yr\u0131larak y\u00fczeyden al\u0131nmal\u0131d\u0131r. Derz bo\u0219lu\u011funa doldurulan malzeme suyunu kaybedip matla\u0219t\u0131\u011f\u0131nda, genellikle 10-20 dakika kadar sonra, y\u00fczey nemli bir s\u00fcnger yard\u0131m\u0131 ile dairesel hareketlerle temizlenmelidir. G\u00fcne\u0219te beklemi\u0219 veya emicili\u011fi y\u00fcksek kaplama malzemelerinin aras\u0131nda, direkt g\u00fcne\u0219, r\u00fczg\u00e2r gibi uygun olmayan ortam \u0219artlar\u0131nda yap\u0131lan uygulamalarda bu s\u00fcre k\u0131salabilir. Silme i\u0219lemi zaman\u0131ndan \u00f6nce veya \u00e7ok sulu s\u00fcngerle yap\u0131ld\u0131\u011f\u0131nda renkte dalgalanma problemi ile kar\u0219\u0131la\u0219\u0131labilir. S\u00fcnger s\u0131k aral\u0131klarla temizlenmelidir. TEKNODERZ EX POOL&#8217; un derzden bo\u0219almayacak kadar kurudu\u011fundan emin olduktan sonra, y\u00fczeyde kalan kal\u0131nt\u0131lar kuru bir bez ile temizlenmelidir.<br style=\"outline: none;\" \/><br style=\"outline: none;\" \/>Y\u00fczeyde temizleme i\u0219leminin yanl\u0131\u0219 yap\u0131lmas\u0131ndan kaynaklanan har\u00e7 kal\u0131nt\u0131lar\u0131 bulunmas\u0131 durumunda derz dolgu uygulamas\u0131ndan 10 g\u00fcn sonra uygulama talimat\u0131 takip edilerek \u00e7imento s\u00f6k\u00fcc\u00fc ile temizleme i\u0219lemi yap\u0131labilir.<br style=\"outline: none;\" \/><br style=\"outline: none;\" \/><strong style=\"outline: 0px; margin: 0px; padding: 0px; border: 0px; vertical-align: baseline; background: 0px 0px;\">Uygulama Notlar\u0131 \/ S\u0131n\u0131rlamalar<\/strong><br style=\"outline: none;\" \/><span style=\"outline: 0px; margin: 0px; padding: 0px; border: 0px; vertical-align: baseline; background: 0px 0px;\">\u2022\u00a0<\/span>Kaptaki kullan\u0131m s\u00fcresi ge\u00e7mi\u0219 veya kabukla\u0219m\u0131\u0219 har\u00e7 at\u0131lmal\u0131d\u0131r.<br style=\"outline: none;\" \/><span style=\"outline: 0px; margin: 0px; padding: 0px; border: 0px; vertical-align: baseline; background: 0px 0px;\">\u2022\u00a0<\/span>Uygulamadan sonra eller ve uygulama aletleri bol su ile y\u0131kanmal\u0131d\u0131r.<br style=\"outline: none;\" \/><span style=\"outline: 0px; margin: 0px; padding: 0px; border: 0px; vertical-align: baseline; background: 0px 0px;\">\u2022\u00a0<\/span>TEKNODERZ EX POOL \u00e7ok s\u0131cak, kuru ve r\u00fczg\u00e2rl\u0131 ko\u0219ullarda uyguland\u0131\u011f\u0131nda, final performans\u0131n\u0131 iyile\u0219tirmek i\u00e7in uygulamadan birka\u00e7 saat sonra \u00fczerine su serpilmesi tavsiye edilir.<\/div>\t\t\t\t\t\t\t\t<\/div>\n\t\t\t\t<\/div>\n\t\t\t\t\t<\/div>\n\t\t<\/div>\n\t\t\t\t\t<\/div>\n\t\t<\/section>\n\t\t\t\t<\/div>\n\t\t","protected":false},"excerpt":{"rendered":"<p>Teknoderz Ex Pool Havuzlar i\u00e7in Silikonlu Fleks Derz Dolgu Teknik D\u00f6k\u00fcmanlar: \u00a0 \u00a0 \u00a0TDS Teknik Dok\u00fcman Sayfas\u0131\u00a0\u00a0\u00a0 \u00a0 \u00dcr\u00fcn Tan\u0131m\u0131\u00c7imento esasl\u0131, y\u00fcksek performansl\u0131 havuzlar i\u00e7in \u00f6zel olarak tasarlanm\u0131\u0219, seramik, fayans, mermer ve granit i\u00e7in flex derz dolgusudur. Silikon i\u00e7erdi\u011fi i\u00e7in su iticili\u011fi vard\u0131r. Kullan\u0131m Alanlar\u0131\u2022\u00a0\u0130\u00e7 ve d\u0131\u0219 mek\u00e2nlarda,\u2022\u00a0B\u00fcy\u00fck ebatl\u0131 seramik, fayans ve granit seramik derzlerinde,\u2022\u00a0Do\u011fal granit, pres tu\u011fla, mermer, cam mozaik ve do\u011fal ta\u0219 bloklar\u0131n derzlerinde,\u2022\u00a0Hastaneler, konutlar ve al\u0131\u0219 veri\u0219 merkezleri,\u2022\u00a0Yo\u011fun yaya trafi\u011fi ve h\u0131zl\u0131 kullan\u0131ma a\u00e7\u0131lan mek\u00e2nlarda kullan\u0131l\u0131r.\u2022\u00a0Havuz, su deposu, sauna, kapl\u0131ca, banyo gibi \u0131slak hacimli mek\u00e2nlarda, d\u0131\u0219 cephe, alttan \u0131s\u0131tmal\u0131 sistem gibi ani \u0131s\u0131 d\u00f6n\u00fc\u0219\u00fcmlerinin oldu\u011fu mek\u00e2nlarda,\u2022\u00a0Yatay ve d\u00fc\u0219ey uygulamalarda kullan\u0131l\u0131r.\u00d6zellikleri ve Avantajlar\u0131\u2022\u00a0Renk solmas\u0131, tozuma ve \u00e7atlama yapmaz.\u2022\u00a0K\u00fcf mantar yosun olu\u0219umunu engelleyen bir yap\u0131ya sahiptir. \u0130\u00e7me suyu depolar\u0131nda kullan\u0131ma uygundur.\u2022\u00a0P\u00fcr\u00fczs\u00fcz y\u00fczey sa\u011flar.\u2022\u00a0H\u0131zl\u0131 k\u00fcrle\u0219erek mek\u00e2n\u0131n \u00e7abuk kullan\u0131ma a\u00e7\u0131lmas\u0131n\u0131 sa\u011flar, fleks oldu\u011fu i\u00e7in ani \u0131s\u0131 de\u011fi\u0219ikliklerinden etkilenmez, silikonlu oldu\u011fu i\u00e7in suya ve dona kar\u0219\u0131 dayan\u0131kl\u0131d\u0131r.\u2022\u00a0Kullan\u0131ma \u00e7abuk a\u00e7\u0131lacak mek\u00e2nlar i\u00e7in idealdir.\u2022\u00a0Yerden [&hellip;]<\/p>\n","protected":false},"author":3,"featured_media":0,"parent":0,"menu_order":0,"comment_status":"closed","ping_status":"closed","template":"page-full.php","meta":{"_joinchat":[],"footnotes":""},"class_list":["post-14366","page","type-page","status-publish","hentry"],"_links":{"self":[{"href":"https:\/\/etkiinsaat.com.tr\/index.php?rest_route=\/wp\/v2\/pages\/14366","targetHints":{"allow":["GET"]}}],"collection":[{"href":"https:\/\/etkiinsaat.com.tr\/index.php?rest_route=\/wp\/v2\/pages"}],"about":[{"href":"https:\/\/etkiinsaat.com.tr\/index.php?rest_route=\/wp\/v2\/types\/page"}],"author":[{"embeddable":true,"href":"https:\/\/etkiinsaat.com.tr\/index.php?rest_route=\/wp\/v2\/users\/3"}],"replies":[{"embeddable":true,"href":"https:\/\/etkiinsaat.com.tr\/index.php?rest_route=%2Fwp%2Fv2%2Fcomments&post=14366"}],"version-history":[{"count":4,"href":"https:\/\/etkiinsaat.com.tr\/index.php?rest_route=\/wp\/v2\/pages\/14366\/revisions"}],"predecessor-version":[{"id":14371,"href":"https:\/\/etkiinsaat.com.tr\/index.php?rest_route=\/wp\/v2\/pages\/14366\/revisions\/14371"}],"wp:attachment":[{"href":"https:\/\/etkiinsaat.com.tr\/index.php?rest_route=%2Fwp%2Fv2%2Fmedia&parent=14366"}],"curies":[{"name":"wp","href":"https:\/\/api.w.org\/{rel}","templated":true}]}}