{"id":14526,"date":"2023-09-30T14:13:27","date_gmt":"2023-09-30T11:13:27","guid":{"rendered":"https:\/\/etkiinsaat.com.tr\/?page_id=14526"},"modified":"2023-09-30T14:19:48","modified_gmt":"2023-09-30T11:19:48","slug":"teknorep-110-akrilik-esasli-organik-duzeltme-macunu","status":"publish","type":"page","link":"https:\/\/etkiinsaat.com.tr\/?page_id=14526","title":{"rendered":"Teknorep 110 Akrilik Esasl\u0131 (Organik) D\u00fczeltme Macunu"},"content":{"rendered":"\t\t<div data-elementor-type=\"wp-page\" data-elementor-id=\"14526\" class=\"elementor elementor-14526\">\n\t\t\t\t\t\t<section class=\"elementor-section elementor-top-section elementor-element elementor-element-4dd513b elementor-section-boxed elementor-section-height-default elementor-section-height-default\" data-id=\"4dd513b\" data-element_type=\"section\" data-e-type=\"section\">\n\t\t\t\t\t\t<div class=\"elementor-container elementor-column-gap-default\">\n\t\t\t\t\t<div class=\"elementor-column elementor-col-33 elementor-top-column elementor-element elementor-element-988301d\" data-id=\"988301d\" data-element_type=\"column\" data-e-type=\"column\">\n\t\t\t<div class=\"elementor-widget-wrap elementor-element-populated\">\n\t\t\t\t\t\t<div class=\"elementor-element elementor-element-cc86bc3 elementor-widget elementor-widget-heading\" data-id=\"cc86bc3\" data-element_type=\"widget\" data-e-type=\"widget\" data-widget_type=\"heading.default\">\n\t\t\t\t<div class=\"elementor-widget-container\">\n\t\t\t\t\t<h2 class=\"elementor-heading-title elementor-size-default\">Teknorep 110 Akrilik Esasl\u0131 (Organik) D\u00fczeltme Macunu<\/h2>\t\t\t\t<\/div>\n\t\t\t\t<\/div>\n\t\t\t\t<div class=\"elementor-element elementor-element-891ca7b elementor-widget elementor-widget-image\" data-id=\"891ca7b\" data-element_type=\"widget\" data-e-type=\"widget\" data-widget_type=\"image.default\">\n\t\t\t\t<div class=\"elementor-widget-container\">\n\t\t\t\t\t\t\t\t\t\t\t\t\t\t\t<img fetchpriority=\"high\" decoding=\"async\" width=\"250\" height=\"250\" src=\"https:\/\/etkiinsaat.com.tr\/wp-content\/uploads\/2023\/09\/thumb_teknorep_110jpg20210317052233.jpg\" class=\"attachment-full size-full wp-image-14530\" alt=\"\" srcset=\"https:\/\/etkiinsaat.com.tr\/wp-content\/uploads\/2023\/09\/thumb_teknorep_110jpg20210317052233.jpg 250w, https:\/\/etkiinsaat.com.tr\/wp-content\/uploads\/2023\/09\/thumb_teknorep_110jpg20210317052233-150x150.jpg 150w, https:\/\/etkiinsaat.com.tr\/wp-content\/uploads\/2023\/09\/thumb_teknorep_110jpg20210317052233-201x201.jpg 201w, https:\/\/etkiinsaat.com.tr\/wp-content\/uploads\/2023\/09\/thumb_teknorep_110jpg20210317052233-100x100.jpg 100w\" sizes=\"(max-width: 250px) 100vw, 250px\" \/>\t\t\t\t\t\t\t\t\t\t\t\t\t\t\t<\/div>\n\t\t\t\t<\/div>\n\t\t\t\t\t<\/div>\n\t\t<\/div>\n\t\t\t\t<div class=\"elementor-column elementor-col-66 elementor-top-column elementor-element elementor-element-a80dba5\" data-id=\"a80dba5\" data-element_type=\"column\" data-e-type=\"column\">\n\t\t\t<div class=\"elementor-widget-wrap elementor-element-populated\">\n\t\t\t\t\t\t<div class=\"elementor-element elementor-element-5a975ff elementor-widget elementor-widget-image\" data-id=\"5a975ff\" data-element_type=\"widget\" data-e-type=\"widget\" data-widget_type=\"image.default\">\n\t\t\t\t<div class=\"elementor-widget-container\">\n\t\t\t\t\t\t\t\t\t\t\t\t\t\t\t<img decoding=\"async\" width=\"641\" height=\"251\" src=\"https:\/\/etkiinsaat.com.tr\/wp-content\/uploads\/2023\/09\/grout_ve_tamir.jpg\" class=\"attachment-full size-full wp-image-14447\" alt=\"\" srcset=\"https:\/\/etkiinsaat.com.tr\/wp-content\/uploads\/2023\/09\/grout_ve_tamir.jpg 641w, https:\/\/etkiinsaat.com.tr\/wp-content\/uploads\/2023\/09\/grout_ve_tamir-300x117.jpg 300w, https:\/\/etkiinsaat.com.tr\/wp-content\/uploads\/2023\/09\/grout_ve_tamir-303x119.jpg 303w, https:\/\/etkiinsaat.com.tr\/wp-content\/uploads\/2023\/09\/grout_ve_tamir-606x237.jpg 606w, https:\/\/etkiinsaat.com.tr\/wp-content\/uploads\/2023\/09\/grout_ve_tamir-530x208.jpg 530w, https:\/\/etkiinsaat.com.tr\/wp-content\/uploads\/2023\/09\/grout_ve_tamir-450x176.jpg 450w, https:\/\/etkiinsaat.com.tr\/wp-content\/uploads\/2023\/09\/grout_ve_tamir-500x196.jpg 500w, https:\/\/etkiinsaat.com.tr\/wp-content\/uploads\/2023\/09\/grout_ve_tamir-150x59.jpg 150w\" sizes=\"(max-width: 641px) 100vw, 641px\" \/>\t\t\t\t\t\t\t\t\t\t\t\t\t\t\t<\/div>\n\t\t\t\t<\/div>\n\t\t\t\t<div class=\"elementor-element elementor-element-9b00a0d elementor-widget elementor-widget-text-editor\" data-id=\"9b00a0d\" data-element_type=\"widget\" data-e-type=\"widget\" data-widget_type=\"text-editor.default\">\n\t\t\t\t<div class=\"elementor-widget-container\">\n\t\t\t\t\t\t\t\t\t<p style=\"margin-right: 0px; margin-bottom: 10px; margin-left: 0px; line-height: 24px; color: #444444; font-family: 'Open Sans', sans-serif; font-size: 14px;\"><span style=\"font-weight: 600;\">Tan\u0131m\u0131:<\/span><\/p><p style=\"margin-right: 0px; margin-bottom: 10px; margin-left: 0px; line-height: 24px; color: #444444; font-family: 'Open Sans', sans-serif; font-size: 14px;\"><span style=\"font-weight: 600;\">\u00a0<\/span><span style=\"color: #000000; font-family: roboto, Verdana; font-weight: var( --e-global-typography-text-font-weight ); text-align: var(--bs-body-text-align);\">Akrilik esasl\u0131, esnek yap\u0131da, d\u0131\u015f cephe y\u00fczey d\u00fczeltme macunudur.<\/span><span style=\"font-weight: var( --e-global-typography-text-font-weight ); text-align: var(--bs-body-text-align); color: #000000; text-indent: -32px; font-family: roboto, Verdana;\">\u00a0<\/span><span style=\"font-weight: var( --e-global-typography-text-font-weight ); text-align: var(--bs-body-text-align); color: #000000; text-indent: -32px; font-size: 1.13125rem; font-family: 'Klavika Light';\">\u00a0\u00a0<\/span><\/p><div style=\"text-indent: -32px;\"><span style=\"color: #000000; font-family: Klavika Light;\"><span style=\"font-size: 18.1px;\">\u00a0 \u00a0 \u00a0 \u00a0 \u00a0 \u00a0 <strong>Kullan\u0131m<\/strong><\/span><\/span><\/div><div><span style=\"color: #000000; font-family: roboto, Verdana; font-size: 14px;\">\u2022\u00a0<\/span><span style=\"color: #000000; font-family: roboto, Verdana; font-size: 14px; font-weight: var( --e-global-typography-text-font-weight ); text-align: var(--bs-body-text-align);\">Her t\u00fcrl\u00fc y\u00fczey bozuklu\u011fu olan br\u00fct beton elemanlar\u0131n tesviyesinde kullan\u0131l\u0131r.<\/span><\/div><p><span style=\"color: #000000; font-family: roboto, Verdana; font-size: 14px;\">\u2022 Her t\u00fcrl\u00fc end\u00fcstriyel betonarme yap\u0131da,<\/span><br style=\"outline: none; color: #000000; font-family: roboto, Verdana; font-size: 14px;\" \/><span style=\"color: #000000; font-family: roboto, Verdana; font-size: 14px;\">\u2022 Metro, otoyol, baraj gibi m\u00fchendislik yap\u0131lar\u0131nda,<\/span><br style=\"outline: none; color: #000000; font-family: roboto, Verdana; font-size: 14px;\" \/><span style=\"color: #000000; font-family: roboto, Verdana; font-size: 14px;\">\u2022 Onar\u0131m, tamir ve betonarme g\u00fc\u00e7lendirme projelerinde,<\/span><br style=\"outline: none; color: #000000; font-family: roboto, Verdana; font-size: 14px;\" \/><span style=\"color: #000000; font-family: roboto, Verdana; font-size: 14px;\">\u2022 Prefabrike elemanlar\u0131n tamirinde kullan\u0131l\u0131r.<\/span><\/p><div>\u00a0<\/div><div style=\"color: #444444; font-family: 'Open Sans', sans-serif; font-size: 14px;\"><div>\u00a0<\/div><\/div><div><div><span style=\"color: #444444; font-family: 'Open Sans', sans-serif;\"><span style=\"font-size: 14px;\"><span style=\"font-weight: bold;\">Teknik D\u00f6k\u00fcmanlar:<\/span><\/span><\/span><\/div><p><a href=\"https:\/\/tur.sika.com\/content\/dam\/dms\/tr01\/g\/sikaseal_crystalsg.pdf\"><span style=\"font-weight: bolder;\">\u00a0 \u00a0 \u00a0<img decoding=\"async\" src=\"http:\/\/etkiinsaat.com.tr\/wp-content\/uploads\/2023\/09\/pdf-300x300.png\" alt=\"\" width=\"31\" height=\"31\" \/><\/span><\/a><a title=\"TDS Teknik Dok\u00fcman Sayfas\u0131\" href=\"https:\/\/teknoyapi.com.tr\/documents\/TDS-teknorep-110.pdf\" target=\"_blank\" rel=\"noopener\"><span style=\"color: red; font-size: small;\"><b>TDS Teknik Dok\u00fcman Sayfas\u0131<\/b><\/span>\u00a0<\/a>\u00a0\u00a0<\/p><p><a href=\"https:\/\/tur.sika.com\/content\/dam\/dms\/tr01\/d\/sikalastic_-1k_tr.pdf\"><span style=\"font-weight: bolder;\">\u00a0 \u00a0 \u00a0<img decoding=\"async\" src=\"http:\/\/etkiinsaat.com.tr\/wp-content\/uploads\/2023\/09\/pdf-300x300.png\" alt=\"\" width=\"31\" height=\"31\" \/><a title=\"CE Belgesi\" href=\"https:\/\/teknoyapi.com.tr\/documents\/CE-1504-3.pdf\" target=\"_blank\" rel=\"noopener\"><span style=\"color: red; font-size: small;\"><b>CE Belgesi<\/b><\/span>\u00a0<\/a>\u00a0\u00a0<\/span><\/a><\/p><\/div>\t\t\t\t\t\t\t\t<\/div>\n\t\t\t\t<\/div>\n\t\t\t\t\t<\/div>\n\t\t<\/div>\n\t\t\t\t\t<\/div>\n\t\t<\/section>\n\t\t\t\t<\/div>\n\t\t","protected":false},"excerpt":{"rendered":"<p>Teknorep 110 Akrilik Esasl\u0131 (Organik) D\u00fczeltme Macunu Tan\u0131m\u0131: \u00a0Akrilik esasl\u0131, esnek yap\u0131da, d\u0131\u015f cephe y\u00fczey d\u00fczeltme macunudur.\u00a0\u00a0\u00a0 \u00a0 \u00a0 \u00a0 \u00a0 \u00a0 \u00a0 Kullan\u0131m\u2022\u00a0Her t\u00fcrl\u00fc y\u00fczey bozuklu\u011fu olan br\u00fct beton elemanlar\u0131n tesviyesinde kullan\u0131l\u0131r. \u2022 Her t\u00fcrl\u00fc end\u00fcstriyel betonarme yap\u0131da,\u2022 Metro, otoyol, baraj gibi m\u00fchendislik yap\u0131lar\u0131nda,\u2022 Onar\u0131m, tamir ve betonarme g\u00fc\u00e7lendirme projelerinde,\u2022 Prefabrike elemanlar\u0131n tamirinde kullan\u0131l\u0131r. \u00a0\u00a0Teknik D\u00f6k\u00fcmanlar: \u00a0 \u00a0 \u00a0TDS Teknik Dok\u00fcman Sayfas\u0131\u00a0\u00a0\u00a0 \u00a0 \u00a0 \u00a0CE Belgesi\u00a0\u00a0\u00a0<\/p>\n","protected":false},"author":3,"featured_media":0,"parent":0,"menu_order":0,"comment_status":"closed","ping_status":"closed","template":"page-full.php","meta":{"_joinchat":[],"footnotes":""},"class_list":["post-14526","page","type-page","status-publish","hentry"],"_links":{"self":[{"href":"https:\/\/etkiinsaat.com.tr\/index.php?rest_route=\/wp\/v2\/pages\/14526","targetHints":{"allow":["GET"]}}],"collection":[{"href":"https:\/\/etkiinsaat.com.tr\/index.php?rest_route=\/wp\/v2\/pages"}],"about":[{"href":"https:\/\/etkiinsaat.com.tr\/index.php?rest_route=\/wp\/v2\/types\/page"}],"author":[{"embeddable":true,"href":"https:\/\/etkiinsaat.com.tr\/index.php?rest_route=\/wp\/v2\/users\/3"}],"replies":[{"embeddable":true,"href":"https:\/\/etkiinsaat.com.tr\/index.php?rest_route=%2Fwp%2Fv2%2Fcomments&post=14526"}],"version-history":[{"count":4,"href":"https:\/\/etkiinsaat.com.tr\/index.php?rest_route=\/wp\/v2\/pages\/14526\/revisions"}],"predecessor-version":[{"id":14535,"href":"https:\/\/etkiinsaat.com.tr\/index.php?rest_route=\/wp\/v2\/pages\/14526\/revisions\/14535"}],"wp:attachment":[{"href":"https:\/\/etkiinsaat.com.tr\/index.php?rest_route=%2Fwp%2Fv2%2Fmedia&parent=14526"}],"curies":[{"name":"wp","href":"https:\/\/api.w.org\/{rel}","templated":true}]}}