{"id":14541,"date":"2023-09-30T14:20:10","date_gmt":"2023-09-30T11:20:10","guid":{"rendered":"https:\/\/etkiinsaat.com.tr\/?page_id=14541"},"modified":"2023-09-30T14:22:06","modified_gmt":"2023-09-30T11:22:06","slug":"teknobond-450-epoksi-tamir-harci","status":"publish","type":"page","link":"https:\/\/etkiinsaat.com.tr\/?page_id=14541","title":{"rendered":"Teknobond 450 Epoksi Tamir Harc\u0131"},"content":{"rendered":"\t\t<div data-elementor-type=\"wp-page\" data-elementor-id=\"14541\" class=\"elementor elementor-14541\">\n\t\t\t\t\t\t<section class=\"elementor-section elementor-top-section elementor-element elementor-element-39a45b6 elementor-section-boxed elementor-section-height-default elementor-section-height-default\" data-id=\"39a45b6\" data-element_type=\"section\" data-e-type=\"section\">\n\t\t\t\t\t\t<div class=\"elementor-container elementor-column-gap-default\">\n\t\t\t\t\t<div class=\"elementor-column elementor-col-33 elementor-top-column elementor-element elementor-element-f31c015\" data-id=\"f31c015\" data-element_type=\"column\" data-e-type=\"column\">\n\t\t\t<div class=\"elementor-widget-wrap elementor-element-populated\">\n\t\t\t\t\t\t<div class=\"elementor-element elementor-element-ee68a84 elementor-widget elementor-widget-heading\" data-id=\"ee68a84\" data-element_type=\"widget\" data-e-type=\"widget\" data-widget_type=\"heading.default\">\n\t\t\t\t<div class=\"elementor-widget-container\">\n\t\t\t\t\t<h2 class=\"elementor-heading-title elementor-size-default\">Teknobond 450 Epoksi Tamir Harc\u0131<\/h2>\t\t\t\t<\/div>\n\t\t\t\t<\/div>\n\t\t\t\t<div class=\"elementor-element elementor-element-f474dfd elementor-widget elementor-widget-image\" data-id=\"f474dfd\" data-element_type=\"widget\" data-e-type=\"widget\" data-widget_type=\"image.default\">\n\t\t\t\t<div class=\"elementor-widget-container\">\n\t\t\t\t\t\t\t\t\t\t\t\t\t\t\t<img fetchpriority=\"high\" decoding=\"async\" width=\"250\" height=\"250\" src=\"https:\/\/etkiinsaat.com.tr\/wp-content\/uploads\/2023\/09\/thumb_teknobond_450_epoksi_tamir_harcijpg20190802111549.jpg\" class=\"attachment-full size-full wp-image-14555\" alt=\"\" srcset=\"https:\/\/etkiinsaat.com.tr\/wp-content\/uploads\/2023\/09\/thumb_teknobond_450_epoksi_tamir_harcijpg20190802111549.jpg 250w, https:\/\/etkiinsaat.com.tr\/wp-content\/uploads\/2023\/09\/thumb_teknobond_450_epoksi_tamir_harcijpg20190802111549-150x150.jpg 150w, https:\/\/etkiinsaat.com.tr\/wp-content\/uploads\/2023\/09\/thumb_teknobond_450_epoksi_tamir_harcijpg20190802111549-201x201.jpg 201w, https:\/\/etkiinsaat.com.tr\/wp-content\/uploads\/2023\/09\/thumb_teknobond_450_epoksi_tamir_harcijpg20190802111549-100x100.jpg 100w\" sizes=\"(max-width: 250px) 100vw, 250px\" \/>\t\t\t\t\t\t\t\t\t\t\t\t\t\t\t<\/div>\n\t\t\t\t<\/div>\n\t\t\t\t\t<\/div>\n\t\t<\/div>\n\t\t\t\t<div class=\"elementor-column elementor-col-66 elementor-top-column elementor-element elementor-element-9ad336c\" data-id=\"9ad336c\" data-element_type=\"column\" data-e-type=\"column\">\n\t\t\t<div class=\"elementor-widget-wrap elementor-element-populated\">\n\t\t\t\t\t\t<div class=\"elementor-element elementor-element-630413e elementor-widget elementor-widget-image\" data-id=\"630413e\" data-element_type=\"widget\" data-e-type=\"widget\" data-widget_type=\"image.default\">\n\t\t\t\t<div class=\"elementor-widget-container\">\n\t\t\t\t\t\t\t\t\t\t\t\t\t\t\t<img decoding=\"async\" width=\"641\" height=\"251\" src=\"https:\/\/etkiinsaat.com.tr\/wp-content\/uploads\/2023\/09\/grout_ve_tamir.jpg\" class=\"attachment-full size-full wp-image-14447\" alt=\"\" srcset=\"https:\/\/etkiinsaat.com.tr\/wp-content\/uploads\/2023\/09\/grout_ve_tamir.jpg 641w, https:\/\/etkiinsaat.com.tr\/wp-content\/uploads\/2023\/09\/grout_ve_tamir-300x117.jpg 300w, https:\/\/etkiinsaat.com.tr\/wp-content\/uploads\/2023\/09\/grout_ve_tamir-303x119.jpg 303w, https:\/\/etkiinsaat.com.tr\/wp-content\/uploads\/2023\/09\/grout_ve_tamir-606x237.jpg 606w, https:\/\/etkiinsaat.com.tr\/wp-content\/uploads\/2023\/09\/grout_ve_tamir-530x208.jpg 530w, https:\/\/etkiinsaat.com.tr\/wp-content\/uploads\/2023\/09\/grout_ve_tamir-450x176.jpg 450w, https:\/\/etkiinsaat.com.tr\/wp-content\/uploads\/2023\/09\/grout_ve_tamir-500x196.jpg 500w, https:\/\/etkiinsaat.com.tr\/wp-content\/uploads\/2023\/09\/grout_ve_tamir-150x59.jpg 150w\" sizes=\"(max-width: 641px) 100vw, 641px\" \/>\t\t\t\t\t\t\t\t\t\t\t\t\t\t\t<\/div>\n\t\t\t\t<\/div>\n\t\t\t\t<div class=\"elementor-element elementor-element-3e86978 elementor-widget elementor-widget-text-editor\" data-id=\"3e86978\" data-element_type=\"widget\" data-e-type=\"widget\" data-widget_type=\"text-editor.default\">\n\t\t\t\t<div class=\"elementor-widget-container\">\n\t\t\t\t\t\t\t\t\t<p style=\"margin-right: 0px; margin-bottom: 10px; margin-left: 0px; line-height: 24px; color: #444444; font-family: 'Open Sans', sans-serif; font-size: 14px;\"><span style=\"font-weight: 600;\">Tan\u0131m\u0131:\u00a0<\/span><\/p><ul style=\"box-sizing: inherit; margin-right: 0px; margin-bottom: 0px; margin-left: 1.25rem; padding: 0px; list-style-position: outside; line-height: 1.45; list-style-type: square; color: #000000; font-family: 'Klavika Light';\"><li style=\"box-sizing: inherit; margin: 0px; padding: 0px;\"><div style=\"font-size: 1.3125rem; box-sizing: inherit; margin: 0px 0px 30px; padding: 0px;\"><div style=\"box-sizing: inherit; margin: 0px; padding: 0px;\"><p style=\"box-sizing: inherit; margin-right: 0px; margin-bottom: 1rem; margin-left: 0px; padding: 0px; font-size: 1.13125rem; line-height: 1.45; text-rendering: optimizelegibility; display: -webkit-box; -webkit-box-orient: vertical; overflow: hidden;\" data-lines=\"3\" data-read-more=\"Daha fazla oku\" data-read-less=\"Daha az oku\"><span style=\"text-indent: -32px; color: #000000; font-weight: var( --e-global-typography-text-font-weight ); text-align: var(--bs-body-text-align);\"><span style=\"font-family: roboto, Verdana; font-size: 14px; font-weight: var( --e-global-typography-text-font-weight ); text-align: var(--bs-body-text-align);\">Epoksi re\u00e7ine, sertle\u015ftirici ve \u00f6zel dolgulardan olu\u015fan 3 bile\u015fenli ba\u015f \u00fcst\u00fc ve yatay uygulamalara uygun tiksotropik tamir harc\u0131d\u0131r.<\/span>\u00a0\u00a0<\/span><\/p><\/div><\/div><\/li><\/ul><div style=\"text-indent: -32px;\"><span style=\"color: #000000; font-family: Klavika Light;\"><span style=\"font-size: 18.1px;\">\u00a0 \u00a0 \u00a0 \u00a0 \u00a0 \u00a0 <strong>Kullan\u0131m<\/strong><\/span><\/span><\/div><div><span style=\"outline: 0px; margin: 0px; padding: 0px; border: 0px; font-size: 14px; vertical-align: baseline; background: 0px 0px; color: #000000; font-family: roboto, Verdana;\">\u2022\u00a0<\/span><span style=\"color: #000000; font-family: roboto, Verdana; font-size: 14px;\">Korozyondan veya ba\u015fka sebepten hasara u\u011fram\u0131\u015f kolon ve kiri\u015f tamirlerinde,<\/span><br style=\"outline: none; color: #000000; font-family: roboto, Verdana; font-size: 14px;\" \/><span style=\"outline: 0px; margin: 0px; padding: 0px; border: 0px; font-size: 14px; vertical-align: baseline; background: 0px 0px; color: #000000; font-family: roboto, Verdana;\">\u2022\u00a0<\/span><span style=\"color: #000000; font-family: roboto, Verdana; font-size: 14px;\">A\u015f\u0131nmadan dolay\u0131 olu\u015fan \u00e7ukurlar\u0131n doldurulmas\u0131nda,<\/span><br style=\"outline: none; color: #000000; font-family: roboto, Verdana; font-size: 14px;\" \/><span style=\"outline: 0px; margin: 0px; padding: 0px; border: 0px; font-size: 14px; vertical-align: baseline; background: 0px 0px; color: #000000; font-family: roboto, Verdana;\">\u2022\u00a0<\/span><span style=\"color: #000000; font-family: roboto, Verdana; font-size: 14px;\">Her t\u00fcrl\u00fc ta\u015f ve beton tamirinde kullan\u0131l\u0131r.<\/span><\/div><div>\u00a0<\/div><div style=\"color: #444444; font-family: 'Open Sans', sans-serif; font-size: 14px;\"><div>\u00a0<\/div><\/div><div><div><span style=\"color: #444444; font-family: 'Open Sans', sans-serif;\"><span style=\"font-size: 14px;\"><span style=\"font-weight: bold;\">Teknik D\u00f6k\u00fcmanlar:<\/span><\/span><\/span><\/div><p><a href=\"https:\/\/tur.sika.com\/content\/dam\/dms\/tr01\/g\/sikaseal_crystalsg.pdf\"><span style=\"font-weight: bolder;\">\u00a0 \u00a0 \u00a0<img decoding=\"async\" src=\"http:\/\/etkiinsaat.com.tr\/wp-content\/uploads\/2023\/09\/pdf-300x300.png\" alt=\"\" width=\"31\" height=\"31\" \/><\/span><\/a><a title=\"TDS Teknik Dok\u00fcman Sayfas\u0131\" href=\"https:\/\/teknoyapi.com.tr\/documents\/TDS-teknobond-450.pdf\" target=\"_blank\" rel=\"noopener\"><span style=\"color: red; font-size: small;\"><b>TDS Teknik Dok\u00fcman Sayfas\u0131<\/b><\/span>\u00a0<\/a>\u00a0\u00a0<\/p><p><a href=\"https:\/\/tur.sika.com\/content\/dam\/dms\/tr01\/d\/sikalastic_-1k_tr.pdf\"><span style=\"font-weight: bolder;\">\u00a0 \u00a0 \u00a0<img decoding=\"async\" src=\"http:\/\/etkiinsaat.com.tr\/wp-content\/uploads\/2023\/09\/pdf-300x300.png\" alt=\"\" width=\"31\" height=\"31\" \/><a title=\"CE Belgesi\" href=\"https:\/\/teknoyapi.com.tr\/documents\/CE-1504-3.pdf\" target=\"_blank\" rel=\"noopener\"><span style=\"color: red; font-size: small;\"><b>CE Belgesi<\/b><\/span>\u00a0<\/a>\u00a0\u00a0<\/span><\/a><\/p><\/div>\t\t\t\t\t\t\t\t<\/div>\n\t\t\t\t<\/div>\n\t\t\t\t\t<\/div>\n\t\t<\/div>\n\t\t\t\t\t<\/div>\n\t\t<\/section>\n\t\t\t\t<\/div>\n\t\t","protected":false},"excerpt":{"rendered":"<p>Teknobond 450 Epoksi Tamir Harc\u0131 Tan\u0131m\u0131:\u00a0 Epoksi re\u00e7ine, sertle\u015ftirici ve \u00f6zel dolgulardan olu\u015fan 3 bile\u015fenli ba\u015f \u00fcst\u00fc ve yatay uygulamalara uygun tiksotropik tamir harc\u0131d\u0131r.\u00a0\u00a0 \u00a0 \u00a0 \u00a0 \u00a0 \u00a0 \u00a0 Kullan\u0131m\u2022\u00a0Korozyondan veya ba\u015fka sebepten hasara u\u011fram\u0131\u015f kolon ve kiri\u015f tamirlerinde,\u2022\u00a0A\u015f\u0131nmadan dolay\u0131 olu\u015fan \u00e7ukurlar\u0131n doldurulmas\u0131nda,\u2022\u00a0Her t\u00fcrl\u00fc ta\u015f ve beton tamirinde kullan\u0131l\u0131r.\u00a0\u00a0Teknik D\u00f6k\u00fcmanlar: \u00a0 \u00a0 \u00a0TDS Teknik Dok\u00fcman Sayfas\u0131\u00a0\u00a0\u00a0 \u00a0 \u00a0 \u00a0CE Belgesi\u00a0\u00a0\u00a0<\/p>\n","protected":false},"author":3,"featured_media":0,"parent":0,"menu_order":0,"comment_status":"closed","ping_status":"closed","template":"page-full.php","meta":{"_joinchat":[],"footnotes":""},"class_list":["post-14541","page","type-page","status-publish","hentry"],"_links":{"self":[{"href":"https:\/\/etkiinsaat.com.tr\/index.php?rest_route=\/wp\/v2\/pages\/14541","targetHints":{"allow":["GET"]}}],"collection":[{"href":"https:\/\/etkiinsaat.com.tr\/index.php?rest_route=\/wp\/v2\/pages"}],"about":[{"href":"https:\/\/etkiinsaat.com.tr\/index.php?rest_route=\/wp\/v2\/types\/page"}],"author":[{"embeddable":true,"href":"https:\/\/etkiinsaat.com.tr\/index.php?rest_route=\/wp\/v2\/users\/3"}],"replies":[{"embeddable":true,"href":"https:\/\/etkiinsaat.com.tr\/index.php?rest_route=%2Fwp%2Fv2%2Fcomments&post=14541"}],"version-history":[{"count":4,"href":"https:\/\/etkiinsaat.com.tr\/index.php?rest_route=\/wp\/v2\/pages\/14541\/revisions"}],"predecessor-version":[{"id":14567,"href":"https:\/\/etkiinsaat.com.tr\/index.php?rest_route=\/wp\/v2\/pages\/14541\/revisions\/14567"}],"wp:attachment":[{"href":"https:\/\/etkiinsaat.com.tr\/index.php?rest_route=%2Fwp%2Fv2%2Fmedia&parent=14541"}],"curies":[{"name":"wp","href":"https:\/\/api.w.org\/{rel}","templated":true}]}}