{"id":14615,"date":"2023-09-30T14:33:07","date_gmt":"2023-09-30T11:33:07","guid":{"rendered":"https:\/\/etkiinsaat.com.tr\/?page_id=14615"},"modified":"2023-09-30T14:39:33","modified_gmt":"2023-09-30T11:39:33","slug":"teknobond-860-epoksi-tamir-harci","status":"publish","type":"page","link":"https:\/\/etkiinsaat.com.tr\/?page_id=14615","title":{"rendered":"Teknobond 910 MMA Esasl\u0131 Astar ve Y\u00fczey Koruyucu"},"content":{"rendered":"\t\t<div data-elementor-type=\"wp-page\" data-elementor-id=\"14615\" class=\"elementor elementor-14615\">\n\t\t\t\t\t\t<section class=\"elementor-section elementor-top-section elementor-element elementor-element-d7318c8 elementor-section-boxed elementor-section-height-default elementor-section-height-default\" data-id=\"d7318c8\" data-element_type=\"section\" data-e-type=\"section\">\n\t\t\t\t\t\t<div class=\"elementor-container elementor-column-gap-default\">\n\t\t\t\t\t<div class=\"elementor-column elementor-col-33 elementor-top-column elementor-element elementor-element-5a1882d\" data-id=\"5a1882d\" data-element_type=\"column\" data-e-type=\"column\">\n\t\t\t<div class=\"elementor-widget-wrap elementor-element-populated\">\n\t\t\t\t\t\t<div class=\"elementor-element elementor-element-05f85f1 elementor-widget elementor-widget-heading\" data-id=\"05f85f1\" data-element_type=\"widget\" data-e-type=\"widget\" data-widget_type=\"heading.default\">\n\t\t\t\t<div class=\"elementor-widget-container\">\n\t\t\t\t\t<h2 class=\"elementor-heading-title elementor-size-default\">Teknobond 910 MMA Esasl\u0131 Astar ve Y\u00fczey Koruyucu<\/h2>\t\t\t\t<\/div>\n\t\t\t\t<\/div>\n\t\t\t\t<div class=\"elementor-element elementor-element-f15ff15 elementor-widget elementor-widget-image\" data-id=\"f15ff15\" data-element_type=\"widget\" data-e-type=\"widget\" data-widget_type=\"image.default\">\n\t\t\t\t<div class=\"elementor-widget-container\">\n\t\t\t\t\t\t\t\t\t\t\t\t\t\t\t<img fetchpriority=\"high\" decoding=\"async\" width=\"250\" height=\"250\" src=\"https:\/\/etkiinsaat.com.tr\/wp-content\/uploads\/2023\/09\/thumb_teknobond_910png20190611040224.jpg\" class=\"attachment-full size-full wp-image-14644\" alt=\"\" srcset=\"https:\/\/etkiinsaat.com.tr\/wp-content\/uploads\/2023\/09\/thumb_teknobond_910png20190611040224.jpg 250w, https:\/\/etkiinsaat.com.tr\/wp-content\/uploads\/2023\/09\/thumb_teknobond_910png20190611040224-150x150.jpg 150w, https:\/\/etkiinsaat.com.tr\/wp-content\/uploads\/2023\/09\/thumb_teknobond_910png20190611040224-201x201.jpg 201w, https:\/\/etkiinsaat.com.tr\/wp-content\/uploads\/2023\/09\/thumb_teknobond_910png20190611040224-100x100.jpg 100w\" sizes=\"(max-width: 250px) 100vw, 250px\" \/>\t\t\t\t\t\t\t\t\t\t\t\t\t\t\t<\/div>\n\t\t\t\t<\/div>\n\t\t\t\t\t<\/div>\n\t\t<\/div>\n\t\t\t\t<div class=\"elementor-column elementor-col-66 elementor-top-column elementor-element elementor-element-cd45f67\" data-id=\"cd45f67\" data-element_type=\"column\" data-e-type=\"column\">\n\t\t\t<div class=\"elementor-widget-wrap elementor-element-populated\">\n\t\t\t\t\t\t<div class=\"elementor-element elementor-element-55d782d elementor-widget elementor-widget-image\" data-id=\"55d782d\" data-element_type=\"widget\" data-e-type=\"widget\" data-widget_type=\"image.default\">\n\t\t\t\t<div class=\"elementor-widget-container\">\n\t\t\t\t\t\t\t\t\t\t\t\t\t\t\t<img decoding=\"async\" width=\"641\" height=\"251\" src=\"https:\/\/etkiinsaat.com.tr\/wp-content\/uploads\/2023\/09\/bond_350.jpg\" class=\"attachment-full size-full wp-image-14643\" alt=\"\" srcset=\"https:\/\/etkiinsaat.com.tr\/wp-content\/uploads\/2023\/09\/bond_350.jpg 641w, https:\/\/etkiinsaat.com.tr\/wp-content\/uploads\/2023\/09\/bond_350-300x117.jpg 300w, https:\/\/etkiinsaat.com.tr\/wp-content\/uploads\/2023\/09\/bond_350-303x119.jpg 303w, https:\/\/etkiinsaat.com.tr\/wp-content\/uploads\/2023\/09\/bond_350-606x237.jpg 606w, https:\/\/etkiinsaat.com.tr\/wp-content\/uploads\/2023\/09\/bond_350-530x208.jpg 530w, https:\/\/etkiinsaat.com.tr\/wp-content\/uploads\/2023\/09\/bond_350-450x176.jpg 450w, https:\/\/etkiinsaat.com.tr\/wp-content\/uploads\/2023\/09\/bond_350-500x196.jpg 500w, https:\/\/etkiinsaat.com.tr\/wp-content\/uploads\/2023\/09\/bond_350-150x59.jpg 150w\" sizes=\"(max-width: 641px) 100vw, 641px\" \/>\t\t\t\t\t\t\t\t\t\t\t\t\t\t\t<\/div>\n\t\t\t\t<\/div>\n\t\t\t\t<div class=\"elementor-element elementor-element-8481ce3 elementor-widget elementor-widget-text-editor\" data-id=\"8481ce3\" data-element_type=\"widget\" data-e-type=\"widget\" data-widget_type=\"text-editor.default\">\n\t\t\t\t<div class=\"elementor-widget-container\">\n\t\t\t\t\t\t\t\t\t<p style=\"margin-right: 0px; margin-bottom: 10px; margin-left: 0px; line-height: 24px; color: #444444; font-family: 'Open Sans', sans-serif; font-size: 14px;\"><span style=\"font-weight: 600;\">Tan\u0131m\u0131:\u00a0<\/span><\/p><ul style=\"box-sizing: inherit; margin-right: 0px; margin-bottom: 0px; margin-left: 1.25rem; padding: 0px; list-style-position: outside; line-height: 1.45; list-style-type: square; color: #000000; font-family: 'Klavika Light';\"><li style=\"box-sizing: inherit; margin: 0px; padding: 0px;\"><div style=\"font-size: 1.3125rem; box-sizing: inherit; margin: 0px 0px 30px; padding: 0px;\"><div style=\"box-sizing: inherit; margin: 0px; padding: 0px;\"><p style=\"box-sizing: inherit; margin-right: 0px; margin-bottom: 1rem; margin-left: 0px; padding: 0px; font-size: 1.13125rem; line-height: 1.45; text-rendering: optimizelegibility; display: -webkit-box; -webkit-box-orient: vertical; overflow: hidden;\" data-lines=\"3\" data-read-more=\"Daha fazla oku\" data-read-less=\"Daha az oku\"><span style=\"text-indent: -32px; color: #000000; font-weight: var( --e-global-typography-text-font-weight ); text-align: var(--bs-body-text-align);\"><span style=\"font-family: roboto, Verdana; font-size: 14px; font-weight: var( --e-global-typography-text-font-weight ); text-align: var(--bs-body-text-align);\">MMA esasl\u0131, solventsiz, hava kurumal\u0131, \u015feffaf, emprenye, y\u00fczey koruma ve astar re\u00e7inesidir.<\/span>\u00a0<\/span><\/p><\/div><\/div><\/li><\/ul><div style=\"text-indent: -32px;\"><span style=\"color: #000000; font-family: Klavika Light;\"><span style=\"font-size: 18.1px;\">\u00a0 \u00a0 \u00a0 \u00a0 \u00a0 \u00a0 <strong>Kullan\u0131m<\/strong><\/span><\/span><\/div><p><span style=\"color: #000000; font-family: roboto, Verdana; font-size: 14px;\">\u00a0<\/span><span style=\"color: #000000; font-family: roboto, Verdana; font-size: 14px; font-weight: var( --e-global-typography-text-font-weight ); text-align: var(--bs-body-text-align);\">\u2022 Havaalanlar\u0131 (pist, apron), limanlarda ve tersanelerde,<\/span><\/p><p><span style=\"color: #000000; font-family: roboto, Verdana; font-size: 14px;\">\u2022 Her t\u00fcrl\u00fc end\u00fcstriyel alanlar, imalathane ve depolarda,<\/span><br style=\"outline: none; color: #000000; font-family: roboto, Verdana; font-size: 14px;\" \/><span style=\"color: #000000; font-family: roboto, Verdana; font-size: 14px;\">\u2022 \u015eehir i\u00e7i ve d\u0131\u015f\u0131 yollar, k\u00f6pr\u00fcler, viyad\u00fckler, yaya yollar\u0131,<\/span><br style=\"outline: none; color: #000000; font-family: roboto, Verdana; font-size: 14px;\" \/><span style=\"color: #000000; font-family: roboto, Verdana; font-size: 14px;\">\u2022 Al\u0131\u015fveri\u015f merkezleri ve hastanelerde,<\/span><br style=\"outline: none; color: #000000; font-family: roboto, Verdana; font-size: 14px;\" \/><span style=\"color: #000000; font-family: roboto, Verdana; font-size: 14px;\">\u2022 T\u00fcm tarihi eserlerde (cami, kilise, kale, s\u00fctun, tap\u0131nak, heykel, vb.),<\/span><br style=\"outline: none; color: #000000; font-family: roboto, Verdana; font-size: 14px;\" \/><span style=\"color: #000000; font-family: roboto, Verdana; font-size: 14px;\">\u2022 Prefabrik binalarda,<\/span><br style=\"outline: none; color: #000000; font-family: roboto, Verdana; font-size: 14px;\" \/><span style=\"color: #000000; font-family: roboto, Verdana; font-size: 14px;\">\u2022 Beton, do\u011fal ta\u015f, asfalt gibi y\u00fczeylerde,<\/span><br style=\"outline: none; color: #000000; font-family: roboto, Verdana; font-size: 14px;\" \/><span style=\"color: #000000; font-family: roboto, Verdana; font-size: 14px;\">\u2022 TEKNOBOND 940 uygulamas\u0131 \u00f6ncesi astar olarak kullan\u0131l\u0131r.<\/span><\/p><p><span style=\"color: #444444; font-family: 'Open Sans', sans-serif; font-size: 14px; font-weight: var( --e-global-typography-text-font-weight ); text-align: var(--bs-body-text-align);\">\u00a0<\/span><\/p><div><div><span style=\"color: #444444; font-family: 'Open Sans', sans-serif;\"><span style=\"font-size: 14px;\"><span style=\"font-weight: bold;\">Teknik D\u00f6k\u00fcmanlar:<\/span><\/span><\/span><\/div><p><a href=\"https:\/\/tur.sika.com\/content\/dam\/dms\/tr01\/g\/sikaseal_crystalsg.pdf\"><span style=\"font-weight: bolder;\">\u00a0 \u00a0 \u00a0<img decoding=\"async\" src=\"http:\/\/etkiinsaat.com.tr\/wp-content\/uploads\/2023\/09\/pdf-300x300.png\" alt=\"\" width=\"31\" height=\"31\" \/><\/span><\/a><a title=\"TDS Teknik Dok\u00fcman Sayfas\u0131\" href=\"https:\/\/teknoyapi.com.tr\/documents\/TDS-teknobond-910.pdf\" target=\"_blank\" rel=\"noopener\"><span style=\"color: red; font-size: small;\"><b>TDS Teknik Dok\u00fcman Sayfas\u0131<\/b><\/span>\u00a0<\/a>\u00a0\u00a0<\/p><p><a href=\"https:\/\/tur.sika.com\/content\/dam\/dms\/tr01\/g\/sikaseal_crystalsg.pdf\"><span style=\"font-weight: bolder;\">\u00a0 \u00a0 \u00a0<img decoding=\"async\" src=\"http:\/\/etkiinsaat.com.tr\/wp-content\/uploads\/2023\/09\/pdf-300x300.png\" alt=\"\" width=\"31\" height=\"31\" \/><a title=\"CE Belgesi\" href=\"https:\/\/teknoyapi.com.tr\/documents\/CE-1504-2.pdf\" target=\"_blank\" rel=\"noopener\"><span style=\"color: red; font-size: small;\"><b>CE Belgesi<\/b><\/span>\u00a0<\/a>\u00a0\u00a0<\/span><\/a><\/p><p>\u00a0<\/p><\/div>\t\t\t\t\t\t\t\t<\/div>\n\t\t\t\t<\/div>\n\t\t\t\t\t<\/div>\n\t\t<\/div>\n\t\t\t\t\t<\/div>\n\t\t<\/section>\n\t\t\t\t<\/div>\n\t\t","protected":false},"excerpt":{"rendered":"<p>Teknobond 910 MMA Esasl\u0131 Astar ve Y\u00fczey Koruyucu Tan\u0131m\u0131: MMA esasl\u0131, solventsiz, hava kurumal\u0131, \u015feffaf, emprenye, y\u00fczey koruma ve astar re\u00e7inesidir. Kullan\u0131m \u2022 Havaalanlar\u0131 (pist, apron), limanlarda ve tersanelerde, \u2022 Her t\u00fcrl\u00fc end\u00fcstriyel alanlar, imalathane ve depolarda,\u2022 \u015eehir i\u00e7i ve d\u0131\u015f\u0131 yollar, k\u00f6pr\u00fcler, viyad\u00fckler, yaya yollar\u0131,\u2022 Al\u0131\u015fveri\u015f merkezleri ve hastanelerde,\u2022 T\u00fcm tarihi eserlerde (cami, kilise, kale, s\u00fctun, tap\u0131nak, heykel, vb.),\u2022 Prefabrik binalarda,\u2022 Beton, do\u011fal ta\u015f, asfalt gibi y\u00fczeylerde,\u2022 TEKNOBOND 940 uygulamas\u0131 \u00f6ncesi astar olarak kullan\u0131l\u0131r. Teknik D\u00f6k\u00fcmanlar: \u00a0 \u00a0 \u00a0TDS Teknik Dok\u00fcman Sayfas\u0131\u00a0 \u00a0 \u00a0 \u00a0CE Belgesi\u00a0\u00a0\u00a0<\/p>\n","protected":false},"author":3,"featured_media":0,"parent":0,"menu_order":0,"comment_status":"closed","ping_status":"closed","template":"page-full.php","meta":{"_joinchat":[],"footnotes":""},"class_list":["post-14615","page","type-page","status-publish","hentry"],"_links":{"self":[{"href":"https:\/\/etkiinsaat.com.tr\/index.php?rest_route=\/wp\/v2\/pages\/14615","targetHints":{"allow":["GET"]}}],"collection":[{"href":"https:\/\/etkiinsaat.com.tr\/index.php?rest_route=\/wp\/v2\/pages"}],"about":[{"href":"https:\/\/etkiinsaat.com.tr\/index.php?rest_route=\/wp\/v2\/types\/page"}],"author":[{"embeddable":true,"href":"https:\/\/etkiinsaat.com.tr\/index.php?rest_route=\/wp\/v2\/users\/3"}],"replies":[{"embeddable":true,"href":"https:\/\/etkiinsaat.com.tr\/index.php?rest_route=%2Fwp%2Fv2%2Fcomments&post=14615"}],"version-history":[{"count":8,"href":"https:\/\/etkiinsaat.com.tr\/index.php?rest_route=\/wp\/v2\/pages\/14615\/revisions"}],"predecessor-version":[{"id":14651,"href":"https:\/\/etkiinsaat.com.tr\/index.php?rest_route=\/wp\/v2\/pages\/14615\/revisions\/14651"}],"wp:attachment":[{"href":"https:\/\/etkiinsaat.com.tr\/index.php?rest_route=%2Fwp%2Fv2%2Fmedia&parent=14615"}],"curies":[{"name":"wp","href":"https:\/\/api.w.org\/{rel}","templated":true}]}}