{"id":14652,"date":"2023-09-30T14:39:57","date_gmt":"2023-09-30T11:39:57","guid":{"rendered":"https:\/\/etkiinsaat.com.tr\/?page_id=14652"},"modified":"2023-09-30T14:40:45","modified_gmt":"2023-09-30T11:40:45","slug":"teknobond-860-epoksi-tamir-harci-2","status":"publish","type":"page","link":"https:\/\/etkiinsaat.com.tr\/?page_id=14652","title":{"rendered":"Teknobond 860 Epoksi Tamir Harc\u0131"},"content":{"rendered":"\t\t<div data-elementor-type=\"wp-page\" data-elementor-id=\"14652\" class=\"elementor elementor-14652\">\n\t\t\t\t\t\t<section class=\"elementor-section elementor-top-section elementor-element elementor-element-d88d90c elementor-section-boxed elementor-section-height-default elementor-section-height-default\" data-id=\"d88d90c\" data-element_type=\"section\" data-e-type=\"section\">\n\t\t\t\t\t\t<div class=\"elementor-container elementor-column-gap-default\">\n\t\t\t\t\t<div class=\"elementor-column elementor-col-33 elementor-top-column elementor-element elementor-element-28e8c9e\" data-id=\"28e8c9e\" data-element_type=\"column\" data-e-type=\"column\">\n\t\t\t<div class=\"elementor-widget-wrap elementor-element-populated\">\n\t\t\t\t\t\t<div class=\"elementor-element elementor-element-65684d2 elementor-widget elementor-widget-heading\" data-id=\"65684d2\" data-element_type=\"widget\" data-e-type=\"widget\" data-widget_type=\"heading.default\">\n\t\t\t\t<div class=\"elementor-widget-container\">\n\t\t\t\t\t<h2 class=\"elementor-heading-title elementor-size-default\"><h2 style=\"margin-right: 0px;margin-bottom: 0px;margin-left: 0px;padding: 3px 0px;border: 0px;font-size: 18px;vertical-align: baseline;background: 0px 0px;font-family: montserrat;text-align: start\">Teknobond 860 Epoksi Tamir Harc\u0131<\/h2><\/h2>\t\t\t\t<\/div>\n\t\t\t\t<\/div>\n\t\t\t\t<div class=\"elementor-element elementor-element-6fc8704 elementor-widget elementor-widget-image\" data-id=\"6fc8704\" data-element_type=\"widget\" data-e-type=\"widget\" data-widget_type=\"image.default\">\n\t\t\t\t<div class=\"elementor-widget-container\">\n\t\t\t\t\t\t\t\t\t\t\t\t\t\t\t<img fetchpriority=\"high\" decoding=\"async\" width=\"250\" height=\"250\" src=\"https:\/\/etkiinsaat.com.tr\/wp-content\/uploads\/2023\/09\/thumb_teknobond_800png20190611121112.jpg\" class=\"attachment-full size-full wp-image-14620\" alt=\"\" srcset=\"https:\/\/etkiinsaat.com.tr\/wp-content\/uploads\/2023\/09\/thumb_teknobond_800png20190611121112.jpg 250w, https:\/\/etkiinsaat.com.tr\/wp-content\/uploads\/2023\/09\/thumb_teknobond_800png20190611121112-150x150.jpg 150w, https:\/\/etkiinsaat.com.tr\/wp-content\/uploads\/2023\/09\/thumb_teknobond_800png20190611121112-201x201.jpg 201w, https:\/\/etkiinsaat.com.tr\/wp-content\/uploads\/2023\/09\/thumb_teknobond_800png20190611121112-100x100.jpg 100w\" sizes=\"(max-width: 250px) 100vw, 250px\" \/>\t\t\t\t\t\t\t\t\t\t\t\t\t\t\t<\/div>\n\t\t\t\t<\/div>\n\t\t\t\t\t<\/div>\n\t\t<\/div>\n\t\t\t\t<div class=\"elementor-column elementor-col-66 elementor-top-column elementor-element elementor-element-8033811\" data-id=\"8033811\" data-element_type=\"column\" data-e-type=\"column\">\n\t\t\t<div class=\"elementor-widget-wrap elementor-element-populated\">\n\t\t\t\t\t\t<div class=\"elementor-element elementor-element-862dfed elementor-widget elementor-widget-image\" data-id=\"862dfed\" data-element_type=\"widget\" data-e-type=\"widget\" data-widget_type=\"image.default\">\n\t\t\t\t<div class=\"elementor-widget-container\">\n\t\t\t\t\t\t\t\t\t\t\t\t\t\t\t<img decoding=\"async\" width=\"640\" height=\"250\" src=\"https:\/\/etkiinsaat.com.tr\/wp-content\/uploads\/2023\/09\/165-2.jpg\" class=\"attachment-full size-full wp-image-14338\" alt=\"\" srcset=\"https:\/\/etkiinsaat.com.tr\/wp-content\/uploads\/2023\/09\/165-2.jpg 640w, https:\/\/etkiinsaat.com.tr\/wp-content\/uploads\/2023\/09\/165-2-300x117.jpg 300w, https:\/\/etkiinsaat.com.tr\/wp-content\/uploads\/2023\/09\/165-2-303x118.jpg 303w, https:\/\/etkiinsaat.com.tr\/wp-content\/uploads\/2023\/09\/165-2-606x237.jpg 606w, https:\/\/etkiinsaat.com.tr\/wp-content\/uploads\/2023\/09\/165-2-530x207.jpg 530w, https:\/\/etkiinsaat.com.tr\/wp-content\/uploads\/2023\/09\/165-2-450x176.jpg 450w, https:\/\/etkiinsaat.com.tr\/wp-content\/uploads\/2023\/09\/165-2-500x195.jpg 500w, https:\/\/etkiinsaat.com.tr\/wp-content\/uploads\/2023\/09\/165-2-150x59.jpg 150w\" sizes=\"(max-width: 640px) 100vw, 640px\" \/>\t\t\t\t\t\t\t\t\t\t\t\t\t\t\t<\/div>\n\t\t\t\t<\/div>\n\t\t\t\t<div class=\"elementor-element elementor-element-2f21385 elementor-widget elementor-widget-text-editor\" data-id=\"2f21385\" data-element_type=\"widget\" data-e-type=\"widget\" data-widget_type=\"text-editor.default\">\n\t\t\t\t<div class=\"elementor-widget-container\">\n\t\t\t\t\t\t\t\t\t<p style=\"margin-right: 0px; margin-bottom: 10px; margin-left: 0px; line-height: 24px; color: #444444; font-family: 'Open Sans', sans-serif; font-size: 14px;\"><span style=\"font-weight: 600;\">Tan\u0131m\u0131:\u00a0<\/span><\/p><ul style=\"box-sizing: inherit; margin-right: 0px; margin-bottom: 0px; margin-left: 1.25rem; padding: 0px; list-style-position: outside; line-height: 1.45; list-style-type: square; color: #000000; font-family: 'Klavika Light';\"><li style=\"box-sizing: inherit; margin: 0px; padding: 0px;\"><div style=\"font-size: 1.3125rem; box-sizing: inherit; margin: 0px 0px 30px; padding: 0px;\"><div style=\"box-sizing: inherit; margin: 0px; padding: 0px;\"><p style=\"box-sizing: inherit; margin-right: 0px; margin-bottom: 1rem; margin-left: 0px; padding: 0px; font-size: 1.13125rem; line-height: 1.45; text-rendering: optimizelegibility; display: -webkit-box; -webkit-box-orient: vertical; overflow: hidden;\" data-lines=\"3\" data-read-more=\"Daha fazla oku\" data-read-less=\"Daha az oku\"><span style=\"text-indent: -32px; color: #000000; font-weight: var( --e-global-typography-text-font-weight ); text-align: var(--bs-body-text-align);\"><span style=\"font-family: roboto, Verdana; font-size: 14px; font-weight: var( --e-global-typography-text-font-weight ); text-align: var(--bs-body-text-align);\">Solvent i\u00e7ermeyen, 3 bile\u015fenli, \u00f6zel gradasyonlu agregalar ve y\u00fcksek dayan\u0131ml\u0131 epoksi re\u00e7inelerin birle\u015fiminden olu\u015fan tamir harc\u0131d\u0131r. Kar\u0131\u015ft\u0131r\u0131ld\u0131ktan sonra, mala ile uygulanabilen bir k\u0131vamda olup, \u00e7imentolu y\u00fczeylere \u00e7ok iyi yap\u0131\u015fma \u00f6zelli\u011fi g\u00f6sterir.<\/span>\u00a0<\/span><\/p><\/div><\/div><\/li><\/ul><div style=\"text-indent: -32px;\"><span style=\"color: #000000; font-family: Klavika Light;\"><span style=\"font-size: 18.1px;\">\u00a0 \u00a0 \u00a0 \u00a0 \u00a0 \u00a0 <strong>Kullan\u0131m<\/strong><\/span><\/span><\/div><p><span style=\"color: #000000; font-family: roboto, Verdana; font-size: 14px;\">\u00a0Ankraj i\u015flerinde,<\/span><br style=\"outline: none; color: #000000; font-family: roboto, Verdana; font-size: 14px;\" \/><span style=\"color: #000000; font-family: roboto, Verdana; font-size: 14px;\">\u2022 Vin\u00e7 ray alt\u0131 montaj\u0131nda,<\/span><br style=\"outline: none; color: #000000; font-family: roboto, Verdana; font-size: 14px;\" \/><span style=\"color: #000000; font-family: roboto, Verdana; font-size: 14px;\">\u2022 K\u00f6pr\u00fc mesnetlerinde,<\/span><br style=\"outline: none; color: #000000; font-family: roboto, Verdana; font-size: 14px;\" \/><span style=\"color: #000000; font-family: roboto, Verdana; font-size: 14px;\">\u2022 U\u00e7ak ve helikopter pistlerinin tamirinde,<\/span><br style=\"outline: none; color: #000000; font-family: roboto, Verdana; font-size: 14px;\" \/><span style=\"color: #000000; font-family: roboto, Verdana; font-size: 14px;\">\u2022 \u00c7elik kolonlar\u0131n ve direklerin sabitlenmesinde,<\/span><br style=\"outline: none; color: #000000; font-family: roboto, Verdana; font-size: 14px;\" \/><span style=\"color: #000000; font-family: roboto, Verdana; font-size: 14px;\">\u2022 Her t\u00fcrl\u00fc end\u00fcstriyel makine temelinde, yataklar\u0131n alt\u0131nda,<\/span><br style=\"outline: none; color: #000000; font-family: roboto, Verdana; font-size: 14px;\" \/><span style=\"color: #000000; font-family: roboto, Verdana; font-size: 14px;\">\u2022 Metro, otoyol, baraj gibi m\u00fchendislik yap\u0131lar\u0131nda,<\/span><br style=\"outline: none; color: #000000; font-family: roboto, Verdana; font-size: 14px;\" \/><span style=\"color: #000000; font-family: roboto, Verdana; font-size: 14px;\">\u2022 Onar\u0131m, tamir ve betonarme perdelerinin kiri\u015f ile birle\u015fti\u011fi yerler g\u00fc\u00e7lendirme projelerinde,<\/span><br style=\"outline: none; color: #000000; font-family: roboto, Verdana; font-size: 14px;\" \/><span style=\"color: #000000; font-family: roboto, Verdana; font-size: 14px;\">\u2022 Prefabrike elemanlar\u0131n montaj\u0131nda,<\/span><\/p><div><span style=\"color: #000000; font-family: roboto, Verdana; font-size: 14px; font-weight: var( --e-global-typography-text-font-weight ); text-align: var(--bs-body-text-align);\">\u2022 Genle\u015fme derzlerinde kullan\u0131l\u0131r.<\/span><span style=\"font-family: var( --e-global-typography-text-font-family ), Sans-serif; font-weight: var( --e-global-typography-text-font-weight ); text-align: var(--bs-body-text-align);\">\u00a0<\/span><\/div><div style=\"color: #444444; font-family: 'Open Sans', sans-serif; font-size: 14px;\"><div>\u00a0<\/div><\/div><div><div><span style=\"color: #444444; font-family: 'Open Sans', sans-serif;\"><span style=\"font-size: 14px;\"><span style=\"font-weight: bold;\">Teknik D\u00f6k\u00fcmanlar:<\/span><\/span><\/span><\/div><p><a href=\"https:\/\/tur.sika.com\/content\/dam\/dms\/tr01\/g\/sikaseal_crystalsg.pdf\"><span style=\"font-weight: bolder;\">\u00a0 \u00a0 \u00a0<img decoding=\"async\" src=\"http:\/\/etkiinsaat.com.tr\/wp-content\/uploads\/2023\/09\/pdf-300x300.png\" alt=\"\" width=\"31\" height=\"31\" \/><\/span><\/a><a title=\"TDS Teknik Dok\u00fcman Sayfas\u0131\" href=\"https:\/\/teknoyapi.com.tr\/documents\/TDS-teknobond-860.pdf\" target=\"_blank\" rel=\"noopener\"><span style=\"color: red; font-size: small;\"><b>TDS Teknik Dok\u00fcman Sayfas\u0131<\/b><\/span>\u00a0<\/a>\u00a0\u00a0<\/p><p>\u00a0<\/p><\/div>\t\t\t\t\t\t\t\t<\/div>\n\t\t\t\t<\/div>\n\t\t\t\t\t<\/div>\n\t\t<\/div>\n\t\t\t\t\t<\/div>\n\t\t<\/section>\n\t\t\t\t<\/div>\n\t\t","protected":false},"excerpt":{"rendered":"<p>Teknobond 860 Epoksi Tamir Harc\u0131 Tan\u0131m\u0131:\u00a0 Solvent i\u00e7ermeyen, 3 bile\u015fenli, \u00f6zel gradasyonlu agregalar ve y\u00fcksek dayan\u0131ml\u0131 epoksi re\u00e7inelerin birle\u015fiminden olu\u015fan tamir harc\u0131d\u0131r. Kar\u0131\u015ft\u0131r\u0131ld\u0131ktan sonra, mala ile uygulanabilen bir k\u0131vamda olup, \u00e7imentolu y\u00fczeylere \u00e7ok iyi yap\u0131\u015fma \u00f6zelli\u011fi g\u00f6sterir.\u00a0 \u00a0 \u00a0 \u00a0 \u00a0 \u00a0 \u00a0 Kullan\u0131m \u00a0Ankraj i\u015flerinde,\u2022 Vin\u00e7 ray alt\u0131 montaj\u0131nda,\u2022 K\u00f6pr\u00fc mesnetlerinde,\u2022 U\u00e7ak ve helikopter pistlerinin tamirinde,\u2022 \u00c7elik kolonlar\u0131n ve direklerin sabitlenmesinde,\u2022 Her t\u00fcrl\u00fc end\u00fcstriyel makine temelinde, yataklar\u0131n alt\u0131nda,\u2022 Metro, otoyol, baraj gibi m\u00fchendislik yap\u0131lar\u0131nda,\u2022 Onar\u0131m, tamir ve betonarme perdelerinin kiri\u015f ile birle\u015fti\u011fi yerler g\u00fc\u00e7lendirme projelerinde,\u2022 Prefabrike elemanlar\u0131n montaj\u0131nda, \u2022 Genle\u015fme derzlerinde kullan\u0131l\u0131r.\u00a0\u00a0Teknik D\u00f6k\u00fcmanlar: \u00a0 \u00a0 \u00a0TDS Teknik Dok\u00fcman Sayfas\u0131\u00a0\u00a0\u00a0 \u00a0<\/p>\n","protected":false},"author":3,"featured_media":0,"parent":0,"menu_order":0,"comment_status":"closed","ping_status":"closed","template":"page-full.php","meta":{"_joinchat":[],"footnotes":""},"class_list":["post-14652","page","type-page","status-publish","hentry"],"_links":{"self":[{"href":"https:\/\/etkiinsaat.com.tr\/index.php?rest_route=\/wp\/v2\/pages\/14652","targetHints":{"allow":["GET"]}}],"collection":[{"href":"https:\/\/etkiinsaat.com.tr\/index.php?rest_route=\/wp\/v2\/pages"}],"about":[{"href":"https:\/\/etkiinsaat.com.tr\/index.php?rest_route=\/wp\/v2\/types\/page"}],"author":[{"embeddable":true,"href":"https:\/\/etkiinsaat.com.tr\/index.php?rest_route=\/wp\/v2\/users\/3"}],"replies":[{"embeddable":true,"href":"https:\/\/etkiinsaat.com.tr\/index.php?rest_route=%2Fwp%2Fv2%2Fcomments&post=14652"}],"version-history":[{"count":4,"href":"https:\/\/etkiinsaat.com.tr\/index.php?rest_route=\/wp\/v2\/pages\/14652\/revisions"}],"predecessor-version":[{"id":14656,"href":"https:\/\/etkiinsaat.com.tr\/index.php?rest_route=\/wp\/v2\/pages\/14652\/revisions\/14656"}],"wp:attachment":[{"href":"https:\/\/etkiinsaat.com.tr\/index.php?rest_route=%2Fwp%2Fv2%2Fmedia&parent=14652"}],"curies":[{"name":"wp","href":"https:\/\/api.w.org\/{rel}","templated":true}]}}