{"id":14732,"date":"2023-09-30T14:59:03","date_gmt":"2023-09-30T11:59:03","guid":{"rendered":"https:\/\/etkiinsaat.com.tr\/?page_id=14732"},"modified":"2023-09-30T15:00:37","modified_gmt":"2023-09-30T12:00:37","slug":"teknorep-520-pro-hidrolik-kirec-esasli-tamir-harci","status":"publish","type":"page","link":"https:\/\/etkiinsaat.com.tr\/?page_id=14732","title":{"rendered":"Teknorep 520 Pro Hidrolik Kire\u00e7 Esasl\u0131 Tamir Harc\u0131"},"content":{"rendered":"\t\t<div data-elementor-type=\"wp-page\" data-elementor-id=\"14732\" class=\"elementor elementor-14732\">\n\t\t\t\t\t\t<section class=\"elementor-section elementor-top-section elementor-element elementor-element-06419c8 elementor-section-boxed elementor-section-height-default elementor-section-height-default\" data-id=\"06419c8\" data-element_type=\"section\" data-e-type=\"section\">\n\t\t\t\t\t\t<div class=\"elementor-container elementor-column-gap-default\">\n\t\t\t\t\t<div class=\"elementor-column elementor-col-33 elementor-top-column elementor-element elementor-element-a251e9e\" data-id=\"a251e9e\" data-element_type=\"column\" data-e-type=\"column\">\n\t\t\t<div class=\"elementor-widget-wrap elementor-element-populated\">\n\t\t\t\t\t\t<div class=\"elementor-element elementor-element-5e4c0ff elementor-widget elementor-widget-heading\" data-id=\"5e4c0ff\" data-element_type=\"widget\" data-e-type=\"widget\" data-widget_type=\"heading.default\">\n\t\t\t\t<div class=\"elementor-widget-container\">\n\t\t\t\t\t<h2 class=\"elementor-heading-title elementor-size-default\">Teknorep 520 Pro Hidrolik Kire\u00e7 Esasl\u0131 Tamir Harc\u0131<\/h2>\t\t\t\t<\/div>\n\t\t\t\t<\/div>\n\t\t\t\t<div class=\"elementor-element elementor-element-f3ab1e1 elementor-widget elementor-widget-image\" data-id=\"f3ab1e1\" data-element_type=\"widget\" data-e-type=\"widget\" data-widget_type=\"image.default\">\n\t\t\t\t<div class=\"elementor-widget-container\">\n\t\t\t\t\t\t\t\t\t\t\t\t\t\t\t<img fetchpriority=\"high\" decoding=\"async\" width=\"250\" height=\"250\" src=\"https:\/\/etkiinsaat.com.tr\/wp-content\/uploads\/2023\/09\/thumb_teknorep_520_projpg20220314032645.jpg\" class=\"attachment-full size-full wp-image-14735\" alt=\"\" srcset=\"https:\/\/etkiinsaat.com.tr\/wp-content\/uploads\/2023\/09\/thumb_teknorep_520_projpg20220314032645.jpg 250w, https:\/\/etkiinsaat.com.tr\/wp-content\/uploads\/2023\/09\/thumb_teknorep_520_projpg20220314032645-150x150.jpg 150w, https:\/\/etkiinsaat.com.tr\/wp-content\/uploads\/2023\/09\/thumb_teknorep_520_projpg20220314032645-201x201.jpg 201w, https:\/\/etkiinsaat.com.tr\/wp-content\/uploads\/2023\/09\/thumb_teknorep_520_projpg20220314032645-100x100.jpg 100w\" sizes=\"(max-width: 250px) 100vw, 250px\" \/>\t\t\t\t\t\t\t\t\t\t\t\t\t\t\t<\/div>\n\t\t\t\t<\/div>\n\t\t\t\t\t<\/div>\n\t\t<\/div>\n\t\t\t\t<div class=\"elementor-column elementor-col-66 elementor-top-column elementor-element elementor-element-196c836\" data-id=\"196c836\" data-element_type=\"column\" data-e-type=\"column\">\n\t\t\t<div class=\"elementor-widget-wrap elementor-element-populated\">\n\t\t\t\t\t\t<div class=\"elementor-element elementor-element-8069fed elementor-widget elementor-widget-image\" data-id=\"8069fed\" data-element_type=\"widget\" data-e-type=\"widget\" data-widget_type=\"image.default\">\n\t\t\t\t<div class=\"elementor-widget-container\">\n\t\t\t\t\t\t\t\t\t\t\t\t\t\t\t<img decoding=\"async\" width=\"640\" height=\"250\" src=\"https:\/\/etkiinsaat.com.tr\/wp-content\/uploads\/2023\/09\/165-2.jpg\" class=\"attachment-full size-full wp-image-14338\" alt=\"\" srcset=\"https:\/\/etkiinsaat.com.tr\/wp-content\/uploads\/2023\/09\/165-2.jpg 640w, https:\/\/etkiinsaat.com.tr\/wp-content\/uploads\/2023\/09\/165-2-300x117.jpg 300w, https:\/\/etkiinsaat.com.tr\/wp-content\/uploads\/2023\/09\/165-2-303x118.jpg 303w, https:\/\/etkiinsaat.com.tr\/wp-content\/uploads\/2023\/09\/165-2-606x237.jpg 606w, https:\/\/etkiinsaat.com.tr\/wp-content\/uploads\/2023\/09\/165-2-530x207.jpg 530w, https:\/\/etkiinsaat.com.tr\/wp-content\/uploads\/2023\/09\/165-2-450x176.jpg 450w, https:\/\/etkiinsaat.com.tr\/wp-content\/uploads\/2023\/09\/165-2-500x195.jpg 500w, https:\/\/etkiinsaat.com.tr\/wp-content\/uploads\/2023\/09\/165-2-150x59.jpg 150w\" sizes=\"(max-width: 640px) 100vw, 640px\" \/>\t\t\t\t\t\t\t\t\t\t\t\t\t\t\t<\/div>\n\t\t\t\t<\/div>\n\t\t\t\t<div class=\"elementor-element elementor-element-679fdbf elementor-widget elementor-widget-text-editor\" data-id=\"679fdbf\" data-element_type=\"widget\" data-e-type=\"widget\" data-widget_type=\"text-editor.default\">\n\t\t\t\t<div class=\"elementor-widget-container\">\n\t\t\t\t\t\t\t\t\t<p style=\"margin-right: 0px; margin-bottom: 10px; margin-left: 0px; line-height: 24px; color: #444444; font-family: 'Open Sans', sans-serif; font-size: 14px;\"><span style=\"font-weight: 600;\">Tan\u0131m\u0131:\u00a0<\/span><\/p><ul style=\"box-sizing: inherit; margin-right: 0px; margin-bottom: 0px; margin-left: 1.25rem; padding: 0px; list-style-position: outside; line-height: 1.45; list-style-type: square; color: #000000; font-family: 'Klavika Light';\"><li style=\"box-sizing: inherit; margin: 0px; padding: 0px;\"><div style=\"font-size: 1.3125rem; box-sizing: inherit; margin: 0px 0px 30px; padding: 0px;\"><div style=\"box-sizing: inherit; margin: 0px; padding: 0px;\"><p style=\"box-sizing: inherit; margin-right: 0px; margin-bottom: 1rem; margin-left: 0px; padding: 0px; font-size: 1.13125rem; line-height: 1.45; text-rendering: optimizelegibility; display: -webkit-box; -webkit-box-orient: vertical; overflow: hidden;\" data-lines=\"3\" data-read-more=\"Daha fazla oku\" data-read-less=\"Daha az oku\"><span style=\"text-indent: -32px; color: #000000; font-weight: var( --e-global-typography-text-font-weight ); text-align: var(--bs-body-text-align);\"><span style=\"font-family: roboto, Verdana; font-size: 14px; font-weight: var( --e-global-typography-text-font-weight ); text-align: var(--bs-body-text-align);\">Hidrolik kire\u00e7 esasl\u0131, tarihi yap\u0131lar i\u00e7in tasarlanm\u0131\u015f, zarars\u0131z do\u011fal mineral, lifler i\u00e7eren, \u00e7imento i\u00e7ermeyen, tiksotropik \u00f6zellikli bir tamir harc\u0131d\u0131r.<\/span>\u00a0<\/span><\/p><\/div><\/div><\/li><\/ul><div style=\"text-indent: -32px;\"><span style=\"color: #000000; font-family: Klavika Light;\"><span style=\"font-size: 18.1px;\">\u00a0 \u00a0 \u00a0 \u00a0 \u00a0 \u00a0 <strong>Kullan\u0131m<\/strong><\/span><\/span><\/div><p><span style=\"color: #000000; font-family: roboto, Verdana; font-size: 14px;\">\u00a0<\/span><span style=\"color: #000000; font-family: roboto, Verdana; font-size: 14px; font-weight: var( --e-global-typography-text-font-weight ); text-align: var(--bs-body-text-align);\">Tarihi kagir yap\u0131lar\u0131n onar\u0131m\u0131 ya da g\u00fc\u00e7lendirilmesinde,<\/span><\/p><p><span style=\"color: #000000; font-family: roboto, Verdana; font-size: 14px;\">\u2022 Kagir kubbe ve tonozlar\u0131n tamir veya yeniden yap\u0131lmas\u0131nda,<\/span><br style=\"outline: none; color: #000000; font-family: roboto, Verdana; font-size: 14px;\" \/><span style=\"color: #000000; font-family: roboto, Verdana; font-size: 14px;\">\u2022 Mevcut tarihi kagir duvarlara temel olu\u015fturulmas\u0131nda,<\/span><br style=\"outline: none; color: #000000; font-family: roboto, Verdana; font-size: 14px;\" \/><span style=\"color: #000000; font-family: roboto, Verdana; font-size: 14px;\">\u2022 B\u00fcy\u00fck bo\u015fluklar\u0131n doldurulmas\u0131nda kullan\u0131l\u0131r.<\/span><br style=\"outline: none; color: #000000; font-family: roboto, Verdana; font-size: 14px;\" \/><span style=\"color: #000000; font-family: roboto, Verdana; font-size: 14px;\">\u2022 Ta\u015f, tu\u011fla ya da alma\u015f\u0131k duvarlar\u0131n kaybolan ta\u015f\u0131ma kapasitelerinin yeniden elde edilmesi ama\u00e7l\u0131 yap\u0131lan onar\u0131m i\u015fleri,<\/span><br style=\"outline: none; color: #000000; font-family: roboto, Verdana; font-size: 14px;\" \/><span style=\"color: #000000; font-family: roboto, Verdana; font-size: 14px;\">\u2022 Onar\u0131m veya g\u00fc\u00e7lendirme ama\u00e7l\u0131 yap\u0131lacak olan ta\u015f, tu\u011fla ya da alma\u015f\u0131k eklentilerin te\u015fkilinde,<\/span><\/p><p><span style=\"color: #000000; font-family: roboto, Verdana; font-size: 14px; font-weight: var( --e-global-typography-text-font-weight ); text-align: var(--bs-body-text-align);\">\u2022 Duvar derzlerinde karbon \u00e7ubuklar\u0131n yerle\u015ftirilmesinde kullan\u0131lan bir tamir harc\u0131d\u0131r.<\/span><span style=\"color: #444444; font-family: 'Open Sans', sans-serif; font-size: 14px; font-weight: var( --e-global-typography-text-font-weight ); text-align: var(--bs-body-text-align);\">\u00a0<\/span><\/p><div><div><span style=\"color: #444444; font-family: 'Open Sans', sans-serif;\"><span style=\"font-size: 14px;\"><span style=\"font-weight: bold;\">Teknik D\u00f6k\u00fcmanlar:<\/span><\/span><\/span><\/div><p><a href=\"https:\/\/tur.sika.com\/content\/dam\/dms\/tr01\/g\/sikaseal_crystalsg.pdf\"><span style=\"font-weight: bolder;\">\u00a0 \u00a0 \u00a0<img decoding=\"async\" src=\"http:\/\/etkiinsaat.com.tr\/wp-content\/uploads\/2023\/09\/pdf-300x300.png\" alt=\"\" width=\"31\" height=\"31\" \/><\/span><\/a><a title=\"TDS Teknik Dok\u00fcman Sayfas\u0131\" href=\"https:\/\/teknoyapi.com.tr\/documents\/TDS-teknorep-520-pro.pdf\" target=\"_blank\" rel=\"noopener\"><span style=\"color: red; font-size: small;\"><b>TDS Teknik Dok\u00fcman Sayfas\u0131<\/b><\/span>\u00a0<\/a>\u00a0\u00a0<\/p><p>\u00a0<\/p><\/div>\t\t\t\t\t\t\t\t<\/div>\n\t\t\t\t<\/div>\n\t\t\t\t\t<\/div>\n\t\t<\/div>\n\t\t\t\t\t<\/div>\n\t\t<\/section>\n\t\t\t\t<\/div>\n\t\t","protected":false},"excerpt":{"rendered":"<p>Teknorep 520 Pro Hidrolik Kire\u00e7 Esasl\u0131 Tamir Harc\u0131 Tan\u0131m\u0131:\u00a0 Hidrolik kire\u00e7 esasl\u0131, tarihi yap\u0131lar i\u00e7in tasarlanm\u0131\u015f, zarars\u0131z do\u011fal mineral, lifler i\u00e7eren, \u00e7imento i\u00e7ermeyen, tiksotropik \u00f6zellikli bir tamir harc\u0131d\u0131r.\u00a0 \u00a0 \u00a0 \u00a0 \u00a0 \u00a0 \u00a0 Kullan\u0131m \u00a0Tarihi kagir yap\u0131lar\u0131n onar\u0131m\u0131 ya da g\u00fc\u00e7lendirilmesinde, \u2022 Kagir kubbe ve tonozlar\u0131n tamir veya yeniden yap\u0131lmas\u0131nda,\u2022 Mevcut tarihi kagir duvarlara temel olu\u015fturulmas\u0131nda,\u2022 B\u00fcy\u00fck bo\u015fluklar\u0131n doldurulmas\u0131nda kullan\u0131l\u0131r.\u2022 Ta\u015f, tu\u011fla ya da alma\u015f\u0131k duvarlar\u0131n kaybolan ta\u015f\u0131ma kapasitelerinin yeniden elde edilmesi ama\u00e7l\u0131 yap\u0131lan onar\u0131m i\u015fleri,\u2022 Onar\u0131m veya g\u00fc\u00e7lendirme ama\u00e7l\u0131 yap\u0131lacak olan ta\u015f, tu\u011fla ya da alma\u015f\u0131k eklentilerin te\u015fkilinde, \u2022 Duvar derzlerinde karbon \u00e7ubuklar\u0131n yerle\u015ftirilmesinde kullan\u0131lan bir tamir harc\u0131d\u0131r.\u00a0 Teknik D\u00f6k\u00fcmanlar: \u00a0 \u00a0 \u00a0TDS Teknik Dok\u00fcman Sayfas\u0131\u00a0\u00a0\u00a0 \u00a0<\/p>\n","protected":false},"author":3,"featured_media":0,"parent":0,"menu_order":0,"comment_status":"closed","ping_status":"closed","template":"page-full.php","meta":{"_joinchat":[],"footnotes":""},"class_list":["post-14732","page","type-page","status-publish","hentry"],"_links":{"self":[{"href":"https:\/\/etkiinsaat.com.tr\/index.php?rest_route=\/wp\/v2\/pages\/14732","targetHints":{"allow":["GET"]}}],"collection":[{"href":"https:\/\/etkiinsaat.com.tr\/index.php?rest_route=\/wp\/v2\/pages"}],"about":[{"href":"https:\/\/etkiinsaat.com.tr\/index.php?rest_route=\/wp\/v2\/types\/page"}],"author":[{"embeddable":true,"href":"https:\/\/etkiinsaat.com.tr\/index.php?rest_route=\/wp\/v2\/users\/3"}],"replies":[{"embeddable":true,"href":"https:\/\/etkiinsaat.com.tr\/index.php?rest_route=%2Fwp%2Fv2%2Fcomments&post=14732"}],"version-history":[{"count":4,"href":"https:\/\/etkiinsaat.com.tr\/index.php?rest_route=\/wp\/v2\/pages\/14732\/revisions"}],"predecessor-version":[{"id":14738,"href":"https:\/\/etkiinsaat.com.tr\/index.php?rest_route=\/wp\/v2\/pages\/14732\/revisions\/14738"}],"wp:attachment":[{"href":"https:\/\/etkiinsaat.com.tr\/index.php?rest_route=%2Fwp%2Fv2%2Fmedia&parent=14732"}],"curies":[{"name":"wp","href":"https:\/\/api.w.org\/{rel}","templated":true}]}}