{"id":15152,"date":"2023-10-01T18:57:19","date_gmt":"2023-10-01T15:57:19","guid":{"rendered":"https:\/\/etkiinsaat.com.tr\/?page_id=15152"},"modified":"2023-10-01T19:00:11","modified_gmt":"2023-10-01T16:00:11","slug":"teknobond-401-v-stirensiz-kartuslu-ankraj-malzemesi","status":"publish","type":"page","link":"https:\/\/etkiinsaat.com.tr\/?page_id=15152","title":{"rendered":"Teknobond 401 V Stirensiz Kartu\u015flu Ankraj Malzemesi"},"content":{"rendered":"\t\t<div data-elementor-type=\"wp-page\" data-elementor-id=\"15152\" class=\"elementor elementor-15152\">\n\t\t\t\t\t\t<section class=\"elementor-section elementor-top-section elementor-element elementor-element-4b9c18a elementor-section-boxed elementor-section-height-default elementor-section-height-default\" data-id=\"4b9c18a\" data-element_type=\"section\" data-e-type=\"section\">\n\t\t\t\t\t\t<div class=\"elementor-container elementor-column-gap-default\">\n\t\t\t\t\t<div class=\"elementor-column elementor-col-33 elementor-top-column elementor-element elementor-element-65ad077\" data-id=\"65ad077\" data-element_type=\"column\" data-e-type=\"column\">\n\t\t\t<div class=\"elementor-widget-wrap elementor-element-populated\">\n\t\t\t\t\t\t<div class=\"elementor-element elementor-element-7b4aa8a elementor-widget elementor-widget-heading\" data-id=\"7b4aa8a\" data-element_type=\"widget\" data-e-type=\"widget\" data-widget_type=\"heading.default\">\n\t\t\t\t<div class=\"elementor-widget-container\">\n\t\t\t\t\t<h2 class=\"elementor-heading-title elementor-size-default\">Teknobond 401 V Stirensiz Kartu\u015flu Ankraj Malzemesi\n<\/h2>\t\t\t\t<\/div>\n\t\t\t\t<\/div>\n\t\t\t\t<div class=\"elementor-element elementor-element-0f676a2 elementor-widget elementor-widget-image\" data-id=\"0f676a2\" data-element_type=\"widget\" data-e-type=\"widget\" data-widget_type=\"image.default\">\n\t\t\t\t<div class=\"elementor-widget-container\">\n\t\t\t\t\t\t\t\t\t\t\t\t\t\t\t<img fetchpriority=\"high\" decoding=\"async\" width=\"250\" height=\"250\" src=\"https:\/\/etkiinsaat.com.tr\/wp-content\/uploads\/2023\/10\/189.jpg\" class=\"attachment-full size-full wp-image-15154\" alt=\"\" srcset=\"https:\/\/etkiinsaat.com.tr\/wp-content\/uploads\/2023\/10\/189.jpg 250w, https:\/\/etkiinsaat.com.tr\/wp-content\/uploads\/2023\/10\/189-150x150.jpg 150w, https:\/\/etkiinsaat.com.tr\/wp-content\/uploads\/2023\/10\/189-201x201.jpg 201w, https:\/\/etkiinsaat.com.tr\/wp-content\/uploads\/2023\/10\/189-100x100.jpg 100w\" sizes=\"(max-width: 250px) 100vw, 250px\" \/>\t\t\t\t\t\t\t\t\t\t\t\t\t\t\t<\/div>\n\t\t\t\t<\/div>\n\t\t\t\t<div class=\"elementor-element elementor-element-73b5d80 elementor-widget elementor-widget-text-editor\" data-id=\"73b5d80\" data-element_type=\"widget\" data-e-type=\"widget\" data-widget_type=\"text-editor.default\">\n\t\t\t\t<div class=\"elementor-widget-container\">\n\t\t\t\t\t\t\t\t\t<div style=\"color: #1c1b1b;\"><span style=\"color: #444444; font-family: 'Open Sans', sans-serif;\"><span style=\"font-size: 14px;\"><span style=\"font-weight: bold;\">Teknik D\u00f6k\u00fcmanlar:<\/span><\/span><\/span><\/div><p><a href=\"https:\/\/tur.sika.com\/content\/dam\/dms\/tr01\/g\/sikaseal_crystalsg.pdf\"><span style=\"font-weight: bolder;\">\u00a0 \u00a0 \u00a0<img decoding=\"async\" src=\"http:\/\/etkiinsaat.com.tr\/wp-content\/uploads\/2023\/09\/pdf-300x300.png\" alt=\"\" width=\"31\" height=\"31\" \/><\/span><\/a><a title=\"TDS Teknik Dok\u00fcman Sayfas\u0131\" href=\"https:\/\/teknoyapi.com.tr\/documents\/TDS-teknobond-401.pdf\" target=\"_blank\" rel=\"noopener\"><span style=\"color: red; font-size: small;\"><span style=\"font-weight: bold;\">TDS Teknik Dok\u00fcman Sayfas\u0131<\/span><\/span>\u00a0<\/a>\u00a0\u00a0<\/p><p>\u00a0<\/p>\t\t\t\t\t\t\t\t<\/div>\n\t\t\t\t<\/div>\n\t\t\t\t\t<\/div>\n\t\t<\/div>\n\t\t\t\t<div class=\"elementor-column elementor-col-66 elementor-top-column elementor-element elementor-element-e3034b3\" data-id=\"e3034b3\" data-element_type=\"column\" data-e-type=\"column\">\n\t\t\t<div class=\"elementor-widget-wrap elementor-element-populated\">\n\t\t\t\t\t\t<div class=\"elementor-element elementor-element-17e8010 elementor-widget elementor-widget-image\" data-id=\"17e8010\" data-element_type=\"widget\" data-e-type=\"widget\" data-widget_type=\"image.default\">\n\t\t\t\t<div class=\"elementor-widget-container\">\n\t\t\t\t\t\t\t\t\t\t\t\t\t\t\t<img decoding=\"async\" width=\"640\" height=\"250\" src=\"https:\/\/etkiinsaat.com.tr\/wp-content\/uploads\/2023\/10\/165-2.jpg\" class=\"attachment-full size-full wp-image-15159\" alt=\"\" srcset=\"https:\/\/etkiinsaat.com.tr\/wp-content\/uploads\/2023\/10\/165-2.jpg 640w, https:\/\/etkiinsaat.com.tr\/wp-content\/uploads\/2023\/10\/165-2-300x117.jpg 300w, https:\/\/etkiinsaat.com.tr\/wp-content\/uploads\/2023\/10\/165-2-303x118.jpg 303w, https:\/\/etkiinsaat.com.tr\/wp-content\/uploads\/2023\/10\/165-2-606x237.jpg 606w, https:\/\/etkiinsaat.com.tr\/wp-content\/uploads\/2023\/10\/165-2-530x207.jpg 530w, https:\/\/etkiinsaat.com.tr\/wp-content\/uploads\/2023\/10\/165-2-450x176.jpg 450w, https:\/\/etkiinsaat.com.tr\/wp-content\/uploads\/2023\/10\/165-2-500x195.jpg 500w, https:\/\/etkiinsaat.com.tr\/wp-content\/uploads\/2023\/10\/165-2-150x59.jpg 150w\" sizes=\"(max-width: 640px) 100vw, 640px\" \/>\t\t\t\t\t\t\t\t\t\t\t\t\t\t\t<\/div>\n\t\t\t\t<\/div>\n\t\t\t\t<div class=\"elementor-element elementor-element-76e0bd0 elementor-widget elementor-widget-text-editor\" data-id=\"76e0bd0\" data-element_type=\"widget\" data-e-type=\"widget\" data-widget_type=\"text-editor.default\">\n\t\t\t\t<div class=\"elementor-widget-container\">\n\t\t\t\t\t\t\t\t\t<p><strong style=\"outline: 0px; margin: 0px; padding: 0px; border: 0px; font-size: 14px; vertical-align: baseline; background: 0px 0px; color: #000000; font-family: roboto, Verdana;\">\u00dcr\u00fcn Tan\u0131m\u0131<\/strong><br style=\"outline: none; color: #000000; font-family: roboto, Verdana; font-size: 14px;\" \/><span style=\"color: #000000; font-family: roboto, Verdana; font-size: 14px;\">\u00c7ift bile\u015fenli, stiren i\u00e7ermeyen, nem toleransl\u0131, tiksotropik, kartu\u015flu kimyasal d\u00fcbel.<\/span><br style=\"outline: none; color: #000000; font-family: roboto, Verdana; font-size: 14px;\" \/><br style=\"outline: none; color: #000000; font-family: roboto, Verdana; font-size: 14px;\" \/><strong style=\"outline: 0px; margin: 0px; padding: 0px; border: 0px; font-size: 14px; vertical-align: baseline; background: 0px 0px; color: #000000; font-family: roboto, Verdana;\">Kullan\u0131m Alanlar\u0131<\/strong><br style=\"outline: none; color: #000000; font-family: roboto, Verdana; font-size: 14px;\" \/><span style=\"color: #000000; font-family: roboto, Verdana; font-size: 14px;\">\u2022 Donat\u0131lar\u0131n ve ba\u011flant\u0131 rotlar\u0131n\u0131n; betona, bo\u015fluklu veya dolu tu\u011fla vb. &#8216;lerine ankraj\u0131nda ve tamirlerde,<\/span><br style=\"outline: none; color: #000000; font-family: roboto, Verdana; font-size: 14px;\" \/><span style=\"color: #000000; font-family: roboto, Verdana; font-size: 14px;\">\u2022 Metal filizi ekiminde, prefabrik eleman ankrajlar\u0131nda, enjeksiyon pakerlerinin ve aparatlar\u0131n\u0131n sabitlenmesinde,<\/span><br style=\"outline: none; color: #000000; font-family: roboto, Verdana; font-size: 14px;\" \/><span style=\"color: #000000; font-family: roboto, Verdana; font-size: 14px;\">\u2022 C\u0131vata ve pimlerin ankrajlar\u0131nda, merkezi \u0131s\u0131tma havaland\u0131rma vb. borular\u0131n ve tesisat\u0131n montaj\u0131nda,<\/span><br style=\"outline: none; color: #000000; font-family: roboto, Verdana; font-size: 14px;\" \/><span style=\"color: #000000; font-family: roboto, Verdana; font-size: 14px;\">\u2022 \u00c7atlakl\u0131 ve \u00e7atlaks\u0131z betonda her t\u00fcrl\u00fc ankrajlama elemanlar\u0131 ile birlikte kullan\u0131ma uygundur.<\/span><br style=\"outline: none; color: #000000; font-family: roboto, Verdana; font-size: 14px;\" \/><span style=\"color: #000000; font-family: roboto, Verdana; font-size: 14px;\">\u2022 Her t\u00fcrl\u00fc yap malzemesinin yap\u0131\u015ft\u0131r\u0131lmas\u0131nda kullan\u0131l\u0131r.<\/span><br style=\"outline: none; color: #000000; font-family: roboto, Verdana; font-size: 14px;\" \/><br style=\"outline: none; color: #000000; font-family: roboto, Verdana; font-size: 14px;\" \/><br style=\"outline: none; color: #000000; font-family: roboto, Verdana; font-size: 14px;\" \/><strong style=\"outline: 0px; margin: 0px; padding: 0px; border: 0px; font-size: 14px; vertical-align: baseline; background: 0px 0px; color: #000000; font-family: roboto, Verdana;\">\u00d6zellikleri ve Avantajlar\u0131<\/strong><br style=\"outline: none; color: #000000; font-family: roboto, Verdana; font-size: 14px;\" \/><span style=\"color: #000000; font-family: roboto, Verdana; font-size: 14px;\">\u2022 Kokusuzdur ve i\u00e7 ortamlarda uygulanabilir.<\/span><br style=\"outline: none; color: #000000; font-family: roboto, Verdana; font-size: 14px;\" \/><span style=\"color: #000000; font-family: roboto, Verdana; font-size: 14px;\">\u2022 Stiren i\u00e7ermez.<\/span><br style=\"outline: none; color: #000000; font-family: roboto, Verdana; font-size: 14px;\" \/><span style=\"color: #000000; font-family: roboto, Verdana; font-size: 14px;\">\u2022 Mekanik mukavemetini \u00e7abuk kazan\u0131r.<\/span><br style=\"outline: none; color: #000000; font-family: roboto, Verdana; font-size: 14px;\" \/><span style=\"color: #000000; font-family: roboto, Verdana; font-size: 14px;\">\u2022 Uygulamas\u0131 kolayd\u0131r, zamandan tasarruf sa\u011flar.<\/span><br style=\"outline: none; color: #000000; font-family: roboto, Verdana; font-size: 14px;\" \/><span style=\"color: #000000; font-family: roboto, Verdana; font-size: 14px;\">\u2022 Macun k\u0131vam\u0131ndad\u0131r, sarkma yapmaz; ba\u015f \u00fcst\u00fc uygulamalarda rahatl\u0131kla kullan\u0131labilir.<\/span><br style=\"outline: none; color: #000000; font-family: roboto, Verdana; font-size: 14px;\" \/><span style=\"color: #000000; font-family: roboto, Verdana; font-size: 14px;\">\u2022 Donat\u0131lar\u0131 korozyona kar\u015f\u0131 korur.<\/span><br style=\"outline: none; color: #000000; font-family: roboto, Verdana; font-size: 14px;\" \/><span style=\"color: #000000; font-family: roboto, Verdana; font-size: 14px;\">\u2022 Kimyasal maddelere kar\u015f\u0131 dayan\u0131m\u0131 y\u00fcksektir.<\/span><br style=\"outline: none; color: #000000; font-family: roboto, Verdana; font-size: 14px;\" \/><span style=\"color: #000000; font-family: roboto, Verdana; font-size: 14px;\">\u2022 Nemli y\u00fczeylerde dahi rahatl\u0131kla uygulanabilir.<\/span><br style=\"outline: none; color: #000000; font-family: roboto, Verdana; font-size: 14px;\" \/><br style=\"outline: none; color: #000000; font-family: roboto, Verdana; font-size: 14px;\" \/><strong style=\"outline: 0px; margin: 0px; padding: 0px; border: 0px; font-size: 14px; vertical-align: baseline; background: 0px 0px; color: #000000; font-family: roboto, Verdana;\">Uygulama Talimatlar\u0131<\/strong><br style=\"outline: none; color: #000000; font-family: roboto, Verdana; font-size: 14px;\" \/><span style=\"color: #000000; font-family: roboto, Verdana; font-size: 14px;\">Y\u00fczey Haz\u0131rl\u0131\u011f\u0131: Uygulama y\u00fczeyi her t\u00fcrl\u00fc toz, kir, zay\u0131f ve oynak par\u00e7ac\u0131klardan, ya\u011f ve gresten ar\u0131nd\u0131r\u0131lm\u0131\u015f olmal\u0131d\u0131r. Beton y\u00fczey temiz, sa\u011flam ve yeterli bas\u0131n\u00e7 dayan\u0131m\u0131na sahip olmal\u0131d\u0131r. Beton nemli olsa bile a\u015f\u0131r\u0131 suya doygun olmamas\u0131 gerekmektedir. Uygulama y\u00fczeyi, en fazla yap\u0131\u015fma dayan\u0131m\u0131n\u0131 sa\u011flamak amac\u0131yla, bas\u0131n\u00e7l\u0131 hava tutma vb. y\u00f6ntemler kullan\u0131larak temizlenmi\u015f olmal\u0131d\u0131r.<\/span><br style=\"outline: none; color: #000000; font-family: roboto, Verdana; font-size: 14px;\" \/><br style=\"outline: none; color: #000000; font-family: roboto, Verdana; font-size: 14px;\" \/><span style=\"color: #000000; font-family: roboto, Verdana; font-size: 14px;\">Uygulama Talimatlar\u0131: \u00dcr\u00fcn kapa\u011f\u0131n\u0131 \u00e7evirerek a\u00e7\u0131n\u0131z ve \u00e7\u0131kar\u0131n\u0131z, bunun yerine statik kar\u0131\u015ft\u0131r\u0131c\u0131 ucu tak\u0131n\u0131z. Kartu\u015f tabancas\u0131na yerle\u015ftirip uygulamaya ba\u015flay\u0131n\u0131z. Uygulamaya ara verildi\u011finde, tabancadaki bas\u0131n\u00e7 bo\u015falt\u0131ld\u0131ktan sonra statik kar\u0131\u015ft\u0131r\u0131c\u0131 u\u00e7 kartu\u015f \u00fczerinde b\u0131rak\u0131labilir. Re\u00e7ine, statik kar\u0131\u015ft\u0131r\u0131c\u0131da sertle\u015fmi\u015f ise \u00e7al\u0131\u015fmaya ba\u015flamadan \u00f6nce yeni bir u\u00e7 tak\u0131lmal\u0131d\u0131r. A\u00e7\u0131lm\u0131\u015f bir kartu\u015fu saklarken statik kar\u0131\u015ft\u0131r\u0131c\u0131y\u0131 \u00e7evirerek \u00e7\u0131kart\u0131n\u0131z, kartu\u015f a\u011fz\u0131n\u0131 temiz ve kuru bir bezle temizleyerek ve kapa\u011f\u0131n\u0131 kapat\u0131n\u0131z.<\/span><br style=\"outline: none; color: #000000; font-family: roboto, Verdana; font-size: 14px;\" \/><br style=\"outline: none; color: #000000; font-family: roboto, Verdana; font-size: 14px;\" \/><span style=\"color: #000000; font-family: roboto, Verdana; font-size: 14px;\">Gereken \u00e7ap ve derinlikteki deli\u011fi darbeli matkapla delin. Delik \u00e7ap\u0131 ve derinli\u011fi kullan\u0131lacak ankraj eleman\u0131n\u0131n boyutuna g\u00f6re olmal\u0131d\u0131r. A\u00e7\u0131lan delik, yuvarlak tel f\u0131r\u00e7a ve bas\u0131n\u00e7l\u0131 hava ile dip k\u0131sm\u0131ndan ba\u015flanarak temizlenmelidir. Deliklerde toz, kir, ya\u011f vb. yabanc\u0131 madde kalmamal\u0131d\u0131r. Kartu\u015fun i\u00e7indeki iki ayr\u0131 bile\u015fen statik kar\u0131\u015ft\u0131r\u0131c\u0131n\u0131n ucundan kar\u0131\u015fm\u0131\u015f halde \u00e7\u0131kana kadar teti\u011fe bas\u0131n. Deli\u011fin dibinden ba\u015flayarak re\u00e7ineyi i\u00e7eri s\u0131karken kartu\u015fu yava\u015f\u00e7a d\u0131\u015far\u0131 \u00e7ekin. \u0130\u00e7eride hava bo\u015flu\u011fu kalmamas\u0131na dikkat edin. Derin deliklerde uzatma ucu kullan\u0131labilir. Ankraj eleman\u0131n\u0131 d\u00f6nd\u00fcrerek i\u00e7eri sokun. Bir miktar re\u00e7ine d\u0131\u015far\u0131 \u00e7\u0131kt\u0131ktan sonra, ankraj elaman\u0131 re\u00e7inenin jelle\u015fme s\u00fcresi i\u00e7inde deli\u011fe yerle\u015ftirilmelidir. Sertle\u015fme s\u00fcresince ankraj eleman\u0131 kesinlikle oynat\u0131lmamal\u0131 veya y\u00fcklenmemelidir. Uygulama esnas\u0131nda i\u015f ve i\u015f\u00e7i sa\u011fl\u0131\u011f\u0131na uygun i\u015f elbisesi, koruyucu eldiven, g\u00f6zl\u00fck ve eldiven kullan\u0131lmal\u0131d\u0131r. K\u00fcrlenmi\u015f malzemelerin tahri\u015f edici etkilerinden dolay\u0131, bile\u015fenler cilde ve g\u00f6ze temas ettirilmemeli, temas etmesi halinde hemen bol su ve sabunla y\u0131kanmal\u0131d\u0131r.<\/span><br style=\"outline: none; color: #000000; font-family: roboto, Verdana; font-size: 14px;\" \/><br style=\"outline: none; color: #000000; font-family: roboto, Verdana; font-size: 14px;\" \/><strong style=\"outline: 0px; margin: 0px; padding: 0px; border: 0px; font-size: 14px; vertical-align: baseline; background: 0px 0px; color: #000000; font-family: roboto, Verdana;\">Uygulama Notlar\u0131 \/ S\u0131n\u0131rlamalar<\/strong><br style=\"outline: none; color: #000000; font-family: roboto, Verdana; font-size: 14px;\" \/><span style=\"color: #000000; font-family: roboto, Verdana; font-size: 14px;\">\u2022 Ankraj malzemesini bo\u015fluklu malzemelere tespit edebilmek i\u00e7in (tu\u011fla veya bloklar) ankraj d\u00fcbeli kullan\u0131n\u0131z. Tabancadan \u00e7\u0131kan ilk kar\u0131\u015f\u0131m\u0131 kullanmay\u0131n\u0131z.<\/span><br style=\"outline: none; color: #000000; font-family: roboto, Verdana; font-size: 14px;\" \/><span style=\"color: #000000; font-family: roboto, Verdana; font-size: 14px;\">\u2022 Stiren i\u00e7ermez.<\/span><br style=\"outline: none; color: #000000; font-family: roboto, Verdana; font-size: 14px;\" \/><span style=\"color: #000000; font-family: roboto, Verdana; font-size: 14px;\">\u2022 Cilde temas eden yerler ve eller su ve sabun ile y\u0131kanmal\u0131d\u0131r. G\u00f6z ile temas halinde doktora ba\u015fvurunuz .<\/span><br style=\"outline: none; color: #000000; font-family: roboto, Verdana; font-size: 14px;\" \/><span style=\"color: #000000; font-family: roboto, Verdana; font-size: 14px;\">\u2022 Uygulamadan hemen sonra, hen\u00fcz sertle\u015fmeden; Aletler; TEKNO T\u0130NER ile temizlenmelidir.<\/span><br style=\"outline: none; color: #000000; font-family: roboto, Verdana; font-size: 14px;\" \/><span style=\"color: #000000; font-family: roboto, Verdana; font-size: 14px;\">\u2022 Sertle\u015fen har\u00e7 sadece mekanik olarak temizlenebilir.<\/span><br style=\"outline: none; color: #000000; font-family: roboto, Verdana; font-size: 14px;\" \/><span style=\"color: #000000; font-family: roboto, Verdana; font-size: 14px;\">\u2022 Sadece iyi havaland\u0131r\u0131lan yerde kullan\u0131n\u0131z.<\/span><br style=\"outline: none; color: #000000; font-family: roboto, Verdana; font-size: 14px;\" \/><span style=\"color: #000000; font-family: roboto, Verdana; font-size: 14px;\">\u2022 \u00dcr\u00fcn ciltte tahri\u015f yapabilir. Koruyucu eldiven, maske ve g\u00f6zl\u00fck kullan\u0131lmal\u0131d\u0131r. \u0130\u015fe ba\u015flamadan \u00f6nce ellere koruyucu krem s\u00fcr\u00fclebilir. Harc\u0131n g\u00f6zle temas\u0131 halinde g\u00f6zler derhal \u0131l\u0131k su ile y\u0131kanmal\u0131 vedoktora ba\u015fvurmal\u0131d\u0131r.<\/span><br style=\"outline: none; color: #000000; font-family: roboto, Verdana; font-size: 14px;\" \/><span style=\"color: #000000; font-family: roboto, Verdana; font-size: 14px;\">\u2022 Kimyasal d\u00fcbel M8-M10-M12-M16-M20-M24-M27-M30 rotlar ile (i\u00e7ten ve d\u0131\u015ftan di\u015fli \u00e7ubuklar ile)uygulanabilir.<\/span><br style=\"outline: none; color: #000000; font-family: roboto, Verdana; font-size: 14px;\" \/><span style=\"color: #000000; font-family: roboto, Verdana; font-size: 14px;\">\u2022 \u00dcr\u00fcn, darbeli matkap ve karot ile a\u00e7\u0131lm\u0131\u015f deliklerde kullan\u0131labilir olmal\u0131 ve tozsuz delim ucu yard\u0131m\u0131yla otomatik temizlenmesini kapsayan ETA onay\u0131na sahiptir.<\/span><br style=\"outline: none; color: #000000; font-family: roboto, Verdana; font-size: 14px;\" \/><span style=\"color: #000000; font-family: roboto, Verdana; font-size: 14px;\">\u2022 Delimlerin matkapla yap\u0131lmas\u0131 durumunda tozsuz delim ucu (safeset) kullan\u0131lacakt\u0131r.<\/span><br style=\"outline: none; color: #000000; font-family: roboto, Verdana; font-size: 14px;\" \/><span style=\"color: #000000; font-family: roboto, Verdana; font-size: 14px;\">\u2022 \u00dcr\u00fcn, kuru, hafif nemli ve su dolu deliklerde uygulanabilir.<\/span><br style=\"outline: none; color: #000000; font-family: roboto, Verdana; font-size: 14px;\" \/><span style=\"color: #000000; font-family: roboto, Verdana; font-size: 14px;\">\u2022 \u00dcr\u00fcn\u00fcn \u015fok y\u00fck\u00fc test raporlar\u0131nda bulunmaktad\u0131r.<\/span><br style=\"outline: none; color: #000000; font-family: roboto, Verdana; font-size: 14px;\" \/><span style=\"color: #000000; font-family: roboto, Verdana; font-size: 14px;\">\u2022 Malzemenin uygulanabilmesi i\u00e7in kartu\u015fun (+)5 \u00b0C \/ (+)25 \u00b0C aras\u0131nda muhafaza edilmesi gereklidir.<\/span><br style=\"outline: none; color: #000000; font-family: roboto, Verdana; font-size: 14px;\" \/><span style=\"color: #000000; font-family: roboto, Verdana; font-size: 14px;\">\u2022 \u00dcr\u00fcn, ana malzemenin (betonun) (-)5 \u00b0C \/ (+)40 \u00b0C s\u0131cakl\u0131k aral\u0131\u011f\u0131nda oldu\u011fu \u015fartlarda uygulanabilir.<\/span><\/p>\t\t\t\t\t\t\t\t<\/div>\n\t\t\t\t<\/div>\n\t\t\t\t\t<\/div>\n\t\t<\/div>\n\t\t\t\t\t<\/div>\n\t\t<\/section>\n\t\t\t\t<\/div>\n\t\t","protected":false},"excerpt":{"rendered":"<p>Teknobond 401 V Stirensiz Kartu\u015flu Ankraj Malzemesi Teknik D\u00f6k\u00fcmanlar: \u00a0 \u00a0 \u00a0TDS Teknik Dok\u00fcman Sayfas\u0131\u00a0\u00a0\u00a0 \u00a0 \u00dcr\u00fcn Tan\u0131m\u0131\u00c7ift bile\u015fenli, stiren i\u00e7ermeyen, nem toleransl\u0131, tiksotropik, kartu\u015flu kimyasal d\u00fcbel.Kullan\u0131m Alanlar\u0131\u2022 Donat\u0131lar\u0131n ve ba\u011flant\u0131 rotlar\u0131n\u0131n; betona, bo\u015fluklu veya dolu tu\u011fla vb. &#8216;lerine ankraj\u0131nda ve tamirlerde,\u2022 Metal filizi ekiminde, prefabrik eleman ankrajlar\u0131nda, enjeksiyon pakerlerinin ve aparatlar\u0131n\u0131n sabitlenmesinde,\u2022 C\u0131vata ve pimlerin ankrajlar\u0131nda, merkezi \u0131s\u0131tma havaland\u0131rma vb. borular\u0131n ve tesisat\u0131n montaj\u0131nda,\u2022 \u00c7atlakl\u0131 ve \u00e7atlaks\u0131z betonda her t\u00fcrl\u00fc ankrajlama elemanlar\u0131 ile birlikte kullan\u0131ma uygundur.\u2022 Her t\u00fcrl\u00fc yap malzemesinin yap\u0131\u015ft\u0131r\u0131lmas\u0131nda kullan\u0131l\u0131r.\u00d6zellikleri ve Avantajlar\u0131\u2022 Kokusuzdur ve i\u00e7 ortamlarda uygulanabilir.\u2022 Stiren i\u00e7ermez.\u2022 Mekanik mukavemetini \u00e7abuk kazan\u0131r.\u2022 Uygulamas\u0131 kolayd\u0131r, zamandan tasarruf sa\u011flar.\u2022 Macun k\u0131vam\u0131ndad\u0131r, sarkma yapmaz; ba\u015f \u00fcst\u00fc uygulamalarda rahatl\u0131kla kullan\u0131labilir.\u2022 Donat\u0131lar\u0131 korozyona kar\u015f\u0131 korur.\u2022 Kimyasal maddelere kar\u015f\u0131 dayan\u0131m\u0131 y\u00fcksektir.\u2022 Nemli y\u00fczeylerde dahi rahatl\u0131kla uygulanabilir.Uygulama Talimatlar\u0131Y\u00fczey Haz\u0131rl\u0131\u011f\u0131: Uygulama y\u00fczeyi her t\u00fcrl\u00fc toz, kir, zay\u0131f ve oynak par\u00e7ac\u0131klardan, ya\u011f ve gresten ar\u0131nd\u0131r\u0131lm\u0131\u015f olmal\u0131d\u0131r. Beton y\u00fczey temiz, sa\u011flam ve yeterli bas\u0131n\u00e7 dayan\u0131m\u0131na sahip [&hellip;]<\/p>\n","protected":false},"author":3,"featured_media":0,"parent":0,"menu_order":0,"comment_status":"closed","ping_status":"closed","template":"page-full.php","meta":{"_joinchat":[],"footnotes":""},"class_list":["post-15152","page","type-page","status-publish","hentry"],"_links":{"self":[{"href":"https:\/\/etkiinsaat.com.tr\/index.php?rest_route=\/wp\/v2\/pages\/15152","targetHints":{"allow":["GET"]}}],"collection":[{"href":"https:\/\/etkiinsaat.com.tr\/index.php?rest_route=\/wp\/v2\/pages"}],"about":[{"href":"https:\/\/etkiinsaat.com.tr\/index.php?rest_route=\/wp\/v2\/types\/page"}],"author":[{"embeddable":true,"href":"https:\/\/etkiinsaat.com.tr\/index.php?rest_route=\/wp\/v2\/users\/3"}],"replies":[{"embeddable":true,"href":"https:\/\/etkiinsaat.com.tr\/index.php?rest_route=%2Fwp%2Fv2%2Fcomments&post=15152"}],"version-history":[{"count":7,"href":"https:\/\/etkiinsaat.com.tr\/index.php?rest_route=\/wp\/v2\/pages\/15152\/revisions"}],"predecessor-version":[{"id":15162,"href":"https:\/\/etkiinsaat.com.tr\/index.php?rest_route=\/wp\/v2\/pages\/15152\/revisions\/15162"}],"wp:attachment":[{"href":"https:\/\/etkiinsaat.com.tr\/index.php?rest_route=%2Fwp%2Fv2%2Fmedia&parent=15152"}],"curies":[{"name":"wp","href":"https:\/\/api.w.org\/{rel}","templated":true}]}}