{"id":15229,"date":"2023-10-01T19:32:31","date_gmt":"2023-10-01T16:32:31","guid":{"rendered":"https:\/\/etkiinsaat.com.tr\/?page_id=15229"},"modified":"2023-10-01T19:34:44","modified_gmt":"2023-10-01T16:34:44","slug":"teknowrap-karbon-mesh-200","status":"publish","type":"page","link":"https:\/\/etkiinsaat.com.tr\/?page_id=15229","title":{"rendered":"Teknowrap Karbon Mesh 200"},"content":{"rendered":"\t\t<div data-elementor-type=\"wp-page\" data-elementor-id=\"15229\" class=\"elementor elementor-15229\">\n\t\t\t\t\t\t<section class=\"elementor-section elementor-top-section elementor-element elementor-element-b11e7c6 elementor-section-boxed elementor-section-height-default elementor-section-height-default\" data-id=\"b11e7c6\" data-element_type=\"section\" data-e-type=\"section\">\n\t\t\t\t\t\t<div class=\"elementor-container elementor-column-gap-default\">\n\t\t\t\t\t<div class=\"elementor-column elementor-col-33 elementor-top-column elementor-element elementor-element-2edb526\" data-id=\"2edb526\" data-element_type=\"column\" data-e-type=\"column\">\n\t\t\t<div class=\"elementor-widget-wrap elementor-element-populated\">\n\t\t\t\t\t\t<div class=\"elementor-element elementor-element-2110037 elementor-widget elementor-widget-heading\" data-id=\"2110037\" data-element_type=\"widget\" data-e-type=\"widget\" data-widget_type=\"heading.default\">\n\t\t\t\t<div class=\"elementor-widget-container\">\n\t\t\t\t\t<h2 class=\"elementor-heading-title elementor-size-default\">Teknowrap Karbon Mesh 200\n<\/h2>\t\t\t\t<\/div>\n\t\t\t\t<\/div>\n\t\t\t\t<div class=\"elementor-element elementor-element-603360d elementor-widget elementor-widget-image\" data-id=\"603360d\" data-element_type=\"widget\" data-e-type=\"widget\" data-widget_type=\"image.default\">\n\t\t\t\t<div class=\"elementor-widget-container\">\n\t\t\t\t\t\t\t\t\t\t\t\t\t\t\t<img fetchpriority=\"high\" decoding=\"async\" width=\"848\" height=\"820\" src=\"https:\/\/etkiinsaat.com.tr\/wp-content\/uploads\/2023\/10\/200.jpg\" class=\"attachment-full size-full wp-image-15231\" alt=\"\" srcset=\"https:\/\/etkiinsaat.com.tr\/wp-content\/uploads\/2023\/10\/200.jpg 848w, https:\/\/etkiinsaat.com.tr\/wp-content\/uploads\/2023\/10\/200-300x290.jpg 300w, https:\/\/etkiinsaat.com.tr\/wp-content\/uploads\/2023\/10\/200-768x743.jpg 768w, https:\/\/etkiinsaat.com.tr\/wp-content\/uploads\/2023\/10\/200-567x548.jpg 567w, https:\/\/etkiinsaat.com.tr\/wp-content\/uploads\/2023\/10\/200-208x201.jpg 208w, https:\/\/etkiinsaat.com.tr\/wp-content\/uploads\/2023\/10\/200-416x402.jpg 416w, https:\/\/etkiinsaat.com.tr\/wp-content\/uploads\/2023\/10\/200-362x350.jpg 362w, https:\/\/etkiinsaat.com.tr\/wp-content\/uploads\/2023\/10\/200-450x435.jpg 450w, https:\/\/etkiinsaat.com.tr\/wp-content\/uploads\/2023\/10\/200-295x285.jpg 295w, https:\/\/etkiinsaat.com.tr\/wp-content\/uploads\/2023\/10\/200-103x100.jpg 103w\" sizes=\"(max-width: 848px) 100vw, 848px\" \/>\t\t\t\t\t\t\t\t\t\t\t\t\t\t\t<\/div>\n\t\t\t\t<\/div>\n\t\t\t\t<div class=\"elementor-element elementor-element-ff3b717 elementor-widget elementor-widget-text-editor\" data-id=\"ff3b717\" data-element_type=\"widget\" data-e-type=\"widget\" data-widget_type=\"text-editor.default\">\n\t\t\t\t<div class=\"elementor-widget-container\">\n\t\t\t\t\t\t\t\t\t<div style=\"color: #1c1b1b;\"><span style=\"color: #444444; font-family: 'Open Sans', sans-serif;\"><span style=\"font-size: 14px;\"><span style=\"font-weight: bold;\">Teknik D\u00f6k\u00fcmanlar:<\/span><\/span><\/span><\/div><p><a href=\"https:\/\/tur.sika.com\/content\/dam\/dms\/tr01\/g\/sikaseal_crystalsg.pdf\"><span style=\"font-weight: bolder;\">\u00a0 \u00a0 \u00a0<img decoding=\"async\" src=\"http:\/\/etkiinsaat.com.tr\/wp-content\/uploads\/2023\/09\/pdf-300x300.png\" alt=\"\" width=\"31\" height=\"31\" \/><\/span><\/a><a title=\"TDS Teknik Dok\u00fcman Sayfas\u0131\" href=\"https:\/\/teknoyapi.com.tr\/documents\/TDS-teknowrap-karbon-mesh-200.pdf\" target=\"_blank\" rel=\"noopener\"><span style=\"color: red; font-size: small;\"><span style=\"font-weight: bold;\">TDS Teknik Dok\u00fcman Sayfas\u0131<\/span><\/span>\u00a0<\/a>\u00a0\u00a0<\/p><p>\u00a0<\/p>\t\t\t\t\t\t\t\t<\/div>\n\t\t\t\t<\/div>\n\t\t\t\t\t<\/div>\n\t\t<\/div>\n\t\t\t\t<div class=\"elementor-column elementor-col-66 elementor-top-column elementor-element elementor-element-ba0c724\" data-id=\"ba0c724\" data-element_type=\"column\" data-e-type=\"column\">\n\t\t\t<div class=\"elementor-widget-wrap elementor-element-populated\">\n\t\t\t\t\t\t<div class=\"elementor-element elementor-element-c789510 elementor-widget elementor-widget-image\" data-id=\"c789510\" data-element_type=\"widget\" data-e-type=\"widget\" data-widget_type=\"image.default\">\n\t\t\t\t<div class=\"elementor-widget-container\">\n\t\t\t\t\t\t\t\t\t\t\t\t\t\t\t<img decoding=\"async\" width=\"641\" height=\"251\" src=\"https:\/\/etkiinsaat.com.tr\/wp-content\/uploads\/2023\/10\/196-2.jpg\" class=\"attachment-full size-full wp-image-15204\" alt=\"\" srcset=\"https:\/\/etkiinsaat.com.tr\/wp-content\/uploads\/2023\/10\/196-2.jpg 641w, https:\/\/etkiinsaat.com.tr\/wp-content\/uploads\/2023\/10\/196-2-300x117.jpg 300w, https:\/\/etkiinsaat.com.tr\/wp-content\/uploads\/2023\/10\/196-2-303x119.jpg 303w, https:\/\/etkiinsaat.com.tr\/wp-content\/uploads\/2023\/10\/196-2-606x237.jpg 606w, https:\/\/etkiinsaat.com.tr\/wp-content\/uploads\/2023\/10\/196-2-530x208.jpg 530w, https:\/\/etkiinsaat.com.tr\/wp-content\/uploads\/2023\/10\/196-2-450x176.jpg 450w, https:\/\/etkiinsaat.com.tr\/wp-content\/uploads\/2023\/10\/196-2-500x196.jpg 500w, https:\/\/etkiinsaat.com.tr\/wp-content\/uploads\/2023\/10\/196-2-150x59.jpg 150w\" sizes=\"(max-width: 641px) 100vw, 641px\" \/>\t\t\t\t\t\t\t\t\t\t\t\t\t\t\t<\/div>\n\t\t\t\t<\/div>\n\t\t\t\t<div class=\"elementor-element elementor-element-5ae7c44 elementor-widget elementor-widget-text-editor\" data-id=\"5ae7c44\" data-element_type=\"widget\" data-e-type=\"widget\" data-widget_type=\"text-editor.default\">\n\t\t\t\t<div class=\"elementor-widget-container\">\n\t\t\t\t\t\t\t\t\t<p><strong style=\"outline: 0px; margin: 0px; padding: 0px; border: 0px; font-size: 14px; vertical-align: baseline; background: 0px 0px; color: #000000; font-family: roboto, Verdana;\">\u00dcr\u00fcn Tan\u0131m\u0131<\/strong><br style=\"outline: none; color: #000000; font-family: roboto, Verdana; font-size: 14px;\" \/><span style=\"color: #000000; font-family: roboto, Verdana; font-size: 14px;\">Teknowrap Karbon Mesh 200 \u00f6zellikle tu\u011fla ve ta\u015f duvarlar\u0131n g\u00fc\u00e7lendirilmesi, tarihi b\u00f6lge zeminlerinin sa\u011flamla\u015ft\u0131r\u0131lmas\u0131 ve korunmas\u0131 i\u00e7in geli\u015ftirilmi\u015f \u00f6zel bir<\/span><br style=\"outline: none; color: #000000; font-family: roboto, Verdana; font-size: 14px;\" \/><span style=\"color: #000000; font-family: roboto, Verdana; font-size: 14px;\">\u00fcr\u00fcnd\u00fcr. Y\u00fcksek alkali dayan\u0131ml\u0131 ve y\u00fcksek performansl\u0131, her t\u00fcrl\u00fc kimyasal ortama dayan\u0131kl\u0131 bu malzeme, \u00e7imento esasl\u0131 uygulamalarda da rahatl\u0131kla kullan\u0131labilir.<\/span><br style=\"outline: none; color: #000000; font-family: roboto, Verdana; font-size: 14px;\" \/><br style=\"outline: none; color: #000000; font-family: roboto, Verdana; font-size: 14px;\" \/><strong style=\"outline: 0px; margin: 0px; padding: 0px; border: 0px; font-size: 14px; vertical-align: baseline; background: 0px 0px; color: #000000; font-family: roboto, Verdana;\">Kullan\u0131m Alanlar\u0131<\/strong><br style=\"outline: none; color: #000000; font-family: roboto, Verdana; font-size: 14px;\" \/><span style=\"color: #000000; font-family: roboto, Verdana; font-size: 14px;\">\u2022 Tu\u011fla, ta\u015f duvarlar\u0131n g\u00fc\u00e7lendirilmesinde,<\/span><br style=\"outline: none; color: #000000; font-family: roboto, Verdana; font-size: 14px;\" \/><span style=\"color: #000000; font-family: roboto, Verdana; font-size: 14px;\">\u2022 Tarihi kiri\u015f ve kemerlerin g\u00fc\u00e7lendirilmesi,<\/span><br style=\"outline: none; color: #000000; font-family: roboto, Verdana; font-size: 14px;\" \/><span style=\"color: #000000; font-family: roboto, Verdana; font-size: 14px;\">\u2022 Tarihi alanlar\u0131n zeminlerinin g\u00fc\u00e7lendirilmesi.<\/span><br style=\"outline: none; color: #000000; font-family: roboto, Verdana; font-size: 14px;\" \/><br style=\"outline: none; color: #000000; font-family: roboto, Verdana; font-size: 14px;\" \/><strong style=\"outline: 0px; margin: 0px; padding: 0px; border: 0px; font-size: 14px; vertical-align: baseline; background: 0px 0px; color: #000000; font-family: roboto, Verdana;\">\u00d6zellikleri ve Avantajlar\u0131<\/strong><br style=\"outline: none; color: #000000; font-family: roboto, Verdana; font-size: 14px;\" \/><span style=\"color: #000000; font-family: roboto, Verdana; font-size: 14px;\">\u2022 Teknowrap Karbon Mesh 200 ile tamir metodunun en bariz avantaj\u0131 yap\u0131n\u0131n i\u00e7erisinde \u00e7ok az kal\u0131nl\u0131k eklemesine ra\u011fmen klasik metodlarla elde edilecek sa\u011flaml\u0131\u011f\u0131n kat kat fazlas\u0131n\u0131 elde edebilmesidir.<\/span><br style=\"outline: none; color: #000000; font-family: roboto, Verdana; font-size: 14px;\" \/><span style=\"color: #000000; font-family: roboto, Verdana; font-size: 14px;\">\u2022 \u00c7elikten daha g\u00fc\u00e7l\u00fc ama \u00e7ok daha hafiftir.<\/span><br style=\"outline: none; color: #000000; font-family: roboto, Verdana; font-size: 14px;\" \/><span style=\"color: #000000; font-family: roboto, Verdana; font-size: 14px;\">\u2022 Paslanma, korozyon problemi yoktur.<\/span><br style=\"outline: none; color: #000000; font-family: roboto, Verdana; font-size: 14px;\" \/><span style=\"color: #000000; font-family: roboto, Verdana; font-size: 14px;\">\u2022 M\u00fcdahalenin olumsuz etkilerini asgariye indirir.<\/span><br style=\"outline: none; color: #000000; font-family: roboto, Verdana; font-size: 14px;\" \/><br style=\"outline: none; color: #000000; font-family: roboto, Verdana; font-size: 14px;\" \/><strong style=\"outline: 0px; margin: 0px; padding: 0px; border: 0px; font-size: 14px; vertical-align: baseline; background: 0px 0px; color: #000000; font-family: roboto, Verdana;\">Uygulama Talimatlar\u0131<\/strong><br style=\"outline: none; color: #000000; font-family: roboto, Verdana; font-size: 14px;\" \/><span style=\"color: #000000; font-family: roboto, Verdana; font-size: 14px;\">Yap\u0131n\u0131n asl\u0131na olumsuz etki etmeksizin, \u00f6zelliklerine uyum sa\u011flayacak \u015fekilde m\u00fcdahaleye imkan verir. \u00d6zel olarak geli\u015ftirilmi\u015f kaplamas\u0131 sayesinde farkl\u0131 malzemelere uyum<\/span><br style=\"outline: none; color: #000000; font-family: roboto, Verdana; font-size: 14px;\" \/><span style=\"color: #000000; font-family: roboto, Verdana; font-size: 14px;\">g\u00f6sterir.<\/span><br style=\"outline: none; color: #000000; font-family: roboto, Verdana; font-size: 14px;\" \/><span style=\"color: #000000; font-family: roboto, Verdana; font-size: 14px;\">Y\u00fcksek mekanik mukavemet ve elastisite mod\u00fcl\u00fcne sahiptir.<\/span><br style=\"outline: none; color: #000000; font-family: roboto, Verdana; font-size: 14px;\" \/><span style=\"color: #000000; font-family: roboto, Verdana; font-size: 14px;\">Kimyasal agresif ortama ve \u00f6zellikle y\u00fcksek alkali ortama dayan\u0131kl\u0131d\u0131r.<\/span><br style=\"outline: none; color: #000000; font-family: roboto, Verdana; font-size: 14px;\" \/><span style=\"color: #000000; font-family: roboto, Verdana; font-size: 14px;\">\u00c7atlaklar\u0131n olu\u015fumunu ve yay\u0131lmas\u0131n\u0131 minimuma indirir.<\/span><br style=\"outline: none; color: #000000; font-family: roboto, Verdana; font-size: 14px;\" \/><span style=\"color: #000000; font-family: roboto, Verdana; font-size: 14px;\">D\u00fczenli geometrik \u015fekle sahip olmayan alanlarda da g\u00fc\u00e7lendirme yapmaya imkan verir.<\/span><br style=\"outline: none; color: #000000; font-family: roboto, Verdana; font-size: 14px;\" \/><span style=\"color: #000000; font-family: roboto, Verdana; font-size: 14px;\">H\u0131zl\u0131 ve kolay uygulama \u00f6zelli\u011fine sahiptir.<\/span><br style=\"outline: none; color: #000000; font-family: roboto, Verdana; font-size: 14px;\" \/><span style=\"color: #000000; font-family: roboto, Verdana; font-size: 14px;\">Geni\u015f ve homojen mekanik iyile\u015ftirme.<\/span><\/p>\t\t\t\t\t\t\t\t<\/div>\n\t\t\t\t<\/div>\n\t\t\t\t\t<\/div>\n\t\t<\/div>\n\t\t\t\t\t<\/div>\n\t\t<\/section>\n\t\t\t\t<\/div>\n\t\t","protected":false},"excerpt":{"rendered":"<p>Teknowrap Karbon Mesh 200 Teknik D\u00f6k\u00fcmanlar: \u00a0 \u00a0 \u00a0TDS Teknik Dok\u00fcman Sayfas\u0131\u00a0\u00a0\u00a0 \u00a0 \u00dcr\u00fcn Tan\u0131m\u0131Teknowrap Karbon Mesh 200 \u00f6zellikle tu\u011fla ve ta\u015f duvarlar\u0131n g\u00fc\u00e7lendirilmesi, tarihi b\u00f6lge zeminlerinin sa\u011flamla\u015ft\u0131r\u0131lmas\u0131 ve korunmas\u0131 i\u00e7in geli\u015ftirilmi\u015f \u00f6zel bir\u00fcr\u00fcnd\u00fcr. Y\u00fcksek alkali dayan\u0131ml\u0131 ve y\u00fcksek performansl\u0131, her t\u00fcrl\u00fc kimyasal ortama dayan\u0131kl\u0131 bu malzeme, \u00e7imento esasl\u0131 uygulamalarda da rahatl\u0131kla kullan\u0131labilir.Kullan\u0131m Alanlar\u0131\u2022 Tu\u011fla, ta\u015f duvarlar\u0131n g\u00fc\u00e7lendirilmesinde,\u2022 Tarihi kiri\u015f ve kemerlerin g\u00fc\u00e7lendirilmesi,\u2022 Tarihi alanlar\u0131n zeminlerinin g\u00fc\u00e7lendirilmesi.\u00d6zellikleri ve Avantajlar\u0131\u2022 Teknowrap Karbon Mesh 200 ile tamir metodunun en bariz avantaj\u0131 yap\u0131n\u0131n i\u00e7erisinde \u00e7ok az kal\u0131nl\u0131k eklemesine ra\u011fmen klasik metodlarla elde edilecek sa\u011flaml\u0131\u011f\u0131n kat kat fazlas\u0131n\u0131 elde edebilmesidir.\u2022 \u00c7elikten daha g\u00fc\u00e7l\u00fc ama \u00e7ok daha hafiftir.\u2022 Paslanma, korozyon problemi yoktur.\u2022 M\u00fcdahalenin olumsuz etkilerini asgariye indirir.Uygulama Talimatlar\u0131Yap\u0131n\u0131n asl\u0131na olumsuz etki etmeksizin, \u00f6zelliklerine uyum sa\u011flayacak \u015fekilde m\u00fcdahaleye imkan verir. \u00d6zel olarak geli\u015ftirilmi\u015f kaplamas\u0131 sayesinde farkl\u0131 malzemelere uyumg\u00f6sterir.Y\u00fcksek mekanik mukavemet ve elastisite mod\u00fcl\u00fcne sahiptir.Kimyasal agresif ortama ve \u00f6zellikle y\u00fcksek alkali ortama dayan\u0131kl\u0131d\u0131r.\u00c7atlaklar\u0131n olu\u015fumunu ve yay\u0131lmas\u0131n\u0131 minimuma [&hellip;]<\/p>\n","protected":false},"author":3,"featured_media":0,"parent":0,"menu_order":0,"comment_status":"closed","ping_status":"closed","template":"page-full.php","meta":{"_joinchat":[],"footnotes":""},"class_list":["post-15229","page","type-page","status-publish","hentry"],"_links":{"self":[{"href":"https:\/\/etkiinsaat.com.tr\/index.php?rest_route=\/wp\/v2\/pages\/15229","targetHints":{"allow":["GET"]}}],"collection":[{"href":"https:\/\/etkiinsaat.com.tr\/index.php?rest_route=\/wp\/v2\/pages"}],"about":[{"href":"https:\/\/etkiinsaat.com.tr\/index.php?rest_route=\/wp\/v2\/types\/page"}],"author":[{"embeddable":true,"href":"https:\/\/etkiinsaat.com.tr\/index.php?rest_route=\/wp\/v2\/users\/3"}],"replies":[{"embeddable":true,"href":"https:\/\/etkiinsaat.com.tr\/index.php?rest_route=%2Fwp%2Fv2%2Fcomments&post=15229"}],"version-history":[{"count":4,"href":"https:\/\/etkiinsaat.com.tr\/index.php?rest_route=\/wp\/v2\/pages\/15229\/revisions"}],"predecessor-version":[{"id":15234,"href":"https:\/\/etkiinsaat.com.tr\/index.php?rest_route=\/wp\/v2\/pages\/15229\/revisions\/15234"}],"wp:attachment":[{"href":"https:\/\/etkiinsaat.com.tr\/index.php?rest_route=%2Fwp%2Fv2%2Fmedia&parent=15229"}],"curies":[{"name":"wp","href":"https:\/\/api.w.org\/{rel}","templated":true}]}}