{"id":15293,"date":"2023-10-02T22:35:41","date_gmt":"2023-10-02T19:35:41","guid":{"rendered":"https:\/\/etkiinsaat.com.tr\/?page_id=15293"},"modified":"2023-10-02T22:36:53","modified_gmt":"2023-10-02T19:36:53","slug":"teknolatex-200-brut-beton-astari","status":"publish","type":"page","link":"https:\/\/etkiinsaat.com.tr\/?page_id=15293","title":{"rendered":"Teknolatex 200 Br\u00fct Beton Astar\u0131"},"content":{"rendered":"\t\t<div data-elementor-type=\"wp-page\" data-elementor-id=\"15293\" class=\"elementor elementor-15293\">\n\t\t\t\t\t\t<section class=\"elementor-section elementor-top-section elementor-element elementor-element-328946a elementor-section-boxed elementor-section-height-default elementor-section-height-default\" data-id=\"328946a\" data-element_type=\"section\" data-e-type=\"section\">\n\t\t\t\t\t\t<div class=\"elementor-container elementor-column-gap-default\">\n\t\t\t\t\t<div class=\"elementor-column elementor-col-33 elementor-top-column elementor-element elementor-element-b48a6b3\" data-id=\"b48a6b3\" data-element_type=\"column\" data-e-type=\"column\">\n\t\t\t<div class=\"elementor-widget-wrap elementor-element-populated\">\n\t\t\t\t\t\t<div class=\"elementor-element elementor-element-70a6f5e elementor-widget elementor-widget-heading\" data-id=\"70a6f5e\" data-element_type=\"widget\" data-e-type=\"widget\" data-widget_type=\"heading.default\">\n\t\t\t\t<div class=\"elementor-widget-container\">\n\t\t\t\t\t<h2 class=\"elementor-heading-title elementor-size-default\">Teknolatex 200 Br\u00fct Beton Astar\u0131\n<\/h2>\t\t\t\t<\/div>\n\t\t\t\t<\/div>\n\t\t\t\t<div class=\"elementor-element elementor-element-d284822 elementor-widget elementor-widget-image\" data-id=\"d284822\" data-element_type=\"widget\" data-e-type=\"widget\" data-widget_type=\"image.default\">\n\t\t\t\t<div class=\"elementor-widget-container\">\n\t\t\t\t\t\t\t\t\t\t\t\t\t\t\t<img fetchpriority=\"high\" decoding=\"async\" width=\"250\" height=\"250\" src=\"https:\/\/etkiinsaat.com.tr\/wp-content\/uploads\/2023\/10\/208.jpg\" class=\"attachment-full size-full wp-image-15295\" alt=\"\" srcset=\"https:\/\/etkiinsaat.com.tr\/wp-content\/uploads\/2023\/10\/208.jpg 250w, https:\/\/etkiinsaat.com.tr\/wp-content\/uploads\/2023\/10\/208-150x150.jpg 150w, https:\/\/etkiinsaat.com.tr\/wp-content\/uploads\/2023\/10\/208-201x201.jpg 201w, https:\/\/etkiinsaat.com.tr\/wp-content\/uploads\/2023\/10\/208-100x100.jpg 100w\" sizes=\"(max-width: 250px) 100vw, 250px\" \/>\t\t\t\t\t\t\t\t\t\t\t\t\t\t\t<\/div>\n\t\t\t\t<\/div>\n\t\t\t\t<div class=\"elementor-element elementor-element-940d2a6 elementor-widget elementor-widget-text-editor\" data-id=\"940d2a6\" data-element_type=\"widget\" data-e-type=\"widget\" data-widget_type=\"text-editor.default\">\n\t\t\t\t<div class=\"elementor-widget-container\">\n\t\t\t\t\t\t\t\t\t<div style=\"color: #1c1b1b;\"><span style=\"color: #444444; font-family: 'Open Sans', sans-serif;\"><span style=\"font-size: 14px;\"><span style=\"font-weight: bold;\">Teknik D\u00f6k\u00fcmanlar:<\/span><\/span><\/span><\/div><p><a href=\"https:\/\/tur.sika.com\/content\/dam\/dms\/tr01\/g\/sikaseal_crystalsg.pdf\"><span style=\"font-weight: bolder;\">\u00a0 \u00a0 \u00a0<img decoding=\"async\" src=\"http:\/\/etkiinsaat.com.tr\/wp-content\/uploads\/2023\/09\/pdf-300x300.png\" alt=\"\" width=\"31\" height=\"31\" \/><\/span><\/a><a title=\"TDS Teknik Dok\u00fcman Sayfas\u0131\" href=\"https:\/\/teknoyapi.com.tr\/documents\/TDS-teknolatex-200.pdf\" target=\"_blank\" rel=\"noopener\"><span style=\"color: red; font-size: small;\"><span style=\"font-weight: bold;\">TDS Teknik Dok\u00fcman Sayfas\u0131<\/span><\/span>\u00a0<\/a>\u00a0\u00a0<\/p><p><a href=\"https:\/\/tur.sika.com\/content\/dam\/dms\/tr01\/g\/sikaseal_crystalsg.pdf\"><span style=\"font-weight: bolder;\">\u00a0 \u00a0 \u00a0<img decoding=\"async\" src=\"http:\/\/etkiinsaat.com.tr\/wp-content\/uploads\/2023\/09\/pdf-300x300.png\" alt=\"\" width=\"31\" height=\"31\" \/><\/span><\/a><a title=\"TDS Teknik Dok\u00fcman Sayfas\u0131\" href=\"https:\/\/teknoyapi.com.tr\/documents\/CE-1504-2.pdf\" target=\"_blank\" rel=\"noopener\"><span style=\"color: red; font-size: small;\"><span style=\"font-weight: bold;\">CE Belgesi<\/span><\/span><\/a><a title=\"TDS Teknik Dok\u00fcman Sayfas\u0131\" href=\"https:\/\/teknoyapi.com.tr\/documents\/TDS-teknolatex-100.pdf\" target=\"_blank\" rel=\"noopener\">\u00a0<\/a>\u00a0\u00a0<\/p>\t\t\t\t\t\t\t\t<\/div>\n\t\t\t\t<\/div>\n\t\t\t\t\t<\/div>\n\t\t<\/div>\n\t\t\t\t<div class=\"elementor-column elementor-col-66 elementor-top-column elementor-element elementor-element-50ced42\" data-id=\"50ced42\" data-element_type=\"column\" data-e-type=\"column\">\n\t\t\t<div class=\"elementor-widget-wrap elementor-element-populated\">\n\t\t\t\t\t\t<div class=\"elementor-element elementor-element-fbe4587 elementor-widget elementor-widget-image\" data-id=\"fbe4587\" data-element_type=\"widget\" data-e-type=\"widget\" data-widget_type=\"image.default\">\n\t\t\t\t<div class=\"elementor-widget-container\">\n\t\t\t\t\t\t\t\t\t\t\t\t\t\t\t<img decoding=\"async\" width=\"641\" height=\"251\" src=\"https:\/\/etkiinsaat.com.tr\/wp-content\/uploads\/2023\/10\/207-1.jpg\" class=\"attachment-full size-full wp-image-15288\" alt=\"\" srcset=\"https:\/\/etkiinsaat.com.tr\/wp-content\/uploads\/2023\/10\/207-1.jpg 641w, https:\/\/etkiinsaat.com.tr\/wp-content\/uploads\/2023\/10\/207-1-300x117.jpg 300w, https:\/\/etkiinsaat.com.tr\/wp-content\/uploads\/2023\/10\/207-1-303x119.jpg 303w, https:\/\/etkiinsaat.com.tr\/wp-content\/uploads\/2023\/10\/207-1-606x237.jpg 606w, https:\/\/etkiinsaat.com.tr\/wp-content\/uploads\/2023\/10\/207-1-530x208.jpg 530w, https:\/\/etkiinsaat.com.tr\/wp-content\/uploads\/2023\/10\/207-1-450x176.jpg 450w, https:\/\/etkiinsaat.com.tr\/wp-content\/uploads\/2023\/10\/207-1-500x196.jpg 500w, https:\/\/etkiinsaat.com.tr\/wp-content\/uploads\/2023\/10\/207-1-150x59.jpg 150w\" sizes=\"(max-width: 641px) 100vw, 641px\" \/>\t\t\t\t\t\t\t\t\t\t\t\t\t\t\t<\/div>\n\t\t\t\t<\/div>\n\t\t\t\t<div class=\"elementor-element elementor-element-596df7e elementor-widget elementor-widget-text-editor\" data-id=\"596df7e\" data-element_type=\"widget\" data-e-type=\"widget\" data-widget_type=\"text-editor.default\">\n\t\t\t\t<div class=\"elementor-widget-container\">\n\t\t\t\t\t\t\t\t\t<p><strong style=\"outline: 0px; margin: 0px; padding: 0px; border: 0px; font-size: 14px; vertical-align: baseline; background: 0px 0px; color: #000000; font-family: roboto, Verdana;\">\u00dcr\u00fcn Tan\u0131m\u0131<\/strong><br style=\"outline: none; color: #000000; font-family: roboto, Verdana; font-size: 14px;\" \/><span style=\"color: #000000; font-family: roboto, Verdana; font-size: 14px;\">Akrilik dispersiyon polimer esasl\u0131, al\u00e7\u0131 ve s\u0131va alt\u0131 br\u00fct beton y\u00fczeyler, yatay ve ba\u015f \u00fcst\u00fc uygulamalar\u0131 i\u00e7in s\u0131va astar\u0131.<\/span><br style=\"outline: none; color: #000000; font-family: roboto, Verdana; font-size: 14px;\" \/><br style=\"outline: none; color: #000000; font-family: roboto, Verdana; font-size: 14px;\" \/><strong style=\"outline: 0px; margin: 0px; padding: 0px; border: 0px; font-size: 14px; vertical-align: baseline; background: 0px 0px; color: #000000; font-family: roboto, Verdana;\">Kullan\u0131m Alanlar\u0131<\/strong><br style=\"outline: none; color: #000000; font-family: roboto, Verdana; font-size: 14px;\" \/><span style=\"color: #000000; font-family: roboto, Verdana; font-size: 14px;\">\u2022 \u0130\u00e7 mekanlarda; d\u00fc\u015fey ve tavanlarda,<\/span><br style=\"outline: none; color: #000000; font-family: roboto, Verdana; font-size: 14px;\" \/><span style=\"color: #000000; font-family: roboto, Verdana; font-size: 14px;\">\u2022 Al\u00e7\u0131, kire\u00e7 ve \u00e7imento esasl\u0131 s\u0131va har\u00e7lar\u0131n\u0131n br\u00fct beton y\u00fczeye aderans\u0131n\u0131 artt\u0131rmak i\u00e7in,<\/span><br style=\"outline: none; color: #000000; font-family: roboto, Verdana; font-size: 14px;\" \/><span style=\"color: #000000; font-family: roboto, Verdana; font-size: 14px;\">\u2022 Tavan s\u0131valar\u0131nda astar olarak kullan\u0131l\u0131r.<\/span><br style=\"outline: none; color: #000000; font-family: roboto, Verdana; font-size: 14px;\" \/><br style=\"outline: none; color: #000000; font-family: roboto, Verdana; font-size: 14px;\" \/><strong style=\"outline: 0px; margin: 0px; padding: 0px; border: 0px; font-size: 14px; vertical-align: baseline; background: 0px 0px; color: #000000; font-family: roboto, Verdana;\">\u00d6zellikleri ve Avantajlar\u0131<\/strong><br style=\"outline: none; color: #000000; font-family: roboto, Verdana; font-size: 14px;\" \/><span style=\"color: #000000; font-family: roboto, Verdana; font-size: 14px;\">\u2022 G\u00fc\u00e7l\u00fc ve kal\u0131c\u0131 bir ba\u011f olu\u015fturur.<\/span><br style=\"outline: none; color: #000000; font-family: roboto, Verdana; font-size: 14px;\" \/><span style=\"color: #000000; font-family: roboto, Verdana; font-size: 14px;\">\u2022 Uygulamas\u0131 kolayd\u0131r.<\/span><br style=\"outline: none; color: #000000; font-family: roboto, Verdana; font-size: 14px;\" \/><span style=\"color: #000000; font-family: roboto, Verdana; font-size: 14px;\">\u2022 \u00c7imento ve al\u00e7\u0131 esasl\u0131 s\u0131valarda h\u0131zl\u0131 su kayb\u0131n\u0131 \u00f6nler.<\/span><br style=\"outline: none; color: #000000; font-family: roboto, Verdana; font-size: 14px;\" \/><span style=\"color: #000000; font-family: roboto, Verdana; font-size: 14px;\">\u2022 Y\u00fcksek su ge\u00e7irimsiz \u00f6zelli\u011fi sahiptir.<\/span><br style=\"outline: none; color: #000000; font-family: roboto, Verdana; font-size: 14px;\" \/><br style=\"outline: none; color: #000000; font-family: roboto, Verdana; font-size: 14px;\" \/><strong style=\"outline: 0px; margin: 0px; padding: 0px; border: 0px; font-size: 14px; vertical-align: baseline; background: 0px 0px; color: #000000; font-family: roboto, Verdana;\">Uygulama Talimatlar\u0131<\/strong><br style=\"outline: none; color: #000000; font-family: roboto, Verdana; font-size: 14px;\" \/><span style=\"color: #000000; font-family: roboto, Verdana; font-size: 14px;\">Y\u00fczey, sa\u011flam, oynak ve zay\u0131f par\u00e7alar i\u00e7ermeyen, dondan ar\u0131nd\u0131r\u0131lm\u0131\u015f, \u00e7imento \u015ferbeti, g\u00f6llenmi\u015f su, ya\u011f, gres, parafin, kaplamalar vb. yabanc\u0131 maddeler ve di\u011fer kirleticiler uzakla\u015ft\u0131r\u0131lm\u0131\u015f ve temiz olmal\u0131d\u0131r. Y\u00fczey, y\u00fcksek bas\u0131n\u00e7l\u0131 su veya a\u015f\u0131nd\u0131r\u0131c\u0131 ekipmanlar gibi uygun mekanik haz\u0131rlama teknikleri ile haz\u0131rlanmal\u0131d\u0131r. T\u00fcm toz, gev\u015fek ve kolay ufalanan malzemeler uygulama \u00f6ncesinde tercihen f\u0131r\u00e7a ve\/veya vakum ile tamamen uzakla\u015ft\u0131r\u0131lmal\u0131d\u0131r.<\/span><br style=\"outline: none; color: #000000; font-family: roboto, Verdana; font-size: 14px;\" \/><br style=\"outline: none; color: #000000; font-family: roboto, Verdana; font-size: 14px;\" \/><span style=\"color: #000000; font-family: roboto, Verdana; font-size: 14px;\">Yap\u0131\u015fmay\u0131 engelleyici her t\u00fcrl\u00fc maddeden ar\u0131nd\u0131r\u0131lm\u0131\u015f, temiz bir kap i\u00e7erisinde veya kendi ambalaj\u0131nda, TEKNOLATEX 200 &#8216;\u00fcn 12 kg &#8216;l\u0131k kovas\u0131na maksimum 6 lt su konularak d\u00fc\u015f\u00fck devirli (400-600 rpm) bir kar\u0131\u015ft\u0131r\u0131c\u0131 ile homojen olacak bir bi\u00e7imde kar\u0131\u015ft\u0131r\u0131lmal\u0131d\u0131r. TEKNOLATEX 200 ile \u00e7al\u0131\u015fma yap\u0131l\u0131rken belirli aral\u0131klarla kar\u0131\u015ft\u0131r\u0131lmal\u0131d\u0131r. Y\u00fczeye f\u0131r\u00e7a, rulo ve p\u00fcsk\u00fcrterek uygulay\u0131n\u0131z.<\/span><br style=\"outline: none; color: #000000; font-family: roboto, Verdana; font-size: 14px;\" \/><br style=\"outline: none; color: #000000; font-family: roboto, Verdana; font-size: 14px;\" \/><strong style=\"outline: 0px; margin: 0px; padding: 0px; border: 0px; font-size: 14px; vertical-align: baseline; background: 0px 0px; color: #000000; font-family: roboto, Verdana;\">Uygulama Notlar\u0131 \/ S\u0131n\u0131rlamalar<\/strong><br style=\"outline: none; color: #000000; font-family: roboto, Verdana; font-size: 14px;\" \/><span style=\"color: #000000; font-family: roboto, Verdana; font-size: 14px;\">\u2022 \u00dcr\u00fcn cilde temasta tahri\u015f yapabilir. \u0130\u015f elbisesi, koruyucu eldiven, maske ve g\u00f6zl\u00fck kullan\u0131lmal\u0131d\u0131r. \u0130\u015fe ba\u015flamadan \u00f6nce ele koruyucu krem de s\u00fcr\u00fclebilir. Harc\u0131n g\u00f6zle temas\u0131 halinde g\u00f6zler derhal \u0131l\u0131k su ile y\u0131kanmal\u0131 ve doktora ba\u015fvurulmal\u0131d\u0131r.<\/span><br style=\"outline: none; color: #000000; font-family: roboto, Verdana; font-size: 14px;\" \/><span style=\"color: #000000; font-family: roboto, Verdana; font-size: 14px;\">\u2022 Yabanc\u0131 madde ilave etmeyiniz.<\/span><br style=\"outline: none; color: #000000; font-family: roboto, Verdana; font-size: 14px;\" \/><span style=\"color: #000000; font-family: roboto, Verdana; font-size: 14px;\">\u2022 Farkl\u0131 uygulamalar i\u00e7in \u00f6n deneme yap\u0131lmas\u0131 tavsiye edilir.<\/span><br style=\"outline: none; color: #000000; font-family: roboto, Verdana; font-size: 14px;\" \/><span style=\"color: #000000; font-family: roboto, Verdana; font-size: 14px;\">\u2022 Uygulamadan sonra direk g\u00fcne\u015f \u0131\u015f\u0131\u011f\u0131, \u015fiddetli r\u00fczgar, y\u00fcksek hava s\u0131cakl\u0131\u011f\u0131 (+35\u00b0C \u00fczeri), ya\u011fmur ve don gibi olumsuz hava ko\u015fullar\u0131na kar\u015f\u0131 korunmal\u0131d\u0131r. \u00dcr\u00fcn, tam k\u00fcr\u00fcn\u00fc al\u0131p sertle\u015fmeden, eller su ve deterjan ile temizlenmelidir.<\/span><br style=\"outline: none; color: #000000; font-family: roboto, Verdana; font-size: 14px;\" \/><span style=\"color: #000000; font-family: roboto, Verdana; font-size: 14px;\">\u2022 Uygulamadan hemen sonra, hen\u00fcz sertle\u015fmeden, ekipmanlar su ile temizlenmelidir. \u00dcr\u00fcn sertle\u015ftikten sonra mekanik y\u00f6ntemler ile temizlenmelidir.<\/span><\/p>\t\t\t\t\t\t\t\t<\/div>\n\t\t\t\t<\/div>\n\t\t\t\t\t<\/div>\n\t\t<\/div>\n\t\t\t\t\t<\/div>\n\t\t<\/section>\n\t\t\t\t<\/div>\n\t\t","protected":false},"excerpt":{"rendered":"<p>Teknolatex 200 Br\u00fct Beton Astar\u0131 Teknik D\u00f6k\u00fcmanlar: \u00a0 \u00a0 \u00a0TDS Teknik Dok\u00fcman Sayfas\u0131\u00a0\u00a0\u00a0 \u00a0 \u00a0 \u00a0CE Belgesi\u00a0\u00a0\u00a0 \u00dcr\u00fcn Tan\u0131m\u0131Akrilik dispersiyon polimer esasl\u0131, al\u00e7\u0131 ve s\u0131va alt\u0131 br\u00fct beton y\u00fczeyler, yatay ve ba\u015f \u00fcst\u00fc uygulamalar\u0131 i\u00e7in s\u0131va astar\u0131.Kullan\u0131m Alanlar\u0131\u2022 \u0130\u00e7 mekanlarda; d\u00fc\u015fey ve tavanlarda,\u2022 Al\u00e7\u0131, kire\u00e7 ve \u00e7imento esasl\u0131 s\u0131va har\u00e7lar\u0131n\u0131n br\u00fct beton y\u00fczeye aderans\u0131n\u0131 artt\u0131rmak i\u00e7in,\u2022 Tavan s\u0131valar\u0131nda astar olarak kullan\u0131l\u0131r.\u00d6zellikleri ve Avantajlar\u0131\u2022 G\u00fc\u00e7l\u00fc ve kal\u0131c\u0131 bir ba\u011f olu\u015fturur.\u2022 Uygulamas\u0131 kolayd\u0131r.\u2022 \u00c7imento ve al\u00e7\u0131 esasl\u0131 s\u0131valarda h\u0131zl\u0131 su kayb\u0131n\u0131 \u00f6nler.\u2022 Y\u00fcksek su ge\u00e7irimsiz \u00f6zelli\u011fi sahiptir.Uygulama Talimatlar\u0131Y\u00fczey, sa\u011flam, oynak ve zay\u0131f par\u00e7alar i\u00e7ermeyen, dondan ar\u0131nd\u0131r\u0131lm\u0131\u015f, \u00e7imento \u015ferbeti, g\u00f6llenmi\u015f su, ya\u011f, gres, parafin, kaplamalar vb. yabanc\u0131 maddeler ve di\u011fer kirleticiler uzakla\u015ft\u0131r\u0131lm\u0131\u015f ve temiz olmal\u0131d\u0131r. Y\u00fczey, y\u00fcksek bas\u0131n\u00e7l\u0131 su veya a\u015f\u0131nd\u0131r\u0131c\u0131 ekipmanlar gibi uygun mekanik haz\u0131rlama teknikleri ile haz\u0131rlanmal\u0131d\u0131r. T\u00fcm toz, gev\u015fek ve kolay ufalanan malzemeler uygulama \u00f6ncesinde tercihen f\u0131r\u00e7a ve\/veya vakum ile tamamen uzakla\u015ft\u0131r\u0131lmal\u0131d\u0131r.Yap\u0131\u015fmay\u0131 engelleyici her t\u00fcrl\u00fc maddeden ar\u0131nd\u0131r\u0131lm\u0131\u015f, temiz bir kap [&hellip;]<\/p>\n","protected":false},"author":3,"featured_media":0,"parent":0,"menu_order":0,"comment_status":"closed","ping_status":"closed","template":"page-full.php","meta":{"_joinchat":[],"footnotes":""},"class_list":["post-15293","page","type-page","status-publish","hentry"],"_links":{"self":[{"href":"https:\/\/etkiinsaat.com.tr\/index.php?rest_route=\/wp\/v2\/pages\/15293","targetHints":{"allow":["GET"]}}],"collection":[{"href":"https:\/\/etkiinsaat.com.tr\/index.php?rest_route=\/wp\/v2\/pages"}],"about":[{"href":"https:\/\/etkiinsaat.com.tr\/index.php?rest_route=\/wp\/v2\/types\/page"}],"author":[{"embeddable":true,"href":"https:\/\/etkiinsaat.com.tr\/index.php?rest_route=\/wp\/v2\/users\/3"}],"replies":[{"embeddable":true,"href":"https:\/\/etkiinsaat.com.tr\/index.php?rest_route=%2Fwp%2Fv2%2Fcomments&post=15293"}],"version-history":[{"count":4,"href":"https:\/\/etkiinsaat.com.tr\/index.php?rest_route=\/wp\/v2\/pages\/15293\/revisions"}],"predecessor-version":[{"id":15298,"href":"https:\/\/etkiinsaat.com.tr\/index.php?rest_route=\/wp\/v2\/pages\/15293\/revisions\/15298"}],"wp:attachment":[{"href":"https:\/\/etkiinsaat.com.tr\/index.php?rest_route=%2Fwp%2Fv2%2Fmedia&parent=15293"}],"curies":[{"name":"wp","href":"https:\/\/api.w.org\/{rel}","templated":true}]}}