{"id":15323,"date":"2023-10-02T22:44:53","date_gmt":"2023-10-02T19:44:53","guid":{"rendered":"https:\/\/etkiinsaat.com.tr\/?page_id=15323"},"modified":"2023-10-02T22:45:46","modified_gmt":"2023-10-02T19:45:46","slug":"teknolatex-550-polimer-esasli-tas-ve-toprak-sertlestirici","status":"publish","type":"page","link":"https:\/\/etkiinsaat.com.tr\/?page_id=15323","title":{"rendered":"Teknolatex 550 Polimer Esasl\u0131, Ta\u015f ve Toprak Sertle\u015ftirici"},"content":{"rendered":"\t\t<div data-elementor-type=\"wp-page\" data-elementor-id=\"15323\" class=\"elementor elementor-15323\">\n\t\t\t\t\t\t<section class=\"elementor-section elementor-top-section elementor-element elementor-element-e3f29ab elementor-section-boxed elementor-section-height-default elementor-section-height-default\" data-id=\"e3f29ab\" data-element_type=\"section\" data-e-type=\"section\">\n\t\t\t\t\t\t<div class=\"elementor-container elementor-column-gap-default\">\n\t\t\t\t\t<div class=\"elementor-column elementor-col-33 elementor-top-column elementor-element elementor-element-824f375\" data-id=\"824f375\" data-element_type=\"column\" data-e-type=\"column\">\n\t\t\t<div class=\"elementor-widget-wrap elementor-element-populated\">\n\t\t\t\t\t\t<div class=\"elementor-element elementor-element-051a2ec elementor-widget elementor-widget-heading\" data-id=\"051a2ec\" data-element_type=\"widget\" data-e-type=\"widget\" data-widget_type=\"heading.default\">\n\t\t\t\t<div class=\"elementor-widget-container\">\n\t\t\t\t\t<h2 class=\"elementor-heading-title elementor-size-default\">Teknolatex 550 Polimer Esasl\u0131, Ta\u015f ve Toprak Sertle\u015ftirici\n<\/h2>\t\t\t\t<\/div>\n\t\t\t\t<\/div>\n\t\t\t\t<div class=\"elementor-element elementor-element-f83e5cf elementor-widget elementor-widget-image\" data-id=\"f83e5cf\" data-element_type=\"widget\" data-e-type=\"widget\" data-widget_type=\"image.default\">\n\t\t\t\t<div class=\"elementor-widget-container\">\n\t\t\t\t\t\t\t\t\t\t\t\t\t\t\t<img fetchpriority=\"high\" decoding=\"async\" width=\"250\" height=\"250\" src=\"https:\/\/etkiinsaat.com.tr\/wp-content\/uploads\/2023\/10\/211.jpg\" class=\"attachment-full size-full wp-image-15313\" alt=\"\" srcset=\"https:\/\/etkiinsaat.com.tr\/wp-content\/uploads\/2023\/10\/211.jpg 250w, https:\/\/etkiinsaat.com.tr\/wp-content\/uploads\/2023\/10\/211-150x150.jpg 150w, https:\/\/etkiinsaat.com.tr\/wp-content\/uploads\/2023\/10\/211-201x201.jpg 201w, https:\/\/etkiinsaat.com.tr\/wp-content\/uploads\/2023\/10\/211-100x100.jpg 100w\" sizes=\"(max-width: 250px) 100vw, 250px\" \/>\t\t\t\t\t\t\t\t\t\t\t\t\t\t\t<\/div>\n\t\t\t\t<\/div>\n\t\t\t\t<div class=\"elementor-element elementor-element-83c694f elementor-widget elementor-widget-text-editor\" data-id=\"83c694f\" data-element_type=\"widget\" data-e-type=\"widget\" data-widget_type=\"text-editor.default\">\n\t\t\t\t<div class=\"elementor-widget-container\">\n\t\t\t\t\t\t\t\t\t<div style=\"color: #1c1b1b;\"><span style=\"color: #444444; font-family: 'Open Sans', sans-serif;\"><span style=\"font-size: 14px;\"><span style=\"font-weight: bold;\">Teknik D\u00f6k\u00fcmanlar:<\/span><\/span><\/span><\/div><p><a href=\"https:\/\/tur.sika.com\/content\/dam\/dms\/tr01\/g\/sikaseal_crystalsg.pdf\"><span style=\"font-weight: bolder;\">\u00a0 \u00a0 \u00a0<img decoding=\"async\" src=\"http:\/\/etkiinsaat.com.tr\/wp-content\/uploads\/2023\/09\/pdf-300x300.png\" alt=\"\" width=\"31\" height=\"31\" \/><\/span><\/a><a title=\"TDS Teknik Dok\u00fcman Sayfas\u0131\" href=\"https:\/\/teknoyapi.com.tr\/documents\/TDS-teknolatex-550.pdf\" target=\"_blank\" rel=\"noopener\"><span style=\"color: red; font-size: small;\"><span style=\"font-weight: bold;\">TDS Teknik Dok\u00fcman Sayfas\u0131<\/span><\/span>\u00a0<\/a>\u00a0\u00a0<\/p><p>\u00a0<\/p>\t\t\t\t\t\t\t\t<\/div>\n\t\t\t\t<\/div>\n\t\t\t\t\t<\/div>\n\t\t<\/div>\n\t\t\t\t<div class=\"elementor-column elementor-col-66 elementor-top-column elementor-element elementor-element-79520e0\" data-id=\"79520e0\" data-element_type=\"column\" data-e-type=\"column\">\n\t\t\t<div class=\"elementor-widget-wrap elementor-element-populated\">\n\t\t\t\t\t\t<div class=\"elementor-element elementor-element-84242ef elementor-widget elementor-widget-image\" data-id=\"84242ef\" data-element_type=\"widget\" data-e-type=\"widget\" data-widget_type=\"image.default\">\n\t\t\t\t<div class=\"elementor-widget-container\">\n\t\t\t\t\t\t\t\t\t\t\t\t\t\t\t<img decoding=\"async\" width=\"640\" height=\"250\" src=\"https:\/\/etkiinsaat.com.tr\/wp-content\/uploads\/2023\/10\/165-2.jpg\" class=\"attachment-full size-full wp-image-15159\" alt=\"\" srcset=\"https:\/\/etkiinsaat.com.tr\/wp-content\/uploads\/2023\/10\/165-2.jpg 640w, https:\/\/etkiinsaat.com.tr\/wp-content\/uploads\/2023\/10\/165-2-300x117.jpg 300w, https:\/\/etkiinsaat.com.tr\/wp-content\/uploads\/2023\/10\/165-2-303x118.jpg 303w, https:\/\/etkiinsaat.com.tr\/wp-content\/uploads\/2023\/10\/165-2-606x237.jpg 606w, https:\/\/etkiinsaat.com.tr\/wp-content\/uploads\/2023\/10\/165-2-530x207.jpg 530w, https:\/\/etkiinsaat.com.tr\/wp-content\/uploads\/2023\/10\/165-2-450x176.jpg 450w, https:\/\/etkiinsaat.com.tr\/wp-content\/uploads\/2023\/10\/165-2-500x195.jpg 500w, https:\/\/etkiinsaat.com.tr\/wp-content\/uploads\/2023\/10\/165-2-150x59.jpg 150w\" sizes=\"(max-width: 640px) 100vw, 640px\" \/>\t\t\t\t\t\t\t\t\t\t\t\t\t\t\t<\/div>\n\t\t\t\t<\/div>\n\t\t\t\t<div class=\"elementor-element elementor-element-246f71b elementor-widget elementor-widget-text-editor\" data-id=\"246f71b\" data-element_type=\"widget\" data-e-type=\"widget\" data-widget_type=\"text-editor.default\">\n\t\t\t\t<div class=\"elementor-widget-container\">\n\t\t\t\t\t\t\t\t\t<p><strong style=\"outline: 0px; margin: 0px; padding: 0px; border: 0px; font-size: 14px; vertical-align: baseline; background: 0px 0px; color: #000000; font-family: roboto, Verdana;\">\u00dcr\u00fcn Tan\u0131m\u0131<\/strong><br style=\"outline: none; color: #000000; font-family: roboto, Verdana; font-size: 14px;\" \/><span style=\"color: #000000; font-family: roboto, Verdana; font-size: 14px;\">Solventsiz, su bazl\u0131\u00a0polimer esasl\u0131, tozuma \u00f6nleyici, ta\u015f ve toprak sertle\u015ftiricisi.<\/span><br style=\"outline: none; color: #000000; font-family: roboto, Verdana; font-size: 14px;\" \/><br style=\"outline: none; color: #000000; font-family: roboto, Verdana; font-size: 14px;\" \/><strong style=\"outline: 0px; margin: 0px; padding: 0px; border: 0px; font-size: 14px; vertical-align: baseline; background: 0px 0px; color: #000000; font-family: roboto, Verdana;\">Kullan\u0131m Alanlar\u0131<\/strong><br style=\"outline: none; color: #000000; font-family: roboto, Verdana; font-size: 14px;\" \/><span style=\"color: #000000; font-family: roboto, Verdana; font-size: 14px;\">\u2022 Toprak yollarda ve arazilerde,<\/span><br style=\"outline: none; color: #000000; font-family: roboto, Verdana; font-size: 14px;\" \/><span style=\"color: #000000; font-family: roboto, Verdana; font-size: 14px;\">\u2022 Temellerde,<\/span><br style=\"outline: none; color: #000000; font-family: roboto, Verdana; font-size: 14px;\" \/><span style=\"color: #000000; font-family: roboto, Verdana; font-size: 14px;\">\u2022 \u00c7e\u015fitli santral, depo, havaalanlar\u0131, apronlar,<\/span><br style=\"outline: none; color: #000000; font-family: roboto, Verdana; font-size: 14px;\" \/><span style=\"color: #000000; font-family: roboto, Verdana; font-size: 14px;\">\u2022 Madenler,<\/span><br style=\"outline: none; color: #000000; font-family: roboto, Verdana; font-size: 14px;\" \/><span style=\"color: #000000; font-family: roboto, Verdana; font-size: 14px;\">\u2022 Tozuman\u0131n \u00e7ok oldu\u011fu \u015fantiyelerde kullan\u0131l\u0131r.<\/span><br style=\"outline: none; color: #000000; font-family: roboto, Verdana; font-size: 14px;\" \/><br style=\"outline: none; color: #000000; font-family: roboto, Verdana; font-size: 14px;\" \/><strong style=\"outline: 0px; margin: 0px; padding: 0px; border: 0px; font-size: 14px; vertical-align: baseline; background: 0px 0px; color: #000000; font-family: roboto, Verdana;\">\u00d6zellikleri ve Avantajlar\u0131<\/strong><br style=\"outline: none; color: #000000; font-family: roboto, Verdana; font-size: 14px;\" \/><span style=\"color: #000000; font-family: roboto, Verdana; font-size: 14px;\">\u2022 Kolay ve h\u0131zl\u0131 uygulama.<\/span><br style=\"outline: none; color: #000000; font-family: roboto, Verdana; font-size: 14px;\" \/><span style=\"color: #000000; font-family: roboto, Verdana; font-size: 14px;\">\u2022 \u00d6zellikle \u00e7ok emici y\u00fczeyler i\u00e7in uygundur.<\/span><br style=\"outline: none; color: #000000; font-family: roboto, Verdana; font-size: 14px;\" \/><span style=\"color: #000000; font-family: roboto, Verdana; font-size: 14px;\">\u2022 Su bazl\u0131 ve kokusuzdur.<\/span><br style=\"outline: none; color: #000000; font-family: roboto, Verdana; font-size: 14px;\" \/><span style=\"color: #000000; font-family: roboto, Verdana; font-size: 14px;\">\u2022 \u0130\u00e7erdi\u011fi \u00f6zel polimerler ile tozma yapan toprak veya ta\u015f y\u00fczeylerde m\u00fckemmel bir ba\u011flay\u0131c\u0131 \u00f6zelli\u011fi g\u00f6sterir.<\/span><br style=\"outline: none; color: #000000; font-family: roboto, Verdana; font-size: 14px;\" \/><span style=\"color: #000000; font-family: roboto, Verdana; font-size: 14px;\">\u2022 Su dayan\u0131m\u0131 y\u00fcksektir.<\/span><br style=\"outline: none; color: #000000; font-family: roboto, Verdana; font-size: 14px;\" \/><span style=\"color: #000000; font-family: roboto, Verdana; font-size: 14px;\">\u2022 Do\u011fal g\u00f6r\u00fcnt\u00fcy\u00fc bozmadan, m\u00fckemmel bir g\u00f6r\u00fcnt\u00fc sa\u011flar.<\/span><br style=\"outline: none; color: #000000; font-family: roboto, Verdana; font-size: 14px;\" \/><br style=\"outline: none; color: #000000; font-family: roboto, Verdana; font-size: 14px;\" \/><strong style=\"outline: 0px; margin: 0px; padding: 0px; border: 0px; font-size: 14px; vertical-align: baseline; background: 0px 0px; color: #000000; font-family: roboto, Verdana;\">Uygulama Talimatlar\u0131<\/strong><br style=\"outline: none; color: #000000; font-family: roboto, Verdana; font-size: 14px;\" \/><span style=\"color: #000000; font-family: roboto, Verdana; font-size: 14px;\">Teknolatex 550, kullan\u0131ma haz\u0131rd\u0131r. Uygulamadan sonra y\u00fczey en az 72 saat ya\u011fmurdan ve dondan korunmal\u0131d\u0131r.<\/span><br style=\"outline: none; color: #000000; font-family: roboto, Verdana; font-size: 14px;\" \/><br style=\"outline: none; color: #000000; font-family: roboto, Verdana; font-size: 14px;\" \/><span style=\"color: #000000; font-family: roboto, Verdana; font-size: 14px;\">Teknolatex 550 konsantre bir \u00fcr\u00fcnd\u00fcr ve uygulanacak y\u00fczeyin durumuna g\u00f6re su ile inceltilebilir. Tozuma engellemek i\u00e7in 1 lt Teknolatex 550 &#8216;ye 8 &#8211; 10 lt su eklenip, f\u0131r\u00e7a rulo ile uygulanabilir. Toprak yollar i\u00e7in ortalama 1 lt Teknolatex 550 &#8216;ye 1 &#8211; 3 lt aras\u0131nda su ilave edilir.<\/span><br style=\"outline: none; color: #000000; font-family: roboto, Verdana; font-size: 14px;\" \/><br style=\"outline: none; color: #000000; font-family: roboto, Verdana; font-size: 14px;\" \/><span style=\"color: #000000; font-family: roboto, Verdana; font-size: 14px;\">Toprak y\u00fczeylere daha\u00f6nceden testlerle belirlenmi\u015f oranda su ile inceltilmi\u015f olan Teknolatex 550 \u00fcr\u00fcn\u00fc p\u00fcsk\u00fcrtme y\u00f6ntemi ile uygulan\u0131r. Zemin doygun ve nemli bir tabak olu\u015fana kadar p\u00fcsk\u00fcrtme i\u015flemine devam edilir.<\/span><br style=\"outline: none; color: #000000; font-family: roboto, Verdana; font-size: 14px;\" \/><span style=\"color: #000000; font-family: roboto, Verdana; font-size: 14px;\">Teknolatex 550 ile iyice nemlendirilmi\u015f toprak, iyice kar\u0131\u015ft\u0131r\u0131l\u0131r. Kar\u0131\u015ft\u0131r\u0131lan toprak silindir yard\u0131m\u0131yla s\u0131k\u0131\u015ft\u0131r\u0131l\u0131r. S\u0131k\u0131\u015ft\u0131rma i\u015fleminden 7 g\u00fcn sonra y\u00fczey trafi\u011fe a\u00e7\u0131labilir.<\/span><br style=\"outline: none; color: #000000; font-family: roboto, Verdana; font-size: 14px;\" \/><br style=\"outline: none; color: #000000; font-family: roboto, Verdana; font-size: 14px;\" \/><strong style=\"outline: 0px; margin: 0px; padding: 0px; border: 0px; font-size: 14px; vertical-align: baseline; background: 0px 0px; color: #000000; font-family: roboto, Verdana;\">Uygulama Notlar\u0131 \/ S\u0131n\u0131rlamalar<\/strong><br style=\"outline: none; color: #000000; font-family: roboto, Verdana; font-size: 14px;\" \/><span style=\"color: #000000; font-family: roboto, Verdana; font-size: 14px;\">\u2022 \u00dcr\u00fcn ciltte tahri\u015f yapabilir. Koruyucu eldiven veya g\u00f6zl\u00fck kullan\u0131lmal\u0131d\u0131r. \u0130\u015fe ba\u015flamadan \u00f6nce ele koruyucu krem de s\u00fcr\u00fclebilir.<\/span><br style=\"outline: none; color: #000000; font-family: roboto, Verdana; font-size: 14px;\" \/><span style=\"color: #000000; font-family: roboto, Verdana; font-size: 14px;\">\u2022 G\u00f6zle temas\u0131 halinde g\u00f6zler derhal \u0131l\u0131k su ile y\u0131kanmal\u0131 ve doktora ba\u015fvurulmal\u0131d\u0131r.<\/span><br style=\"outline: none; color: #000000; font-family: roboto, Verdana; font-size: 14px;\" \/><span style=\"color: #000000; font-family: roboto, Verdana; font-size: 14px;\">\u2022 Uygulamadan hemen sonra, hen\u00fcz sertle\u015fmeden, ekipmanlar su ile temizlenmelidir.<\/span><br style=\"outline: none; color: #000000; font-family: roboto, Verdana; font-size: 14px;\" \/><span style=\"color: #000000; font-family: roboto, Verdana; font-size: 14px;\">\u2022 Uygulamadan sonra ya\u011fmur ve don gibi olumsuz hava ko\u015fullar\u0131na kar\u015f\u0131 korunmal\u0131d\u0131r.<\/span><br style=\"outline: none; color: #000000; font-family: roboto, Verdana; font-size: 14px;\" \/><span style=\"color: #000000; font-family: roboto, Verdana; font-size: 14px;\">\u2022 Uygulamadan k\u0131sa s\u00fcre sonra reaksiyon bitip sertle\u015fme tamamlanaca\u011f\u0131 i\u00e7in , cilde temas eden yerler su ve deterjan ile temizlenmelidir.<\/span><\/p>\t\t\t\t\t\t\t\t<\/div>\n\t\t\t\t<\/div>\n\t\t\t\t\t<\/div>\n\t\t<\/div>\n\t\t\t\t\t<\/div>\n\t\t<\/section>\n\t\t\t\t<\/div>\n\t\t","protected":false},"excerpt":{"rendered":"<p>Teknolatex 550 Polimer Esasl\u0131, Ta\u015f ve Toprak Sertle\u015ftirici Teknik D\u00f6k\u00fcmanlar: \u00a0 \u00a0 \u00a0TDS Teknik Dok\u00fcman Sayfas\u0131\u00a0\u00a0\u00a0 \u00a0 \u00dcr\u00fcn Tan\u0131m\u0131Solventsiz, su bazl\u0131\u00a0polimer esasl\u0131, tozuma \u00f6nleyici, ta\u015f ve toprak sertle\u015ftiricisi.Kullan\u0131m Alanlar\u0131\u2022 Toprak yollarda ve arazilerde,\u2022 Temellerde,\u2022 \u00c7e\u015fitli santral, depo, havaalanlar\u0131, apronlar,\u2022 Madenler,\u2022 Tozuman\u0131n \u00e7ok oldu\u011fu \u015fantiyelerde kullan\u0131l\u0131r.\u00d6zellikleri ve Avantajlar\u0131\u2022 Kolay ve h\u0131zl\u0131 uygulama.\u2022 \u00d6zellikle \u00e7ok emici y\u00fczeyler i\u00e7in uygundur.\u2022 Su bazl\u0131 ve kokusuzdur.\u2022 \u0130\u00e7erdi\u011fi \u00f6zel polimerler ile tozma yapan toprak veya ta\u015f y\u00fczeylerde m\u00fckemmel bir ba\u011flay\u0131c\u0131 \u00f6zelli\u011fi g\u00f6sterir.\u2022 Su dayan\u0131m\u0131 y\u00fcksektir.\u2022 Do\u011fal g\u00f6r\u00fcnt\u00fcy\u00fc bozmadan, m\u00fckemmel bir g\u00f6r\u00fcnt\u00fc sa\u011flar.Uygulama Talimatlar\u0131Teknolatex 550, kullan\u0131ma haz\u0131rd\u0131r. Uygulamadan sonra y\u00fczey en az 72 saat ya\u011fmurdan ve dondan korunmal\u0131d\u0131r.Teknolatex 550 konsantre bir \u00fcr\u00fcnd\u00fcr ve uygulanacak y\u00fczeyin durumuna g\u00f6re su ile inceltilebilir. Tozuma engellemek i\u00e7in 1 lt Teknolatex 550 &#8216;ye 8 &#8211; 10 lt su eklenip, f\u0131r\u00e7a rulo ile uygulanabilir. Toprak yollar i\u00e7in ortalama 1 lt Teknolatex 550 &#8216;ye 1 &#8211; 3 lt aras\u0131nda su ilave edilir.Toprak y\u00fczeylere daha\u00f6nceden [&hellip;]<\/p>\n","protected":false},"author":3,"featured_media":0,"parent":0,"menu_order":0,"comment_status":"closed","ping_status":"closed","template":"page-full.php","meta":{"_joinchat":[],"footnotes":""},"class_list":["post-15323","page","type-page","status-publish","hentry"],"_links":{"self":[{"href":"https:\/\/etkiinsaat.com.tr\/index.php?rest_route=\/wp\/v2\/pages\/15323","targetHints":{"allow":["GET"]}}],"collection":[{"href":"https:\/\/etkiinsaat.com.tr\/index.php?rest_route=\/wp\/v2\/pages"}],"about":[{"href":"https:\/\/etkiinsaat.com.tr\/index.php?rest_route=\/wp\/v2\/types\/page"}],"author":[{"embeddable":true,"href":"https:\/\/etkiinsaat.com.tr\/index.php?rest_route=\/wp\/v2\/users\/3"}],"replies":[{"embeddable":true,"href":"https:\/\/etkiinsaat.com.tr\/index.php?rest_route=%2Fwp%2Fv2%2Fcomments&post=15323"}],"version-history":[{"count":4,"href":"https:\/\/etkiinsaat.com.tr\/index.php?rest_route=\/wp\/v2\/pages\/15323\/revisions"}],"predecessor-version":[{"id":15327,"href":"https:\/\/etkiinsaat.com.tr\/index.php?rest_route=\/wp\/v2\/pages\/15323\/revisions\/15327"}],"wp:attachment":[{"href":"https:\/\/etkiinsaat.com.tr\/index.php?rest_route=%2Fwp%2Fv2%2Fmedia&parent=15323"}],"curies":[{"name":"wp","href":"https:\/\/api.w.org\/{rel}","templated":true}]}}