{"id":15411,"date":"2023-10-03T20:54:52","date_gmt":"2023-10-03T17:54:52","guid":{"rendered":"https:\/\/etkiinsaat.com.tr\/?page_id=15411"},"modified":"2023-10-03T20:58:42","modified_gmt":"2023-10-03T17:58:42","slug":"onduline-zigana","status":"publish","type":"page","link":"https:\/\/etkiinsaat.com.tr\/?page_id=15411","title":{"rendered":"ONDULINE Z\u0130GANA"},"content":{"rendered":"\t\t<div data-elementor-type=\"wp-page\" data-elementor-id=\"15411\" class=\"elementor elementor-15411\">\n\t\t\t\t\t\t<section class=\"elementor-section elementor-top-section elementor-element elementor-element-da03980 elementor-section-boxed elementor-section-height-default elementor-section-height-default\" data-id=\"da03980\" data-element_type=\"section\" data-e-type=\"section\">\n\t\t\t\t\t\t<div class=\"elementor-container elementor-column-gap-default\">\n\t\t\t\t\t<div class=\"elementor-column elementor-col-33 elementor-top-column elementor-element elementor-element-ce549ae\" data-id=\"ce549ae\" data-element_type=\"column\" data-e-type=\"column\">\n\t\t\t<div class=\"elementor-widget-wrap elementor-element-populated\">\n\t\t\t\t\t\t<div class=\"elementor-element elementor-element-5a44329 elementor-widget elementor-widget-heading\" data-id=\"5a44329\" data-element_type=\"widget\" data-e-type=\"widget\" data-widget_type=\"heading.default\">\n\t\t\t\t<div class=\"elementor-widget-container\">\n\t\t\t\t\t<h2 class=\"elementor-heading-title elementor-size-default\">ONDULINE Z\u0130GANA<\/h2>\t\t\t\t<\/div>\n\t\t\t\t<\/div>\n\t\t\t\t<div class=\"elementor-element elementor-element-2e4e497 elementor-widget elementor-widget-image\" data-id=\"2e4e497\" data-element_type=\"widget\" data-e-type=\"widget\" data-widget_type=\"image.default\">\n\t\t\t\t<div class=\"elementor-widget-container\">\n\t\t\t\t\t\t\t\t\t\t\t\t\t\t\t<img fetchpriority=\"high\" decoding=\"async\" width=\"620\" height=\"434\" src=\"https:\/\/etkiinsaat.com.tr\/wp-content\/uploads\/2023\/10\/yozgat-cagri-ins_0.webp\" class=\"attachment-full size-full wp-image-15414\" alt=\"\" srcset=\"https:\/\/etkiinsaat.com.tr\/wp-content\/uploads\/2023\/10\/yozgat-cagri-ins_0.webp 620w, https:\/\/etkiinsaat.com.tr\/wp-content\/uploads\/2023\/10\/yozgat-cagri-ins_0-300x210.webp 300w, https:\/\/etkiinsaat.com.tr\/wp-content\/uploads\/2023\/10\/yozgat-cagri-ins_0-287x201.webp 287w, https:\/\/etkiinsaat.com.tr\/wp-content\/uploads\/2023\/10\/yozgat-cagri-ins_0-574x402.webp 574w, https:\/\/etkiinsaat.com.tr\/wp-content\/uploads\/2023\/10\/yozgat-cagri-ins_0-500x350.webp 500w, https:\/\/etkiinsaat.com.tr\/wp-content\/uploads\/2023\/10\/yozgat-cagri-ins_0-450x315.webp 450w, https:\/\/etkiinsaat.com.tr\/wp-content\/uploads\/2023\/10\/yozgat-cagri-ins_0-407x285.webp 407w, https:\/\/etkiinsaat.com.tr\/wp-content\/uploads\/2023\/10\/yozgat-cagri-ins_0-143x100.webp 143w\" sizes=\"(max-width: 620px) 100vw, 620px\" \/>\t\t\t\t\t\t\t\t\t\t\t\t\t\t\t<\/div>\n\t\t\t\t<\/div>\n\t\t\t\t<div class=\"elementor-element elementor-element-68eb603 elementor-widget elementor-widget-text-editor\" data-id=\"68eb603\" data-element_type=\"widget\" data-e-type=\"widget\" data-widget_type=\"text-editor.default\">\n\t\t\t\t<div class=\"elementor-widget-container\">\n\t\t\t\t\t\t\t\t\t<div style=\"color: #1c1b1b;\"><span class=\"label\" style=\"display: inline; margin: 0px; padding: 0px; font-size: 16px; font-weight: bold; color: #212529; font-family: Barlow, Arial, sans-serif, 'Apple Color Emoji', 'Segoe UI Emoji', 'Segoe UI Symbol', 'Noto Color Emoji'; background-color: #f4f5f5;\">Renkler<\/span><span style=\"color: #212529; font-family: Barlow, Arial, sans-serif, 'Apple Color Emoji', 'Segoe UI Emoji', 'Segoe UI Symbol', 'Noto Color Emoji'; font-size: 16px; background-color: #f4f5f5;\">\u00a0<\/span><span style=\"color: #444444; font-family: 'Open Sans', sans-serif;\"><span style=\"font-size: 14px;\"><span style=\"font-weight: bold;\">:<\/span><\/span><\/span><\/div><p>Red<\/p>\t\t\t\t\t\t\t\t<\/div>\n\t\t\t\t<\/div>\n\t\t\t\t\t<\/div>\n\t\t<\/div>\n\t\t\t\t<div class=\"elementor-column elementor-col-66 elementor-top-column elementor-element elementor-element-9f0aadb\" data-id=\"9f0aadb\" data-element_type=\"column\" data-e-type=\"column\">\n\t\t\t<div class=\"elementor-widget-wrap elementor-element-populated\">\n\t\t\t\t\t\t<div class=\"elementor-element elementor-element-863df2e elementor-widget elementor-widget-text-editor\" data-id=\"863df2e\" data-element_type=\"widget\" data-e-type=\"widget\" data-widget_type=\"text-editor.default\">\n\t\t\t\t<div class=\"elementor-widget-container\">\n\t\t\t\t\t\t\t\t\t<p style=\"margin-right: 0px; margin-bottom: 10px; margin-left: 0px; line-height: 24px; color: #444444; font-family: 'Open Sans', sans-serif; font-size: 14px;\"><span style=\"font-weight: 600;\">Tan\u0131m\u0131:\u00a0<\/span><\/p><ul style=\"box-sizing: inherit; margin-right: 0px; margin-bottom: 0px; margin-left: 1.25rem; padding: 0px; list-style-position: outside; line-height: 1.45; list-style-type: square; color: #000000; font-family: 'Klavika Light';\"><li style=\"box-sizing: inherit; margin: 0px; padding: 0px;\"><div style=\"font-size: 1.3125rem; box-sizing: inherit; margin: 0px 0px 30px; padding: 0px;\"><div style=\"box-sizing: inherit; margin: 0px; padding: 0px;\"><p style=\"box-sizing: inherit; margin-right: 0px; margin-bottom: 1rem; margin-left: 0px; padding: 0px; font-size: 1.13125rem; line-height: 1.45; text-rendering: optimizelegibility; display: -webkit-box; -webkit-box-orient: vertical; overflow: hidden;\" data-lines=\"3\" data-read-more=\"Daha fazla oku\" data-read-less=\"Daha az oku\"><span style=\"text-indent: -32px; color: #000000; font-weight: var( --e-global-typography-text-font-weight ); text-align: var(--bs-body-text-align);\"><span style=\"background-color: #f4f5f5; color: #212529; font-family: Barlow, Arial, sans-serif, 'Apple Color Emoji', 'Segoe UI Emoji', 'Segoe UI Symbol', 'Noto Color Emoji'; font-size: 16px; font-weight: var( --e-global-typography-text-font-weight ); text-align: var(--bs-body-text-align);\">ONDULINE Z\u0130GANA esnek yap\u0131s\u0131 sayesinde \u00e7atlamaz, kesinlikle paslanmaz.<\/span>\u00a0<\/span><\/p><\/div><\/div><\/li><\/ul><div style=\"text-indent: -32px;\"><span style=\"color: #000000; font-family: Klavika Light;\"><span style=\"font-size: 18.1px;\">\u00a0 \u00a0 \u00a0 \u00a0 \u00a0\u00a0<\/span><\/span><\/div><div style=\"color: #444444; font-family: 'Open Sans', sans-serif; font-size: 14px;\"><div>\u00a0<span style=\"color: #212529; font-family: Barlow, Arial, sans-serif, 'Apple Color Emoji', 'Segoe UI Emoji', 'Segoe UI Symbol', 'Noto Color Emoji'; font-size: 2.5rem; text-align: var(--bs-body-text-align);\">A\u00e7\u0131klama<\/span><\/div><div style=\"color: #212529; font-family: Barlow, Arial, sans-serif, 'Apple Color Emoji', 'Segoe UI Emoji', 'Segoe UI Symbol', 'Noto Color Emoji'; font-size: 16px;\"><div><div style=\"margin-top: 0px; margin-bottom: 1rem; line-height: 1.2; font-size: 1.5rem;\">\u00dcr\u00fcn Avantajlar\u0131<\/div><div style=\"margin-top: 0px; margin-bottom: 1rem; line-height: 1.2; font-size: 1.5rem;\"><div class=\"benefits__wrapper\" style=\"font-size: 16px;\"><div class=\"benefits__elements row justify-content-between\" style=\"--bs-gutter-x: 1.5rem; --bs-gutter-y: 0; margin-top: calc(-1 * var(--bs-gutter-y)); margin-right: calc(-.5 * var(--bs-gutter-x)); margin-left: calc(-.5 * var(--bs-gutter-x));\"><div class=\"my-4 col-sm-5\" style=\"width: 650.037px; padding-right: calc(var(--bs-gutter-x) * .5); padding-left: calc(var(--bs-gutter-x) * .5);\"><div class=\"field field--name-field-product-benefits field--type-string field--label-hidden field__items\"><div class=\"field__item\" style=\"display: flex; align-items: flex-start;\">Paslanmaz<\/div><div class=\"field__item\" style=\"display: flex; align-items: flex-start;\">Hafif<\/div><div class=\"field__item\" style=\"display: flex; align-items: flex-start;\">Su ge\u00e7irimsiz<\/div><div class=\"field__item\" style=\"display: flex; align-items: flex-start;\">H\u0131zl\u0131 uygulama<\/div><div class=\"field__item\" style=\"display: flex; align-items: flex-start;\">Uzun \u00f6m\u00fcrl\u00fc<\/div><div class=\"field__item\" style=\"display: flex; align-items: flex-start;\">10 y\u0131l su ge\u00e7irimsizlik garantisi<\/div><\/div><\/div><div class=\"benefits__icons col-sm-7 row\" style=\"--bs-gutter-x: 1.5rem; --bs-gutter-y: 0; margin-top: var(--bs-gutter-y); margin-right: calc(-.5 * var(--bs-gutter-x)); margin-left: calc(-.5 * var(--bs-gutter-x)); width: 910.05px; padding-right: calc(var(--bs-gutter-x) * .5); padding-left: calc(var(--bs-gutter-x) * .5); justify-content: flex-end;\"><div class=\"field field--name-field-product-reassurance field--type-entity-reference-revisions field__item\" style=\"flex-grow: 0; flex-basis: auto; width: 221.512px; padding-right: calc(var(--bs-gutter-x) * .5); padding-left: calc(var(--bs-gutter-x) * .5); margin-top: var(--bs-gutter-y); margin-bottom: 1.5rem;\"><div class=\"paragraph paragraph--type--product-reassurance paragraph--view-mode--default\" style=\"border: 1px solid #9c9f9f; padding: 1.5rem; height: 171.6px; word-break: break-word; hyphens: auto;\"><div class=\"reassurance-item__title\"><div><div class=\"field field--name-field-pictogram field--type-vk-image-file field--label-hidden field__item\"><div class=\"image-file image-file-svg image-file-svg-src\"><img decoding=\"async\" style=\"border-width: 0px; image-rendering: -webkit-optimize-contrast; display: inline-block; height: 50px; width: 50px; margin-bottom: 1.5rem;\" src=\"https:\/\/tr.onduline.com\/sites\/onduline_tr\/files\/2018-12\/waterproofing_3.svg\" alt=\"\" \/><\/div><\/div><\/div><div class=\"field field--name-field-title field--type-string field--label-hidden field__item\">Kesinlikle su ge\u00e7irmez<\/div><\/div><\/div><\/div><div class=\"field field--name-field-product-reassurance field--type-entity-reference-revisions field__item\" style=\"flex-grow: 0; flex-basis: auto; width: 221.512px; padding-right: calc(var(--bs-gutter-x) * .5); padding-left: calc(var(--bs-gutter-x) * .5); margin-top: var(--bs-gutter-y); margin-bottom: 1.5rem;\"><div class=\"paragraph paragraph--type--product-reassurance paragraph--view-mode--default\" style=\"border: 1px solid #9c9f9f; padding: 1.5rem; height: 171.6px; word-break: break-word; hyphens: auto;\"><div class=\"reassurance-item__title\"><div><div class=\"field field--name-field-pictogram field--type-vk-image-file field--label-hidden field__item\"><div class=\"image-file image-file-svg image-file-svg-src\"><img decoding=\"async\" style=\"border-width: 0px; image-rendering: -webkit-optimize-contrast; display: inline-block; height: 50px; width: 50px; margin-bottom: 1.5rem;\" src=\"https:\/\/tr.onduline.com\/sites\/onduline_tr\/files\/2018-12\/professional-quality_0.svg\" alt=\"\" \/><\/div><\/div><\/div><div class=\"field field--name-field-title field--type-string field--label-hidden field__item\">Tasarrufludur<\/div><\/div><\/div><\/div><div class=\"field field--name-field-product-reassurance field--type-entity-reference-revisions field__item\" style=\"flex-grow: 0; flex-basis: auto; width: 221.512px; padding-right: calc(var(--bs-gutter-x) * .5); padding-left: calc(var(--bs-gutter-x) * .5); margin-top: var(--bs-gutter-y); margin-bottom: 1.5rem;\"><div class=\"paragraph paragraph--type--product-reassurance paragraph--view-mode--default\" style=\"border: 1px solid #9c9f9f; padding: 1.5rem; height: 171.6px; word-break: break-word; hyphens: auto;\"><div class=\"reassurance-item__title\"><div><div class=\"field field--name-field-pictogram field--type-vk-image-file field--label-hidden field__item\"><div class=\"image-file image-file-svg image-file-svg-src\"><img decoding=\"async\" style=\"border-width: 0px; image-rendering: -webkit-optimize-contrast; display: inline-block; height: 50px; width: 50px; margin-bottom: 1.5rem;\" src=\"https:\/\/tr.onduline.com\/sites\/onduline_tr\/files\/2018-12\/easy-to-install_1.svg\" alt=\"\" \/><\/div><\/div><\/div><div class=\"field field--name-field-title field--type-string field--label-hidden field__item\">Kolay uygulan\u0131r<\/div><\/div><\/div><\/div><\/div><\/div><\/div><div class=\"description__body\" style=\"font-size: 16px;\"><div class=\"field field--name-field-product-collapse-title field--type-string field--label-hidden field__item\">ONDULINE Z\u0130GANA, bireysel konutlardan toplu konutlara, kurumsal binalardan ticari binalara, end\u00fcstriyel binalardan k\u0131rsal yap\u0131lara kadar geni\u015f bir yelpazede g\u00fcvenle kullan\u0131labilir.<\/div><div class=\"clearfix text-formatted field field--name-field-product-collapse-descripti field--type-text-long field--label-hidden field__item\"><p style=\"margin-right: 0px; margin-bottom: 1rem; margin-left: 0px;\"><span style=\"font-weight: bolder;\">\u00c7evrecilikte Y\u00fcksek Standart<\/span><br \/>ONDULINE Z\u0130GANA sistemi uluslararas\u0131 \u00e7evre ve s\u00fcrd\u00fcr\u00fclebilirlik standartlar\u0131n\u0131 kar\u015f\u0131lama konusunda y\u00fcksek niteliklere sahiptir.<br \/>\u00a0<\/p><p style=\"margin-right: 0px; margin-bottom: 1rem; margin-left: 0px;\"><span style=\"font-weight: bolder;\">H\u0131zl\u0131 ve Kolay Uygulama<\/span><br \/>Levhalar hafif olmalar\u0131 sebebiyle kolayca \u00e7at\u0131ya \u00e7\u0131kar\u0131l\u0131r ve uygulan\u0131r. Uygulama i\u00e7in levhan\u0131n istenilen boyutta kesilmesi i\u00e7in bir fal\u00e7ata, \u00e7ivi ve \u00e7eki\u00e7 yeterlidir. ONDULINE Z\u0130GANA levhalar\u0131 m\u00fc\u015ftemilat ve ek binalardan, garaj \u00fczerlerine, bah\u00e7e sundurmalar\u0131ndan, sinai ve k\u0131rsal binalara kadar her t\u00fcr binan\u0131n \u00e7at\u0131s\u0131nda rahatl\u0131kla uygulanabilir.<br \/>\u00a0<\/p><p style=\"margin-right: 0px; margin-bottom: 1rem; margin-left: 0px;\"><span style=\"font-weight: bolder;\">Hafif<\/span><br \/>Yeni yap\u0131lan \u00e7at\u0131lar ya da\u00a0 yenilemeler i\u00e7in sadece 4 kg \/m2&#8217;lik a\u011f\u0131rl\u0131\u011f\u0131yla son derece hafiftir.<br \/>\u00a0<\/p><p style=\"margin-right: 0px; margin-bottom: 1rem; margin-left: 0px;\"><span style=\"font-weight: bolder;\">Su Ge\u00e7irimsiz<\/span><br \/>Her iklim \u015fart\u0131na uygundur ve paslanmaz.<br \/>\u00a0<\/p><p style=\"margin-right: 0px; margin-bottom: 1rem; margin-left: 0px;\"><span style=\"font-weight: bolder;\">Ses \u0130zolasyonu (Yutuculuk)<\/span><br \/>Ses yutuculuk de\u011feri ortalama 40 dB&#8217;dir.<br \/>\u00a0<\/p><p style=\"margin-right: 0px; margin-bottom: 1rem; margin-left: 0px;\"><span style=\"font-weight: bolder;\">Y\u00fcksek Mekanik Dayan\u0131m<\/span><br \/>ONDULINE Z\u0130GANA levhalar\u0131 bit\u00fcm emdirilmi\u015f organik elyafla \u00f6zel bir re\u00e7inenin bile\u015fiminden olu\u015fmaktad\u0131r. Bu \u00f6zel y\u00f6ntem ile levhalar daha dayan\u0131kl\u0131 hale getirilmi\u015ftir.<\/p><\/div><\/div><div id=\"accordion3545\" class=\"accordion\" style=\"--bs-accordion-color: #252424; --bs-accordion-bg: #fff; --bs-accordion-transition: color 0.15s ease-in-out,background-color 0.15s ease-in-out,border-color 0.15s ease-in-out,box-shadow 0.15s ease-in-out,border-radius 0.15s ease; --bs-accordion-border-color: var(--bs-border-color); --bs-accordion-border-width: 1px; --bs-accordion-border-radius: .375rem; --bs-accordion-inner-border-radius: calc(.375rem - 1px); --bs-accordion-btn-padding-x: 1.25rem; --bs-accordion-btn-padding-y: 1rem; --bs-accordion-btn-color: #252424; --bs-accordion-btn-bg: var(--bs-accordion-bg); --bs-accordion-btn-icon-width: 1.25rem; --bs-accordion-btn-icon-transform: rotate(-180deg); --bs-accordion-btn-icon-transition: transform 0.2s ease-in-out; --bs-accordion-btn-focus-border-color: #ee979a; --bs-accordion-btn-focus-box-shadow: 0 0 0 .25rem rgba(220,46,52,0.25); --bs-accordion-body-padding-x: 1.25rem; --bs-accordion-body-padding-y: 1rem; --bs-accordion-active-color: #c6292f; --bs-accordion-active-bg: #fceaeb; font-size: 16px;\"><div class=\"field field--name-field-product-collapse-items field--type-entity-reference-revisions accordion-item field__item\" style=\"color: var(--bs-accordion-color); background-color: var(--bs-accordion-bg); border-top-left-radius: var(--bs-accordion-border-radius); border-top-right-radius: var(--bs-accordion-border-radius); border: initial none initial;\"><h2 id=\"headingCollapse4302\" class=\"accordion-header\" style=\"font-size: 2.5rem;\"><button class=\"accordion-button\" style=\"color: #252424; font-style: inherit; font-variant: inherit; font-weight: 500; font-stretch: inherit; font-size: 1.5rem; line-height: 1.2; font-optical-sizing: inherit; font-kerning: inherit; font-feature-settings: inherit; font-variation-settings: inherit; margin-bottom: 1rem; overflow: visible; border-top-left-radius: var(--bs-accordion-inner-border-radius); border-top-right-radius: var(--bs-accordion-inner-border-radius); width: 1536.1px; padding: 0px; background: none transparent; border-width: initial; border-style: none; transition: var(--bs-accordion-transition); box-shadow: none;\" type=\"button\" data-bs-toggle=\"collapse\" data-bs-target=\"#collapse4302\" aria-expanded=\"true\" aria-controls=\"collapse4302\">Teknik \u00d6zellikler<\/button><\/h2><div id=\"collapse4302\" class=\"accordion-collapse collapse show\" aria-labelledby=\"heading4302\" aria-label=\"heading4302\" data-bs-parent=\"#accordionExample\"><div class=\"accordion-body\" style=\"padding: 0px;\"><div class=\"text-formatted__table\" style=\"overflow: auto hidden;\"><table style=\"border-spacing: 0px; min-width: 50%; width: 800px; border: initial none initial;\" border=\"0\" cellspacing=\"5\" cellpadding=\"5\"><tbody><tr style=\"border-bottom-color: inherit; border-bottom-width: 0px; background-color: #f4f5f5;\"><td style=\"padding: 0.25rem 0.5rem; border-right-width: 1px; border-right-color: #252424; font-weight: bold;\"><img decoding=\"async\" class=\"align-left\" style=\"border-width: 0px; float: left; image-rendering: -webkit-optimize-contrast; display: inline-block;\" src=\"https:\/\/tr.onduline.com\/sites\/onduline_tr\/files\/inline-images\/onduline_zigana_levha.png\" alt=\"onduline zigana levha\" width=\"350\" height=\"190\" data-entity-type=\"file\" data-entity-uuid=\"b1187d03-5b6e-42e4-ac65-f7f7a22a0255\" \/><\/td><td style=\"padding: 0.25rem 0.5rem; border-left-color: inherit; border-left-width: 0px;\"><span style=\"color: #e70033;\"><span style=\"font-weight: bolder;\">ONDULINE Z\u0130GANA<\/span><\/span><br \/>En: 89 cm<br \/>Boy: 200 cm<br \/>Net kaplama alan\u0131: 1,50 m\u00b2\/levhat<br \/>Kal\u0131nl\u0131k: 3,5 mm<br \/>A\u011f\u0131rl\u0131k: 6 kg<br \/>Oluk Y\u00fcksekli\u011fi: 3,8 cm<br \/>Ambalaj: 350 levha\/palet<\/td><\/tr><\/tbody><\/table><\/div><\/div><\/div><\/div><\/div><\/div><\/div><div style=\"margin-top: 0px; margin-bottom: 1rem; line-height: 1.2; font-size: 1.5rem;\"><div class=\"benefits__wrapper\" style=\"font-size: 16px;\"><div class=\"benefits__elements row justify-content-between\" style=\"--bs-gutter-x: 1.5rem; --bs-gutter-y: 0; margin-top: calc(-1 * var(--bs-gutter-y)); margin-right: calc(-.5 * var(--bs-gutter-x)); margin-left: calc(-.5 * var(--bs-gutter-x));\"><div class=\"my-4 col-sm-5\" style=\"width: 650.037px; padding-right: calc(var(--bs-gutter-x) * .5); padding-left: calc(var(--bs-gutter-x) * .5);\"><div class=\"field field--name-field-product-benefits field--type-string field--label-hidden field__items\"><div class=\"field__item\" style=\"display: flex; align-items: flex-start;\">\u00a0<\/div><\/div><\/div><\/div><\/div><div class=\"description__body\" style=\"font-size: 16px;\"><div class=\"clearfix text-formatted field field--name-field-product-collapse-descripti field--type-text-long field--label-hidden field__item\">\u00a0<\/div><\/div><\/div><\/div><\/div><div>\u00a0<\/div>\t\t\t\t\t\t\t\t<\/div>\n\t\t\t\t<\/div>\n\t\t\t\t\t<\/div>\n\t\t<\/div>\n\t\t\t\t\t<\/div>\n\t\t<\/section>\n\t\t\t\t<\/div>\n\t\t","protected":false},"excerpt":{"rendered":"<p>ONDULINE Z\u0130GANA Renkler\u00a0: Red Tan\u0131m\u0131:\u00a0 ONDULINE Z\u0130GANA esnek yap\u0131s\u0131 sayesinde \u00e7atlamaz, kesinlikle paslanmaz.\u00a0 \u00a0 \u00a0 \u00a0 \u00a0 \u00a0\u00a0\u00a0A\u00e7\u0131klama\u00dcr\u00fcn Avantajlar\u0131PaslanmazHafifSu ge\u00e7irimsizH\u0131zl\u0131 uygulamaUzun \u00f6m\u00fcrl\u00fc10 y\u0131l su ge\u00e7irimsizlik garantisiKesinlikle su ge\u00e7irmezTasarrufludurKolay uygulan\u0131rONDULINE Z\u0130GANA, bireysel konutlardan toplu konutlara, kurumsal binalardan ticari binalara, end\u00fcstriyel binalardan k\u0131rsal yap\u0131lara kadar geni\u015f bir yelpazede g\u00fcvenle kullan\u0131labilir. \u00c7evrecilikte Y\u00fcksek StandartONDULINE Z\u0130GANA sistemi uluslararas\u0131 \u00e7evre ve s\u00fcrd\u00fcr\u00fclebilirlik standartlar\u0131n\u0131 kar\u015f\u0131lama konusunda y\u00fcksek niteliklere sahiptir.\u00a0 H\u0131zl\u0131 ve Kolay UygulamaLevhalar hafif olmalar\u0131 sebebiyle kolayca \u00e7at\u0131ya \u00e7\u0131kar\u0131l\u0131r ve uygulan\u0131r. Uygulama i\u00e7in levhan\u0131n istenilen boyutta kesilmesi i\u00e7in bir fal\u00e7ata, \u00e7ivi ve \u00e7eki\u00e7 yeterlidir. ONDULINE Z\u0130GANA levhalar\u0131 m\u00fc\u015ftemilat ve ek binalardan, garaj \u00fczerlerine, bah\u00e7e sundurmalar\u0131ndan, sinai ve k\u0131rsal binalara kadar her t\u00fcr binan\u0131n \u00e7at\u0131s\u0131nda rahatl\u0131kla uygulanabilir.\u00a0 HafifYeni yap\u0131lan \u00e7at\u0131lar ya da\u00a0 yenilemeler i\u00e7in sadece 4 kg \/m2&#8217;lik a\u011f\u0131rl\u0131\u011f\u0131yla son derece hafiftir.\u00a0 Su Ge\u00e7irimsizHer iklim \u015fart\u0131na uygundur ve paslanmaz.\u00a0 Ses \u0130zolasyonu (Yutuculuk)Ses yutuculuk de\u011feri ortalama 40 dB&#8217;dir.\u00a0 Y\u00fcksek Mekanik Dayan\u0131mONDULINE Z\u0130GANA levhalar\u0131 bit\u00fcm emdirilmi\u015f organik elyafla \u00f6zel [&hellip;]<\/p>\n","protected":false},"author":3,"featured_media":0,"parent":0,"menu_order":0,"comment_status":"closed","ping_status":"closed","template":"page-full.php","meta":{"_joinchat":[],"footnotes":""},"class_list":["post-15411","page","type-page","status-publish","hentry"],"_links":{"self":[{"href":"https:\/\/etkiinsaat.com.tr\/index.php?rest_route=\/wp\/v2\/pages\/15411","targetHints":{"allow":["GET"]}}],"collection":[{"href":"https:\/\/etkiinsaat.com.tr\/index.php?rest_route=\/wp\/v2\/pages"}],"about":[{"href":"https:\/\/etkiinsaat.com.tr\/index.php?rest_route=\/wp\/v2\/types\/page"}],"author":[{"embeddable":true,"href":"https:\/\/etkiinsaat.com.tr\/index.php?rest_route=\/wp\/v2\/users\/3"}],"replies":[{"embeddable":true,"href":"https:\/\/etkiinsaat.com.tr\/index.php?rest_route=%2Fwp%2Fv2%2Fcomments&post=15411"}],"version-history":[{"count":7,"href":"https:\/\/etkiinsaat.com.tr\/index.php?rest_route=\/wp\/v2\/pages\/15411\/revisions"}],"predecessor-version":[{"id":15420,"href":"https:\/\/etkiinsaat.com.tr\/index.php?rest_route=\/wp\/v2\/pages\/15411\/revisions\/15420"}],"wp:attachment":[{"href":"https:\/\/etkiinsaat.com.tr\/index.php?rest_route=%2Fwp%2Fv2%2Fmedia&parent=15411"}],"curies":[{"name":"wp","href":"https:\/\/api.w.org\/{rel}","templated":true}]}}