{"id":15465,"date":"2023-10-03T21:22:54","date_gmt":"2023-10-03T18:22:54","guid":{"rendered":"https:\/\/etkiinsaat.com.tr\/?page_id=15465"},"modified":"2023-10-03T21:25:35","modified_gmt":"2023-10-03T18:25:35","slug":"ondutiss-barrier-reflex","status":"publish","type":"page","link":"https:\/\/etkiinsaat.com.tr\/?page_id=15465","title":{"rendered":"ONDUTISS BARRIER REFLEX"},"content":{"rendered":"\t\t<div data-elementor-type=\"wp-page\" data-elementor-id=\"15465\" class=\"elementor elementor-15465\">\n\t\t\t\t\t\t<section class=\"elementor-section elementor-top-section elementor-element elementor-element-6adc18c elementor-section-boxed elementor-section-height-default elementor-section-height-default\" data-id=\"6adc18c\" data-element_type=\"section\" data-e-type=\"section\">\n\t\t\t\t\t\t<div class=\"elementor-container elementor-column-gap-default\">\n\t\t\t\t\t<div class=\"elementor-column elementor-col-33 elementor-top-column elementor-element elementor-element-0f67af3\" data-id=\"0f67af3\" data-element_type=\"column\" data-e-type=\"column\">\n\t\t\t<div class=\"elementor-widget-wrap elementor-element-populated\">\n\t\t\t\t\t\t<div class=\"elementor-element elementor-element-4bf02c5 elementor-widget elementor-widget-heading\" data-id=\"4bf02c5\" data-element_type=\"widget\" data-e-type=\"widget\" data-widget_type=\"heading.default\">\n\t\t\t\t<div class=\"elementor-widget-container\">\n\t\t\t\t\t<h2 class=\"elementor-heading-title elementor-size-default\">ONDUTISS BARRIER REFLEX<\/h2>\t\t\t\t<\/div>\n\t\t\t\t<\/div>\n\t\t\t\t<div class=\"elementor-element elementor-element-4963e61 elementor-widget elementor-widget-image\" data-id=\"4963e61\" data-element_type=\"widget\" data-e-type=\"widget\" data-widget_type=\"image.default\">\n\t\t\t\t<div class=\"elementor-widget-container\">\n\t\t\t\t\t\t\t\t\t\t\t\t\t\t\t<img fetchpriority=\"high\" decoding=\"async\" width=\"620\" height=\"434\" src=\"https:\/\/etkiinsaat.com.tr\/wp-content\/uploads\/2023\/10\/ondutiss-barrier-110_0.jpg\" class=\"attachment-full size-full wp-image-15468\" alt=\"\" srcset=\"https:\/\/etkiinsaat.com.tr\/wp-content\/uploads\/2023\/10\/ondutiss-barrier-110_0.jpg 620w, https:\/\/etkiinsaat.com.tr\/wp-content\/uploads\/2023\/10\/ondutiss-barrier-110_0-300x210.jpg 300w, https:\/\/etkiinsaat.com.tr\/wp-content\/uploads\/2023\/10\/ondutiss-barrier-110_0-287x201.jpg 287w, https:\/\/etkiinsaat.com.tr\/wp-content\/uploads\/2023\/10\/ondutiss-barrier-110_0-574x402.jpg 574w, https:\/\/etkiinsaat.com.tr\/wp-content\/uploads\/2023\/10\/ondutiss-barrier-110_0-500x350.jpg 500w, https:\/\/etkiinsaat.com.tr\/wp-content\/uploads\/2023\/10\/ondutiss-barrier-110_0-450x315.jpg 450w, https:\/\/etkiinsaat.com.tr\/wp-content\/uploads\/2023\/10\/ondutiss-barrier-110_0-407x285.jpg 407w, https:\/\/etkiinsaat.com.tr\/wp-content\/uploads\/2023\/10\/ondutiss-barrier-110_0-143x100.jpg 143w\" sizes=\"(max-width: 620px) 100vw, 620px\" \/>\t\t\t\t\t\t\t\t\t\t\t\t\t\t\t<\/div>\n\t\t\t\t<\/div>\n\t\t\t\t<div class=\"elementor-element elementor-element-5f359eb elementor-widget elementor-widget-text-editor\" data-id=\"5f359eb\" data-element_type=\"widget\" data-e-type=\"widget\" data-widget_type=\"text-editor.default\">\n\t\t\t\t<div class=\"elementor-widget-container\">\n\t\t\t\t\t\t\t\t\t<div style=\"color: #1c1b1b;\"><span class=\"label\" style=\"display: inline; margin: 0px; padding: 0px; font-size: 16px; font-weight: bold; color: #212529; font-family: Barlow, Arial, sans-serif, 'Apple Color Emoji', 'Segoe UI Emoji', 'Segoe UI Symbol', 'Noto Color Emoji'; background-color: #f4f5f5;\">Renkler<\/span><span style=\"color: #212529; font-family: Barlow, Arial, sans-serif, 'Apple Color Emoji', 'Segoe UI Emoji', 'Segoe UI Symbol', 'Noto Color Emoji'; font-size: 16px; background-color: #f4f5f5;\">\u00a0<\/span><span style=\"color: #444444; font-family: 'Open Sans', sans-serif;\"><span style=\"font-size: 14px;\"><span style=\"font-weight: bold;\">:<\/span><\/span><\/span><\/div><div class=\"color__label\"><span class=\"color-name\" data-current-color=\"\">ONDUTISS BARRIER 110<\/span><\/div><div class=\"sliders__colors\"><div class=\"slider__color\"><br \/><div class=\"color__label\"><span class=\"color-name\" data-current-color=\"\">ONDUTISS BARRIER 90<\/span><\/div><div class=\"sliders__colors\"><div class=\"slider__color\">\u00a0<\/div><\/div><\/div><\/div>\t\t\t\t\t\t\t\t<\/div>\n\t\t\t\t<\/div>\n\t\t\t\t\t<\/div>\n\t\t<\/div>\n\t\t\t\t<div class=\"elementor-column elementor-col-66 elementor-top-column elementor-element elementor-element-fc40b5d\" data-id=\"fc40b5d\" data-element_type=\"column\" data-e-type=\"column\">\n\t\t\t<div class=\"elementor-widget-wrap elementor-element-populated\">\n\t\t\t\t\t\t<div class=\"elementor-element elementor-element-2527c50 elementor-widget elementor-widget-text-editor\" data-id=\"2527c50\" data-element_type=\"widget\" data-e-type=\"widget\" data-widget_type=\"text-editor.default\">\n\t\t\t\t<div class=\"elementor-widget-container\">\n\t\t\t\t\t\t\t\t\t<p style=\"margin-right: 0px; margin-bottom: 10px; margin-left: 0px; line-height: 24px; color: #444444; font-family: 'Open Sans', sans-serif; font-size: 14px;\"><span style=\"font-weight: 600;\">Tan\u0131m\u0131:\u00a0<\/span><\/p><ul style=\"box-sizing: inherit; margin-right: 0px; margin-bottom: 0px; margin-left: 1.25rem; padding: 0px; list-style-position: outside; line-height: 1.45; list-style-type: square; color: #000000; font-family: 'Klavika Light';\"><li style=\"box-sizing: inherit; margin: 0px; padding: 0px;\"><div style=\"font-size: 1.3125rem; box-sizing: inherit; margin: 0px 0px 30px; padding: 0px;\"><div style=\"box-sizing: inherit; margin: 0px; padding: 0px;\"><p style=\"box-sizing: inherit; margin-right: 0px; margin-bottom: 1rem; margin-left: 0px; padding: 0px; font-size: 1.13125rem; line-height: 1.45; text-rendering: optimizelegibility; display: -webkit-box; -webkit-box-orient: vertical; overflow: hidden;\" data-lines=\"3\" data-read-more=\"Daha fazla oku\" data-read-less=\"Daha az oku\"><span style=\"text-indent: -32px; color: #000000; font-weight: var( --e-global-typography-text-font-weight ); text-align: var(--bs-body-text-align);\"><span style=\"background-color: #f4f5f5; color: #212529; font-family: Barlow, Arial, sans-serif, 'Apple Color Emoji', 'Segoe UI Emoji', 'Segoe UI Symbol', 'Noto Color Emoji'; font-size: 16px; font-weight: var( --e-global-typography-text-font-weight ); text-align: var(--bs-body-text-align);\">Su buhar\u0131n\u0131 ge\u00e7irmeyen en dayan\u0131kl\u0131 sistem. Havaland\u0131rmal\u0131 veya havaland\u0131rmas\u0131z t\u00fcm \u00e7at\u0131larda kullan\u0131labilir.<\/span>\u00a0<\/span><\/p><\/div><\/div><\/li><\/ul><div style=\"text-indent: -32px;\"><span style=\"color: #000000; font-family: Klavika Light;\"><span style=\"font-size: 18.1px;\">\u00a0 \u00a0 \u00a0 \u00a0 \u00a0\u00a0<\/span><\/span><\/div><div style=\"color: #444444; font-family: 'Open Sans', sans-serif; font-size: 14px;\"><div>\u00a0<span style=\"color: #212529; font-family: Barlow, Arial, sans-serif, 'Apple Color Emoji', 'Segoe UI Emoji', 'Segoe UI Symbol', 'Noto Color Emoji'; font-size: 2.5rem; text-align: var(--bs-body-text-align);\">A\u00e7\u0131klama<\/span><\/div><div style=\"color: #212529; font-family: Barlow, Arial, sans-serif, 'Apple Color Emoji', 'Segoe UI Emoji', 'Segoe UI Symbol', 'Noto Color Emoji'; font-size: 16px;\"><div><div style=\"margin-top: 0px; margin-bottom: 1rem; line-height: 1.2; font-size: 1.5rem;\">\u00dcr\u00fcn Avantajlar\u0131<\/div><\/div><div style=\"margin-top: 0px; margin-bottom: 1rem; line-height: 1.2; font-size: 1.5rem;\"><div class=\"benefits__wrapper\" style=\"font-size: 16px;\"><div class=\"benefits__elements row justify-content-between\" style=\"--bs-gutter-x: 1.5rem; --bs-gutter-y: 0; margin-top: calc(-1 * var(--bs-gutter-y)); margin-right: calc(-.5 * var(--bs-gutter-x)); margin-left: calc(-.5 * var(--bs-gutter-x));\"><div class=\"my-4 col-sm-5\" style=\"width: 650.037px; padding-right: calc(var(--bs-gutter-x) * .5); padding-left: calc(var(--bs-gutter-x) * .5);\"><div class=\"field field--name-field-product-benefits field--type-string field--label-hidden field__items\"><div class=\"field__item\" style=\"display: flex; align-items: flex-start;\">Su ge\u00e7irimsiz<\/div><div class=\"field__item\" style=\"display: flex; align-items: flex-start;\">Y\u00fcksek y\u0131rt\u0131lma dayan\u0131ml\u0131<\/div><div class=\"field__item\" style=\"display: flex; align-items: flex-start;\">H\u0131zl\u0131 ve kolay uygulama<\/div><div class=\"field__item\" style=\"display: flex; align-items: flex-start;\">UV dayan\u0131ml\u0131<\/div><\/div><\/div><div class=\"benefits__icons col-sm-7 row\" style=\"--bs-gutter-x: 1.5rem; --bs-gutter-y: 0; margin-top: var(--bs-gutter-y); margin-right: calc(-.5 * var(--bs-gutter-x)); margin-left: calc(-.5 * var(--bs-gutter-x)); width: 910.05px; padding-right: calc(var(--bs-gutter-x) * .5); padding-left: calc(var(--bs-gutter-x) * .5); justify-content: flex-end;\"><div class=\"field field--name-field-product-reassurance field--type-entity-reference-revisions field__item\" style=\"flex-grow: 0; flex-basis: auto; width: 221.512px; padding-right: calc(var(--bs-gutter-x) * .5); padding-left: calc(var(--bs-gutter-x) * .5); margin-top: var(--bs-gutter-y); margin-bottom: 1.5rem;\"><div class=\"paragraph paragraph--type--product-reassurance paragraph--view-mode--default\" style=\"border: 1px solid #9c9f9f; padding: 1.5rem; height: 147.6px; word-break: break-word; hyphens: auto;\"><div class=\"reassurance-item__title\"><div><div class=\"field field--name-field-pictogram field--type-vk-image-file field--label-hidden field__item\"><div class=\"image-file image-file-svg image-file-svg-src\"><img decoding=\"async\" style=\"border-width: 0px; image-rendering: -webkit-optimize-contrast; display: inline-block; height: 50px; width: 50px; margin-bottom: 1.5rem;\" src=\"https:\/\/tr.onduline.com\/sites\/onduline_tr\/files\/2019-02\/waterproofing_0.svg\" alt=\"\" \/><\/div><\/div><\/div><div class=\"field field--name-field-title field--type-string field--label-hidden field__item\">Su ge\u00e7irimsiz<\/div><\/div><\/div><\/div><div class=\"field field--name-field-product-reassurance field--type-entity-reference-revisions field__item\" style=\"flex-grow: 0; flex-basis: auto; width: 221.512px; padding-right: calc(var(--bs-gutter-x) * .5); padding-left: calc(var(--bs-gutter-x) * .5); margin-top: var(--bs-gutter-y); margin-bottom: 1.5rem;\"><div class=\"paragraph paragraph--type--product-reassurance paragraph--view-mode--default\" style=\"border: 1px solid #9c9f9f; padding: 1.5rem; height: 147.6px; word-break: break-word; hyphens: auto;\"><div class=\"reassurance-item__title\"><div><div class=\"field field--name-field-pictogram field--type-vk-image-file field--label-hidden field__item\"><div class=\"image-file image-file-svg image-file-svg-src\"><img decoding=\"async\" style=\"border-width: 0px; image-rendering: -webkit-optimize-contrast; display: inline-block; height: 50px; width: 50px; margin-bottom: 1.5rem;\" src=\"https:\/\/tr.onduline.com\/sites\/onduline_tr\/files\/2018-06\/mechanical-resistant.svg\" alt=\"\" \/><\/div><\/div><\/div><div class=\"field field--name-field-title field--type-string field--label-hidden field__item\">Mekanik dayan\u0131ml\u0131<\/div><\/div><\/div><\/div><div class=\"field field--name-field-product-reassurance field--type-entity-reference-revisions field__item\" style=\"flex-grow: 0; flex-basis: auto; width: 221.512px; padding-right: calc(var(--bs-gutter-x) * .5); padding-left: calc(var(--bs-gutter-x) * .5); margin-top: var(--bs-gutter-y); margin-bottom: 1.5rem;\"><div class=\"paragraph paragraph--type--product-reassurance paragraph--view-mode--default\" style=\"border: 1px solid #9c9f9f; padding: 1.5rem; height: 147.6px; word-break: break-word; hyphens: auto;\"><div class=\"reassurance-item__title\"><div><div class=\"field field--name-field-pictogram field--type-vk-image-file field--label-hidden field__item\"><div class=\"image-file image-file-svg image-file-svg-src\"><img decoding=\"async\" style=\"border-width: 0px; image-rendering: -webkit-optimize-contrast; display: inline-block; height: 50px; width: 50px; margin-bottom: 1.5rem;\" src=\"https:\/\/tr.onduline.com\/sites\/onduline_tr\/files\/2019-02\/thermal_0.svg\" alt=\"\" \/><\/div><\/div><\/div><div class=\"field field--name-field-title field--type-string field--label-hidden field__item\">Kusursuz yal\u0131t\u0131m<\/div><\/div><\/div><\/div><\/div><\/div><\/div><div class=\"description__body\" style=\"font-size: 16px;\"><div class=\"field field--name-field-product-collapse-title field--type-string field--label-hidden field__item\">YO\u011eU\u015eMA VE BUHARA KAR\u015eI ETK\u0130L\u0130 BAR\u0130YER<\/div><div class=\"clearfix text-formatted field field--name-field-product-collapse-descripti field--type-text-long field--label-hidden field__item\"><p style=\"margin-right: 0px; margin-bottom: 1rem; margin-left: 0px;\"><span style=\"font-weight: bolder;\">ONDUTISS BARRIER REFLEX<\/span>\u00a0buhar kesici su yal\u0131t\u0131m \u00f6rt\u00fcleri su buhar\u0131 bariyeri g\u00f6revi g\u00f6rmektedir. 4 katmandan olu\u015furlar. Su buhar\u0131n\u0131 ge\u00e7irmeyen bir sisteme sahiptir. Havaland\u0131rmal\u0131 veya havaland\u0131rmas\u0131z t\u00fcm \u00e7at\u0131larda kullan\u0131labilir. \u00c7at\u0131 aras\u0131ndaki ya\u015fama alanlar\u0131nda, \u00e7at\u0131 kaplamas\u0131n\u0131n i\u00e7 k\u0131sm\u0131nda kullan\u0131ld\u0131\u011f\u0131nda konveksiyon ile \u0131s\u0131 kayb\u0131n\u0131 engeller. Uygun iklim ko\u015fullar\u0131n\u0131n olu\u015fmas\u0131n\u0131 sa\u011flar. Kenetli metal \u00e7at\u0131larda trapez kaplama \u00fcst\u00fcnde kullan\u0131l\u0131r. Al\u00fcminyum katman, \u0131\u015f\u0131nlar\u0131 yans\u0131t\u0131r ve izolasyon sa\u011flar.<\/p><\/div><\/div><div id=\"accordion1297\" class=\"accordion\" style=\"--bs-accordion-color: #252424; --bs-accordion-bg: #fff; --bs-accordion-transition: color 0.15s ease-in-out,background-color 0.15s ease-in-out,border-color 0.15s ease-in-out,box-shadow 0.15s ease-in-out,border-radius 0.15s ease; --bs-accordion-border-color: var(--bs-border-color); --bs-accordion-border-width: 1px; --bs-accordion-border-radius: .375rem; --bs-accordion-inner-border-radius: calc(.375rem - 1px); --bs-accordion-btn-padding-x: 1.25rem; --bs-accordion-btn-padding-y: 1rem; --bs-accordion-btn-color: #252424; --bs-accordion-btn-bg: var(--bs-accordion-bg); --bs-accordion-btn-icon-width: 1.25rem; --bs-accordion-btn-icon-transform: rotate(-180deg); --bs-accordion-btn-icon-transition: transform 0.2s ease-in-out; --bs-accordion-btn-focus-border-color: #ee979a; --bs-accordion-btn-focus-box-shadow: 0 0 0 .25rem rgba(220,46,52,0.25); --bs-accordion-body-padding-x: 1.25rem; --bs-accordion-body-padding-y: 1rem; --bs-accordion-active-color: #c6292f; --bs-accordion-active-bg: #fceaeb; font-size: 16px;\"><div class=\"field field--name-field-product-collapse-items field--type-entity-reference-revisions accordion-item field__item\" style=\"color: var(--bs-accordion-color); background-color: var(--bs-accordion-bg); border-top-left-radius: var(--bs-accordion-border-radius); border-top-right-radius: var(--bs-accordion-border-radius); border-bottom-right-radius: var(--bs-accordion-border-radius); border-bottom-left-radius: var(--bs-accordion-border-radius); border: initial none initial;\"><h2 id=\"headingCollapse300\" class=\"accordion-header\" style=\"font-size: 2.5rem;\"><button class=\"accordion-button\" style=\"color: #252424; font-style: inherit; font-variant: inherit; font-weight: 500; font-stretch: inherit; font-size: 1.5rem; line-height: 1.2; font-optical-sizing: inherit; font-kerning: inherit; font-feature-settings: inherit; font-variation-settings: inherit; margin-bottom: 1rem; overflow: visible; border-top-left-radius: var(--bs-accordion-inner-border-radius); border-top-right-radius: var(--bs-accordion-inner-border-radius); width: 1536.1px; padding: 0px; background: none transparent; border-width: initial; border-style: none; transition: var(--bs-accordion-transition); box-shadow: none;\" type=\"button\" data-bs-toggle=\"collapse\" data-bs-target=\"#collapse300\" aria-expanded=\"true\" aria-controls=\"collapse300\">ONDUTISS BARRIER REFLEX 100, BARRIER REFLEX 170<\/button><\/h2><div id=\"collapse300\" class=\"accordion-collapse collapse show\" style=\"border-bottom-right-radius: var(--bs-accordion-border-radius); border-bottom-left-radius: var(--bs-accordion-border-radius);\" aria-labelledby=\"heading300\" aria-label=\"heading300\" data-bs-parent=\"#accordionExample\"><div class=\"accordion-body\" style=\"padding: 0px;\"><p style=\"margin-bottom: 1rem;\"><span style=\"font-weight: bolder;\">ONDUTISS BARRIER REFLEX 100<\/span><\/p><p style=\"margin-bottom: 1rem;\">ONDUTISS BARRIER REFLEX 100 nefes almayan, 4 katmanl\u0131 nem\/su buhar\u0131 bariyeri sa\u011flayan bir membrand\u0131r.<\/p><p style=\"margin-bottom: 1rem;\">&#8211; Al\u00fcminyum katman \u0131s\u0131 \u0131\u015f\u0131nlar\u0131n\u0131 yans\u0131t\u0131r ve m\u00fckemmel yal\u0131t\u0131m sa\u011flar.<br \/>&#8211; \u00c7at\u0131 aras\u0131nda yer alan ya\u015fam alanlar\u0131nda i\u00e7 taraftan kullan\u0131ld\u0131\u011f\u0131 takdirde \u0131s\u0131 kayb\u0131n\u0131 \u00f6nler.<br \/>&#8211; Su buhar\u0131n\u0131 ge\u00e7irmez iyi bir buhar frenleme sistemidir.<br \/>&#8211; Suya, neme ve r\u00fczgara kar\u015f\u0131 yal\u0131t\u0131m sa\u011flar.<br \/>&#8211; Is\u0131y\u0131 yans\u0131tma \u00f6zelli\u011fine sahiptir.<br \/>&#8211; Hafiftir ve uygulamas\u0131 kolayd\u0131r.<br \/>&#8211; Y\u00fcksek y\u0131rt\u0131lma dayan\u0131m\u0131na sahiptir.<br \/>&#8211; UV katk\u0131s\u0131 sayesinde g\u00fcne\u015f \u0131\u015f\u0131\u011f\u0131 alt\u0131nda rahatl\u0131kla 3-4 ay kullan\u0131labilmektedir.<\/p><p style=\"margin-bottom: 1rem;\"><span style=\"font-weight: bolder;\">Kullan\u0131m alanlar\u0131<\/span><br \/>&#8211; Kenetli metal \u00e7at\u0131<br \/>&#8211; \u00c7at\u0131 i\u00e7i buhar frenleme<br \/>&#8211; Ge\u00e7irgen \u00e7at\u0131 ve duvar konstr\u00fcksiyonlar\u0131<\/p><p style=\"margin-bottom: 1rem;\">\u00a0<\/p><p style=\"margin-bottom: 1rem;\"><span style=\"font-weight: bolder;\">ONDUTISS BARRIER REFLEX 170<\/span><\/p><p style=\"margin-bottom: 1rem;\">ONDUTISS BARRIER REFLEX 170 nefes almayan, 4 katmanl\u0131 nem\/su buhar\u0131 bariyeri sa\u011flayan bir membrand\u0131r.<\/p><p style=\"margin-bottom: 1rem;\">&#8211; Al\u00fcminyum katman \u0131s\u0131 \u0131\u015f\u0131nlar\u0131n\u0131 yans\u0131t\u0131r ve m\u00fckemmel yal\u0131t\u0131m sa\u011flar.<br \/>&#8211; \u00c7at\u0131 aras\u0131nda yer alan ya\u015fam alanlar\u0131nda i\u00e7 taraftan kullan\u0131ld\u0131\u011f\u0131 takdirde \u0131s\u0131 kayb\u0131n\u0131 \u00f6nler.<br \/>&#8211; Su buhar\u0131n\u0131 ge\u00e7irmez iyi bir buhar frenleme sistemidir.<br \/>&#8211; Suya, neme ve r\u00fczgara kar\u015f\u0131 yal\u0131t\u0131m sa\u011flar.<br \/>&#8211; Is\u0131y\u0131 yans\u0131tma \u00f6zelli\u011fine sahiptir.<br \/>&#8211; Hafiftir ve uygulamas\u0131 kolayd\u0131r.<br \/>&#8211; Y\u00fcksek y\u0131rt\u0131lma dayan\u0131m\u0131na sahiptir.<br \/>&#8211; UV katk\u0131s\u0131 sayesinde g\u00fcne\u015f \u0131\u015f\u0131\u011f\u0131 alt\u0131nda rahatl\u0131kla 3-4 ay kullan\u0131labilmektedir.<\/p><p style=\"margin-bottom: 1rem;\"><span style=\"font-weight: bolder;\">Kullan\u0131m alanlar\u0131<\/span><br \/>&#8211; Kenetli metal \u00e7at\u0131<br \/>&#8211; \u00c7at\u0131 i\u00e7i buhar frenleme<br \/>&#8211; Ge\u00e7irgen \u00e7at\u0131 ve duvar konstr\u00fcksiyonlar\u0131<\/p><\/div><\/div><\/div><\/div><\/div><\/div><\/div>\t\t\t\t\t\t\t\t<\/div>\n\t\t\t\t<\/div>\n\t\t\t\t\t<\/div>\n\t\t<\/div>\n\t\t\t\t\t<\/div>\n\t\t<\/section>\n\t\t\t\t<\/div>\n\t\t","protected":false},"excerpt":{"rendered":"<p>ONDUTISS BARRIER REFLEX Renkler\u00a0:ONDUTISS BARRIER 110ONDUTISS BARRIER 90\u00a0 Tan\u0131m\u0131:\u00a0 Su buhar\u0131n\u0131 ge\u00e7irmeyen en dayan\u0131kl\u0131 sistem. Havaland\u0131rmal\u0131 veya havaland\u0131rmas\u0131z t\u00fcm \u00e7at\u0131larda kullan\u0131labilir.\u00a0 \u00a0 \u00a0 \u00a0 \u00a0 \u00a0\u00a0\u00a0A\u00e7\u0131klama\u00dcr\u00fcn Avantajlar\u0131Su ge\u00e7irimsizY\u00fcksek y\u0131rt\u0131lma dayan\u0131ml\u0131H\u0131zl\u0131 ve kolay uygulamaUV dayan\u0131ml\u0131Su ge\u00e7irimsizMekanik dayan\u0131ml\u0131Kusursuz yal\u0131t\u0131mYO\u011eU\u015eMA VE BUHARA KAR\u015eI ETK\u0130L\u0130 BAR\u0130YER ONDUTISS BARRIER REFLEX\u00a0buhar kesici su yal\u0131t\u0131m \u00f6rt\u00fcleri su buhar\u0131 bariyeri g\u00f6revi g\u00f6rmektedir. 4 katmandan olu\u015furlar. Su buhar\u0131n\u0131 ge\u00e7irmeyen bir sisteme sahiptir. Havaland\u0131rmal\u0131 veya havaland\u0131rmas\u0131z t\u00fcm \u00e7at\u0131larda kullan\u0131labilir. \u00c7at\u0131 aras\u0131ndaki ya\u015fama alanlar\u0131nda, \u00e7at\u0131 kaplamas\u0131n\u0131n i\u00e7 k\u0131sm\u0131nda kullan\u0131ld\u0131\u011f\u0131nda konveksiyon ile \u0131s\u0131 kayb\u0131n\u0131 engeller. Uygun iklim ko\u015fullar\u0131n\u0131n olu\u015fmas\u0131n\u0131 sa\u011flar. Kenetli metal \u00e7at\u0131larda trapez kaplama \u00fcst\u00fcnde kullan\u0131l\u0131r. Al\u00fcminyum katman, \u0131\u015f\u0131nlar\u0131 yans\u0131t\u0131r ve izolasyon sa\u011flar. ONDUTISS BARRIER REFLEX 100, BARRIER REFLEX 170 ONDUTISS BARRIER REFLEX 100 ONDUTISS BARRIER REFLEX 100 nefes almayan, 4 katmanl\u0131 nem\/su buhar\u0131 bariyeri sa\u011flayan bir membrand\u0131r. &#8211; Al\u00fcminyum katman \u0131s\u0131 \u0131\u015f\u0131nlar\u0131n\u0131 yans\u0131t\u0131r ve m\u00fckemmel yal\u0131t\u0131m sa\u011flar.&#8211; \u00c7at\u0131 aras\u0131nda yer alan ya\u015fam alanlar\u0131nda i\u00e7 taraftan kullan\u0131ld\u0131\u011f\u0131 takdirde \u0131s\u0131 kayb\u0131n\u0131 \u00f6nler.&#8211; [&hellip;]<\/p>\n","protected":false},"author":3,"featured_media":0,"parent":0,"menu_order":0,"comment_status":"closed","ping_status":"closed","template":"page-full.php","meta":{"_joinchat":[],"footnotes":""},"class_list":["post-15465","page","type-page","status-publish","hentry"],"_links":{"self":[{"href":"https:\/\/etkiinsaat.com.tr\/index.php?rest_route=\/wp\/v2\/pages\/15465","targetHints":{"allow":["GET"]}}],"collection":[{"href":"https:\/\/etkiinsaat.com.tr\/index.php?rest_route=\/wp\/v2\/pages"}],"about":[{"href":"https:\/\/etkiinsaat.com.tr\/index.php?rest_route=\/wp\/v2\/types\/page"}],"author":[{"embeddable":true,"href":"https:\/\/etkiinsaat.com.tr\/index.php?rest_route=\/wp\/v2\/users\/3"}],"replies":[{"embeddable":true,"href":"https:\/\/etkiinsaat.com.tr\/index.php?rest_route=%2Fwp%2Fv2%2Fcomments&post=15465"}],"version-history":[{"count":4,"href":"https:\/\/etkiinsaat.com.tr\/index.php?rest_route=\/wp\/v2\/pages\/15465\/revisions"}],"predecessor-version":[{"id":15473,"href":"https:\/\/etkiinsaat.com.tr\/index.php?rest_route=\/wp\/v2\/pages\/15465\/revisions\/15473"}],"wp:attachment":[{"href":"https:\/\/etkiinsaat.com.tr\/index.php?rest_route=%2Fwp%2Fv2%2Fmedia&parent=15465"}],"curies":[{"name":"wp","href":"https:\/\/api.w.org\/{rel}","templated":true}]}}