{"id":15474,"date":"2023-10-03T21:29:12","date_gmt":"2023-10-03T18:29:12","guid":{"rendered":"https:\/\/etkiinsaat.com.tr\/?page_id=15474"},"modified":"2023-10-03T21:30:59","modified_gmt":"2023-10-03T18:30:59","slug":"bitusmart","status":"publish","type":"page","link":"https:\/\/etkiinsaat.com.tr\/?page_id=15474","title":{"rendered":"BITUSMART"},"content":{"rendered":"\t\t<div data-elementor-type=\"wp-page\" data-elementor-id=\"15474\" class=\"elementor elementor-15474\">\n\t\t\t\t\t\t<section class=\"elementor-section elementor-top-section elementor-element elementor-element-2b2abbe elementor-section-boxed elementor-section-height-default elementor-section-height-default\" data-id=\"2b2abbe\" data-element_type=\"section\" data-e-type=\"section\">\n\t\t\t\t\t\t<div class=\"elementor-container elementor-column-gap-default\">\n\t\t\t\t\t<div class=\"elementor-column elementor-col-33 elementor-top-column elementor-element elementor-element-99a1ca3\" data-id=\"99a1ca3\" data-element_type=\"column\" data-e-type=\"column\">\n\t\t\t<div class=\"elementor-widget-wrap elementor-element-populated\">\n\t\t\t\t\t\t<div class=\"elementor-element elementor-element-3c418f1 elementor-widget elementor-widget-heading\" data-id=\"3c418f1\" data-element_type=\"widget\" data-e-type=\"widget\" data-widget_type=\"heading.default\">\n\t\t\t\t<div class=\"elementor-widget-container\">\n\t\t\t\t\t<h2 class=\"elementor-heading-title elementor-size-default\">BITUSMART<\/h2>\t\t\t\t<\/div>\n\t\t\t\t<\/div>\n\t\t\t\t<div class=\"elementor-element elementor-element-297dcd1 elementor-widget elementor-widget-image\" data-id=\"297dcd1\" data-element_type=\"widget\" data-e-type=\"widget\" data-widget_type=\"image.default\">\n\t\t\t\t<div class=\"elementor-widget-container\">\n\t\t\t\t\t\t\t\t\t\t\t\t\t\t\t<img fetchpriority=\"high\" decoding=\"async\" width=\"620\" height=\"434\" src=\"https:\/\/etkiinsaat.com.tr\/wp-content\/uploads\/2023\/10\/bitusmart-ultra.webp\" class=\"attachment-full size-full wp-image-15476\" alt=\"\" srcset=\"https:\/\/etkiinsaat.com.tr\/wp-content\/uploads\/2023\/10\/bitusmart-ultra.webp 620w, https:\/\/etkiinsaat.com.tr\/wp-content\/uploads\/2023\/10\/bitusmart-ultra-300x210.webp 300w, https:\/\/etkiinsaat.com.tr\/wp-content\/uploads\/2023\/10\/bitusmart-ultra-287x201.webp 287w, https:\/\/etkiinsaat.com.tr\/wp-content\/uploads\/2023\/10\/bitusmart-ultra-574x402.webp 574w, https:\/\/etkiinsaat.com.tr\/wp-content\/uploads\/2023\/10\/bitusmart-ultra-500x350.webp 500w, https:\/\/etkiinsaat.com.tr\/wp-content\/uploads\/2023\/10\/bitusmart-ultra-450x315.webp 450w, https:\/\/etkiinsaat.com.tr\/wp-content\/uploads\/2023\/10\/bitusmart-ultra-407x285.webp 407w, https:\/\/etkiinsaat.com.tr\/wp-content\/uploads\/2023\/10\/bitusmart-ultra-143x100.webp 143w\" sizes=\"(max-width: 620px) 100vw, 620px\" \/>\t\t\t\t\t\t\t\t\t\t\t\t\t\t\t<\/div>\n\t\t\t\t<\/div>\n\t\t\t\t<div class=\"elementor-element elementor-element-233d286 elementor-widget elementor-widget-text-editor\" data-id=\"233d286\" data-element_type=\"widget\" data-e-type=\"widget\" data-widget_type=\"text-editor.default\">\n\t\t\t\t<div class=\"elementor-widget-container\">\n\t\t\t\t\t\t\t\t\t<div style=\"color: #1c1b1b;\"><span class=\"label\" style=\"display: inline; margin: 0px; padding: 0px; font-size: 16px; font-weight: bold; color: #212529; font-family: Barlow, Arial, sans-serif, 'Apple Color Emoji', 'Segoe UI Emoji', 'Segoe UI Symbol', 'Noto Color Emoji'; background-color: #f4f5f5;\">Renkler<\/span><span style=\"color: #212529; font-family: Barlow, Arial, sans-serif, 'Apple Color Emoji', 'Segoe UI Emoji', 'Segoe UI Symbol', 'Noto Color Emoji'; font-size: 16px; background-color: #f4f5f5;\">\u00a0<\/span><span style=\"color: #444444; font-family: 'Open Sans', sans-serif;\"><span style=\"font-size: 14px;\"><span style=\"font-weight: bold;\">:<\/span><\/span><\/span><\/div><p>Ultra,Super,High<\/p>\t\t\t\t\t\t\t\t<\/div>\n\t\t\t\t<\/div>\n\t\t\t\t\t<\/div>\n\t\t<\/div>\n\t\t\t\t<div class=\"elementor-column elementor-col-66 elementor-top-column elementor-element elementor-element-0e6be80\" data-id=\"0e6be80\" data-element_type=\"column\" data-e-type=\"column\">\n\t\t\t<div class=\"elementor-widget-wrap elementor-element-populated\">\n\t\t\t\t\t\t<div class=\"elementor-element elementor-element-0bab304 elementor-widget elementor-widget-text-editor\" data-id=\"0bab304\" data-element_type=\"widget\" data-e-type=\"widget\" data-widget_type=\"text-editor.default\">\n\t\t\t\t<div class=\"elementor-widget-container\">\n\t\t\t\t\t\t\t\t\t<p style=\"margin-right: 0px; margin-bottom: 10px; margin-left: 0px; line-height: 24px; color: #444444; font-family: 'Open Sans', sans-serif; font-size: 14px;\"><span style=\"font-weight: 600;\">Tan\u0131m\u0131:&nbsp;<\/span><\/p>\n<ul style=\"box-sizing: inherit; margin-right: 0px; margin-bottom: 0px; margin-left: 1.25rem; padding: 0px; list-style-position: outside; line-height: 1.45; list-style-type: square; color: #000000; font-family: 'Klavika Light';\">\n<li style=\"box-sizing: inherit; margin: 0px; padding: 0px;\">\n<div style=\"font-size: 1.3125rem; box-sizing: inherit; margin: 0px 0px 30px; padding: 0px;\">\n<div style=\"box-sizing: inherit; margin: 0px; padding: 0px;\">\n<p style=\"box-sizing: inherit; margin-right: 0px; margin-bottom: 1rem; margin-left: 0px; padding: 0px; font-size: 1.13125rem; line-height: 1.45; text-rendering: optimizelegibility; display: -webkit-box; -webkit-box-orient: vertical; overflow: hidden;\" data-lines=\"3\" data-read-more=\"Daha fazla oku\" data-read-less=\"Daha az oku\"><span style=\"color: rgb(33, 37, 41); font-family: Barlow, Arial, sans-serif, &quot;Apple Color Emoji&quot;, &quot;Segoe UI Emoji&quot;, &quot;Segoe UI Symbol&quot;, &quot;Noto Color Emoji&quot;; font-size: 16px; background-color: rgb(244, 245, 245);\">\u00dcr\u00fcn kalitesi ve sorunsuz uygulama performans\u0131 ile her t\u00fcr su yal\u0131t\u0131m uygulamas\u0131 i\u00e7in profesyonellerin tercihi Bitusmart.<\/span><br><\/p>\n<\/div>\n<\/div>\n<\/li>\n<\/ul>\n<div style=\"text-indent: -32px;\"><span style=\"color: #000000; font-family: Klavika Light;\"><span style=\"font-size: 18.1px;\">&nbsp; &nbsp; &nbsp; &nbsp; &nbsp;&nbsp;<\/span><\/span><\/div>\n<div style=\"color: #444444; font-family: 'Open Sans', sans-serif; font-size: 14px;\">\n<div>&nbsp;<span style=\"color: #212529; font-family: Barlow, Arial, sans-serif, 'Apple Color Emoji', 'Segoe UI Emoji', 'Segoe UI Symbol', 'Noto Color Emoji'; font-size: 2.5rem; text-align: var(--bs-body-text-align);\">A\u00e7\u0131klama<\/span><\/div>\n<div style=\"color: #212529; font-family: Barlow, Arial, sans-serif, 'Apple Color Emoji', 'Segoe UI Emoji', 'Segoe UI Symbol', 'Noto Color Emoji'; font-size: 16px;\">\n<div>\n<div style=\"margin-top: 0px; margin-bottom: 1rem; line-height: 1.2; font-size: 1.5rem;\">\u00dcr\u00fcn Avantajlar\u0131<\/div><\/div><div style=\"margin-top: 0px; margin-bottom: 1rem; line-height: 1.2; font-size: 1.5rem;\"><div class=\"benefits__wrapper\" style=\"font-size: 16px;\"><div class=\"benefits__elements row justify-content-between\" style=\"--bs-gutter-x: 1.5rem; --bs-gutter-y: 0; margin-top: calc(-1 * var(--bs-gutter-y)); margin-right: calc(-.5 * var(--bs-gutter-x)); margin-left: calc(-.5 * var(--bs-gutter-x));\"><div class=\"my-4 col-sm-5\" style=\"width: 650.037px; padding-right: calc(var(--bs-gutter-x) * .5); padding-left: calc(var(--bs-gutter-x) * .5);\"><div class=\"field field--name-field-product-benefits field--type-string field--label-hidden field__items\"><div class=\"field__item\" style=\"display: flex; align-items: flex-start;\">Etkin su yal\u0131t\u0131m\u0131<\/div><div class=\"field__item\" style=\"display: flex; align-items: flex-start;\">Y\u00fcksek teknoloji<\/div><div class=\"field__item\" style=\"display: flex; align-items: flex-start;\">Dayan\u0131kl\u0131<\/div><div class=\"field__item\" style=\"display: flex; align-items: flex-start;\">Esnek<\/div><\/div><\/div><div class=\"benefits__icons col-sm-7 row\" style=\"--bs-gutter-x: 1.5rem; --bs-gutter-y: 0; margin-top: var(--bs-gutter-y); margin-right: calc(-.5 * var(--bs-gutter-x)); margin-left: calc(-.5 * var(--bs-gutter-x)); width: 910.05px; padding-right: calc(var(--bs-gutter-x) * .5); padding-left: calc(var(--bs-gutter-x) * .5); justify-content: flex-end;\"><\/div><\/div><\/div><div class=\"description__body\" style=\"font-size: 16px;\"><div class=\"field field--name-field-product-collapse-title field--type-string field--label-hidden field__item\">Su yal\u0131t\u0131m\u0131nda ak\u0131ll\u0131 \u00e7\u00f6z\u00fcm!<\/div><div class=\"clearfix text-formatted field field--name-field-product-collapse-descripti field--type-text-long field--label-hidden field__item\"><p style=\"margin-right: 0px; margin-bottom: 1rem; margin-left: 0px;\">Onduline Avrasya\u2019n\u0131n Sapanca\u2019daki \u00fcretim tesislerinde y\u00fcksek teknoloji ve kusursuz tasar\u0131m ilkesiyle \u00fcretilen Bitusmart \u00fcr\u00fcn ailesi, binalarda zorunlu olan su yal\u0131t\u0131m\u0131 i\u00e7in e\u015fsiz bir \u00e7\u00f6z\u00fcmd\u00fcr. Konutlarda, end\u00fcstriyel binalarda, ticari binalarda, kurumsal binalarda ve d\u00fcz \u00e7at\u0131larda kolayl\u0131kla uygulanabilen Bitusmart su yal\u0131t\u0131m membranlar\u0131, binalar\u0131n temellerinden \u00e7at\u0131lar\u0131na kadar tam koruma sa\u011flar.<\/p><p style=\"margin-right: 0px; margin-bottom: 1rem; margin-left: 0px;\"><br>Bitusmart \u00fcr\u00fcn ailesi, t\u00fcm Avrupa Birli\u011fi \u00fclkelerinde oldu\u011fu gibi, T\u00fcrkiye\u2019de de ge\u00e7erli olan TS EN 13707 (\u00e7at\u0131lar\u0131n su yal\u0131t\u0131m\u0131nda kullan\u0131lan ta\u015f\u0131y\u0131c\u0131l\u0131 bit\u00fcml\u00fc \u00f6rt\u00fcler) ve TS EN 13969 (toprak alt\u0131 ve rutubet yal\u0131t\u0131m \u00f6rt\u00fcleri) standartlar\u0131na g\u00f6re \u00fcretilmektedir. Onduline Avrasya garantisi ile \u00fcretilen Bitusmart su yal\u0131t\u0131m membranlar\u0131 TSE ve CE etiketlerini ta\u015f\u0131maktad\u0131r.<\/p><\/div><\/div><div class=\"accordion\" id=\"accordion3553\" style=\"--bs-accordion-color: #252424; --bs-accordion-bg: #fff; --bs-accordion-transition: color 0.15s ease-in-out,background-color 0.15s ease-in-out,border-color 0.15s ease-in-out,box-shadow 0.15s ease-in-out,border-radius 0.15s ease; --bs-accordion-border-color: var(--bs-border-color); --bs-accordion-border-width: 1px; --bs-accordion-border-radius: .375rem; --bs-accordion-inner-border-radius: calc(.375rem - 1px); --bs-accordion-btn-padding-x: 1.25rem; --bs-accordion-btn-padding-y: 1rem; --bs-accordion-btn-color: #252424; --bs-accordion-btn-bg: var(--bs-accordion-bg); --bs-accordion-btn-icon: url(&quot;data:image\/svg+xml,%3csvg xmlns=%27http:\/\/www.w3.org\/2000\/svg%27 viewBox=%270 0 16 16%27 fill=%27%23252424%27%3e%3cpath fill-rule=%27evenodd%27 d=%27M1.646 4.646a.5.5 0 0 1 .708 0L8 10.293l5.646-5.647a.5.5 0 0 1 .708.708l-6 6a.5.5 0 0 1-.708 0l-6-6a.5.5 0 0 1 0-.708z%27\/%3e%3c\/svg%3e&quot;); --bs-accordion-btn-icon-width: 1.25rem; --bs-accordion-btn-icon-transform: rotate(-180deg); --bs-accordion-btn-icon-transition: transform 0.2s ease-in-out; --bs-accordion-btn-active-icon: url(&quot;data:image\/svg+xml,%3csvg xmlns=%27http:\/\/www.w3.org\/2000\/svg%27 viewBox=%270 0 16 16%27 fill=%27%23c6292f%27%3e%3cpath fill-rule=%27evenodd%27 d=%27M1.646 4.646a.5.5 0 0 1 .708 0L8 10.293l5.646-5.647a.5.5 0 0 1 .708.708l-6 6a.5.5 0 0 1-.708 0l-6-6a.5.5 0 0 1 0-.708z%27\/%3e%3c\/svg%3e&quot;); --bs-accordion-btn-focus-border-color: #ee979a; --bs-accordion-btn-focus-box-shadow: 0 0 0 .25rem rgba(220,46,52,0.25); --bs-accordion-body-padding-x: 1.25rem; --bs-accordion-body-padding-y: 1rem; --bs-accordion-active-color: #c6292f; --bs-accordion-active-bg: #fceaeb; font-size: 16px;\"><div class=\"field field--name-field-product-collapse-items field--type-entity-reference-revisions accordion-item field__item\" style=\"color: var(--bs-accordion-color); background-color: var(--bs-accordion-bg); border-width: initial; border-style: none; border-color: initial; border-top-left-radius: var(--bs-accordion-border-radius); border-top-right-radius: var(--bs-accordion-border-radius);\"><h2 class=\"accordion-header\" id=\"headingCollapse4378\" style=\"font-size: 2.5rem;\"><button class=\"accordion-button\" type=\"button\" data-bs-toggle=\"collapse\" data-bs-target=\"#collapse4378\" aria-expanded=\"true\" aria-controls=\"collapse4378\" style=\"color: rgb(37, 36, 36); font-style: inherit; font-variant: inherit; font-weight: 500; font-stretch: inherit; font-size: 1.5rem; line-height: 1.2; font-optical-sizing: inherit; font-kerning: inherit; font-feature-settings: inherit; font-variation-settings: inherit; margin-bottom: 1rem; overflow: visible; border-top-left-radius: var(--bs-accordion-inner-border-radius); border-top-right-radius: var(--bs-accordion-inner-border-radius); width: 1536.1px; padding: 0px; background: none transparent; border-width: initial; border-style: none; transition: var(--bs-accordion-transition); box-shadow: none;\">BITUSMART ULTRA<\/button><\/h2><div id=\"collapse4378\" class=\"accordion-collapse collapse show\" aria-labelledby=\"heading4378\" aria-label=\"heading4378\" data-bs-parent=\"#accordionExample\"><div class=\"accordion-body\" style=\"padding: 0px;\"><p style=\"margin-bottom: 1rem;\"><img loading=\"lazy\" decoding=\"async\" alt=\"bitusmart ultra\" data-entity-type=\"file\" data-entity-uuid=\"39a4865b-f737-4ace-9da0-431f56d0e975\" src=\"https:\/\/tr.onduline.com\/sites\/onduline_tr\/files\/inline-images\/bitusmart_types_ultra_0.png\" class=\"align-left\" width=\"300\" height=\"165\" loading=\"lazy\" style=\"border-width: 0px; float: left; image-rendering: -webkit-optimize-contrast; display: inline-block;\"><\/p><p style=\"margin-bottom: 1rem;\"><span style=\"font-weight: bolder;\">SBS Katk\u0131l\u0131 elastomerik tip membran<\/span><\/p><p style=\"margin-bottom: 1rem;\">\u00d6zel polimerler ve stiren-butadien-stiren (SBS) ile modifiye edilmi\u015f bit\u00fcmden olu\u015fan bile\u015fi\u011fi ile Bitusmart Ultra serisi membranlar olduk\u00e7a y\u00fcksek olan so\u011fukta b\u00fck\u00fclme diren\u00e7leri (-20\u00b0C) ve esnek yap\u0131lar\u0131 ile \u00f6ne \u00e7\u0131karlar. \u00d6zellikle \u0130\u00e7 Anadolu, Do\u011fu Anadolu gibi so\u011fuk iklim b\u00f6lgelerinde kullan\u0131m i\u00e7in uygundur. Bitusmart Ultra\u2019n\u0131n y\u00fcksek so\u011fukta b\u00fck\u00fclme direnci kolay uygulanabilir olmas\u0131n\u0131 sa\u011flar.<\/p><p style=\"margin-bottom: 1rem;\"><span style=\"font-weight: bolder;\">Avantajlar\u0131:<\/span><br>D\u00fc\u015f\u00fck s\u0131cakl\u0131klarda kullan\u0131labilme<br>Y\u00fcksek kopma uzamas\u0131<br>Boyutsal kararl\u0131l\u0131k<\/p><p style=\"margin-bottom: 1rem;\"><span style=\"font-weight: bolder;\">Kullan\u0131m alanlar\u0131:<\/span><br>Teras \u00e7at\u0131lar, temeller, temel duvarlar\u0131 bodrumlar, ve ayr\u0131ca teraslar\u0131n, her t\u00fcr \u0131slak hacimin su yal\u0131t\u0131m\u0131nda kullan\u0131labilir.<\/p><p style=\"margin-bottom: 1rem;\"><em><span style=\"font-weight: bolder;\">So\u011fukta b\u00fck\u00fclme:<\/span><\/em>&nbsp;-20\u00b0C<\/p><\/div><\/div><\/div><div class=\"field field--name-field-product-collapse-items field--type-entity-reference-revisions accordion-item field__item\" style=\"color: var(--bs-accordion-color); background-color: var(--bs-accordion-bg); border-width: initial; border-style: none; border-right-color: initial; border-bottom-color: initial; border-left-color: initial;\"><h2 class=\"accordion-header\" id=\"headingCollapse4379\" style=\"font-size: 2.5rem;\"><button class=\"accordion-button\" type=\"button\" data-bs-toggle=\"collapse\" data-bs-target=\"#collapse4379\" aria-expanded=\"true\" aria-controls=\"collapse4379\" style=\"color: rgb(37, 36, 36); font-style: inherit; font-variant: inherit; font-weight: 500; font-stretch: inherit; font-size: 1.5rem; line-height: 1.2; font-optical-sizing: inherit; font-kerning: inherit; font-feature-settings: inherit; font-variation-settings: inherit; margin-bottom: 1rem; overflow: visible; width: 1536.1px; padding: 0px; background: none transparent; border-width: initial; border-style: none; transition: var(--bs-accordion-transition); box-shadow: none;\">BITUSMART SUPER<\/button><\/h2><div id=\"collapse4379\" class=\"accordion-collapse collapse show\" aria-labelledby=\"heading4379\" aria-label=\"heading4379\" data-bs-parent=\"#accordionExample\"><div class=\"accordion-body\" style=\"padding: 0px;\"><p style=\"margin-bottom: 1rem;\"><img loading=\"lazy\" decoding=\"async\" alt=\"bitusmart super\" data-entity-type=\"file\" data-entity-uuid=\"efc5be86-c23a-4b4d-a456-ca31460273f4\" src=\"https:\/\/tr.onduline.com\/sites\/onduline_tr\/files\/inline-images\/bitusmart_types_super.png\" class=\"align-left\" width=\"300\" height=\"165\" loading=\"lazy\" style=\"border-width: 0px; float: left; image-rendering: -webkit-optimize-contrast; display: inline-block;\"><\/p><p style=\"margin-bottom: 1rem;\">\u00d6zel polimerler ve Ataktik Polipropilen (App) ile modifiye edilmi\u015f bit\u00fcmden olu\u015fan bile\u015fi\u011fi ile Bitusmart Super serisi membranlar so\u011fukta b\u00fck\u00fclme diren\u00e7leri (-10\u00b0C) ve \u00f6zel yap\u0131s\u0131 sayesinde y\u00fcksek s\u0131cakl\u0131k de\u011fi\u015fikliklerine dayan\u0131kl\u0131d\u0131r.<\/p><p style=\"margin-bottom: 1rem;\"><span style=\"font-weight: bolder;\">Avantajlar\u0131:<\/span><br>D\u00fc\u015f\u00fck s\u0131cakl\u0131klarda kullan\u0131labilme<br>Y\u00fcksek \u00e7ekme mukavemeti<br>Boyutsal kararl\u0131l\u0131k<\/p><p style=\"margin-bottom: 1rem;\"><span style=\"font-weight: bolder;\">Kullan\u0131m alanlar\u0131:<\/span><br>Teras \u00e7at\u0131lar, temeller, temel duvarlar\u0131 bodrumlar, ve ayr\u0131ca teraslar\u0131n, her t\u00fcr \u0131slak hacimin su yal\u0131t\u0131m\u0131nda kullan\u0131labilir.<\/p><p style=\"margin-bottom: 1rem;\"><span style=\"font-weight: bolder;\"><em>So\u011fukta b\u00fck\u00fclme:<\/em><\/span>&nbsp;-10\u00b0C<\/p><\/div><\/div><\/div><div class=\"field field--name-field-product-collapse-items field--type-entity-reference-revisions accordion-item field__item\" style=\"color: var(--bs-accordion-color); background-color: var(--bs-accordion-bg); border-width: initial; border-style: none; border-right-color: initial; border-bottom-color: initial; border-left-color: initial; border-bottom-right-radius: var(--bs-accordion-border-radius); border-bottom-left-radius: var(--bs-accordion-border-radius);\"><h2 class=\"accordion-header\" id=\"headingCollapse4380\" style=\"font-size: 2.5rem;\"><button class=\"accordion-button\" type=\"button\" data-bs-toggle=\"collapse\" data-bs-target=\"#collapse4380\" aria-expanded=\"true\" aria-controls=\"collapse4380\" style=\"color: rgb(37, 36, 36); font-style: inherit; font-variant: inherit; font-weight: 500; font-stretch: inherit; font-size: 1.5rem; line-height: 1.2; font-optical-sizing: inherit; font-kerning: inherit; font-feature-settings: inherit; font-variation-settings: inherit; margin-bottom: 1rem; overflow: visible; width: 1536.1px; padding: 0px; background: none transparent; border-width: initial; border-style: none; transition: var(--bs-accordion-transition); box-shadow: none;\">BITUSMART HIGH<\/button><\/h2><div id=\"collapse4380\" class=\"accordion-collapse collapse show\" aria-labelledby=\"heading4380\" aria-label=\"heading4380\" data-bs-parent=\"#accordionExample\" style=\"border-bottom-right-radius: var(--bs-accordion-border-radius); border-bottom-left-radius: var(--bs-accordion-border-radius);\"><div class=\"accordion-body\" style=\"padding: 0px;\"><p style=\"margin-bottom: 1rem;\"><img loading=\"lazy\" decoding=\"async\" alt=\"bitusmart high\" data-entity-type=\"file\" data-entity-uuid=\"b33ccaad-87ec-45e5-893b-535035f46022\" src=\"https:\/\/tr.onduline.com\/sites\/onduline_tr\/files\/inline-images\/bitusmart_types_high.png\" class=\"align-left\" width=\"300\" height=\"165\" loading=\"lazy\" style=\"border-width: 0px; float: left; image-rendering: -webkit-optimize-contrast; display: inline-block;\"><\/p><p style=\"margin-bottom: 1rem;\">\u00d6zel polimerler ve Ataktik Polipropilen (App) ile modifiye edilmi\u015f bit\u00fcmden olu\u015fan bile\u015fi\u011fi ile Bitusmart High serisi membranlar so\u011fukta b\u00fck\u00fclme diren\u00e7leri (-10\/0\u00b0C) ve \u00f6zel yap\u0131s\u0131 sayesinde y\u00fcksek s\u0131cakl\u0131k de\u011fi\u015fikliklerine dayan\u0131kl\u0131d\u0131r. \u00d6zellikle \u0131l\u0131man iklim b\u00f6lgelerinde kullan\u0131m\u0131 yayg\u0131nd\u0131r.<\/p><p style=\"margin-bottom: 1rem;\">Avantajlar\u0131:<br>D\u00fc\u015f\u00fck s\u0131cakl\u0131klarda kullan\u0131labilme<br>S\u0131cakl\u0131k de\u011fi\u015fimlerine dayan\u0131m (110)<br>Boyutsal kararl\u0131l\u0131k<\/p><p style=\"margin-bottom: 1rem;\">Kullan\u0131m alanlar\u0131:<br>Teras \u00e7at\u0131lar, temeller, temel duvarlar\u0131 bodrumlar, ve ayr\u0131ca teraslar\u0131n, her t\u00fcr \u0131slak hacimin su yal\u0131t\u0131m\u0131nda kullan\u0131labilir.<\/p><p style=\"margin-bottom: 1rem;\"><span style=\"font-weight: bolder;\"><em>So\u011fukta b\u00fck\u00fclme:<\/em><\/span>&nbsp;-10\/0\u00b0C<\/p><\/div><\/div><\/div><\/div><\/div><\/div><\/div>\t\t\t\t\t\t\t\t<\/div>\n\t\t\t\t<\/div>\n\t\t\t\t\t<\/div>\n\t\t<\/div>\n\t\t\t\t\t<\/div>\n\t\t<\/section>\n\t\t\t\t<\/div>\n\t\t","protected":false},"excerpt":{"rendered":"<p>BITUSMART Renkler\u00a0: Ultra,Super,High Tan\u0131m\u0131:&nbsp; \u00dcr\u00fcn kalitesi ve sorunsuz uygulama performans\u0131 ile her t\u00fcr su yal\u0131t\u0131m uygulamas\u0131 i\u00e7in profesyonellerin tercihi Bitusmart. &nbsp; &nbsp; &nbsp; &nbsp; &nbsp;&nbsp; &nbsp;A\u00e7\u0131klama \u00dcr\u00fcn Avantajlar\u0131Etkin su yal\u0131t\u0131m\u0131Y\u00fcksek teknolojiDayan\u0131kl\u0131EsnekSu yal\u0131t\u0131m\u0131nda ak\u0131ll\u0131 \u00e7\u00f6z\u00fcm! Onduline Avrasya\u2019n\u0131n Sapanca\u2019daki \u00fcretim tesislerinde y\u00fcksek teknoloji ve kusursuz tasar\u0131m ilkesiyle \u00fcretilen Bitusmart \u00fcr\u00fcn ailesi, binalarda zorunlu olan su yal\u0131t\u0131m\u0131 i\u00e7in e\u015fsiz bir \u00e7\u00f6z\u00fcmd\u00fcr. Konutlarda, end\u00fcstriyel binalarda, ticari binalarda, kurumsal binalarda ve d\u00fcz \u00e7at\u0131larda kolayl\u0131kla uygulanabilen Bitusmart su yal\u0131t\u0131m membranlar\u0131, binalar\u0131n temellerinden \u00e7at\u0131lar\u0131na kadar tam koruma sa\u011flar. Bitusmart \u00fcr\u00fcn ailesi, t\u00fcm Avrupa Birli\u011fi \u00fclkelerinde oldu\u011fu gibi, T\u00fcrkiye\u2019de de ge\u00e7erli olan TS EN 13707 (\u00e7at\u0131lar\u0131n su yal\u0131t\u0131m\u0131nda kullan\u0131lan ta\u015f\u0131y\u0131c\u0131l\u0131 bit\u00fcml\u00fc \u00f6rt\u00fcler) ve TS EN 13969 (toprak alt\u0131 ve rutubet yal\u0131t\u0131m \u00f6rt\u00fcleri) standartlar\u0131na g\u00f6re \u00fcretilmektedir. Onduline Avrasya garantisi ile \u00fcretilen Bitusmart su yal\u0131t\u0131m membranlar\u0131 TSE ve CE etiketlerini ta\u015f\u0131maktad\u0131r. BITUSMART ULTRA SBS Katk\u0131l\u0131 elastomerik tip membran \u00d6zel polimerler ve stiren-butadien-stiren (SBS) ile modifiye edilmi\u015f bit\u00fcmden olu\u015fan bile\u015fi\u011fi ile [&hellip;]<\/p>\n","protected":false},"author":3,"featured_media":0,"parent":0,"menu_order":0,"comment_status":"closed","ping_status":"closed","template":"page-full.php","meta":{"_joinchat":[],"footnotes":""},"class_list":["post-15474","page","type-page","status-publish","hentry"],"_links":{"self":[{"href":"https:\/\/etkiinsaat.com.tr\/index.php?rest_route=\/wp\/v2\/pages\/15474","targetHints":{"allow":["GET"]}}],"collection":[{"href":"https:\/\/etkiinsaat.com.tr\/index.php?rest_route=\/wp\/v2\/pages"}],"about":[{"href":"https:\/\/etkiinsaat.com.tr\/index.php?rest_route=\/wp\/v2\/types\/page"}],"author":[{"embeddable":true,"href":"https:\/\/etkiinsaat.com.tr\/index.php?rest_route=\/wp\/v2\/users\/3"}],"replies":[{"embeddable":true,"href":"https:\/\/etkiinsaat.com.tr\/index.php?rest_route=%2Fwp%2Fv2%2Fcomments&post=15474"}],"version-history":[{"count":4,"href":"https:\/\/etkiinsaat.com.tr\/index.php?rest_route=\/wp\/v2\/pages\/15474\/revisions"}],"predecessor-version":[{"id":15480,"href":"https:\/\/etkiinsaat.com.tr\/index.php?rest_route=\/wp\/v2\/pages\/15474\/revisions\/15480"}],"wp:attachment":[{"href":"https:\/\/etkiinsaat.com.tr\/index.php?rest_route=%2Fwp%2Fv2%2Fmedia&parent=15474"}],"curies":[{"name":"wp","href":"https:\/\/api.w.org\/{rel}","templated":true}]}}