{"id":15501,"date":"2023-10-03T21:38:51","date_gmt":"2023-10-03T18:38:51","guid":{"rendered":"https:\/\/etkiinsaat.com.tr\/?page_id=15501"},"modified":"2023-10-03T21:40:03","modified_gmt":"2023-10-03T18:40:03","slug":"onduline-andromeda","status":"publish","type":"page","link":"https:\/\/etkiinsaat.com.tr\/?page_id=15501","title":{"rendered":"ONDULINE ANDROMEDA"},"content":{"rendered":"\t\t<div data-elementor-type=\"wp-page\" data-elementor-id=\"15501\" class=\"elementor elementor-15501\">\n\t\t\t\t\t\t<section class=\"elementor-section elementor-top-section elementor-element elementor-element-f4a1991 elementor-section-boxed elementor-section-height-default elementor-section-height-default\" data-id=\"f4a1991\" data-element_type=\"section\" data-e-type=\"section\">\n\t\t\t\t\t\t<div class=\"elementor-container elementor-column-gap-default\">\n\t\t\t\t\t<div class=\"elementor-column elementor-col-33 elementor-top-column elementor-element elementor-element-a0653d1\" data-id=\"a0653d1\" data-element_type=\"column\" data-e-type=\"column\">\n\t\t\t<div class=\"elementor-widget-wrap elementor-element-populated\">\n\t\t\t\t\t\t<div class=\"elementor-element elementor-element-dabec71 elementor-widget elementor-widget-heading\" data-id=\"dabec71\" data-element_type=\"widget\" data-e-type=\"widget\" data-widget_type=\"heading.default\">\n\t\t\t\t<div class=\"elementor-widget-container\">\n\t\t\t\t\t<h2 class=\"elementor-heading-title elementor-size-default\">ONDULINE ANDROMEDA<\/h2>\t\t\t\t<\/div>\n\t\t\t\t<\/div>\n\t\t\t\t<div class=\"elementor-element elementor-element-8ad047e elementor-widget elementor-widget-image\" data-id=\"8ad047e\" data-element_type=\"widget\" data-e-type=\"widget\" data-widget_type=\"image.default\">\n\t\t\t\t<div class=\"elementor-widget-container\">\n\t\t\t\t\t\t\t\t\t\t\t\t\t\t\t<img fetchpriority=\"high\" decoding=\"async\" width=\"620\" height=\"434\" src=\"https:\/\/etkiinsaat.com.tr\/wp-content\/uploads\/2023\/10\/andromeda_levha.png\" class=\"attachment-full size-full wp-image-15503\" alt=\"\" srcset=\"https:\/\/etkiinsaat.com.tr\/wp-content\/uploads\/2023\/10\/andromeda_levha.png 620w, https:\/\/etkiinsaat.com.tr\/wp-content\/uploads\/2023\/10\/andromeda_levha-300x210.png 300w, https:\/\/etkiinsaat.com.tr\/wp-content\/uploads\/2023\/10\/andromeda_levha-287x201.png 287w, https:\/\/etkiinsaat.com.tr\/wp-content\/uploads\/2023\/10\/andromeda_levha-574x402.png 574w, https:\/\/etkiinsaat.com.tr\/wp-content\/uploads\/2023\/10\/andromeda_levha-500x350.png 500w, https:\/\/etkiinsaat.com.tr\/wp-content\/uploads\/2023\/10\/andromeda_levha-450x315.png 450w, https:\/\/etkiinsaat.com.tr\/wp-content\/uploads\/2023\/10\/andromeda_levha-407x285.png 407w, https:\/\/etkiinsaat.com.tr\/wp-content\/uploads\/2023\/10\/andromeda_levha-143x100.png 143w\" sizes=\"(max-width: 620px) 100vw, 620px\" \/>\t\t\t\t\t\t\t\t\t\t\t\t\t\t\t<\/div>\n\t\t\t\t<\/div>\n\t\t\t\t<div class=\"elementor-element elementor-element-8d9f93b elementor-widget elementor-widget-text-editor\" data-id=\"8d9f93b\" data-element_type=\"widget\" data-e-type=\"widget\" data-widget_type=\"text-editor.default\">\n\t\t\t\t<div class=\"elementor-widget-container\">\n\t\t\t\t\t\t\t\t\t<div style=\"color: #1c1b1b;\"><span class=\"label\" style=\"display: inline; margin: 0px; padding: 0px; font-size: 16px; font-weight: bold; color: #212529; font-family: Barlow, Arial, sans-serif, 'Apple Color Emoji', 'Segoe UI Emoji', 'Segoe UI Symbol', 'Noto Color Emoji'; background-color: #f4f5f5;\">Renkler<\/span><span style=\"color: #212529; font-family: Barlow, Arial, sans-serif, 'Apple Color Emoji', 'Segoe UI Emoji', 'Segoe UI Symbol', 'Noto Color Emoji'; font-size: 16px; background-color: #f4f5f5;\">\u00a0<\/span><span style=\"color: #444444; font-family: 'Open Sans', sans-serif;\"><span style=\"font-size: 14px;\"><span style=\"font-weight: bold;\">:<\/span><\/span><\/span><\/div><p>K\u0131rm\u0131z\u0131<\/p>\t\t\t\t\t\t\t\t<\/div>\n\t\t\t\t<\/div>\n\t\t\t\t\t<\/div>\n\t\t<\/div>\n\t\t\t\t<div class=\"elementor-column elementor-col-66 elementor-top-column elementor-element elementor-element-cf5ea99\" data-id=\"cf5ea99\" data-element_type=\"column\" data-e-type=\"column\">\n\t\t\t<div class=\"elementor-widget-wrap elementor-element-populated\">\n\t\t\t\t\t\t<div class=\"elementor-element elementor-element-fa00d57 elementor-widget elementor-widget-text-editor\" data-id=\"fa00d57\" data-element_type=\"widget\" data-e-type=\"widget\" data-widget_type=\"text-editor.default\">\n\t\t\t\t<div class=\"elementor-widget-container\">\n\t\t\t\t\t\t\t\t\t<p style=\"margin-right: 0px; margin-bottom: 10px; margin-left: 0px; line-height: 24px; color: #444444; font-family: 'Open Sans', sans-serif; font-size: 14px;\"><span style=\"font-weight: 600;\">Tan\u0131m\u0131:&nbsp;<\/span><\/p>\n<ul style=\"box-sizing: inherit; margin-right: 0px; margin-bottom: 0px; margin-left: 1.25rem; padding: 0px; list-style-position: outside; line-height: 1.45; list-style-type: square; color: #000000; font-family: 'Klavika Light';\">\n<li style=\"box-sizing: inherit; margin: 0px; padding: 0px;\">\n<div style=\"font-size: 1.3125rem; box-sizing: inherit; margin: 0px 0px 30px; padding: 0px;\">\n<div style=\"box-sizing: inherit; margin: 0px; padding: 0px;\"><p style=\"box-sizing: inherit; margin-right: 0px; margin-bottom: 1rem; margin-left: 0px; padding: 0px; font-size: 1.13125rem; line-height: 1.45; text-rendering: optimizelegibility; display: -webkit-box; -webkit-box-orient: vertical; overflow: hidden;\" data-lines=\"3\" data-read-more=\"Daha fazla oku\" data-read-less=\"Daha az oku\"><span style=\"color: rgb(0, 0, 0); text-indent: -32px; font-weight: var( --e-global-typography-text-font-weight ); text-align: var(--bs-body-text-align);\"><span style=\"background-color: rgb(244, 245, 245); color: rgb(33, 37, 41); font-family: Barlow, Arial, sans-serif, &quot;Apple Color Emoji&quot;, &quot;Segoe UI Emoji&quot;, &quot;Segoe UI Symbol&quot;, &quot;Noto Color Emoji&quot;; font-size: 16px; font-weight: var( --e-global-typography-text-font-weight ); text-align: var(--bs-body-text-align);\">ONDULINE ANDROMEDA, bireysel konutlardan toplu konutlara, kurumsal binalardan ticari binalara, end\u00fcstriyel binalardan k\u0131rsal yap\u0131lara kadar geni\u015f bir yelpazede g\u00fcvenle kullan\u0131labilir<\/span>&nbsp; &nbsp; &nbsp; &nbsp; &nbsp;&nbsp;<\/span><br><\/p><\/div><\/div><\/li><\/ul>\n<div style=\"color: #444444; font-family: 'Open Sans', sans-serif; font-size: 14px;\">\n<div>&nbsp;<span style=\"color: #212529; font-family: Barlow, Arial, sans-serif, 'Apple Color Emoji', 'Segoe UI Emoji', 'Segoe UI Symbol', 'Noto Color Emoji'; font-size: 2.5rem; text-align: var(--bs-body-text-align);\">A\u00e7\u0131klama<\/span><\/div>\n<div style=\"color: #212529; font-family: Barlow, Arial, sans-serif, 'Apple Color Emoji', 'Segoe UI Emoji', 'Segoe UI Symbol', 'Noto Color Emoji'; font-size: 16px;\">\n<div>\n<div style=\"margin-top: 0px; margin-bottom: 1rem; line-height: 1.2; font-size: 1.5rem;\">\u00dcr\u00fcn Avantajlar\u0131<\/div>\n<\/div>\n<div style=\"margin-top: 0px; margin-bottom: 1rem; line-height: 1.2; font-size: 1.5rem;\">\n<div class=\"benefits__wrapper\" style=\"font-size: 16px;\">\n<div class=\"benefits__elements row justify-content-between\" style=\"--bs-gutter-x: 1.5rem; --bs-gutter-y: 0; margin-top: calc(-1 * var(--bs-gutter-y)); margin-right: calc(-.5 * var(--bs-gutter-x)); margin-left: calc(-.5 * var(--bs-gutter-x));\">\n<div class=\"my-4 col-sm-5\" style=\"width: 650.037px; padding-right: calc(var(--bs-gutter-x) * .5); padding-left: calc(var(--bs-gutter-x) * .5);\">\n<div class=\"field field--name-field-product-benefits field--type-string field--label-hidden field__items\">\n<div class=\"field__item\" style=\"display: flex; align-items: flex-start;\">Hafif<\/div>\n<div class=\"field__item\" style=\"display: flex; align-items: flex-start;\">Kolay uygulama<\/div>\n<div class=\"field__item\" style=\"display: flex; align-items: flex-start;\">Su ge\u00e7irimsiz<\/div>\n<div class=\"field__item\" style=\"display: flex; align-items: flex-start;\">UV dayan\u0131ml\u0131<\/div>\n<div class=\"field__item\" style=\"display: flex; align-items: flex-start;\">D\u0131\u015f alev yay\u0131l\u0131m\u0131na kar\u015f\u0131 dayan\u0131ml\u0131 (BROOF)<\/div>\n<div class=\"field__item\" style=\"display: flex; align-items: flex-start;\">10 y\u0131l su ge\u00e7irimsizlik garantisi<\/div>\n<\/div>\n<\/div>\n<div class=\"benefits__icons col-sm-7 row\" style=\"--bs-gutter-x: 1.5rem; --bs-gutter-y: 0; margin-top: var(--bs-gutter-y); margin-right: calc(-.5 * var(--bs-gutter-x)); margin-left: calc(-.5 * var(--bs-gutter-x)); width: 910.05px; padding-right: calc(var(--bs-gutter-x) * .5); padding-left: calc(var(--bs-gutter-x) * .5); justify-content: flex-end;\"><\/div>\n<\/div>\n<\/div>\n<div class=\"description__body\" style=\"font-size: 16px;\">\n<div class=\"clearfix text-formatted field field--name-field-product-collapse-descripti field--type-text-long field--label-hidden field__item\">\n<p style=\"margin-right: 0px; margin-bottom: 1rem; margin-left: 0px;\"><span style=\"font-weight: bolder;\">\u00c7evrecilikte Y\u00fcksek Standart<\/span><\/p>\n<p style=\"margin-right: 0px; margin-bottom: 1rem; margin-left: 0px;\">ONDULINE ANDROMEDA sistemi uluslararas\u0131 \u00e7evre ve s\u00fcrd\u00fcr\u00fclebilirlik standartlar\u0131n\u0131 kar\u015f\u0131lama konusunda y\u00fcksek niteliklere sahiptir.<br>H\u0131zl\u0131 ve Kolay Uygulama<\/p>\n<p style=\"margin-right: 0px; margin-bottom: 1rem; margin-left: 0px;\">Levhalar hafif olmalar\u0131 sebebiyle kolayca \u00e7at\u0131ya \u00e7\u0131kar\u0131l\u0131r ve uygulan\u0131r. Uygulama i\u00e7in levhan\u0131n istenilen boyutta kesilmesi i\u00e7in bir fal\u00e7ata, \u00e7ivi ve \u00e7eki\u00e7 yeterlidir. ONDULINE ANDROMEDA levhalar\u0131 m\u00fc\u015ftemilat ve ek binalardan, garaj \u00fczerlerine, bah\u00e7e sundurmalar\u0131ndan, sinai ve k\u0131rsal binalara kadar her t\u00fcr binan\u0131n \u00e7at\u0131s\u0131nda rahatl\u0131kla uygulanabilir.<\/p>\n<p style=\"margin-right: 0px; margin-bottom: 1rem; margin-left: 0px;\"><span style=\"font-weight: bolder;\">Hafif<\/span><\/p>\n<p style=\"margin-right: 0px; margin-bottom: 1rem; margin-left: 0px;\">Yeni yap\u0131lan \u00e7at\u0131lar ya da&nbsp; yenilemeler i\u00e7in sadece 3,78 kg \/m2&#8217;lik a\u011f\u0131rl\u0131\u011f\u0131yla son derece hafiftir.<\/p>\n<p style=\"margin-right: 0px; margin-bottom: 1rem; margin-left: 0px;\"><span style=\"font-weight: bolder;\">Su Ge\u00e7irimsiz<\/span><\/p>\n<p style=\"margin-right: 0px; margin-bottom: 1rem; margin-left: 0px;\">Her iklim \u015fart\u0131na uygundur ve paslanmaz.<\/p>\n<p style=\"margin-right: 0px; margin-bottom: 1rem; margin-left: 0px;\"><span style=\"font-weight: bolder;\">Ses \u0130zolasyonu (Yutuculuk)<\/span><\/p>\n<p style=\"margin-right: 0px; margin-bottom: 1rem; margin-left: 0px;\">Ses yutuculuk de\u011feri ortalama 40 dB&#8217;dir.<\/p>\n<p style=\"margin-right: 0px; margin-bottom: 1rem; margin-left: 0px;\"><span style=\"font-weight: bolder;\">Y\u00fcksek Dayan\u0131m<\/span><\/p>\n<p style=\"margin-right: 0px; margin-bottom: 1rem; margin-left: 0px;\">ONDULINE ANDROMEDA levhalar\u0131 bit\u00fcm emdirilmi\u015f organik elyafla \u00f6zel bir re\u00e7inenin bile\u015fiminden olu\u015fmaktad\u0131r. Bu \u00f6zel y\u00f6ntem ile levhalar daha dayan\u0131kl\u0131 hale getirilmi\u015ftir.<\/p>\n<p style=\"margin-right: 0px; margin-bottom: 1rem; margin-left: 0px;\"><span style=\"font-weight: bolder;\">BROOF<\/span><\/p>\n<p style=\"margin-right: 0px; margin-bottom: 1rem; margin-left: 0px;\">ONDULINE ANDROMEDA levha ve Onduline Mahya 2000 HR-B d\u0131\u015f alev yay\u0131l\u0131m\u0131na kar\u015f\u0131 dayan\u0131kl\u0131d\u0131r.<\/p>\n<\/div>\n<\/div>\n<div class=\"accordion\" id=\"accordion3549\" style=\"--bs-accordion-color: #252424; --bs-accordion-bg: #fff; --bs-accordion-transition: color 0.15s ease-in-out,background-color 0.15s ease-in-out,border-color 0.15s ease-in-out,box-shadow 0.15s ease-in-out,border-radius 0.15s ease; --bs-accordion-border-color: var(--bs-border-color); --bs-accordion-border-width: 1px; --bs-accordion-border-radius: .375rem; --bs-accordion-inner-border-radius: calc(.375rem - 1px); --bs-accordion-btn-padding-x: 1.25rem; --bs-accordion-btn-padding-y: 1rem; --bs-accordion-btn-color: #252424; --bs-accordion-btn-bg: var(--bs-accordion-bg); --bs-accordion-btn-icon: url(&quot;data:image\/svg+xml,%3csvg xmlns=%27http:\/\/www.w3.org\/2000\/svg%27 viewBox=%270 0 16 16%27 fill=%27%23252424%27%3e%3cpath fill-rule=%27evenodd%27 d=%27M1.646 4.646a.5.5 0 0 1 .708 0L8 10.293l5.646-5.647a.5.5 0 0 1 .708.708l-6 6a.5.5 0 0 1-.708 0l-6-6a.5.5 0 0 1 0-.708z%27\/%3e%3c\/svg%3e&quot;); --bs-accordion-btn-icon-width: 1.25rem; --bs-accordion-btn-icon-transform: rotate(-180deg); --bs-accordion-btn-icon-transition: transform 0.2s ease-in-out; --bs-accordion-btn-active-icon: url(&quot;data:image\/svg+xml,%3csvg xmlns=%27http:\/\/www.w3.org\/2000\/svg%27 viewBox=%270 0 16 16%27 fill=%27%23c6292f%27%3e%3cpath fill-rule=%27evenodd%27 d=%27M1.646 4.646a.5.5 0 0 1 .708 0L8 10.293l5.646-5.647a.5.5 0 0 1 .708.708l-6 6a.5.5 0 0 1-.708 0l-6-6a.5.5 0 0 1 0-.708z%27\/%3e%3c\/svg%3e&quot;); --bs-accordion-btn-focus-border-color: #ee979a; --bs-accordion-btn-focus-box-shadow: 0 0 0 .25rem rgba(220,46,52,0.25); --bs-accordion-body-padding-x: 1.25rem; --bs-accordion-body-padding-y: 1rem; --bs-accordion-active-color: #c6292f; --bs-accordion-active-bg: #fceaeb; font-size: 16px;\">\n<div class=\"field field--name-field-product-collapse-items field--type-entity-reference-revisions accordion-item field__item\" style=\"color: var(--bs-accordion-color); background-color: var(--bs-accordion-bg); border-width: initial; border-style: none; border-color: initial; border-top-left-radius: var(--bs-accordion-border-radius); border-top-right-radius: var(--bs-accordion-border-radius);\">\n<h2 class=\"accordion-header\" id=\"headingCollapse4340\" style=\"font-size: 2.5rem;\"><button class=\"accordion-button\" type=\"button\" data-bs-toggle=\"collapse\" data-bs-target=\"#collapse4340\" aria-expanded=\"true\" aria-controls=\"collapse4340\" style=\"color: rgb(37, 36, 36); font-style: inherit; font-variant: inherit; font-weight: 500; font-stretch: inherit; font-size: 1.5rem; line-height: 1.2; font-optical-sizing: inherit; font-kerning: inherit; font-feature-settings: inherit; font-variation-settings: inherit; margin-bottom: 1rem; overflow: visible; border-top-left-radius: var(--bs-accordion-inner-border-radius); border-top-right-radius: var(--bs-accordion-inner-border-radius); width: 1536.1px; padding: 0px; background: none transparent; border-width: initial; border-style: none; transition: var(--bs-accordion-transition); box-shadow: none;\">Teknik \u00d6zellikler<\/button><\/h2>\n<div id=\"collapse4340\" class=\"accordion-collapse collapse show\" aria-labelledby=\"heading4340\" aria-label=\"heading4340\" data-bs-parent=\"#accordionExample\">\n<div class=\"accordion-body\" style=\"padding: 0px;\">\n<div class=\"text-formatted__table\" style=\"overflow: auto hidden;\">\n<table align=\"left\" border=\"0\" cellpadding=\"1\" cellspacing=\"1\" height=\"435\" width=\"595\" style=\"border-spacing: 0px; border-width: initial; border-style: none; border-color: initial; min-width: 50%;\">\n<tbody>\n<tr style=\"border-bottom-color: inherit; border-bottom-width: 0px; background-color: rgb(244, 245, 245);\">\n<td style=\"padding: 0.25rem 0.5rem; border-right-width: 1px; border-right-color: rgb(37, 36, 36); font-weight: 700;\"><img loading=\"lazy\" decoding=\"async\" alt=\"andromeda levha\" data-entity-type=\"file\" data-entity-uuid=\"a03d6835-33a3-4890-86fe-5202225acb79\" src=\"https:\/\/tr.onduline.com\/sites\/onduline_tr\/files\/inline-images\/onduline_andromeda_levha.png\" class=\"align-left\" width=\"350\" height=\"289\" loading=\"lazy\" style=\"border-width: 0px; float: left; image-rendering: -webkit-optimize-contrast; display: inline-block;\"><\/td>\n<td style=\"padding: 0.25rem 0.5rem; border-left-color: inherit; border-left-width: 0px;\"><br><span style=\"font-weight: bolder;\">ONDULINE ANDROMEDA<\/span><br>En: 107 cm<br>Boy : 200 cm<br>Kal\u0131nl\u0131k: 3,02 mm<br>Oluk Y\u00fcksekli\u011fi: 3,80 cm<br>Bir adet levha ile kaplanan net alan: 1,85 m\u00b2<\/td>\n<\/tr>\n<tr style=\"border-bottom-color: inherit; border-bottom-width: 0px;\">\n<td style=\"padding: 0.25rem 0.5rem; border-right-width: 1px; border-right-color: rgb(37, 36, 36); font-weight: 700;\"><img loading=\"lazy\" decoding=\"async\" alt=\"adnromeda mahya\" data-entity-type=\"file\" data-entity-uuid=\"87312d46-d478-41ff-bc81-6a0f5f0f6966\" src=\"https:\/\/tr.onduline.com\/sites\/onduline_tr\/files\/inline-images\/onduline_mahya_200_hr_b.png\" class=\"align-left\" width=\"350\" height=\"100\" loading=\"lazy\" style=\"border-width: 0px; float: left; image-rendering: -webkit-optimize-contrast; display: inline-block;\"><\/td>\n<td style=\"padding: 0.25rem 0.5rem; border-left-color: inherit; border-left-width: 0px;\"><span style=\"font-weight: bolder;\">ONDULINE MAHYA 2000 HR-B<\/span><br>En: 48,5 cm<br>Boy: 200 cm<br>Kal\u0131nl\u0131k: 3,2 mm<\/td>\n<\/tr>\n<\/tbody>\n<\/table>\n<\/div>\n<\/div>\n<\/div>\n<\/div>\n<\/div>\n<\/div>\n<div style=\"margin-top: 0px; margin-bottom: 1rem; line-height: 1.2; font-size: 1.5rem;\">\n<div class=\"description__body\" style=\"font-size: 16px;\">\n<div class=\"clearfix text-formatted field field--name-field-product-collapse-descripti field--type-text-long field--label-hidden field__item\">\n<\/div>\n<\/div>\n<\/div>\n<\/div>\n<\/div>\n<div>&nbsp;<\/div>\t\t\t\t\t\t\t\t<\/div>\n\t\t\t\t<\/div>\n\t\t\t\t\t<\/div>\n\t\t<\/div>\n\t\t\t\t\t<\/div>\n\t\t<\/section>\n\t\t\t\t<\/div>\n\t\t","protected":false},"excerpt":{"rendered":"<p>ONDULINE ANDROMEDA Renkler\u00a0: K\u0131rm\u0131z\u0131 Tan\u0131m\u0131:&nbsp; ONDULINE ANDROMEDA, bireysel konutlardan toplu konutlara, kurumsal binalardan ticari binalara, end\u00fcstriyel binalardan k\u0131rsal yap\u0131lara kadar geni\u015f bir yelpazede g\u00fcvenle kullan\u0131labilir&nbsp; &nbsp; &nbsp; &nbsp; &nbsp;&nbsp; &nbsp;A\u00e7\u0131klama \u00dcr\u00fcn Avantajlar\u0131 Hafif Kolay uygulama Su ge\u00e7irimsiz UV dayan\u0131ml\u0131 D\u0131\u015f alev yay\u0131l\u0131m\u0131na kar\u015f\u0131 dayan\u0131ml\u0131 (BROOF) 10 y\u0131l su ge\u00e7irimsizlik garantisi \u00c7evrecilikte Y\u00fcksek Standart ONDULINE ANDROMEDA sistemi uluslararas\u0131 \u00e7evre ve s\u00fcrd\u00fcr\u00fclebilirlik standartlar\u0131n\u0131 kar\u015f\u0131lama konusunda y\u00fcksek niteliklere sahiptir.H\u0131zl\u0131 ve Kolay Uygulama Levhalar hafif olmalar\u0131 sebebiyle kolayca \u00e7at\u0131ya \u00e7\u0131kar\u0131l\u0131r ve uygulan\u0131r. Uygulama i\u00e7in levhan\u0131n istenilen boyutta kesilmesi i\u00e7in bir fal\u00e7ata, \u00e7ivi ve \u00e7eki\u00e7 yeterlidir. ONDULINE ANDROMEDA levhalar\u0131 m\u00fc\u015ftemilat ve ek binalardan, garaj \u00fczerlerine, bah\u00e7e sundurmalar\u0131ndan, sinai ve k\u0131rsal binalara kadar her t\u00fcr binan\u0131n \u00e7at\u0131s\u0131nda rahatl\u0131kla uygulanabilir. Hafif Yeni yap\u0131lan \u00e7at\u0131lar ya da&nbsp; yenilemeler i\u00e7in sadece 3,78 kg \/m2&#8217;lik a\u011f\u0131rl\u0131\u011f\u0131yla son derece hafiftir. Su Ge\u00e7irimsiz Her iklim \u015fart\u0131na uygundur ve paslanmaz. Ses \u0130zolasyonu (Yutuculuk) Ses yutuculuk de\u011feri ortalama 40 dB&#8217;dir. Y\u00fcksek Dayan\u0131m ONDULINE ANDROMEDA [&hellip;]<\/p>\n","protected":false},"author":3,"featured_media":0,"parent":0,"menu_order":0,"comment_status":"closed","ping_status":"closed","template":"page-full.php","meta":{"_joinchat":[],"footnotes":""},"class_list":["post-15501","page","type-page","status-publish","hentry"],"_links":{"self":[{"href":"https:\/\/etkiinsaat.com.tr\/index.php?rest_route=\/wp\/v2\/pages\/15501","targetHints":{"allow":["GET"]}}],"collection":[{"href":"https:\/\/etkiinsaat.com.tr\/index.php?rest_route=\/wp\/v2\/pages"}],"about":[{"href":"https:\/\/etkiinsaat.com.tr\/index.php?rest_route=\/wp\/v2\/types\/page"}],"author":[{"embeddable":true,"href":"https:\/\/etkiinsaat.com.tr\/index.php?rest_route=\/wp\/v2\/users\/3"}],"replies":[{"embeddable":true,"href":"https:\/\/etkiinsaat.com.tr\/index.php?rest_route=%2Fwp%2Fv2%2Fcomments&post=15501"}],"version-history":[{"count":4,"href":"https:\/\/etkiinsaat.com.tr\/index.php?rest_route=\/wp\/v2\/pages\/15501\/revisions"}],"predecessor-version":[{"id":15507,"href":"https:\/\/etkiinsaat.com.tr\/index.php?rest_route=\/wp\/v2\/pages\/15501\/revisions\/15507"}],"wp:attachment":[{"href":"https:\/\/etkiinsaat.com.tr\/index.php?rest_route=%2Fwp%2Fv2%2Fmedia&parent=15501"}],"curies":[{"name":"wp","href":"https:\/\/api.w.org\/{rel}","templated":true}]}}