{"id":15809,"date":"2023-10-03T22:56:21","date_gmt":"2023-10-03T19:56:21","guid":{"rendered":"https:\/\/etkiinsaat.com.tr\/?page_id=15809"},"modified":"2023-10-03T22:57:26","modified_gmt":"2023-10-03T19:57:26","slug":"teknomer-120-kapiler-kristalize-su-gecirimsizlik","status":"publish","type":"page","link":"https:\/\/etkiinsaat.com.tr\/?page_id=15809","title":{"rendered":"Teknomer 120 Kapiler Kristalize Su Ge\u00e7irimsizlik"},"content":{"rendered":"\t\t<div data-elementor-type=\"wp-page\" data-elementor-id=\"15809\" class=\"elementor elementor-15809\">\n\t\t\t\t\t\t<section class=\"elementor-section elementor-top-section elementor-element elementor-element-e1d1e80 elementor-section-boxed elementor-section-height-default elementor-section-height-default\" data-id=\"e1d1e80\" data-element_type=\"section\" data-e-type=\"section\">\n\t\t\t\t\t\t<div class=\"elementor-container elementor-column-gap-default\">\n\t\t\t\t\t<div class=\"elementor-column elementor-col-33 elementor-top-column elementor-element elementor-element-4b92e58\" data-id=\"4b92e58\" data-element_type=\"column\" data-e-type=\"column\">\n\t\t\t<div class=\"elementor-widget-wrap elementor-element-populated\">\n\t\t\t\t\t\t<div class=\"elementor-element elementor-element-72c9a7b elementor-widget elementor-widget-heading\" data-id=\"72c9a7b\" data-element_type=\"widget\" data-e-type=\"widget\" data-widget_type=\"heading.default\">\n\t\t\t\t<div class=\"elementor-widget-container\">\n\t\t\t\t\t<h2 class=\"elementor-heading-title elementor-size-default\">Teknomer 120 Kapiler Kristalize Su Ge\u00e7irimsizlik\n<\/h2>\t\t\t\t<\/div>\n\t\t\t\t<\/div>\n\t\t\t\t<div class=\"elementor-element elementor-element-9ab1254 elementor-widget elementor-widget-image\" data-id=\"9ab1254\" data-element_type=\"widget\" data-e-type=\"widget\" data-widget_type=\"image.default\">\n\t\t\t\t<div class=\"elementor-widget-container\">\n\t\t\t\t\t\t\t\t\t\t\t\t\t\t\t<img fetchpriority=\"high\" decoding=\"async\" width=\"250\" height=\"250\" src=\"https:\/\/etkiinsaat.com.tr\/wp-content\/uploads\/2023\/10\/231.jpg\" class=\"attachment-full size-full wp-image-15811\" alt=\"\" srcset=\"https:\/\/etkiinsaat.com.tr\/wp-content\/uploads\/2023\/10\/231.jpg 250w, https:\/\/etkiinsaat.com.tr\/wp-content\/uploads\/2023\/10\/231-150x150.jpg 150w, https:\/\/etkiinsaat.com.tr\/wp-content\/uploads\/2023\/10\/231-201x201.jpg 201w, https:\/\/etkiinsaat.com.tr\/wp-content\/uploads\/2023\/10\/231-100x100.jpg 100w\" sizes=\"(max-width: 250px) 100vw, 250px\" \/>\t\t\t\t\t\t\t\t\t\t\t\t\t\t\t<\/div>\n\t\t\t\t<\/div>\n\t\t\t\t<div class=\"elementor-element elementor-element-2b0b6d8 elementor-widget elementor-widget-text-editor\" data-id=\"2b0b6d8\" data-element_type=\"widget\" data-e-type=\"widget\" data-widget_type=\"text-editor.default\">\n\t\t\t\t<div class=\"elementor-widget-container\">\n\t\t\t\t\t\t\t\t\t<div style=\"color: #1c1b1b;\"><span style=\"color: #444444; font-family: 'Open Sans', sans-serif;\"><span style=\"font-size: 14px;\"><span style=\"font-weight: bold;\">Teknik D\u00f6k\u00fcmanlar:<\/span><\/span><\/span><\/div><p><a href=\"https:\/\/tur.sika.com\/content\/dam\/dms\/tr01\/g\/sikaseal_crystalsg.pdf\"><span style=\"font-weight: bolder;\">\u00a0 \u00a0 \u00a0<img decoding=\"async\" src=\"http:\/\/etkiinsaat.com.tr\/wp-content\/uploads\/2023\/09\/pdf-300x300.png\" alt=\"\" width=\"31\" height=\"31\" \/><\/span><\/a><a title=\"TDS Teknik Dok\u00fcman Sayfas\u0131\" href=\"https:\/\/teknoyapi.com.tr\/documents\/TDS-teknomer-120.pdf\" target=\"_blank\" rel=\"noopener\"><span style=\"color: red; font-size: small;\"><span style=\"font-weight: bold;\">TDS Teknik Dok\u00fcman Sayfas\u0131<\/span><\/span>\u00a0<\/a>\u00a0\u00a0<\/p><p>\u00a0<\/p>\t\t\t\t\t\t\t\t<\/div>\n\t\t\t\t<\/div>\n\t\t\t\t\t<\/div>\n\t\t<\/div>\n\t\t\t\t<div class=\"elementor-column elementor-col-66 elementor-top-column elementor-element elementor-element-eea598b\" data-id=\"eea598b\" data-element_type=\"column\" data-e-type=\"column\">\n\t\t\t<div class=\"elementor-widget-wrap elementor-element-populated\">\n\t\t\t\t\t\t<div class=\"elementor-element elementor-element-c21ec20 elementor-widget elementor-widget-image\" data-id=\"c21ec20\" data-element_type=\"widget\" data-e-type=\"widget\" data-widget_type=\"image.default\">\n\t\t\t\t<div class=\"elementor-widget-container\">\n\t\t\t\t\t\t\t\t\t\t\t\t\t\t\t<img decoding=\"async\" width=\"640\" height=\"250\" src=\"https:\/\/etkiinsaat.com.tr\/wp-content\/uploads\/2023\/10\/165-2-1.jpg\" class=\"attachment-full size-full wp-image-15790\" alt=\"\" srcset=\"https:\/\/etkiinsaat.com.tr\/wp-content\/uploads\/2023\/10\/165-2-1.jpg 640w, https:\/\/etkiinsaat.com.tr\/wp-content\/uploads\/2023\/10\/165-2-1-300x117.jpg 300w, https:\/\/etkiinsaat.com.tr\/wp-content\/uploads\/2023\/10\/165-2-1-303x118.jpg 303w, https:\/\/etkiinsaat.com.tr\/wp-content\/uploads\/2023\/10\/165-2-1-606x237.jpg 606w, https:\/\/etkiinsaat.com.tr\/wp-content\/uploads\/2023\/10\/165-2-1-530x207.jpg 530w, https:\/\/etkiinsaat.com.tr\/wp-content\/uploads\/2023\/10\/165-2-1-450x176.jpg 450w, https:\/\/etkiinsaat.com.tr\/wp-content\/uploads\/2023\/10\/165-2-1-500x195.jpg 500w, https:\/\/etkiinsaat.com.tr\/wp-content\/uploads\/2023\/10\/165-2-1-150x59.jpg 150w\" sizes=\"(max-width: 640px) 100vw, 640px\" \/>\t\t\t\t\t\t\t\t\t\t\t\t\t\t\t<\/div>\n\t\t\t\t<\/div>\n\t\t\t\t<div class=\"elementor-element elementor-element-5470fef elementor-widget elementor-widget-text-editor\" data-id=\"5470fef\" data-element_type=\"widget\" data-e-type=\"widget\" data-widget_type=\"text-editor.default\">\n\t\t\t\t<div class=\"elementor-widget-container\">\n\t\t\t\t\t\t\t\t\t<p><strong style=\"outline: 0px; margin: 0px; padding: 0px; border: 0px; font-size: 14px; vertical-align: baseline; background: 0px 0px; color: #000000; font-family: roboto, Verdana;\">\u00dcr\u00fcn Tan\u0131m\u0131<\/strong><br style=\"outline: none; color: #000000; font-family: roboto, Verdana; font-size: 14px;\" \/><span style=\"color: #000000; font-family: roboto, Verdana; font-size: 14px;\">Kristalize yap\u0131da, yap\u0131s\u0131ndaki kimyasal maddelerin, beton i\u00e7erisindeki nem ve serbest kire\u00e7 ile reaksiyona girerek, negatif ve pozitif y\u00f6nde su yal\u0131t\u0131m yapan, su ge\u00e7irimsizlik beton katk\u0131s\u0131.<\/span><br style=\"outline: none; color: #000000; font-family: roboto, Verdana; font-size: 14px;\" \/><br style=\"outline: none; color: #000000; font-family: roboto, Verdana; font-size: 14px;\" \/><strong style=\"outline: 0px; margin: 0px; padding: 0px; border: 0px; font-size: 14px; vertical-align: baseline; background: 0px 0px; color: #000000; font-family: roboto, Verdana;\">Kullan\u0131m Alanlar\u0131<\/strong><br style=\"outline: none; color: #000000; font-family: roboto, Verdana; font-size: 14px;\" \/><span style=\"color: #000000; font-family: roboto, Verdana; font-size: 14px;\">\u2022 Temellerde, betonarme perdelerde,<\/span><br style=\"outline: none; color: #000000; font-family: roboto, Verdana; font-size: 14px;\" \/><span style=\"color: #000000; font-family: roboto, Verdana; font-size: 14px;\">\u2022 Fore kaz\u0131kl\u0131 temellerde,<\/span><br style=\"outline: none; color: #000000; font-family: roboto, Verdana; font-size: 14px;\" \/><span style=\"color: #000000; font-family: roboto, Verdana; font-size: 14px;\">\u2022 Y\u00fczme havuzlar\u0131nda,<\/span><br style=\"outline: none; color: #000000; font-family: roboto, Verdana; font-size: 14px;\" \/><span style=\"color: #000000; font-family: roboto, Verdana; font-size: 14px;\">\u2022 Yer alt\u0131 otoparklar\u0131nda,<\/span><br style=\"outline: none; color: #000000; font-family: roboto, Verdana; font-size: 14px;\" \/><span style=\"color: #000000; font-family: roboto, Verdana; font-size: 14px;\">\u2022 T\u00fcnellerde,<\/span><br style=\"outline: none; color: #000000; font-family: roboto, Verdana; font-size: 14px;\" \/><span style=\"color: #000000; font-family: roboto, Verdana; font-size: 14px;\">\u2022 Barajlarda,<\/span><br style=\"outline: none; color: #000000; font-family: roboto, Verdana; font-size: 14px;\" \/><span style=\"color: #000000; font-family: roboto, Verdana; font-size: 14px;\">\u2022 Prekast beton elemanlarda,<\/span><br style=\"outline: none; color: #000000; font-family: roboto, Verdana; font-size: 14px;\" \/><span style=\"color: #000000; font-family: roboto, Verdana; font-size: 14px;\">\u2022 \u0130\u00e7me suyu ve at\u0131k su depolar\u0131nda,<\/span><br style=\"outline: none; color: #000000; font-family: roboto, Verdana; font-size: 14px;\" \/><span style=\"color: #000000; font-family: roboto, Verdana; font-size: 14px;\">\u2022 Ar\u0131tma suyu tesislerinde,<\/span><br style=\"outline: none; color: #000000; font-family: roboto, Verdana; font-size: 14px;\" \/><span style=\"color: #000000; font-family: roboto, Verdana; font-size: 14px;\">\u2022 Y\u00fczme havuzlar\u0131nda,<\/span><br style=\"outline: none; color: #000000; font-family: roboto, Verdana; font-size: 14px;\" \/><span style=\"color: #000000; font-family: roboto, Verdana; font-size: 14px;\">\u2022 K\u00fctle betonlarda kullan\u0131l\u0131r.<\/span><br style=\"outline: none; color: #000000; font-family: roboto, Verdana; font-size: 14px;\" \/><br style=\"outline: none; color: #000000; font-family: roboto, Verdana; font-size: 14px;\" \/><strong style=\"outline: 0px; margin: 0px; padding: 0px; border: 0px; font-size: 14px; vertical-align: baseline; background: 0px 0px; color: #000000; font-family: roboto, Verdana;\">\u00d6zellikleri ve Avantajlar\u0131<\/strong><br style=\"outline: none; color: #000000; font-family: roboto, Verdana; font-size: 14px;\" \/><span style=\"color: #000000; font-family: roboto, Verdana; font-size: 14px;\">\u2022 Betonu pozitif ve negatif taraftan y\u00fcksek su bas\u0131nc\u0131na kar\u015f\u0131 ge\u00e7irimsiz k\u0131lar.<\/span><br style=\"outline: none; color: #000000; font-family: roboto, Verdana; font-size: 14px;\" \/><span style=\"color: #000000; font-family: roboto, Verdana; font-size: 14px;\">\u2022 \u0130\u015f\u00e7ilik ve zaman maliyetini d\u00fc\u015f\u00fcr\u00fcr.<\/span><br style=\"outline: none; color: #000000; font-family: roboto, Verdana; font-size: 14px;\" \/><span style=\"color: #000000; font-family: roboto, Verdana; font-size: 14px;\">\u2022 Fore kaz\u0131kl\u0131 temel yal\u0131t\u0131m\u0131nda en uygun \u00e7\u00f6z\u00fcmd\u00fcr.<\/span><br style=\"outline: none; color: #000000; font-family: roboto, Verdana; font-size: 14px;\" \/><span style=\"color: #000000; font-family: roboto, Verdana; font-size: 14px;\">\u2022 S\u0131v\u0131 halde oldu\u011fu i\u00e7in kar\u0131\u015ft\u0131rma s\u0131ras\u0131nda topaklanma yapmaz.<\/span><br style=\"outline: none; color: #000000; font-family: roboto, Verdana; font-size: 14px;\" \/><span style=\"color: #000000; font-family: roboto, Verdana; font-size: 14px;\">\u2022 S\u00fcrekli aktif haldedir.<\/span><br style=\"outline: none; color: #000000; font-family: roboto, Verdana; font-size: 14px;\" \/><span style=\"color: #000000; font-family: roboto, Verdana; font-size: 14px;\">\u2022 Beton donat\u0131s\u0131n\u0131 korozyona kar\u015f\u0131 korur.<\/span><br style=\"outline: none; color: #000000; font-family: roboto, Verdana; font-size: 14px;\" \/><span style=\"color: #000000; font-family: roboto, Verdana; font-size: 14px;\">\u2022 Betonun nefes almas\u0131n\u0131 engellemez.<\/span><br style=\"outline: none; color: #000000; font-family: roboto, Verdana; font-size: 14px;\" \/><span style=\"color: #000000; font-family: roboto, Verdana; font-size: 14px;\">\u2022 Betonun mukavemetini ve donma-\u00e7\u00f6z\u00fcnme dayan\u0131m\u0131n\u0131 artt\u0131r\u0131r.<\/span><br style=\"outline: none; color: #000000; font-family: roboto, Verdana; font-size: 14px;\" \/><span style=\"color: #000000; font-family: roboto, Verdana; font-size: 14px;\">\u2022 Klor\u00fcr i\u00e7ermez, donat\u0131ya zarar vermez.<\/span><br style=\"outline: none; color: #000000; font-family: roboto, Verdana; font-size: 14px;\" \/><span style=\"color: #000000; font-family: roboto, Verdana; font-size: 14px;\">\u2022 Kullan\u0131m\u0131 kolayd\u0131r.<\/span><br style=\"outline: none; color: #000000; font-family: roboto, Verdana; font-size: 14px;\" \/><br style=\"outline: none; color: #000000; font-family: roboto, Verdana; font-size: 14px;\" \/><strong style=\"outline: 0px; margin: 0px; padding: 0px; border: 0px; font-size: 14px; vertical-align: baseline; background: 0px 0px; color: #000000; font-family: roboto, Verdana;\">Uygulama Talimatlar\u0131<\/strong><br style=\"outline: none; color: #000000; font-family: roboto, Verdana; font-size: 14px;\" \/><span style=\"color: #000000; font-family: roboto, Verdana; font-size: 14px;\">TEKNOMER 120 beton mikserine %2-3 oran\u0131nda kat\u0131larak 3-5 dakika kar\u0131\u015ft\u0131r\u0131l\u0131r. Farkl\u0131 uygulamalar i\u00e7in \u00f6n deneme yap\u0131lmas\u0131 tavsiye edilir.<\/span><br style=\"outline: none; color: #000000; font-family: roboto, Verdana; font-size: 14px;\" \/><span style=\"color: #000000; font-family: roboto, Verdana; font-size: 14px;\">TEKNOMER 120 kat\u0131lacak betonun \u00e7imento su kar\u0131\u015f\u0131m oran\u0131n\u0131n 0,55 &#8216;ten az olmas\u0131na dikkat edilmelidir. TEKNOMER 120 kullanmadan \u00f6nce iyice kar\u0131\u015ft\u0131r\u0131l\u0131r. \u00c7al\u0131\u015fma s\u00fcresi TEKNOMER 120 betona kat\u0131ld\u0131ktan sonra 45 dakika kadard\u0131r. CEM il ve 111 tip portland \u00e7imento kullan\u0131ld\u0131\u011f\u0131nda priz geciktirici kullan\u0131lmas\u0131 faydal\u0131 olur. Kullan\u0131mdan \u00f6nce uygunluk testleri yap\u0131lmal\u0131d\u0131r. TEKNOMER 120 nin (+)8\u00b0C &#8216;nin alt\u0131nda saklanmas\u0131 durumunda kristalle\u015fme meydana gelebilir. Malzeme kar\u0131\u015ft\u0131r\u0131ld\u0131ktan ve homojen hale getirildikten sonra tekrar kullan\u0131labilir.<\/span><br style=\"outline: none; color: #000000; font-family: roboto, Verdana; font-size: 14px;\" \/><br style=\"outline: none; color: #000000; font-family: roboto, Verdana; font-size: 14px;\" \/><strong style=\"outline: 0px; margin: 0px; padding: 0px; border: 0px; font-size: 14px; vertical-align: baseline; background: 0px 0px; color: #000000; font-family: roboto, Verdana;\">Uygulama Notlar\u0131 \/ S\u0131n\u0131rlamalar<\/strong><br style=\"outline: none; color: #000000; font-family: roboto, Verdana; font-size: 14px;\" \/><span style=\"color: #000000; font-family: roboto, Verdana; font-size: 14px;\">\u2022 Uygulamadan sonra direk g\u00fcne\u015f \u0131\u015f\u0131\u011f\u0131, \u015fiddetli r\u00fczgar, y\u00fcksek hava s\u0131cakl\u0131\u011f\u0131 (+35\u00b0C \u00fczeri), ya\u011fmur ve don gibi olumsuz hava ko\u015fullar\u0131na kar\u015f\u0131 korunmal\u0131d\u0131r. \u00dcr\u00fcn, tam k\u00fcr\u00fcn\u00fc al\u0131p sertle\u015fmeden, eller su ve deterjan ile temizlenmelidir. Donmaya kar\u015f\u0131 koruyunuz.<\/span><br style=\"outline: none; color: #000000; font-family: roboto, Verdana; font-size: 14px;\" \/><span style=\"color: #000000; font-family: roboto, Verdana; font-size: 14px;\">\u2022 \u00dcr\u00fcn cilde temasta tahri\u015f yapabilir. \u0130\u015f elbisesi, koruyucu eldiven, maske ve g\u00f6zl\u00fck kullan\u0131lmal\u0131d\u0131r. \u0130\u015fe ba\u015flamadan \u00f6nce ele koruyucu krem de s\u00fcr\u00fclebilir. Harc\u0131n g\u00f6zle temas\u0131 halinde g\u00f6zler derhal \u0131l\u0131k su ile y\u0131kanmal\u0131 ve doktora ba\u015fvurulmal\u0131d\u0131r.<\/span><br style=\"outline: none; color: #000000; font-family: roboto, Verdana; font-size: 14px;\" \/><span style=\"color: #000000; font-family: roboto, Verdana; font-size: 14px;\">\u2022 Yabanc\u0131 madde ilave etmeyiniz.<\/span><br style=\"outline: none; color: #000000; font-family: roboto, Verdana; font-size: 14px;\" \/><span style=\"color: #000000; font-family: roboto, Verdana; font-size: 14px;\">\u2022 Eklenen Teknomer 120 miktar kadar betondaki sudan kesilirse mukavemet art\u0131\u015f\u0131 da g\u00f6r\u00fclecektir.<\/span><\/p>\t\t\t\t\t\t\t\t<\/div>\n\t\t\t\t<\/div>\n\t\t\t\t\t<\/div>\n\t\t<\/div>\n\t\t\t\t\t<\/div>\n\t\t<\/section>\n\t\t\t\t<\/div>\n\t\t","protected":false},"excerpt":{"rendered":"<p>Teknomer 120 Kapiler Kristalize Su Ge\u00e7irimsizlik Teknik D\u00f6k\u00fcmanlar: \u00a0 \u00a0 \u00a0TDS Teknik Dok\u00fcman Sayfas\u0131\u00a0\u00a0\u00a0 \u00a0 \u00dcr\u00fcn Tan\u0131m\u0131Kristalize yap\u0131da, yap\u0131s\u0131ndaki kimyasal maddelerin, beton i\u00e7erisindeki nem ve serbest kire\u00e7 ile reaksiyona girerek, negatif ve pozitif y\u00f6nde su yal\u0131t\u0131m yapan, su ge\u00e7irimsizlik beton katk\u0131s\u0131.Kullan\u0131m Alanlar\u0131\u2022 Temellerde, betonarme perdelerde,\u2022 Fore kaz\u0131kl\u0131 temellerde,\u2022 Y\u00fczme havuzlar\u0131nda,\u2022 Yer alt\u0131 otoparklar\u0131nda,\u2022 T\u00fcnellerde,\u2022 Barajlarda,\u2022 Prekast beton elemanlarda,\u2022 \u0130\u00e7me suyu ve at\u0131k su depolar\u0131nda,\u2022 Ar\u0131tma suyu tesislerinde,\u2022 Y\u00fczme havuzlar\u0131nda,\u2022 K\u00fctle betonlarda kullan\u0131l\u0131r.\u00d6zellikleri ve Avantajlar\u0131\u2022 Betonu pozitif ve negatif taraftan y\u00fcksek su bas\u0131nc\u0131na kar\u015f\u0131 ge\u00e7irimsiz k\u0131lar.\u2022 \u0130\u015f\u00e7ilik ve zaman maliyetini d\u00fc\u015f\u00fcr\u00fcr.\u2022 Fore kaz\u0131kl\u0131 temel yal\u0131t\u0131m\u0131nda en uygun \u00e7\u00f6z\u00fcmd\u00fcr.\u2022 S\u0131v\u0131 halde oldu\u011fu i\u00e7in kar\u0131\u015ft\u0131rma s\u0131ras\u0131nda topaklanma yapmaz.\u2022 S\u00fcrekli aktif haldedir.\u2022 Beton donat\u0131s\u0131n\u0131 korozyona kar\u015f\u0131 korur.\u2022 Betonun nefes almas\u0131n\u0131 engellemez.\u2022 Betonun mukavemetini ve donma-\u00e7\u00f6z\u00fcnme dayan\u0131m\u0131n\u0131 artt\u0131r\u0131r.\u2022 Klor\u00fcr i\u00e7ermez, donat\u0131ya zarar vermez.\u2022 Kullan\u0131m\u0131 kolayd\u0131r.Uygulama Talimatlar\u0131TEKNOMER 120 beton mikserine %2-3 oran\u0131nda kat\u0131larak 3-5 dakika kar\u0131\u015ft\u0131r\u0131l\u0131r. Farkl\u0131 uygulamalar i\u00e7in \u00f6n deneme yap\u0131lmas\u0131 tavsiye edilir.TEKNOMER 120 kat\u0131lacak [&hellip;]<\/p>\n","protected":false},"author":3,"featured_media":0,"parent":0,"menu_order":0,"comment_status":"closed","ping_status":"closed","template":"page-full.php","meta":{"_joinchat":[],"footnotes":""},"class_list":["post-15809","page","type-page","status-publish","hentry"],"_links":{"self":[{"href":"https:\/\/etkiinsaat.com.tr\/index.php?rest_route=\/wp\/v2\/pages\/15809","targetHints":{"allow":["GET"]}}],"collection":[{"href":"https:\/\/etkiinsaat.com.tr\/index.php?rest_route=\/wp\/v2\/pages"}],"about":[{"href":"https:\/\/etkiinsaat.com.tr\/index.php?rest_route=\/wp\/v2\/types\/page"}],"author":[{"embeddable":true,"href":"https:\/\/etkiinsaat.com.tr\/index.php?rest_route=\/wp\/v2\/users\/3"}],"replies":[{"embeddable":true,"href":"https:\/\/etkiinsaat.com.tr\/index.php?rest_route=%2Fwp%2Fv2%2Fcomments&post=15809"}],"version-history":[{"count":4,"href":"https:\/\/etkiinsaat.com.tr\/index.php?rest_route=\/wp\/v2\/pages\/15809\/revisions"}],"predecessor-version":[{"id":15815,"href":"https:\/\/etkiinsaat.com.tr\/index.php?rest_route=\/wp\/v2\/pages\/15809\/revisions\/15815"}],"wp:attachment":[{"href":"https:\/\/etkiinsaat.com.tr\/index.php?rest_route=%2Fwp%2Fv2%2Fmedia&parent=15809"}],"curies":[{"name":"wp","href":"https:\/\/api.w.org\/{rel}","templated":true}]}}