{"id":15816,"date":"2023-10-03T22:57:46","date_gmt":"2023-10-03T19:57:46","guid":{"rendered":"https:\/\/etkiinsaat.com.tr\/?page_id=15816"},"modified":"2023-10-03T22:59:41","modified_gmt":"2023-10-03T19:59:41","slug":"teknomer-200-su-yalitim-malzemesi","status":"publish","type":"page","link":"https:\/\/etkiinsaat.com.tr\/?page_id=15816","title":{"rendered":"Teknomer 200 Su Yal\u0131t\u0131m Malzemesi"},"content":{"rendered":"\t\t<div data-elementor-type=\"wp-page\" data-elementor-id=\"15816\" class=\"elementor elementor-15816\">\n\t\t\t\t\t\t<section class=\"elementor-section elementor-top-section elementor-element elementor-element-0b80494 elementor-section-boxed elementor-section-height-default elementor-section-height-default\" data-id=\"0b80494\" data-element_type=\"section\" data-e-type=\"section\">\n\t\t\t\t\t\t<div class=\"elementor-container elementor-column-gap-default\">\n\t\t\t\t\t<div class=\"elementor-column elementor-col-33 elementor-top-column elementor-element elementor-element-afb2444\" data-id=\"afb2444\" data-element_type=\"column\" data-e-type=\"column\">\n\t\t\t<div class=\"elementor-widget-wrap elementor-element-populated\">\n\t\t\t\t\t\t<div class=\"elementor-element elementor-element-551893e elementor-widget elementor-widget-heading\" data-id=\"551893e\" data-element_type=\"widget\" data-e-type=\"widget\" data-widget_type=\"heading.default\">\n\t\t\t\t<div class=\"elementor-widget-container\">\n\t\t\t\t\t<h2 class=\"elementor-heading-title elementor-size-default\">Teknomer 200 Su Yal\u0131t\u0131m Malzemesi\n<\/h2>\t\t\t\t<\/div>\n\t\t\t\t<\/div>\n\t\t\t\t<div class=\"elementor-element elementor-element-99876cc elementor-widget elementor-widget-image\" data-id=\"99876cc\" data-element_type=\"widget\" data-e-type=\"widget\" data-widget_type=\"image.default\">\n\t\t\t\t<div class=\"elementor-widget-container\">\n\t\t\t\t\t\t\t\t\t\t\t\t\t\t\t<img fetchpriority=\"high\" decoding=\"async\" width=\"250\" height=\"250\" src=\"https:\/\/etkiinsaat.com.tr\/wp-content\/uploads\/2023\/10\/232.jpg\" class=\"attachment-full size-full wp-image-15818\" alt=\"\" srcset=\"https:\/\/etkiinsaat.com.tr\/wp-content\/uploads\/2023\/10\/232.jpg 250w, https:\/\/etkiinsaat.com.tr\/wp-content\/uploads\/2023\/10\/232-150x150.jpg 150w, https:\/\/etkiinsaat.com.tr\/wp-content\/uploads\/2023\/10\/232-201x201.jpg 201w, https:\/\/etkiinsaat.com.tr\/wp-content\/uploads\/2023\/10\/232-100x100.jpg 100w\" sizes=\"(max-width: 250px) 100vw, 250px\" \/>\t\t\t\t\t\t\t\t\t\t\t\t\t\t\t<\/div>\n\t\t\t\t<\/div>\n\t\t\t\t<div class=\"elementor-element elementor-element-6afc6d4 elementor-widget elementor-widget-text-editor\" data-id=\"6afc6d4\" data-element_type=\"widget\" data-e-type=\"widget\" data-widget_type=\"text-editor.default\">\n\t\t\t\t<div class=\"elementor-widget-container\">\n\t\t\t\t\t\t\t\t\t<div style=\"color: #1c1b1b;\"><span style=\"color: #444444; font-family: 'Open Sans', sans-serif;\"><span style=\"font-size: 14px;\"><span style=\"font-weight: bold;\">Teknik D\u00f6k\u00fcmanlar:<\/span><\/span><\/span><\/div><p><a href=\"https:\/\/tur.sika.com\/content\/dam\/dms\/tr01\/g\/sikaseal_crystalsg.pdf\"><span style=\"font-weight: bolder;\">\u00a0 \u00a0 \u00a0<img decoding=\"async\" src=\"http:\/\/etkiinsaat.com.tr\/wp-content\/uploads\/2023\/09\/pdf-300x300.png\" alt=\"\" width=\"31\" height=\"31\" \/><\/span><\/a><a title=\"TDS Teknik Dok\u00fcman Sayfas\u0131\" href=\"https:\/\/teknoyapi.com.tr\/documents\/TDS-teknomer-200.pdf\" target=\"_blank\" rel=\"noopener\"><span style=\"color: red; font-size: small;\"><span style=\"font-weight: bold;\">TDS Teknik Dok\u00fcman Sayfas\u0131<\/span><\/span>\u00a0<\/a>\u00a0\u00a0<\/p><p><a href=\"https:\/\/tur.sika.com\/content\/dam\/dms\/tr01\/g\/sikaseal_crystalsg.pdf\"><span style=\"font-weight: bolder;\">\u00a0 \u00a0 \u00a0<img decoding=\"async\" src=\"http:\/\/etkiinsaat.com.tr\/wp-content\/uploads\/2023\/09\/pdf-300x300.png\" alt=\"\" width=\"31\" height=\"31\" \/><\/span><\/a><a title=\"TDS Teknik Dok\u00fcman Sayfas\u0131\" href=\"https:\/\/teknoyapi.com.tr\/documents\/CE-1504-2.pdf\" target=\"_blank\" rel=\"noopener\"><span style=\"color: red; font-size: small;\"><span style=\"font-weight: bold;\">CE Belgesi<\/span><\/span><\/a><a title=\"TDS Teknik Dok\u00fcman Sayfas\u0131\" href=\"https:\/\/teknoyapi.com.tr\/documents\/TDS-teknolatex-100.pdf\" target=\"_blank\" rel=\"noopener\">\u00a0<\/a>\u00a0\u00a0<\/p><p><a href=\"https:\/\/tur.sika.com\/content\/dam\/dms\/tr01\/g\/sikaseal_crystalsg.pdf\"><span style=\"font-weight: bolder;\">\u00a0 \u00a0 \u00a0<img decoding=\"async\" src=\"http:\/\/etkiinsaat.com.tr\/wp-content\/uploads\/2023\/09\/pdf-300x300.png\" alt=\"\" width=\"31\" height=\"31\" \/><\/span><\/a><a title=\"TDS Teknik Dok\u00fcman Sayfas\u0131\" href=\"https:\/\/teknoyapi.com.tr\/documents\/TSE-teknomer-200.pdf\" target=\"_blank\" rel=\"noopener\"><span style=\"color: red; font-size: small;\"><span style=\"font-weight: bold;\">TSE Belgesi<\/span><\/span><\/a>\u00a0<\/p>\t\t\t\t\t\t\t\t<\/div>\n\t\t\t\t<\/div>\n\t\t\t\t\t<\/div>\n\t\t<\/div>\n\t\t\t\t<div class=\"elementor-column elementor-col-66 elementor-top-column elementor-element elementor-element-92108cc\" data-id=\"92108cc\" data-element_type=\"column\" data-e-type=\"column\">\n\t\t\t<div class=\"elementor-widget-wrap elementor-element-populated\">\n\t\t\t\t\t\t<div class=\"elementor-element elementor-element-36e33b9 elementor-widget elementor-widget-image\" data-id=\"36e33b9\" data-element_type=\"widget\" data-e-type=\"widget\" data-widget_type=\"image.default\">\n\t\t\t\t<div class=\"elementor-widget-container\">\n\t\t\t\t\t\t\t\t\t\t\t\t\t\t\t<img decoding=\"async\" width=\"641\" height=\"252\" src=\"https:\/\/etkiinsaat.com.tr\/wp-content\/uploads\/2023\/10\/227-2.jpg\" class=\"attachment-full size-full wp-image-15782\" alt=\"\" srcset=\"https:\/\/etkiinsaat.com.tr\/wp-content\/uploads\/2023\/10\/227-2.jpg 641w, https:\/\/etkiinsaat.com.tr\/wp-content\/uploads\/2023\/10\/227-2-300x118.jpg 300w, https:\/\/etkiinsaat.com.tr\/wp-content\/uploads\/2023\/10\/227-2-303x119.jpg 303w, https:\/\/etkiinsaat.com.tr\/wp-content\/uploads\/2023\/10\/227-2-606x238.jpg 606w, https:\/\/etkiinsaat.com.tr\/wp-content\/uploads\/2023\/10\/227-2-530x208.jpg 530w, https:\/\/etkiinsaat.com.tr\/wp-content\/uploads\/2023\/10\/227-2-450x177.jpg 450w, https:\/\/etkiinsaat.com.tr\/wp-content\/uploads\/2023\/10\/227-2-500x197.jpg 500w, https:\/\/etkiinsaat.com.tr\/wp-content\/uploads\/2023\/10\/227-2-150x59.jpg 150w\" sizes=\"(max-width: 641px) 100vw, 641px\" \/>\t\t\t\t\t\t\t\t\t\t\t\t\t\t\t<\/div>\n\t\t\t\t<\/div>\n\t\t\t\t<div class=\"elementor-element elementor-element-8fea1a5 elementor-widget elementor-widget-text-editor\" data-id=\"8fea1a5\" data-element_type=\"widget\" data-e-type=\"widget\" data-widget_type=\"text-editor.default\">\n\t\t\t\t<div class=\"elementor-widget-container\">\n\t\t\t\t\t\t\t\t\t<p><strong style=\"outline: 0px; margin: 0px; padding: 0px; border: 0px; font-size: 14px; vertical-align: baseline; background: 0px 0px; color: #000000; font-family: roboto, Verdana;\">\u00dcr\u00fcn Tan\u0131m\u0131<\/strong><br style=\"outline: none; color: #000000; font-family: roboto, Verdana; font-size: 14px;\" \/><span style=\"color: #000000; font-family: roboto, Verdana; font-size: 14px;\">S\u0131v\u0131 polimerler ve \u00f6zel katk\u0131lar\u0131n birle\u015fmesinden olu\u015fan iki bile\u015fenli, yar\u0131 esnek su yal\u0131t\u0131m malzemesidir.<\/span><br style=\"outline: none; color: #000000; font-family: roboto, Verdana; font-size: 14px;\" \/><br style=\"outline: none; color: #000000; font-family: roboto, Verdana; font-size: 14px;\" \/><strong style=\"outline: 0px; margin: 0px; padding: 0px; border: 0px; font-size: 14px; vertical-align: baseline; background: 0px 0px; color: #000000; font-family: roboto, Verdana;\">Kullan\u0131m Alanlar\u0131<\/strong><br style=\"outline: none; color: #000000; font-family: roboto, Verdana; font-size: 14px;\" \/><span style=\"color: #000000; font-family: roboto, Verdana; font-size: 14px;\">\u2022 \u0130\u00e7 ve d\u0131\u015f ortamlarda beton ve \u00e7imento har\u00e7lar\u0131 ile s\u0131val\u0131 y\u00fczeylerde, su yal\u0131t\u0131m\u0131 olarak,<\/span><br style=\"outline: none; color: #000000; font-family: roboto, Verdana; font-size: 14px;\" \/><span style=\"color: #000000; font-family: roboto, Verdana; font-size: 14px;\">\u2022 Perde ve duvar yal\u0131t\u0131mlar\u0131 i\u00e7in,<\/span><br style=\"outline: none; color: #000000; font-family: roboto, Verdana; font-size: 14px;\" \/><span style=\"color: #000000; font-family: roboto, Verdana; font-size: 14px;\">\u2022 Beton yap\u0131lara hareketli olmayan alanlarda,<\/span><br style=\"outline: none; color: #000000; font-family: roboto, Verdana; font-size: 14px;\" \/><span style=\"color: #000000; font-family: roboto, Verdana; font-size: 14px;\">\u2022 lslak hacim su yal\u0131t\u0131mlar\u0131 i\u00e7in,<\/span><br style=\"outline: none; color: #000000; font-family: roboto, Verdana; font-size: 14px;\" \/><span style=\"color: #000000; font-family: roboto, Verdana; font-size: 14px;\">\u2022 Su depolar\u0131, y\u00fczme ve s\u00fcs havuzlar\u0131,<\/span><br style=\"outline: none; color: #000000; font-family: roboto, Verdana; font-size: 14px;\" \/><span style=\"color: #000000; font-family: roboto, Verdana; font-size: 14px;\">\u2022 Banyo, wc, balkon gibi \u0131slak hacimler,<\/span><br style=\"outline: none; color: #000000; font-family: roboto, Verdana; font-size: 14px;\" \/><span style=\"color: #000000; font-family: roboto, Verdana; font-size: 14px;\">\u2022 Metro, t\u00fcnel, baraj, otoyol gibi m\u00fchendislik yap\u0131lar\u0131nda kullan\u0131l\u0131r.<\/span><br style=\"outline: none; color: #000000; font-family: roboto, Verdana; font-size: 14px;\" \/><span style=\"color: #000000; font-family: roboto, Verdana; font-size: 14px;\">\u2022 Al\u00e7\u0131pan y\u00fczeylerde Teknolatex 300 aderans artt\u0131r\u0131c\u0131 astar ile kullan\u0131lmas\u0131 tavsiye edilir.<\/span><br style=\"outline: none; color: #000000; font-family: roboto, Verdana; font-size: 14px;\" \/><br style=\"outline: none; color: #000000; font-family: roboto, Verdana; font-size: 14px;\" \/><strong style=\"outline: 0px; margin: 0px; padding: 0px; border: 0px; font-size: 14px; vertical-align: baseline; background: 0px 0px; color: #000000; font-family: roboto, Verdana;\">\u00d6zellikleri ve Avantajlar\u0131<\/strong><br style=\"outline: none; color: #000000; font-family: roboto, Verdana; font-size: 14px;\" \/><span style=\"color: #000000; font-family: roboto, Verdana; font-size: 14px;\">\u2022 \u0130\u00e7 ve d\u0131\u015f ortamlarda kullan\u0131labilir. D\u0131\u015f ortamlarda uyguland\u0131\u011f\u0131nda \u00fcst\u00fcne zemin kaplamas\u0131 gereklidir.<\/span><br style=\"outline: none; color: #000000; font-family: roboto, Verdana; font-size: 14px;\" \/><span style=\"color: #000000; font-family: roboto, Verdana; font-size: 14px;\">\u2022 \u0130\u00e7me suyu ile temasa uygundur.<\/span><br style=\"outline: none; color: #000000; font-family: roboto, Verdana; font-size: 14px;\" \/><span style=\"color: #000000; font-family: roboto, Verdana; font-size: 14px;\">\u2022 B\u00fcz\u00fclme ve \u00e7atlama yapmaz.<\/span><br style=\"outline: none; color: #000000; font-family: roboto, Verdana; font-size: 14px;\" \/><span style=\"color: #000000; font-family: roboto, Verdana; font-size: 14px;\">\u2022 Yatay ve d\u00fc\u015fey uygulamalar i\u00e7in uygundur.<\/span><br style=\"outline: none; color: #000000; font-family: roboto, Verdana; font-size: 14px;\" \/><span style=\"color: #000000; font-family: roboto, Verdana; font-size: 14px;\">\u2022 Korozif ve zehirli madde i\u00e7ermedi\u011finden i\u00e7me suyu depolar\u0131nda kullan\u0131labilir.<\/span><br style=\"outline: none; color: #000000; font-family: roboto, Verdana; font-size: 14px;\" \/><br style=\"outline: none; color: #000000; font-family: roboto, Verdana; font-size: 14px;\" \/><strong style=\"outline: 0px; margin: 0px; padding: 0px; border: 0px; font-size: 14px; vertical-align: baseline; background: 0px 0px; color: #000000; font-family: roboto, Verdana;\">Uygulama Talimatlar\u0131<\/strong><br style=\"outline: none; color: #000000; font-family: roboto, Verdana; font-size: 14px;\" \/><span style=\"color: #000000; font-family: roboto, Verdana; font-size: 14px;\">Y\u00fczeyler temiz, d\u00fczg\u00fcn, sa\u011flam, her t\u00fcrl\u00fc toz, ya\u011f, kir, pas, kal\u0131p ya\u011f\u0131, deterjan gibi benzeri yap\u0131\u015fmay\u0131 engelleyici maddelerden ve at\u0131klardan ar\u0131nd\u0131r\u0131lmal\u0131d\u0131r. Betonda ayr\u0131\u015fma (segregasyon) var ise bozuk ve gev\u015fek par\u00e7alar \u00e7\u0131kart\u0131lmal\u0131d\u0131r. Uygulama yap\u0131lacak zemin veya duvarda \u00e7atlak, oyuk var ise uygun TEKNOREP tamir har\u00e7lar\u0131 ile tamir edilmelidir. TEKNOMER 200 &#8216;\u00fcn uygulamas\u0131na 3-4 g\u00fcn sonra ge\u00e7ilmelidir.<\/span><br style=\"outline: none; color: #000000; font-family: roboto, Verdana; font-size: 14px;\" \/><br style=\"outline: none; color: #000000; font-family: roboto, Verdana; font-size: 14px;\" \/><span style=\"color: #000000; font-family: roboto, Verdana; font-size: 14px;\">Meyil \u015fap\u0131 veya betonunun su ak\u0131nt\u0131s\u0131 y\u00f6n\u00fcnde at\u0131ld\u0131\u011f\u0131ndan emin olunmal\u0131d\u0131r. E\u011fimin do\u011fru \u015fekilde kontrol\u00fc \u015fu \u015fekilde yap\u0131l\u0131r. Ba\u015flang\u0131\u00e7 taraf\u0131ndan gidere do\u011fru mastar tutulur, onun \u00fczerine terazi konur. Kontrol sonucunda e\u011fimin olmad\u0131\u011f\u0131 veya ters e\u011fim oldu\u011fu tespit edilirse uygulamaya ge\u00e7ilmemeli, beton, \u015fapta i\u015flem yap\u0131larak su ak\u0131nt\u0131 y\u00f6n\u00fc ayarlanmal\u0131d\u0131r. Gerekirse ilave \u015fap veya beton d\u00f6k\u00fclmelidir. Yal\u0131t\u0131m yap\u0131lacak y\u00fczeyin kuru olmas\u0131 halinde, \u0131slat\u0131l\u0131p suya doygun hale gelmesi sa\u011flanarak uygulamaya haz\u0131r hale getirilmelidir. Keskin k\u00f6\u015fe ve kenarlara TEKNOREP kal\u0131n tamir harc\u0131yla pah yap\u0131lmal\u0131d\u0131r. \u00dczerine seramik gelecek \u0131slak hacimler ve balkonlarda, t\u00fcm k\u00f6\u015felere \u00f6nceden TEKNOMER PAH BANDI uygulanmal\u0131d\u0131r.<\/span><br style=\"outline: none; color: #000000; font-family: roboto, Verdana; font-size: 14px;\" \/><br style=\"outline: none; color: #000000; font-family: roboto, Verdana; font-size: 14px;\" \/><span style=\"color: #000000; font-family: roboto, Verdana; font-size: 14px;\">TEKNOMER 200 iyice kar\u0131\u015ft\u0131r\u0131l\u0131p dinlendirildikten sonra, suya doygun y\u00fczeye, rutubetini kaybetmeden f\u0131r\u00e7a ve\/veya mala yard\u0131m\u0131yla tatbik edilir. Malzemenin ilk prizini almas\u0131n\u0131 takiben 1. kat uygulaman\u0131n dik do\u011frultusunda 2. kat uygulama yap\u0131l\u0131r. E\u011fer \u015fap \u00fczerine uygulama yap\u0131l\u0131yorsa mutlaka katlar aras\u0131nda esnek su yal\u0131t\u0131m filesi kullan\u0131lmal\u0131d\u0131r. Katlar aras\u0131ndaki bekleme s\u00fcresi; 1. kat\u0131n uygulanmas\u0131ndan sonra elle yap\u0131lan kontrolde parmaklarda bir iz kalmad\u0131\u011f\u0131 zamanda di\u011fer katlara ge\u00e7ilebilir.<\/span><br style=\"outline: none; color: #000000; font-family: roboto, Verdana; font-size: 14px;\" \/><br style=\"outline: none; color: #000000; font-family: roboto, Verdana; font-size: 14px;\" \/><span style=\"color: #000000; font-family: roboto, Verdana; font-size: 14px;\">Yap\u0131\u015fmay\u0131 engelleyici her t\u00fcrl\u00fc maddeden ar\u0131nd\u0131r\u0131lm\u0131\u015f, temiz bir kap i\u00e7erisine TEKNOMER 200 &#8216;\u00fcn \u00f6nce s\u0131v\u0131 B bile\u015feni bo\u015falt\u0131l\u0131r. Daha sonra toz haldeki TEKNOMER 200 A bile\u015feni yava\u015f yava\u015f d\u00f6k\u00fcl\u00fcr. D\u00fc\u015f\u00fck devirli bir kar\u0131\u015ft\u0131r\u0131c\u0131 ile topaks\u0131z homojen bir kar\u0131\u015f\u0131m elde edilinceye kadar \u00fcr\u00fcn kar\u0131\u015ft\u0131r\u0131l\u0131r. Kar\u0131\u015f\u0131m s\u00fcresi minimum 5 dk olmal\u0131d\u0131r. \u0130\u015flem sonunda elde edilen har\u00e7 3 dk dinlendirilip , tekrar 2 dk homojen hale gelinceye kadar kar\u0131\u015ft\u0131r\u0131lmal\u0131d\u0131r.<\/span><br style=\"outline: none; color: #000000; font-family: roboto, Verdana; font-size: 14px;\" \/><br style=\"outline: none; color: #000000; font-family: roboto, Verdana; font-size: 14px;\" \/><strong style=\"outline: 0px; margin: 0px; padding: 0px; border: 0px; font-size: 14px; vertical-align: baseline; background: 0px 0px; color: #000000; font-family: roboto, Verdana;\">Uygulama Notlar\u0131 \/ S\u0131n\u0131rlamalar<\/strong><br style=\"outline: none; color: #000000; font-family: roboto, Verdana; font-size: 14px;\" \/><span style=\"color: #000000; font-family: roboto, Verdana; font-size: 14px;\">\u2022 \u00c7imento esasl\u0131 oldu\u011fundan tozunu solumay\u0131n\u0131z, cilde ve g\u00f6ze temas ettirmeyiniz.<\/span><br style=\"outline: none; color: #000000; font-family: roboto, Verdana; font-size: 14px;\" \/><span style=\"color: #000000; font-family: roboto, Verdana; font-size: 14px;\">\u2022 Ah\u015fap, sunta, mdf, kontraplak, PVC ve metal y\u00fczeylere uygulamay\u0131n\u0131z.<\/span><br style=\"outline: none; color: #000000; font-family: roboto, Verdana; font-size: 14px;\" \/><span style=\"outline: 0px; margin: 0px; padding: 0px; border: 0px; font-size: 14px; vertical-align: baseline; background: 0px 0px; color: #000000; font-family: roboto, Verdana;\">\u2022 Tek seferde kal\u0131n uygulama yapmaktan ka\u00e7\u0131n\u0131lmal\u0131d\u0131r.<\/span><br style=\"outline: none; color: #000000; font-family: roboto, Verdana; font-size: 14px;\" \/><span style=\"color: #000000; font-family: roboto, Verdana; font-size: 14px;\">\u2022 Kar\u0131\u015f\u0131m i\u00e7erisinde sadece kendi s\u0131v\u0131s\u0131 kullan\u0131lmal\u0131d\u0131r. Kesinlikle su ilave edilmemelidir.<\/span><br style=\"outline: none; color: #000000; font-family: roboto, Verdana; font-size: 14px;\" \/><span style=\"color: #000000; font-family: roboto, Verdana; font-size: 14px;\">\u2022 Yabanc\u0131 malzemeler ilave edilmemelidir.<\/span><br style=\"outline: none; color: #000000; font-family: roboto, Verdana; font-size: 14px;\" \/><span style=\"color: #000000; font-family: roboto, Verdana; font-size: 14px;\">\u2022 \u00dcr\u00fcnden beklenen uzun s\u00fcreli performans\u0131 elde etmek i\u00e7in koruma gereklidir. Uygulama sonras\u0131 olu\u015fabilecek, her t\u00fcrl\u00fc delinme, \u00e7izilme ve darbelere kar\u015f\u0131 korumak i\u00e7in 3 g\u00fcn sonra fayans, seramik, s\u0131va, \u015fap yap\u0131lmal\u0131d\u0131r.<\/span><br style=\"outline: none; color: #000000; font-family: roboto, Verdana; font-size: 14px;\" \/><span style=\"color: #000000; font-family: roboto, Verdana; font-size: 14px;\">\u2022 Uygulamadan sonra direk g\u00fcne\u015f \u0131\u015f\u0131\u011f\u0131, \u015fiddetli r\u00fczgar, y\u00fcksek hava s\u0131cakl\u0131\u011f\u0131 (+35\u00b0C \u00fczeri), ya\u011fmur ve don gibi olumsuz hava ko\u015fullar\u0131na kar\u015f\u0131 korunmal\u0131d\u0131r. \u00dcr\u00fcn tam k\u00fcr\u00fcn\u00fc al\u0131p sertle\u015fmeden, eller su ve deterjan ile temizlenmelidir.<\/span><br style=\"outline: none; color: #000000; font-family: roboto, Verdana; font-size: 14px;\" \/><span style=\"color: #000000; font-family: roboto, Verdana; font-size: 14px;\">\u2022 Uygulamadan hemen sonra, hen\u00fcz sertle\u015fmeden, ekipmanlar su ile temizlenmelidir. \u00dcr\u00fcn sertle\u015ftikten sonra mekanik y\u00f6ntemler ile temizlenmelidir.<\/span><\/p>\t\t\t\t\t\t\t\t<\/div>\n\t\t\t\t<\/div>\n\t\t\t\t\t<\/div>\n\t\t<\/div>\n\t\t\t\t\t<\/div>\n\t\t<\/section>\n\t\t\t\t<\/div>\n\t\t","protected":false},"excerpt":{"rendered":"<p>Teknomer 200 Su Yal\u0131t\u0131m Malzemesi Teknik D\u00f6k\u00fcmanlar: \u00a0 \u00a0 \u00a0TDS Teknik Dok\u00fcman Sayfas\u0131\u00a0\u00a0\u00a0 \u00a0 \u00a0 \u00a0CE Belgesi\u00a0\u00a0\u00a0 \u00a0 \u00a0 \u00a0TSE Belgesi\u00a0 \u00dcr\u00fcn Tan\u0131m\u0131S\u0131v\u0131 polimerler ve \u00f6zel katk\u0131lar\u0131n birle\u015fmesinden olu\u015fan iki bile\u015fenli, yar\u0131 esnek su yal\u0131t\u0131m malzemesidir.Kullan\u0131m Alanlar\u0131\u2022 \u0130\u00e7 ve d\u0131\u015f ortamlarda beton ve \u00e7imento har\u00e7lar\u0131 ile s\u0131val\u0131 y\u00fczeylerde, su yal\u0131t\u0131m\u0131 olarak,\u2022 Perde ve duvar yal\u0131t\u0131mlar\u0131 i\u00e7in,\u2022 Beton yap\u0131lara hareketli olmayan alanlarda,\u2022 lslak hacim su yal\u0131t\u0131mlar\u0131 i\u00e7in,\u2022 Su depolar\u0131, y\u00fczme ve s\u00fcs havuzlar\u0131,\u2022 Banyo, wc, balkon gibi \u0131slak hacimler,\u2022 Metro, t\u00fcnel, baraj, otoyol gibi m\u00fchendislik yap\u0131lar\u0131nda kullan\u0131l\u0131r.\u2022 Al\u00e7\u0131pan y\u00fczeylerde Teknolatex 300 aderans artt\u0131r\u0131c\u0131 astar ile kullan\u0131lmas\u0131 tavsiye edilir.\u00d6zellikleri ve Avantajlar\u0131\u2022 \u0130\u00e7 ve d\u0131\u015f ortamlarda kullan\u0131labilir. D\u0131\u015f ortamlarda uyguland\u0131\u011f\u0131nda \u00fcst\u00fcne zemin kaplamas\u0131 gereklidir.\u2022 \u0130\u00e7me suyu ile temasa uygundur.\u2022 B\u00fcz\u00fclme ve \u00e7atlama yapmaz.\u2022 Yatay ve d\u00fc\u015fey uygulamalar i\u00e7in uygundur.\u2022 Korozif ve zehirli madde i\u00e7ermedi\u011finden i\u00e7me suyu depolar\u0131nda kullan\u0131labilir.Uygulama Talimatlar\u0131Y\u00fczeyler temiz, d\u00fczg\u00fcn, sa\u011flam, her t\u00fcrl\u00fc toz, ya\u011f, kir, pas, kal\u0131p ya\u011f\u0131, deterjan gibi benzeri [&hellip;]<\/p>\n","protected":false},"author":3,"featured_media":0,"parent":0,"menu_order":0,"comment_status":"closed","ping_status":"closed","template":"page-full.php","meta":{"_joinchat":[],"footnotes":""},"class_list":["post-15816","page","type-page","status-publish","hentry"],"_links":{"self":[{"href":"https:\/\/etkiinsaat.com.tr\/index.php?rest_route=\/wp\/v2\/pages\/15816","targetHints":{"allow":["GET"]}}],"collection":[{"href":"https:\/\/etkiinsaat.com.tr\/index.php?rest_route=\/wp\/v2\/pages"}],"about":[{"href":"https:\/\/etkiinsaat.com.tr\/index.php?rest_route=\/wp\/v2\/types\/page"}],"author":[{"embeddable":true,"href":"https:\/\/etkiinsaat.com.tr\/index.php?rest_route=\/wp\/v2\/users\/3"}],"replies":[{"embeddable":true,"href":"https:\/\/etkiinsaat.com.tr\/index.php?rest_route=%2Fwp%2Fv2%2Fcomments&post=15816"}],"version-history":[{"count":4,"href":"https:\/\/etkiinsaat.com.tr\/index.php?rest_route=\/wp\/v2\/pages\/15816\/revisions"}],"predecessor-version":[{"id":15821,"href":"https:\/\/etkiinsaat.com.tr\/index.php?rest_route=\/wp\/v2\/pages\/15816\/revisions\/15821"}],"wp:attachment":[{"href":"https:\/\/etkiinsaat.com.tr\/index.php?rest_route=%2Fwp%2Fv2%2Fmedia&parent=15816"}],"curies":[{"name":"wp","href":"https:\/\/api.w.org\/{rel}","templated":true}]}}