{"id":15822,"date":"2023-10-03T23:00:00","date_gmt":"2023-10-03T20:00:00","guid":{"rendered":"https:\/\/etkiinsaat.com.tr\/?page_id=15822"},"modified":"2023-10-03T23:01:29","modified_gmt":"2023-10-03T20:01:29","slug":"teknomer-200-kristalize-su-yalitim-malzemesi","status":"publish","type":"page","link":"https:\/\/etkiinsaat.com.tr\/?page_id=15822","title":{"rendered":"Teknomer 200 Kristalize Su Yal\u0131t\u0131m Malzemesi"},"content":{"rendered":"\t\t<div data-elementor-type=\"wp-page\" data-elementor-id=\"15822\" class=\"elementor elementor-15822\">\n\t\t\t\t\t\t<section class=\"elementor-section elementor-top-section elementor-element elementor-element-97d9a18 elementor-section-boxed elementor-section-height-default elementor-section-height-default\" data-id=\"97d9a18\" data-element_type=\"section\" data-e-type=\"section\">\n\t\t\t\t\t\t<div class=\"elementor-container elementor-column-gap-default\">\n\t\t\t\t\t<div class=\"elementor-column elementor-col-33 elementor-top-column elementor-element elementor-element-8261d1f\" data-id=\"8261d1f\" data-element_type=\"column\" data-e-type=\"column\">\n\t\t\t<div class=\"elementor-widget-wrap elementor-element-populated\">\n\t\t\t\t\t\t<div class=\"elementor-element elementor-element-1789380 elementor-widget elementor-widget-heading\" data-id=\"1789380\" data-element_type=\"widget\" data-e-type=\"widget\" data-widget_type=\"heading.default\">\n\t\t\t\t<div class=\"elementor-widget-container\">\n\t\t\t\t\t<h2 class=\"elementor-heading-title elementor-size-default\">Teknomer 200 Kristalize Su Yal\u0131t\u0131m Malzemesi\n<\/h2>\t\t\t\t<\/div>\n\t\t\t\t<\/div>\n\t\t\t\t<div class=\"elementor-element elementor-element-a225386 elementor-widget elementor-widget-image\" data-id=\"a225386\" data-element_type=\"widget\" data-e-type=\"widget\" data-widget_type=\"image.default\">\n\t\t\t\t<div class=\"elementor-widget-container\">\n\t\t\t\t\t\t\t\t\t\t\t\t\t\t\t<img fetchpriority=\"high\" decoding=\"async\" width=\"250\" height=\"250\" src=\"https:\/\/etkiinsaat.com.tr\/wp-content\/uploads\/2023\/10\/233.jpg\" class=\"attachment-full size-full wp-image-15826\" alt=\"\" srcset=\"https:\/\/etkiinsaat.com.tr\/wp-content\/uploads\/2023\/10\/233.jpg 250w, https:\/\/etkiinsaat.com.tr\/wp-content\/uploads\/2023\/10\/233-150x150.jpg 150w, https:\/\/etkiinsaat.com.tr\/wp-content\/uploads\/2023\/10\/233-201x201.jpg 201w, https:\/\/etkiinsaat.com.tr\/wp-content\/uploads\/2023\/10\/233-100x100.jpg 100w\" sizes=\"(max-width: 250px) 100vw, 250px\" \/>\t\t\t\t\t\t\t\t\t\t\t\t\t\t\t<\/div>\n\t\t\t\t<\/div>\n\t\t\t\t<div class=\"elementor-element elementor-element-2541c12 elementor-widget elementor-widget-text-editor\" data-id=\"2541c12\" data-element_type=\"widget\" data-e-type=\"widget\" data-widget_type=\"text-editor.default\">\n\t\t\t\t<div class=\"elementor-widget-container\">\n\t\t\t\t\t\t\t\t\t<div style=\"color: #1c1b1b;\"><span style=\"color: #444444; font-family: 'Open Sans', sans-serif;\"><span style=\"font-size: 14px;\"><span style=\"font-weight: bold;\">Teknik D\u00f6k\u00fcmanlar:<\/span><\/span><\/span><\/div><p><a href=\"https:\/\/tur.sika.com\/content\/dam\/dms\/tr01\/g\/sikaseal_crystalsg.pdf\"><span style=\"font-weight: bolder;\">\u00a0 \u00a0 \u00a0<img decoding=\"async\" src=\"http:\/\/etkiinsaat.com.tr\/wp-content\/uploads\/2023\/09\/pdf-300x300.png\" alt=\"\" width=\"31\" height=\"31\" \/><\/span><\/a><a title=\"TDS Teknik Dok\u00fcman Sayfas\u0131\" href=\"https:\/\/teknoyapi.com.tr\/documents\/TDS-teknomer-200-kristalize.pdf\" target=\"_blank\" rel=\"noopener\"><span style=\"color: red; font-size: small;\"><span style=\"font-weight: bold;\">TDS Teknik Dok\u00fcman Sayfas\u0131<\/span><\/span>\u00a0<\/a>\u00a0\u00a0<\/p><p><a href=\"https:\/\/tur.sika.com\/content\/dam\/dms\/tr01\/g\/sikaseal_crystalsg.pdf\"><span style=\"font-weight: bolder;\">\u00a0 \u00a0 \u00a0<img decoding=\"async\" src=\"http:\/\/etkiinsaat.com.tr\/wp-content\/uploads\/2023\/09\/pdf-300x300.png\" alt=\"\" width=\"31\" height=\"31\" \/><\/span><\/a><a title=\"TDS Teknik Dok\u00fcman Sayfas\u0131\" href=\"https:\/\/teknoyapi.com.tr\/documents\/TSE-teknomer-200-kristalize.pdf\" target=\"_blank\" rel=\"noopener\"><span style=\"color: red; font-size: small;\"><span style=\"font-weight: bold;\">TSE Belgesi<\/span><\/span><\/a><\/p>\t\t\t\t\t\t\t\t<\/div>\n\t\t\t\t<\/div>\n\t\t\t\t\t<\/div>\n\t\t<\/div>\n\t\t\t\t<div class=\"elementor-column elementor-col-66 elementor-top-column elementor-element elementor-element-2ce33f5\" data-id=\"2ce33f5\" data-element_type=\"column\" data-e-type=\"column\">\n\t\t\t<div class=\"elementor-widget-wrap elementor-element-populated\">\n\t\t\t\t\t\t<div class=\"elementor-element elementor-element-33cc287 elementor-widget elementor-widget-image\" data-id=\"33cc287\" data-element_type=\"widget\" data-e-type=\"widget\" data-widget_type=\"image.default\">\n\t\t\t\t<div class=\"elementor-widget-container\">\n\t\t\t\t\t\t\t\t\t\t\t\t\t\t\t<img decoding=\"async\" width=\"1500\" height=\"548\" src=\"https:\/\/etkiinsaat.com.tr\/wp-content\/uploads\/2023\/10\/233-2.jpg\" class=\"attachment-full size-full wp-image-15827\" alt=\"\" srcset=\"https:\/\/etkiinsaat.com.tr\/wp-content\/uploads\/2023\/10\/233-2.jpg 1500w, https:\/\/etkiinsaat.com.tr\/wp-content\/uploads\/2023\/10\/233-2-300x110.jpg 300w, https:\/\/etkiinsaat.com.tr\/wp-content\/uploads\/2023\/10\/233-2-1024x374.jpg 1024w, https:\/\/etkiinsaat.com.tr\/wp-content\/uploads\/2023\/10\/233-2-768x281.jpg 768w, https:\/\/etkiinsaat.com.tr\/wp-content\/uploads\/2023\/10\/233-2-830x303.jpg 830w, https:\/\/etkiinsaat.com.tr\/wp-content\/uploads\/2023\/10\/233-2-303x111.jpg 303w, https:\/\/etkiinsaat.com.tr\/wp-content\/uploads\/2023\/10\/233-2-606x221.jpg 606w, https:\/\/etkiinsaat.com.tr\/wp-content\/uploads\/2023\/10\/233-2-530x194.jpg 530w, https:\/\/etkiinsaat.com.tr\/wp-content\/uploads\/2023\/10\/233-2-450x164.jpg 450w, https:\/\/etkiinsaat.com.tr\/wp-content\/uploads\/2023\/10\/233-2-500x183.jpg 500w, https:\/\/etkiinsaat.com.tr\/wp-content\/uploads\/2023\/10\/233-2-150x55.jpg 150w\" sizes=\"(max-width: 1500px) 100vw, 1500px\" \/>\t\t\t\t\t\t\t\t\t\t\t\t\t\t\t<\/div>\n\t\t\t\t<\/div>\n\t\t\t\t<div class=\"elementor-element elementor-element-6c8c24e elementor-widget elementor-widget-text-editor\" data-id=\"6c8c24e\" data-element_type=\"widget\" data-e-type=\"widget\" data-widget_type=\"text-editor.default\">\n\t\t\t\t<div class=\"elementor-widget-container\">\n\t\t\t\t\t\t\t\t\t<p><strong style=\"outline: 0px; margin: 0px; padding: 0px; border: 0px; font-size: 14px; vertical-align: baseline; background: 0px 0px; color: #000000; font-family: roboto, Verdana;\">\u00dcr\u00fcn Tan\u0131m\u0131\u00a0<\/strong><br style=\"outline: none; color: #000000; font-family: roboto, Verdana; font-size: 14px;\" \/><span style=\"outline: 0px; margin: 0px; padding: 0px; border: 0px; font-size: 14px; vertical-align: baseline; background: 0px 0px; color: #000000; font-family: roboto, Verdana;\">Em\u00fclsiyon polimer esasl\u0131 s\u0131v\u0131 bile\u015fen, su ge\u00e7irimsizli\u011fi ve i\u015flenebilirli\u011fi artt\u0131r\u0131c\u0131 kimyasal katk\u0131lar i\u00e7eren \u00e7imento esasl\u0131 toz bile\u015fenden olu\u015fan, s\u0131z\u0131nt\u0131 ve y\u00fczey sular\u0131na kar\u015f\u0131 i\u00e7ten (negatif) ya da d\u0131\u015ftan (pozitif) uygulanabilen su yal\u0131t\u0131m ve beton koruma harc\u0131.<\/span><br style=\"outline: none; color: #000000; font-family: roboto, Verdana; font-size: 14px;\" \/><br style=\"outline: none; color: #000000; font-family: roboto, Verdana; font-size: 14px;\" \/><strong style=\"outline: 0px; margin: 0px; padding: 0px; border: 0px; font-size: 14px; vertical-align: baseline; background: 0px 0px; color: #000000; font-family: roboto, Verdana;\">Kullan\u0131m Alanlar\u0131\u00a0<\/strong><br style=\"outline: none; color: #000000; font-family: roboto, Verdana; font-size: 14px;\" \/><span style=\"outline: 0px; margin: 0px; padding: 0px; border: 0px; font-size: 14px; vertical-align: baseline; background: 0px 0px; color: #000000; font-family: roboto, Verdana;\">\u2022 \u0130\u00e7 ve d\u0131\u015f mekanlarda, d\u00fc\u015fey ve yatay uygulamalarda,<\/span><br style=\"outline: none; color: #000000; font-family: roboto, Verdana; font-size: 14px;\" \/><span style=\"outline: 0px; margin: 0px; padding: 0px; border: 0px; font-size: 14px; vertical-align: baseline; background: 0px 0px; color: #000000; font-family: roboto, Verdana;\">\u2022 Banyo, du\u015f, wc gibi \u0131slak hacimli mekanlarda,<\/span><br style=\"outline: none; color: #000000; font-family: roboto, Verdana; font-size: 14px;\" \/><span style=\"outline: 0px; margin: 0px; padding: 0px; border: 0px; font-size: 14px; vertical-align: baseline; background: 0px 0px; color: #000000; font-family: roboto, Verdana;\">\u2022 Su depolar\u0131nda,<\/span><br style=\"outline: none; color: #000000; font-family: roboto, Verdana; font-size: 14px;\" \/><span style=\"outline: 0px; margin: 0px; padding: 0px; border: 0px; font-size: 14px; vertical-align: baseline; background: 0px 0px; color: #000000; font-family: roboto, Verdana;\">\u2022 Temel ve perde duvarlara,<\/span><br style=\"outline: none; color: #000000; font-family: roboto, Verdana; font-size: 14px;\" \/><span style=\"outline: 0px; margin: 0px; padding: 0px; border: 0px; font-size: 14px; vertical-align: baseline; background: 0px 0px; color: #000000; font-family: roboto, Verdana;\">\u2022 T\u00fcnellerde,<\/span><br style=\"outline: none; color: #000000; font-family: roboto, Verdana; font-size: 14px;\" \/><span style=\"outline: 0px; margin: 0px; padding: 0px; border: 0px; font-size: 14px; vertical-align: baseline; background: 0px 0px; color: #000000; font-family: roboto, Verdana;\">\u2022 Asans\u00f6r \u00e7ukurlar\u0131nda,<\/span><br style=\"outline: none; color: #000000; font-family: roboto, Verdana; font-size: 14px;\" \/><span style=\"outline: 0px; margin: 0px; padding: 0px; border: 0px; font-size: 14px; vertical-align: baseline; background: 0px 0px; color: #000000; font-family: roboto, Verdana;\">\u2022 Salamura havuzlar\u0131nda,<\/span><br style=\"outline: none; color: #000000; font-family: roboto, Verdana; font-size: 14px;\" \/><span style=\"outline: 0px; margin: 0px; padding: 0px; border: 0px; font-size: 14px; vertical-align: baseline; background: 0px 0px; color: #000000; font-family: roboto, Verdana;\">\u2022 Bal\u0131k yeti\u015ftirme havuzlar\u0131nda,<\/span><br style=\"outline: none; color: #000000; font-family: roboto, Verdana; font-size: 14px;\" \/><span style=\"outline: 0px; margin: 0px; padding: 0px; border: 0px; font-size: 14px; vertical-align: baseline; background: 0px 0px; color: #000000; font-family: roboto, Verdana;\">\u2022 Beton, s\u0131va, \u015fap gibi y\u00fczeyler \u00fczerine uygulan\u0131r.<\/span><br style=\"outline: none; color: #000000; font-family: roboto, Verdana; font-size: 14px;\" \/><br style=\"outline: none; color: #000000; font-family: roboto, Verdana; font-size: 14px;\" \/><strong style=\"outline: 0px; margin: 0px; padding: 0px; border: 0px; font-size: 14px; vertical-align: baseline; background: 0px 0px; color: #000000; font-family: roboto, Verdana;\">\u00d6zellikleri ve Avantajlar\u0131\u00a0<\/strong><br style=\"outline: none; color: #000000; font-family: roboto, Verdana; font-size: 14px;\" \/><span style=\"outline: 0px; margin: 0px; padding: 0px; border: 0px; font-size: 14px; vertical-align: baseline; background: 0px 0px; color: #000000; font-family: roboto, Verdana;\">\u2022 Negatif ve pozitif su bas\u0131nc\u0131na kar\u015f\u0131 dayan\u0131kl\u0131d\u0131r.<\/span><br style=\"outline: none; color: #000000; font-family: roboto, Verdana; font-size: 14px;\" \/><span style=\"outline: 0px; margin: 0px; padding: 0px; border: 0px; font-size: 14px; vertical-align: baseline; background: 0px 0px; color: #000000; font-family: roboto, Verdana;\">\u2022 Y\u00fcksek tutunma g\u00fcc\u00fcne sahiptir.<\/span><br style=\"outline: none; color: #000000; font-family: roboto, Verdana; font-size: 14px;\" \/><span style=\"outline: 0px; margin: 0px; padding: 0px; border: 0px; font-size: 14px; vertical-align: baseline; background: 0px 0px; color: #000000; font-family: roboto, Verdana;\">\u2022 Donat\u0131 veya \u00e7elik i\u00e7in korozif de\u011fildir.<\/span><br style=\"outline: none; color: #000000; font-family: roboto, Verdana; font-size: 14px;\" \/><span style=\"outline: 0px; margin: 0px; padding: 0px; border: 0px; font-size: 14px; vertical-align: baseline; background: 0px 0px; color: #000000; font-family: roboto, Verdana;\">\u2022 Yatay ve d\u00fc\u015fey y\u00fczeylerde uygulanabilir.<\/span><br style=\"outline: none; color: #000000; font-family: roboto, Verdana; font-size: 14px;\" \/><span style=\"outline: 0px; margin: 0px; padding: 0px; border: 0px; font-size: 14px; vertical-align: baseline; background: 0px 0px; color: #000000; font-family: roboto, Verdana;\">\u2022 Betonda karbonatla\u015fmay\u0131 engeller.<\/span><br style=\"outline: none; color: #000000; font-family: roboto, Verdana; font-size: 14px;\" \/><span style=\"outline: 0px; margin: 0px; padding: 0px; border: 0px; font-size: 14px; vertical-align: baseline; background: 0px 0px; color: #000000; font-family: roboto, Verdana;\">\u2022 Donma-\u00e7\u00f6z\u00fcnmeye kar\u015f\u0131 dayan\u0131kl\u0131d\u0131r.<\/span><br style=\"outline: none; color: #000000; font-family: roboto, Verdana; font-size: 14px;\" \/><span style=\"outline: 0px; margin: 0px; padding: 0px; border: 0px; font-size: 14px; vertical-align: baseline; background: 0px 0px; color: #000000; font-family: roboto, Verdana;\">\u2022 F\u0131r\u00e7a, rulo veya sprey ile kolay uygulan\u0131r.<\/span><\/p>\t\t\t\t\t\t\t\t<\/div>\n\t\t\t\t<\/div>\n\t\t\t\t\t<\/div>\n\t\t<\/div>\n\t\t\t\t\t<\/div>\n\t\t<\/section>\n\t\t\t\t<\/div>\n\t\t","protected":false},"excerpt":{"rendered":"<p>Teknomer 200 Kristalize Su Yal\u0131t\u0131m Malzemesi Teknik D\u00f6k\u00fcmanlar: \u00a0 \u00a0 \u00a0TDS Teknik Dok\u00fcman Sayfas\u0131\u00a0\u00a0\u00a0 \u00a0 \u00a0 \u00a0TSE Belgesi \u00dcr\u00fcn Tan\u0131m\u0131\u00a0Em\u00fclsiyon polimer esasl\u0131 s\u0131v\u0131 bile\u015fen, su ge\u00e7irimsizli\u011fi ve i\u015flenebilirli\u011fi artt\u0131r\u0131c\u0131 kimyasal katk\u0131lar i\u00e7eren \u00e7imento esasl\u0131 toz bile\u015fenden olu\u015fan, s\u0131z\u0131nt\u0131 ve y\u00fczey sular\u0131na kar\u015f\u0131 i\u00e7ten (negatif) ya da d\u0131\u015ftan (pozitif) uygulanabilen su yal\u0131t\u0131m ve beton koruma harc\u0131.Kullan\u0131m Alanlar\u0131\u00a0\u2022 \u0130\u00e7 ve d\u0131\u015f mekanlarda, d\u00fc\u015fey ve yatay uygulamalarda,\u2022 Banyo, du\u015f, wc gibi \u0131slak hacimli mekanlarda,\u2022 Su depolar\u0131nda,\u2022 Temel ve perde duvarlara,\u2022 T\u00fcnellerde,\u2022 Asans\u00f6r \u00e7ukurlar\u0131nda,\u2022 Salamura havuzlar\u0131nda,\u2022 Bal\u0131k yeti\u015ftirme havuzlar\u0131nda,\u2022 Beton, s\u0131va, \u015fap gibi y\u00fczeyler \u00fczerine uygulan\u0131r.\u00d6zellikleri ve Avantajlar\u0131\u00a0\u2022 Negatif ve pozitif su bas\u0131nc\u0131na kar\u015f\u0131 dayan\u0131kl\u0131d\u0131r.\u2022 Y\u00fcksek tutunma g\u00fcc\u00fcne sahiptir.\u2022 Donat\u0131 veya \u00e7elik i\u00e7in korozif de\u011fildir.\u2022 Yatay ve d\u00fc\u015fey y\u00fczeylerde uygulanabilir.\u2022 Betonda karbonatla\u015fmay\u0131 engeller.\u2022 Donma-\u00e7\u00f6z\u00fcnmeye kar\u015f\u0131 dayan\u0131kl\u0131d\u0131r.\u2022 F\u0131r\u00e7a, rulo veya sprey ile kolay uygulan\u0131r.<\/p>\n","protected":false},"author":3,"featured_media":0,"parent":0,"menu_order":0,"comment_status":"closed","ping_status":"closed","template":"page-full.php","meta":{"_joinchat":[],"footnotes":""},"class_list":["post-15822","page","type-page","status-publish","hentry"],"_links":{"self":[{"href":"https:\/\/etkiinsaat.com.tr\/index.php?rest_route=\/wp\/v2\/pages\/15822","targetHints":{"allow":["GET"]}}],"collection":[{"href":"https:\/\/etkiinsaat.com.tr\/index.php?rest_route=\/wp\/v2\/pages"}],"about":[{"href":"https:\/\/etkiinsaat.com.tr\/index.php?rest_route=\/wp\/v2\/types\/page"}],"author":[{"embeddable":true,"href":"https:\/\/etkiinsaat.com.tr\/index.php?rest_route=\/wp\/v2\/users\/3"}],"replies":[{"embeddable":true,"href":"https:\/\/etkiinsaat.com.tr\/index.php?rest_route=%2Fwp%2Fv2%2Fcomments&post=15822"}],"version-history":[{"count":4,"href":"https:\/\/etkiinsaat.com.tr\/index.php?rest_route=\/wp\/v2\/pages\/15822\/revisions"}],"predecessor-version":[{"id":15830,"href":"https:\/\/etkiinsaat.com.tr\/index.php?rest_route=\/wp\/v2\/pages\/15822\/revisions\/15830"}],"wp:attachment":[{"href":"https:\/\/etkiinsaat.com.tr\/index.php?rest_route=%2Fwp%2Fv2%2Fmedia&parent=15822"}],"curies":[{"name":"wp","href":"https:\/\/api.w.org\/{rel}","templated":true}]}}