{"id":15869,"date":"2023-10-03T23:08:00","date_gmt":"2023-10-03T20:08:00","guid":{"rendered":"https:\/\/etkiinsaat.com.tr\/?page_id=15869"},"modified":"2023-10-03T23:09:26","modified_gmt":"2023-10-03T20:09:26","slug":"teknoserbaski-yuzey-sertlestirici","status":"publish","type":"page","link":"https:\/\/etkiinsaat.com.tr\/?page_id=15869","title":{"rendered":"Teknoserbask\u0131 Y\u00fczey Sertle\u015ftirici"},"content":{"rendered":"\t\t<div data-elementor-type=\"wp-page\" data-elementor-id=\"15869\" class=\"elementor elementor-15869\">\n\t\t\t\t\t\t<section class=\"elementor-section elementor-top-section elementor-element elementor-element-ac8f0dd elementor-section-boxed elementor-section-height-default elementor-section-height-default\" data-id=\"ac8f0dd\" data-element_type=\"section\" data-e-type=\"section\">\n\t\t\t\t\t\t<div class=\"elementor-container elementor-column-gap-default\">\n\t\t\t\t\t<div class=\"elementor-column elementor-col-33 elementor-top-column elementor-element elementor-element-ed34b35\" data-id=\"ed34b35\" data-element_type=\"column\" data-e-type=\"column\">\n\t\t\t<div class=\"elementor-widget-wrap elementor-element-populated\">\n\t\t\t\t\t\t<div class=\"elementor-element elementor-element-295f08d elementor-widget elementor-widget-heading\" data-id=\"295f08d\" data-element_type=\"widget\" data-e-type=\"widget\" data-widget_type=\"heading.default\">\n\t\t\t\t<div class=\"elementor-widget-container\">\n\t\t\t\t\t<h2 class=\"elementor-heading-title elementor-size-default\">Teknoserbask\u0131 Y\u00fczey Sertle\u015ftirici<\/h2>\t\t\t\t<\/div>\n\t\t\t\t<\/div>\n\t\t\t\t<div class=\"elementor-element elementor-element-fe96ae7 elementor-widget elementor-widget-image\" data-id=\"fe96ae7\" data-element_type=\"widget\" data-e-type=\"widget\" data-widget_type=\"image.default\">\n\t\t\t\t<div class=\"elementor-widget-container\">\n\t\t\t\t\t\t\t\t\t\t\t\t\t\t\t<img fetchpriority=\"high\" decoding=\"async\" width=\"250\" height=\"250\" src=\"https:\/\/etkiinsaat.com.tr\/wp-content\/uploads\/2023\/10\/thumb_teknoser_baskijpg20201106060412.jpg\" class=\"attachment-full size-full wp-image-15873\" alt=\"\" srcset=\"https:\/\/etkiinsaat.com.tr\/wp-content\/uploads\/2023\/10\/thumb_teknoser_baskijpg20201106060412.jpg 250w, https:\/\/etkiinsaat.com.tr\/wp-content\/uploads\/2023\/10\/thumb_teknoser_baskijpg20201106060412-150x150.jpg 150w, https:\/\/etkiinsaat.com.tr\/wp-content\/uploads\/2023\/10\/thumb_teknoser_baskijpg20201106060412-201x201.jpg 201w, https:\/\/etkiinsaat.com.tr\/wp-content\/uploads\/2023\/10\/thumb_teknoser_baskijpg20201106060412-100x100.jpg 100w\" sizes=\"(max-width: 250px) 100vw, 250px\" \/>\t\t\t\t\t\t\t\t\t\t\t\t\t\t\t<\/div>\n\t\t\t\t<\/div>\n\t\t\t\t\t<\/div>\n\t\t<\/div>\n\t\t\t\t<div class=\"elementor-column elementor-col-66 elementor-top-column elementor-element elementor-element-dd4e661\" data-id=\"dd4e661\" data-element_type=\"column\" data-e-type=\"column\">\n\t\t\t<div class=\"elementor-widget-wrap elementor-element-populated\">\n\t\t\t\t\t\t<div class=\"elementor-element elementor-element-b1e7672 elementor-widget elementor-widget-image\" data-id=\"b1e7672\" data-element_type=\"widget\" data-e-type=\"widget\" data-widget_type=\"image.default\">\n\t\t\t\t<div class=\"elementor-widget-container\">\n\t\t\t\t\t\t\t\t\t\t\t\t\t\t\t<img decoding=\"async\" width=\"1280\" height=\"500\" src=\"https:\/\/etkiinsaat.com.tr\/wp-content\/uploads\/2023\/10\/teknobask_beton.jpg\" class=\"attachment-full size-full wp-image-15874\" alt=\"\" srcset=\"https:\/\/etkiinsaat.com.tr\/wp-content\/uploads\/2023\/10\/teknobask_beton.jpg 1280w, https:\/\/etkiinsaat.com.tr\/wp-content\/uploads\/2023\/10\/teknobask_beton-300x117.jpg 300w, https:\/\/etkiinsaat.com.tr\/wp-content\/uploads\/2023\/10\/teknobask_beton-1024x400.jpg 1024w, https:\/\/etkiinsaat.com.tr\/wp-content\/uploads\/2023\/10\/teknobask_beton-768x300.jpg 768w, https:\/\/etkiinsaat.com.tr\/wp-content\/uploads\/2023\/10\/teknobask_beton-830x324.jpg 830w, https:\/\/etkiinsaat.com.tr\/wp-content\/uploads\/2023\/10\/teknobask_beton-303x118.jpg 303w, https:\/\/etkiinsaat.com.tr\/wp-content\/uploads\/2023\/10\/teknobask_beton-606x237.jpg 606w, https:\/\/etkiinsaat.com.tr\/wp-content\/uploads\/2023\/10\/teknobask_beton-530x207.jpg 530w, https:\/\/etkiinsaat.com.tr\/wp-content\/uploads\/2023\/10\/teknobask_beton-450x176.jpg 450w, https:\/\/etkiinsaat.com.tr\/wp-content\/uploads\/2023\/10\/teknobask_beton-500x195.jpg 500w, https:\/\/etkiinsaat.com.tr\/wp-content\/uploads\/2023\/10\/teknobask_beton-150x59.jpg 150w\" sizes=\"(max-width: 1280px) 100vw, 1280px\" \/>\t\t\t\t\t\t\t\t\t\t\t\t\t\t\t<\/div>\n\t\t\t\t<\/div>\n\t\t\t\t<div class=\"elementor-element elementor-element-72881c3 elementor-widget elementor-widget-text-editor\" data-id=\"72881c3\" data-element_type=\"widget\" data-e-type=\"widget\" data-widget_type=\"text-editor.default\">\n\t\t\t\t<div class=\"elementor-widget-container\">\n\t\t\t\t\t\t\t\t\t<p style=\"outline: 0px; margin-right: 0px; margin-bottom: 0px; margin-left: 0px; padding: 5px; border: 0px; font-size: 14px; vertical-align: baseline; background: 0px 0px; color: #000000; font-family: roboto, Verdana;\"><strong style=\"outline: 0px; margin: 0px; padding: 0px; border: 0px; vertical-align: baseline; background: 0px 0px;\">\u00dcr\u00fcn Tan\u0131m\u0131<\/strong><br style=\"outline: none;\" \/>Kuvars agrega ve di\u011fer katk\u0131 maddelerinden olu\u015fan, a\u015f\u0131nmaya ve tozumaya dayan\u0131kl\u0131, taze beton \u00fczerine monolitik olarak kullan\u0131lan, kullan\u0131ma haz\u0131r, bask\u0131 beton y\u00fczey sertle\u015ftiricisidir.<br style=\"outline: none;\" \/><br style=\"outline: none;\" \/><strong style=\"outline: 0px; margin: 0px; padding: 0px; border: 0px; vertical-align: baseline; background: 0px 0px;\">Kullan\u0131m Alanlar\u0131<\/strong><\/p><p style=\"outline: 0px; margin-right: 0px; margin-bottom: 0px; margin-left: 0px; padding: 5px; border: 0px; font-size: 14px; vertical-align: baseline; background: 0px 0px; color: #000000; font-family: roboto, Verdana;\">\u2022 \u0130\u00e7 ve d\u0131\u015f mekanlarda,<br style=\"outline: none;\" \/>\u2022 Otopark, garaj ve rampalar\u0131nda,<br style=\"outline: none;\" \/>\u2022 Dekoratif g\u00f6r\u00fcn\u00fcm istenen yerlerde,<br style=\"outline: none;\" \/>\u2022 Hangarlar ve mekanik at\u00f6lyelerde,<br style=\"outline: none;\" \/>\u2022 Yeralt\u0131 ge\u00e7itleri, metro istasyonlar\u0131nda,<br style=\"outline: none;\" \/>\u2022 Kald\u0131r\u0131mlarda, fuar alanlar\u0131nda ve yaya trafi\u011finin yo\u011fun oldu\u011fu al\u0131\u015fveri\u015f merkezlerinde,<br style=\"outline: none;\" \/>\u2022 A\u015f\u0131nma direnci istenen mahallerde uygulan\u0131r.<br style=\"outline: none;\" \/><br style=\"outline: none;\" \/><strong style=\"outline: 0px; margin: 0px; padding: 0px; border: 0px; vertical-align: baseline; background: 0px 0px;\">\u00d6zellikleri ve Avantajlar\u0131<\/strong><br style=\"outline: none;\" \/>\u2022 Taze beton \u00fczerine elle veya makine ile serpilerek kullan\u0131l\u0131r.<br style=\"outline: none;\" \/>\u2022 Tozumaya kar\u015f\u0131 diren\u00e7 sa\u011flar.<br style=\"outline: none;\" \/>\u2022 A\u015f\u0131nmaya kar\u015f\u0131 daha dayan\u0131kl\u0131d\u0131r.<br style=\"outline: none;\" \/>\u2022 Darbelere kar\u015f\u0131 daha dayan\u0131kl\u0131d\u0131r.<br style=\"outline: none;\" \/>\u2022 Betonun ge\u00e7irimsizli\u011fini artt\u0131r\u0131r.<br style=\"outline: none;\" \/>\u2022 Estetik, renkli ve dekoratif bir y\u00fczey olu\u015fturur.<br style=\"outline: none;\" \/>\u2022 Beton y\u00fczeyinde d\u00fc\u015f\u00fck su\/\u00e7imento oran\u0131 sayesinde y\u00fcksek mukavemetler olu\u015fur.<br style=\"outline: none;\" \/>\u2022 Uygulanan sertle\u015ftirici beton yap\u0131n\u0131n bir par\u00e7as\u0131 olur.<br style=\"outline: none;\" \/>\u2022 Betonda donma-\u00e7\u00f6z\u00fclme sonucunda ortaya \u00e7\u0131kan pullanmaya diren\u00e7 g\u00f6sterir.<br style=\"outline: none;\" \/><br style=\"outline: none;\" \/><strong style=\"outline: 0px; margin: 0px; padding: 0px; border: 0px; vertical-align: baseline; background: 0px 0px;\">Uygulama Talimatlar\u0131<\/strong><br style=\"outline: none;\" \/>TEKNOSER BASKI uygulamadan \u00f6nce zeminin haz\u0131r hale gelmesi \u00e7ok \u00f6nemlidir. Aksi takdirde betonda \u00e7atlamalar olu\u015facakt\u0131r. Uygulanacak olan zemin toprak ise; \u00e7ok iyi s\u0131k\u0131\u015ft\u0131rma yap\u0131lmal\u0131d\u0131r. Bunun i\u00e7in zemin silindirler ile s\u0131k\u0131\u015ft\u0131r\u0131ld\u0131ktan sonra arar\u00f6zler ile \u0131slat\u0131p \u00fczerinden tekrar silindir ile ge\u00e7ilmelidir. Y\u00fczey sertle\u015ftirici yap\u0131labilir olmas\u0131n\u0131 kontrol etmek amac\u0131yla tabaka testi gibi zemin deneyleri yap\u0131lmal\u0131d\u0131r. Zemin iyi s\u0131k\u0131\u015fana kadar bu i\u015flemler tekrarlanmal\u0131d\u0131r. Beton \u00f6z suyunu kaybetmesin ve \u00e7atlamalar olu\u015fmas\u0131n diye toprak y\u00fczeye sera naylonu serilir. Mevcut beton \u00fczerine \u015fap betonu d\u00f6k\u00fclerek TEKNOSER BASKI zemin sertle\u015ftirici uygulanacaksa, beton y\u00fczeyi temizlendikten sonra, proje ihtiya\u00e7lar\u0131na g\u00f6re y\u00fczer veya monolitik \u015fap uygulamas\u0131 se\u00e7ilmelidir. Uygulamaya ba\u015flamadan \u00f6nce projeye g\u00f6re planlama yap\u0131larak, anolar kare \u015feklinde te\u015fkil edilmeli, \u00e7atlak kontrol derzleri belirlenmeli ve \u015fap d\u00f6k\u00fcm\u00fc bu esaslara g\u00f6re yap\u0131lmal\u0131d\u0131r. E\u011fer anolar te\u015fkil edilirken kutu profiller kullan\u0131lacaksa, sabitlemede kullan\u0131lan har\u00e7, \u015fap d\u00f6k\u00fcl\u00fcrken s\u00f6k\u00fclmelidir. \u015eap betonunun kenarlar\u0131n\u0131n d\u00fczg\u00fcn \u00e7\u0131kmas\u0131 i\u00e7in ano kal\u0131plar\u0131 her uygulamadan \u00f6nce temizlenmeli ve TEKNO\u0130L kal\u0131p ay\u0131r\u0131c\u0131 kullan\u0131lmal\u0131d\u0131r. \u015eap betonu d\u00f6k\u00fcl\u00fcrken kullan\u0131lan ano kal\u0131plar\u0131, dizayn edilen \u015fap y\u00fcksekli\u011finde olmal\u0131d\u0131r. Kullan\u0131lacak kal\u0131plar\u0131n, lamba z\u0131vanal\u0131 bir yap\u0131ya sahip olmas\u0131, y\u00fck alt\u0131ndaki betonun so\u011fuk derz kesitlerinden \u00e7\u00f6kerek ayr\u0131lmas\u0131n\u0131 engelleyecektir.<br style=\"outline: none;\" \/><br style=\"outline: none;\" \/>Bask\u0131 beton uygulamas\u0131 yap\u0131lacak zemin etraf\u0131ndaki duvar, perde beton gibi yerlere min. 2 cm kal\u0131nl\u0131\u011f\u0131nda, \u0131s\u0131 yal\u0131t\u0131m levhas\u0131 konur. Ortadaki kolon, asans\u00f6r perdeleri, perdeler etraf\u0131na da min. 2 cm \u0131s\u0131 yal\u0131t\u0131m levhalar\u0131 uygulan\u0131r. Bu sayede \u015fap betonunun \u00e7al\u0131\u015fmas\u0131na izin verecek bir bo\u015fluk olu\u015fturulmu\u015f olur. Buda \u015fap\u0131n \u00e7atlamadan serbest\u00e7e genle\u015fip b\u00fcz\u00fclmesine imkan verilir. Uygulaman\u0131n tamamlanmas\u0131ndan sonra b\u0131rak\u0131lan bo\u015fluklar TEKNOPOL\u0130DERZ 1K veya 2K ile doldurulmal\u0131d\u0131r.<br style=\"outline: none;\" \/><br style=\"outline: none;\" \/>TEKNOSER BASKI uygulan\u0131rken ayr\u0131\u015fmayacak \u015fekilde serpilmelidir. Serpme i\u015flemine, ortam ve hava ko\u015fullar\u0131na g\u00f6re, beton \u00fczerine \u00e7\u0131k\u0131ld\u0131\u011f\u0131nda, 0,5 &#8211; 1,5 cm derinli\u011finde ayak izi kalacak kadar sertle\u015ftikten sonra ge\u00e7ilmelidir. Malzeme, ano \u00fczerine \u00f6bek olarak d\u00f6k\u00fclmemeli, m\u00fcmk\u00fcn oldu\u011funca homojen olarak serpilmeli ve \u00e7ekpas ile d\u00fczeltilmelidir. E\u011fer malzeme \u00f6bek \u00f6bek ano y\u00fczeyine d\u00f6k\u00fcl\u00fcp \u00e7ekpas ile yay\u0131l\u0131rsa ilk d\u00f6k\u00fclen malzemenin daha kal\u0131n kald\u0131\u011f\u0131 yerde, fazla malzeme kaz\u0131narak y\u00fczeyden temizlenmelidir. \u0130lk a\u015famada, toplam sarfiyat\u0131n 2\/3 &#8216;I\u00fck k\u0131sm\u0131 beton y\u00fczeyine serpilip, \u00e7ekpas veya makine yard\u0131m\u0131yla yay\u0131lmal\u0131d\u0131r.<br style=\"outline: none;\" \/><br style=\"outline: none;\" \/>Beton yeteri kadar sertle\u015ftikten sonra, analar\u0131n birle\u015fim yerleri en az 4 mm geni\u015flikte kesilerek, derzler olu\u015fturulmal\u0131d\u0131r. Olu\u015fturulan derzler, derzlerden kaynaklanan k\u0131r\u0131lma ve tozuma gibi olumsuzluklar\u0131n engellenmesi i\u00e7in TEKNOPOL\u0130DERZ 1K veya 2K ile doldurulmal\u0131d\u0131r.<br style=\"outline: none;\" \/><br style=\"outline: none;\" \/>Sar\u0131, mavi, beyaz gibi a\u00e7\u0131k renklerde TEKNOSER BASKI uygulamas\u0131 kesinlikle \u00f6nerilmemektedir. Yine yap\u0131lacaksa en az 6-7 kg\/m2 ve 1\/3 oran\u0131nda 3 kerede uygulanmal\u0131d\u0131r. Perdahtan hemen sonra kal\u0131p ay\u0131r\u0131c\u0131 TEKNOAYRA\u00c7 y\u00fczeye serpilir ve kal\u0131plar ile bask\u0131 i\u015flemine ge\u00e7ilir. 1-2 g\u00fcn sonra y\u00fczey bas\u0131n\u00e7l\u0131 su ile istenilen etki ve g\u00f6r\u00fcnt\u00fc elde edilene kadar y\u0131kan\u0131r. Derzler 1-3 g\u00fcn i\u00e7erisinde kesilir.<br style=\"outline: none;\" \/><br style=\"outline: none;\" \/>Kal\u0131p ay\u0131r\u0131c\u0131lar\u0131ndan temizlenmi\u015f ve kurutulmu\u015f TEKNOSER BASKI y\u00fczeyine TEKNOC\u0130LA 300 uygulanabilir. lslak g\u00f6r\u00fcn\u00fcm istenmeyen durumlarda cila i\u015flemi TEKNOC\u0130LA 400 ile yap\u0131lmal\u0131d\u0131r.<br style=\"outline: none;\" \/><br style=\"outline: none;\" \/><strong style=\"outline: 0px; margin: 0px; padding: 0px; border: 0px; vertical-align: baseline; background: 0px 0px;\">Uygulama Notlar\u0131 \/ S\u0131n\u0131rlamalar<\/strong><br style=\"outline: none;\" \/>\u2022 Bask\u0131 beton uygulamas\u0131, uygulanacak betonun kalitesi ve tipine, hava ve ortam ko\u015fullar\u0131na g\u00f6re de\u011fi\u015fen zamanlamalar ile yap\u0131l\u0131r. S\u0131cak havalarda uygulama h\u0131z\u0131 artar, so\u011fuk havalarda uygulama h\u0131z\u0131 d\u00fc\u015fer. Uygulama yap\u0131l\u0131rken betonun priz a\u015famalar\u0131na dikkat edilmelidir.<br style=\"outline: none;\" \/>\u2022 \u00dcr\u00fcn ciltte tahri\u015f yapabilir. Koruyucu eldiven veya g\u00f6zl\u00fck kullan\u0131lmal\u0131d\u0131r. \u0130\u015fe ba\u015flamadan \u00f6nce ele koruyucu krem de s\u00fcr\u00fclebilir. Harc\u0131n g\u00f6zle temas\u0131 halinde g\u00f6zler derhal \u0131l\u0131k su ile y\u0131kanmal\u0131 ve doktora ba\u015fvurulmal\u0131d\u0131r.<br style=\"outline: none;\" \/>\u2022 R\u00fczgarl\u0131, a\u015f\u0131r\u0131 so\u011fuk ve s\u0131cak havalarda uygulama yapmaktan ka\u00e7\u0131n\u0131lmal\u0131d\u0131r.<br style=\"outline: none;\" \/>\u2022 Ba\u011f\u0131l nemin %40 &#8216;\u0131n alt\u0131na d\u00fc\u015ft\u00fc\u011f\u00fc durumlarda, kullan\u0131lan beton i\u00e7erisinde kullan\u0131lan \u00e7imentonun t\u00fcr\u00fcne ba\u011fl\u0131 olarak \u00e7i\u00e7eklenme (eflorecence) olu\u015fabilir.<br style=\"outline: none;\" \/>\u2022 Derz kesme i\u015flemi m\u00fcmk\u00fcn olan en k\u0131sa s\u00fcrede, uygulamadan sonraki g\u00fcn yap\u0131lmal\u0131d\u0131r. 3 g\u00fcnden sonra kesilirse beton mukavemetine eri\u015fece\u011fi i\u00e7in kesim i\u015flemi yapmak zorla\u015facak ve beton \u00e7atlaklar\u0131 da y\u00fczeyde g\u00f6r\u00fclecektir.<br style=\"outline: none;\" \/>\u2022 Bask\u0131 beton uygulamas\u0131 \u00e7ok r\u00fczgarl\u0131 veya kuru ko\u015fullarda yap\u0131lmamal\u0131d\u0131r.<br style=\"outline: none;\" \/>\u2022 \u00c7imentosunun bir k\u0131sm\u0131 u\u00e7ucu k\u00fcl ile yer de\u011fi\u015ftirilen betonlar daha yap\u0131\u015fkan ve i\u015flenebilirli\u011fi d\u00fc\u015f\u00fck olduklar\u0131ndan kullan\u0131lmamal\u0131d\u0131r.<br style=\"outline: none;\" \/>\u2022 Su ve \u00e7imento i\u00e7eri\u011fi gibi beton \u00f6zelliklerindeki de\u011fi\u015fiklikler hafif renk farkl\u0131l\u0131klar\u0131na neden olabilir.<br style=\"outline: none;\" \/>\u2022 Bask\u0131 beton uygulanan betonun do\u011fal \u00e7e\u015fitliliklerine ba\u011fl\u0131 olarak renk fark\u0131 olu\u015fturabilir.<br style=\"outline: none;\" \/>\u2022 Renk tutarl\u0131l\u0131\u011f\u0131n\u0131 ve devam\u0131n\u0131 sa\u011flamak i\u00e7in zemin yerle\u015ftirme i\u015flemi m\u00fcmk\u00fcn oldu\u011funca temiz ve \u00e7evreden korunarak yap\u0131lmal\u0131d\u0131r.<br style=\"outline: none;\" \/>\u2022 Kuruma i\u015flemi s\u00fcresince renk farkl\u0131l\u0131klar\u0131 olu\u015fmas\u0131 normaldir ve beklenen bir durumdur. Her i\u015flem d\u00fczg\u00fcn bir TEKNOSER BASKI uygulamas\u0131 sa\u011flamal\u0131d\u0131r.<br style=\"outline: none;\" \/>\u2022 Antik g\u00f6r\u00fcn\u00fcm i\u00e7in uygun koyu renkli TEKNOAYRA\u00c7 tercih edilmelidir.<\/p><div style=\"color: #444444; font-family: 'Open Sans', sans-serif; font-size: 14px;\"><div>\u00a0<\/div><\/div><div><div><span style=\"color: #444444; font-family: 'Open Sans', sans-serif;\"><span style=\"font-size: 14px;\"><span style=\"font-weight: bold;\">Teknik D\u00f6k\u00fcmanlar:<\/span><\/span><\/span><\/div><p><a href=\"https:\/\/tur.sika.com\/content\/dam\/dms\/tr01\/g\/sikaseal_crystalsg.pdf\"><span style=\"font-weight: bolder;\">\u00a0 \u00a0 \u00a0<img decoding=\"async\" src=\"http:\/\/etkiinsaat.com.tr\/wp-content\/uploads\/2023\/09\/pdf-300x300.png\" alt=\"\" width=\"31\" height=\"31\" \/><\/span><\/a><a title=\"TDS Teknik Dok\u00fcman Sayfas\u0131\" href=\"https:\/\/teknoyapi.com.tr\/documents\/TDS-teknoserbaski.pdf\" target=\"_blank\" rel=\"noopener\"><span style=\"color: red; font-size: small;\"><b>TDS Teknik Dok\u00fcman Sayfas\u0131<\/b><\/span>\u00a0<\/a>\u00a0\u00a0<\/p><p><a href=\"https:\/\/tur.sika.com\/content\/dam\/dms\/tr01\/g\/sikaseal_crystalsg.pdf\"><span style=\"font-weight: bolder;\">\u00a0 \u00a0 \u00a0<img decoding=\"async\" src=\"http:\/\/etkiinsaat.com.tr\/wp-content\/uploads\/2023\/09\/pdf-300x300.png\" alt=\"\" width=\"31\" height=\"31\" \/><a title=\"CE Belgesi\" href=\"https:\/\/teknoyapi.com.tr\/documents\/CE-1504-2.pdf\" target=\"_blank\" rel=\"noopener\"><span style=\"color: red; font-size: small;\"><b>CE Belgesi<\/b><\/span>\u00a0<\/a>\u00a0\u00a0<\/span><\/a><\/p><p>\u00a0<\/p><\/div>\t\t\t\t\t\t\t\t<\/div>\n\t\t\t\t<\/div>\n\t\t\t\t\t<\/div>\n\t\t<\/div>\n\t\t\t\t\t<\/div>\n\t\t<\/section>\n\t\t\t\t<\/div>\n\t\t","protected":false},"excerpt":{"rendered":"<p>Teknoserbask\u0131 Y\u00fczey Sertle\u015ftirici \u00dcr\u00fcn Tan\u0131m\u0131Kuvars agrega ve di\u011fer katk\u0131 maddelerinden olu\u015fan, a\u015f\u0131nmaya ve tozumaya dayan\u0131kl\u0131, taze beton \u00fczerine monolitik olarak kullan\u0131lan, kullan\u0131ma haz\u0131r, bask\u0131 beton y\u00fczey sertle\u015ftiricisidir.Kullan\u0131m Alanlar\u0131 \u2022 \u0130\u00e7 ve d\u0131\u015f mekanlarda,\u2022 Otopark, garaj ve rampalar\u0131nda,\u2022 Dekoratif g\u00f6r\u00fcn\u00fcm istenen yerlerde,\u2022 Hangarlar ve mekanik at\u00f6lyelerde,\u2022 Yeralt\u0131 ge\u00e7itleri, metro istasyonlar\u0131nda,\u2022 Kald\u0131r\u0131mlarda, fuar alanlar\u0131nda ve yaya trafi\u011finin yo\u011fun oldu\u011fu al\u0131\u015fveri\u015f merkezlerinde,\u2022 A\u015f\u0131nma direnci istenen mahallerde uygulan\u0131r.\u00d6zellikleri ve Avantajlar\u0131\u2022 Taze beton \u00fczerine elle veya makine ile serpilerek kullan\u0131l\u0131r.\u2022 Tozumaya kar\u015f\u0131 diren\u00e7 sa\u011flar.\u2022 A\u015f\u0131nmaya kar\u015f\u0131 daha dayan\u0131kl\u0131d\u0131r.\u2022 Darbelere kar\u015f\u0131 daha dayan\u0131kl\u0131d\u0131r.\u2022 Betonun ge\u00e7irimsizli\u011fini artt\u0131r\u0131r.\u2022 Estetik, renkli ve dekoratif bir y\u00fczey olu\u015fturur.\u2022 Beton y\u00fczeyinde d\u00fc\u015f\u00fck su\/\u00e7imento oran\u0131 sayesinde y\u00fcksek mukavemetler olu\u015fur.\u2022 Uygulanan sertle\u015ftirici beton yap\u0131n\u0131n bir par\u00e7as\u0131 olur.\u2022 Betonda donma-\u00e7\u00f6z\u00fclme sonucunda ortaya \u00e7\u0131kan pullanmaya diren\u00e7 g\u00f6sterir.Uygulama Talimatlar\u0131TEKNOSER BASKI uygulamadan \u00f6nce zeminin haz\u0131r hale gelmesi \u00e7ok \u00f6nemlidir. Aksi takdirde betonda \u00e7atlamalar olu\u015facakt\u0131r. Uygulanacak olan zemin toprak ise; \u00e7ok iyi s\u0131k\u0131\u015ft\u0131rma yap\u0131lmal\u0131d\u0131r. Bunun i\u00e7in zemin silindirler ile [&hellip;]<\/p>\n","protected":false},"author":3,"featured_media":0,"parent":0,"menu_order":0,"comment_status":"closed","ping_status":"closed","template":"page-full.php","meta":{"_joinchat":[],"footnotes":""},"class_list":["post-15869","page","type-page","status-publish","hentry"],"_links":{"self":[{"href":"https:\/\/etkiinsaat.com.tr\/index.php?rest_route=\/wp\/v2\/pages\/15869","targetHints":{"allow":["GET"]}}],"collection":[{"href":"https:\/\/etkiinsaat.com.tr\/index.php?rest_route=\/wp\/v2\/pages"}],"about":[{"href":"https:\/\/etkiinsaat.com.tr\/index.php?rest_route=\/wp\/v2\/types\/page"}],"author":[{"embeddable":true,"href":"https:\/\/etkiinsaat.com.tr\/index.php?rest_route=\/wp\/v2\/users\/3"}],"replies":[{"embeddable":true,"href":"https:\/\/etkiinsaat.com.tr\/index.php?rest_route=%2Fwp%2Fv2%2Fcomments&post=15869"}],"version-history":[{"count":4,"href":"https:\/\/etkiinsaat.com.tr\/index.php?rest_route=\/wp\/v2\/pages\/15869\/revisions"}],"predecessor-version":[{"id":15881,"href":"https:\/\/etkiinsaat.com.tr\/index.php?rest_route=\/wp\/v2\/pages\/15869\/revisions\/15881"}],"wp:attachment":[{"href":"https:\/\/etkiinsaat.com.tr\/index.php?rest_route=%2Fwp%2Fv2%2Fmedia&parent=15869"}],"curies":[{"name":"wp","href":"https:\/\/api.w.org\/{rel}","templated":true}]}}