{"id":15942,"date":"2023-10-03T23:20:11","date_gmt":"2023-10-03T20:20:11","guid":{"rendered":"https:\/\/etkiinsaat.com.tr\/?page_id=15942"},"modified":"2023-10-03T23:21:00","modified_gmt":"2023-10-03T20:21:00","slug":"teknocila-250-beton-kur-ve-cila-malzemesi","status":"publish","type":"page","link":"https:\/\/etkiinsaat.com.tr\/?page_id=15942","title":{"rendered":"Teknocila 250 Beton K\u00fcr ve Cila Malzemesi"},"content":{"rendered":"\t\t<div data-elementor-type=\"wp-page\" data-elementor-id=\"15942\" class=\"elementor elementor-15942\">\n\t\t\t\t\t\t<section class=\"elementor-section elementor-top-section elementor-element elementor-element-21a6aba elementor-section-boxed elementor-section-height-default elementor-section-height-default\" data-id=\"21a6aba\" data-element_type=\"section\" data-e-type=\"section\">\n\t\t\t\t\t\t<div class=\"elementor-container elementor-column-gap-default\">\n\t\t\t\t\t<div class=\"elementor-column elementor-col-33 elementor-top-column elementor-element elementor-element-48e044c\" data-id=\"48e044c\" data-element_type=\"column\" data-e-type=\"column\">\n\t\t\t<div class=\"elementor-widget-wrap elementor-element-populated\">\n\t\t\t\t\t\t<div class=\"elementor-element elementor-element-b90025a elementor-widget elementor-widget-heading\" data-id=\"b90025a\" data-element_type=\"widget\" data-e-type=\"widget\" data-widget_type=\"heading.default\">\n\t\t\t\t<div class=\"elementor-widget-container\">\n\t\t\t\t\t<h2 class=\"elementor-heading-title elementor-size-default\">Teknocila 250 Beton K\u00fcr ve Cila Malzemesi<\/h2>\t\t\t\t<\/div>\n\t\t\t\t<\/div>\n\t\t\t\t<div class=\"elementor-element elementor-element-0337e3e elementor-widget elementor-widget-image\" data-id=\"0337e3e\" data-element_type=\"widget\" data-e-type=\"widget\" data-widget_type=\"image.default\">\n\t\t\t\t<div class=\"elementor-widget-container\">\n\t\t\t\t\t\t\t\t\t\t\t\t\t\t\t<img fetchpriority=\"high\" decoding=\"async\" width=\"250\" height=\"250\" src=\"https:\/\/etkiinsaat.com.tr\/wp-content\/uploads\/2023\/10\/240-1.jpg\" class=\"attachment-full size-full wp-image-15943\" alt=\"\" srcset=\"https:\/\/etkiinsaat.com.tr\/wp-content\/uploads\/2023\/10\/240-1.jpg 250w, https:\/\/etkiinsaat.com.tr\/wp-content\/uploads\/2023\/10\/240-1-150x150.jpg 150w, https:\/\/etkiinsaat.com.tr\/wp-content\/uploads\/2023\/10\/240-1-201x201.jpg 201w, https:\/\/etkiinsaat.com.tr\/wp-content\/uploads\/2023\/10\/240-1-100x100.jpg 100w\" sizes=\"(max-width: 250px) 100vw, 250px\" \/>\t\t\t\t\t\t\t\t\t\t\t\t\t\t\t<\/div>\n\t\t\t\t<\/div>\n\t\t\t\t\t<\/div>\n\t\t<\/div>\n\t\t\t\t<div class=\"elementor-column elementor-col-66 elementor-top-column elementor-element elementor-element-f976348\" data-id=\"f976348\" data-element_type=\"column\" data-e-type=\"column\">\n\t\t\t<div class=\"elementor-widget-wrap elementor-element-populated\">\n\t\t\t\t\t\t<div class=\"elementor-element elementor-element-fef0e60 elementor-widget elementor-widget-image\" data-id=\"fef0e60\" data-element_type=\"widget\" data-e-type=\"widget\" data-widget_type=\"image.default\">\n\t\t\t\t<div class=\"elementor-widget-container\">\n\t\t\t\t\t\t\t\t\t\t\t\t\t\t\t<img decoding=\"async\" width=\"640\" height=\"250\" src=\"https:\/\/etkiinsaat.com.tr\/wp-content\/uploads\/2023\/10\/165-2-1.jpg\" class=\"attachment-full size-full wp-image-15790\" alt=\"\" srcset=\"https:\/\/etkiinsaat.com.tr\/wp-content\/uploads\/2023\/10\/165-2-1.jpg 640w, https:\/\/etkiinsaat.com.tr\/wp-content\/uploads\/2023\/10\/165-2-1-300x117.jpg 300w, https:\/\/etkiinsaat.com.tr\/wp-content\/uploads\/2023\/10\/165-2-1-303x118.jpg 303w, https:\/\/etkiinsaat.com.tr\/wp-content\/uploads\/2023\/10\/165-2-1-606x237.jpg 606w, https:\/\/etkiinsaat.com.tr\/wp-content\/uploads\/2023\/10\/165-2-1-530x207.jpg 530w, https:\/\/etkiinsaat.com.tr\/wp-content\/uploads\/2023\/10\/165-2-1-450x176.jpg 450w, https:\/\/etkiinsaat.com.tr\/wp-content\/uploads\/2023\/10\/165-2-1-500x195.jpg 500w, https:\/\/etkiinsaat.com.tr\/wp-content\/uploads\/2023\/10\/165-2-1-150x59.jpg 150w\" sizes=\"(max-width: 640px) 100vw, 640px\" \/>\t\t\t\t\t\t\t\t\t\t\t\t\t\t\t<\/div>\n\t\t\t\t<\/div>\n\t\t\t\t<div class=\"elementor-element elementor-element-6e1172d elementor-widget elementor-widget-text-editor\" data-id=\"6e1172d\" data-element_type=\"widget\" data-e-type=\"widget\" data-widget_type=\"text-editor.default\">\n\t\t\t\t<div class=\"elementor-widget-container\">\n\t\t\t\t\t\t\t\t\t<p style=\"margin-right: 0px; margin-bottom: 10px; margin-left: 0px; line-height: 24px; color: #444444; font-family: 'Open Sans', sans-serif; font-size: 14px;\"><strong style=\"outline: 0px; margin: 0px; padding: 0px; border: 0px; vertical-align: baseline; background: 0px 0px; color: #000000; font-family: roboto, Verdana;\">\u00dcr\u00fcn Tan\u0131m\u0131<\/strong><br style=\"outline: none; color: #000000; font-family: roboto, Verdana;\" \/><span style=\"color: #000000; font-family: roboto, Verdana;\">Akrilik esasl\u0131, y\u00fcksek performansl\u0131, tozumay\u0131 \u00f6nleyen, \u00e7ok ama\u00e7l\u0131 beton k\u00fcr, yal\u0131t\u0131m ve koruma malzemesi.<\/span><br style=\"outline: none; color: #000000; font-family: roboto, Verdana;\" \/><br style=\"outline: none; color: #000000; font-family: roboto, Verdana;\" \/><strong style=\"outline: 0px; margin: 0px; padding: 0px; border: 0px; vertical-align: baseline; background: 0px 0px; color: #000000; font-family: roboto, Verdana;\">Kullan\u0131m Alanlar\u0131<\/strong><br style=\"outline: none; color: #000000; font-family: roboto, Verdana;\" \/><span style=\"color: #000000; font-family: roboto, Verdana;\">\u2022 Bina ve altyap\u0131lardaki beton ve di\u011fer \u00e7imentolu y\u00fczeylerin korunmas\u0131nda,<\/span><br style=\"outline: none; color: #000000; font-family: roboto, Verdana;\" \/><span style=\"color: #000000; font-family: roboto, Verdana;\">\u2022 Parlak g\u00f6r\u00fcn\u00fcm istenen zemin ve duvarlarda,<\/span><br style=\"outline: none; color: #000000; font-family: roboto, Verdana;\" \/><span style=\"color: #000000; font-family: roboto, Verdana;\">\u2022 Betonun servis \u00f6mr\u00fcn\u00fcn artt\u0131r\u0131lmas\u0131 amac\u0131yla,<\/span><br style=\"outline: none; color: #000000; font-family: roboto, Verdana;\" \/><span style=\"color: #000000; font-family: roboto, Verdana;\">\u2022 G\u00f6r\u00fcn\u00fcr agregal\u0131 beton y\u00fczeyler i\u00e7in kullan\u0131ma uygun olan parlak, renksiz ve y\u00fczeye canl\u0131l\u0131k vermek amac\u0131yla,<\/span><br style=\"outline: none; color: #000000; font-family: roboto, Verdana;\" \/><span style=\"color: #000000; font-family: roboto, Verdana;\">\u2022 Y\u00fczey sertle\u015ftirici uygulanm\u0131\u015f y\u00fczeyler,<\/span><br style=\"outline: none; color: #000000; font-family: roboto, Verdana;\" \/><span style=\"color: #000000; font-family: roboto, Verdana;\">\u2022 \u015eap betonlar\u0131nda,<\/span><br style=\"outline: none; color: #000000; font-family: roboto, Verdana;\" \/><span style=\"color: #000000; font-family: roboto, Verdana;\">\u2022 S\u0131cak iklimlerde beton d\u00f6k\u00fcmlerinde kullan\u0131l\u0131r.<\/span><br style=\"outline: none; color: #000000; font-family: roboto, Verdana;\" \/><br style=\"outline: none; color: #000000; font-family: roboto, Verdana;\" \/><strong style=\"outline: 0px; margin: 0px; padding: 0px; border: 0px; vertical-align: baseline; background: 0px 0px; color: #000000; font-family: roboto, Verdana;\">\u00d6zellikleri ve Avantajlar\u0131<\/strong><br style=\"outline: none; color: #000000; font-family: roboto, Verdana;\" \/><span style=\"color: #000000; font-family: roboto, Verdana;\">\u2022 Y\u00fczeyin a\u015f\u0131nma dayan\u0131m\u0131 art\u0131rd\u0131\u011f\u0131ndan, tozumay\u0131 \u00f6nler.<\/span><br style=\"outline: none; color: #000000; font-family: roboto, Verdana;\" \/><span style=\"color: #000000; font-family: roboto, Verdana;\">\u2022 Tek bile\u015fenli olmas\u0131ndan dolay\u0131 uygulamas\u0131 kolayd\u0131r.<\/span><br style=\"outline: none; color: #000000; font-family: roboto, Verdana;\" \/><span style=\"color: #000000; font-family: roboto, Verdana;\">\u2022 Betonun klora kar\u015f\u0131 dayan\u0131kl\u0131 olmas\u0131n\u0131 sa\u011flar.<\/span><br style=\"outline: none; color: #000000; font-family: roboto, Verdana;\" \/><span style=\"color: #000000; font-family: roboto, Verdana;\">\u2022 B\u00fcnyesindeki solvent \u00e7ok h\u0131zl\u0131 u\u00e7tu\u011fundan kurumas\u0131 \u00e7ok h\u0131zl\u0131d\u0131r.<\/span><br style=\"outline: none; color: #000000; font-family: roboto, Verdana;\" \/><span style=\"color: #000000; font-family: roboto, Verdana;\">\u2022 Su ge\u00e7irimsizli\u011fi artt\u0131rd\u0131\u011f\u0131ndan, s\u0131valarda donma sonucu olu\u015fabilecek \u00e7atlaklar\u0131 engeller.<\/span><br style=\"outline: none; color: #000000; font-family: roboto, Verdana;\" \/><span style=\"color: #000000; font-family: roboto, Verdana;\">\u2022 Olu\u015fturdu\u011fu parlak film tabakas\u0131 sayesinde cila olarak kullan\u0131l\u0131r.<\/span><br style=\"outline: none; color: #000000; font-family: roboto, Verdana;\" \/><span style=\"color: #000000; font-family: roboto, Verdana;\">\u2022 Betona tuz veya gazlar halinde penetre olabilen atmosferik etkilere kar\u015f\u0131 betonu korur.<\/span><br style=\"outline: none; color: #000000; font-family: roboto, Verdana;\" \/><span style=\"color: #000000; font-family: roboto, Verdana;\">\u2022 Kir tutmay\u0131 azalt\u0131r ve betonun rengi ya\u011fmur etkisiyle de\u011fi\u015fmez.<\/span><br style=\"outline: none; color: #000000; font-family: roboto, Verdana;\" \/><br style=\"outline: none; color: #000000; font-family: roboto, Verdana;\" \/><strong style=\"outline: 0px; margin: 0px; padding: 0px; border: 0px; vertical-align: baseline; background: 0px 0px; color: #000000; font-family: roboto, Verdana;\">Uygulama Talimatlar\u0131<\/strong><br style=\"outline: none; color: #000000; font-family: roboto, Verdana;\" \/><span style=\"color: #000000; font-family: roboto, Verdana;\">Y\u00fczey Kalitesi: Y\u00fczey yap\u0131\u015fmay\u0131 engelleyen her t\u00fcrl\u00fc maddeden, toz, kir ve ya\u011fdan temizlenmi\u015f, gev\u015fek ve oynak par\u00e7ac\u0131klardan ar\u0131nd\u0131r\u0131lm\u0131\u015f olmal\u0131d\u0131r.<\/span><br style=\"outline: none; color: #000000; font-family: roboto, Verdana;\" \/><br style=\"outline: none; color: #000000; font-family: roboto, Verdana;\" \/><span style=\"color: #000000; font-family: roboto, Verdana;\">Y\u00fczey Haz\u0131rl\u0131\u011f\u0131: \u00dczerinde bir kaplama olmayan a\u00e7\u0131k alandaki br\u00fct betonlar da uygulama \u00f6ncesinde y\u00fczey kuru, sa\u011flam, gev\u015fek ve oynak par\u00e7ac\u0131klardan ar\u0131nd\u0131r\u0131lm\u0131\u015f olmal\u0131d\u0131r. Uygun y\u00fczey haz\u0131rl\u0131\u011f\u0131 y\u00f6ntemleri buharla temizleme, y\u00fcksek bas\u0131n\u00e7l\u0131 su jeti veya p\u00fcr\u00fczlendirme ile temizlenmelidir. Kullan\u0131ma haz\u0131rd\u0131r.<\/span><br style=\"outline: none; color: #000000; font-family: roboto, Verdana;\" \/><span style=\"color: #000000; font-family: roboto, Verdana;\">Ya\u011fmur ya\u011fmas\u0131 beklendi\u011finde uygulama yapmay\u0131n\u0131z. \u00c7\u00f6z\u00fcc\u00fc tuz veya deniz suyu s\u0131\u00e7ramalar\u0131 parlakl\u0131k kayb\u0131na veya renk de\u011fi\u015fimine sebep olabilir.<\/span><br style=\"outline: none; color: #000000; font-family: roboto, Verdana;\" \/><br style=\"outline: none; color: #000000; font-family: roboto, Verdana;\" \/><span style=\"color: #000000; font-family: roboto, Verdana;\">K\u00fcrleme A\u015famas\u0131: \u00d6zel bir k\u00fcr i\u015flemi gerektirmez, sadece yakla\u015f\u0131k (+)20\u00b0C &#8216;de en az 1 saat s\u00fcreyle ya\u011fmurdan korunmal\u0131d\u0131r (30 dakika i\u00e7erisinde toza dayan\u0131kl\u0131 hale gelir).<\/span><br style=\"outline: none; color: #000000; font-family: roboto, Verdana;\" \/><span style=\"color: #000000; font-family: roboto, Verdana;\">Uygulamadan \u00f6nce, ambalaj\u0131 a\u00e7t\u0131ktan sonra iyice kar\u0131\u015ft\u0131r\u0131n\u0131z. F\u0131r\u00e7a veya k\u0131sa t\u00fcyl\u00fc rulo ile manuel veya otomatik p\u00fcsk\u00fcrtme makineleri ile uygulanabilir.<\/span><br style=\"outline: none; color: #000000; font-family: roboto, Verdana;\" \/><br style=\"outline: none; color: #000000; font-family: roboto, Verdana;\" \/><strong style=\"outline: 0px; margin: 0px; padding: 0px; border: 0px; vertical-align: baseline; background: 0px 0px; color: #000000; font-family: roboto, Verdana;\">Uygulama Notlar\u0131 \/ S\u0131n\u0131rlamalar<\/strong><br style=\"outline: none; color: #000000; font-family: roboto, Verdana;\" \/><span style=\"color: #000000; font-family: roboto, Verdana;\">\u2022 Uygulamadan hemen sonra, hen\u00fcz sertle\u015fmeden, ekipmanlar TEKNOT\u0130NER ile temizlenmelidir.<\/span><br style=\"outline: none; color: #000000; font-family: roboto, Verdana;\" \/><span style=\"color: #000000; font-family: roboto, Verdana;\">\u2022 Uygulamadan hemen sonra \u0131l\u0131k su ve deterjan ile kullan\u0131lan ekipmanlar ve cilde temas eden yerler temizlenmelidir.<\/span><br style=\"outline: none; color: #000000; font-family: roboto, Verdana;\" \/><span style=\"color: #000000; font-family: roboto, Verdana;\">\u2022 \u00dcr\u00fcn ciltte tahri\u015f yapabilir. Koruyucu eldiven veya g\u00f6zl\u00fck kullan\u0131lmal\u0131d\u0131r. \u0130\u015fe ba\u015flamadan \u00f6nce ele koruyucu krem de s\u00fcr\u00fclebilir. Harc\u0131n g\u00f6zle temas\u0131 halinde g\u00f6zler derhal \u0131l\u0131k su ile y\u0131kanmal\u0131 ve doktora ba\u015fvurulmal\u0131d\u0131r.<\/span><br style=\"outline: none; color: #000000; font-family: roboto, Verdana;\" \/><span style=\"color: #000000; font-family: roboto, Verdana;\">\u2022 Malzeme solvent i\u00e7erdi\u011finden cilt ve g\u00f6z ile temas\u0131 \u00f6nlenmeli, temas halinde bol su ile y\u0131kanmal\u0131 ve doktora ba\u015fvurulmal\u0131d\u0131r. Kullan\u0131m s\u0131ras\u0131nda eldiven ve koruyucu maske\/g\u00f6zl\u00fck kullan\u0131lmal\u0131, malzeme teneff\u00fcs edilmemelidir.<\/span><br style=\"outline: none; color: #000000; font-family: roboto, Verdana;\" \/><span style=\"color: #000000; font-family: roboto, Verdana;\">\u2022 Solvent i\u00e7eren yan\u0131c\u0131 bir malzeme oldu\u011fundan uygulama s\u0131ras\u0131nda kesinlikle sigara i\u00e7ilmemeli ve kaynak, kesme makineleri gibi herhangi bir ate\u015f kayna\u011f\u0131ndan uzak durulmal\u0131d\u0131r.<\/span><br style=\"outline: none; color: #000000; font-family: roboto, Verdana;\" \/><span style=\"color: #000000; font-family: roboto, Verdana;\">\u2022 Kapal\u0131 alanda yap\u0131lan uygulamalarda, takriben her 30 dakikada bir uygulamac\u0131n\u0131n a\u00e7\u0131k alanda belirli bir s\u00fcre dinlendirilmesi gerekir.<\/span><\/p><div style=\"color: #444444; font-family: 'Open Sans', sans-serif; font-size: 14px;\"><div>\u00a0<\/div><\/div><div><div><span style=\"color: #444444; font-family: 'Open Sans', sans-serif;\"><span style=\"font-size: 14px;\"><span style=\"font-weight: bold;\">Teknik D\u00f6k\u00fcmanlar:<\/span><\/span><\/span><\/div><p><a href=\"https:\/\/tur.sika.com\/content\/dam\/dms\/tr01\/g\/sikaseal_crystalsg.pdf\"><span style=\"font-weight: bolder;\">\u00a0 \u00a0 \u00a0<img decoding=\"async\" src=\"http:\/\/etkiinsaat.com.tr\/wp-content\/uploads\/2023\/09\/pdf-300x300.png\" alt=\"\" width=\"31\" height=\"31\" \/><\/span><\/a><a title=\"TDS Teknik Dok\u00fcman Sayfas\u0131\" href=\"https:\/\/teknoyapi.com.tr\/documents\/TDS-teknocila-250.pdf\" target=\"_blank\" rel=\"noopener\"><span style=\"color: red; font-size: small;\"><b>TDS Teknik Dok\u00fcman Sayfas\u0131<\/b><\/span>\u00a0<\/a>\u00a0\u00a0<\/p><p>\u00a0<\/p><\/div>\t\t\t\t\t\t\t\t<\/div>\n\t\t\t\t<\/div>\n\t\t\t\t\t<\/div>\n\t\t<\/div>\n\t\t\t\t\t<\/div>\n\t\t<\/section>\n\t\t\t\t<\/div>\n\t\t","protected":false},"excerpt":{"rendered":"<p>Teknocila 250 Beton K\u00fcr ve Cila Malzemesi \u00dcr\u00fcn Tan\u0131m\u0131Akrilik esasl\u0131, y\u00fcksek performansl\u0131, tozumay\u0131 \u00f6nleyen, \u00e7ok ama\u00e7l\u0131 beton k\u00fcr, yal\u0131t\u0131m ve koruma malzemesi.Kullan\u0131m Alanlar\u0131\u2022 Bina ve altyap\u0131lardaki beton ve di\u011fer \u00e7imentolu y\u00fczeylerin korunmas\u0131nda,\u2022 Parlak g\u00f6r\u00fcn\u00fcm istenen zemin ve duvarlarda,\u2022 Betonun servis \u00f6mr\u00fcn\u00fcn artt\u0131r\u0131lmas\u0131 amac\u0131yla,\u2022 G\u00f6r\u00fcn\u00fcr agregal\u0131 beton y\u00fczeyler i\u00e7in kullan\u0131ma uygun olan parlak, renksiz ve y\u00fczeye canl\u0131l\u0131k vermek amac\u0131yla,\u2022 Y\u00fczey sertle\u015ftirici uygulanm\u0131\u015f y\u00fczeyler,\u2022 \u015eap betonlar\u0131nda,\u2022 S\u0131cak iklimlerde beton d\u00f6k\u00fcmlerinde kullan\u0131l\u0131r.\u00d6zellikleri ve Avantajlar\u0131\u2022 Y\u00fczeyin a\u015f\u0131nma dayan\u0131m\u0131 art\u0131rd\u0131\u011f\u0131ndan, tozumay\u0131 \u00f6nler.\u2022 Tek bile\u015fenli olmas\u0131ndan dolay\u0131 uygulamas\u0131 kolayd\u0131r.\u2022 Betonun klora kar\u015f\u0131 dayan\u0131kl\u0131 olmas\u0131n\u0131 sa\u011flar.\u2022 B\u00fcnyesindeki solvent \u00e7ok h\u0131zl\u0131 u\u00e7tu\u011fundan kurumas\u0131 \u00e7ok h\u0131zl\u0131d\u0131r.\u2022 Su ge\u00e7irimsizli\u011fi artt\u0131rd\u0131\u011f\u0131ndan, s\u0131valarda donma sonucu olu\u015fabilecek \u00e7atlaklar\u0131 engeller.\u2022 Olu\u015fturdu\u011fu parlak film tabakas\u0131 sayesinde cila olarak kullan\u0131l\u0131r.\u2022 Betona tuz veya gazlar halinde penetre olabilen atmosferik etkilere kar\u015f\u0131 betonu korur.\u2022 Kir tutmay\u0131 azalt\u0131r ve betonun rengi ya\u011fmur etkisiyle de\u011fi\u015fmez.Uygulama Talimatlar\u0131Y\u00fczey Kalitesi: Y\u00fczey yap\u0131\u015fmay\u0131 engelleyen her t\u00fcrl\u00fc maddeden, toz, kir ve ya\u011fdan temizlenmi\u015f, gev\u015fek ve [&hellip;]<\/p>\n","protected":false},"author":3,"featured_media":0,"parent":0,"menu_order":0,"comment_status":"closed","ping_status":"closed","template":"page-full.php","meta":{"_joinchat":[],"footnotes":""},"class_list":["post-15942","page","type-page","status-publish","hentry"],"_links":{"self":[{"href":"https:\/\/etkiinsaat.com.tr\/index.php?rest_route=\/wp\/v2\/pages\/15942","targetHints":{"allow":["GET"]}}],"collection":[{"href":"https:\/\/etkiinsaat.com.tr\/index.php?rest_route=\/wp\/v2\/pages"}],"about":[{"href":"https:\/\/etkiinsaat.com.tr\/index.php?rest_route=\/wp\/v2\/types\/page"}],"author":[{"embeddable":true,"href":"https:\/\/etkiinsaat.com.tr\/index.php?rest_route=\/wp\/v2\/users\/3"}],"replies":[{"embeddable":true,"href":"https:\/\/etkiinsaat.com.tr\/index.php?rest_route=%2Fwp%2Fv2%2Fcomments&post=15942"}],"version-history":[{"count":4,"href":"https:\/\/etkiinsaat.com.tr\/index.php?rest_route=\/wp\/v2\/pages\/15942\/revisions"}],"predecessor-version":[{"id":15952,"href":"https:\/\/etkiinsaat.com.tr\/index.php?rest_route=\/wp\/v2\/pages\/15942\/revisions\/15952"}],"wp:attachment":[{"href":"https:\/\/etkiinsaat.com.tr\/index.php?rest_route=%2Fwp%2Fv2%2Fmedia&parent=15942"}],"curies":[{"name":"wp","href":"https:\/\/api.w.org\/{rel}","templated":true}]}}