{"id":15983,"date":"2023-10-03T23:32:51","date_gmt":"2023-10-03T20:32:51","guid":{"rendered":"https:\/\/etkiinsaat.com.tr\/?page_id=15983"},"modified":"2023-10-03T23:34:51","modified_gmt":"2023-10-03T20:34:51","slug":"teknokur-100-beton-kur","status":"publish","type":"page","link":"https:\/\/etkiinsaat.com.tr\/?page_id=15983","title":{"rendered":"Teknok\u00fcr 100 Beton K\u00fcr"},"content":{"rendered":"\t\t<div data-elementor-type=\"wp-page\" data-elementor-id=\"15983\" class=\"elementor elementor-15983\">\n\t\t\t\t\t\t<section class=\"elementor-section elementor-top-section elementor-element elementor-element-108bcf9 elementor-section-boxed elementor-section-height-default elementor-section-height-default\" data-id=\"108bcf9\" data-element_type=\"section\" data-e-type=\"section\">\n\t\t\t\t\t\t<div class=\"elementor-container elementor-column-gap-default\">\n\t\t\t\t\t<div class=\"elementor-column elementor-col-33 elementor-top-column elementor-element elementor-element-a2d4d83\" data-id=\"a2d4d83\" data-element_type=\"column\" data-e-type=\"column\">\n\t\t\t<div class=\"elementor-widget-wrap elementor-element-populated\">\n\t\t\t\t\t\t<div class=\"elementor-element elementor-element-30cbef0 elementor-widget elementor-widget-heading\" data-id=\"30cbef0\" data-element_type=\"widget\" data-e-type=\"widget\" data-widget_type=\"heading.default\">\n\t\t\t\t<div class=\"elementor-widget-container\">\n\t\t\t\t\t<h2 class=\"elementor-heading-title elementor-size-default\">Teknok\u00fcr 100 Beton K\u00fcr<\/h2>\t\t\t\t<\/div>\n\t\t\t\t<\/div>\n\t\t\t\t<div class=\"elementor-element elementor-element-a053306 elementor-widget elementor-widget-image\" data-id=\"a053306\" data-element_type=\"widget\" data-e-type=\"widget\" data-widget_type=\"image.default\">\n\t\t\t\t<div class=\"elementor-widget-container\">\n\t\t\t\t\t\t\t\t\t\t\t\t\t\t\t<img fetchpriority=\"high\" decoding=\"async\" width=\"250\" height=\"250\" src=\"https:\/\/etkiinsaat.com.tr\/wp-content\/uploads\/2023\/10\/thumb_teknokur_100jpg20210317060311.jpg\" class=\"attachment-full size-full wp-image-15989\" alt=\"\" srcset=\"https:\/\/etkiinsaat.com.tr\/wp-content\/uploads\/2023\/10\/thumb_teknokur_100jpg20210317060311.jpg 250w, https:\/\/etkiinsaat.com.tr\/wp-content\/uploads\/2023\/10\/thumb_teknokur_100jpg20210317060311-150x150.jpg 150w, https:\/\/etkiinsaat.com.tr\/wp-content\/uploads\/2023\/10\/thumb_teknokur_100jpg20210317060311-201x201.jpg 201w, https:\/\/etkiinsaat.com.tr\/wp-content\/uploads\/2023\/10\/thumb_teknokur_100jpg20210317060311-100x100.jpg 100w\" sizes=\"(max-width: 250px) 100vw, 250px\" \/>\t\t\t\t\t\t\t\t\t\t\t\t\t\t\t<\/div>\n\t\t\t\t<\/div>\n\t\t\t\t\t<\/div>\n\t\t<\/div>\n\t\t\t\t<div class=\"elementor-column elementor-col-66 elementor-top-column elementor-element elementor-element-560e1f8\" data-id=\"560e1f8\" data-element_type=\"column\" data-e-type=\"column\">\n\t\t\t<div class=\"elementor-widget-wrap elementor-element-populated\">\n\t\t\t\t\t\t<div class=\"elementor-element elementor-element-59d8255 elementor-widget elementor-widget-image\" data-id=\"59d8255\" data-element_type=\"widget\" data-e-type=\"widget\" data-widget_type=\"image.default\">\n\t\t\t\t<div class=\"elementor-widget-container\">\n\t\t\t\t\t\t\t\t\t\t\t\t\t\t\t<img decoding=\"async\" width=\"641\" height=\"251\" src=\"https:\/\/etkiinsaat.com.tr\/wp-content\/uploads\/2023\/10\/k_r_100.jpg\" class=\"attachment-full size-full wp-image-15699\" alt=\"\" srcset=\"https:\/\/etkiinsaat.com.tr\/wp-content\/uploads\/2023\/10\/k_r_100.jpg 641w, https:\/\/etkiinsaat.com.tr\/wp-content\/uploads\/2023\/10\/k_r_100-300x117.jpg 300w, https:\/\/etkiinsaat.com.tr\/wp-content\/uploads\/2023\/10\/k_r_100-303x119.jpg 303w, https:\/\/etkiinsaat.com.tr\/wp-content\/uploads\/2023\/10\/k_r_100-606x237.jpg 606w, https:\/\/etkiinsaat.com.tr\/wp-content\/uploads\/2023\/10\/k_r_100-530x208.jpg 530w, https:\/\/etkiinsaat.com.tr\/wp-content\/uploads\/2023\/10\/k_r_100-450x176.jpg 450w, https:\/\/etkiinsaat.com.tr\/wp-content\/uploads\/2023\/10\/k_r_100-500x196.jpg 500w, https:\/\/etkiinsaat.com.tr\/wp-content\/uploads\/2023\/10\/k_r_100-150x59.jpg 150w\" sizes=\"(max-width: 641px) 100vw, 641px\" \/>\t\t\t\t\t\t\t\t\t\t\t\t\t\t\t<\/div>\n\t\t\t\t<\/div>\n\t\t\t\t<div class=\"elementor-element elementor-element-a6c60b5 elementor-widget elementor-widget-text-editor\" data-id=\"a6c60b5\" data-element_type=\"widget\" data-e-type=\"widget\" data-widget_type=\"text-editor.default\">\n\t\t\t\t<div class=\"elementor-widget-container\">\n\t\t\t\t\t\t\t\t\t<p style=\"margin-right: 0px; margin-bottom: 10px; margin-left: 0px; line-height: 24px; color: #444444; font-family: 'Open Sans', sans-serif; font-size: 14px;\"><strong style=\"outline: 0px; margin: 0px; padding: 0px; border: 0px; vertical-align: baseline; background: 0px 0px; color: #000000; font-family: roboto, Verdana;\">\u00dcr\u00fcn Tan\u0131m\u0131<\/strong><br style=\"outline: none; color: #000000; font-family: roboto, Verdana;\" \/><span style=\"color: #000000; font-family: roboto, Verdana;\">Akrilik em\u00fclsiyon esasl\u0131, beton, \u015fap ve \u00e7imento esasl\u0131 y\u00fczey sertle\u015ftirici uygulamalar\u0131 sonras\u0131nda uygulanan, y\u00fczeyde olu\u015fturdu\u011fu film tabakas\u0131 ile kar\u0131\u015f\u0131m suyunun h\u0131zl\u0131 buharla\u015fmas\u0131n\u0131 engelleyen, r\u00f6treyi ve \u00e7atlak olu\u015fma riskini azaltan k\u00fcr malzemesidir. ASTM C 309 Tip\u00a02 S\u0131n\u0131f A<\/span><br style=\"outline: none; color: #000000; font-family: roboto, Verdana;\" \/><br style=\"outline: none; color: #000000; font-family: roboto, Verdana;\" \/><strong style=\"outline: 0px; margin: 0px; padding: 0px; border: 0px; vertical-align: baseline; background: 0px 0px; color: #000000; font-family: roboto, Verdana;\">Kullan\u0131m Alanlar\u0131<\/strong><br style=\"outline: none; color: #000000; font-family: roboto, Verdana;\" \/><span style=\"color: #000000; font-family: roboto, Verdana;\">\u2022 Taze d\u00f6k\u00fclm\u00fc\u015f beton ve t\u00fcm y\u00fczey sertle\u015ftirici uygulamalar\u0131n\u0131n \u00fczerine beton k\u00fcr i\u015flemi i\u00e7in uygulan\u0131r.<\/span><br style=\"outline: none; color: #000000; font-family: roboto, Verdana;\" \/><span style=\"color: #000000; font-family: roboto, Verdana;\">\u2022 Otoparklar, garajlar, malzeme depolar\u0131, fabrikalar, insan trafi\u011finin yo\u011fun oldu\u011fu al\u0131\u015fveri\u015f merkezleri,<\/span><br style=\"outline: none; color: #000000; font-family: roboto, Verdana;\" \/><span style=\"color: #000000; font-family: roboto, Verdana;\">\u2022 Otoyol, baraj, metro, t\u00fcnel, k\u00f6pr\u00fc gibi her t\u00fcrl\u00fc m\u00fchendislik yap\u0131lar\u0131nda,<\/span><br style=\"outline: none; color: #000000; font-family: roboto, Verdana;\" \/><span style=\"color: #000000; font-family: roboto, Verdana;\">\u2022 Beton yol uygulamalar\u0131nda,<\/span><br style=\"outline: none; color: #000000; font-family: roboto, Verdana;\" \/><span style=\"color: #000000; font-family: roboto, Verdana;\">\u2022 End\u00fcstriyel yap\u0131lar, u\u00e7ak hangarlar\u0131, apron alanlar\u0131, helikopter pistleri gibi yerlerde kullan\u0131l\u0131r.<\/span><br style=\"outline: none; color: #000000; font-family: roboto, Verdana;\" \/><br style=\"outline: none; color: #000000; font-family: roboto, Verdana;\" \/><strong style=\"outline: 0px; margin: 0px; padding: 0px; border: 0px; vertical-align: baseline; background: 0px 0px; color: #000000; font-family: roboto, Verdana;\">\u00d6zellikleri ve Avantajlar\u0131<\/strong><br style=\"outline: none; color: #000000; font-family: roboto, Verdana;\" \/><span style=\"color: #000000; font-family: roboto, Verdana;\">\u2022 Islak malzemelere kaplama ve sulama gibi k\u00fcr y\u00f6ntemlerine g\u00f6re daha etkin ve ekonomiktir.<\/span><br style=\"outline: none; color: #000000; font-family: roboto, Verdana;\" \/><span style=\"color: #000000; font-family: roboto, Verdana;\">\u2022 Her t\u00fcrl\u00fc beton y\u00fczeylerde uygulanabilir.<\/span><br style=\"outline: none; color: #000000; font-family: roboto, Verdana;\" \/><span style=\"color: #000000; font-family: roboto, Verdana;\">\u2022 Plastik r\u00f6trenin neden oldu\u011fu \u00e7atlamalar\u0131 azalt\u0131r.<\/span><br style=\"outline: none; color: #000000; font-family: roboto, Verdana;\" \/><span style=\"color: #000000; font-family: roboto, Verdana;\">\u2022 R\u00f6tre ve \u00e7atlak olu\u015fma riskini azalt\u0131r.<\/span><br style=\"outline: none; color: #000000; font-family: roboto, Verdana;\" \/><span style=\"color: #000000; font-family: roboto, Verdana;\">\u2022 Daha sert ve tozumayan bir y\u00fczey sa\u011flar.<\/span><br style=\"outline: none; color: #000000; font-family: roboto, Verdana;\" \/><span style=\"color: #000000; font-family: roboto, Verdana;\">\u2022 Solvent i\u00e7ermedi\u011finden i\u00e7 ve d\u0131\u015f mek\u00e2nlarda rahatl\u0131kla uygulanabilir.<\/span><br style=\"outline: none; color: #000000; font-family: roboto, Verdana;\" \/><span style=\"color: #000000; font-family: roboto, Verdana;\">\u2022 Suyu betonun b\u00fcnyesinde tutarak en y\u00fcksek dayan\u0131m geli\u015fimini sa\u011flar.<\/span><br style=\"outline: none; color: #000000; font-family: roboto, Verdana;\" \/><span style=\"color: #000000; font-family: roboto, Verdana;\">\u2022 \u00c7uval, telis ve sulama gibi benzeri k\u00fcr y\u00f6ntemlerine alternatif olarak, daha etkin ve daha ekonomik bir y\u00f6ntemdir.<\/span><br style=\"outline: none; color: #000000; font-family: roboto, Verdana;\" \/><br style=\"outline: none; color: #000000; font-family: roboto, Verdana;\" \/><strong style=\"outline: 0px; margin: 0px; padding: 0px; border: 0px; vertical-align: baseline; background: 0px 0px; color: #000000; font-family: roboto, Verdana;\">Uygulama Talimatlar\u0131<\/strong><br style=\"outline: none; color: #000000; font-family: roboto, Verdana;\" \/><span style=\"outline: 0px; margin: 0px; padding: 0px; border: 0px; vertical-align: baseline; background: 0px 0px; color: #000000; font-family: roboto, Verdana;\">\u2022\u00a0<\/span><span style=\"color: #000000; font-family: roboto, Verdana;\">A\u00e7\u0131k alanlarda k\u00fcrleme i\u015flemi yap\u0131l\u0131rken uygulama y\u00fczeyi 24 saat d\u0131\u015f etkenlerden muhafaza edilmelidir.<\/span><br style=\"outline: none; color: #000000; font-family: roboto, Verdana;\" \/><span style=\"color: #000000; font-family: roboto, Verdana;\">\u2022 Uygulama esnas\u0131nda, koruyucu eldiven, g\u00f6zl\u00fck ve maske kullan\u0131lmal\u0131d\u0131r.<\/span><br style=\"outline: none; color: #000000; font-family: roboto, Verdana;\" \/><span style=\"outline: 0px; margin: 0px; padding: 0px; border: 0px; vertical-align: baseline; background: 0px 0px; color: #000000; font-family: roboto, Verdana;\">\u2022\u00a0<\/span><span style=\"color: #000000; font-family: roboto, Verdana;\">Malzemelerin tahri\u015f edici etkilerinden dolay\u0131, bile\u015fenler cilde ve g\u00f6ze temas ettirilmemeli, temas etmesi halinde hemen bol su ve sabunla y\u0131kanmal\u0131, yutulmas\u0131 durumunda acilen doktora ba\u015fvurulmal\u0131d\u0131r.<\/span><br style=\"outline: none; color: #000000; font-family: roboto, Verdana;\" \/><span style=\"outline: 0px; margin: 0px; padding: 0px; border: 0px; vertical-align: baseline; background: 0px 0px; color: #000000; font-family: roboto, Verdana;\">\u2022\u00a0<\/span><span style=\"color: #000000; font-family: roboto, Verdana;\">\u00dczerinde bir kaplama olmayan a\u00e7\u0131k alandaki betonlar da uygulama \u00f6ncesinde y\u00fczey yap\u0131\u015fmay\u0131 engelleyen yabanc\u0131 maddelerden temizlenmi\u015f olmal\u0131d\u0131r. Sa\u011flam, gev\u015fek ve oynak par\u00e7ac\u0131klardan ar\u0131nd\u0131r\u0131lm\u0131\u015f olmal\u0131d\u0131r.<\/span><br style=\"outline: none; color: #000000; font-family: roboto, Verdana;\" \/><br style=\"outline: none; color: #000000; font-family: roboto, Verdana;\" \/><strong style=\"outline: 0px; margin: 0px; padding: 0px; border: 0px; vertical-align: baseline; background: 0px 0px; color: #000000; font-family: roboto, Verdana;\">Uygulama Notlar\u0131 \/ S\u0131n\u0131rlamalar<\/strong><br style=\"outline: none; color: #000000; font-family: roboto, Verdana;\" \/><span style=\"color: #000000; font-family: roboto, Verdana;\">\u2022 Yeni d\u00f6k\u00fclm\u00fc\u015f betonun \u00fczerine homojen olacak \u015fekilde p\u00fcsk\u00fcrt\u00fclerek veya rulo ile uygulanmal\u0131d\u0131r.<\/span><br style=\"outline: none; color: #000000; font-family: roboto, Verdana;\" \/><span style=\"color: #000000; font-family: roboto, Verdana;\">\u2022 Uygulamada kullan\u0131lan p\u00fcsk\u00fcrtme cihazlar\u0131 ve rulolar \u0131l\u0131k su ile temizlenmelidir. Sprey nozulu tekrar kullan\u0131lacak ise, nozulun su i\u00e7inde bekletilmesi \u00f6nerilir.<\/span><br style=\"outline: none; color: #000000; font-family: roboto, Verdana;\" \/><span style=\"color: #000000; font-family: roboto, Verdana;\">\u2022 A\u00e7\u0131k havada ve r\u00fczgarl\u0131 ortamlarda etkin k\u00fcrlemenin sa\u011flanmas\u0131 i\u00e7in, ilk kat uygulamas\u0131n\u0131 takip eden 6 saat i\u00e7inde ikinci tabaka uygulanabilir<\/span><br style=\"outline: none; color: #000000; font-family: roboto, Verdana;\" \/><span style=\"color: #000000; font-family: roboto, Verdana;\">\u2022 TEKNOK\u00dcR 100, saha, yol ve d\u00f6\u015feme betonlar\u0131n mastarlanm\u0131\u015f y\u00fczeylerine ve kal\u0131pl\u0131 betonlar\u0131n, kal\u0131plar s\u00f6k\u00fcld\u00fckten sonra parlakl\u0131\u011f\u0131n\u0131 kaybetmi\u015f y\u00fczeylerine uygulan\u0131r.<\/span><br style=\"outline: none; color: #000000; font-family: roboto, Verdana;\" \/><span style=\"color: #000000; font-family: roboto, Verdana;\">\u2022 Uygulamadan \u00f6nce, ambalaj\u0131 a\u00e7t\u0131ktan sonra iyice kar\u0131\u015ft\u0131r\u0131n\u0131z.<\/span><br style=\"outline: none; color: #000000; font-family: roboto, Verdana;\" \/><span style=\"color: #000000; font-family: roboto, Verdana;\">\u2022 TEKNOK\u00dcR 100 \u2019\u00fcn beton y\u00fczeyine p\u00fcsk\u00fcrt\u00fclerek uygulanmas\u0131, \u00fcniform bir yap\u0131 elde edilmesi i\u00e7in \u00f6nerilir.<\/span><br style=\"outline: none; color: #000000; font-family: roboto, Verdana;\" \/><span style=\"color: #000000; font-family: roboto, Verdana;\">\u2022 TEKNOK\u00dcR 100 rulo ile ince bir tabaka halinde uygulanmal\u0131d\u0131r. Malzemeyi dengeli bir \u015fekilde da\u011f\u0131tarak, g\u00f6llenme olu\u015fmas\u0131na izin verilmemelidir.<\/span><br style=\"outline: none; color: #000000; font-family: roboto, Verdana;\" \/><span style=\"color: #000000; font-family: roboto, Verdana;\">\u2022 Homojen olmayan uygulamalarda, b\u00f6lgesel renk farkl\u0131l\u0131klar\u0131 olu\u015fabilir. Uygulamay\u0131 takip eden g\u00fcnler i\u00e7inde b\u00f6lgesel renk farkl\u0131l\u0131klar\u0131 azalacakt\u0131r.<\/span><br style=\"outline: none; color: #000000; font-family: roboto, Verdana;\" \/><span style=\"color: #000000; font-family: roboto, Verdana;\">\u2022 TEKNOK\u00dcR 100, yo\u011fun trafik bulunan a\u015f\u0131nmaya a\u00e7\u0131k alanlarda y\u00fczeyde tabaka b\u0131rakmad\u0131\u011f\u0131 i\u00e7in uygulama kal\u0131nl\u0131\u011f\u0131ndan veya y\u00fczeyin yap\u0131s\u0131ndan kaynaklanan ton farkl\u0131l\u0131\u011f\u0131 d\u0131\u015f\u0131nda hata g\u00f6r\u00fclmez.<\/span><br style=\"outline: none; color: #000000; font-family: roboto, Verdana;\" \/><span style=\"color: #000000; font-family: roboto, Verdana;\">\u2022 Uygulamadan hemen sonra \u0131l\u0131k su ve deterjan ile eller ve cilde temas eden yerler sabun ve su kullan\u0131larak temizlenmelidir.<\/span><br style=\"outline: none; color: #000000; font-family: roboto, Verdana;\" \/><span style=\"color: #000000; font-family: roboto, Verdana;\">\u2022 Uygulamadan hemen sonra, hen\u00fcz sertle\u015fmeden, kullan\u0131lan aletleri su ile temizleyiniz.<\/span><br style=\"outline: none; color: #000000; font-family: roboto, Verdana;\" \/><span style=\"color: #000000; font-family: roboto, Verdana;\">\u2022 \u00dcr\u00fcn cildi tahri\u015f edebilir. Koruyucu eldiven veya g\u00f6zl\u00fck kullan\u0131lmal\u0131d\u0131r. \u0130\u015fe ba\u015flamadan \u00f6nce ele koruyucu krem de s\u00fcr\u00fclebilir.<\/span><br style=\"outline: none; color: #000000; font-family: roboto, Verdana;\" \/><span style=\"color: #000000; font-family: roboto, Verdana;\">\u2022 \u00dcr\u00fcn\u00fcn g\u00f6zle temas\u0131 halinde g\u00f6zler derhal \u0131l\u0131k su ile y\u0131kanmal\u0131 ve doktora ba\u015fvurulmal\u0131d\u0131r.<\/span><\/p><div style=\"color: #444444; font-family: 'Open Sans', sans-serif; font-size: 14px;\"><div>\u00a0<\/div><\/div><div><div><span style=\"color: #444444; font-family: 'Open Sans', sans-serif;\"><span style=\"font-size: 14px;\"><span style=\"font-weight: bold;\">Teknik D\u00f6k\u00fcmanlar:<\/span><\/span><\/span><\/div><p><a href=\"https:\/\/tur.sika.com\/content\/dam\/dms\/tr01\/g\/sikaseal_crystalsg.pdf\"><span style=\"font-weight: bolder;\">\u00a0 \u00a0 \u00a0<img decoding=\"async\" src=\"http:\/\/etkiinsaat.com.tr\/wp-content\/uploads\/2023\/09\/pdf-300x300.png\" alt=\"\" width=\"31\" height=\"31\" \/><\/span><\/a><a title=\"TDS Teknik Dok\u00fcman Sayfas\u0131\" href=\"https:\/\/teknoyapi.com.tr\/documents\/TDS-teknokur-100.pdf\" target=\"_blank\" rel=\"noopener\"><span style=\"color: red; font-size: small;\"><b>TDS Teknik Dok\u00fcman Sayfas\u0131<\/b><\/span>\u00a0<\/a>\u00a0\u00a0<\/p><p><a href=\"https:\/\/tur.sika.com\/content\/dam\/dms\/tr01\/g\/sikaseal_crystalsg.pdf\"><span style=\"font-weight: bolder;\">\u00a0 \u00a0 \u00a0<img decoding=\"async\" src=\"http:\/\/etkiinsaat.com.tr\/wp-content\/uploads\/2023\/09\/pdf-300x300.png\" alt=\"\" width=\"31\" height=\"31\" \/><a title=\"CE Belgesi\" href=\"https:\/\/teknoyapi.com.tr\/documents\/CE-1504-2.pdf\" target=\"_blank\" rel=\"noopener\"><span style=\"color: red; font-size: small;\"><b>CE Belgesi<\/b><\/span>\u00a0<\/a>\u00a0\u00a0<\/span><\/a>\u00a0\u00a0<\/p><p>\u00a0<\/p><\/div>\t\t\t\t\t\t\t\t<\/div>\n\t\t\t\t<\/div>\n\t\t\t\t\t<\/div>\n\t\t<\/div>\n\t\t\t\t\t<\/div>\n\t\t<\/section>\n\t\t\t\t<\/div>\n\t\t","protected":false},"excerpt":{"rendered":"<p>Teknok\u00fcr 100 Beton K\u00fcr \u00dcr\u00fcn Tan\u0131m\u0131Akrilik em\u00fclsiyon esasl\u0131, beton, \u015fap ve \u00e7imento esasl\u0131 y\u00fczey sertle\u015ftirici uygulamalar\u0131 sonras\u0131nda uygulanan, y\u00fczeyde olu\u015fturdu\u011fu film tabakas\u0131 ile kar\u0131\u015f\u0131m suyunun h\u0131zl\u0131 buharla\u015fmas\u0131n\u0131 engelleyen, r\u00f6treyi ve \u00e7atlak olu\u015fma riskini azaltan k\u00fcr malzemesidir. ASTM C 309 Tip\u00a02 S\u0131n\u0131f AKullan\u0131m Alanlar\u0131\u2022 Taze d\u00f6k\u00fclm\u00fc\u015f beton ve t\u00fcm y\u00fczey sertle\u015ftirici uygulamalar\u0131n\u0131n \u00fczerine beton k\u00fcr i\u015flemi i\u00e7in uygulan\u0131r.\u2022 Otoparklar, garajlar, malzeme depolar\u0131, fabrikalar, insan trafi\u011finin yo\u011fun oldu\u011fu al\u0131\u015fveri\u015f merkezleri,\u2022 Otoyol, baraj, metro, t\u00fcnel, k\u00f6pr\u00fc gibi her t\u00fcrl\u00fc m\u00fchendislik yap\u0131lar\u0131nda,\u2022 Beton yol uygulamalar\u0131nda,\u2022 End\u00fcstriyel yap\u0131lar, u\u00e7ak hangarlar\u0131, apron alanlar\u0131, helikopter pistleri gibi yerlerde kullan\u0131l\u0131r.\u00d6zellikleri ve Avantajlar\u0131\u2022 Islak malzemelere kaplama ve sulama gibi k\u00fcr y\u00f6ntemlerine g\u00f6re daha etkin ve ekonomiktir.\u2022 Her t\u00fcrl\u00fc beton y\u00fczeylerde uygulanabilir.\u2022 Plastik r\u00f6trenin neden oldu\u011fu \u00e7atlamalar\u0131 azalt\u0131r.\u2022 R\u00f6tre ve \u00e7atlak olu\u015fma riskini azalt\u0131r.\u2022 Daha sert ve tozumayan bir y\u00fczey sa\u011flar.\u2022 Solvent i\u00e7ermedi\u011finden i\u00e7 ve d\u0131\u015f mek\u00e2nlarda rahatl\u0131kla uygulanabilir.\u2022 Suyu betonun b\u00fcnyesinde tutarak en y\u00fcksek dayan\u0131m geli\u015fimini sa\u011flar.\u2022 \u00c7uval, telis [&hellip;]<\/p>\n","protected":false},"author":3,"featured_media":0,"parent":0,"menu_order":0,"comment_status":"closed","ping_status":"closed","template":"page-full.php","meta":{"_joinchat":[],"footnotes":""},"class_list":["post-15983","page","type-page","status-publish","hentry"],"_links":{"self":[{"href":"https:\/\/etkiinsaat.com.tr\/index.php?rest_route=\/wp\/v2\/pages\/15983","targetHints":{"allow":["GET"]}}],"collection":[{"href":"https:\/\/etkiinsaat.com.tr\/index.php?rest_route=\/wp\/v2\/pages"}],"about":[{"href":"https:\/\/etkiinsaat.com.tr\/index.php?rest_route=\/wp\/v2\/types\/page"}],"author":[{"embeddable":true,"href":"https:\/\/etkiinsaat.com.tr\/index.php?rest_route=\/wp\/v2\/users\/3"}],"replies":[{"embeddable":true,"href":"https:\/\/etkiinsaat.com.tr\/index.php?rest_route=%2Fwp%2Fv2%2Fcomments&post=15983"}],"version-history":[{"count":4,"href":"https:\/\/etkiinsaat.com.tr\/index.php?rest_route=\/wp\/v2\/pages\/15983\/revisions"}],"predecessor-version":[{"id":15992,"href":"https:\/\/etkiinsaat.com.tr\/index.php?rest_route=\/wp\/v2\/pages\/15983\/revisions\/15992"}],"wp:attachment":[{"href":"https:\/\/etkiinsaat.com.tr\/index.php?rest_route=%2Fwp%2Fv2%2Fmedia&parent=15983"}],"curies":[{"name":"wp","href":"https:\/\/api.w.org\/{rel}","templated":true}]}}