{"id":16029,"date":"2023-10-03T23:48:16","date_gmt":"2023-10-03T20:48:16","guid":{"rendered":"https:\/\/etkiinsaat.com.tr\/?page_id=16029"},"modified":"2023-10-03T23:49:03","modified_gmt":"2023-10-03T20:49:03","slug":"teknomer-655-hibrit-polyurea-kaplama","status":"publish","type":"page","link":"https:\/\/etkiinsaat.com.tr\/?page_id=16029","title":{"rendered":"Teknomer 655 Hibrit Polyurea Kaplama"},"content":{"rendered":"\t\t<div data-elementor-type=\"wp-page\" data-elementor-id=\"16029\" class=\"elementor elementor-16029\">\n\t\t\t\t\t\t<section class=\"elementor-section elementor-top-section elementor-element elementor-element-be2b9ac elementor-section-boxed elementor-section-height-default elementor-section-height-default\" data-id=\"be2b9ac\" data-element_type=\"section\" data-e-type=\"section\">\n\t\t\t\t\t\t<div class=\"elementor-container elementor-column-gap-default\">\n\t\t\t\t\t<div class=\"elementor-column elementor-col-33 elementor-top-column elementor-element elementor-element-cc1bde2\" data-id=\"cc1bde2\" data-element_type=\"column\" data-e-type=\"column\">\n\t\t\t<div class=\"elementor-widget-wrap elementor-element-populated\">\n\t\t\t\t\t\t<div class=\"elementor-element elementor-element-4740526 elementor-widget elementor-widget-heading\" data-id=\"4740526\" data-element_type=\"widget\" data-e-type=\"widget\" data-widget_type=\"heading.default\">\n\t\t\t\t<div class=\"elementor-widget-container\">\n\t\t\t\t\t<h2 class=\"elementor-heading-title elementor-size-default\">Teknomer 655 Hibrit Polyurea Kaplama\n<\/h2>\t\t\t\t<\/div>\n\t\t\t\t<\/div>\n\t\t\t\t<div class=\"elementor-element elementor-element-164dc93 elementor-widget elementor-widget-image\" data-id=\"164dc93\" data-element_type=\"widget\" data-e-type=\"widget\" data-widget_type=\"image.default\">\n\t\t\t\t<div class=\"elementor-widget-container\">\n\t\t\t\t\t\t\t\t\t\t\t\t\t\t\t<img fetchpriority=\"high\" decoding=\"async\" width=\"250\" height=\"250\" src=\"https:\/\/etkiinsaat.com.tr\/wp-content\/uploads\/2023\/10\/246.jpg\" class=\"attachment-full size-full wp-image-16025\" alt=\"\" srcset=\"https:\/\/etkiinsaat.com.tr\/wp-content\/uploads\/2023\/10\/246.jpg 250w, https:\/\/etkiinsaat.com.tr\/wp-content\/uploads\/2023\/10\/246-150x150.jpg 150w, https:\/\/etkiinsaat.com.tr\/wp-content\/uploads\/2023\/10\/246-201x201.jpg 201w, https:\/\/etkiinsaat.com.tr\/wp-content\/uploads\/2023\/10\/246-100x100.jpg 100w\" sizes=\"(max-width: 250px) 100vw, 250px\" \/>\t\t\t\t\t\t\t\t\t\t\t\t\t\t\t<\/div>\n\t\t\t\t<\/div>\n\t\t\t\t<div class=\"elementor-element elementor-element-eec4917 elementor-widget elementor-widget-text-editor\" data-id=\"eec4917\" data-element_type=\"widget\" data-e-type=\"widget\" data-widget_type=\"text-editor.default\">\n\t\t\t\t<div class=\"elementor-widget-container\">\n\t\t\t\t\t\t\t\t\t<div style=\"color: #1c1b1b;\"><span style=\"color: #444444; font-family: 'Open Sans', sans-serif;\"><span style=\"font-size: 14px;\"><span style=\"font-weight: bold;\">Teknik D\u00f6k\u00fcmanlar:<\/span><\/span><\/span><\/div><p><a href=\"https:\/\/tur.sika.com\/content\/dam\/dms\/tr01\/g\/sikaseal_crystalsg.pdf\"><span style=\"font-weight: bolder;\">\u00a0 \u00a0 \u00a0<img decoding=\"async\" src=\"http:\/\/etkiinsaat.com.tr\/wp-content\/uploads\/2023\/09\/pdf-300x300.png\" alt=\"\" width=\"31\" height=\"31\" \/><\/span><\/a><a title=\"TDS Teknik Dok\u00fcman Sayfas\u0131\" href=\"https:\/\/teknoyapi.com.tr\/documents\/TDS-teknomer-655.pdf\" target=\"_blank\" rel=\"noopener\"><span style=\"color: red; font-size: small;\"><span style=\"font-weight: bold;\">TDS Teknik Dok\u00fcman Sayfas\u0131<\/span><\/span>\u00a0<\/a>\u00a0\u00a0<\/p><p>\u00a0<\/p>\t\t\t\t\t\t\t\t<\/div>\n\t\t\t\t<\/div>\n\t\t\t\t\t<\/div>\n\t\t<\/div>\n\t\t\t\t<div class=\"elementor-column elementor-col-66 elementor-top-column elementor-element elementor-element-95c19ad\" data-id=\"95c19ad\" data-element_type=\"column\" data-e-type=\"column\">\n\t\t\t<div class=\"elementor-widget-wrap elementor-element-populated\">\n\t\t\t\t\t\t<div class=\"elementor-element elementor-element-acdf99a elementor-widget elementor-widget-image\" data-id=\"acdf99a\" data-element_type=\"widget\" data-e-type=\"widget\" data-widget_type=\"image.default\">\n\t\t\t\t<div class=\"elementor-widget-container\">\n\t\t\t\t\t\t\t\t\t\t\t\t\t\t\t<img decoding=\"async\" width=\"640\" height=\"250\" src=\"https:\/\/etkiinsaat.com.tr\/wp-content\/uploads\/2023\/10\/165-2-1.jpg\" class=\"attachment-full size-full wp-image-15790\" alt=\"\" srcset=\"https:\/\/etkiinsaat.com.tr\/wp-content\/uploads\/2023\/10\/165-2-1.jpg 640w, https:\/\/etkiinsaat.com.tr\/wp-content\/uploads\/2023\/10\/165-2-1-300x117.jpg 300w, https:\/\/etkiinsaat.com.tr\/wp-content\/uploads\/2023\/10\/165-2-1-303x118.jpg 303w, https:\/\/etkiinsaat.com.tr\/wp-content\/uploads\/2023\/10\/165-2-1-606x237.jpg 606w, https:\/\/etkiinsaat.com.tr\/wp-content\/uploads\/2023\/10\/165-2-1-530x207.jpg 530w, https:\/\/etkiinsaat.com.tr\/wp-content\/uploads\/2023\/10\/165-2-1-450x176.jpg 450w, https:\/\/etkiinsaat.com.tr\/wp-content\/uploads\/2023\/10\/165-2-1-500x195.jpg 500w, https:\/\/etkiinsaat.com.tr\/wp-content\/uploads\/2023\/10\/165-2-1-150x59.jpg 150w\" sizes=\"(max-width: 640px) 100vw, 640px\" \/>\t\t\t\t\t\t\t\t\t\t\t\t\t\t\t<\/div>\n\t\t\t\t<\/div>\n\t\t\t\t<div class=\"elementor-element elementor-element-ce4649e elementor-widget elementor-widget-text-editor\" data-id=\"ce4649e\" data-element_type=\"widget\" data-e-type=\"widget\" data-widget_type=\"text-editor.default\">\n\t\t\t\t<div class=\"elementor-widget-container\">\n\t\t\t\t\t\t\t\t\t<p><strong style=\"outline: 0px; margin: 0px; padding: 0px; border: 0px; font-size: 14px; vertical-align: baseline; background: 0px 0px; color: #000000; font-family: roboto, Verdana;\">\u00dcr\u00fcn Tan\u0131m\u0131<\/strong><br style=\"outline: none; color: #000000; font-family: roboto, Verdana; font-size: 14px;\" \/><span style=\"color: #000000; font-family: roboto, Verdana; font-size: 14px;\">Hibrit Polyurea esasl\u0131, iki komponentli, solventsiz, \u00e7atlak k\u00f6pr\u00fcleme \u00f6zelli\u011fine sahip, h\u0131zl\u0131 k\u00fcrlenen, kimyasal yap\u0131s\u0131 nedeniyle \u00e7ok h\u0131zl\u0131 k\u00fcrlendi\u011finden her t\u00fcrl\u00fc hava ko\u0219ullar\u0131nda uygulanabilen, su yal\u0131t\u0131m membran\u0131d\u0131r.<\/span><br style=\"outline: none; color: #000000; font-family: roboto, Verdana; font-size: 14px;\" \/><br style=\"outline: none; color: #000000; font-family: roboto, Verdana; font-size: 14px;\" \/><strong style=\"outline: 0px; margin: 0px; padding: 0px; border: 0px; font-size: 14px; vertical-align: baseline; background: 0px 0px; color: #000000; font-family: roboto, Verdana;\">Kullan\u0131m Alanlar\u0131<\/strong><br style=\"outline: none; color: #000000; font-family: roboto, Verdana; font-size: 14px;\" \/><span style=\"color: #000000; font-family: roboto, Verdana; font-size: 14px;\">\u2022 Teras, \u00e7at\u0131, balkon ve dere oluklar\u0131nda,<\/span><br style=\"outline: none; color: #000000; font-family: roboto, Verdana; font-size: 14px;\" \/><span style=\"color: #000000; font-family: roboto, Verdana; font-size: 14px;\">\u2022 \u00c7i\u00e7eklik yal\u0131t\u0131m\u0131nda,<\/span><br style=\"outline: none; color: #000000; font-family: roboto, Verdana; font-size: 14px;\" \/><span style=\"color: #000000; font-family: roboto, Verdana; font-size: 14px;\">\u2022 Temel ve perde su yal\u0131t\u0131m\u0131nda,<\/span><br style=\"outline: none; color: #000000; font-family: roboto, Verdana; font-size: 14px;\" \/><span style=\"color: #000000; font-family: roboto, Verdana; font-size: 14px;\">\u2022 Betonarme ve sac levha \u00fcst\u00fcnde,<\/span><br style=\"outline: none; color: #000000; font-family: roboto, Verdana; font-size: 14px;\" \/><span style=\"color: #000000; font-family: roboto, Verdana; font-size: 14px;\">\u2022 Hangarlar, y\u00fczme ve s\u00fcs havuzlar\u0131, otopark yal\u0131t\u0131m\u0131, yeralt\u0131 su tanklar\u0131 ve buna benzer bir \u00e7ok su yal\u0131t\u0131m\u0131 ve kaplama yap\u0131lmas\u0131 istenen yerlerde g\u00fcvenle kullan\u0131l\u0131r.<\/span><br style=\"outline: none; color: #000000; font-family: roboto, Verdana; font-size: 14px;\" \/><span style=\"color: #000000; font-family: roboto, Verdana; font-size: 14px;\">\u2022 UV dayan\u0131m istenen yerlerde Teknobond 650 P ile kullan\u0131l\u0131r.<\/span><br style=\"outline: none; color: #000000; font-family: roboto, Verdana; font-size: 14px;\" \/><br style=\"outline: none; color: #000000; font-family: roboto, Verdana; font-size: 14px;\" \/><strong style=\"outline: 0px; margin: 0px; padding: 0px; border: 0px; font-size: 14px; vertical-align: baseline; background: 0px 0px; color: #000000; font-family: roboto, Verdana;\">\u00d6zellikleri ve Avantajlar\u0131<\/strong><br style=\"outline: none; color: #000000; font-family: roboto, Verdana; font-size: 14px;\" \/><span style=\"color: #000000; font-family: roboto, Verdana; font-size: 14px;\">\u2022 Y\u00fcksek \u00e7atlak k\u00f6pr\u00fcs\u00fc olu\u0219turma \u00f6zelli\u011fine sahiptir.<\/span><br style=\"outline: none; color: #000000; font-family: roboto, Verdana; font-size: 14px;\" \/><span style=\"color: #000000; font-family: roboto, Verdana; font-size: 14px;\">\u2022 D\u00fc\u0219\u00fck s\u0131cakl\u0131klarda bile y\u00fcksek elastikiyetini korur.<\/span><br style=\"outline: none; color: #000000; font-family: roboto, Verdana; font-size: 14px;\" \/><span style=\"color: #000000; font-family: roboto, Verdana; font-size: 14px;\">\u2022 Makine ile uygulan\u0131p, h\u0131zl\u0131 k\u00fcrlendi\u011finden dakikalar i\u00e7erisinde tra\ufb01\u011fe a\u00e7\u0131labilir.<\/span><br style=\"outline: none; color: #000000; font-family: roboto, Verdana; font-size: 14px;\" \/><span style=\"color: #000000; font-family: roboto, Verdana; font-size: 14px;\">\u2022 M\u00fckemmel yap\u0131\u0219ma g\u00fcc\u00fc, kimyasal dayan\u0131m ve mekanik dayan\u0131m\u0131na sahiptir.<\/span><br style=\"outline: none; color: #000000; font-family: roboto, Verdana; font-size: 14px;\" \/><span style=\"color: #000000; font-family: roboto, Verdana; font-size: 14px;\">\u2022 Tek par\u00e7a uyguland\u0131\u011f\u0131ndan ve y\u00fcksek esneklik kabileyetinden dolay\u0131 eksiz bir uygulamaya olanak sa\u011flay\u0131p, derzsiz bir kaplama yap\u0131lmas\u0131na olanak sa\u011flar.<\/span><br style=\"outline: none; color: #000000; font-family: roboto, Verdana; font-size: 14px;\" \/><span style=\"color: #000000; font-family: roboto, Verdana; font-size: 14px;\">\u2022 Zor y\u00fczeylerde bile m\u00fckemmel aderans sa\u011flar.<\/span><br style=\"outline: none; color: #000000; font-family: roboto, Verdana; font-size: 14px;\" \/><span style=\"color: #000000; font-family: roboto, Verdana; font-size: 14px;\">\u2022 G\u00f6llenmi\u0219 su ge\u00e7i\u0219ine kar\u0219\u0131 y\u00fcksek diren\u00e7 g\u00f6sterir.<\/span><br style=\"outline: none; color: #000000; font-family: roboto, Verdana; font-size: 14px;\" \/><span style=\"color: #000000; font-family: roboto, Verdana; font-size: 14px;\">\u2022 Tuzlar, bazlar, seyreltilmi\u0219 asitlere ve seyreltilmi\u0219 s\u00fclfatlara dayan\u0131ml\u0131d\u0131r.<\/span><br style=\"outline: none; color: #000000; font-family: roboto, Verdana; font-size: 14px;\" \/><span style=\"color: #000000; font-family: roboto, Verdana; font-size: 14px;\">\u2022 Solventsizdir.<\/span><br style=\"outline: none; color: #000000; font-family: roboto, Verdana; font-size: 14px;\" \/><br style=\"outline: none; color: #000000; font-family: roboto, Verdana; font-size: 14px;\" \/><strong style=\"outline: 0px; margin: 0px; padding: 0px; border: 0px; font-size: 14px; vertical-align: baseline; background: 0px 0px; color: #000000; font-family: roboto, Verdana;\">Uygulama Talimatlar\u0131<\/strong><br style=\"outline: none; color: #000000; font-family: roboto, Verdana; font-size: 14px;\" \/><span style=\"color: #000000; font-family: roboto, Verdana; font-size: 14px;\">Y\u00fczey Kalitesi: Y\u00fczeyler temiz, d\u00fczg\u00fcn, sa\u011flam, her t\u00fcrl\u00fc toz, ya\u011f, kir, pas, kal\u0131p ya\u011f\u0131, deterjan gibi benzeri yap\u0131\u0219may\u0131 engelleyici maddelerden ve at\u0131klardan ar\u0131nd\u0131r\u0131lmal\u0131d\u0131r. Betonda ayr\u0131\u0219ma (segregasyon) var ise bozuk ve gev\u0219ek par\u00e7alar at\u0131lmal\u0131, zay\u0131f par\u00e7alar \u00e7\u0131kart\u0131lmal\u0131d\u0131r. Uygulama yap\u0131lacak zemin veya duvarda \u00e7atlak, oyuk var ise uygun TEKNOREP 300 tamir har\u00e7lar\u0131 ile tamir edilmelidir. TEKNOMER 655 uygulamas\u0131na en az 7 g\u00fcn sonra ge\u00e7ilmelidir.<\/span><br style=\"outline: none; color: #000000; font-family: roboto, Verdana; font-size: 14px;\" \/><br style=\"outline: none; color: #000000; font-family: roboto, Verdana; font-size: 14px;\" \/><span style=\"color: #000000; font-family: roboto, Verdana; font-size: 14px;\">Y\u00fczey Haz\u0131rl\u0131\u011f\u0131: TEKNOMER 655 uygulamadan \u00f6nce yap\u0131ya ait dilatasyon var ise \u00f6ncelikle dilatasyonun TEKNOMER PAH BANTLARI ve TEKNOMER 400 D kullan\u0131larak yal\u0131t\u0131lmas\u0131 gereklidir. Daha sonra dilatasyonlar\u0131n yal\u0131t\u0131m\u0131 i\u0219i daha zor ve masra\ufb02\u0131d\u0131r. T\u00fcm gider etraf\u0131 ve oluklar, s\u00fczge\u00e7ler pah bantlar\u0131 kullan\u0131larak yal\u0131t\u0131lmal\u0131d\u0131r. Yal\u0131t\u0131m yap\u0131lacak y\u00fczeyin kuru olmas\u0131 gereklidir. Su birikintisi, g\u00f6llenme var ise uzakla\u0219t\u0131r\u0131lmal\u0131d\u0131r. Beton y\u00fczeye astar olarak iki bile\u0219enli, epoksi esasl\u0131 TEKNOBOND 300 f\u0131r\u00e7a veya rulo ile 200 \u2013 400 gram\/m\u00b2 olacak \u0219ekilde s\u00fcr\u00fclmelidir. Nemli y\u00fczeyler de TEKNOBOND 300 NB Astar kullan\u0131lmal\u0131d\u0131r. Metal y\u00fczeylerde ise kullan\u0131lacak astar TEKNOBOND 110 olmal\u0131d\u0131r. Astar sar\ufb01yat\u0131 betonun kalitesine, emicili\u011fine g\u00f6re de\u011fi\u0219kenlik g\u00f6sterir. Astar\u0131n tamamen k\u00fcr\u00fcn\u00fc almadan \u00f6nce mutlaka sertle\u0219ti\u011finden emin olunmal\u0131d\u0131r. \u00dczerine yap\u0131lacak su yal\u0131t\u0131m\u0131 i\u00e7in en az 4 saat, en fazla 48 saat beklenmelidir.<\/span><br style=\"outline: none; color: #000000; font-family: roboto, Verdana; font-size: 14px;\" \/><br style=\"outline: none; color: #000000; font-family: roboto, Verdana; font-size: 14px;\" \/><span style=\"color: #000000; font-family: roboto, Verdana; font-size: 14px;\">Teknomer 655, uygun ekipmanlar ile spreyleme y\u00f6ntemi ile \u00f6nceden astarlanm\u0131\u0219 olan y\u00fczeylere spreyleme \u0219eklinde uygulanabilir. \u00dcr\u00fcn\u00fcn UV dayan\u0131m\u0131 olmad\u0131\u011f\u0131 i\u00e7in uygulamadan sonra mutlaka Teknobond 650 P, \u0131s\u0131 yal\u0131t\u0131m levhalar\u0131, koruma levhalar\u0131, jeotekstil ke\u00e7e vb.. ile \u00fczeri kaplanmal\u0131d\u0131r.<\/span><br style=\"outline: none; color: #000000; font-family: roboto, Verdana; font-size: 14px;\" \/><br style=\"outline: none; color: #000000; font-family: roboto, Verdana; font-size: 14px;\" \/><span style=\"color: #000000; font-family: roboto, Verdana; font-size: 14px;\">Ekipmanlar\u0131n Temizli\u011fi: Uygulamadan hemen sonra, hen\u00fcz sertle\u0219meden, ekipmanlar TEKNO T\u0130NER ile temizlenmelidir. \u00dcr\u00fcn sertle\u0219tikten sonra mekanik y\u00f6ntemler ile temizlenmelidir.<\/span><br style=\"outline: none; color: #000000; font-family: roboto, Verdana; font-size: 14px;\" \/><br style=\"outline: none; color: #000000; font-family: roboto, Verdana; font-size: 14px;\" \/><strong style=\"outline: 0px; margin: 0px; padding: 0px; border: 0px; font-size: 14px; vertical-align: baseline; background: 0px 0px; color: #000000; font-family: roboto, Verdana;\">Uygulama Notlar\u0131 \/ S\u0131n\u0131rlamalar<\/strong><br style=\"outline: none; color: #000000; font-family: roboto, Verdana; font-size: 14px;\" \/><span style=\"color: #000000; font-family: roboto, Verdana; font-size: 14px;\">\u2022 Yabanc\u0131 malzemeler ilave edilmemelidir.<\/span><br style=\"outline: none; color: #000000; font-family: roboto, Verdana; font-size: 14px;\" \/><span style=\"color: #000000; font-family: roboto, Verdana; font-size: 14px;\">\u2022 Ya\u011fmur alt\u0131nda uygulanmamal\u0131d\u0131r.<\/span><br style=\"outline: none; color: #000000; font-family: roboto, Verdana; font-size: 14px;\" \/><span style=\"color: #000000; font-family: roboto, Verdana; font-size: 14px;\">\u2022 \u00dcr\u00fcn su ile seyreltilmemelidir.<\/span><br style=\"outline: none; color: #000000; font-family: roboto, Verdana; font-size: 14px;\" \/><span style=\"color: #000000; font-family: roboto, Verdana; font-size: 14px;\">\u2022 Yeni uygulanm\u0131\u0219 malzeme sertle\u0219mesini tamamlay\u0131ncaya kadar ya\u011fmur vb. hava ko\u0219ullar\u0131na kar\u0219\u0131 korunmal\u0131d\u0131r.<\/span><\/p>\t\t\t\t\t\t\t\t<\/div>\n\t\t\t\t<\/div>\n\t\t\t\t\t<\/div>\n\t\t<\/div>\n\t\t\t\t\t<\/div>\n\t\t<\/section>\n\t\t\t\t<\/div>\n\t\t","protected":false},"excerpt":{"rendered":"<p>Teknomer 655 Hibrit Polyurea Kaplama Teknik D\u00f6k\u00fcmanlar: \u00a0 \u00a0 \u00a0TDS Teknik Dok\u00fcman Sayfas\u0131\u00a0\u00a0\u00a0 \u00a0 \u00dcr\u00fcn Tan\u0131m\u0131Hibrit Polyurea esasl\u0131, iki komponentli, solventsiz, \u00e7atlak k\u00f6pr\u00fcleme \u00f6zelli\u011fine sahip, h\u0131zl\u0131 k\u00fcrlenen, kimyasal yap\u0131s\u0131 nedeniyle \u00e7ok h\u0131zl\u0131 k\u00fcrlendi\u011finden her t\u00fcrl\u00fc hava ko\u0219ullar\u0131nda uygulanabilen, su yal\u0131t\u0131m membran\u0131d\u0131r.Kullan\u0131m Alanlar\u0131\u2022 Teras, \u00e7at\u0131, balkon ve dere oluklar\u0131nda,\u2022 \u00c7i\u00e7eklik yal\u0131t\u0131m\u0131nda,\u2022 Temel ve perde su yal\u0131t\u0131m\u0131nda,\u2022 Betonarme ve sac levha \u00fcst\u00fcnde,\u2022 Hangarlar, y\u00fczme ve s\u00fcs havuzlar\u0131, otopark yal\u0131t\u0131m\u0131, yeralt\u0131 su tanklar\u0131 ve buna benzer bir \u00e7ok su yal\u0131t\u0131m\u0131 ve kaplama yap\u0131lmas\u0131 istenen yerlerde g\u00fcvenle kullan\u0131l\u0131r.\u2022 UV dayan\u0131m istenen yerlerde Teknobond 650 P ile kullan\u0131l\u0131r.\u00d6zellikleri ve Avantajlar\u0131\u2022 Y\u00fcksek \u00e7atlak k\u00f6pr\u00fcs\u00fc olu\u0219turma \u00f6zelli\u011fine sahiptir.\u2022 D\u00fc\u0219\u00fck s\u0131cakl\u0131klarda bile y\u00fcksek elastikiyetini korur.\u2022 Makine ile uygulan\u0131p, h\u0131zl\u0131 k\u00fcrlendi\u011finden dakikalar i\u00e7erisinde tra\ufb01\u011fe a\u00e7\u0131labilir.\u2022 M\u00fckemmel yap\u0131\u0219ma g\u00fcc\u00fc, kimyasal dayan\u0131m ve mekanik dayan\u0131m\u0131na sahiptir.\u2022 Tek par\u00e7a uyguland\u0131\u011f\u0131ndan ve y\u00fcksek esneklik kabileyetinden dolay\u0131 eksiz bir uygulamaya olanak sa\u011flay\u0131p, derzsiz bir kaplama yap\u0131lmas\u0131na olanak sa\u011flar.\u2022 Zor y\u00fczeylerde bile m\u00fckemmel aderans sa\u011flar.\u2022 [&hellip;]<\/p>\n","protected":false},"author":3,"featured_media":0,"parent":0,"menu_order":0,"comment_status":"closed","ping_status":"closed","template":"page-full.php","meta":{"_joinchat":[],"footnotes":""},"class_list":["post-16029","page","type-page","status-publish","hentry"],"_links":{"self":[{"href":"https:\/\/etkiinsaat.com.tr\/index.php?rest_route=\/wp\/v2\/pages\/16029","targetHints":{"allow":["GET"]}}],"collection":[{"href":"https:\/\/etkiinsaat.com.tr\/index.php?rest_route=\/wp\/v2\/pages"}],"about":[{"href":"https:\/\/etkiinsaat.com.tr\/index.php?rest_route=\/wp\/v2\/types\/page"}],"author":[{"embeddable":true,"href":"https:\/\/etkiinsaat.com.tr\/index.php?rest_route=\/wp\/v2\/users\/3"}],"replies":[{"embeddable":true,"href":"https:\/\/etkiinsaat.com.tr\/index.php?rest_route=%2Fwp%2Fv2%2Fcomments&post=16029"}],"version-history":[{"count":4,"href":"https:\/\/etkiinsaat.com.tr\/index.php?rest_route=\/wp\/v2\/pages\/16029\/revisions"}],"predecessor-version":[{"id":16033,"href":"https:\/\/etkiinsaat.com.tr\/index.php?rest_route=\/wp\/v2\/pages\/16029\/revisions\/16033"}],"wp:attachment":[{"href":"https:\/\/etkiinsaat.com.tr\/index.php?rest_route=%2Fwp%2Fv2%2Fmedia&parent=16029"}],"curies":[{"name":"wp","href":"https:\/\/api.w.org\/{rel}","templated":true}]}}