{"id":16070,"date":"2023-10-03T23:58:58","date_gmt":"2023-10-03T20:58:58","guid":{"rendered":"https:\/\/etkiinsaat.com.tr\/?page_id=16070"},"modified":"2023-10-03T23:59:45","modified_gmt":"2023-10-03T20:59:45","slug":"teknosil-su-itici-yalitim-malzemesi","status":"publish","type":"page","link":"https:\/\/etkiinsaat.com.tr\/?page_id=16070","title":{"rendered":"Teknosil Su \u0130tici Yal\u0131t\u0131m Malzemesi"},"content":{"rendered":"\t\t<div data-elementor-type=\"wp-page\" data-elementor-id=\"16070\" class=\"elementor elementor-16070\">\n\t\t\t\t\t\t<section class=\"elementor-section elementor-top-section elementor-element elementor-element-e7ded9a elementor-section-boxed elementor-section-height-default elementor-section-height-default\" data-id=\"e7ded9a\" data-element_type=\"section\" data-e-type=\"section\">\n\t\t\t\t\t\t<div class=\"elementor-container elementor-column-gap-default\">\n\t\t\t\t\t<div class=\"elementor-column elementor-col-33 elementor-top-column elementor-element elementor-element-824febf\" data-id=\"824febf\" data-element_type=\"column\" data-e-type=\"column\">\n\t\t\t<div class=\"elementor-widget-wrap elementor-element-populated\">\n\t\t\t\t\t\t<div class=\"elementor-element elementor-element-f394ab2 elementor-widget elementor-widget-heading\" data-id=\"f394ab2\" data-element_type=\"widget\" data-e-type=\"widget\" data-widget_type=\"heading.default\">\n\t\t\t\t<div class=\"elementor-widget-container\">\n\t\t\t\t\t<h2 class=\"elementor-heading-title elementor-size-default\">Teknosil Su \u0130tici Yal\u0131t\u0131m Malzemesi\n<\/h2>\t\t\t\t<\/div>\n\t\t\t\t<\/div>\n\t\t\t\t<div class=\"elementor-element elementor-element-a58d45a elementor-widget elementor-widget-image\" data-id=\"a58d45a\" data-element_type=\"widget\" data-e-type=\"widget\" data-widget_type=\"image.default\">\n\t\t\t\t<div class=\"elementor-widget-container\">\n\t\t\t\t\t\t\t\t\t\t\t\t\t\t\t<img fetchpriority=\"high\" decoding=\"async\" width=\"250\" height=\"250\" src=\"https:\/\/etkiinsaat.com.tr\/wp-content\/uploads\/2023\/10\/247.jpg\" class=\"attachment-full size-full wp-image-16066\" alt=\"\" srcset=\"https:\/\/etkiinsaat.com.tr\/wp-content\/uploads\/2023\/10\/247.jpg 250w, https:\/\/etkiinsaat.com.tr\/wp-content\/uploads\/2023\/10\/247-150x150.jpg 150w, https:\/\/etkiinsaat.com.tr\/wp-content\/uploads\/2023\/10\/247-201x201.jpg 201w, https:\/\/etkiinsaat.com.tr\/wp-content\/uploads\/2023\/10\/247-100x100.jpg 100w\" sizes=\"(max-width: 250px) 100vw, 250px\" \/>\t\t\t\t\t\t\t\t\t\t\t\t\t\t\t<\/div>\n\t\t\t\t<\/div>\n\t\t\t\t<div class=\"elementor-element elementor-element-e4d9936 elementor-widget elementor-widget-text-editor\" data-id=\"e4d9936\" data-element_type=\"widget\" data-e-type=\"widget\" data-widget_type=\"text-editor.default\">\n\t\t\t\t<div class=\"elementor-widget-container\">\n\t\t\t\t\t\t\t\t\t<div style=\"color: #1c1b1b;\"><span style=\"color: #444444; font-family: 'Open Sans', sans-serif;\"><span style=\"font-size: 14px;\"><span style=\"font-weight: bold;\">Teknik D\u00f6k\u00fcmanlar:<\/span><\/span><\/span><\/div><p><a href=\"https:\/\/tur.sika.com\/content\/dam\/dms\/tr01\/g\/sikaseal_crystalsg.pdf\"><span style=\"font-weight: bolder;\">\u00a0 \u00a0 \u00a0<img decoding=\"async\" src=\"http:\/\/etkiinsaat.com.tr\/wp-content\/uploads\/2023\/09\/pdf-300x300.png\" alt=\"\" width=\"31\" height=\"31\" \/><\/span><\/a><a title=\"TDS Teknik Dok\u00fcman Sayfas\u0131\" href=\"https:\/\/teknoyapi.com.tr\/documents\/TDS-teknosil.pdf\" target=\"_blank\" rel=\"noopener\"><span style=\"color: red; font-size: small;\"><span style=\"font-weight: bold;\">TDS Teknik Dok\u00fcman Sayfas\u0131<\/span><\/span>\u00a0<\/a>\u00a0\u00a0<\/p><p><a href=\"https:\/\/tur.sika.com\/content\/dam\/dms\/tr01\/g\/sikaseal_crystalsg.pdf\"><span style=\"font-weight: bolder;\">\u00a0 \u00a0 \u00a0<img decoding=\"async\" src=\"http:\/\/etkiinsaat.com.tr\/wp-content\/uploads\/2023\/09\/pdf-300x300.png\" alt=\"\" width=\"31\" height=\"31\" \/><\/span><\/a><a title=\"TDS Teknik Dok\u00fcman Sayfas\u0131\" href=\"https:\/\/teknoyapi.com.tr\/documents\/CE-1504-2.pdf\" target=\"_blank\" rel=\"noopener\"><span style=\"color: red; font-size: small;\"><span style=\"font-weight: bold;\">CE Belgesi<\/span><\/span><\/a><a title=\"TDS Teknik Dok\u00fcman Sayfas\u0131\" href=\"https:\/\/teknoyapi.com.tr\/documents\/TDS-teknolatex-100.pdf\" target=\"_blank\" rel=\"noopener\">\u00a0<\/a>\u00a0\u00a0<\/p>\t\t\t\t\t\t\t\t<\/div>\n\t\t\t\t<\/div>\n\t\t\t\t\t<\/div>\n\t\t<\/div>\n\t\t\t\t<div class=\"elementor-column elementor-col-66 elementor-top-column elementor-element elementor-element-23d2f8c\" data-id=\"23d2f8c\" data-element_type=\"column\" data-e-type=\"column\">\n\t\t\t<div class=\"elementor-widget-wrap elementor-element-populated\">\n\t\t\t\t\t\t<div class=\"elementor-element elementor-element-cdc3041 elementor-widget elementor-widget-image\" data-id=\"cdc3041\" data-element_type=\"widget\" data-e-type=\"widget\" data-widget_type=\"image.default\">\n\t\t\t\t<div class=\"elementor-widget-container\">\n\t\t\t\t\t\t\t\t\t\t\t\t\t\t\t<img decoding=\"async\" width=\"641\" height=\"252\" src=\"https:\/\/etkiinsaat.com.tr\/wp-content\/uploads\/2023\/10\/243.jpg\" class=\"attachment-full size-full wp-image-15955\" alt=\"\" srcset=\"https:\/\/etkiinsaat.com.tr\/wp-content\/uploads\/2023\/10\/243.jpg 641w, https:\/\/etkiinsaat.com.tr\/wp-content\/uploads\/2023\/10\/243-300x118.jpg 300w, https:\/\/etkiinsaat.com.tr\/wp-content\/uploads\/2023\/10\/243-303x119.jpg 303w, https:\/\/etkiinsaat.com.tr\/wp-content\/uploads\/2023\/10\/243-606x238.jpg 606w, https:\/\/etkiinsaat.com.tr\/wp-content\/uploads\/2023\/10\/243-530x208.jpg 530w, https:\/\/etkiinsaat.com.tr\/wp-content\/uploads\/2023\/10\/243-450x177.jpg 450w, https:\/\/etkiinsaat.com.tr\/wp-content\/uploads\/2023\/10\/243-500x197.jpg 500w, https:\/\/etkiinsaat.com.tr\/wp-content\/uploads\/2023\/10\/243-150x59.jpg 150w\" sizes=\"(max-width: 641px) 100vw, 641px\" \/>\t\t\t\t\t\t\t\t\t\t\t\t\t\t\t<\/div>\n\t\t\t\t<\/div>\n\t\t\t\t<div class=\"elementor-element elementor-element-6e7ad30 elementor-widget elementor-widget-text-editor\" data-id=\"6e7ad30\" data-element_type=\"widget\" data-e-type=\"widget\" data-widget_type=\"text-editor.default\">\n\t\t\t\t<div class=\"elementor-widget-container\">\n\t\t\t\t\t\t\t\t\t<p><strong style=\"outline: 0px; margin: 0px; padding: 0px; border: 0px; font-size: 14px; vertical-align: baseline; background: 0px 0px; color: #000000; font-family: roboto, Verdana;\">\u00dcr\u00fcn Tan\u0131m\u0131<\/strong><br style=\"outline: none; color: #000000; font-family: roboto, Verdana; font-size: 14px;\" \/><span style=\"color: #000000; font-family: roboto, Verdana; font-size: 14px;\">Siloksan esasl\u0131, yap\u0131 elemanlar\u0131n\u0131n y\u00fczeylerine emprenye edilerek su itici \u00f6zellik kazand\u0131ran, \u015feffaf malzemedir.<\/span><br style=\"outline: none; color: #000000; font-family: roboto, Verdana; font-size: 14px;\" \/><br style=\"outline: none; color: #000000; font-family: roboto, Verdana; font-size: 14px;\" \/><strong style=\"outline: 0px; margin: 0px; padding: 0px; border: 0px; font-size: 14px; vertical-align: baseline; background: 0px 0px; color: #000000; font-family: roboto, Verdana;\">Kullan\u0131m Alanlar\u0131<\/strong><br style=\"outline: none; color: #000000; font-family: roboto, Verdana; font-size: 14px;\" \/><span style=\"color: #000000; font-family: roboto, Verdana; font-size: 14px;\">\u2022 D\u0131\u015f cephe kaplamalar\u0131nda,<\/span><br style=\"outline: none; color: #000000; font-family: roboto, Verdana; font-size: 14px;\" \/><span style=\"color: #000000; font-family: roboto, Verdana; font-size: 14px;\">\u2022 D\u00fc\u015feyde y\u00fczeylerde,<\/span><br style=\"outline: none; color: #000000; font-family: roboto, Verdana; font-size: 14px;\" \/><span style=\"color: #000000; font-family: roboto, Verdana; font-size: 14px;\">\u2022 Beton, mermer, granit, kayrak ta\u015f\u0131 gibi az emici olan y\u00fczeylerde,<\/span><br style=\"outline: none; color: #000000; font-family: roboto, Verdana; font-size: 14px;\" \/><span style=\"color: #000000; font-family: roboto, Verdana; font-size: 14px;\">\u2022 Tu\u011fla, renkli briket, gaz beton, traverten, k\u00fcfeki ta\u015f\u0131 gibi emici olan y\u00fczeylerde,<\/span><br style=\"outline: none; color: #000000; font-family: roboto, Verdana; font-size: 14px;\" \/><span style=\"color: #000000; font-family: roboto, Verdana; font-size: 14px;\">\u2022 Tarihi eserlerin atmosferik etkilere kar\u015f\u0131 korunmas\u0131nda kullan\u0131l\u0131r.<\/span><br style=\"outline: none; color: #000000; font-family: roboto, Verdana; font-size: 14px;\" \/><br style=\"outline: none; color: #000000; font-family: roboto, Verdana; font-size: 14px;\" \/><strong style=\"outline: 0px; margin: 0px; padding: 0px; border: 0px; font-size: 14px; vertical-align: baseline; background: 0px 0px; color: #000000; font-family: roboto, Verdana;\">\u00d6zellikleri ve Avantajlar\u0131<\/strong><br style=\"outline: none; color: #000000; font-family: roboto, Verdana; font-size: 14px;\" \/><span style=\"color: #000000; font-family: roboto, Verdana; font-size: 14px;\">\u2022 Y\u00fcksek penetrasyon \u00f6zelli\u011fine sahip, renksiz, \u015feffaf emprenye malzemesidir.<\/span><br style=\"outline: none; color: #000000; font-family: roboto, Verdana; font-size: 14px;\" \/><span style=\"color: #000000; font-family: roboto, Verdana; font-size: 14px;\">\u2022 D\u0131\u015f cephe kaplamalar\u0131n\u0131n g\u00f6r\u00fcnt\u00fcs\u00fcn\u00fc de\u011fi\u015ftirmeden ve film tabakas\u0131 meydana getirmeden koruma sa\u011flar.<\/span><br style=\"outline: none; color: #000000; font-family: roboto, Verdana; font-size: 14px;\" \/><span style=\"color: #000000; font-family: roboto, Verdana; font-size: 14px;\">\u2022 Yap\u0131 elemanlar\u0131n\u0131n y\u00fczeylerini ge\u00e7irimsiz hale getirerek atmosferin yarataca\u011f\u0131 olumsuz etkileri azalt\u0131r.<\/span><br style=\"outline: none; color: #000000; font-family: roboto, Verdana; font-size: 14px;\" \/><span style=\"color: #000000; font-family: roboto, Verdana; font-size: 14px;\">\u2022 Alkalilere ve UV \u0131\u015f\u0131n\u0131na kar\u015f\u0131 diren\u00e7lidir.<\/span><br style=\"outline: none; color: #000000; font-family: roboto, Verdana; font-size: 14px;\" \/><span style=\"color: #000000; font-family: roboto, Verdana; font-size: 14px;\">\u2022 Buhar ge\u00e7irimlidir.<\/span><br style=\"outline: none; color: #000000; font-family: roboto, Verdana; font-size: 14px;\" \/><span style=\"color: #000000; font-family: roboto, Verdana; font-size: 14px;\">\u2022 Yap\u0131 elemanlar\u0131n\u0131n kuru kalmas\u0131n\u0131 sa\u011flayarak, \u0131s\u0131 kay\u0131plar\u0131n\u0131 ve \u0131s\u0131nma giderlerini azalt\u0131r.<\/span><br style=\"outline: none; color: #000000; font-family: roboto, Verdana; font-size: 14px;\" \/><span style=\"color: #000000; font-family: roboto, Verdana; font-size: 14px;\">\u2022 Solvent i\u00e7erir.<\/span><br style=\"outline: none; color: #000000; font-family: roboto, Verdana; font-size: 14px;\" \/><br style=\"outline: none; color: #000000; font-family: roboto, Verdana; font-size: 14px;\" \/><strong style=\"outline: 0px; margin: 0px; padding: 0px; border: 0px; font-size: 14px; vertical-align: baseline; background: 0px 0px; color: #000000; font-family: roboto, Verdana;\">Uygulama Talimatlar\u0131<\/strong><br style=\"outline: none; color: #000000; font-family: roboto, Verdana; font-size: 14px;\" \/><span style=\"color: #000000; font-family: roboto, Verdana; font-size: 14px;\">Y\u00fczeyler temiz, d\u00fczg\u00fcn, sa\u011flam, her t\u00fcrl\u00fc toz, ya\u011f, kir, pas, kal\u0131p ya\u011f\u0131, deterjan gibi benzeri yap\u0131\u015fmay\u0131 engelleyici maddelerden ve at\u0131klardan ar\u0131nd\u0131r\u0131lmal\u0131d\u0131r. Betonda ayr\u0131\u015fma (segregasyon) var ise bozuk ve gev\u015fek par\u00e7alar at\u0131lmal\u0131, zay\u0131f par\u00e7alar \u00e7\u0131kart\u0131lmal\u0131d\u0131r. Uygulama yap\u0131lacak zemin veya duvarda \u00e7atlak, oyuk var ise uygun TEKNOREP tamir har\u00e7lar\u0131 ile tamir edilmelidir. TEKNOS\u0130L uygulamas\u0131na 3 &#8211; 4 g\u00fcn sonra ge\u00e7ilmelidir. TEKNOS\u0130L uygulanacak y\u00fczey kuru olmal\u0131d\u0131r.<\/span><br style=\"outline: none; color: #000000; font-family: roboto, Verdana; font-size: 14px;\" \/><br style=\"outline: none; color: #000000; font-family: roboto, Verdana; font-size: 14px;\" \/><span style=\"color: #000000; font-family: roboto, Verdana; font-size: 14px;\">Kullan\u0131ma haz\u0131rd\u0131r, kesinlikle yabanc\u0131 madde ilave edilmemelidir.<\/span><br style=\"outline: none; color: #000000; font-family: roboto, Verdana; font-size: 14px;\" \/><br style=\"outline: none; color: #000000; font-family: roboto, Verdana; font-size: 14px;\" \/><span style=\"color: #000000; font-family: roboto, Verdana; font-size: 14px;\">\u0130lk kat uygulamalar\u0131nda maksimum penetrasyon i\u00e7in kuru y\u00fczeylere uygun rulo, f\u0131r\u00e7a veya p\u00fcsk\u00fcrtme makinesi ile uygulanmal\u0131d\u0131r. Yakla\u015f\u0131k 4 saat sonra ikinci kat uygulamaya ge\u00e7ilmelidir. Maksimum koruma sa\u011flamak i\u00e7in, \u00e7ok g\u00f6zenekli y\u00fczeylerde bir kat daha fazla uygulanmas\u0131 gerekli olabilir.<\/span><br style=\"outline: none; color: #000000; font-family: roboto, Verdana; font-size: 14px;\" \/><br style=\"outline: none; color: #000000; font-family: roboto, Verdana; font-size: 14px;\" \/><span style=\"color: #000000; font-family: roboto, Verdana; font-size: 14px;\">Uygulamadan sonra direk g\u00fcne\u015f \u0131\u015f\u0131\u011f\u0131, \u015fiddetli r\u00fczgar, y\u00fcksek hava s\u0131cakl\u0131\u011f\u0131 (+35\u00b0C \u00fczeri), ya\u011fmur ve don gibi olumsuz hava ko\u015fullar\u0131na kar\u015f\u0131 korunmal\u0131d\u0131r. \u00dcr\u00fcn tam k\u00fcr\u00fcn\u00fc al\u0131p sertle\u015fmeden, eller su ve deterjan ile temizlenmelidir.<\/span><br style=\"outline: none; color: #000000; font-family: roboto, Verdana; font-size: 14px;\" \/><span style=\"color: #000000; font-family: roboto, Verdana; font-size: 14px;\">Uygulamadan hemen sonra, hen\u00fcz sertle\u015fmeden, ekipmanlar TEKNO T\u0130NER ile temizlenmelidir. \u00dcr\u00fcn sertle\u015ftikten sonra mekanik y\u00f6ntemler ile temizlenmelidir.<\/span><br style=\"outline: none; color: #000000; font-family: roboto, Verdana; font-size: 14px;\" \/><br style=\"outline: none; color: #000000; font-family: roboto, Verdana; font-size: 14px;\" \/><strong style=\"outline: 0px; margin: 0px; padding: 0px; border: 0px; font-size: 14px; vertical-align: baseline; background: 0px 0px; color: #000000; font-family: roboto, Verdana;\">Uygulama Notlar\u0131 \/ S\u0131n\u0131rlamalar<\/strong><br style=\"outline: none; color: #000000; font-family: roboto, Verdana; font-size: 14px;\" \/><span style=\"color: #000000; font-family: roboto, Verdana; font-size: 14px;\">\u2022 \u0130\u015f g\u00fcvenlik \u00f6nlemlerine uyunuz. \u00dcr\u00fcn\u00fc kullan\u0131rken eldiven, maske, g\u00f6zl\u00fck kullan\u0131n\u0131z.<\/span><br style=\"outline: none; color: #000000; font-family: roboto, Verdana; font-size: 14px;\" \/><span style=\"color: #000000; font-family: roboto, Verdana; font-size: 14px;\">\u2022 Cilde ve g\u00f6ze temas ettirmeyiniz. Aksi halde doktora ba\u015fvurunuz.<\/span><br style=\"outline: none; color: #000000; font-family: roboto, Verdana; font-size: 14px;\" \/><span style=\"color: #000000; font-family: roboto, Verdana; font-size: 14px;\">\u2022 PVC ve metal y\u00fczeylere uygulamay\u0131n\u0131z.<\/span><br style=\"outline: none; color: #000000; font-family: roboto, Verdana; font-size: 14px;\" \/><span style=\"color: #000000; font-family: roboto, Verdana; font-size: 14px;\">\u2022 Kar\u0131\u015f\u0131m i\u00e7erisinde su veya yabanc\u0131 maddeler ilave etmeyiniz.<\/span><\/p>\t\t\t\t\t\t\t\t<\/div>\n\t\t\t\t<\/div>\n\t\t\t\t\t<\/div>\n\t\t<\/div>\n\t\t\t\t\t<\/div>\n\t\t<\/section>\n\t\t\t\t<\/div>\n\t\t","protected":false},"excerpt":{"rendered":"<p>Teknosil Su \u0130tici Yal\u0131t\u0131m Malzemesi Teknik D\u00f6k\u00fcmanlar: \u00a0 \u00a0 \u00a0TDS Teknik Dok\u00fcman Sayfas\u0131\u00a0\u00a0\u00a0 \u00a0 \u00a0 \u00a0CE Belgesi\u00a0\u00a0\u00a0 \u00dcr\u00fcn Tan\u0131m\u0131Siloksan esasl\u0131, yap\u0131 elemanlar\u0131n\u0131n y\u00fczeylerine emprenye edilerek su itici \u00f6zellik kazand\u0131ran, \u015feffaf malzemedir.Kullan\u0131m Alanlar\u0131\u2022 D\u0131\u015f cephe kaplamalar\u0131nda,\u2022 D\u00fc\u015feyde y\u00fczeylerde,\u2022 Beton, mermer, granit, kayrak ta\u015f\u0131 gibi az emici olan y\u00fczeylerde,\u2022 Tu\u011fla, renkli briket, gaz beton, traverten, k\u00fcfeki ta\u015f\u0131 gibi emici olan y\u00fczeylerde,\u2022 Tarihi eserlerin atmosferik etkilere kar\u015f\u0131 korunmas\u0131nda kullan\u0131l\u0131r.\u00d6zellikleri ve Avantajlar\u0131\u2022 Y\u00fcksek penetrasyon \u00f6zelli\u011fine sahip, renksiz, \u015feffaf emprenye malzemesidir.\u2022 D\u0131\u015f cephe kaplamalar\u0131n\u0131n g\u00f6r\u00fcnt\u00fcs\u00fcn\u00fc de\u011fi\u015ftirmeden ve film tabakas\u0131 meydana getirmeden koruma sa\u011flar.\u2022 Yap\u0131 elemanlar\u0131n\u0131n y\u00fczeylerini ge\u00e7irimsiz hale getirerek atmosferin yarataca\u011f\u0131 olumsuz etkileri azalt\u0131r.\u2022 Alkalilere ve UV \u0131\u015f\u0131n\u0131na kar\u015f\u0131 diren\u00e7lidir.\u2022 Buhar ge\u00e7irimlidir.\u2022 Yap\u0131 elemanlar\u0131n\u0131n kuru kalmas\u0131n\u0131 sa\u011flayarak, \u0131s\u0131 kay\u0131plar\u0131n\u0131 ve \u0131s\u0131nma giderlerini azalt\u0131r.\u2022 Solvent i\u00e7erir.Uygulama Talimatlar\u0131Y\u00fczeyler temiz, d\u00fczg\u00fcn, sa\u011flam, her t\u00fcrl\u00fc toz, ya\u011f, kir, pas, kal\u0131p ya\u011f\u0131, deterjan gibi benzeri yap\u0131\u015fmay\u0131 engelleyici maddelerden ve at\u0131klardan ar\u0131nd\u0131r\u0131lmal\u0131d\u0131r. Betonda ayr\u0131\u015fma (segregasyon) var ise bozuk ve gev\u015fek par\u00e7alar [&hellip;]<\/p>\n","protected":false},"author":3,"featured_media":0,"parent":0,"menu_order":0,"comment_status":"closed","ping_status":"closed","template":"page-full.php","meta":{"_joinchat":[],"footnotes":""},"class_list":["post-16070","page","type-page","status-publish","hentry"],"_links":{"self":[{"href":"https:\/\/etkiinsaat.com.tr\/index.php?rest_route=\/wp\/v2\/pages\/16070","targetHints":{"allow":["GET"]}}],"collection":[{"href":"https:\/\/etkiinsaat.com.tr\/index.php?rest_route=\/wp\/v2\/pages"}],"about":[{"href":"https:\/\/etkiinsaat.com.tr\/index.php?rest_route=\/wp\/v2\/types\/page"}],"author":[{"embeddable":true,"href":"https:\/\/etkiinsaat.com.tr\/index.php?rest_route=\/wp\/v2\/users\/3"}],"replies":[{"embeddable":true,"href":"https:\/\/etkiinsaat.com.tr\/index.php?rest_route=%2Fwp%2Fv2%2Fcomments&post=16070"}],"version-history":[{"count":4,"href":"https:\/\/etkiinsaat.com.tr\/index.php?rest_route=\/wp\/v2\/pages\/16070\/revisions"}],"predecessor-version":[{"id":16074,"href":"https:\/\/etkiinsaat.com.tr\/index.php?rest_route=\/wp\/v2\/pages\/16070\/revisions\/16074"}],"wp:attachment":[{"href":"https:\/\/etkiinsaat.com.tr\/index.php?rest_route=%2Fwp%2Fv2%2Fmedia&parent=16070"}],"curies":[{"name":"wp","href":"https:\/\/api.w.org\/{rel}","templated":true}]}}