{"id":16081,"date":"2023-10-04T00:01:37","date_gmt":"2023-10-03T21:01:37","guid":{"rendered":"https:\/\/etkiinsaat.com.tr\/?page_id=16081"},"modified":"2023-10-04T00:02:54","modified_gmt":"2023-10-03T21:02:54","slug":"teknomer-pah-bandi-120-70","status":"publish","type":"page","link":"https:\/\/etkiinsaat.com.tr\/?page_id=16081","title":{"rendered":"Teknomer Pah Band\u0131 120\/70"},"content":{"rendered":"\t\t<div data-elementor-type=\"wp-page\" data-elementor-id=\"16081\" class=\"elementor elementor-16081\">\n\t\t\t\t\t\t<section class=\"elementor-section elementor-top-section elementor-element elementor-element-4b94ba1 elementor-section-boxed elementor-section-height-default elementor-section-height-default\" data-id=\"4b94ba1\" data-element_type=\"section\" data-e-type=\"section\">\n\t\t\t\t\t\t<div class=\"elementor-container elementor-column-gap-default\">\n\t\t\t\t\t<div class=\"elementor-column elementor-col-33 elementor-top-column elementor-element elementor-element-c870dd3\" data-id=\"c870dd3\" data-element_type=\"column\" data-e-type=\"column\">\n\t\t\t<div class=\"elementor-widget-wrap elementor-element-populated\">\n\t\t\t\t\t\t<div class=\"elementor-element elementor-element-a0a55e4 elementor-widget elementor-widget-heading\" data-id=\"a0a55e4\" data-element_type=\"widget\" data-e-type=\"widget\" data-widget_type=\"heading.default\">\n\t\t\t\t<div class=\"elementor-widget-container\">\n\t\t\t\t\t<h2 class=\"elementor-heading-title elementor-size-default\">Teknomer Pah Band\u0131 120\/70\n<\/h2>\t\t\t\t<\/div>\n\t\t\t\t<\/div>\n\t\t\t\t<div class=\"elementor-element elementor-element-c401cd5 elementor-widget elementor-widget-image\" data-id=\"c401cd5\" data-element_type=\"widget\" data-e-type=\"widget\" data-widget_type=\"image.default\">\n\t\t\t\t<div class=\"elementor-widget-container\">\n\t\t\t\t\t\t\t\t\t\t\t\t\t\t\t<img fetchpriority=\"high\" decoding=\"async\" width=\"250\" height=\"250\" src=\"https:\/\/etkiinsaat.com.tr\/wp-content\/uploads\/2023\/10\/249.jpg\" class=\"attachment-full size-full wp-image-16083\" alt=\"\" srcset=\"https:\/\/etkiinsaat.com.tr\/wp-content\/uploads\/2023\/10\/249.jpg 250w, https:\/\/etkiinsaat.com.tr\/wp-content\/uploads\/2023\/10\/249-150x150.jpg 150w, https:\/\/etkiinsaat.com.tr\/wp-content\/uploads\/2023\/10\/249-201x201.jpg 201w, https:\/\/etkiinsaat.com.tr\/wp-content\/uploads\/2023\/10\/249-100x100.jpg 100w\" sizes=\"(max-width: 250px) 100vw, 250px\" \/>\t\t\t\t\t\t\t\t\t\t\t\t\t\t\t<\/div>\n\t\t\t\t<\/div>\n\t\t\t\t<div class=\"elementor-element elementor-element-e1da850 elementor-widget elementor-widget-text-editor\" data-id=\"e1da850\" data-element_type=\"widget\" data-e-type=\"widget\" data-widget_type=\"text-editor.default\">\n\t\t\t\t<div class=\"elementor-widget-container\">\n\t\t\t\t\t\t\t\t\t<div style=\"color: #1c1b1b;\"><span style=\"color: #444444; font-family: 'Open Sans', sans-serif;\"><span style=\"font-size: 14px;\"><span style=\"font-weight: bold;\">Teknik D\u00f6k\u00fcmanlar:<\/span><\/span><\/span><\/div><p><a href=\"https:\/\/tur.sika.com\/content\/dam\/dms\/tr01\/g\/sikaseal_crystalsg.pdf\"><span style=\"font-weight: bolder;\">\u00a0 \u00a0 \u00a0<img decoding=\"async\" src=\"http:\/\/etkiinsaat.com.tr\/wp-content\/uploads\/2023\/09\/pdf-300x300.png\" alt=\"\" width=\"31\" height=\"31\" \/><\/span><\/a><a title=\"TDS Teknik Dok\u00fcman Sayfas\u0131\" href=\"https:\/\/teknoyapi.com.tr\/documents\/TDS-teknomer-pah.pdf\" target=\"_blank\" rel=\"noopener\"><span style=\"color: red; font-size: small;\"><span style=\"font-weight: bold;\">TDS Teknik Dok\u00fcman Sayfas\u0131<\/span><\/span>\u00a0<\/a>\u00a0\u00a0<\/p>\t\t\t\t\t\t\t\t<\/div>\n\t\t\t\t<\/div>\n\t\t\t\t\t<\/div>\n\t\t<\/div>\n\t\t\t\t<div class=\"elementor-column elementor-col-66 elementor-top-column elementor-element elementor-element-eead759\" data-id=\"eead759\" data-element_type=\"column\" data-e-type=\"column\">\n\t\t\t<div class=\"elementor-widget-wrap elementor-element-populated\">\n\t\t\t\t\t\t<div class=\"elementor-element elementor-element-e35315d elementor-widget elementor-widget-image\" data-id=\"e35315d\" data-element_type=\"widget\" data-e-type=\"widget\" data-widget_type=\"image.default\">\n\t\t\t\t<div class=\"elementor-widget-container\">\n\t\t\t\t\t\t\t\t\t\t\t\t\t\t\t<img decoding=\"async\" width=\"641\" height=\"252\" src=\"https:\/\/etkiinsaat.com.tr\/wp-content\/uploads\/2023\/10\/243.jpg\" class=\"attachment-full size-full wp-image-15955\" alt=\"\" srcset=\"https:\/\/etkiinsaat.com.tr\/wp-content\/uploads\/2023\/10\/243.jpg 641w, https:\/\/etkiinsaat.com.tr\/wp-content\/uploads\/2023\/10\/243-300x118.jpg 300w, https:\/\/etkiinsaat.com.tr\/wp-content\/uploads\/2023\/10\/243-303x119.jpg 303w, https:\/\/etkiinsaat.com.tr\/wp-content\/uploads\/2023\/10\/243-606x238.jpg 606w, https:\/\/etkiinsaat.com.tr\/wp-content\/uploads\/2023\/10\/243-530x208.jpg 530w, https:\/\/etkiinsaat.com.tr\/wp-content\/uploads\/2023\/10\/243-450x177.jpg 450w, https:\/\/etkiinsaat.com.tr\/wp-content\/uploads\/2023\/10\/243-500x197.jpg 500w, https:\/\/etkiinsaat.com.tr\/wp-content\/uploads\/2023\/10\/243-150x59.jpg 150w\" sizes=\"(max-width: 641px) 100vw, 641px\" \/>\t\t\t\t\t\t\t\t\t\t\t\t\t\t\t<\/div>\n\t\t\t\t<\/div>\n\t\t\t\t<div class=\"elementor-element elementor-element-d6adabb elementor-widget elementor-widget-text-editor\" data-id=\"d6adabb\" data-element_type=\"widget\" data-e-type=\"widget\" data-widget_type=\"text-editor.default\">\n\t\t\t\t<div class=\"elementor-widget-container\">\n\t\t\t\t\t\t\t\t\t<p><strong style=\"outline: 0px; margin: 0px; padding: 0px; border: 0px; font-size: 14px; vertical-align: baseline; background: 0px 0px; color: #000000; font-family: roboto, Verdana;\">\u00dcr\u00fcn Tan\u0131m\u0131<\/strong><br style=\"outline: none; color: #000000; font-family: roboto, Verdana; font-size: 14px;\" \/><span style=\"color: #000000; font-family: roboto, Verdana; font-size: 14px;\">Elastik, termoplastik elastomer (TPE) esasl\u0131, polyester file ta\u015f\u0131y\u0131c\u0131l\u0131, yap\u0131 derzlerinin yal\u0131t\u0131m\u0131nda kullan\u0131lan, 120\/70 mm geni\u015fli\u011finde, elastik derz yal\u0131t\u0131m band\u0131d\u0131r.<\/span><br style=\"outline: none; color: #000000; font-family: roboto, Verdana; font-size: 14px;\" \/><br style=\"outline: none; color: #000000; font-family: roboto, Verdana; font-size: 14px;\" \/><strong style=\"outline: 0px; margin: 0px; padding: 0px; border: 0px; font-size: 14px; vertical-align: baseline; background: 0px 0px; color: #000000; font-family: roboto, Verdana;\">Kullan\u0131m Alanlar\u0131<\/strong><br style=\"outline: none; color: #000000; font-family: roboto, Verdana; font-size: 14px;\" \/><span style=\"color: #000000; font-family: roboto, Verdana; font-size: 14px;\">\u2022 \u0130\u00e7 mekanlarda fayans ve seramiklerin alt\u0131nda,<\/span><br style=\"outline: none; color: #000000; font-family: roboto, Verdana; font-size: 14px;\" \/><span style=\"color: #000000; font-family: roboto, Verdana; font-size: 14px;\">\u2022 Havuz, su deposu, banyo, WC gibi \u0131slak ortamlarda fayans, seramik ve su yal\u0131t\u0131m\u0131 uygulamalar\u0131ndan \u00f6nce,<\/span><br style=\"outline: none; color: #000000; font-family: roboto, Verdana; font-size: 14px;\" \/><span style=\"color: #000000; font-family: roboto, Verdana; font-size: 14px;\">\u2022 Su deposu, havuz gibi boru giri\u015f-\u00e7\u0131k\u0131\u015f uygulama detaylar\u0131nda,<\/span><br style=\"outline: none; color: #000000; font-family: roboto, Verdana; font-size: 14px;\" \/><span style=\"color: #000000; font-family: roboto, Verdana; font-size: 14px;\">\u2022 lslak hacimler, balkon, teraslarda s\u00fcrme esasl\u0131 su yal\u0131t\u0131m malzemelerinin katlar\u0131 aras\u0131nda,<\/span><br style=\"outline: none; color: #000000; font-family: roboto, Verdana; font-size: 14px;\" \/><span style=\"color: #000000; font-family: roboto, Verdana; font-size: 14px;\">\u2022 Seramik yap\u0131\u015ft\u0131r\u0131c\u0131lar\u0131n\u0131n katlar\u0131 aras\u0131nda,<\/span><br style=\"outline: none; color: #000000; font-family: roboto, Verdana; font-size: 14px;\" \/><span style=\"color: #000000; font-family: roboto, Verdana; font-size: 14px;\">\u2022 D\u00f6\u015femelerde ve perdelerde olu\u015fan dinamik (hareketli) \u00e7atlaklar\u0131n ve so\u011fuk derzlerin yal\u0131t\u0131lmas\u0131nda kullan\u0131l\u0131r.<\/span><br style=\"outline: none; color: #000000; font-family: roboto, Verdana; font-size: 14px;\" \/><br style=\"outline: none; color: #000000; font-family: roboto, Verdana; font-size: 14px;\" \/><strong style=\"outline: 0px; margin: 0px; padding: 0px; border: 0px; font-size: 14px; vertical-align: baseline; background: 0px 0px; color: #000000; font-family: roboto, Verdana;\">\u00d6zellikleri ve Avantajlar\u0131<\/strong><br style=\"outline: none; color: #000000; font-family: roboto, Verdana; font-size: 14px;\" \/><span style=\"color: #000000; font-family: roboto, Verdana; font-size: 14px;\">\u2022 S\u00fcrme esasl\u0131 su yal\u0131t\u0131m malzemeleri ile birlikte kullan\u0131larak donat\u0131 takviyesi sa\u011flar.<\/span><br style=\"outline: none; color: #000000; font-family: roboto, Verdana; font-size: 14px;\" \/><span style=\"color: #000000; font-family: roboto, Verdana; font-size: 14px;\">\u2022 Kolayca kesilir ve kaynakla yap\u0131\u015ft\u0131r\u0131larak her t\u00fcrl\u00fc su yal\u0131t\u0131m\u0131 detay\u0131nda kolayl\u0131kla uygulan\u0131r.<\/span><br style=\"outline: none; color: #000000; font-family: roboto, Verdana; font-size: 14px;\" \/><span style=\"color: #000000; font-family: roboto, Verdana; font-size: 14px;\">\u2022 Beton d\u00f6k\u00fclmeden \u00f6nce planlanan yere yerle\u015ftirilir ve beton sertle\u015ftikten sonra i\u00e7erisinde kalarak su yal\u0131t\u0131m\u0131 sa\u011flar.<\/span><br style=\"outline: none; color: #000000; font-family: roboto, Verdana; font-size: 14px;\" \/><span style=\"color: #000000; font-family: roboto, Verdana; font-size: 14px;\">\u2022 Y\u0131rt\u0131lmaz, darbelere ve e\u011filmelere kar\u015f\u0131 mukavemet g\u00f6sterir.<\/span><br style=\"outline: none; color: #000000; font-family: roboto, Verdana; font-size: 14px;\" \/><span style=\"color: #000000; font-family: roboto, Verdana; font-size: 14px;\">\u2022 Bir\u00e7ok kimyasal maddeye kar\u015f\u0131 dayan\u0131kl\u0131d\u0131r.<\/span><br style=\"outline: none; color: #000000; font-family: roboto, Verdana; font-size: 14px;\" \/><span style=\"color: #000000; font-family: roboto, Verdana; font-size: 14px;\">\u2022 Ekonomiktir.<\/span><br style=\"outline: none; color: #000000; font-family: roboto, Verdana; font-size: 14px;\" \/><br style=\"outline: none; color: #000000; font-family: roboto, Verdana; font-size: 14px;\" \/><strong style=\"outline: 0px; margin: 0px; padding: 0px; border: 0px; font-size: 14px; vertical-align: baseline; background: 0px 0px; color: #000000; font-family: roboto, Verdana;\">Uygulama Talimatlar\u0131<\/strong><br style=\"outline: none; color: #000000; font-family: roboto, Verdana; font-size: 14px;\" \/><span style=\"color: #000000; font-family: roboto, Verdana; font-size: 14px;\">Y\u00fczey Haz\u0131rl\u0131\u011f\u0131: Uygulama y\u00fczeyi toz, ya\u011f, boya, silikon, k\u00fcr malzemesi, deterjan gibi yap\u0131\u015fmay\u0131 \u00f6nleyici her t\u00fcrl\u00fc maddelerden temizlenmi\u015f olmal\u0131d\u0131r.<\/span><br style=\"outline: none; color: #000000; font-family: roboto, Verdana; font-size: 14px;\" \/><br style=\"outline: none; color: #000000; font-family: roboto, Verdana; font-size: 14px;\" \/><strong style=\"outline: 0px; margin: 0px; padding: 0px; border: 0px; font-size: 14px; vertical-align: baseline; background: 0px 0px; color: #000000; font-family: roboto, Verdana;\">Uygulama Notlar\u0131 \/ S\u0131n\u0131rlamalar<\/strong><br style=\"outline: none; color: #000000; font-family: roboto, Verdana; font-size: 14px;\" \/><span style=\"color: #000000; font-family: roboto, Verdana; font-size: 14px;\">\u2022 Uygulama yap\u0131lacak yere ve ortam \u015fartlar\u0131na uygun su yal\u0131t\u0131m malzemesi se\u00e7ilmelidir. Su yal\u0131t\u0131m malzemesi s\u00fcr\u00fclmeden \u00f6nce TEKNOMER Pah Band\u0131 uygulama yap\u0131lacak yere g\u00f6re \u00f6l\u00e7\u00fcs\u00fc al\u0131narak kesilir ve uygulamaya haz\u0131r \u015fekilde saklan\u0131r.<\/span><br style=\"outline: none; color: #000000; font-family: roboto, Verdana; font-size: 14px;\" \/><span style=\"color: #000000; font-family: roboto, Verdana; font-size: 14px;\">\u2022 S\u00fcrme esasl\u0131 su yal\u0131t\u0131m malzemesinin ilk kat\u0131 s\u00fcr\u00fcld\u00fckten sonra TEKNOMER Pah Band\u0131 so\u011fuk derz, k\u00f6\u015fe ve yatay-dikey birle\u015fim yerleri ve dinamik \u00e7atlaklar\u0131n \u00fczerine serilir. Pah band\u0131n\u0131n su yal\u0131t\u0131m malzemesinin i\u00e7erisine g\u00f6m\u00fclmesi i\u00e7in yal\u0131t\u0131m\u0131n ilk kat\u0131 biraz fazla s\u00fcr\u00fclmelidir.<\/span><br style=\"outline: none; color: #000000; font-family: roboto, Verdana; font-size: 14px;\" \/><span style=\"color: #000000; font-family: roboto, Verdana; font-size: 14px;\">\u2022 Pah bantlar\u0131 seramik, granit-seramik yap\u0131\u015ft\u0131r\u0131c\u0131lar\u0131, akrilik yap\u0131\u015ft\u0131r\u0131c\u0131lar ile de beton y\u00fczeye uygulanabilir. Pah band\u0131n\u0131n birle\u015fim u\u00e7lar\u0131 kaynak havyas\u0131 ile PVC yumu\u015fayana kadar \u0131s\u0131t\u0131l\u0131r ve daha sonra \u00fcst \u00fcste min. 10 cm gelecek \u015fekilde bast\u0131r\u0131larak birbirine yap\u0131\u015fmas\u0131 sa\u011flan\u0131r.<\/span><br style=\"outline: none; color: #000000; font-family: roboto, Verdana; font-size: 14px;\" \/><span style=\"color: #000000; font-family: roboto, Verdana; font-size: 14px;\">\u2022 Bu \u015fekilde s\u00fcrekli ve kesintisiz bir yal\u0131t\u0131m sa\u011flan\u0131r. Sonras\u0131nda TEKNOMER Pah Band\u0131 &#8216;n\u0131n \u00fczerine ikinci kat su yal\u0131t\u0131m malzemesi s\u00fcr\u00fclerek \u00fczeri tamamen \u00f6rt\u00fclmeli ve yal\u0131t\u0131m sonland\u0131r\u0131lmal\u0131d\u0131r.<\/span><br style=\"outline: none; color: #000000; font-family: roboto, Verdana; font-size: 14px;\" \/><span style=\"color: #000000; font-family: roboto, Verdana; font-size: 14px;\">\u2022 Uygulama sonras\u0131nda pah band\u0131n\u0131n \u00fczerinin tamamen \u00f6rt\u00fcld\u00fc\u011f\u00fcnden emin olunuz. Alevle yakla\u015fmay\u0131n\u0131z. \u00dcr\u00fcne yang\u0131n\u0131n s\u0131\u00e7ramas\u0131 halinde su jeti ile y\u0131kay\u0131n\u0131z ve k\u00f6p\u00fck uygulamas\u0131 yaparak yang\u0131n\u0131 s\u00f6nd\u00fcr\u00fcn\u00fcz. S\u0131cakl\u0131\u011f\u0131n y\u00fcksek oldu\u011fu ortamlarda tavsiye edilmez.<\/span><br style=\"outline: none; color: #000000; font-family: roboto, Verdana; font-size: 14px;\" \/><span style=\"color: #000000; font-family: roboto, Verdana; font-size: 14px;\">\u2022 Uygulamadan sonra direk g\u00fcne\u015f \u0131\u015f\u0131\u011f\u0131, \u015fiddetli r\u00fczgar, y\u00fcksek hava s\u0131cakl\u0131\u011f\u0131 (+35\u00b0C \u00fczeri), ya\u011fmur ve don gibi olumsuz hava ko\u015fullar\u0131na kar\u015f\u0131 korunmal\u0131d\u0131r. \u00dcr\u00fcn tam k\u00fcr\u00fcn\u00fc al\u0131p sertle\u015fmeden, eller su ve deterjan ile temizlenmelidir.<\/span><\/p>\t\t\t\t\t\t\t\t<\/div>\n\t\t\t\t<\/div>\n\t\t\t\t\t<\/div>\n\t\t<\/div>\n\t\t\t\t\t<\/div>\n\t\t<\/section>\n\t\t\t\t<\/div>\n\t\t","protected":false},"excerpt":{"rendered":"<p>Teknomer Pah Band\u0131 120\/70 Teknik D\u00f6k\u00fcmanlar: \u00a0 \u00a0 \u00a0TDS Teknik Dok\u00fcman Sayfas\u0131\u00a0\u00a0\u00a0 \u00dcr\u00fcn Tan\u0131m\u0131Elastik, termoplastik elastomer (TPE) esasl\u0131, polyester file ta\u015f\u0131y\u0131c\u0131l\u0131, yap\u0131 derzlerinin yal\u0131t\u0131m\u0131nda kullan\u0131lan, 120\/70 mm geni\u015fli\u011finde, elastik derz yal\u0131t\u0131m band\u0131d\u0131r.Kullan\u0131m Alanlar\u0131\u2022 \u0130\u00e7 mekanlarda fayans ve seramiklerin alt\u0131nda,\u2022 Havuz, su deposu, banyo, WC gibi \u0131slak ortamlarda fayans, seramik ve su yal\u0131t\u0131m\u0131 uygulamalar\u0131ndan \u00f6nce,\u2022 Su deposu, havuz gibi boru giri\u015f-\u00e7\u0131k\u0131\u015f uygulama detaylar\u0131nda,\u2022 lslak hacimler, balkon, teraslarda s\u00fcrme esasl\u0131 su yal\u0131t\u0131m malzemelerinin katlar\u0131 aras\u0131nda,\u2022 Seramik yap\u0131\u015ft\u0131r\u0131c\u0131lar\u0131n\u0131n katlar\u0131 aras\u0131nda,\u2022 D\u00f6\u015femelerde ve perdelerde olu\u015fan dinamik (hareketli) \u00e7atlaklar\u0131n ve so\u011fuk derzlerin yal\u0131t\u0131lmas\u0131nda kullan\u0131l\u0131r.\u00d6zellikleri ve Avantajlar\u0131\u2022 S\u00fcrme esasl\u0131 su yal\u0131t\u0131m malzemeleri ile birlikte kullan\u0131larak donat\u0131 takviyesi sa\u011flar.\u2022 Kolayca kesilir ve kaynakla yap\u0131\u015ft\u0131r\u0131larak her t\u00fcrl\u00fc su yal\u0131t\u0131m\u0131 detay\u0131nda kolayl\u0131kla uygulan\u0131r.\u2022 Beton d\u00f6k\u00fclmeden \u00f6nce planlanan yere yerle\u015ftirilir ve beton sertle\u015ftikten sonra i\u00e7erisinde kalarak su yal\u0131t\u0131m\u0131 sa\u011flar.\u2022 Y\u0131rt\u0131lmaz, darbelere ve e\u011filmelere kar\u015f\u0131 mukavemet g\u00f6sterir.\u2022 Bir\u00e7ok kimyasal maddeye kar\u015f\u0131 dayan\u0131kl\u0131d\u0131r.\u2022 Ekonomiktir.Uygulama Talimatlar\u0131Y\u00fczey Haz\u0131rl\u0131\u011f\u0131: Uygulama y\u00fczeyi toz, ya\u011f, boya, silikon, [&hellip;]<\/p>\n","protected":false},"author":3,"featured_media":0,"parent":0,"menu_order":0,"comment_status":"closed","ping_status":"closed","template":"page-full.php","meta":{"_joinchat":[],"footnotes":""},"class_list":["post-16081","page","type-page","status-publish","hentry"],"_links":{"self":[{"href":"https:\/\/etkiinsaat.com.tr\/index.php?rest_route=\/wp\/v2\/pages\/16081","targetHints":{"allow":["GET"]}}],"collection":[{"href":"https:\/\/etkiinsaat.com.tr\/index.php?rest_route=\/wp\/v2\/pages"}],"about":[{"href":"https:\/\/etkiinsaat.com.tr\/index.php?rest_route=\/wp\/v2\/types\/page"}],"author":[{"embeddable":true,"href":"https:\/\/etkiinsaat.com.tr\/index.php?rest_route=\/wp\/v2\/users\/3"}],"replies":[{"embeddable":true,"href":"https:\/\/etkiinsaat.com.tr\/index.php?rest_route=%2Fwp%2Fv2%2Fcomments&post=16081"}],"version-history":[{"count":4,"href":"https:\/\/etkiinsaat.com.tr\/index.php?rest_route=\/wp\/v2\/pages\/16081\/revisions"}],"predecessor-version":[{"id":16086,"href":"https:\/\/etkiinsaat.com.tr\/index.php?rest_route=\/wp\/v2\/pages\/16081\/revisions\/16086"}],"wp:attachment":[{"href":"https:\/\/etkiinsaat.com.tr\/index.php?rest_route=%2Fwp%2Fv2%2Fmedia&parent=16081"}],"curies":[{"name":"wp","href":"https:\/\/api.w.org\/{rel}","templated":true}]}}